{"id":7727,"date":"2021-07-07T20:26:01","date_gmt":"2021-07-07T20:26:01","guid":{"rendered":"http:\/\/techmastermx.ddns.net\/?post_type=product&#038;p=7727"},"modified":"2021-12-28T21:41:37","modified_gmt":"2021-12-28T21:41:37","slug":"software-vifox-evo","status":"publish","type":"product","link":"https:\/\/techmasterdemexico.com\/en\/producto\/software-vifox-evo\/","title":{"rendered":"Software ViFox EVO"},"content":{"rendered":"<p>VIFOX EVO<\/p>\n<p>Generaci\u00f3n de informes precisos y r\u00e1pidos para tareas especializadas<\/p>\n<p>ViFox EVO, que est\u00e1 disponible en tres versiones b\u00e1sicas espec\u00edficas para tareas, puede pasar de ser una aplicaci\u00f3n intuitiva de medici\u00f3n y captura de im\u00e1genes a un conjunto de herramientas potentes que est\u00e9n espec\u00edficamente calibradas para su entorno particular. No es necesario que gaste dinero en funciones que no necesita. Simplemente elija el paquete inicial que mejor se adapte a sus necesidades y a\u00f1ada m\u00f3dulos especializados para crear una aplicaci\u00f3n que est\u00e9 preparada detalladamente para su entorno espec\u00edfico.<\/p>\n<p>Elija una de estas&#8230;<\/p>\n<p>Comience con la aplicaci\u00f3n Basic para captura y medici\u00f3n de im\u00e1genes, la aplicaci\u00f3n DOC para captura de im\u00e1genes, medici\u00f3n y generaci\u00f3n de informes o la versi\u00f3n PRO para captura de im\u00e1genes, medici\u00f3n, generaci\u00f3n de informes, apilado de enfoque para control de la profundidad del campo y uni\u00f3n de x-y para im\u00e1genes panor\u00e1micas.<\/p>\n<p>&#8230;agregue una de estas<\/p>\n<p>Independientemente de la versi\u00f3n de ViFox EVO que elija, hay una gama enorme de m\u00f3dulos que puede agregar para crear una aplicaci\u00f3n personalizada que sea exactamente la correcta para usted. Hay m\u00f3dulos especializados disponibles para trabajar con secciones met\u00e1licas, cordones de soldadura, fases, poros y tama\u00f1os de vetas, y rango din\u00e1mico alto.<\/p>\n<p>Vea todo<\/p>\n<p>ViFox EVO usa un proceso llamado &#8220;apilado de enfoque&#8221; para superar los desaf\u00edos que presenta la profundidad de enfoque. Funciona mediante la construcci\u00f3n de capas de im\u00e1genes que luego se combinan para mostrar el objeto entero con un enfoque n\u00edtido (algo que de otra forma ser\u00eda imposible, especialmente con aumentos superiores). ViFox EVO tambi\u00e9n puede unir im\u00e1genes lado a lado en todos los aumentos, para tener un nivel mayor de detalle en la imagen final.<\/p>\n<p>Automatice sus informes<\/p>\n<p>ViFox EVO ahorra tiempo y esfuerzo al completar autom\u00e1ticamente los campos de documentos de varias p\u00e1ginas, insertar im\u00e1genes, detalles de medici\u00f3n, una p\u00e1gina de portada y numeraci\u00f3n de p\u00e1gina para informes coherentes con un aspecto profesional.<\/p>\n<p>Funciones especiales con EVO Cam II<\/p>\n<p>En combinaci\u00f3n con el EVO Cam II, ViFox EVO agrega la capacidad de guardar y recordar los ajustes de zoom, enfoque, iluminaci\u00f3n y calibraci\u00f3n, lo cual hace que cambiar entre objetos para flujos de trabajo r\u00e1pidos y facilidad de uso sea sencillo y r\u00e1pido. Los controles remotos suman conveniencia y seguridad en entornos peligrosos. Un campo de visi\u00f3n extra amplio hace que sea f\u00e1cil trabajar con objetos grandes, y puede medir con un aumento de hasta 300x.<\/p>\n<p>Compatibilidad<\/p>\n<p>ViFox EVO funciona con EVO Cam II, Mantis Elite Cam HD, Lynx EVO SmartCam, Lynx EVO SmartCam5, SX Cam y DRV-Z1 (necesita adaptador).<\/p>\n<p>&nbsp;<\/p>\n","protected":false},"excerpt":{"rendered":"<p>VIFOX EVO Generaci\u00f3n de informes precisos y r\u00e1pidos para tareas especializadas ViFox EVO, que est\u00e1 disponible en tres versiones b\u00e1sicas espec\u00edficas para tareas, puede pasar de ser una aplicaci\u00f3n intuitiva de medici\u00f3n y captura de im\u00e1genes a un conjunto de herramientas potentes que est\u00e9n espec\u00edficamente calibradas para su entorno particular. No es necesario que gaste [&hellip;]<\/p>\n","protected":false},"featured_media":7728,"template":"","meta":{"_acf_changed":false},"pwb-brand":[83],"product_brand":[],"product_cat":[366,89,52],"product_tag":[],"class_list":{"0":"post-7727","1":"product","2":"type-product","3":"status-publish","4":"has-post-thumbnail","6":"pwb-brand-vision-engineering","7":"product_cat-todos-los-productos","8":"product_cat-software-vision-engineering","9":"product_cat-vision-engineering","11":"first","12":"instock","13":"taxable","14":"shipping-taxable","15":"product-type-simple"},"acf":[],"yoast_head":"<!-- This site is optimized with the Yoast SEO plugin v27.4 - https:\/\/yoast.com\/product\/yoast-seo-wordpress\/ -->\n<title>Software ViFox EVO - Techmaster de Mexico<\/title>\n<meta name=\"robots\" content=\"index, follow, max-snippet:-1, max-image-preview:large, max-video-preview:-1\" \/>\n<link rel=\"canonical\" href=\"https:\/\/techmasterdemexico.com\/producto\/software-vifox-evo\/\" \/>\n<meta property=\"og:locale\" content=\"en_US\" \/>\n<meta property=\"og:type\" content=\"article\" \/>\n<meta property=\"og:title\" content=\"Software ViFox EVO - Techmaster de Mexico\" \/>\n<meta property=\"og:description\" content=\"VIFOX EVO Generaci\u00f3n de informes precisos y r\u00e1pidos para tareas especializadas ViFox EVO, que est\u00e1 disponible en tres versiones b\u00e1sicas espec\u00edficas para tareas, puede pasar de ser una aplicaci\u00f3n intuitiva de medici\u00f3n y captura de im\u00e1genes a un conjunto de herramientas potentes que est\u00e9n espec\u00edficamente calibradas para su entorno particular. No es necesario que gaste [&hellip;]\" \/>\n<meta property=\"og:url\" content=\"https:\/\/techmasterdemexico.com\/producto\/software-vifox-evo\/\" \/>\n<meta property=\"og:site_name\" content=\"Techmaster de Mexico\" \/>\n<meta property=\"article:modified_time\" content=\"2021-12-28T21:41:37+00:00\" \/>\n<meta property=\"og:image\" content=\"https:\/\/techmasterdemexico.com\/wp-content\/uploads\/2021\/07\/1604-vision-796C-507_507.jpg\" \/>\n\t<meta property=\"og:image:width\" content=\"507\" \/>\n\t<meta property=\"og:image:height\" content=\"480\" \/>\n\t<meta property=\"og:image:type\" content=\"image\/jpeg\" \/>\n<meta name=\"twitter:card\" content=\"summary_large_image\" \/>\n<meta name=\"twitter:label1\" content=\"Est. reading time\" \/>\n\t<meta name=\"twitter:data1\" content=\"2 minutes\" \/>\n<script type=\"application\/ld+json\" class=\"yoast-schema-graph\">{\"@context\":\"https:\\\/\\\/schema.org\",\"@graph\":[{\"@type\":\"WebPage\",\"@id\":\"https:\\\/\\\/techmasterdemexico.com\\\/producto\\\/software-vifox-evo\\\/\",\"url\":\"https:\\\/\\\/techmasterdemexico.com\\\/producto\\\/software-vifox-evo\\\/\",\"name\":\"Software ViFox EVO - Techmaster de Mexico\",\"isPartOf\":{\"@id\":\"https:\\\/\\\/techmasterdemexico.com\\\/#website\"},\"primaryImageOfPage\":{\"@id\":\"https:\\\/\\\/techmasterdemexico.com\\\/producto\\\/software-vifox-evo\\\/#primaryimage\"},\"image\":{\"@id\":\"https:\\\/\\\/techmasterdemexico.com\\\/producto\\\/software-vifox-evo\\\/#primaryimage\"},\"thumbnailUrl\":\"https:\\\/\\\/techmasterdemexico.com\\\/wp-content\\\/uploads\\\/2021\\\/07\\\/1604-vision-796C-507_507.jpg\",\"datePublished\":\"2021-07-07T20:26:01+00:00\",\"dateModified\":\"2021-12-28T21:41:37+00:00\",\"breadcrumb\":{\"@id\":\"https:\\\/\\\/techmasterdemexico.com\\\/producto\\\/software-vifox-evo\\\/#breadcrumb\"},\"inLanguage\":\"en-US\",\"potentialAction\":[{\"@type\":\"ReadAction\",\"target\":[\"https:\\\/\\\/techmasterdemexico.com\\\/producto\\\/software-vifox-evo\\\/\"]}]},{\"@type\":\"ImageObject\",\"inLanguage\":\"en-US\",\"@id\":\"https:\\\/\\\/techmasterdemexico.com\\\/producto\\\/software-vifox-evo\\\/#primaryimage\",\"url\":\"https:\\\/\\\/techmasterdemexico.com\\\/wp-content\\\/uploads\\\/2021\\\/07\\\/1604-vision-796C-507_507.jpg\",\"contentUrl\":\"https:\\\/\\\/techmasterdemexico.com\\\/wp-content\\\/uploads\\\/2021\\\/07\\\/1604-vision-796C-507_507.jpg\",\"width\":507,\"height\":480},{\"@type\":\"BreadcrumbList\",\"@id\":\"https:\\\/\\\/techmasterdemexico.com\\\/producto\\\/software-vifox-evo\\\/#breadcrumb\",\"itemListElement\":[{\"@type\":\"ListItem\",\"position\":1,\"name\":\"Portada\",\"item\":\"https:\\\/\\\/techmasterdemexico.com\\\/\"},{\"@type\":\"ListItem\",\"position\":2,\"name\":\"Software ViFox EVO\"}]},{\"@type\":\"WebSite\",\"@id\":\"https:\\\/\\\/techmasterdemexico.com\\\/#website\",\"url\":\"https:\\\/\\\/techmasterdemexico.com\\\/\",\"name\":\"Techmaster de Mexico\",\"description\":\"\",\"potentialAction\":[{\"@type\":\"SearchAction\",\"target\":{\"@type\":\"EntryPoint\",\"urlTemplate\":\"https:\\\/\\\/techmasterdemexico.com\\\/?s={search_term_string}\"},\"query-input\":{\"@type\":\"PropertyValueSpecification\",\"valueRequired\":true,\"valueName\":\"search_term_string\"}}],\"inLanguage\":\"en-US\"}]}<\/script>\n<!-- \/ Yoast SEO plugin. -->","yoast_head_json":{"title":"Software ViFox EVO - Techmaster de Mexico","robots":{"index":"index","follow":"follow","max-snippet":"max-snippet:-1","max-image-preview":"max-image-preview:large","max-video-preview":"max-video-preview:-1"},"canonical":"https:\/\/techmasterdemexico.com\/producto\/software-vifox-evo\/","og_locale":"en_US","og_type":"article","og_title":"Software ViFox EVO - Techmaster de Mexico","og_description":"VIFOX EVO Generaci\u00f3n de informes precisos y r\u00e1pidos para tareas especializadas ViFox EVO, que est\u00e1 disponible en tres versiones b\u00e1sicas espec\u00edficas para tareas, puede pasar de ser una aplicaci\u00f3n intuitiva de medici\u00f3n y captura de im\u00e1genes a un conjunto de herramientas potentes que est\u00e9n espec\u00edficamente calibradas para su entorno particular. No es necesario que gaste [&hellip;]","og_url":"https:\/\/techmasterdemexico.com\/producto\/software-vifox-evo\/","og_site_name":"Techmaster de Mexico","article_modified_time":"2021-12-28T21:41:37+00:00","og_image":[{"width":507,"height":480,"url":"https:\/\/techmasterdemexico.com\/wp-content\/uploads\/2021\/07\/1604-vision-796C-507_507.jpg","type":"image\/jpeg"}],"twitter_card":"summary_large_image","twitter_misc":{"Est. reading time":"2 minutes"},"schema":{"@context":"https:\/\/schema.org","@graph":[{"@type":"WebPage","@id":"https:\/\/techmasterdemexico.com\/producto\/software-vifox-evo\/","url":"https:\/\/techmasterdemexico.com\/producto\/software-vifox-evo\/","name":"Software ViFox EVO - Techmaster de Mexico","isPartOf":{"@id":"https:\/\/techmasterdemexico.com\/#website"},"primaryImageOfPage":{"@id":"https:\/\/techmasterdemexico.com\/producto\/software-vifox-evo\/#primaryimage"},"image":{"@id":"https:\/\/techmasterdemexico.com\/producto\/software-vifox-evo\/#primaryimage"},"thumbnailUrl":"https:\/\/techmasterdemexico.com\/wp-content\/uploads\/2021\/07\/1604-vision-796C-507_507.jpg","datePublished":"2021-07-07T20:26:01+00:00","dateModified":"2021-12-28T21:41:37+00:00","breadcrumb":{"@id":"https:\/\/techmasterdemexico.com\/producto\/software-vifox-evo\/#breadcrumb"},"inLanguage":"en-US","potentialAction":[{"@type":"ReadAction","target":["https:\/\/techmasterdemexico.com\/producto\/software-vifox-evo\/"]}]},{"@type":"ImageObject","inLanguage":"en-US","@id":"https:\/\/techmasterdemexico.com\/producto\/software-vifox-evo\/#primaryimage","url":"https:\/\/techmasterdemexico.com\/wp-content\/uploads\/2021\/07\/1604-vision-796C-507_507.jpg","contentUrl":"https:\/\/techmasterdemexico.com\/wp-content\/uploads\/2021\/07\/1604-vision-796C-507_507.jpg","width":507,"height":480},{"@type":"BreadcrumbList","@id":"https:\/\/techmasterdemexico.com\/producto\/software-vifox-evo\/#breadcrumb","itemListElement":[{"@type":"ListItem","position":1,"name":"Portada","item":"https:\/\/techmasterdemexico.com\/"},{"@type":"ListItem","position":2,"name":"Software ViFox EVO"}]},{"@type":"WebSite","@id":"https:\/\/techmasterdemexico.com\/#website","url":"https:\/\/techmasterdemexico.com\/","name":"Techmaster de Mexico","description":"","potentialAction":[{"@type":"SearchAction","target":{"@type":"EntryPoint","urlTemplate":"https:\/\/techmasterdemexico.com\/?s={search_term_string}"},"query-input":{"@type":"PropertyValueSpecification","valueRequired":true,"valueName":"search_term_string"}}],"inLanguage":"en-US"}]}},"brands":[{"id":83,"name":"Vision Engineering","slug":"vision-engineering"}],"_links":{"self":[{"href":"https:\/\/techmasterdemexico.com\/en\/wp-json\/wp\/v2\/product\/7727","targetHints":{"allow":["GET"]}}],"collection":[{"href":"https:\/\/techmasterdemexico.com\/en\/wp-json\/wp\/v2\/product"}],"about":[{"href":"https:\/\/techmasterdemexico.com\/en\/wp-json\/wp\/v2\/types\/product"}],"wp:featuredmedia":[{"embeddable":true,"href":"https:\/\/techmasterdemexico.com\/en\/wp-json\/wp\/v2\/media\/7728"}],"wp:attachment":[{"href":"https:\/\/techmasterdemexico.com\/en\/wp-json\/wp\/v2\/media?parent=7727"}],"wp:term":[{"taxonomy":"pwb-brand","embeddable":true,"href":"https:\/\/techmasterdemexico.com\/en\/wp-json\/wp\/v2\/pwb-brand?post=7727"},{"taxonomy":"product_brand","embeddable":true,"href":"https:\/\/techmasterdemexico.com\/en\/wp-json\/wp\/v2\/product_brand?post=7727"},{"taxonomy":"product_cat","embeddable":true,"href":"https:\/\/techmasterdemexico.com\/en\/wp-json\/wp\/v2\/product_cat?post=7727"},{"taxonomy":"product_tag","embeddable":true,"href":"https:\/\/techmasterdemexico.com\/en\/wp-json\/wp\/v2\/product_tag?post=7727"}],"curies":[{"name":"wp","href":"https:\/\/api.w.org\/{rel}","templated":true}]}}