{"id":7721,"date":"2021-07-07T20:23:07","date_gmt":"2021-07-07T20:23:07","guid":{"rendered":"http:\/\/techmastermx.ddns.net\/?post_type=product&#038;p=7721"},"modified":"2021-12-28T21:41:37","modified_gmt":"2021-12-28T21:41:37","slug":"software-vicapture","status":"publish","type":"product","link":"https:\/\/techmasterdemexico.com\/en\/producto\/software-vicapture\/","title":{"rendered":"Software ViCapture"},"content":{"rendered":"<p>VICAPTURE<\/p>\n<p>Inspecciones y generaci\u00f3n de informes r\u00e1pidas y simples<\/p>\n<p>ViCapture es el software de captura de im\u00e1genes y anotaciones cotidiano y f\u00e1cil de usar de Vision Engineering. \u201cF\u00e1cil de usar\u201d porque, a diferencia de un software m\u00e1s complicado, los controles avanzados se bloquean de forma segura mediante los ajustes de supervisor protegidos con contrase\u00f1a. Eso significa que puede personalizarlo para que haga exactamente lo que los usuarios necesitan hacer sin distraerlos con una interfaz compleja.<\/p>\n<p>Control intuitivo de ajustes de imagen<\/p>\n<p>Incluso a los usuarios no t\u00e9cnicos les resulta f\u00e1cil optimizar los ajustes de la c\u00e1mara, capturar una imagen y agregar marcaciones. Para mayor comodidad, los grupos de ajustes se pueden guardar (y compartir con los usuarios de otros centros) y recordar con solo presionar un bot\u00f3n para la reconfiguraci\u00f3n instant\u00e1nea. ViCapture incluye tambi\u00e9n un asistente de enfoque para ayudar a garantizar que las im\u00e1genes sean lo m\u00e1s n\u00edtidas y claras posibles.<\/p>\n<p>Superposici\u00f3n sobre imagen en vivo<\/p>\n<p>Adem\u00e1s de proporcionar un control intuitivo de los ajustes de la c\u00e1mara, guardar im\u00e1genes y realizar anotaciones, ViCapture tambi\u00e9n puede mostrar superposiciones arriba de una imagen en vivo para realizar una comparaci\u00f3n y normalizaci\u00f3n. Esto suele ser \u00fatil para visualizar una muestra \u201cde referencia\u201d para compararla con la imagen en vivo.<\/p>\n<p>Anotaciones sencillas<\/p>\n<p>Se pueden agregar c\u00edrculos, rect\u00e1ngulos, l\u00edneas, flechas y texto a las im\u00e1genes con solo presionar un bot\u00f3n. El hecho de que el texto sea editable implica que se pueden revertir r\u00e1pidamente los errores simples y puede cambiar el color de la fuente para que contraste con mayor claridad con el fondo.<\/p>\n<p>ViCapture es compatible con: Mantis Elite Cam HD, Lynx EVO SmartCam, Lynx EVO SmartCam5 y SX Cam.<\/p>\n<p>ViCapture<\/p>\n<p>Inspecciones y generaci\u00f3n de informes r\u00e1pidas y simples<\/p>\n<p>&nbsp;<\/p>\n","protected":false},"excerpt":{"rendered":"<p>VICAPTURE Inspecciones y generaci\u00f3n de informes r\u00e1pidas y simples ViCapture es el software de captura de im\u00e1genes y anotaciones cotidiano y f\u00e1cil de usar de Vision Engineering. \u201cF\u00e1cil de usar\u201d porque, a diferencia de un software m\u00e1s complicado, los controles avanzados se bloquean de forma segura mediante los ajustes de supervisor protegidos con contrase\u00f1a. Eso [&hellip;]<\/p>\n","protected":false},"featured_media":7722,"template":"","meta":{"_acf_changed":false},"pwb-brand":[83],"product_brand":[],"product_cat":[366,89,52],"product_tag":[],"class_list":{"0":"post-7721","1":"product","2":"type-product","3":"status-publish","4":"has-post-thumbnail","6":"pwb-brand-vision-engineering","7":"product_cat-todos-los-productos","8":"product_cat-software-vision-engineering","9":"product_cat-vision-engineering","11":"first","12":"instock","13":"taxable","14":"shipping-taxable","15":"product-type-simple"},"acf":[],"yoast_head":"<!-- This site is optimized with the Yoast SEO plugin v27.4 - https:\/\/yoast.com\/product\/yoast-seo-wordpress\/ -->\n<title>Software ViCapture - Techmaster de Mexico<\/title>\n<meta name=\"robots\" content=\"index, follow, max-snippet:-1, max-image-preview:large, max-video-preview:-1\" \/>\n<link rel=\"canonical\" href=\"https:\/\/techmasterdemexico.com\/producto\/software-vicapture\/\" \/>\n<meta property=\"og:locale\" content=\"en_US\" \/>\n<meta property=\"og:type\" content=\"article\" \/>\n<meta property=\"og:title\" content=\"Software ViCapture - Techmaster de Mexico\" \/>\n<meta property=\"og:description\" content=\"VICAPTURE Inspecciones y generaci\u00f3n de informes r\u00e1pidas y simples ViCapture es el software de captura de im\u00e1genes y anotaciones cotidiano y f\u00e1cil de usar de Vision Engineering. \u201cF\u00e1cil de usar\u201d porque, a diferencia de un software m\u00e1s complicado, los controles avanzados se bloquean de forma segura mediante los ajustes de supervisor protegidos con contrase\u00f1a. Eso [&hellip;]\" \/>\n<meta property=\"og:url\" content=\"https:\/\/techmasterdemexico.com\/producto\/software-vicapture\/\" \/>\n<meta property=\"og:site_name\" content=\"Techmaster de Mexico\" \/>\n<meta property=\"article:modified_time\" content=\"2021-12-28T21:41:37+00:00\" \/>\n<meta property=\"og:image\" content=\"https:\/\/techmasterdemexico.com\/wp-content\/uploads\/2021\/07\/01-ViCapture-screenshot-metal-part-mark-up-768x572px.jpg\" \/>\n\t<meta property=\"og:image:width\" content=\"768\" \/>\n\t<meta property=\"og:image:height\" content=\"572\" \/>\n\t<meta property=\"og:image:type\" content=\"image\/jpeg\" \/>\n<meta name=\"twitter:card\" content=\"summary_large_image\" \/>\n<meta name=\"twitter:label1\" content=\"Est. reading time\" \/>\n\t<meta name=\"twitter:data1\" content=\"2 minutes\" \/>\n<script type=\"application\/ld+json\" class=\"yoast-schema-graph\">{\"@context\":\"https:\\\/\\\/schema.org\",\"@graph\":[{\"@type\":\"WebPage\",\"@id\":\"https:\\\/\\\/techmasterdemexico.com\\\/producto\\\/software-vicapture\\\/\",\"url\":\"https:\\\/\\\/techmasterdemexico.com\\\/producto\\\/software-vicapture\\\/\",\"name\":\"Software ViCapture - Techmaster de Mexico\",\"isPartOf\":{\"@id\":\"https:\\\/\\\/techmasterdemexico.com\\\/#website\"},\"primaryImageOfPage\":{\"@id\":\"https:\\\/\\\/techmasterdemexico.com\\\/producto\\\/software-vicapture\\\/#primaryimage\"},\"image\":{\"@id\":\"https:\\\/\\\/techmasterdemexico.com\\\/producto\\\/software-vicapture\\\/#primaryimage\"},\"thumbnailUrl\":\"https:\\\/\\\/techmasterdemexico.com\\\/wp-content\\\/uploads\\\/2021\\\/07\\\/01-ViCapture-screenshot-metal-part-mark-up-768x572px.jpg\",\"datePublished\":\"2021-07-07T20:23:07+00:00\",\"dateModified\":\"2021-12-28T21:41:37+00:00\",\"breadcrumb\":{\"@id\":\"https:\\\/\\\/techmasterdemexico.com\\\/producto\\\/software-vicapture\\\/#breadcrumb\"},\"inLanguage\":\"en-US\",\"potentialAction\":[{\"@type\":\"ReadAction\",\"target\":[\"https:\\\/\\\/techmasterdemexico.com\\\/producto\\\/software-vicapture\\\/\"]}]},{\"@type\":\"ImageObject\",\"inLanguage\":\"en-US\",\"@id\":\"https:\\\/\\\/techmasterdemexico.com\\\/producto\\\/software-vicapture\\\/#primaryimage\",\"url\":\"https:\\\/\\\/techmasterdemexico.com\\\/wp-content\\\/uploads\\\/2021\\\/07\\\/01-ViCapture-screenshot-metal-part-mark-up-768x572px.jpg\",\"contentUrl\":\"https:\\\/\\\/techmasterdemexico.com\\\/wp-content\\\/uploads\\\/2021\\\/07\\\/01-ViCapture-screenshot-metal-part-mark-up-768x572px.jpg\",\"width\":768,\"height\":572},{\"@type\":\"BreadcrumbList\",\"@id\":\"https:\\\/\\\/techmasterdemexico.com\\\/producto\\\/software-vicapture\\\/#breadcrumb\",\"itemListElement\":[{\"@type\":\"ListItem\",\"position\":1,\"name\":\"Portada\",\"item\":\"https:\\\/\\\/techmasterdemexico.com\\\/\"},{\"@type\":\"ListItem\",\"position\":2,\"name\":\"Software ViCapture\"}]},{\"@type\":\"WebSite\",\"@id\":\"https:\\\/\\\/techmasterdemexico.com\\\/#website\",\"url\":\"https:\\\/\\\/techmasterdemexico.com\\\/\",\"name\":\"Techmaster de Mexico\",\"description\":\"\",\"potentialAction\":[{\"@type\":\"SearchAction\",\"target\":{\"@type\":\"EntryPoint\",\"urlTemplate\":\"https:\\\/\\\/techmasterdemexico.com\\\/?s={search_term_string}\"},\"query-input\":{\"@type\":\"PropertyValueSpecification\",\"valueRequired\":true,\"valueName\":\"search_term_string\"}}],\"inLanguage\":\"en-US\"}]}<\/script>\n<!-- \/ Yoast SEO plugin. -->","yoast_head_json":{"title":"Software ViCapture - Techmaster de Mexico","robots":{"index":"index","follow":"follow","max-snippet":"max-snippet:-1","max-image-preview":"max-image-preview:large","max-video-preview":"max-video-preview:-1"},"canonical":"https:\/\/techmasterdemexico.com\/producto\/software-vicapture\/","og_locale":"en_US","og_type":"article","og_title":"Software ViCapture - Techmaster de Mexico","og_description":"VICAPTURE Inspecciones y generaci\u00f3n de informes r\u00e1pidas y simples ViCapture es el software de captura de im\u00e1genes y anotaciones cotidiano y f\u00e1cil de usar de Vision Engineering. \u201cF\u00e1cil de usar\u201d porque, a diferencia de un software m\u00e1s complicado, los controles avanzados se bloquean de forma segura mediante los ajustes de supervisor protegidos con contrase\u00f1a. Eso [&hellip;]","og_url":"https:\/\/techmasterdemexico.com\/producto\/software-vicapture\/","og_site_name":"Techmaster de Mexico","article_modified_time":"2021-12-28T21:41:37+00:00","og_image":[{"width":768,"height":572,"url":"https:\/\/techmasterdemexico.com\/wp-content\/uploads\/2021\/07\/01-ViCapture-screenshot-metal-part-mark-up-768x572px.jpg","type":"image\/jpeg"}],"twitter_card":"summary_large_image","twitter_misc":{"Est. reading time":"2 minutes"},"schema":{"@context":"https:\/\/schema.org","@graph":[{"@type":"WebPage","@id":"https:\/\/techmasterdemexico.com\/producto\/software-vicapture\/","url":"https:\/\/techmasterdemexico.com\/producto\/software-vicapture\/","name":"Software ViCapture - Techmaster de Mexico","isPartOf":{"@id":"https:\/\/techmasterdemexico.com\/#website"},"primaryImageOfPage":{"@id":"https:\/\/techmasterdemexico.com\/producto\/software-vicapture\/#primaryimage"},"image":{"@id":"https:\/\/techmasterdemexico.com\/producto\/software-vicapture\/#primaryimage"},"thumbnailUrl":"https:\/\/techmasterdemexico.com\/wp-content\/uploads\/2021\/07\/01-ViCapture-screenshot-metal-part-mark-up-768x572px.jpg","datePublished":"2021-07-07T20:23:07+00:00","dateModified":"2021-12-28T21:41:37+00:00","breadcrumb":{"@id":"https:\/\/techmasterdemexico.com\/producto\/software-vicapture\/#breadcrumb"},"inLanguage":"en-US","potentialAction":[{"@type":"ReadAction","target":["https:\/\/techmasterdemexico.com\/producto\/software-vicapture\/"]}]},{"@type":"ImageObject","inLanguage":"en-US","@id":"https:\/\/techmasterdemexico.com\/producto\/software-vicapture\/#primaryimage","url":"https:\/\/techmasterdemexico.com\/wp-content\/uploads\/2021\/07\/01-ViCapture-screenshot-metal-part-mark-up-768x572px.jpg","contentUrl":"https:\/\/techmasterdemexico.com\/wp-content\/uploads\/2021\/07\/01-ViCapture-screenshot-metal-part-mark-up-768x572px.jpg","width":768,"height":572},{"@type":"BreadcrumbList","@id":"https:\/\/techmasterdemexico.com\/producto\/software-vicapture\/#breadcrumb","itemListElement":[{"@type":"ListItem","position":1,"name":"Portada","item":"https:\/\/techmasterdemexico.com\/"},{"@type":"ListItem","position":2,"name":"Software ViCapture"}]},{"@type":"WebSite","@id":"https:\/\/techmasterdemexico.com\/#website","url":"https:\/\/techmasterdemexico.com\/","name":"Techmaster de Mexico","description":"","potentialAction":[{"@type":"SearchAction","target":{"@type":"EntryPoint","urlTemplate":"https:\/\/techmasterdemexico.com\/?s={search_term_string}"},"query-input":{"@type":"PropertyValueSpecification","valueRequired":true,"valueName":"search_term_string"}}],"inLanguage":"en-US"}]}},"brands":[{"id":83,"name":"Vision Engineering","slug":"vision-engineering"}],"_links":{"self":[{"href":"https:\/\/techmasterdemexico.com\/en\/wp-json\/wp\/v2\/product\/7721","targetHints":{"allow":["GET"]}}],"collection":[{"href":"https:\/\/techmasterdemexico.com\/en\/wp-json\/wp\/v2\/product"}],"about":[{"href":"https:\/\/techmasterdemexico.com\/en\/wp-json\/wp\/v2\/types\/product"}],"wp:featuredmedia":[{"embeddable":true,"href":"https:\/\/techmasterdemexico.com\/en\/wp-json\/wp\/v2\/media\/7722"}],"wp:attachment":[{"href":"https:\/\/techmasterdemexico.com\/en\/wp-json\/wp\/v2\/media?parent=7721"}],"wp:term":[{"taxonomy":"pwb-brand","embeddable":true,"href":"https:\/\/techmasterdemexico.com\/en\/wp-json\/wp\/v2\/pwb-brand?post=7721"},{"taxonomy":"product_brand","embeddable":true,"href":"https:\/\/techmasterdemexico.com\/en\/wp-json\/wp\/v2\/product_brand?post=7721"},{"taxonomy":"product_cat","embeddable":true,"href":"https:\/\/techmasterdemexico.com\/en\/wp-json\/wp\/v2\/product_cat?post=7721"},{"taxonomy":"product_tag","embeddable":true,"href":"https:\/\/techmasterdemexico.com\/en\/wp-json\/wp\/v2\/product_tag?post=7721"}],"curies":[{"name":"wp","href":"https:\/\/api.w.org\/{rel}","templated":true}]}}