{"id":7714,"date":"2021-07-07T20:20:50","date_gmt":"2021-07-07T20:20:50","guid":{"rendered":"http:\/\/techmastermx.ddns.net\/?post_type=product&#038;p=7714"},"modified":"2021-12-28T21:41:38","modified_gmt":"2021-12-28T21:41:38","slug":"software-dimensiontwo","status":"publish","type":"product","link":"https:\/\/techmasterdemexico.com\/en\/producto\/software-dimensiontwo\/","title":{"rendered":"Software DimensionTwo"},"content":{"rendered":"<p>DIMENSIONTWO<\/p>\n<p>Funciones de medici\u00f3n avanzadas a un precio asequible<\/p>\n<p>DimensionTwo le permite realizar mediciones r\u00e1pidas y precisas de caracter\u00edsticas simples de un objeto.<\/p>\n<p>Detecci\u00f3n precisa de bordes<\/p>\n<p>La funci\u00f3n de detecci\u00f3n de bordes por video de DimensionTwo hace que sea f\u00e1cil seleccionar el punto \u00f3ptimo en un borde para medir con una precisi\u00f3n mucho mayor que la que es posible si se hace de forma \u00fanicamente manual. Adem\u00e1s de medir entre diferentes puntos, le permite guardar y compartir im\u00e1genes con estos detalles claramente etiquetados.<\/p>\n<p>Facilidad de uso impresionante<\/p>\n<p>Una interfaz del usuario simple e intuitiva le permite realizar cualquier tarea con uno o dos clics. No hay nada complicado que deba aprender ni necesita capacitaci\u00f3n alguna. Cualquiera puede usarlo.<\/p>\n<p>Ahorre tiempo y esfuerzo<\/p>\n<p>Guarde la configuraci\u00f3n de la c\u00e1mara e iluminaci\u00f3n para que el dispositivo la recuerde de forma instant\u00e1nea. En combinaci\u00f3n con el EVO CAM II, le permite realizar mediciones de alto y bajo aumento seg\u00fan sus ajustes personalizados con solo tocar un bot\u00f3n.<\/p>\n<p>Dimensionamiento y medici\u00f3n simple:<\/p>\n<p>El dimensionamiento en pantalla se usa sobre las im\u00e1genes capturadas para medir c\u00edrculos, l\u00edneas, puntos, \u00e1ngulos y distancias. Asimismo, hay una gama de potentes herramientas de dimensionamiento disponibles para crear intersecciones de l\u00edneas, di\u00e1metros de paso de c\u00edrculos y m\u00e1s.<\/p>\n<p>Ideal para EVO Cam II<\/p>\n<p>DimensionTwo explota el conjunto completo de funciones de EVO Cam II para brindarle un control total de la c\u00e1mara con guardado y recordatorio de configuraci\u00f3n de funciones, una medici\u00f3n de campo visual muy amplio y vinculaci\u00f3n de posiciones a diferentes niveles de zoom.<\/p>\n<p>Completamente compatible con EVO Cam II. Funciona con Mantis Elite Cam HD, Lynx EVO SmartCam, Lynx EVO SmartCam5, SX Cam y DRV-Z1 (necesita adaptador).<\/p>\n<p>&nbsp;<\/p>\n","protected":false},"excerpt":{"rendered":"<p>DIMENSIONTWO Funciones de medici\u00f3n avanzadas a un precio asequible DimensionTwo le permite realizar mediciones r\u00e1pidas y precisas de caracter\u00edsticas simples de un objeto. Detecci\u00f3n precisa de bordes La funci\u00f3n de detecci\u00f3n de bordes por video de DimensionTwo hace que sea f\u00e1cil seleccionar el punto \u00f3ptimo en un borde para medir con una precisi\u00f3n mucho mayor [&hellip;]<\/p>\n","protected":false},"featured_media":7715,"template":"","meta":{"_acf_changed":false},"pwb-brand":[83],"product_brand":[],"product_cat":[366,89,52],"product_tag":[],"class_list":{"0":"post-7714","1":"product","2":"type-product","3":"status-publish","4":"has-post-thumbnail","6":"pwb-brand-vision-engineering","7":"product_cat-todos-los-productos","8":"product_cat-software-vision-engineering","9":"product_cat-vision-engineering","11":"first","12":"instock","13":"taxable","14":"shipping-taxable","15":"product-type-simple"},"acf":[],"yoast_head":"<!-- This site is optimized with the Yoast SEO plugin v27.4 - https:\/\/yoast.com\/product\/yoast-seo-wordpress\/ -->\n<title>Software DimensionTwo - Techmaster de Mexico<\/title>\n<meta name=\"robots\" content=\"index, follow, max-snippet:-1, max-image-preview:large, max-video-preview:-1\" \/>\n<link rel=\"canonical\" href=\"https:\/\/techmasterdemexico.com\/producto\/software-dimensiontwo\/\" \/>\n<meta property=\"og:locale\" content=\"en_US\" \/>\n<meta property=\"og:type\" content=\"article\" \/>\n<meta property=\"og:title\" content=\"Software DimensionTwo - Techmaster de Mexico\" \/>\n<meta property=\"og:description\" content=\"DIMENSIONTWO Funciones de medici\u00f3n avanzadas a un precio asequible DimensionTwo le permite realizar mediciones r\u00e1pidas y precisas de caracter\u00edsticas simples de un objeto. Detecci\u00f3n precisa de bordes La funci\u00f3n de detecci\u00f3n de bordes por video de DimensionTwo hace que sea f\u00e1cil seleccionar el punto \u00f3ptimo en un borde para medir con una precisi\u00f3n mucho mayor [&hellip;]\" \/>\n<meta property=\"og:url\" content=\"https:\/\/techmasterdemexico.com\/producto\/software-dimensiontwo\/\" \/>\n<meta property=\"og:site_name\" content=\"Techmaster de Mexico\" \/>\n<meta property=\"article:modified_time\" content=\"2021-12-28T21:41:38+00:00\" \/>\n<meta property=\"og:image\" content=\"https:\/\/techmasterdemexico.com\/wp-content\/uploads\/2021\/07\/01-DimensionTwo-screenshot-edge-detection-768x572px.jpg\" \/>\n\t<meta property=\"og:image:width\" content=\"768\" \/>\n\t<meta property=\"og:image:height\" content=\"572\" \/>\n\t<meta property=\"og:image:type\" content=\"image\/jpeg\" \/>\n<meta name=\"twitter:card\" content=\"summary_large_image\" \/>\n<meta name=\"twitter:label1\" content=\"Est. reading time\" \/>\n\t<meta name=\"twitter:data1\" content=\"2 minutes\" \/>\n<script type=\"application\/ld+json\" class=\"yoast-schema-graph\">{\"@context\":\"https:\\\/\\\/schema.org\",\"@graph\":[{\"@type\":\"WebPage\",\"@id\":\"https:\\\/\\\/techmasterdemexico.com\\\/producto\\\/software-dimensiontwo\\\/\",\"url\":\"https:\\\/\\\/techmasterdemexico.com\\\/producto\\\/software-dimensiontwo\\\/\",\"name\":\"Software DimensionTwo - Techmaster de Mexico\",\"isPartOf\":{\"@id\":\"https:\\\/\\\/techmasterdemexico.com\\\/#website\"},\"primaryImageOfPage\":{\"@id\":\"https:\\\/\\\/techmasterdemexico.com\\\/producto\\\/software-dimensiontwo\\\/#primaryimage\"},\"image\":{\"@id\":\"https:\\\/\\\/techmasterdemexico.com\\\/producto\\\/software-dimensiontwo\\\/#primaryimage\"},\"thumbnailUrl\":\"https:\\\/\\\/techmasterdemexico.com\\\/wp-content\\\/uploads\\\/2021\\\/07\\\/01-DimensionTwo-screenshot-edge-detection-768x572px.jpg\",\"datePublished\":\"2021-07-07T20:20:50+00:00\",\"dateModified\":\"2021-12-28T21:41:38+00:00\",\"breadcrumb\":{\"@id\":\"https:\\\/\\\/techmasterdemexico.com\\\/producto\\\/software-dimensiontwo\\\/#breadcrumb\"},\"inLanguage\":\"en-US\",\"potentialAction\":[{\"@type\":\"ReadAction\",\"target\":[\"https:\\\/\\\/techmasterdemexico.com\\\/producto\\\/software-dimensiontwo\\\/\"]}]},{\"@type\":\"ImageObject\",\"inLanguage\":\"en-US\",\"@id\":\"https:\\\/\\\/techmasterdemexico.com\\\/producto\\\/software-dimensiontwo\\\/#primaryimage\",\"url\":\"https:\\\/\\\/techmasterdemexico.com\\\/wp-content\\\/uploads\\\/2021\\\/07\\\/01-DimensionTwo-screenshot-edge-detection-768x572px.jpg\",\"contentUrl\":\"https:\\\/\\\/techmasterdemexico.com\\\/wp-content\\\/uploads\\\/2021\\\/07\\\/01-DimensionTwo-screenshot-edge-detection-768x572px.jpg\",\"width\":768,\"height\":572},{\"@type\":\"BreadcrumbList\",\"@id\":\"https:\\\/\\\/techmasterdemexico.com\\\/producto\\\/software-dimensiontwo\\\/#breadcrumb\",\"itemListElement\":[{\"@type\":\"ListItem\",\"position\":1,\"name\":\"Portada\",\"item\":\"https:\\\/\\\/techmasterdemexico.com\\\/\"},{\"@type\":\"ListItem\",\"position\":2,\"name\":\"Software DimensionTwo\"}]},{\"@type\":\"WebSite\",\"@id\":\"https:\\\/\\\/techmasterdemexico.com\\\/#website\",\"url\":\"https:\\\/\\\/techmasterdemexico.com\\\/\",\"name\":\"Techmaster de Mexico\",\"description\":\"\",\"potentialAction\":[{\"@type\":\"SearchAction\",\"target\":{\"@type\":\"EntryPoint\",\"urlTemplate\":\"https:\\\/\\\/techmasterdemexico.com\\\/?s={search_term_string}\"},\"query-input\":{\"@type\":\"PropertyValueSpecification\",\"valueRequired\":true,\"valueName\":\"search_term_string\"}}],\"inLanguage\":\"en-US\"}]}<\/script>\n<!-- \/ Yoast SEO plugin. -->","yoast_head_json":{"title":"Software DimensionTwo - Techmaster de Mexico","robots":{"index":"index","follow":"follow","max-snippet":"max-snippet:-1","max-image-preview":"max-image-preview:large","max-video-preview":"max-video-preview:-1"},"canonical":"https:\/\/techmasterdemexico.com\/producto\/software-dimensiontwo\/","og_locale":"en_US","og_type":"article","og_title":"Software DimensionTwo - Techmaster de Mexico","og_description":"DIMENSIONTWO Funciones de medici\u00f3n avanzadas a un precio asequible DimensionTwo le permite realizar mediciones r\u00e1pidas y precisas de caracter\u00edsticas simples de un objeto. Detecci\u00f3n precisa de bordes La funci\u00f3n de detecci\u00f3n de bordes por video de DimensionTwo hace que sea f\u00e1cil seleccionar el punto \u00f3ptimo en un borde para medir con una precisi\u00f3n mucho mayor [&hellip;]","og_url":"https:\/\/techmasterdemexico.com\/producto\/software-dimensiontwo\/","og_site_name":"Techmaster de Mexico","article_modified_time":"2021-12-28T21:41:38+00:00","og_image":[{"width":768,"height":572,"url":"https:\/\/techmasterdemexico.com\/wp-content\/uploads\/2021\/07\/01-DimensionTwo-screenshot-edge-detection-768x572px.jpg","type":"image\/jpeg"}],"twitter_card":"summary_large_image","twitter_misc":{"Est. reading time":"2 minutes"},"schema":{"@context":"https:\/\/schema.org","@graph":[{"@type":"WebPage","@id":"https:\/\/techmasterdemexico.com\/producto\/software-dimensiontwo\/","url":"https:\/\/techmasterdemexico.com\/producto\/software-dimensiontwo\/","name":"Software DimensionTwo - Techmaster de Mexico","isPartOf":{"@id":"https:\/\/techmasterdemexico.com\/#website"},"primaryImageOfPage":{"@id":"https:\/\/techmasterdemexico.com\/producto\/software-dimensiontwo\/#primaryimage"},"image":{"@id":"https:\/\/techmasterdemexico.com\/producto\/software-dimensiontwo\/#primaryimage"},"thumbnailUrl":"https:\/\/techmasterdemexico.com\/wp-content\/uploads\/2021\/07\/01-DimensionTwo-screenshot-edge-detection-768x572px.jpg","datePublished":"2021-07-07T20:20:50+00:00","dateModified":"2021-12-28T21:41:38+00:00","breadcrumb":{"@id":"https:\/\/techmasterdemexico.com\/producto\/software-dimensiontwo\/#breadcrumb"},"inLanguage":"en-US","potentialAction":[{"@type":"ReadAction","target":["https:\/\/techmasterdemexico.com\/producto\/software-dimensiontwo\/"]}]},{"@type":"ImageObject","inLanguage":"en-US","@id":"https:\/\/techmasterdemexico.com\/producto\/software-dimensiontwo\/#primaryimage","url":"https:\/\/techmasterdemexico.com\/wp-content\/uploads\/2021\/07\/01-DimensionTwo-screenshot-edge-detection-768x572px.jpg","contentUrl":"https:\/\/techmasterdemexico.com\/wp-content\/uploads\/2021\/07\/01-DimensionTwo-screenshot-edge-detection-768x572px.jpg","width":768,"height":572},{"@type":"BreadcrumbList","@id":"https:\/\/techmasterdemexico.com\/producto\/software-dimensiontwo\/#breadcrumb","itemListElement":[{"@type":"ListItem","position":1,"name":"Portada","item":"https:\/\/techmasterdemexico.com\/"},{"@type":"ListItem","position":2,"name":"Software DimensionTwo"}]},{"@type":"WebSite","@id":"https:\/\/techmasterdemexico.com\/#website","url":"https:\/\/techmasterdemexico.com\/","name":"Techmaster de Mexico","description":"","potentialAction":[{"@type":"SearchAction","target":{"@type":"EntryPoint","urlTemplate":"https:\/\/techmasterdemexico.com\/?s={search_term_string}"},"query-input":{"@type":"PropertyValueSpecification","valueRequired":true,"valueName":"search_term_string"}}],"inLanguage":"en-US"}]}},"brands":[{"id":83,"name":"Vision Engineering","slug":"vision-engineering"}],"_links":{"self":[{"href":"https:\/\/techmasterdemexico.com\/en\/wp-json\/wp\/v2\/product\/7714","targetHints":{"allow":["GET"]}}],"collection":[{"href":"https:\/\/techmasterdemexico.com\/en\/wp-json\/wp\/v2\/product"}],"about":[{"href":"https:\/\/techmasterdemexico.com\/en\/wp-json\/wp\/v2\/types\/product"}],"wp:featuredmedia":[{"embeddable":true,"href":"https:\/\/techmasterdemexico.com\/en\/wp-json\/wp\/v2\/media\/7715"}],"wp:attachment":[{"href":"https:\/\/techmasterdemexico.com\/en\/wp-json\/wp\/v2\/media?parent=7714"}],"wp:term":[{"taxonomy":"pwb-brand","embeddable":true,"href":"https:\/\/techmasterdemexico.com\/en\/wp-json\/wp\/v2\/pwb-brand?post=7714"},{"taxonomy":"product_brand","embeddable":true,"href":"https:\/\/techmasterdemexico.com\/en\/wp-json\/wp\/v2\/product_brand?post=7714"},{"taxonomy":"product_cat","embeddable":true,"href":"https:\/\/techmasterdemexico.com\/en\/wp-json\/wp\/v2\/product_cat?post=7714"},{"taxonomy":"product_tag","embeddable":true,"href":"https:\/\/techmasterdemexico.com\/en\/wp-json\/wp\/v2\/product_tag?post=7714"}],"curies":[{"name":"wp","href":"https:\/\/api.w.org\/{rel}","templated":true}]}}