{"id":7707,"date":"2021-07-07T20:15:23","date_gmt":"2021-07-07T20:15:23","guid":{"rendered":"http:\/\/techmastermx.ddns.net\/?post_type=product&#038;p=7707"},"modified":"2021-12-28T21:41:38","modified_gmt":"2021-12-28T21:41:38","slug":"software-dimensionone","status":"publish","type":"product","link":"https:\/\/techmasterdemexico.com\/en\/producto\/software-dimensionone\/","title":{"rendered":"Software DimensionOne"},"content":{"rendered":"<p>DIMENSIONONE<\/p>\n<p>Mediciones r\u00e1pidas de caracter\u00edsticas simples<\/p>\n<p>DimensionOne es ideal para la medici\u00f3n simple de las caracter\u00edsticas de un objeto y para a\u00f1adir anotaciones a las im\u00e1genes capturadas. \u00daselo para verificar r\u00e1pidamente la conformidad de las piezas entrantes, los art\u00edculos fabricados y las partes acabadas sin retrasar otros procesos.<\/p>\n<p>Operaci\u00f3n sin men\u00fa:<\/p>\n<p>Una interfaz del usuario simple e intuitiva le permite realizar cualquier tarea con uno o dos clics. No hay nada complicado que deba dominar, no necesita ninguna capacitaci\u00f3n, y cualquiera puede usarlo.<\/p>\n<p>Dimensionamiento y medici\u00f3n simple:<\/p>\n<p>El dimensionamiento en pantalla se usa sobre las im\u00e1genes capturadas para medir c\u00edrculos, l\u00edneas, puntos, \u00e1ngulos y distancias. Asimismo, hay una gama de potentes herramientas de dimensionamiento disponibles para crear intersecciones de l\u00edneas, di\u00e1metro de paso de c\u00edrculos y m\u00e1s.<\/p>\n<p>Cambio de opacidad<\/p>\n<p>DimensionOne permite modificar la opacidad de la imagen capturada en un rango de 0 a 100 % para hacer que las anotaciones y mediciones sean m\u00e1s f\u00e1ciles de ver.<\/p>\n<p>Compatible con Mantis Elite Cam HD, Lynx EVO SmartCam, Lynx EVO SmartCam5, SX Cam y DRV-Z1 (necesita adaptador).<\/p>\n<p>&nbsp;<\/p>\n","protected":false},"excerpt":{"rendered":"<p>DIMENSIONONE Mediciones r\u00e1pidas de caracter\u00edsticas simples DimensionOne es ideal para la medici\u00f3n simple de las caracter\u00edsticas de un objeto y para a\u00f1adir anotaciones a las im\u00e1genes capturadas. \u00daselo para verificar r\u00e1pidamente la conformidad de las piezas entrantes, los art\u00edculos fabricados y las partes acabadas sin retrasar otros procesos. Operaci\u00f3n sin men\u00fa: Una interfaz del usuario [&hellip;]<\/p>\n","protected":false},"featured_media":7709,"template":"","meta":{"_acf_changed":false},"pwb-brand":[83],"product_brand":[],"product_cat":[366,89,52],"product_tag":[],"class_list":{"0":"post-7707","1":"product","2":"type-product","3":"status-publish","4":"has-post-thumbnail","6":"pwb-brand-vision-engineering","7":"product_cat-todos-los-productos","8":"product_cat-software-vision-engineering","9":"product_cat-vision-engineering","11":"first","12":"instock","13":"taxable","14":"shipping-taxable","15":"product-type-simple"},"acf":[],"yoast_head":"<!-- This site is optimized with the Yoast SEO plugin v27.4 - https:\/\/yoast.com\/product\/yoast-seo-wordpress\/ -->\n<title>Software DimensionOne - Techmaster de Mexico<\/title>\n<meta name=\"robots\" content=\"index, follow, max-snippet:-1, max-image-preview:large, max-video-preview:-1\" \/>\n<link rel=\"canonical\" href=\"https:\/\/techmasterdemexico.com\/producto\/software-dimensionone\/\" \/>\n<meta property=\"og:locale\" content=\"en_US\" \/>\n<meta property=\"og:type\" content=\"article\" \/>\n<meta property=\"og:title\" content=\"Software DimensionOne - Techmaster de Mexico\" \/>\n<meta property=\"og:description\" content=\"DIMENSIONONE Mediciones r\u00e1pidas de caracter\u00edsticas simples DimensionOne es ideal para la medici\u00f3n simple de las caracter\u00edsticas de un objeto y para a\u00f1adir anotaciones a las im\u00e1genes capturadas. \u00daselo para verificar r\u00e1pidamente la conformidad de las piezas entrantes, los art\u00edculos fabricados y las partes acabadas sin retrasar otros procesos. Operaci\u00f3n sin men\u00fa: Una interfaz del usuario [&hellip;]\" \/>\n<meta property=\"og:url\" content=\"https:\/\/techmasterdemexico.com\/producto\/software-dimensionone\/\" \/>\n<meta property=\"og:site_name\" content=\"Techmaster de Mexico\" \/>\n<meta property=\"article:modified_time\" content=\"2021-12-28T21:41:38+00:00\" \/>\n<meta property=\"og:image\" content=\"https:\/\/techmasterdemexico.com\/wp-content\/uploads\/2021\/07\/dimensionone_cd_amp_box_01-min-scaled.jpg\" \/>\n\t<meta property=\"og:image:width\" content=\"2560\" \/>\n\t<meta property=\"og:image:height\" content=\"1920\" \/>\n\t<meta property=\"og:image:type\" content=\"image\/jpeg\" \/>\n<meta name=\"twitter:card\" content=\"summary_large_image\" \/>\n<meta name=\"twitter:label1\" content=\"Est. reading time\" \/>\n\t<meta name=\"twitter:data1\" content=\"1 minute\" \/>\n<script type=\"application\/ld+json\" class=\"yoast-schema-graph\">{\"@context\":\"https:\\\/\\\/schema.org\",\"@graph\":[{\"@type\":\"WebPage\",\"@id\":\"https:\\\/\\\/techmasterdemexico.com\\\/producto\\\/software-dimensionone\\\/\",\"url\":\"https:\\\/\\\/techmasterdemexico.com\\\/producto\\\/software-dimensionone\\\/\",\"name\":\"Software DimensionOne - Techmaster de Mexico\",\"isPartOf\":{\"@id\":\"https:\\\/\\\/techmasterdemexico.com\\\/#website\"},\"primaryImageOfPage\":{\"@id\":\"https:\\\/\\\/techmasterdemexico.com\\\/producto\\\/software-dimensionone\\\/#primaryimage\"},\"image\":{\"@id\":\"https:\\\/\\\/techmasterdemexico.com\\\/producto\\\/software-dimensionone\\\/#primaryimage\"},\"thumbnailUrl\":\"https:\\\/\\\/techmasterdemexico.com\\\/wp-content\\\/uploads\\\/2021\\\/07\\\/dimensionone_cd_amp_box_01-min-scaled.jpg\",\"datePublished\":\"2021-07-07T20:15:23+00:00\",\"dateModified\":\"2021-12-28T21:41:38+00:00\",\"breadcrumb\":{\"@id\":\"https:\\\/\\\/techmasterdemexico.com\\\/producto\\\/software-dimensionone\\\/#breadcrumb\"},\"inLanguage\":\"en-US\",\"potentialAction\":[{\"@type\":\"ReadAction\",\"target\":[\"https:\\\/\\\/techmasterdemexico.com\\\/producto\\\/software-dimensionone\\\/\"]}]},{\"@type\":\"ImageObject\",\"inLanguage\":\"en-US\",\"@id\":\"https:\\\/\\\/techmasterdemexico.com\\\/producto\\\/software-dimensionone\\\/#primaryimage\",\"url\":\"https:\\\/\\\/techmasterdemexico.com\\\/wp-content\\\/uploads\\\/2021\\\/07\\\/dimensionone_cd_amp_box_01-min-scaled.jpg\",\"contentUrl\":\"https:\\\/\\\/techmasterdemexico.com\\\/wp-content\\\/uploads\\\/2021\\\/07\\\/dimensionone_cd_amp_box_01-min-scaled.jpg\",\"width\":2560,\"height\":1920},{\"@type\":\"BreadcrumbList\",\"@id\":\"https:\\\/\\\/techmasterdemexico.com\\\/producto\\\/software-dimensionone\\\/#breadcrumb\",\"itemListElement\":[{\"@type\":\"ListItem\",\"position\":1,\"name\":\"Portada\",\"item\":\"https:\\\/\\\/techmasterdemexico.com\\\/\"},{\"@type\":\"ListItem\",\"position\":2,\"name\":\"Software DimensionOne\"}]},{\"@type\":\"WebSite\",\"@id\":\"https:\\\/\\\/techmasterdemexico.com\\\/#website\",\"url\":\"https:\\\/\\\/techmasterdemexico.com\\\/\",\"name\":\"Techmaster de Mexico\",\"description\":\"\",\"potentialAction\":[{\"@type\":\"SearchAction\",\"target\":{\"@type\":\"EntryPoint\",\"urlTemplate\":\"https:\\\/\\\/techmasterdemexico.com\\\/?s={search_term_string}\"},\"query-input\":{\"@type\":\"PropertyValueSpecification\",\"valueRequired\":true,\"valueName\":\"search_term_string\"}}],\"inLanguage\":\"en-US\"}]}<\/script>\n<!-- \/ Yoast SEO plugin. -->","yoast_head_json":{"title":"Software DimensionOne - Techmaster de Mexico","robots":{"index":"index","follow":"follow","max-snippet":"max-snippet:-1","max-image-preview":"max-image-preview:large","max-video-preview":"max-video-preview:-1"},"canonical":"https:\/\/techmasterdemexico.com\/producto\/software-dimensionone\/","og_locale":"en_US","og_type":"article","og_title":"Software DimensionOne - Techmaster de Mexico","og_description":"DIMENSIONONE Mediciones r\u00e1pidas de caracter\u00edsticas simples DimensionOne es ideal para la medici\u00f3n simple de las caracter\u00edsticas de un objeto y para a\u00f1adir anotaciones a las im\u00e1genes capturadas. \u00daselo para verificar r\u00e1pidamente la conformidad de las piezas entrantes, los art\u00edculos fabricados y las partes acabadas sin retrasar otros procesos. Operaci\u00f3n sin men\u00fa: Una interfaz del usuario [&hellip;]","og_url":"https:\/\/techmasterdemexico.com\/producto\/software-dimensionone\/","og_site_name":"Techmaster de Mexico","article_modified_time":"2021-12-28T21:41:38+00:00","og_image":[{"width":2560,"height":1920,"url":"https:\/\/techmasterdemexico.com\/wp-content\/uploads\/2021\/07\/dimensionone_cd_amp_box_01-min-scaled.jpg","type":"image\/jpeg"}],"twitter_card":"summary_large_image","twitter_misc":{"Est. reading time":"1 minute"},"schema":{"@context":"https:\/\/schema.org","@graph":[{"@type":"WebPage","@id":"https:\/\/techmasterdemexico.com\/producto\/software-dimensionone\/","url":"https:\/\/techmasterdemexico.com\/producto\/software-dimensionone\/","name":"Software DimensionOne - Techmaster de Mexico","isPartOf":{"@id":"https:\/\/techmasterdemexico.com\/#website"},"primaryImageOfPage":{"@id":"https:\/\/techmasterdemexico.com\/producto\/software-dimensionone\/#primaryimage"},"image":{"@id":"https:\/\/techmasterdemexico.com\/producto\/software-dimensionone\/#primaryimage"},"thumbnailUrl":"https:\/\/techmasterdemexico.com\/wp-content\/uploads\/2021\/07\/dimensionone_cd_amp_box_01-min-scaled.jpg","datePublished":"2021-07-07T20:15:23+00:00","dateModified":"2021-12-28T21:41:38+00:00","breadcrumb":{"@id":"https:\/\/techmasterdemexico.com\/producto\/software-dimensionone\/#breadcrumb"},"inLanguage":"en-US","potentialAction":[{"@type":"ReadAction","target":["https:\/\/techmasterdemexico.com\/producto\/software-dimensionone\/"]}]},{"@type":"ImageObject","inLanguage":"en-US","@id":"https:\/\/techmasterdemexico.com\/producto\/software-dimensionone\/#primaryimage","url":"https:\/\/techmasterdemexico.com\/wp-content\/uploads\/2021\/07\/dimensionone_cd_amp_box_01-min-scaled.jpg","contentUrl":"https:\/\/techmasterdemexico.com\/wp-content\/uploads\/2021\/07\/dimensionone_cd_amp_box_01-min-scaled.jpg","width":2560,"height":1920},{"@type":"BreadcrumbList","@id":"https:\/\/techmasterdemexico.com\/producto\/software-dimensionone\/#breadcrumb","itemListElement":[{"@type":"ListItem","position":1,"name":"Portada","item":"https:\/\/techmasterdemexico.com\/"},{"@type":"ListItem","position":2,"name":"Software DimensionOne"}]},{"@type":"WebSite","@id":"https:\/\/techmasterdemexico.com\/#website","url":"https:\/\/techmasterdemexico.com\/","name":"Techmaster de Mexico","description":"","potentialAction":[{"@type":"SearchAction","target":{"@type":"EntryPoint","urlTemplate":"https:\/\/techmasterdemexico.com\/?s={search_term_string}"},"query-input":{"@type":"PropertyValueSpecification","valueRequired":true,"valueName":"search_term_string"}}],"inLanguage":"en-US"}]}},"brands":[{"id":83,"name":"Vision Engineering","slug":"vision-engineering"}],"_links":{"self":[{"href":"https:\/\/techmasterdemexico.com\/en\/wp-json\/wp\/v2\/product\/7707","targetHints":{"allow":["GET"]}}],"collection":[{"href":"https:\/\/techmasterdemexico.com\/en\/wp-json\/wp\/v2\/product"}],"about":[{"href":"https:\/\/techmasterdemexico.com\/en\/wp-json\/wp\/v2\/types\/product"}],"wp:featuredmedia":[{"embeddable":true,"href":"https:\/\/techmasterdemexico.com\/en\/wp-json\/wp\/v2\/media\/7709"}],"wp:attachment":[{"href":"https:\/\/techmasterdemexico.com\/en\/wp-json\/wp\/v2\/media?parent=7707"}],"wp:term":[{"taxonomy":"pwb-brand","embeddable":true,"href":"https:\/\/techmasterdemexico.com\/en\/wp-json\/wp\/v2\/pwb-brand?post=7707"},{"taxonomy":"product_brand","embeddable":true,"href":"https:\/\/techmasterdemexico.com\/en\/wp-json\/wp\/v2\/product_brand?post=7707"},{"taxonomy":"product_cat","embeddable":true,"href":"https:\/\/techmasterdemexico.com\/en\/wp-json\/wp\/v2\/product_cat?post=7707"},{"taxonomy":"product_tag","embeddable":true,"href":"https:\/\/techmasterdemexico.com\/en\/wp-json\/wp\/v2\/product_tag?post=7707"}],"curies":[{"name":"wp","href":"https:\/\/api.w.org\/{rel}","templated":true}]}}