{"id":7692,"date":"2021-07-07T20:06:06","date_gmt":"2021-07-07T20:06:06","guid":{"rendered":"http:\/\/techmastermx.ddns.net\/?post_type=product&#038;p=7692"},"modified":"2021-12-28T21:41:39","modified_gmt":"2021-12-28T21:41:39","slug":"series-sx-microscopio-estereoscopico-resistente-y-de-alta-calidad","status":"publish","type":"product","link":"https:\/\/techmasterdemexico.com\/en\/producto\/series-sx-microscopio-estereoscopico-resistente-y-de-alta-calidad\/","title":{"rendered":"Series Sx Microscopio estereosc\u00f3pico resistente y de alta calidad"},"content":{"rendered":"<p>SERIES SX<\/p>\n<p>Microscopios resistentes y de alta calidad para cada aplicaci\u00f3n<\/p>\n<p>Ya sea que desee un microscopio estereosc\u00f3pico resistente y de alta calidad para una aplicaci\u00f3n particular o que quiera normalizar en un solo rango con varios modelos de los cuales elegir, la familia SX de microscopios estereosc\u00f3picos de Vision Engineering deber\u00eda estar al principio de su lista.<\/p>\n<p>Detalles Finos<\/p>\n<p>Desde el Greenough SX25 Elite, de nivel b\u00e1sico, hasta el modelo CMO (objetivo principal com\u00fan) SX100, un microscopio est\u00e9reo SX de Vision Engineering le permitir\u00e1 observar el objeto con una claridad excepcional y el detalle que necesita.<\/p>\n<p>Percepci\u00f3n de la profundidad mejorada<\/p>\n<p>Nuestros microscopios estereosc\u00f3picos le permiten tener una percepci\u00f3n real de las profundidades de las superficies, lo cual hace que sea f\u00e1cil y natural trabajar con herramientas para ensamblar, reparar, inspeccionar o interactuar con el objeto.<\/p>\n<p>Altamente configurable<\/p>\n<p>Independientemente de su aplicaci\u00f3n o entorno, puede configurar un microscopio SX de Vision Engineering para que se adapte a sus necesidades exactas con una gama de opciones de alta calidad. Una variedad de oculares, lentes objetivas, accesorios y soportes le permiten configurar un microscopio que sea exactamente el adecuado para usted.<\/p>\n<p>Captura de imagen f\u00e1cil<\/p>\n<p>Nuestra captura de imagen f\u00e1cil, que es ideal para una variedad de requerimientos, es compatible con todas sus necesidades de intercambio, generaci\u00f3n de informes, capacitaci\u00f3n, archivado, cumplimiento y comunicaciones de terceros.<\/p>\n<p>Una gama. Dos familias. Elecci\u00f3n excepcional.<\/p>\n<p>SX Elite es una familia de tres microscopios Greenough que ofrecen aumentos de 190x y 200x, as\u00ed como distancias de trabajo de hasta 220 mm (8,6\u2033). Estos microscopios son ideales para tareas de inspecci\u00f3n, ensamblaje y reelaboraci\u00f3n. El SX80 y el SX100 son microscopios est\u00e9reo binoculares con CMO (objetivo principal com\u00fan) y ofrecen un mayor rango de zoom, aumentos superiores y una construcci\u00f3n modular para configuraciones m\u00e1s vers\u00e1tiles.<\/p>\n<p>&nbsp;<\/p>\n","protected":false},"excerpt":{"rendered":"<p>SERIES SX Microscopios resistentes y de alta calidad para cada aplicaci\u00f3n Ya sea que desee un microscopio estereosc\u00f3pico resistente y de alta calidad para una aplicaci\u00f3n particular o que quiera normalizar en un solo rango con varios modelos de los cuales elegir, la familia SX de microscopios estereosc\u00f3picos de Vision Engineering deber\u00eda estar al principio [&hellip;]<\/p>\n","protected":false},"featured_media":7694,"template":"","meta":{"_acf_changed":false},"pwb-brand":[83],"product_brand":[],"product_cat":[366,76,52],"product_tag":[],"class_list":{"0":"post-7692","1":"product","2":"type-product","3":"status-publish","4":"has-post-thumbnail","6":"pwb-brand-vision-engineering","7":"product_cat-todos-los-productos","8":"product_cat-microscopios-estereoscopios","9":"product_cat-vision-engineering","11":"first","12":"instock","13":"taxable","14":"shipping-taxable","15":"product-type-simple"},"acf":[],"yoast_head":"<!-- This site is optimized with the Yoast SEO plugin v27.4 - https:\/\/yoast.com\/product\/yoast-seo-wordpress\/ -->\n<title>Series Sx Microscopio estereosc\u00f3pico resistente y de alta calidad - Techmaster de Mexico<\/title>\n<meta name=\"robots\" content=\"index, follow, max-snippet:-1, max-image-preview:large, max-video-preview:-1\" \/>\n<link rel=\"canonical\" href=\"https:\/\/techmasterdemexico.com\/producto\/series-sx-microscopio-estereoscopico-resistente-y-de-alta-calidad\/\" \/>\n<meta property=\"og:locale\" content=\"en_US\" \/>\n<meta property=\"og:type\" content=\"article\" \/>\n<meta property=\"og:title\" content=\"Series Sx Microscopio estereosc\u00f3pico resistente y de alta calidad - Techmaster de Mexico\" \/>\n<meta property=\"og:description\" content=\"SERIES SX Microscopios resistentes y de alta calidad para cada aplicaci\u00f3n Ya sea que desee un microscopio estereosc\u00f3pico resistente y de alta calidad para una aplicaci\u00f3n particular o que quiera normalizar en un solo rango con varios modelos de los cuales elegir, la familia SX de microscopios estereosc\u00f3picos de Vision Engineering deber\u00eda estar al principio [&hellip;]\" \/>\n<meta property=\"og:url\" content=\"https:\/\/techmasterdemexico.com\/producto\/series-sx-microscopio-estereoscopico-resistente-y-de-alta-calidad\/\" \/>\n<meta property=\"og:site_name\" content=\"Techmaster de Mexico\" \/>\n<meta property=\"article:modified_time\" content=\"2021-12-28T21:41:39+00:00\" \/>\n<meta property=\"og:image\" content=\"https:\/\/techmasterdemexico.com\/wp-content\/uploads\/2021\/07\/06-SX_stereo-microscopes-range_900x900px-400x400-1.jpg\" \/>\n\t<meta property=\"og:image:width\" content=\"400\" \/>\n\t<meta property=\"og:image:height\" content=\"400\" \/>\n\t<meta property=\"og:image:type\" content=\"image\/jpeg\" \/>\n<meta name=\"twitter:card\" content=\"summary_large_image\" \/>\n<meta name=\"twitter:label1\" content=\"Est. reading time\" \/>\n\t<meta name=\"twitter:data1\" content=\"2 minutes\" \/>\n<script type=\"application\/ld+json\" class=\"yoast-schema-graph\">{\"@context\":\"https:\\\/\\\/schema.org\",\"@graph\":[{\"@type\":\"WebPage\",\"@id\":\"https:\\\/\\\/techmasterdemexico.com\\\/producto\\\/series-sx-microscopio-estereoscopico-resistente-y-de-alta-calidad\\\/\",\"url\":\"https:\\\/\\\/techmasterdemexico.com\\\/producto\\\/series-sx-microscopio-estereoscopico-resistente-y-de-alta-calidad\\\/\",\"name\":\"Series Sx Microscopio estereosc\u00f3pico resistente y de alta calidad - Techmaster de Mexico\",\"isPartOf\":{\"@id\":\"https:\\\/\\\/techmasterdemexico.com\\\/#website\"},\"primaryImageOfPage\":{\"@id\":\"https:\\\/\\\/techmasterdemexico.com\\\/producto\\\/series-sx-microscopio-estereoscopico-resistente-y-de-alta-calidad\\\/#primaryimage\"},\"image\":{\"@id\":\"https:\\\/\\\/techmasterdemexico.com\\\/producto\\\/series-sx-microscopio-estereoscopico-resistente-y-de-alta-calidad\\\/#primaryimage\"},\"thumbnailUrl\":\"https:\\\/\\\/techmasterdemexico.com\\\/wp-content\\\/uploads\\\/2021\\\/07\\\/06-SX_stereo-microscopes-range_900x900px-400x400-1.jpg\",\"datePublished\":\"2021-07-07T20:06:06+00:00\",\"dateModified\":\"2021-12-28T21:41:39+00:00\",\"breadcrumb\":{\"@id\":\"https:\\\/\\\/techmasterdemexico.com\\\/producto\\\/series-sx-microscopio-estereoscopico-resistente-y-de-alta-calidad\\\/#breadcrumb\"},\"inLanguage\":\"en-US\",\"potentialAction\":[{\"@type\":\"ReadAction\",\"target\":[\"https:\\\/\\\/techmasterdemexico.com\\\/producto\\\/series-sx-microscopio-estereoscopico-resistente-y-de-alta-calidad\\\/\"]}]},{\"@type\":\"ImageObject\",\"inLanguage\":\"en-US\",\"@id\":\"https:\\\/\\\/techmasterdemexico.com\\\/producto\\\/series-sx-microscopio-estereoscopico-resistente-y-de-alta-calidad\\\/#primaryimage\",\"url\":\"https:\\\/\\\/techmasterdemexico.com\\\/wp-content\\\/uploads\\\/2021\\\/07\\\/06-SX_stereo-microscopes-range_900x900px-400x400-1.jpg\",\"contentUrl\":\"https:\\\/\\\/techmasterdemexico.com\\\/wp-content\\\/uploads\\\/2021\\\/07\\\/06-SX_stereo-microscopes-range_900x900px-400x400-1.jpg\",\"width\":400,\"height\":400},{\"@type\":\"BreadcrumbList\",\"@id\":\"https:\\\/\\\/techmasterdemexico.com\\\/producto\\\/series-sx-microscopio-estereoscopico-resistente-y-de-alta-calidad\\\/#breadcrumb\",\"itemListElement\":[{\"@type\":\"ListItem\",\"position\":1,\"name\":\"Portada\",\"item\":\"https:\\\/\\\/techmasterdemexico.com\\\/\"},{\"@type\":\"ListItem\",\"position\":2,\"name\":\"Series Sx Microscopio estereosc\u00f3pico resistente y de alta calidad\"}]},{\"@type\":\"WebSite\",\"@id\":\"https:\\\/\\\/techmasterdemexico.com\\\/#website\",\"url\":\"https:\\\/\\\/techmasterdemexico.com\\\/\",\"name\":\"Techmaster de Mexico\",\"description\":\"\",\"potentialAction\":[{\"@type\":\"SearchAction\",\"target\":{\"@type\":\"EntryPoint\",\"urlTemplate\":\"https:\\\/\\\/techmasterdemexico.com\\\/?s={search_term_string}\"},\"query-input\":{\"@type\":\"PropertyValueSpecification\",\"valueRequired\":true,\"valueName\":\"search_term_string\"}}],\"inLanguage\":\"en-US\"}]}<\/script>\n<!-- \/ Yoast SEO plugin. -->","yoast_head_json":{"title":"Series Sx Microscopio estereosc\u00f3pico resistente y de alta calidad - Techmaster de Mexico","robots":{"index":"index","follow":"follow","max-snippet":"max-snippet:-1","max-image-preview":"max-image-preview:large","max-video-preview":"max-video-preview:-1"},"canonical":"https:\/\/techmasterdemexico.com\/producto\/series-sx-microscopio-estereoscopico-resistente-y-de-alta-calidad\/","og_locale":"en_US","og_type":"article","og_title":"Series Sx Microscopio estereosc\u00f3pico resistente y de alta calidad - Techmaster de Mexico","og_description":"SERIES SX Microscopios resistentes y de alta calidad para cada aplicaci\u00f3n Ya sea que desee un microscopio estereosc\u00f3pico resistente y de alta calidad para una aplicaci\u00f3n particular o que quiera normalizar en un solo rango con varios modelos de los cuales elegir, la familia SX de microscopios estereosc\u00f3picos de Vision Engineering deber\u00eda estar al principio [&hellip;]","og_url":"https:\/\/techmasterdemexico.com\/producto\/series-sx-microscopio-estereoscopico-resistente-y-de-alta-calidad\/","og_site_name":"Techmaster de Mexico","article_modified_time":"2021-12-28T21:41:39+00:00","og_image":[{"width":400,"height":400,"url":"https:\/\/techmasterdemexico.com\/wp-content\/uploads\/2021\/07\/06-SX_stereo-microscopes-range_900x900px-400x400-1.jpg","type":"image\/jpeg"}],"twitter_card":"summary_large_image","twitter_misc":{"Est. reading time":"2 minutes"},"schema":{"@context":"https:\/\/schema.org","@graph":[{"@type":"WebPage","@id":"https:\/\/techmasterdemexico.com\/producto\/series-sx-microscopio-estereoscopico-resistente-y-de-alta-calidad\/","url":"https:\/\/techmasterdemexico.com\/producto\/series-sx-microscopio-estereoscopico-resistente-y-de-alta-calidad\/","name":"Series Sx Microscopio estereosc\u00f3pico resistente y de alta calidad - Techmaster de Mexico","isPartOf":{"@id":"https:\/\/techmasterdemexico.com\/#website"},"primaryImageOfPage":{"@id":"https:\/\/techmasterdemexico.com\/producto\/series-sx-microscopio-estereoscopico-resistente-y-de-alta-calidad\/#primaryimage"},"image":{"@id":"https:\/\/techmasterdemexico.com\/producto\/series-sx-microscopio-estereoscopico-resistente-y-de-alta-calidad\/#primaryimage"},"thumbnailUrl":"https:\/\/techmasterdemexico.com\/wp-content\/uploads\/2021\/07\/06-SX_stereo-microscopes-range_900x900px-400x400-1.jpg","datePublished":"2021-07-07T20:06:06+00:00","dateModified":"2021-12-28T21:41:39+00:00","breadcrumb":{"@id":"https:\/\/techmasterdemexico.com\/producto\/series-sx-microscopio-estereoscopico-resistente-y-de-alta-calidad\/#breadcrumb"},"inLanguage":"en-US","potentialAction":[{"@type":"ReadAction","target":["https:\/\/techmasterdemexico.com\/producto\/series-sx-microscopio-estereoscopico-resistente-y-de-alta-calidad\/"]}]},{"@type":"ImageObject","inLanguage":"en-US","@id":"https:\/\/techmasterdemexico.com\/producto\/series-sx-microscopio-estereoscopico-resistente-y-de-alta-calidad\/#primaryimage","url":"https:\/\/techmasterdemexico.com\/wp-content\/uploads\/2021\/07\/06-SX_stereo-microscopes-range_900x900px-400x400-1.jpg","contentUrl":"https:\/\/techmasterdemexico.com\/wp-content\/uploads\/2021\/07\/06-SX_stereo-microscopes-range_900x900px-400x400-1.jpg","width":400,"height":400},{"@type":"BreadcrumbList","@id":"https:\/\/techmasterdemexico.com\/producto\/series-sx-microscopio-estereoscopico-resistente-y-de-alta-calidad\/#breadcrumb","itemListElement":[{"@type":"ListItem","position":1,"name":"Portada","item":"https:\/\/techmasterdemexico.com\/"},{"@type":"ListItem","position":2,"name":"Series Sx Microscopio estereosc\u00f3pico resistente y de alta calidad"}]},{"@type":"WebSite","@id":"https:\/\/techmasterdemexico.com\/#website","url":"https:\/\/techmasterdemexico.com\/","name":"Techmaster de Mexico","description":"","potentialAction":[{"@type":"SearchAction","target":{"@type":"EntryPoint","urlTemplate":"https:\/\/techmasterdemexico.com\/?s={search_term_string}"},"query-input":{"@type":"PropertyValueSpecification","valueRequired":true,"valueName":"search_term_string"}}],"inLanguage":"en-US"}]}},"brands":[{"id":83,"name":"Vision Engineering","slug":"vision-engineering"}],"_links":{"self":[{"href":"https:\/\/techmasterdemexico.com\/en\/wp-json\/wp\/v2\/product\/7692","targetHints":{"allow":["GET"]}}],"collection":[{"href":"https:\/\/techmasterdemexico.com\/en\/wp-json\/wp\/v2\/product"}],"about":[{"href":"https:\/\/techmasterdemexico.com\/en\/wp-json\/wp\/v2\/types\/product"}],"wp:featuredmedia":[{"embeddable":true,"href":"https:\/\/techmasterdemexico.com\/en\/wp-json\/wp\/v2\/media\/7694"}],"wp:attachment":[{"href":"https:\/\/techmasterdemexico.com\/en\/wp-json\/wp\/v2\/media?parent=7692"}],"wp:term":[{"taxonomy":"pwb-brand","embeddable":true,"href":"https:\/\/techmasterdemexico.com\/en\/wp-json\/wp\/v2\/pwb-brand?post=7692"},{"taxonomy":"product_brand","embeddable":true,"href":"https:\/\/techmasterdemexico.com\/en\/wp-json\/wp\/v2\/product_brand?post=7692"},{"taxonomy":"product_cat","embeddable":true,"href":"https:\/\/techmasterdemexico.com\/en\/wp-json\/wp\/v2\/product_cat?post=7692"},{"taxonomy":"product_tag","embeddable":true,"href":"https:\/\/techmasterdemexico.com\/en\/wp-json\/wp\/v2\/product_tag?post=7692"}],"curies":[{"name":"wp","href":"https:\/\/api.w.org\/{rel}","templated":true}]}}