{"id":7691,"date":"2021-07-07T19:57:39","date_gmt":"2021-07-07T19:57:39","guid":{"rendered":"http:\/\/techmastermx.ddns.net\/?post_type=product&#038;p=7691"},"modified":"2021-12-28T21:41:39","modified_gmt":"2021-12-28T21:41:39","slug":"mantis-microscopio-estereoscopico-3d-ergonomico","status":"publish","type":"product","link":"https:\/\/techmasterdemexico.com\/en\/producto\/mantis-microscopio-estereoscopico-3d-ergonomico\/","title":{"rendered":"Mantis Microscopio estereosc\u00f3pico 3D ergon\u00f3mico"},"content":{"rendered":"<p>MANTIS<\/p>\n<p>Ergon\u00f3micos. Vers\u00e1tiles. Productivos.<\/p>\n<p>Mantis es una gama galardonada de microscopios estereosc\u00f3picos 3D ergon\u00f3micos que ofrecen una comodidad excepcional al operador e im\u00e1genes en 3D inmejorables. Sin oculares inc\u00f3modos y sin la necesidad de encorvarse sobre ellos, los operadores pueden aumentar la productividad a trav\u00e9s de una experiencia de visualizaci\u00f3n sin estr\u00e9s. Pueden ver y hacer m\u00e1s de lo que es posible con los microscopios convencionales.<\/p>\n<p>Ergon\u00f3micos<\/p>\n<p>El dise\u00f1o ergon\u00f3mico inigualable de Mantis permite que los ojos y las manos trabajen en conjunto de forma natural para reducir la fatiga y la vista cansada del operador. Una menor incomodidad da lugar a una mayor eficiencia y elevada productividad, incluso, a lo largo de sesiones prolongadas. Una percepci\u00f3n mejorada de la profundad y un mejor acceso a la visi\u00f3n perif\u00e9rica implican que es m\u00e1s f\u00e1cil trabajar con herramientas y objetos. Incluso puede usar el Mantis sin quitarse los anteojos.<\/p>\n<p>Vers\u00e1tiles<\/p>\n<p>Hay un Mantis para cualquier situaci\u00f3n en la cual usar\u00eda alternativamente una lupa de mesa con luz o un microscopio estereosc\u00f3pico tradicional. Mantis, dise\u00f1ado para brindar precisi\u00f3n en el lugar de trabajo industrial, es ideal para realizar inspecciones de calidad de ensamblajes, reparaciones y reelaboraciones, preparaci\u00f3n de muestras y disecci\u00f3n, y m\u00e1s. Mantis es el microscopio estereosc\u00f3pico 3D que eligen las distintas industrias, como la aeroespacial, automotriz, de las telecomunicaciones y la fabricaci\u00f3n. Si necesita una vista ampliada, necesita Mantis.<\/p>\n<p>Productivos<\/p>\n<p>Los microscopios estereosc\u00f3picos sin oculares Mantis no solo brinda excelentes im\u00e1genes en 3D, sino que tambi\u00e9n da libertad de movimiento de la cabeza. Esto significa que los operadores pueden mover la vista alrededor del objeto, en lugar de estar limitados a una vista en 2D desde arriba. \u00daselos para tareas de inspecci\u00f3n, preparaci\u00f3n y manipulaci\u00f3n, en las cuales la coordinaci\u00f3n entre manos y ojos es esencial.<\/p>\n<p>Configurado para usted<\/p>\n<p>Mantis funciona de la forma que usted desea. Elija entre el soporte universal que libera espacio (se muestra en la imagen), un soporte de mesa de alta estabilidad, un brazo articulado para un alcance mayor o el soporte de piso para inspeccionar objetos inm\u00f3viles.<\/p>\n<p>Funci\u00f3n de captura de imagen y video<\/p>\n<p>Mantis Elite-Cam HD cuenta con una c\u00e1mara de alta definici\u00f3n integrada, con el vers\u00e1til software de captura de imagen y video ViCapture, adem\u00e1s de la capacidad de agregar anotaciones a las im\u00e1genes capturadas. Una variedad de paquetes de software avanzado brindan herramientas de documentaci\u00f3n y an\u00e1lisis, mejora y dimensionado en pantalla. (ViFox, ViPlus, DimensionOne)<\/p>\n<p>Control fluido y sensible<\/p>\n<p>Cuando se usa con un soporte de mesa, la platina flotante proporciona un control fluido pero sensible para reducir la manipulaci\u00f3n de muestras delicadas.<\/p>\n<p>Iluminaci\u00f3n intercambiable<\/p>\n<p>Alterne seg\u00fan lo que necesite entre luz UV y blanca (Mantis Elite y Mantis Elite-Cam HD) para obtener una detecci\u00f3n r\u00e1pida y precisa de defectos. Ofrece iluminaci\u00f3n por cuadrantes y control dual de atenuaci\u00f3n.<\/p>\n<p>Inspecci\u00f3n de orificios<\/p>\n<p>Este iluminador episc\u00f3pico proporciona iluminaci\u00f3n a trav\u00e9s de la lente para la inspecci\u00f3n de orificios y atributos complejos, con la ayuda de un ajuste preciso del iris para controlar minuciosamente la iluminaci\u00f3n.<\/p>\n<p>Usos<\/p>\n<p>Mantis es ideal para una amplia variedad de usos de ingenier\u00eda de precisi\u00f3n, lo cual incluye componentes electr\u00f3nicos y PCB; aeroespaciales y automotrices; m\u00e9dicos y dentales; restauraci\u00f3n capilar; agricultura; educaci\u00f3n; restauraci\u00f3n; reparaci\u00f3n y grabado; estudios forenses y mucho m\u00e1s.<\/p>\n<p>Ingenier\u00eda de precisi\u00f3n<\/p>\n<p>La visualizaci\u00f3n clara y el bajo nivel de fatiga del operador que Mantis hace posible lo convierten en el microscopio perfecto para inspeccionar componentes en busca de defectos.<\/p>\n<p>M\u00e9dico<\/p>\n<p>Las im\u00e1genes brillantes y la facilidad de uso hacen que Mantis sea una gran opci\u00f3n para la inspecci\u00f3n de stents, cat\u00e9teres y otros productos m\u00e9dicos.<\/p>\n<p>Componentes electr\u00f3nicos<\/p>\n<p>La mayor coordinaci\u00f3n entre manos y ojos y el menor nivel de fatiga del operador hacen que los trabajos como soldar, inspeccionar PCB y hacer reelaboraciones sean f\u00e1ciles, incluso durante periodos prolongados.<\/p>\n<p>Laboratorios y ciencias biol\u00f3gicas<\/p>\n<p>Los usos de alta concentraci\u00f3n que requieren periodos largos de concentraci\u00f3n intensa, como la preparaci\u00f3n de muestras, la disecci\u00f3n y la manipulaci\u00f3n, pueden realizarse con comodidad. Se pueden usar gafas de seguridad, y el Mantis incluso se puede usar en una cabina de flujo laminar.<\/p>\n<p>Pl\u00e1sticos y caucho<\/p>\n<p>Mantis hace que el control de calidad de sellos de caucho y componentes pl\u00e1sticos (as\u00ed como la inspecci\u00f3n y reelaboraci\u00f3n; por ejemplo, la remoci\u00f3n de los excedentes de caucho y otros defectos del moldeado por inyecci\u00f3n) sea m\u00e1s f\u00e1cil y r\u00e1pido.<\/p>\n<p>Dental<\/p>\n<p>Mantis es una buena elecci\u00f3n para los trabajos de precisi\u00f3n como el ajuste de las pr\u00f3tesis dentales, tarea que requiere el aumento para inspeccionar los molares, para la reelaboraci\u00f3n y para comprobar que coincida el color del producto final.<\/p>\n<p>&nbsp;<\/p>\n","protected":false},"excerpt":{"rendered":"<p>MANTIS Ergon\u00f3micos. Vers\u00e1tiles. Productivos. Mantis es una gama galardonada de microscopios estereosc\u00f3picos 3D ergon\u00f3micos que ofrecen una comodidad excepcional al operador e im\u00e1genes en 3D inmejorables. Sin oculares inc\u00f3modos y sin la necesidad de encorvarse sobre ellos, los operadores pueden aumentar la productividad a trav\u00e9s de una experiencia de visualizaci\u00f3n sin estr\u00e9s. Pueden ver y [&hellip;]<\/p>\n","protected":false},"featured_media":7677,"template":"","meta":{"_acf_changed":false},"pwb-brand":[83],"product_brand":[],"product_cat":[366,76,52],"product_tag":[],"class_list":{"0":"post-7691","1":"product","2":"type-product","3":"status-publish","4":"has-post-thumbnail","6":"pwb-brand-vision-engineering","7":"product_cat-todos-los-productos","8":"product_cat-microscopios-estereoscopios","9":"product_cat-vision-engineering","11":"first","12":"instock","13":"taxable","14":"shipping-taxable","15":"product-type-simple"},"acf":[],"yoast_head":"<!-- This site is optimized with the Yoast SEO plugin v27.5 - https:\/\/yoast.com\/product\/yoast-seo-wordpress\/ -->\n<title>Mantis Microscopio estereosc\u00f3pico 3D ergon\u00f3mico - Techmaster de Mexico<\/title>\n<meta name=\"robots\" content=\"index, follow, max-snippet:-1, max-image-preview:large, max-video-preview:-1\" \/>\n<link rel=\"canonical\" href=\"https:\/\/techmasterdemexico.com\/producto\/mantis-microscopio-estereoscopico-3d-ergonomico\/\" \/>\n<meta property=\"og:locale\" content=\"en_US\" \/>\n<meta property=\"og:type\" content=\"article\" \/>\n<meta property=\"og:title\" content=\"Mantis Microscopio estereosc\u00f3pico 3D ergon\u00f3mico - Techmaster de Mexico\" \/>\n<meta property=\"og:description\" content=\"MANTIS Ergon\u00f3micos. Vers\u00e1tiles. Productivos. Mantis es una gama galardonada de microscopios estereosc\u00f3picos 3D ergon\u00f3micos que ofrecen una comodidad excepcional al operador e im\u00e1genes en 3D inmejorables. Sin oculares inc\u00f3modos y sin la necesidad de encorvarse sobre ellos, los operadores pueden aumentar la productividad a trav\u00e9s de una experiencia de visualizaci\u00f3n sin estr\u00e9s. Pueden ver y [&hellip;]\" \/>\n<meta property=\"og:url\" content=\"https:\/\/techmasterdemexico.com\/producto\/mantis-microscopio-estereoscopico-3d-ergonomico\/\" \/>\n<meta property=\"og:site_name\" content=\"Techmaster de Mexico\" \/>\n<meta property=\"article:modified_time\" content=\"2021-12-28T21:41:39+00:00\" \/>\n<meta property=\"og:image\" content=\"https:\/\/techmasterdemexico.com\/wp-content\/uploads\/2021\/07\/09-Mantis-stereo-microscope-smooth-sensitive-control-bench-stand-floating-stage-768x572px-600x447-1.jpg\" \/>\n\t<meta property=\"og:image:width\" content=\"600\" \/>\n\t<meta property=\"og:image:height\" content=\"447\" \/>\n\t<meta property=\"og:image:type\" content=\"image\/jpeg\" \/>\n<meta name=\"twitter:card\" content=\"summary_large_image\" \/>\n<meta name=\"twitter:label1\" content=\"Est. reading time\" \/>\n\t<meta name=\"twitter:data1\" content=\"4 minutes\" \/>\n<script type=\"application\/ld+json\" class=\"yoast-schema-graph\">{\"@context\":\"https:\\\/\\\/schema.org\",\"@graph\":[{\"@type\":\"WebPage\",\"@id\":\"https:\\\/\\\/techmasterdemexico.com\\\/producto\\\/mantis-microscopio-estereoscopico-3d-ergonomico\\\/\",\"url\":\"https:\\\/\\\/techmasterdemexico.com\\\/producto\\\/mantis-microscopio-estereoscopico-3d-ergonomico\\\/\",\"name\":\"Mantis Microscopio estereosc\u00f3pico 3D ergon\u00f3mico - Techmaster de Mexico\",\"isPartOf\":{\"@id\":\"https:\\\/\\\/techmasterdemexico.com\\\/#website\"},\"primaryImageOfPage\":{\"@id\":\"https:\\\/\\\/techmasterdemexico.com\\\/producto\\\/mantis-microscopio-estereoscopico-3d-ergonomico\\\/#primaryimage\"},\"image\":{\"@id\":\"https:\\\/\\\/techmasterdemexico.com\\\/producto\\\/mantis-microscopio-estereoscopico-3d-ergonomico\\\/#primaryimage\"},\"thumbnailUrl\":\"https:\\\/\\\/techmasterdemexico.com\\\/wp-content\\\/uploads\\\/2021\\\/07\\\/09-Mantis-stereo-microscope-smooth-sensitive-control-bench-stand-floating-stage-768x572px-600x447-1.jpg\",\"datePublished\":\"2021-07-07T19:57:39+00:00\",\"dateModified\":\"2021-12-28T21:41:39+00:00\",\"breadcrumb\":{\"@id\":\"https:\\\/\\\/techmasterdemexico.com\\\/producto\\\/mantis-microscopio-estereoscopico-3d-ergonomico\\\/#breadcrumb\"},\"inLanguage\":\"en-US\",\"potentialAction\":[{\"@type\":\"ReadAction\",\"target\":[\"https:\\\/\\\/techmasterdemexico.com\\\/producto\\\/mantis-microscopio-estereoscopico-3d-ergonomico\\\/\"]}]},{\"@type\":\"ImageObject\",\"inLanguage\":\"en-US\",\"@id\":\"https:\\\/\\\/techmasterdemexico.com\\\/producto\\\/mantis-microscopio-estereoscopico-3d-ergonomico\\\/#primaryimage\",\"url\":\"https:\\\/\\\/techmasterdemexico.com\\\/wp-content\\\/uploads\\\/2021\\\/07\\\/09-Mantis-stereo-microscope-smooth-sensitive-control-bench-stand-floating-stage-768x572px-600x447-1.jpg\",\"contentUrl\":\"https:\\\/\\\/techmasterdemexico.com\\\/wp-content\\\/uploads\\\/2021\\\/07\\\/09-Mantis-stereo-microscope-smooth-sensitive-control-bench-stand-floating-stage-768x572px-600x447-1.jpg\",\"width\":600,\"height\":447},{\"@type\":\"BreadcrumbList\",\"@id\":\"https:\\\/\\\/techmasterdemexico.com\\\/producto\\\/mantis-microscopio-estereoscopico-3d-ergonomico\\\/#breadcrumb\",\"itemListElement\":[{\"@type\":\"ListItem\",\"position\":1,\"name\":\"Portada\",\"item\":\"https:\\\/\\\/techmasterdemexico.com\\\/\"},{\"@type\":\"ListItem\",\"position\":2,\"name\":\"Mantis Microscopio estereosc\u00f3pico 3D ergon\u00f3mico\"}]},{\"@type\":\"WebSite\",\"@id\":\"https:\\\/\\\/techmasterdemexico.com\\\/#website\",\"url\":\"https:\\\/\\\/techmasterdemexico.com\\\/\",\"name\":\"Techmaster de Mexico\",\"description\":\"\",\"potentialAction\":[{\"@type\":\"SearchAction\",\"target\":{\"@type\":\"EntryPoint\",\"urlTemplate\":\"https:\\\/\\\/techmasterdemexico.com\\\/?s={search_term_string}\"},\"query-input\":{\"@type\":\"PropertyValueSpecification\",\"valueRequired\":true,\"valueName\":\"search_term_string\"}}],\"inLanguage\":\"en-US\"}]}<\/script>\n<!-- \/ Yoast SEO plugin. -->","yoast_head_json":{"title":"Mantis Microscopio estereosc\u00f3pico 3D ergon\u00f3mico - Techmaster de Mexico","robots":{"index":"index","follow":"follow","max-snippet":"max-snippet:-1","max-image-preview":"max-image-preview:large","max-video-preview":"max-video-preview:-1"},"canonical":"https:\/\/techmasterdemexico.com\/producto\/mantis-microscopio-estereoscopico-3d-ergonomico\/","og_locale":"en_US","og_type":"article","og_title":"Mantis Microscopio estereosc\u00f3pico 3D ergon\u00f3mico - Techmaster de Mexico","og_description":"MANTIS Ergon\u00f3micos. Vers\u00e1tiles. Productivos. Mantis es una gama galardonada de microscopios estereosc\u00f3picos 3D ergon\u00f3micos que ofrecen una comodidad excepcional al operador e im\u00e1genes en 3D inmejorables. Sin oculares inc\u00f3modos y sin la necesidad de encorvarse sobre ellos, los operadores pueden aumentar la productividad a trav\u00e9s de una experiencia de visualizaci\u00f3n sin estr\u00e9s. Pueden ver y [&hellip;]","og_url":"https:\/\/techmasterdemexico.com\/producto\/mantis-microscopio-estereoscopico-3d-ergonomico\/","og_site_name":"Techmaster de Mexico","article_modified_time":"2021-12-28T21:41:39+00:00","og_image":[{"width":600,"height":447,"url":"https:\/\/techmasterdemexico.com\/wp-content\/uploads\/2021\/07\/09-Mantis-stereo-microscope-smooth-sensitive-control-bench-stand-floating-stage-768x572px-600x447-1.jpg","type":"image\/jpeg"}],"twitter_card":"summary_large_image","twitter_misc":{"Est. reading time":"4 minutes"},"schema":{"@context":"https:\/\/schema.org","@graph":[{"@type":"WebPage","@id":"https:\/\/techmasterdemexico.com\/producto\/mantis-microscopio-estereoscopico-3d-ergonomico\/","url":"https:\/\/techmasterdemexico.com\/producto\/mantis-microscopio-estereoscopico-3d-ergonomico\/","name":"Mantis Microscopio estereosc\u00f3pico 3D ergon\u00f3mico - Techmaster de Mexico","isPartOf":{"@id":"https:\/\/techmasterdemexico.com\/#website"},"primaryImageOfPage":{"@id":"https:\/\/techmasterdemexico.com\/producto\/mantis-microscopio-estereoscopico-3d-ergonomico\/#primaryimage"},"image":{"@id":"https:\/\/techmasterdemexico.com\/producto\/mantis-microscopio-estereoscopico-3d-ergonomico\/#primaryimage"},"thumbnailUrl":"https:\/\/techmasterdemexico.com\/wp-content\/uploads\/2021\/07\/09-Mantis-stereo-microscope-smooth-sensitive-control-bench-stand-floating-stage-768x572px-600x447-1.jpg","datePublished":"2021-07-07T19:57:39+00:00","dateModified":"2021-12-28T21:41:39+00:00","breadcrumb":{"@id":"https:\/\/techmasterdemexico.com\/producto\/mantis-microscopio-estereoscopico-3d-ergonomico\/#breadcrumb"},"inLanguage":"en-US","potentialAction":[{"@type":"ReadAction","target":["https:\/\/techmasterdemexico.com\/producto\/mantis-microscopio-estereoscopico-3d-ergonomico\/"]}]},{"@type":"ImageObject","inLanguage":"en-US","@id":"https:\/\/techmasterdemexico.com\/producto\/mantis-microscopio-estereoscopico-3d-ergonomico\/#primaryimage","url":"https:\/\/techmasterdemexico.com\/wp-content\/uploads\/2021\/07\/09-Mantis-stereo-microscope-smooth-sensitive-control-bench-stand-floating-stage-768x572px-600x447-1.jpg","contentUrl":"https:\/\/techmasterdemexico.com\/wp-content\/uploads\/2021\/07\/09-Mantis-stereo-microscope-smooth-sensitive-control-bench-stand-floating-stage-768x572px-600x447-1.jpg","width":600,"height":447},{"@type":"BreadcrumbList","@id":"https:\/\/techmasterdemexico.com\/producto\/mantis-microscopio-estereoscopico-3d-ergonomico\/#breadcrumb","itemListElement":[{"@type":"ListItem","position":1,"name":"Portada","item":"https:\/\/techmasterdemexico.com\/"},{"@type":"ListItem","position":2,"name":"Mantis Microscopio estereosc\u00f3pico 3D ergon\u00f3mico"}]},{"@type":"WebSite","@id":"https:\/\/techmasterdemexico.com\/#website","url":"https:\/\/techmasterdemexico.com\/","name":"Techmaster de Mexico","description":"","potentialAction":[{"@type":"SearchAction","target":{"@type":"EntryPoint","urlTemplate":"https:\/\/techmasterdemexico.com\/?s={search_term_string}"},"query-input":{"@type":"PropertyValueSpecification","valueRequired":true,"valueName":"search_term_string"}}],"inLanguage":"en-US"}]}},"brands":[{"id":83,"name":"Vision Engineering","slug":"vision-engineering"}],"_links":{"self":[{"href":"https:\/\/techmasterdemexico.com\/en\/wp-json\/wp\/v2\/product\/7691","targetHints":{"allow":["GET"]}}],"collection":[{"href":"https:\/\/techmasterdemexico.com\/en\/wp-json\/wp\/v2\/product"}],"about":[{"href":"https:\/\/techmasterdemexico.com\/en\/wp-json\/wp\/v2\/types\/product"}],"wp:featuredmedia":[{"embeddable":true,"href":"https:\/\/techmasterdemexico.com\/en\/wp-json\/wp\/v2\/media\/7677"}],"wp:attachment":[{"href":"https:\/\/techmasterdemexico.com\/en\/wp-json\/wp\/v2\/media?parent=7691"}],"wp:term":[{"taxonomy":"pwb-brand","embeddable":true,"href":"https:\/\/techmasterdemexico.com\/en\/wp-json\/wp\/v2\/pwb-brand?post=7691"},{"taxonomy":"product_brand","embeddable":true,"href":"https:\/\/techmasterdemexico.com\/en\/wp-json\/wp\/v2\/product_brand?post=7691"},{"taxonomy":"product_cat","embeddable":true,"href":"https:\/\/techmasterdemexico.com\/en\/wp-json\/wp\/v2\/product_cat?post=7691"},{"taxonomy":"product_tag","embeddable":true,"href":"https:\/\/techmasterdemexico.com\/en\/wp-json\/wp\/v2\/product_tag?post=7691"}],"curies":[{"name":"wp","href":"https:\/\/api.w.org\/{rel}","templated":true}]}}