{"id":7682,"date":"2021-07-07T19:55:02","date_gmt":"2021-07-07T19:55:02","guid":{"rendered":"http:\/\/techmastermx.ddns.net\/?post_type=product&#038;p=7682"},"modified":"2021-12-28T21:41:40","modified_gmt":"2021-12-28T21:41:40","slug":"lynx-evo-microscipio-estereo-sin-oculares","status":"publish","type":"product","link":"https:\/\/techmasterdemexico.com\/en\/producto\/lynx-evo-microscipio-estereo-sin-oculares\/","title":{"rendered":"Lynx EVO Microscipio est\u00e9reo sin oculares"},"content":{"rendered":"<p>LYNX EVO<\/p>\n<p>Trabaje mejor durante m\u00e1s tiempo<\/p>\n<p>El Lynx EVO fue dise\u00f1ado para aumentar la productividad mediante una ergonom\u00eda superior. Independientemente de su desaf\u00edo (inspecci\u00f3n, producci\u00f3n, reelaboraci\u00f3n o cualquier otra tarea que requiera aumento), la percepci\u00f3n de la profundidad en 3D y las im\u00e1genes brillantes, de alta resoluci\u00f3n y alto contraste le permiten trabajar con comodidad y mayor concentraci\u00f3n. Los aumentos de 2,7x a 240x hacen que sea ideal para una amplia gama de aplicaciones.<\/p>\n<p>Mayor eficiencia<\/p>\n<p>Al proporcionar una mejor coordinaci\u00f3n entre manos y ojos, m\u00e1s espacio de trabajo para herramientas y mejor visi\u00f3n perif\u00e9rica para interactuar f\u00e1cilmente con su entorno de trabajo, el Lynx EVO transforma la forma en la que trabaja. Y como no hay oculares que deba ajustar, es f\u00e1cil compartir entre varios usuarios, aumentar la productividad y garantizar un m\u00e1ximo retorno de su inversi\u00f3n.<\/p>\n<p>Tecnolog\u00eda Dynascope para im\u00e1genes superiores<\/p>\n<p>Dynascope ha redefinido la ciencia de la microscop\u00eda: super\u00f3 las limitaciones f\u00edsicas de los microscopios convencionales para ayudar a los laboratorios y talleres a incrementar la calidad y productividad. En el n\u00facleo tiene un disco multilenticular que incorpora m\u00e1s de 3,5 millones de lentes individuales (o \u201clent\u00edculas\u201d). Cada una tiene solo unos pocos micrones de di\u00e1metro. El disco multilenticular gira a alta velocidad para fusionar Los millones de trayectorias \u00f3pticas individuales y formar una sola imagen de alto contraste y gran calidad.<\/p>\n<p>Facilidad de uso excepcional<\/p>\n<p>Lynx EVO es extremadamente f\u00e1cil de usar. No hay oculares que deba configurar para los diferentes usuarios, y puede controlar el enfoque y la iluminaci\u00f3n con ruedas simples. El control dual del iris se maneja con un solo mecanismo deslizante.<\/p>\n<p>Salud y productividad<\/p>\n<p>El galardonado Lynx EVO proporciona beneficios sustanciales en comparaci\u00f3n con los microscopios binoculares tradicionales. Estos incluyen la posibilidad de usar anteojos recetados o gafas de seguridad, im\u00e1genes superiores con menos fatiga de la vista, libertad de movimiento de la cabeza, mejor postura y comodidad del operador dr\u00e1sticamente mejorada incluso durante sesiones prolongadas. Todo esto junto proporciona una mayor productividad, una producci\u00f3n m\u00e1s r\u00e1pida, mejor coordinaci\u00f3n entre manos y ojos y menos errores.<\/p>\n<p>Sistema de base de Lynx EVO<\/p>\n<p>Altamente estable para trabajar con detalles peque\u00f1os con aumentos de hasta 240x, con iluminaci\u00f3n desde arriba y abajo para trabajar con objetos opacos, transl\u00facidos o perforados.<\/p>\n<p>Configuraci\u00f3n de la visualizaci\u00f3n en \u00e1ngulo de Lynx EVO<\/p>\n<p>Esta configuraci\u00f3n, que proporciona una visualizaci\u00f3n en \u00e1ngulo del objeto, con posibilidad de subir y bajar, deslizar y realizar movimientos giratorios, es ideal para la inspecci\u00f3n y reelaboraci\u00f3n, con un espacio generoso para trabajar con herramientas.<\/p>\n<p>Lynx EVO con EVOTIS<\/p>\n<p>EVOTIS es una estaci\u00f3n de trabajo de inspecci\u00f3n avanzada para objetos con una superficie grande, como las PCB y los componentes con varias capas, la cual permite la inspecci\u00f3n r\u00e1pida y eficiente de los peque\u00f1os detalles.<\/p>\n<p>Opciones para cualquier desaf\u00edo<\/p>\n<p>Una gama de accesorios \u00fatiles le permiten configurar el Lynx EVO de acuerdo con sus necesidades individuales y exactas.<\/p>\n<p>Dispositivo de visualizaci\u00f3n rotativo<\/p>\n<p>Un dispositivo de visualizaci\u00f3n rotativo le permite al operador observar adentro y alrededor del objeto sin tocarlo mediante la manipulaci\u00f3n de la trayectoria \u00f3ptica.<\/p>\n<p>Elecci\u00f3n de soporte<\/p>\n<p>Una variedad de soportes ergon\u00f3micos hace que Lynx EVO sea apto para cualquier aplicaci\u00f3n industrial o de ciencias biol\u00f3gicas.<\/p>\n<p>C\u00e1maras de captura de imagen y video<\/p>\n<p>El Lynx EVO puede equiparse con c\u00e1maras de captura de imagen y video, y con el software ViCapture, para una captura de imagen mejorada con funci\u00f3n de anotaciones y otras caracter\u00edsticas de productividad.<\/p>\n<p>Software<\/p>\n<p>Hay una variedad de software disponible para la captura de im\u00e1genes, anotaciones, dimensionamiento y generaci\u00f3n de informes.<\/p>\n<p>&nbsp;<\/p>\n","protected":false},"excerpt":{"rendered":"<p>LYNX EVO Trabaje mejor durante m\u00e1s tiempo El Lynx EVO fue dise\u00f1ado para aumentar la productividad mediante una ergonom\u00eda superior. Independientemente de su desaf\u00edo (inspecci\u00f3n, producci\u00f3n, reelaboraci\u00f3n o cualquier otra tarea que requiera aumento), la percepci\u00f3n de la profundidad en 3D y las im\u00e1genes brillantes, de alta resoluci\u00f3n y alto contraste le permiten trabajar con [&hellip;]<\/p>\n","protected":false},"featured_media":7684,"template":"","meta":{"_acf_changed":false},"pwb-brand":[83],"product_brand":[],"product_cat":[366,76,52],"product_tag":[],"class_list":{"0":"post-7682","1":"product","2":"type-product","3":"status-publish","4":"has-post-thumbnail","6":"pwb-brand-vision-engineering","7":"product_cat-todos-los-productos","8":"product_cat-microscopios-estereoscopios","9":"product_cat-vision-engineering","11":"first","12":"instock","13":"taxable","14":"shipping-taxable","15":"product-type-simple"},"acf":[],"yoast_head":"<!-- This site is optimized with the Yoast SEO plugin v27.4 - https:\/\/yoast.com\/product\/yoast-seo-wordpress\/ -->\n<title>Lynx EVO Microscipio est\u00e9reo sin oculares - Techmaster de Mexico<\/title>\n<meta name=\"robots\" content=\"index, follow, max-snippet:-1, max-image-preview:large, max-video-preview:-1\" \/>\n<link rel=\"canonical\" href=\"https:\/\/techmasterdemexico.com\/producto\/lynx-evo-microscipio-estereo-sin-oculares\/\" \/>\n<meta property=\"og:locale\" content=\"en_US\" \/>\n<meta property=\"og:type\" content=\"article\" \/>\n<meta property=\"og:title\" content=\"Lynx EVO Microscipio est\u00e9reo sin oculares - Techmaster de Mexico\" \/>\n<meta property=\"og:description\" content=\"LYNX EVO Trabaje mejor durante m\u00e1s tiempo El Lynx EVO fue dise\u00f1ado para aumentar la productividad mediante una ergonom\u00eda superior. Independientemente de su desaf\u00edo (inspecci\u00f3n, producci\u00f3n, reelaboraci\u00f3n o cualquier otra tarea que requiera aumento), la percepci\u00f3n de la profundidad en 3D y las im\u00e1genes brillantes, de alta resoluci\u00f3n y alto contraste le permiten trabajar con [&hellip;]\" \/>\n<meta property=\"og:url\" content=\"https:\/\/techmasterdemexico.com\/producto\/lynx-evo-microscipio-estereo-sin-oculares\/\" \/>\n<meta property=\"og:site_name\" content=\"Techmaster de Mexico\" \/>\n<meta property=\"article:modified_time\" content=\"2021-12-28T21:41:40+00:00\" \/>\n<meta property=\"og:image\" content=\"https:\/\/techmasterdemexico.com\/wp-content\/uploads\/2021\/07\/04-EVOTIS-Lynx-EVO-PCB-inspection-left-facing-768x572-1-1-600x447-1.jpg\" \/>\n\t<meta property=\"og:image:width\" content=\"600\" \/>\n\t<meta property=\"og:image:height\" content=\"447\" \/>\n\t<meta property=\"og:image:type\" content=\"image\/jpeg\" \/>\n<meta name=\"twitter:card\" content=\"summary_large_image\" \/>\n<meta name=\"twitter:label1\" content=\"Est. reading time\" \/>\n\t<meta name=\"twitter:data1\" content=\"3 minutes\" \/>\n<script type=\"application\/ld+json\" class=\"yoast-schema-graph\">{\"@context\":\"https:\\\/\\\/schema.org\",\"@graph\":[{\"@type\":\"WebPage\",\"@id\":\"https:\\\/\\\/techmasterdemexico.com\\\/producto\\\/lynx-evo-microscipio-estereo-sin-oculares\\\/\",\"url\":\"https:\\\/\\\/techmasterdemexico.com\\\/producto\\\/lynx-evo-microscipio-estereo-sin-oculares\\\/\",\"name\":\"Lynx EVO Microscipio est\u00e9reo sin oculares - Techmaster de Mexico\",\"isPartOf\":{\"@id\":\"https:\\\/\\\/techmasterdemexico.com\\\/#website\"},\"primaryImageOfPage\":{\"@id\":\"https:\\\/\\\/techmasterdemexico.com\\\/producto\\\/lynx-evo-microscipio-estereo-sin-oculares\\\/#primaryimage\"},\"image\":{\"@id\":\"https:\\\/\\\/techmasterdemexico.com\\\/producto\\\/lynx-evo-microscipio-estereo-sin-oculares\\\/#primaryimage\"},\"thumbnailUrl\":\"https:\\\/\\\/techmasterdemexico.com\\\/wp-content\\\/uploads\\\/2021\\\/07\\\/04-EVOTIS-Lynx-EVO-PCB-inspection-left-facing-768x572-1-1-600x447-1.jpg\",\"datePublished\":\"2021-07-07T19:55:02+00:00\",\"dateModified\":\"2021-12-28T21:41:40+00:00\",\"breadcrumb\":{\"@id\":\"https:\\\/\\\/techmasterdemexico.com\\\/producto\\\/lynx-evo-microscipio-estereo-sin-oculares\\\/#breadcrumb\"},\"inLanguage\":\"en-US\",\"potentialAction\":[{\"@type\":\"ReadAction\",\"target\":[\"https:\\\/\\\/techmasterdemexico.com\\\/producto\\\/lynx-evo-microscipio-estereo-sin-oculares\\\/\"]}]},{\"@type\":\"ImageObject\",\"inLanguage\":\"en-US\",\"@id\":\"https:\\\/\\\/techmasterdemexico.com\\\/producto\\\/lynx-evo-microscipio-estereo-sin-oculares\\\/#primaryimage\",\"url\":\"https:\\\/\\\/techmasterdemexico.com\\\/wp-content\\\/uploads\\\/2021\\\/07\\\/04-EVOTIS-Lynx-EVO-PCB-inspection-left-facing-768x572-1-1-600x447-1.jpg\",\"contentUrl\":\"https:\\\/\\\/techmasterdemexico.com\\\/wp-content\\\/uploads\\\/2021\\\/07\\\/04-EVOTIS-Lynx-EVO-PCB-inspection-left-facing-768x572-1-1-600x447-1.jpg\",\"width\":600,\"height\":447},{\"@type\":\"BreadcrumbList\",\"@id\":\"https:\\\/\\\/techmasterdemexico.com\\\/producto\\\/lynx-evo-microscipio-estereo-sin-oculares\\\/#breadcrumb\",\"itemListElement\":[{\"@type\":\"ListItem\",\"position\":1,\"name\":\"Portada\",\"item\":\"https:\\\/\\\/techmasterdemexico.com\\\/\"},{\"@type\":\"ListItem\",\"position\":2,\"name\":\"Lynx EVO Microscipio est\u00e9reo sin oculares\"}]},{\"@type\":\"WebSite\",\"@id\":\"https:\\\/\\\/techmasterdemexico.com\\\/#website\",\"url\":\"https:\\\/\\\/techmasterdemexico.com\\\/\",\"name\":\"Techmaster de Mexico\",\"description\":\"\",\"potentialAction\":[{\"@type\":\"SearchAction\",\"target\":{\"@type\":\"EntryPoint\",\"urlTemplate\":\"https:\\\/\\\/techmasterdemexico.com\\\/?s={search_term_string}\"},\"query-input\":{\"@type\":\"PropertyValueSpecification\",\"valueRequired\":true,\"valueName\":\"search_term_string\"}}],\"inLanguage\":\"en-US\"}]}<\/script>\n<!-- \/ Yoast SEO plugin. -->","yoast_head_json":{"title":"Lynx EVO Microscipio est\u00e9reo sin oculares - Techmaster de Mexico","robots":{"index":"index","follow":"follow","max-snippet":"max-snippet:-1","max-image-preview":"max-image-preview:large","max-video-preview":"max-video-preview:-1"},"canonical":"https:\/\/techmasterdemexico.com\/producto\/lynx-evo-microscipio-estereo-sin-oculares\/","og_locale":"en_US","og_type":"article","og_title":"Lynx EVO Microscipio est\u00e9reo sin oculares - Techmaster de Mexico","og_description":"LYNX EVO Trabaje mejor durante m\u00e1s tiempo El Lynx EVO fue dise\u00f1ado para aumentar la productividad mediante una ergonom\u00eda superior. Independientemente de su desaf\u00edo (inspecci\u00f3n, producci\u00f3n, reelaboraci\u00f3n o cualquier otra tarea que requiera aumento), la percepci\u00f3n de la profundidad en 3D y las im\u00e1genes brillantes, de alta resoluci\u00f3n y alto contraste le permiten trabajar con [&hellip;]","og_url":"https:\/\/techmasterdemexico.com\/producto\/lynx-evo-microscipio-estereo-sin-oculares\/","og_site_name":"Techmaster de Mexico","article_modified_time":"2021-12-28T21:41:40+00:00","og_image":[{"width":600,"height":447,"url":"https:\/\/techmasterdemexico.com\/wp-content\/uploads\/2021\/07\/04-EVOTIS-Lynx-EVO-PCB-inspection-left-facing-768x572-1-1-600x447-1.jpg","type":"image\/jpeg"}],"twitter_card":"summary_large_image","twitter_misc":{"Est. reading time":"3 minutes"},"schema":{"@context":"https:\/\/schema.org","@graph":[{"@type":"WebPage","@id":"https:\/\/techmasterdemexico.com\/producto\/lynx-evo-microscipio-estereo-sin-oculares\/","url":"https:\/\/techmasterdemexico.com\/producto\/lynx-evo-microscipio-estereo-sin-oculares\/","name":"Lynx EVO Microscipio est\u00e9reo sin oculares - Techmaster de Mexico","isPartOf":{"@id":"https:\/\/techmasterdemexico.com\/#website"},"primaryImageOfPage":{"@id":"https:\/\/techmasterdemexico.com\/producto\/lynx-evo-microscipio-estereo-sin-oculares\/#primaryimage"},"image":{"@id":"https:\/\/techmasterdemexico.com\/producto\/lynx-evo-microscipio-estereo-sin-oculares\/#primaryimage"},"thumbnailUrl":"https:\/\/techmasterdemexico.com\/wp-content\/uploads\/2021\/07\/04-EVOTIS-Lynx-EVO-PCB-inspection-left-facing-768x572-1-1-600x447-1.jpg","datePublished":"2021-07-07T19:55:02+00:00","dateModified":"2021-12-28T21:41:40+00:00","breadcrumb":{"@id":"https:\/\/techmasterdemexico.com\/producto\/lynx-evo-microscipio-estereo-sin-oculares\/#breadcrumb"},"inLanguage":"en-US","potentialAction":[{"@type":"ReadAction","target":["https:\/\/techmasterdemexico.com\/producto\/lynx-evo-microscipio-estereo-sin-oculares\/"]}]},{"@type":"ImageObject","inLanguage":"en-US","@id":"https:\/\/techmasterdemexico.com\/producto\/lynx-evo-microscipio-estereo-sin-oculares\/#primaryimage","url":"https:\/\/techmasterdemexico.com\/wp-content\/uploads\/2021\/07\/04-EVOTIS-Lynx-EVO-PCB-inspection-left-facing-768x572-1-1-600x447-1.jpg","contentUrl":"https:\/\/techmasterdemexico.com\/wp-content\/uploads\/2021\/07\/04-EVOTIS-Lynx-EVO-PCB-inspection-left-facing-768x572-1-1-600x447-1.jpg","width":600,"height":447},{"@type":"BreadcrumbList","@id":"https:\/\/techmasterdemexico.com\/producto\/lynx-evo-microscipio-estereo-sin-oculares\/#breadcrumb","itemListElement":[{"@type":"ListItem","position":1,"name":"Portada","item":"https:\/\/techmasterdemexico.com\/"},{"@type":"ListItem","position":2,"name":"Lynx EVO Microscipio est\u00e9reo sin oculares"}]},{"@type":"WebSite","@id":"https:\/\/techmasterdemexico.com\/#website","url":"https:\/\/techmasterdemexico.com\/","name":"Techmaster de Mexico","description":"","potentialAction":[{"@type":"SearchAction","target":{"@type":"EntryPoint","urlTemplate":"https:\/\/techmasterdemexico.com\/?s={search_term_string}"},"query-input":{"@type":"PropertyValueSpecification","valueRequired":true,"valueName":"search_term_string"}}],"inLanguage":"en-US"}]}},"brands":[{"id":83,"name":"Vision Engineering","slug":"vision-engineering"}],"_links":{"self":[{"href":"https:\/\/techmasterdemexico.com\/en\/wp-json\/wp\/v2\/product\/7682","targetHints":{"allow":["GET"]}}],"collection":[{"href":"https:\/\/techmasterdemexico.com\/en\/wp-json\/wp\/v2\/product"}],"about":[{"href":"https:\/\/techmasterdemexico.com\/en\/wp-json\/wp\/v2\/types\/product"}],"wp:featuredmedia":[{"embeddable":true,"href":"https:\/\/techmasterdemexico.com\/en\/wp-json\/wp\/v2\/media\/7684"}],"wp:attachment":[{"href":"https:\/\/techmasterdemexico.com\/en\/wp-json\/wp\/v2\/media?parent=7682"}],"wp:term":[{"taxonomy":"pwb-brand","embeddable":true,"href":"https:\/\/techmasterdemexico.com\/en\/wp-json\/wp\/v2\/pwb-brand?post=7682"},{"taxonomy":"product_brand","embeddable":true,"href":"https:\/\/techmasterdemexico.com\/en\/wp-json\/wp\/v2\/product_brand?post=7682"},{"taxonomy":"product_cat","embeddable":true,"href":"https:\/\/techmasterdemexico.com\/en\/wp-json\/wp\/v2\/product_cat?post=7682"},{"taxonomy":"product_tag","embeddable":true,"href":"https:\/\/techmasterdemexico.com\/en\/wp-json\/wp\/v2\/product_tag?post=7682"}],"curies":[{"name":"wp","href":"https:\/\/api.w.org\/{rel}","templated":true}]}}