{"id":7669,"date":"2021-07-07T19:29:58","date_gmt":"2021-07-07T19:29:58","guid":{"rendered":"http:\/\/techmastermx.ddns.net\/?post_type=product&#038;p=7669"},"modified":"2021-12-28T21:41:40","modified_gmt":"2021-12-28T21:41:40","slug":"evo-cam-ii-microscopio-digital-de-alta-definicion","status":"publish","type":"product","link":"https:\/\/techmasterdemexico.com\/en\/producto\/evo-cam-ii-microscopio-digital-de-alta-definicion\/","title":{"rendered":"EVO CAM II Microscopio digital de alta definici\u00f3n"},"content":{"rendered":"<p>EVO CAM II<\/p>\n<p>Capaz. Potente. Adaptable.<\/p>\n<p>EVO Cam II es un microscopio digital de alta definici\u00f3n potente, vers\u00e1til, pero f\u00e1cil de usar. Las opciones flexibles de configuraci\u00f3n proporcionan una excelente calidad de imagen y un aumento \u00f3ptico de hasta 760x. El zoom digital lo ayuda a ir incluso m\u00e1s lejos. Adem\u00e1s, un rango de objetivos de precisi\u00f3n y lentes de amplio campo de visi\u00f3n le permiten elegir una configuraci\u00f3n que se ajuste exactamente a sus necesidades \u00fanicas e individuales. Es todo lo que esperar\u00eda de un microscopio de Vision Engineering.<\/p>\n<p>Uniformidad y versatilidad<\/p>\n<p>Se pueden lograr f\u00e1cilmente inspecciones de calidad uniformes en m\u00faltiples unidades, m\u00faltiples usuarios y m\u00faltiples lugares mediante el uso de una variedad de herramientas y la configuraci\u00f3n compartida entre las unidades. Incluso en un entorno empresarial que est\u00e9 en constante cambio, EVO Cam II se adapta a roles nuevos con la simplicidad de un bot\u00f3n, brinda funcionalidades avanzadas y resultados predecibles independientemente de cu\u00e1l sea la tarea<\/p>\n<p>Im\u00e1genes excepcionales<\/p>\n<p>El rango de zoom \u00f3ptico de 30:1, que brinda un aumento \u00f3ptico de hasta 760x, le permite ver el detalle que necesita para comprender realmente el objeto. Use el zoom digital para incrementar esto a un aumento m\u00e1ximo impresionante de 9000x. El video en Full HD realza todos los detalles, y el enfocado manual y autom\u00e1tico le proporciona im\u00e1genes ultran\u00edtidas en cada oportunidad. Incluso los objetos grandes que resultar\u00edan frustrantes para los microscopios inferiores se pueden observar completos con un enfoque de arriba a abajo, gracias a la funci\u00f3n de apilado de enfoque de EVO Cam II.<\/p>\n<p>M\u00e1xima comodidad<\/p>\n<p>EVO Cam II est\u00e1 creado con la comodidad en mente. Un gran campo de visi\u00f3n y una distancia larga de trabajo, por ejemplo, le permiten examinar una amplia variedad de objetos. Los diez ajustes predeterminados hacen que sea f\u00e1cil compartir entre usuarios a trav\u00e9s de diferentes aplicaciones, y el bloqueo de ajustes de supervisor le permite mantener el control.<\/p>\n<p>Mediciones precisas y repetibles<\/p>\n<p>EVO Cam II mide partes complejas con eficiencia y rapidez mediante superposiciones o mediciones de punto a punto. La funci\u00f3n de visi\u00f3n de conjunto le permite orientar la muestra r\u00e1pida y c\u00f3modamente, mientras que las superposiciones y la funci\u00f3n de comparaci\u00f3n de im\u00e1genes facilitan la comparaci\u00f3n con marcas de referencia o im\u00e1genes de muestra. Es posible realizar un seguimiento de las calibraciones, que se pueden guardar en ajustes predeterminados, a trav\u00e9s del rango de zoom, con lo cual se acelera la medici\u00f3n de detalles de diferentes tama\u00f1os y se elimina la necesidad de recalibrar.<\/p>\n<p>Captura de imagen f\u00e1cil<\/p>\n<p>Capture im\u00e1genes de alta resoluci\u00f3n con solo tocar un bot\u00f3n directamente a una memoria extra\u00edble USB, por conexi\u00f3n inal\u00e1mbrica o directamente a una computadora. Las opciones simples para capturar y compartir respaldan la colaboraci\u00f3n, la generaci\u00f3n de informes y la capacitaci\u00f3n.<\/p>\n<p>Simplicidad intuitiva<\/p>\n<p>Como es un producto que no requiere armado, EVO Cam II puede prepararse para usar en minutos. Simplemente encienda la c\u00e1mara y comience a ver y capturar im\u00e1genes en Full HD. El men\u00fa en pantalla que viene en varios idiomas y los controles intuitivos hacen que sea f\u00e1cil usarlo desde el principio. El hecho de que requiera una capacitaci\u00f3n m\u00ednima implica que puede comenzar a trabajar de inmediato.<\/p>\n<p>Una soluci\u00f3n personalizada<\/p>\n<p>Seleccione de una amplia gama de accesorios para personalizar el EVO Cam II acorde a sus requisitos exactos. Un visor giratorio de 360\u02da para observar alrededor del objeto, el apilado de enfoque para enfocar uniformemente a los objetos altos, un anillo de luz UV, la iluminaci\u00f3n de subplatina y una gama de filtros lo ayudan a inspeccionar una mayor variedad de objetos. Agregue una platina flotante para tener precisi\u00f3n y control todav\u00eda mayores, y elija de un gran rango de soportes para hacer que EVO Cam II sea perfecto para el uso que le dar\u00e1.<\/p>\n<p>&nbsp;<\/p>\n","protected":false},"excerpt":{"rendered":"<p>EVO CAM II Capaz. Potente. Adaptable. EVO Cam II es un microscopio digital de alta definici\u00f3n potente, vers\u00e1til, pero f\u00e1cil de usar. Las opciones flexibles de configuraci\u00f3n proporcionan una excelente calidad de imagen y un aumento \u00f3ptico de hasta 760x. El zoom digital lo ayuda a ir incluso m\u00e1s lejos. Adem\u00e1s, un rango de objetivos [&hellip;]<\/p>\n","protected":false},"featured_media":7671,"template":"","meta":{"_acf_changed":false},"pwb-brand":[83],"product_brand":[],"product_cat":[366,87,52],"product_tag":[],"class_list":{"0":"post-7669","1":"product","2":"type-product","3":"status-publish","4":"has-post-thumbnail","6":"pwb-brand-vision-engineering","7":"product_cat-todos-los-productos","8":"product_cat-microscopios-digitales","9":"product_cat-vision-engineering","11":"first","12":"instock","13":"taxable","14":"shipping-taxable","15":"product-type-simple"},"acf":[],"yoast_head":"<!-- This site is optimized with the Yoast SEO plugin v27.4 - https:\/\/yoast.com\/product\/yoast-seo-wordpress\/ -->\n<title>EVO CAM II Microscopio digital de alta definici\u00f3n - Techmaster de Mexico<\/title>\n<meta name=\"robots\" content=\"index, follow, max-snippet:-1, max-image-preview:large, max-video-preview:-1\" \/>\n<link rel=\"canonical\" href=\"https:\/\/techmasterdemexico.com\/producto\/evo-cam-ii-microscopio-digital-de-alta-definicion\/\" \/>\n<meta property=\"og:locale\" content=\"en_US\" \/>\n<meta property=\"og:type\" content=\"article\" \/>\n<meta property=\"og:title\" content=\"EVO CAM II Microscopio digital de alta definici\u00f3n - Techmaster de Mexico\" \/>\n<meta property=\"og:description\" content=\"EVO CAM II Capaz. Potente. Adaptable. EVO Cam II es un microscopio digital de alta definici\u00f3n potente, vers\u00e1til, pero f\u00e1cil de usar. Las opciones flexibles de configuraci\u00f3n proporcionan una excelente calidad de imagen y un aumento \u00f3ptico de hasta 760x. El zoom digital lo ayuda a ir incluso m\u00e1s lejos. Adem\u00e1s, un rango de objetivos [&hellip;]\" \/>\n<meta property=\"og:url\" content=\"https:\/\/techmasterdemexico.com\/producto\/evo-cam-ii-microscopio-digital-de-alta-definicion\/\" \/>\n<meta property=\"og:site_name\" content=\"Techmaster de Mexico\" \/>\n<meta property=\"article:modified_time\" content=\"2021-12-28T21:41:40+00:00\" \/>\n<meta property=\"og:image\" content=\"https:\/\/techmasterdemexico.com\/wp-content\/uploads\/2021\/07\/EVO-Cam-II-digital-microscope-banner-image-582x582px-5ef6feca4eda5.png\" \/>\n\t<meta property=\"og:image:width\" content=\"582\" \/>\n\t<meta property=\"og:image:height\" content=\"582\" \/>\n\t<meta property=\"og:image:type\" content=\"image\/png\" \/>\n<meta name=\"twitter:card\" content=\"summary_large_image\" \/>\n<meta name=\"twitter:label1\" content=\"Est. reading time\" \/>\n\t<meta name=\"twitter:data1\" content=\"3 minutes\" \/>\n<script type=\"application\/ld+json\" class=\"yoast-schema-graph\">{\"@context\":\"https:\\\/\\\/schema.org\",\"@graph\":[{\"@type\":\"WebPage\",\"@id\":\"https:\\\/\\\/techmasterdemexico.com\\\/producto\\\/evo-cam-ii-microscopio-digital-de-alta-definicion\\\/\",\"url\":\"https:\\\/\\\/techmasterdemexico.com\\\/producto\\\/evo-cam-ii-microscopio-digital-de-alta-definicion\\\/\",\"name\":\"EVO CAM II Microscopio digital de alta definici\u00f3n - Techmaster de Mexico\",\"isPartOf\":{\"@id\":\"https:\\\/\\\/techmasterdemexico.com\\\/#website\"},\"primaryImageOfPage\":{\"@id\":\"https:\\\/\\\/techmasterdemexico.com\\\/producto\\\/evo-cam-ii-microscopio-digital-de-alta-definicion\\\/#primaryimage\"},\"image\":{\"@id\":\"https:\\\/\\\/techmasterdemexico.com\\\/producto\\\/evo-cam-ii-microscopio-digital-de-alta-definicion\\\/#primaryimage\"},\"thumbnailUrl\":\"https:\\\/\\\/techmasterdemexico.com\\\/wp-content\\\/uploads\\\/2021\\\/07\\\/EVO-Cam-II-digital-microscope-banner-image-582x582px-5ef6feca4eda5.png\",\"datePublished\":\"2021-07-07T19:29:58+00:00\",\"dateModified\":\"2021-12-28T21:41:40+00:00\",\"breadcrumb\":{\"@id\":\"https:\\\/\\\/techmasterdemexico.com\\\/producto\\\/evo-cam-ii-microscopio-digital-de-alta-definicion\\\/#breadcrumb\"},\"inLanguage\":\"en-US\",\"potentialAction\":[{\"@type\":\"ReadAction\",\"target\":[\"https:\\\/\\\/techmasterdemexico.com\\\/producto\\\/evo-cam-ii-microscopio-digital-de-alta-definicion\\\/\"]}]},{\"@type\":\"ImageObject\",\"inLanguage\":\"en-US\",\"@id\":\"https:\\\/\\\/techmasterdemexico.com\\\/producto\\\/evo-cam-ii-microscopio-digital-de-alta-definicion\\\/#primaryimage\",\"url\":\"https:\\\/\\\/techmasterdemexico.com\\\/wp-content\\\/uploads\\\/2021\\\/07\\\/EVO-Cam-II-digital-microscope-banner-image-582x582px-5ef6feca4eda5.png\",\"contentUrl\":\"https:\\\/\\\/techmasterdemexico.com\\\/wp-content\\\/uploads\\\/2021\\\/07\\\/EVO-Cam-II-digital-microscope-banner-image-582x582px-5ef6feca4eda5.png\",\"width\":582,\"height\":582},{\"@type\":\"BreadcrumbList\",\"@id\":\"https:\\\/\\\/techmasterdemexico.com\\\/producto\\\/evo-cam-ii-microscopio-digital-de-alta-definicion\\\/#breadcrumb\",\"itemListElement\":[{\"@type\":\"ListItem\",\"position\":1,\"name\":\"Portada\",\"item\":\"https:\\\/\\\/techmasterdemexico.com\\\/\"},{\"@type\":\"ListItem\",\"position\":2,\"name\":\"EVO CAM II Microscopio digital de alta definici\u00f3n\"}]},{\"@type\":\"WebSite\",\"@id\":\"https:\\\/\\\/techmasterdemexico.com\\\/#website\",\"url\":\"https:\\\/\\\/techmasterdemexico.com\\\/\",\"name\":\"Techmaster de Mexico\",\"description\":\"\",\"potentialAction\":[{\"@type\":\"SearchAction\",\"target\":{\"@type\":\"EntryPoint\",\"urlTemplate\":\"https:\\\/\\\/techmasterdemexico.com\\\/?s={search_term_string}\"},\"query-input\":{\"@type\":\"PropertyValueSpecification\",\"valueRequired\":true,\"valueName\":\"search_term_string\"}}],\"inLanguage\":\"en-US\"}]}<\/script>\n<!-- \/ Yoast SEO plugin. -->","yoast_head_json":{"title":"EVO CAM II Microscopio digital de alta definici\u00f3n - Techmaster de Mexico","robots":{"index":"index","follow":"follow","max-snippet":"max-snippet:-1","max-image-preview":"max-image-preview:large","max-video-preview":"max-video-preview:-1"},"canonical":"https:\/\/techmasterdemexico.com\/producto\/evo-cam-ii-microscopio-digital-de-alta-definicion\/","og_locale":"en_US","og_type":"article","og_title":"EVO CAM II Microscopio digital de alta definici\u00f3n - Techmaster de Mexico","og_description":"EVO CAM II Capaz. Potente. Adaptable. EVO Cam II es un microscopio digital de alta definici\u00f3n potente, vers\u00e1til, pero f\u00e1cil de usar. Las opciones flexibles de configuraci\u00f3n proporcionan una excelente calidad de imagen y un aumento \u00f3ptico de hasta 760x. El zoom digital lo ayuda a ir incluso m\u00e1s lejos. Adem\u00e1s, un rango de objetivos [&hellip;]","og_url":"https:\/\/techmasterdemexico.com\/producto\/evo-cam-ii-microscopio-digital-de-alta-definicion\/","og_site_name":"Techmaster de Mexico","article_modified_time":"2021-12-28T21:41:40+00:00","og_image":[{"width":582,"height":582,"url":"https:\/\/techmasterdemexico.com\/wp-content\/uploads\/2021\/07\/EVO-Cam-II-digital-microscope-banner-image-582x582px-5ef6feca4eda5.png","type":"image\/png"}],"twitter_card":"summary_large_image","twitter_misc":{"Est. reading time":"3 minutes"},"schema":{"@context":"https:\/\/schema.org","@graph":[{"@type":"WebPage","@id":"https:\/\/techmasterdemexico.com\/producto\/evo-cam-ii-microscopio-digital-de-alta-definicion\/","url":"https:\/\/techmasterdemexico.com\/producto\/evo-cam-ii-microscopio-digital-de-alta-definicion\/","name":"EVO CAM II Microscopio digital de alta definici\u00f3n - Techmaster de Mexico","isPartOf":{"@id":"https:\/\/techmasterdemexico.com\/#website"},"primaryImageOfPage":{"@id":"https:\/\/techmasterdemexico.com\/producto\/evo-cam-ii-microscopio-digital-de-alta-definicion\/#primaryimage"},"image":{"@id":"https:\/\/techmasterdemexico.com\/producto\/evo-cam-ii-microscopio-digital-de-alta-definicion\/#primaryimage"},"thumbnailUrl":"https:\/\/techmasterdemexico.com\/wp-content\/uploads\/2021\/07\/EVO-Cam-II-digital-microscope-banner-image-582x582px-5ef6feca4eda5.png","datePublished":"2021-07-07T19:29:58+00:00","dateModified":"2021-12-28T21:41:40+00:00","breadcrumb":{"@id":"https:\/\/techmasterdemexico.com\/producto\/evo-cam-ii-microscopio-digital-de-alta-definicion\/#breadcrumb"},"inLanguage":"en-US","potentialAction":[{"@type":"ReadAction","target":["https:\/\/techmasterdemexico.com\/producto\/evo-cam-ii-microscopio-digital-de-alta-definicion\/"]}]},{"@type":"ImageObject","inLanguage":"en-US","@id":"https:\/\/techmasterdemexico.com\/producto\/evo-cam-ii-microscopio-digital-de-alta-definicion\/#primaryimage","url":"https:\/\/techmasterdemexico.com\/wp-content\/uploads\/2021\/07\/EVO-Cam-II-digital-microscope-banner-image-582x582px-5ef6feca4eda5.png","contentUrl":"https:\/\/techmasterdemexico.com\/wp-content\/uploads\/2021\/07\/EVO-Cam-II-digital-microscope-banner-image-582x582px-5ef6feca4eda5.png","width":582,"height":582},{"@type":"BreadcrumbList","@id":"https:\/\/techmasterdemexico.com\/producto\/evo-cam-ii-microscopio-digital-de-alta-definicion\/#breadcrumb","itemListElement":[{"@type":"ListItem","position":1,"name":"Portada","item":"https:\/\/techmasterdemexico.com\/"},{"@type":"ListItem","position":2,"name":"EVO CAM II Microscopio digital de alta definici\u00f3n"}]},{"@type":"WebSite","@id":"https:\/\/techmasterdemexico.com\/#website","url":"https:\/\/techmasterdemexico.com\/","name":"Techmaster de Mexico","description":"","potentialAction":[{"@type":"SearchAction","target":{"@type":"EntryPoint","urlTemplate":"https:\/\/techmasterdemexico.com\/?s={search_term_string}"},"query-input":{"@type":"PropertyValueSpecification","valueRequired":true,"valueName":"search_term_string"}}],"inLanguage":"en-US"}]}},"brands":[{"id":83,"name":"Vision Engineering","slug":"vision-engineering"}],"_links":{"self":[{"href":"https:\/\/techmasterdemexico.com\/en\/wp-json\/wp\/v2\/product\/7669","targetHints":{"allow":["GET"]}}],"collection":[{"href":"https:\/\/techmasterdemexico.com\/en\/wp-json\/wp\/v2\/product"}],"about":[{"href":"https:\/\/techmasterdemexico.com\/en\/wp-json\/wp\/v2\/types\/product"}],"wp:featuredmedia":[{"embeddable":true,"href":"https:\/\/techmasterdemexico.com\/en\/wp-json\/wp\/v2\/media\/7671"}],"wp:attachment":[{"href":"https:\/\/techmasterdemexico.com\/en\/wp-json\/wp\/v2\/media?parent=7669"}],"wp:term":[{"taxonomy":"pwb-brand","embeddable":true,"href":"https:\/\/techmasterdemexico.com\/en\/wp-json\/wp\/v2\/pwb-brand?post=7669"},{"taxonomy":"product_brand","embeddable":true,"href":"https:\/\/techmasterdemexico.com\/en\/wp-json\/wp\/v2\/product_brand?post=7669"},{"taxonomy":"product_cat","embeddable":true,"href":"https:\/\/techmasterdemexico.com\/en\/wp-json\/wp\/v2\/product_cat?post=7669"},{"taxonomy":"product_tag","embeddable":true,"href":"https:\/\/techmasterdemexico.com\/en\/wp-json\/wp\/v2\/product_tag?post=7669"}],"curies":[{"name":"wp","href":"https:\/\/api.w.org\/{rel}","templated":true}]}}