{"id":7655,"date":"2021-07-07T19:17:10","date_gmt":"2021-07-07T19:17:10","guid":{"rendered":"http:\/\/techmastermx.ddns.net\/?post_type=product&#038;p=7655"},"modified":"2021-12-28T21:41:41","modified_gmt":"2021-12-28T21:41:41","slug":"cam%ce%b2-cambeta-lupa-magnificador-portatil","status":"publish","type":"product","link":"https:\/\/techmasterdemexico.com\/en\/producto\/cam%ce%b2-cambeta-lupa-magnificador-portatil\/","title":{"rendered":"CAM\u03b2 Cambeta\/lupa magnificador portatil"},"content":{"rendered":"<p>CAM\u03b2<\/p>\n<p>Inspeccione cualquier cosa en cualquier lugar<\/p>\n<p>Cam\u03b2 es una lupa digital manual, segura y port\u00e1til de Vision Engineering. Esta resistente herramienta de captura digital e inspecci\u00f3n, que puede llevarse a todas partes y puede aumentar entre 4x y 20x, es ideal para usarse en el laboratorio, alrededor de la f\u00e1brica o en el campo.<\/p>\n<p>Im\u00e1genes digitales seguras<\/p>\n<p>Cam\u03b2, que es una gran elecci\u00f3n para entornos seguros y delicados donde no se permiten c\u00e1maras ni tel\u00e9fonos celulares, puede almacenar hasta 20 000 im\u00e1genes en su memoria interna. Estas no pueden guardarse en un dispositivo de memoria port\u00e1til ni descargarse si no se tiene acceso a una computadora. La duraci\u00f3n de la bater\u00eda de hasta seis horas por carga la convierte en una opci\u00f3n ideal para relevamientos extensos.<\/p>\n<p>Iluminaci\u00f3n integrada controlable<\/p>\n<p>No vuelva a padecer una mala iluminaci\u00f3n nunca m\u00e1s. La iluminaci\u00f3n integrada de Cam\u03b2 le otorga una visi\u00f3n clara y brillante sin que tenga que llevar una luz de flash consigo.<\/p>\n<p>&nbsp;<\/p>\n<p>Precisi\u00f3n en las mediciones en pantalla<\/p>\n<p>Cam\u03b2, que permite el c\u00f3modo uso con una sola mano para inspeccionar incluso los lugares dif\u00edciles de alcanzar, ofrece medici\u00f3n en pantalla en forma de cuadr\u00edcula con medidas o calibre virtual. El calibre se usa para medir distancias entre l\u00edneas paralelas sobre el eje X y el eje Y.<\/p>\n<p>\u00datil herramienta de capacitaci\u00f3n<\/p>\n<p>Cam\u03b2 se puede conectar directamente a un monitor HDMI, lo cual permite la visualizaci\u00f3n en vivo de la imagen y la convierte en una ayuda \u00fatil para las capacitaciones y presentaciones.<\/p>\n<p>&nbsp;<\/p>\n","protected":false},"excerpt":{"rendered":"<p>CAM\u03b2 Inspeccione cualquier cosa en cualquier lugar Cam\u03b2 es una lupa digital manual, segura y port\u00e1til de Vision Engineering. Esta resistente herramienta de captura digital e inspecci\u00f3n, que puede llevarse a todas partes y puede aumentar entre 4x y 20x, es ideal para usarse en el laboratorio, alrededor de la f\u00e1brica o en el campo. [&hellip;]<\/p>\n","protected":false},"featured_media":7657,"template":"","meta":{"_acf_changed":false},"pwb-brand":[83],"product_brand":[],"product_cat":[366,87,52],"product_tag":[],"class_list":{"0":"post-7655","1":"product","2":"type-product","3":"status-publish","4":"has-post-thumbnail","6":"pwb-brand-vision-engineering","7":"product_cat-todos-los-productos","8":"product_cat-microscopios-digitales","9":"product_cat-vision-engineering","11":"first","12":"instock","13":"taxable","14":"shipping-taxable","15":"product-type-simple"},"acf":[],"yoast_head":"<!-- This site is optimized with the Yoast SEO plugin v27.4 - https:\/\/yoast.com\/product\/yoast-seo-wordpress\/ -->\n<title>CAM\u03b2 Cambeta\/lupa magnificador portatil - Techmaster de Mexico<\/title>\n<meta name=\"robots\" content=\"index, follow, max-snippet:-1, max-image-preview:large, max-video-preview:-1\" \/>\n<link rel=\"canonical\" href=\"https:\/\/techmasterdemexico.com\/producto\/cam\u03b2-cambeta-lupa-magnificador-portatil\/\" \/>\n<meta property=\"og:locale\" content=\"en_US\" \/>\n<meta property=\"og:type\" content=\"article\" \/>\n<meta property=\"og:title\" content=\"CAM\u03b2 Cambeta\/lupa magnificador portatil - Techmaster de Mexico\" \/>\n<meta property=\"og:description\" content=\"CAM\u03b2 Inspeccione cualquier cosa en cualquier lugar Cam\u03b2 es una lupa digital manual, segura y port\u00e1til de Vision Engineering. Esta resistente herramienta de captura digital e inspecci\u00f3n, que puede llevarse a todas partes y puede aumentar entre 4x y 20x, es ideal para usarse en el laboratorio, alrededor de la f\u00e1brica o en el campo. [&hellip;]\" \/>\n<meta property=\"og:url\" content=\"https:\/\/techmasterdemexico.com\/producto\/cam\u03b2-cambeta-lupa-magnificador-portatil\/\" \/>\n<meta property=\"og:site_name\" content=\"Techmaster de Mexico\" \/>\n<meta property=\"article:modified_time\" content=\"2021-12-28T21:41:41+00:00\" \/>\n<meta property=\"og:image\" content=\"https:\/\/techmasterdemexico.com\/wp-content\/uploads\/2021\/07\/CamBeta-portable-digital-inspection-banner-image-582x582px-5ef7035ab435b.png\" \/>\n\t<meta property=\"og:image:width\" content=\"582\" \/>\n\t<meta property=\"og:image:height\" content=\"582\" \/>\n\t<meta property=\"og:image:type\" content=\"image\/png\" \/>\n<meta name=\"twitter:card\" content=\"summary_large_image\" \/>\n<meta name=\"twitter:label1\" content=\"Est. reading time\" \/>\n\t<meta name=\"twitter:data1\" content=\"1 minute\" \/>\n<script type=\"application\/ld+json\" class=\"yoast-schema-graph\">{\"@context\":\"https:\\\/\\\/schema.org\",\"@graph\":[{\"@type\":\"WebPage\",\"@id\":\"https:\\\/\\\/techmasterdemexico.com\\\/producto\\\/cam%ce%b2-cambeta-lupa-magnificador-portatil\\\/\",\"url\":\"https:\\\/\\\/techmasterdemexico.com\\\/producto\\\/cam%ce%b2-cambeta-lupa-magnificador-portatil\\\/\",\"name\":\"CAM\u03b2 Cambeta\\\/lupa magnificador portatil - Techmaster de Mexico\",\"isPartOf\":{\"@id\":\"https:\\\/\\\/techmasterdemexico.com\\\/#website\"},\"primaryImageOfPage\":{\"@id\":\"https:\\\/\\\/techmasterdemexico.com\\\/producto\\\/cam%ce%b2-cambeta-lupa-magnificador-portatil\\\/#primaryimage\"},\"image\":{\"@id\":\"https:\\\/\\\/techmasterdemexico.com\\\/producto\\\/cam%ce%b2-cambeta-lupa-magnificador-portatil\\\/#primaryimage\"},\"thumbnailUrl\":\"https:\\\/\\\/techmasterdemexico.com\\\/wp-content\\\/uploads\\\/2021\\\/07\\\/CamBeta-portable-digital-inspection-banner-image-582x582px-5ef7035ab435b.png\",\"datePublished\":\"2021-07-07T19:17:10+00:00\",\"dateModified\":\"2021-12-28T21:41:41+00:00\",\"breadcrumb\":{\"@id\":\"https:\\\/\\\/techmasterdemexico.com\\\/producto\\\/cam%ce%b2-cambeta-lupa-magnificador-portatil\\\/#breadcrumb\"},\"inLanguage\":\"en-US\",\"potentialAction\":[{\"@type\":\"ReadAction\",\"target\":[\"https:\\\/\\\/techmasterdemexico.com\\\/producto\\\/cam%ce%b2-cambeta-lupa-magnificador-portatil\\\/\"]}]},{\"@type\":\"ImageObject\",\"inLanguage\":\"en-US\",\"@id\":\"https:\\\/\\\/techmasterdemexico.com\\\/producto\\\/cam%ce%b2-cambeta-lupa-magnificador-portatil\\\/#primaryimage\",\"url\":\"https:\\\/\\\/techmasterdemexico.com\\\/wp-content\\\/uploads\\\/2021\\\/07\\\/CamBeta-portable-digital-inspection-banner-image-582x582px-5ef7035ab435b.png\",\"contentUrl\":\"https:\\\/\\\/techmasterdemexico.com\\\/wp-content\\\/uploads\\\/2021\\\/07\\\/CamBeta-portable-digital-inspection-banner-image-582x582px-5ef7035ab435b.png\",\"width\":582,\"height\":582},{\"@type\":\"BreadcrumbList\",\"@id\":\"https:\\\/\\\/techmasterdemexico.com\\\/producto\\\/cam%ce%b2-cambeta-lupa-magnificador-portatil\\\/#breadcrumb\",\"itemListElement\":[{\"@type\":\"ListItem\",\"position\":1,\"name\":\"Portada\",\"item\":\"https:\\\/\\\/techmasterdemexico.com\\\/\"},{\"@type\":\"ListItem\",\"position\":2,\"name\":\"CAM\u03b2 Cambeta\\\/lupa magnificador portatil\"}]},{\"@type\":\"WebSite\",\"@id\":\"https:\\\/\\\/techmasterdemexico.com\\\/#website\",\"url\":\"https:\\\/\\\/techmasterdemexico.com\\\/\",\"name\":\"Techmaster de Mexico\",\"description\":\"\",\"potentialAction\":[{\"@type\":\"SearchAction\",\"target\":{\"@type\":\"EntryPoint\",\"urlTemplate\":\"https:\\\/\\\/techmasterdemexico.com\\\/?s={search_term_string}\"},\"query-input\":{\"@type\":\"PropertyValueSpecification\",\"valueRequired\":true,\"valueName\":\"search_term_string\"}}],\"inLanguage\":\"en-US\"}]}<\/script>\n<!-- \/ Yoast SEO plugin. -->","yoast_head_json":{"title":"CAM\u03b2 Cambeta\/lupa magnificador portatil - Techmaster de Mexico","robots":{"index":"index","follow":"follow","max-snippet":"max-snippet:-1","max-image-preview":"max-image-preview:large","max-video-preview":"max-video-preview:-1"},"canonical":"https:\/\/techmasterdemexico.com\/producto\/cam\u03b2-cambeta-lupa-magnificador-portatil\/","og_locale":"en_US","og_type":"article","og_title":"CAM\u03b2 Cambeta\/lupa magnificador portatil - Techmaster de Mexico","og_description":"CAM\u03b2 Inspeccione cualquier cosa en cualquier lugar Cam\u03b2 es una lupa digital manual, segura y port\u00e1til de Vision Engineering. Esta resistente herramienta de captura digital e inspecci\u00f3n, que puede llevarse a todas partes y puede aumentar entre 4x y 20x, es ideal para usarse en el laboratorio, alrededor de la f\u00e1brica o en el campo. [&hellip;]","og_url":"https:\/\/techmasterdemexico.com\/producto\/cam\u03b2-cambeta-lupa-magnificador-portatil\/","og_site_name":"Techmaster de Mexico","article_modified_time":"2021-12-28T21:41:41+00:00","og_image":[{"width":582,"height":582,"url":"https:\/\/techmasterdemexico.com\/wp-content\/uploads\/2021\/07\/CamBeta-portable-digital-inspection-banner-image-582x582px-5ef7035ab435b.png","type":"image\/png"}],"twitter_card":"summary_large_image","twitter_misc":{"Est. reading time":"1 minute"},"schema":{"@context":"https:\/\/schema.org","@graph":[{"@type":"WebPage","@id":"https:\/\/techmasterdemexico.com\/producto\/cam%ce%b2-cambeta-lupa-magnificador-portatil\/","url":"https:\/\/techmasterdemexico.com\/producto\/cam%ce%b2-cambeta-lupa-magnificador-portatil\/","name":"CAM\u03b2 Cambeta\/lupa magnificador portatil - Techmaster de Mexico","isPartOf":{"@id":"https:\/\/techmasterdemexico.com\/#website"},"primaryImageOfPage":{"@id":"https:\/\/techmasterdemexico.com\/producto\/cam%ce%b2-cambeta-lupa-magnificador-portatil\/#primaryimage"},"image":{"@id":"https:\/\/techmasterdemexico.com\/producto\/cam%ce%b2-cambeta-lupa-magnificador-portatil\/#primaryimage"},"thumbnailUrl":"https:\/\/techmasterdemexico.com\/wp-content\/uploads\/2021\/07\/CamBeta-portable-digital-inspection-banner-image-582x582px-5ef7035ab435b.png","datePublished":"2021-07-07T19:17:10+00:00","dateModified":"2021-12-28T21:41:41+00:00","breadcrumb":{"@id":"https:\/\/techmasterdemexico.com\/producto\/cam%ce%b2-cambeta-lupa-magnificador-portatil\/#breadcrumb"},"inLanguage":"en-US","potentialAction":[{"@type":"ReadAction","target":["https:\/\/techmasterdemexico.com\/producto\/cam%ce%b2-cambeta-lupa-magnificador-portatil\/"]}]},{"@type":"ImageObject","inLanguage":"en-US","@id":"https:\/\/techmasterdemexico.com\/producto\/cam%ce%b2-cambeta-lupa-magnificador-portatil\/#primaryimage","url":"https:\/\/techmasterdemexico.com\/wp-content\/uploads\/2021\/07\/CamBeta-portable-digital-inspection-banner-image-582x582px-5ef7035ab435b.png","contentUrl":"https:\/\/techmasterdemexico.com\/wp-content\/uploads\/2021\/07\/CamBeta-portable-digital-inspection-banner-image-582x582px-5ef7035ab435b.png","width":582,"height":582},{"@type":"BreadcrumbList","@id":"https:\/\/techmasterdemexico.com\/producto\/cam%ce%b2-cambeta-lupa-magnificador-portatil\/#breadcrumb","itemListElement":[{"@type":"ListItem","position":1,"name":"Portada","item":"https:\/\/techmasterdemexico.com\/"},{"@type":"ListItem","position":2,"name":"CAM\u03b2 Cambeta\/lupa magnificador portatil"}]},{"@type":"WebSite","@id":"https:\/\/techmasterdemexico.com\/#website","url":"https:\/\/techmasterdemexico.com\/","name":"Techmaster de Mexico","description":"","potentialAction":[{"@type":"SearchAction","target":{"@type":"EntryPoint","urlTemplate":"https:\/\/techmasterdemexico.com\/?s={search_term_string}"},"query-input":{"@type":"PropertyValueSpecification","valueRequired":true,"valueName":"search_term_string"}}],"inLanguage":"en-US"}]}},"brands":[{"id":83,"name":"Vision Engineering","slug":"vision-engineering"}],"_links":{"self":[{"href":"https:\/\/techmasterdemexico.com\/en\/wp-json\/wp\/v2\/product\/7655","targetHints":{"allow":["GET"]}}],"collection":[{"href":"https:\/\/techmasterdemexico.com\/en\/wp-json\/wp\/v2\/product"}],"about":[{"href":"https:\/\/techmasterdemexico.com\/en\/wp-json\/wp\/v2\/types\/product"}],"wp:featuredmedia":[{"embeddable":true,"href":"https:\/\/techmasterdemexico.com\/en\/wp-json\/wp\/v2\/media\/7657"}],"wp:attachment":[{"href":"https:\/\/techmasterdemexico.com\/en\/wp-json\/wp\/v2\/media?parent=7655"}],"wp:term":[{"taxonomy":"pwb-brand","embeddable":true,"href":"https:\/\/techmasterdemexico.com\/en\/wp-json\/wp\/v2\/pwb-brand?post=7655"},{"taxonomy":"product_brand","embeddable":true,"href":"https:\/\/techmasterdemexico.com\/en\/wp-json\/wp\/v2\/product_brand?post=7655"},{"taxonomy":"product_cat","embeddable":true,"href":"https:\/\/techmasterdemexico.com\/en\/wp-json\/wp\/v2\/product_cat?post=7655"},{"taxonomy":"product_tag","embeddable":true,"href":"https:\/\/techmasterdemexico.com\/en\/wp-json\/wp\/v2\/product_tag?post=7655"}],"curies":[{"name":"wp","href":"https:\/\/api.w.org\/{rel}","templated":true}]}}