{"id":7647,"date":"2021-07-07T19:13:59","date_gmt":"2021-07-07T19:13:59","guid":{"rendered":"http:\/\/techmastermx.ddns.net\/?post_type=product&#038;p=7647"},"modified":"2021-12-28T21:41:41","modified_gmt":"2021-12-28T21:41:41","slug":"tvm-series-microscopio-de-medicion-digital","status":"publish","type":"product","link":"https:\/\/techmasterdemexico.com\/en\/producto\/tvm-series-microscopio-de-medicion-digital\/","title":{"rendered":"TVM-SERIES Microscopio de medici\u00f3n digital"},"content":{"rendered":"<p>TVM-SERIES<\/p>\n<p>Mida cualquier forma en un instante<\/p>\n<p>Si necesita medir piezas y componentes de forma r\u00e1pida y en grandes cantidades (independientemente de su tama\u00f1o), necesita un microscopio de medici\u00f3n digital TVM20 o TVM35. Lo \u00fanico que tiene que hacer el operador es colocar el objeto sobre la platina para una medici\u00f3n r\u00e1pida.<\/p>\n<p>TVM tambi\u00e9n es ideal para realizar mediciones en 2D de varios objetos, cuando la producci\u00f3n r\u00e1pida y la facilidad de uso son requerimientos esenciales, y una gran elecci\u00f3n como sistema de medici\u00f3n sin contacto para un \u00e1rea de producci\u00f3n.<\/p>\n<p>Gran campo de visi\u00f3n para r\u00e1pida producci\u00f3n<\/p>\n<p>Gracias al gran campo de visi\u00f3n de 35 mm del TVM, puede medir una variedad m\u00e1s amplia de muestras en un instante. Adem\u00e1s, una profundidad mayor del campo implica que se mantiene el enfoque. No es necesario que pierda tiempo con un exigente posicionamiento o colocaci\u00f3n: simplemente col\u00f3quelo, m\u00eddalo y pase al siguiente objeto.<\/p>\n<p>Mida objetos grandes con una platina motorizada<\/p>\n<p>El TVM puede estar equipado con una platina motorizada, la cual hace que sea m\u00e1s f\u00e1cil medir objetos que no caben dentro del campo de visi\u00f3n. Esto ofrece una medici\u00f3n m\u00e1s r\u00e1pida que la de los proyectores de perfil antiguos.<\/p>\n<p>Imagen plana y n\u00edtida para una detecci\u00f3n de bordes mejorada<\/p>\n<p>Los sistemas de medici\u00f3n en video TVM usan \u00f3ptica e iluminaci\u00f3n telec\u00e9ntrica de campo plano para crear una imagen n\u00edtida del componente en su monitor de alta definici\u00f3n. La imagen completamente plana a lo largo del campo visual completo, sin ninguna curvatura ni distorsi\u00f3n, permite una detecci\u00f3n de bordes superior por video para la medici\u00f3n e inspecci\u00f3n precisas de los componentes.<\/p>\n<p>Facilidad de uso excepcional<\/p>\n<p>Todo acerca del TVM est\u00e1 dise\u00f1ado para su facilidad de uso. Con una capacitaci\u00f3n m\u00ednima y una funcionalidad simple de \u201ccolocar y medir\u201d, las mediciones son instant\u00e1neas y precisas, adem\u00e1s de que se eliminan los errores de los operadores. Un monitor HD grande muestra una imagen clara en video del objeto, y el software con gran cantidad de funciones le brinda la simplicidad de \u201cGo \/ No Go\u201d con tolerancia geom\u00e9trica total y funciones de generaci\u00f3n de informes.<\/p>\n<p>&nbsp;<\/p>\n","protected":false},"excerpt":{"rendered":"<p>TVM-SERIES Mida cualquier forma en un instante Si necesita medir piezas y componentes de forma r\u00e1pida y en grandes cantidades (independientemente de su tama\u00f1o), necesita un microscopio de medici\u00f3n digital TVM20 o TVM35. Lo \u00fanico que tiene que hacer el operador es colocar el objeto sobre la platina para una medici\u00f3n r\u00e1pida. TVM tambi\u00e9n es [&hellip;]<\/p>\n","protected":false},"featured_media":7649,"template":"","meta":{"_acf_changed":false},"pwb-brand":[83],"product_brand":[],"product_cat":[366,86,52],"product_tag":[],"class_list":{"0":"post-7647","1":"product","2":"type-product","3":"status-publish","4":"has-post-thumbnail","6":"pwb-brand-vision-engineering","7":"product_cat-todos-los-productos","8":"product_cat-sistemas-de-medicion-sin-contacto","9":"product_cat-vision-engineering","11":"first","12":"instock","13":"taxable","14":"shipping-taxable","15":"product-type-simple"},"acf":[],"yoast_head":"<!-- This site is optimized with the Yoast SEO plugin v27.4 - https:\/\/yoast.com\/product\/yoast-seo-wordpress\/ -->\n<title>TVM-SERIES Microscopio de medici\u00f3n digital - Techmaster de Mexico<\/title>\n<meta name=\"robots\" content=\"index, follow, max-snippet:-1, max-image-preview:large, max-video-preview:-1\" \/>\n<link rel=\"canonical\" href=\"https:\/\/techmasterdemexico.com\/producto\/tvm-series-microscopio-de-medicion-digital\/\" \/>\n<meta property=\"og:locale\" content=\"en_US\" \/>\n<meta property=\"og:type\" content=\"article\" \/>\n<meta property=\"og:title\" content=\"TVM-SERIES Microscopio de medici\u00f3n digital - Techmaster de Mexico\" \/>\n<meta property=\"og:description\" content=\"TVM-SERIES Mida cualquier forma en un instante Si necesita medir piezas y componentes de forma r\u00e1pida y en grandes cantidades (independientemente de su tama\u00f1o), necesita un microscopio de medici\u00f3n digital TVM20 o TVM35. Lo \u00fanico que tiene que hacer el operador es colocar el objeto sobre la platina para una medici\u00f3n r\u00e1pida. TVM tambi\u00e9n es [&hellip;]\" \/>\n<meta property=\"og:url\" content=\"https:\/\/techmasterdemexico.com\/producto\/tvm-series-microscopio-de-medicion-digital\/\" \/>\n<meta property=\"og:site_name\" content=\"Techmaster de Mexico\" \/>\n<meta property=\"article:modified_time\" content=\"2021-12-28T21:41:41+00:00\" \/>\n<meta property=\"og:image\" content=\"https:\/\/techmasterdemexico.com\/wp-content\/uploads\/2021\/07\/TVM20-digital-measuring-microscope-banner-image-582x582px.png\" \/>\n\t<meta property=\"og:image:width\" content=\"582\" \/>\n\t<meta property=\"og:image:height\" content=\"582\" \/>\n\t<meta property=\"og:image:type\" content=\"image\/png\" \/>\n<meta name=\"twitter:card\" content=\"summary_large_image\" \/>\n<meta name=\"twitter:label1\" content=\"Est. reading time\" \/>\n\t<meta name=\"twitter:data1\" content=\"2 minutes\" \/>\n<script type=\"application\/ld+json\" class=\"yoast-schema-graph\">{\"@context\":\"https:\\\/\\\/schema.org\",\"@graph\":[{\"@type\":\"WebPage\",\"@id\":\"https:\\\/\\\/techmasterdemexico.com\\\/producto\\\/tvm-series-microscopio-de-medicion-digital\\\/\",\"url\":\"https:\\\/\\\/techmasterdemexico.com\\\/producto\\\/tvm-series-microscopio-de-medicion-digital\\\/\",\"name\":\"TVM-SERIES Microscopio de medici\u00f3n digital - Techmaster de Mexico\",\"isPartOf\":{\"@id\":\"https:\\\/\\\/techmasterdemexico.com\\\/#website\"},\"primaryImageOfPage\":{\"@id\":\"https:\\\/\\\/techmasterdemexico.com\\\/producto\\\/tvm-series-microscopio-de-medicion-digital\\\/#primaryimage\"},\"image\":{\"@id\":\"https:\\\/\\\/techmasterdemexico.com\\\/producto\\\/tvm-series-microscopio-de-medicion-digital\\\/#primaryimage\"},\"thumbnailUrl\":\"https:\\\/\\\/techmasterdemexico.com\\\/wp-content\\\/uploads\\\/2021\\\/07\\\/TVM20-digital-measuring-microscope-banner-image-582x582px.png\",\"datePublished\":\"2021-07-07T19:13:59+00:00\",\"dateModified\":\"2021-12-28T21:41:41+00:00\",\"breadcrumb\":{\"@id\":\"https:\\\/\\\/techmasterdemexico.com\\\/producto\\\/tvm-series-microscopio-de-medicion-digital\\\/#breadcrumb\"},\"inLanguage\":\"en-US\",\"potentialAction\":[{\"@type\":\"ReadAction\",\"target\":[\"https:\\\/\\\/techmasterdemexico.com\\\/producto\\\/tvm-series-microscopio-de-medicion-digital\\\/\"]}]},{\"@type\":\"ImageObject\",\"inLanguage\":\"en-US\",\"@id\":\"https:\\\/\\\/techmasterdemexico.com\\\/producto\\\/tvm-series-microscopio-de-medicion-digital\\\/#primaryimage\",\"url\":\"https:\\\/\\\/techmasterdemexico.com\\\/wp-content\\\/uploads\\\/2021\\\/07\\\/TVM20-digital-measuring-microscope-banner-image-582x582px.png\",\"contentUrl\":\"https:\\\/\\\/techmasterdemexico.com\\\/wp-content\\\/uploads\\\/2021\\\/07\\\/TVM20-digital-measuring-microscope-banner-image-582x582px.png\",\"width\":582,\"height\":582},{\"@type\":\"BreadcrumbList\",\"@id\":\"https:\\\/\\\/techmasterdemexico.com\\\/producto\\\/tvm-series-microscopio-de-medicion-digital\\\/#breadcrumb\",\"itemListElement\":[{\"@type\":\"ListItem\",\"position\":1,\"name\":\"Portada\",\"item\":\"https:\\\/\\\/techmasterdemexico.com\\\/\"},{\"@type\":\"ListItem\",\"position\":2,\"name\":\"TVM-SERIES Microscopio de medici\u00f3n digital\"}]},{\"@type\":\"WebSite\",\"@id\":\"https:\\\/\\\/techmasterdemexico.com\\\/#website\",\"url\":\"https:\\\/\\\/techmasterdemexico.com\\\/\",\"name\":\"Techmaster de Mexico\",\"description\":\"\",\"potentialAction\":[{\"@type\":\"SearchAction\",\"target\":{\"@type\":\"EntryPoint\",\"urlTemplate\":\"https:\\\/\\\/techmasterdemexico.com\\\/?s={search_term_string}\"},\"query-input\":{\"@type\":\"PropertyValueSpecification\",\"valueRequired\":true,\"valueName\":\"search_term_string\"}}],\"inLanguage\":\"en-US\"}]}<\/script>\n<!-- \/ Yoast SEO plugin. -->","yoast_head_json":{"title":"TVM-SERIES Microscopio de medici\u00f3n digital - Techmaster de Mexico","robots":{"index":"index","follow":"follow","max-snippet":"max-snippet:-1","max-image-preview":"max-image-preview:large","max-video-preview":"max-video-preview:-1"},"canonical":"https:\/\/techmasterdemexico.com\/producto\/tvm-series-microscopio-de-medicion-digital\/","og_locale":"en_US","og_type":"article","og_title":"TVM-SERIES Microscopio de medici\u00f3n digital - Techmaster de Mexico","og_description":"TVM-SERIES Mida cualquier forma en un instante Si necesita medir piezas y componentes de forma r\u00e1pida y en grandes cantidades (independientemente de su tama\u00f1o), necesita un microscopio de medici\u00f3n digital TVM20 o TVM35. Lo \u00fanico que tiene que hacer el operador es colocar el objeto sobre la platina para una medici\u00f3n r\u00e1pida. TVM tambi\u00e9n es [&hellip;]","og_url":"https:\/\/techmasterdemexico.com\/producto\/tvm-series-microscopio-de-medicion-digital\/","og_site_name":"Techmaster de Mexico","article_modified_time":"2021-12-28T21:41:41+00:00","og_image":[{"width":582,"height":582,"url":"https:\/\/techmasterdemexico.com\/wp-content\/uploads\/2021\/07\/TVM20-digital-measuring-microscope-banner-image-582x582px.png","type":"image\/png"}],"twitter_card":"summary_large_image","twitter_misc":{"Est. reading time":"2 minutes"},"schema":{"@context":"https:\/\/schema.org","@graph":[{"@type":"WebPage","@id":"https:\/\/techmasterdemexico.com\/producto\/tvm-series-microscopio-de-medicion-digital\/","url":"https:\/\/techmasterdemexico.com\/producto\/tvm-series-microscopio-de-medicion-digital\/","name":"TVM-SERIES Microscopio de medici\u00f3n digital - Techmaster de Mexico","isPartOf":{"@id":"https:\/\/techmasterdemexico.com\/#website"},"primaryImageOfPage":{"@id":"https:\/\/techmasterdemexico.com\/producto\/tvm-series-microscopio-de-medicion-digital\/#primaryimage"},"image":{"@id":"https:\/\/techmasterdemexico.com\/producto\/tvm-series-microscopio-de-medicion-digital\/#primaryimage"},"thumbnailUrl":"https:\/\/techmasterdemexico.com\/wp-content\/uploads\/2021\/07\/TVM20-digital-measuring-microscope-banner-image-582x582px.png","datePublished":"2021-07-07T19:13:59+00:00","dateModified":"2021-12-28T21:41:41+00:00","breadcrumb":{"@id":"https:\/\/techmasterdemexico.com\/producto\/tvm-series-microscopio-de-medicion-digital\/#breadcrumb"},"inLanguage":"en-US","potentialAction":[{"@type":"ReadAction","target":["https:\/\/techmasterdemexico.com\/producto\/tvm-series-microscopio-de-medicion-digital\/"]}]},{"@type":"ImageObject","inLanguage":"en-US","@id":"https:\/\/techmasterdemexico.com\/producto\/tvm-series-microscopio-de-medicion-digital\/#primaryimage","url":"https:\/\/techmasterdemexico.com\/wp-content\/uploads\/2021\/07\/TVM20-digital-measuring-microscope-banner-image-582x582px.png","contentUrl":"https:\/\/techmasterdemexico.com\/wp-content\/uploads\/2021\/07\/TVM20-digital-measuring-microscope-banner-image-582x582px.png","width":582,"height":582},{"@type":"BreadcrumbList","@id":"https:\/\/techmasterdemexico.com\/producto\/tvm-series-microscopio-de-medicion-digital\/#breadcrumb","itemListElement":[{"@type":"ListItem","position":1,"name":"Portada","item":"https:\/\/techmasterdemexico.com\/"},{"@type":"ListItem","position":2,"name":"TVM-SERIES Microscopio de medici\u00f3n digital"}]},{"@type":"WebSite","@id":"https:\/\/techmasterdemexico.com\/#website","url":"https:\/\/techmasterdemexico.com\/","name":"Techmaster de Mexico","description":"","potentialAction":[{"@type":"SearchAction","target":{"@type":"EntryPoint","urlTemplate":"https:\/\/techmasterdemexico.com\/?s={search_term_string}"},"query-input":{"@type":"PropertyValueSpecification","valueRequired":true,"valueName":"search_term_string"}}],"inLanguage":"en-US"}]}},"brands":[{"id":83,"name":"Vision Engineering","slug":"vision-engineering"}],"_links":{"self":[{"href":"https:\/\/techmasterdemexico.com\/en\/wp-json\/wp\/v2\/product\/7647","targetHints":{"allow":["GET"]}}],"collection":[{"href":"https:\/\/techmasterdemexico.com\/en\/wp-json\/wp\/v2\/product"}],"about":[{"href":"https:\/\/techmasterdemexico.com\/en\/wp-json\/wp\/v2\/types\/product"}],"wp:featuredmedia":[{"embeddable":true,"href":"https:\/\/techmasterdemexico.com\/en\/wp-json\/wp\/v2\/media\/7649"}],"wp:attachment":[{"href":"https:\/\/techmasterdemexico.com\/en\/wp-json\/wp\/v2\/media?parent=7647"}],"wp:term":[{"taxonomy":"pwb-brand","embeddable":true,"href":"https:\/\/techmasterdemexico.com\/en\/wp-json\/wp\/v2\/pwb-brand?post=7647"},{"taxonomy":"product_brand","embeddable":true,"href":"https:\/\/techmasterdemexico.com\/en\/wp-json\/wp\/v2\/product_brand?post=7647"},{"taxonomy":"product_cat","embeddable":true,"href":"https:\/\/techmasterdemexico.com\/en\/wp-json\/wp\/v2\/product_cat?post=7647"},{"taxonomy":"product_tag","embeddable":true,"href":"https:\/\/techmasterdemexico.com\/en\/wp-json\/wp\/v2\/product_tag?post=7647"}],"curies":[{"name":"wp","href":"https:\/\/api.w.org\/{rel}","templated":true}]}}