{"id":7631,"date":"2021-07-07T18:45:05","date_gmt":"2021-07-07T18:45:05","guid":{"rendered":"http:\/\/techmastermx.ddns.net\/?post_type=product&#038;p=7631"},"modified":"2021-12-28T21:41:42","modified_gmt":"2021-12-28T21:41:42","slug":"lvc-series-sistemas-de-medicion-en-3-ejes-automatizados","status":"publish","type":"product","link":"https:\/\/techmasterdemexico.com\/en\/producto\/lvc-series-sistemas-de-medicion-en-3-ejes-automatizados\/","title":{"rendered":"LVC SERIES Sistemas de medici\u00f3n en 3 ejes automatizados"},"content":{"rendered":"<p>LVC SERIES<\/p>\n<p>Sistemas de medici\u00f3n en 3 ejes completamente automatizados<\/p>\n<p>Los sistemas de medici\u00f3n en 3 ejes completamente automatizados LVC400 y LVC200 de Vision Engineering, son extraordinariamente capaces y sorprendentemente f\u00e1ciles de usar, tienen la potencia y versatilidad para satisfacer las necesidades incluso de los entornos de fabricaci\u00f3n m\u00e1s exigentes. Con un rango de medici\u00f3n de hasta 400 mm x 300 mm x 200 mm, son ideales para medir componentes grandes o, con la misma facilidad, lotes de componentes peque\u00f1os.<\/p>\n<p>Mediciones rentables y r\u00e1pidas<\/p>\n<p>La platina de medici\u00f3n motorizada y la lente de zoom motorizada trabajan en conjunto para automatizar el movimiento del sistema, lo cual reduce el tiempo necesario para la medici\u00f3n y la incomodidad del operador. No solo eso, sino que la lente de zoom motorizada y de m\u00faltiples posiciones permite que los cambios en el aumento sean parte del programa de medici\u00f3n, con lo cual se elimina la necesidad de cambios manuales que requieren tiempo.<\/p>\n<p>Variedad de aplicaciones<\/p>\n<p>Gracias a su amplia gama de funcionalidades e incre\u00edble valor, la serie LVC es la soluci\u00f3n de medici\u00f3n ideal para una amplia variedad de aplicaciones, incluso la ingenier\u00eda de precisi\u00f3n, fundici\u00f3n, moldeado en pl\u00e1stico, electr\u00f3nica y fabricaci\u00f3n de dispositivos m\u00e9dicos.<\/p>\n<p>Medici\u00f3n con contacto para piezas complejas<\/p>\n<p>Las sondas t\u00e1ctiles opcionales hacen que sea f\u00e1cil medir caracter\u00edsticas complejas y formas en 3D. Asimismo, se proporciona un c\u00f3modo bastidor para almacenar y cambiar autom\u00e1ticamente varios m\u00f3dulos de sondas.<\/p>\n<p>Componentes grandes y m\u00faltiples componentes peque\u00f1os.<\/p>\n<p>La platina grande de 400 mm x 300 mm hace que el LVC400 sea ideal para medir componentes grandes, y tambi\u00e9n puede usarse para acelerar la medici\u00f3n de varios componentes m\u00e1s peque\u00f1os mediante el uso de la funci\u00f3n de paletizado. Simplemente coloque los componentes peque\u00f1os sobre la platina y ahorre tiempo al medir la totalidad del lote a la vez.<\/p>\n<p>Software de metrolog\u00eda intuitivo<\/p>\n<p>La gama de LVC viene con nuestro software M-Series, que es altamente intuitivo y f\u00e1cil de usar, para brindar una funcionalidad avanzada y extensas funciones de generaci\u00f3n de informes. Algunos de los puntos destacados son las mediciones de caracter\u00edsticas y las construcciones con tolerancia geom\u00e9trica, iluminaci\u00f3n programable, importaci\u00f3n\/exportaci\u00f3n a DXF y superposiciones digitales, detecci\u00f3n avanzada de bordes, SPC simple y transferencia de datos directa a Excel. Todo esto, adem\u00e1s de los programas de uni\u00f3n y pal\u00e9, una herramienta de b\u00fasqueda de m\u00faltiples funciones, una opci\u00f3n de medici\u00f3n de roscas y resultados de f\u00f3rmula con una funci\u00f3n de c\u00e1lculo, hace que el LVC sea ideal para una amplia variedad de aplicaciones.<\/p>\n<p>&nbsp;<\/p>\n","protected":false},"excerpt":{"rendered":"<p>LVC SERIES Sistemas de medici\u00f3n en 3 ejes completamente automatizados Los sistemas de medici\u00f3n en 3 ejes completamente automatizados LVC400 y LVC200 de Vision Engineering, son extraordinariamente capaces y sorprendentemente f\u00e1ciles de usar, tienen la potencia y versatilidad para satisfacer las necesidades incluso de los entornos de fabricaci\u00f3n m\u00e1s exigentes. Con un rango de medici\u00f3n [&hellip;]<\/p>\n","protected":false},"featured_media":7633,"template":"","meta":{"_acf_changed":false},"pwb-brand":[83],"product_brand":[],"product_cat":[366,86,52],"product_tag":[],"class_list":{"0":"post-7631","1":"product","2":"type-product","3":"status-publish","4":"has-post-thumbnail","6":"pwb-brand-vision-engineering","7":"product_cat-todos-los-productos","8":"product_cat-sistemas-de-medicion-sin-contacto","9":"product_cat-vision-engineering","11":"first","12":"instock","13":"taxable","14":"shipping-taxable","15":"product-type-simple"},"acf":[],"yoast_head":"<!-- This site is optimized with the Yoast SEO plugin v27.4 - https:\/\/yoast.com\/product\/yoast-seo-wordpress\/ -->\n<title>LVC SERIES Sistemas de medici\u00f3n en 3 ejes automatizados - Techmaster de Mexico<\/title>\n<meta name=\"robots\" content=\"index, follow, max-snippet:-1, max-image-preview:large, max-video-preview:-1\" \/>\n<link rel=\"canonical\" href=\"https:\/\/techmasterdemexico.com\/producto\/lvc-series-sistemas-de-medicion-en-3-ejes-automatizados\/\" \/>\n<meta property=\"og:locale\" content=\"en_US\" \/>\n<meta property=\"og:type\" content=\"article\" \/>\n<meta property=\"og:title\" content=\"LVC SERIES Sistemas de medici\u00f3n en 3 ejes automatizados - Techmaster de Mexico\" \/>\n<meta property=\"og:description\" content=\"LVC SERIES Sistemas de medici\u00f3n en 3 ejes completamente automatizados Los sistemas de medici\u00f3n en 3 ejes completamente automatizados LVC400 y LVC200 de Vision Engineering, son extraordinariamente capaces y sorprendentemente f\u00e1ciles de usar, tienen la potencia y versatilidad para satisfacer las necesidades incluso de los entornos de fabricaci\u00f3n m\u00e1s exigentes. Con un rango de medici\u00f3n [&hellip;]\" \/>\n<meta property=\"og:url\" content=\"https:\/\/techmasterdemexico.com\/producto\/lvc-series-sistemas-de-medicion-en-3-ejes-automatizados\/\" \/>\n<meta property=\"og:site_name\" content=\"Techmaster de Mexico\" \/>\n<meta property=\"article:modified_time\" content=\"2021-12-28T21:41:42+00:00\" \/>\n<meta property=\"og:image\" content=\"https:\/\/techmasterdemexico.com\/wp-content\/uploads\/2021\/07\/LVC400-cnc-video-measuring-system-Callout-666x550px.png\" \/>\n\t<meta property=\"og:image:width\" content=\"666\" \/>\n\t<meta property=\"og:image:height\" content=\"550\" \/>\n\t<meta property=\"og:image:type\" content=\"image\/png\" \/>\n<meta name=\"twitter:card\" content=\"summary_large_image\" \/>\n<meta name=\"twitter:label1\" content=\"Est. reading time\" \/>\n\t<meta name=\"twitter:data1\" content=\"2 minutes\" \/>\n<script type=\"application\/ld+json\" class=\"yoast-schema-graph\">{\"@context\":\"https:\\\/\\\/schema.org\",\"@graph\":[{\"@type\":\"WebPage\",\"@id\":\"https:\\\/\\\/techmasterdemexico.com\\\/producto\\\/lvc-series-sistemas-de-medicion-en-3-ejes-automatizados\\\/\",\"url\":\"https:\\\/\\\/techmasterdemexico.com\\\/producto\\\/lvc-series-sistemas-de-medicion-en-3-ejes-automatizados\\\/\",\"name\":\"LVC SERIES Sistemas de medici\u00f3n en 3 ejes automatizados - Techmaster de Mexico\",\"isPartOf\":{\"@id\":\"https:\\\/\\\/techmasterdemexico.com\\\/#website\"},\"primaryImageOfPage\":{\"@id\":\"https:\\\/\\\/techmasterdemexico.com\\\/producto\\\/lvc-series-sistemas-de-medicion-en-3-ejes-automatizados\\\/#primaryimage\"},\"image\":{\"@id\":\"https:\\\/\\\/techmasterdemexico.com\\\/producto\\\/lvc-series-sistemas-de-medicion-en-3-ejes-automatizados\\\/#primaryimage\"},\"thumbnailUrl\":\"https:\\\/\\\/techmasterdemexico.com\\\/wp-content\\\/uploads\\\/2021\\\/07\\\/LVC400-cnc-video-measuring-system-Callout-666x550px.png\",\"datePublished\":\"2021-07-07T18:45:05+00:00\",\"dateModified\":\"2021-12-28T21:41:42+00:00\",\"breadcrumb\":{\"@id\":\"https:\\\/\\\/techmasterdemexico.com\\\/producto\\\/lvc-series-sistemas-de-medicion-en-3-ejes-automatizados\\\/#breadcrumb\"},\"inLanguage\":\"en-US\",\"potentialAction\":[{\"@type\":\"ReadAction\",\"target\":[\"https:\\\/\\\/techmasterdemexico.com\\\/producto\\\/lvc-series-sistemas-de-medicion-en-3-ejes-automatizados\\\/\"]}]},{\"@type\":\"ImageObject\",\"inLanguage\":\"en-US\",\"@id\":\"https:\\\/\\\/techmasterdemexico.com\\\/producto\\\/lvc-series-sistemas-de-medicion-en-3-ejes-automatizados\\\/#primaryimage\",\"url\":\"https:\\\/\\\/techmasterdemexico.com\\\/wp-content\\\/uploads\\\/2021\\\/07\\\/LVC400-cnc-video-measuring-system-Callout-666x550px.png\",\"contentUrl\":\"https:\\\/\\\/techmasterdemexico.com\\\/wp-content\\\/uploads\\\/2021\\\/07\\\/LVC400-cnc-video-measuring-system-Callout-666x550px.png\",\"width\":666,\"height\":550},{\"@type\":\"BreadcrumbList\",\"@id\":\"https:\\\/\\\/techmasterdemexico.com\\\/producto\\\/lvc-series-sistemas-de-medicion-en-3-ejes-automatizados\\\/#breadcrumb\",\"itemListElement\":[{\"@type\":\"ListItem\",\"position\":1,\"name\":\"Portada\",\"item\":\"https:\\\/\\\/techmasterdemexico.com\\\/\"},{\"@type\":\"ListItem\",\"position\":2,\"name\":\"LVC SERIES Sistemas de medici\u00f3n en 3 ejes automatizados\"}]},{\"@type\":\"WebSite\",\"@id\":\"https:\\\/\\\/techmasterdemexico.com\\\/#website\",\"url\":\"https:\\\/\\\/techmasterdemexico.com\\\/\",\"name\":\"Techmaster de Mexico\",\"description\":\"\",\"potentialAction\":[{\"@type\":\"SearchAction\",\"target\":{\"@type\":\"EntryPoint\",\"urlTemplate\":\"https:\\\/\\\/techmasterdemexico.com\\\/?s={search_term_string}\"},\"query-input\":{\"@type\":\"PropertyValueSpecification\",\"valueRequired\":true,\"valueName\":\"search_term_string\"}}],\"inLanguage\":\"en-US\"}]}<\/script>\n<!-- \/ Yoast SEO plugin. -->","yoast_head_json":{"title":"LVC SERIES Sistemas de medici\u00f3n en 3 ejes automatizados - Techmaster de Mexico","robots":{"index":"index","follow":"follow","max-snippet":"max-snippet:-1","max-image-preview":"max-image-preview:large","max-video-preview":"max-video-preview:-1"},"canonical":"https:\/\/techmasterdemexico.com\/producto\/lvc-series-sistemas-de-medicion-en-3-ejes-automatizados\/","og_locale":"en_US","og_type":"article","og_title":"LVC SERIES Sistemas de medici\u00f3n en 3 ejes automatizados - Techmaster de Mexico","og_description":"LVC SERIES Sistemas de medici\u00f3n en 3 ejes completamente automatizados Los sistemas de medici\u00f3n en 3 ejes completamente automatizados LVC400 y LVC200 de Vision Engineering, son extraordinariamente capaces y sorprendentemente f\u00e1ciles de usar, tienen la potencia y versatilidad para satisfacer las necesidades incluso de los entornos de fabricaci\u00f3n m\u00e1s exigentes. Con un rango de medici\u00f3n [&hellip;]","og_url":"https:\/\/techmasterdemexico.com\/producto\/lvc-series-sistemas-de-medicion-en-3-ejes-automatizados\/","og_site_name":"Techmaster de Mexico","article_modified_time":"2021-12-28T21:41:42+00:00","og_image":[{"width":666,"height":550,"url":"https:\/\/techmasterdemexico.com\/wp-content\/uploads\/2021\/07\/LVC400-cnc-video-measuring-system-Callout-666x550px.png","type":"image\/png"}],"twitter_card":"summary_large_image","twitter_misc":{"Est. reading time":"2 minutes"},"schema":{"@context":"https:\/\/schema.org","@graph":[{"@type":"WebPage","@id":"https:\/\/techmasterdemexico.com\/producto\/lvc-series-sistemas-de-medicion-en-3-ejes-automatizados\/","url":"https:\/\/techmasterdemexico.com\/producto\/lvc-series-sistemas-de-medicion-en-3-ejes-automatizados\/","name":"LVC SERIES Sistemas de medici\u00f3n en 3 ejes automatizados - Techmaster de Mexico","isPartOf":{"@id":"https:\/\/techmasterdemexico.com\/#website"},"primaryImageOfPage":{"@id":"https:\/\/techmasterdemexico.com\/producto\/lvc-series-sistemas-de-medicion-en-3-ejes-automatizados\/#primaryimage"},"image":{"@id":"https:\/\/techmasterdemexico.com\/producto\/lvc-series-sistemas-de-medicion-en-3-ejes-automatizados\/#primaryimage"},"thumbnailUrl":"https:\/\/techmasterdemexico.com\/wp-content\/uploads\/2021\/07\/LVC400-cnc-video-measuring-system-Callout-666x550px.png","datePublished":"2021-07-07T18:45:05+00:00","dateModified":"2021-12-28T21:41:42+00:00","breadcrumb":{"@id":"https:\/\/techmasterdemexico.com\/producto\/lvc-series-sistemas-de-medicion-en-3-ejes-automatizados\/#breadcrumb"},"inLanguage":"en-US","potentialAction":[{"@type":"ReadAction","target":["https:\/\/techmasterdemexico.com\/producto\/lvc-series-sistemas-de-medicion-en-3-ejes-automatizados\/"]}]},{"@type":"ImageObject","inLanguage":"en-US","@id":"https:\/\/techmasterdemexico.com\/producto\/lvc-series-sistemas-de-medicion-en-3-ejes-automatizados\/#primaryimage","url":"https:\/\/techmasterdemexico.com\/wp-content\/uploads\/2021\/07\/LVC400-cnc-video-measuring-system-Callout-666x550px.png","contentUrl":"https:\/\/techmasterdemexico.com\/wp-content\/uploads\/2021\/07\/LVC400-cnc-video-measuring-system-Callout-666x550px.png","width":666,"height":550},{"@type":"BreadcrumbList","@id":"https:\/\/techmasterdemexico.com\/producto\/lvc-series-sistemas-de-medicion-en-3-ejes-automatizados\/#breadcrumb","itemListElement":[{"@type":"ListItem","position":1,"name":"Portada","item":"https:\/\/techmasterdemexico.com\/"},{"@type":"ListItem","position":2,"name":"LVC SERIES Sistemas de medici\u00f3n en 3 ejes automatizados"}]},{"@type":"WebSite","@id":"https:\/\/techmasterdemexico.com\/#website","url":"https:\/\/techmasterdemexico.com\/","name":"Techmaster de Mexico","description":"","potentialAction":[{"@type":"SearchAction","target":{"@type":"EntryPoint","urlTemplate":"https:\/\/techmasterdemexico.com\/?s={search_term_string}"},"query-input":{"@type":"PropertyValueSpecification","valueRequired":true,"valueName":"search_term_string"}}],"inLanguage":"en-US"}]}},"brands":[{"id":83,"name":"Vision Engineering","slug":"vision-engineering"}],"_links":{"self":[{"href":"https:\/\/techmasterdemexico.com\/en\/wp-json\/wp\/v2\/product\/7631","targetHints":{"allow":["GET"]}}],"collection":[{"href":"https:\/\/techmasterdemexico.com\/en\/wp-json\/wp\/v2\/product"}],"about":[{"href":"https:\/\/techmasterdemexico.com\/en\/wp-json\/wp\/v2\/types\/product"}],"wp:featuredmedia":[{"embeddable":true,"href":"https:\/\/techmasterdemexico.com\/en\/wp-json\/wp\/v2\/media\/7633"}],"wp:attachment":[{"href":"https:\/\/techmasterdemexico.com\/en\/wp-json\/wp\/v2\/media?parent=7631"}],"wp:term":[{"taxonomy":"pwb-brand","embeddable":true,"href":"https:\/\/techmasterdemexico.com\/en\/wp-json\/wp\/v2\/pwb-brand?post=7631"},{"taxonomy":"product_brand","embeddable":true,"href":"https:\/\/techmasterdemexico.com\/en\/wp-json\/wp\/v2\/product_brand?post=7631"},{"taxonomy":"product_cat","embeddable":true,"href":"https:\/\/techmasterdemexico.com\/en\/wp-json\/wp\/v2\/product_cat?post=7631"},{"taxonomy":"product_tag","embeddable":true,"href":"https:\/\/techmasterdemexico.com\/en\/wp-json\/wp\/v2\/product_tag?post=7631"}],"curies":[{"name":"wp","href":"https:\/\/api.w.org\/{rel}","templated":true}]}}