{"id":7620,"date":"2021-07-07T18:02:38","date_gmt":"2021-07-07T18:02:38","guid":{"rendered":"http:\/\/techmastermx.ddns.net\/?post_type=product&#038;p=7620"},"modified":"2021-12-28T21:41:43","modified_gmt":"2021-12-28T21:41:43","slug":"hawk-duo-sistema-automatico-de-medicion-optica-y-video","status":"publish","type":"product","link":"https:\/\/techmasterdemexico.com\/en\/producto\/hawk-duo-sistema-automatico-de-medicion-optica-y-video\/","title":{"rendered":"Hawk Duo Sistema autom\u00e1tico de medici\u00f3n \u00f3ptica y video"},"content":{"rendered":"<p>HAWK DUO<\/p>\n<p>Sistema autom\u00e1tico de medici\u00f3n \u00f3ptica y video de alta precisi\u00f3n<\/p>\n<p>El Hawk Duo, es una excelente soluci\u00f3n para la ingenier\u00eda de precisi\u00f3n, le brinda la confiabilidad y la precisi\u00f3n de un microscopio de medici\u00f3n \u00f3ptica (adem\u00e1s de la practicidad y repetibilidad de la medici\u00f3n en video digital) en un s\u00f3lido sistema. Es una herramienta perfecta para cualquier aplicaci\u00f3n de ingenier\u00eda que exija una medici\u00f3n precisa y automatizada<\/p>\n<p>Precisi\u00f3n fluida<\/p>\n<p>El Hawk Duo est\u00e1 equipado con una platina de medici\u00f3n de precisi\u00f3n con controles de movimientos macrom\u00e9trico y microm\u00e9trico, as\u00ed como objetivos de mayor aumento para medir con exactitud caracter\u00edsticas extremadamente peque\u00f1as.<\/p>\n<p>Alta productividad y capacidad<\/p>\n<p>La capacidad de inspeccionar y medir de forma simult\u00e1nea genera nuevos niveles de productividad para el entorno de trabajo y una placa transversal r\u00e1pida de platina (incluso en modo manual) lo ayuda a completar las tareas de medici\u00f3n con mayor rapidez. El Hawk Duo tambi\u00e9n puede realizar rutinas de medici\u00f3n r\u00e1pidas y programables con control CNC de 3 ejes<\/p>\n<p>Objetos grandes<\/p>\n<p>Una generosa capacidad de medici\u00f3n de 200 mm x 150 mm le permite medir una amplia variedad de piezas y componentes, y el desplazamiento sobre el eje Z del Hawk Duo, que es l\u00edder en su clase, es ideal para medir objetos m\u00e1s altos.<\/p>\n<p>2 en 1: la diferencia de Hawk<\/p>\n<p>Hawk Duo combina dos microscopios en un solo dispositivo s\u00f3lido, con lo cual ahorra dinero y espacio. Su funci\u00f3n de medici\u00f3n en video es \u00fatil para el trabajo voluminoso y de rutina, donde los bordes de las caracter\u00edsticas pueden identificarse con facilidad. Para los objetos m\u00e1s dif\u00edciles, con muy poco contraste entre la caracter\u00edstica y el fondo, cambie a la medici\u00f3n \u00f3ptica.<\/p>\n<p>La ventaja de Dynascope<\/p>\n<p>Para tener un rendimiento supremo, Hawk Duo usa la tecnolog\u00eda Dynascope, que es \u00fanica de Vision Engineering, la cual facilita la medici\u00f3n de objetos con caracter\u00edsticas de bajo contraste y dif\u00edciles de ver. Ahora puede ver y medir objetos con caracter\u00edsticas de negro sobre negro o blanco sobre blanco, o altos niveles de transparencia con el Hawk Duo sin oculares, de forma f\u00e1cil y con plena confianza.<\/p>\n<p>Dentro de Dynascope<\/p>\n<p>Dynascope usa un disco multilenticular giratorio que cuenta con m\u00e1s de 3,5 millones de lent\u00edculas acomodadas para formar un patr\u00f3n hexagonal en su superficie. Cada una de estas lent\u00edculas, con un di\u00e1metro de tan solo unos pocos micrometros, act\u00faa como una superficie separada que forma una imagen.<\/p>\n<p>Al girar el disco a alta velocidad, los millones de trayectorias \u00f3pticas individuales se fusionan para formar una imagen de gran calidad y libre de anomal\u00edas que se puede visualizar a trav\u00e9s de un \u201cocular\u201d virtual que tienen un di\u00e1metro aproximadamente 13 veces mayor que el de los haces de luz intensos y limitados que llegan a los ojos del usuario con un microscopio convencional. El di\u00e1metro m\u00e1s grande de esos rayos de salida implica que los usuarios no necesitan alinear con precisi\u00f3n los ojos con las lentes de visualizaci\u00f3n para ver el objeto, lo cual hace que sea posible adoptar una postura c\u00f3moda.<\/p>\n<p>Software de medici\u00f3n M-Series f\u00e1cil de usar<\/p>\n<p>El Hawk Duo viene con el software de metrolog\u00eda M-Series que es l\u00edder en la industria para realizar inspecciones r\u00e1pidas y precisas de piezas. El software M-Series, que es potente pero f\u00e1cil de usar, puede realizar aplicaciones de medici\u00f3n b\u00e1sicas y avanzadas con una capacitaci\u00f3n m\u00ednima. La interfaz de usuario intuitiva tiene un aspecto similar al de las aplicaciones en los tel\u00e9fonos y las tablets y cuenta con la tecnolog\u00eda de Microsoft Windows 10 para generar informes e imprimir con facilidad.<\/p>\n<p>Caracter\u00edsticas potentes de productividad<\/p>\n<p>El marcado en visualizaci\u00f3n de piezas similar a CAD, la importaci\u00f3n\/exportaci\u00f3n a DXF, la comparaci\u00f3n mediante superposici\u00f3n digital, una variedad de opciones de an\u00e1lisis de fibras, cables y perfil, as\u00ed como las m\u00faltiples herramientas de video desde detecci\u00f3n de bordes transversal hasta de video completo, le otorgan todo lo que necesita para cualquier tarea.<\/p>\n<p>Opciones de iluminaci\u00f3n<\/p>\n<p>Dado que todos tienen diferentes necesidades, nos hemos asegurado de que el Hawk Duo pueda configurarse de forma personalizada con una amplia variedad de opciones de iluminaci\u00f3n, lo cual incluye un anillo de luz LED de cuadrante y programable para brindar una iluminaci\u00f3n uniforme y sin sombras de la superficie, iluminaci\u00f3n episc\u00f3pica para la inspecci\u00f3n de orificios e iluminaci\u00f3n subplatina ajustable.<\/p>\n<p>&nbsp;<\/p>\n","protected":false},"excerpt":{"rendered":"<p>HAWK DUO Sistema autom\u00e1tico de medici\u00f3n \u00f3ptica y video de alta precisi\u00f3n El Hawk Duo, es una excelente soluci\u00f3n para la ingenier\u00eda de precisi\u00f3n, le brinda la confiabilidad y la precisi\u00f3n de un microscopio de medici\u00f3n \u00f3ptica (adem\u00e1s de la practicidad y repetibilidad de la medici\u00f3n en video digital) en un s\u00f3lido sistema. Es una [&hellip;]<\/p>\n","protected":false},"featured_media":7622,"template":"","meta":{"_acf_changed":false},"pwb-brand":[83],"product_brand":[],"product_cat":[366,86,52],"product_tag":[],"class_list":{"0":"post-7620","1":"product","2":"type-product","3":"status-publish","4":"has-post-thumbnail","6":"pwb-brand-vision-engineering","7":"product_cat-todos-los-productos","8":"product_cat-sistemas-de-medicion-sin-contacto","9":"product_cat-vision-engineering","11":"first","12":"instock","13":"taxable","14":"shipping-taxable","15":"product-type-simple"},"acf":[],"yoast_head":"<!-- This site is optimized with the Yoast SEO plugin v27.4 - https:\/\/yoast.com\/product\/yoast-seo-wordpress\/ -->\n<title>Hawk Duo Sistema autom\u00e1tico de medici\u00f3n \u00f3ptica y video - Techmaster de Mexico<\/title>\n<meta name=\"robots\" content=\"index, follow, max-snippet:-1, max-image-preview:large, max-video-preview:-1\" \/>\n<link rel=\"canonical\" href=\"https:\/\/techmasterdemexico.com\/producto\/hawk-duo-sistema-automatico-de-medicion-optica-y-video\/\" \/>\n<meta property=\"og:locale\" content=\"en_US\" \/>\n<meta property=\"og:type\" content=\"article\" \/>\n<meta property=\"og:title\" content=\"Hawk Duo Sistema autom\u00e1tico de medici\u00f3n \u00f3ptica y video - Techmaster de Mexico\" \/>\n<meta property=\"og:description\" content=\"HAWK DUO Sistema autom\u00e1tico de medici\u00f3n \u00f3ptica y video de alta precisi\u00f3n El Hawk Duo, es una excelente soluci\u00f3n para la ingenier\u00eda de precisi\u00f3n, le brinda la confiabilidad y la precisi\u00f3n de un microscopio de medici\u00f3n \u00f3ptica (adem\u00e1s de la practicidad y repetibilidad de la medici\u00f3n en video digital) en un s\u00f3lido sistema. Es una [&hellip;]\" \/>\n<meta property=\"og:url\" content=\"https:\/\/techmasterdemexico.com\/producto\/hawk-duo-sistema-automatico-de-medicion-optica-y-video\/\" \/>\n<meta property=\"og:site_name\" content=\"Techmaster de Mexico\" \/>\n<meta property=\"article:modified_time\" content=\"2021-12-28T21:41:43+00:00\" \/>\n<meta property=\"og:image\" content=\"https:\/\/techmasterdemexico.com\/wp-content\/uploads\/2021\/07\/Hawk-digital-measuring-microsope-banner-image-582x582px.png\" \/>\n\t<meta property=\"og:image:width\" content=\"582\" \/>\n\t<meta property=\"og:image:height\" content=\"582\" \/>\n\t<meta property=\"og:image:type\" content=\"image\/png\" \/>\n<meta name=\"twitter:card\" content=\"summary_large_image\" \/>\n<meta name=\"twitter:label1\" content=\"Est. reading time\" \/>\n\t<meta name=\"twitter:data1\" content=\"4 minutes\" \/>\n<script type=\"application\/ld+json\" class=\"yoast-schema-graph\">{\"@context\":\"https:\\\/\\\/schema.org\",\"@graph\":[{\"@type\":\"WebPage\",\"@id\":\"https:\\\/\\\/techmasterdemexico.com\\\/producto\\\/hawk-duo-sistema-automatico-de-medicion-optica-y-video\\\/\",\"url\":\"https:\\\/\\\/techmasterdemexico.com\\\/producto\\\/hawk-duo-sistema-automatico-de-medicion-optica-y-video\\\/\",\"name\":\"Hawk Duo Sistema autom\u00e1tico de medici\u00f3n \u00f3ptica y video - Techmaster de Mexico\",\"isPartOf\":{\"@id\":\"https:\\\/\\\/techmasterdemexico.com\\\/#website\"},\"primaryImageOfPage\":{\"@id\":\"https:\\\/\\\/techmasterdemexico.com\\\/producto\\\/hawk-duo-sistema-automatico-de-medicion-optica-y-video\\\/#primaryimage\"},\"image\":{\"@id\":\"https:\\\/\\\/techmasterdemexico.com\\\/producto\\\/hawk-duo-sistema-automatico-de-medicion-optica-y-video\\\/#primaryimage\"},\"thumbnailUrl\":\"https:\\\/\\\/techmasterdemexico.com\\\/wp-content\\\/uploads\\\/2021\\\/07\\\/Hawk-digital-measuring-microsope-banner-image-582x582px.png\",\"datePublished\":\"2021-07-07T18:02:38+00:00\",\"dateModified\":\"2021-12-28T21:41:43+00:00\",\"breadcrumb\":{\"@id\":\"https:\\\/\\\/techmasterdemexico.com\\\/producto\\\/hawk-duo-sistema-automatico-de-medicion-optica-y-video\\\/#breadcrumb\"},\"inLanguage\":\"en-US\",\"potentialAction\":[{\"@type\":\"ReadAction\",\"target\":[\"https:\\\/\\\/techmasterdemexico.com\\\/producto\\\/hawk-duo-sistema-automatico-de-medicion-optica-y-video\\\/\"]}]},{\"@type\":\"ImageObject\",\"inLanguage\":\"en-US\",\"@id\":\"https:\\\/\\\/techmasterdemexico.com\\\/producto\\\/hawk-duo-sistema-automatico-de-medicion-optica-y-video\\\/#primaryimage\",\"url\":\"https:\\\/\\\/techmasterdemexico.com\\\/wp-content\\\/uploads\\\/2021\\\/07\\\/Hawk-digital-measuring-microsope-banner-image-582x582px.png\",\"contentUrl\":\"https:\\\/\\\/techmasterdemexico.com\\\/wp-content\\\/uploads\\\/2021\\\/07\\\/Hawk-digital-measuring-microsope-banner-image-582x582px.png\",\"width\":582,\"height\":582},{\"@type\":\"BreadcrumbList\",\"@id\":\"https:\\\/\\\/techmasterdemexico.com\\\/producto\\\/hawk-duo-sistema-automatico-de-medicion-optica-y-video\\\/#breadcrumb\",\"itemListElement\":[{\"@type\":\"ListItem\",\"position\":1,\"name\":\"Portada\",\"item\":\"https:\\\/\\\/techmasterdemexico.com\\\/\"},{\"@type\":\"ListItem\",\"position\":2,\"name\":\"Hawk Duo Sistema autom\u00e1tico de medici\u00f3n \u00f3ptica y video\"}]},{\"@type\":\"WebSite\",\"@id\":\"https:\\\/\\\/techmasterdemexico.com\\\/#website\",\"url\":\"https:\\\/\\\/techmasterdemexico.com\\\/\",\"name\":\"Techmaster de Mexico\",\"description\":\"\",\"potentialAction\":[{\"@type\":\"SearchAction\",\"target\":{\"@type\":\"EntryPoint\",\"urlTemplate\":\"https:\\\/\\\/techmasterdemexico.com\\\/?s={search_term_string}\"},\"query-input\":{\"@type\":\"PropertyValueSpecification\",\"valueRequired\":true,\"valueName\":\"search_term_string\"}}],\"inLanguage\":\"en-US\"}]}<\/script>\n<!-- \/ Yoast SEO plugin. -->","yoast_head_json":{"title":"Hawk Duo Sistema autom\u00e1tico de medici\u00f3n \u00f3ptica y video - Techmaster de Mexico","robots":{"index":"index","follow":"follow","max-snippet":"max-snippet:-1","max-image-preview":"max-image-preview:large","max-video-preview":"max-video-preview:-1"},"canonical":"https:\/\/techmasterdemexico.com\/producto\/hawk-duo-sistema-automatico-de-medicion-optica-y-video\/","og_locale":"en_US","og_type":"article","og_title":"Hawk Duo Sistema autom\u00e1tico de medici\u00f3n \u00f3ptica y video - Techmaster de Mexico","og_description":"HAWK DUO Sistema autom\u00e1tico de medici\u00f3n \u00f3ptica y video de alta precisi\u00f3n El Hawk Duo, es una excelente soluci\u00f3n para la ingenier\u00eda de precisi\u00f3n, le brinda la confiabilidad y la precisi\u00f3n de un microscopio de medici\u00f3n \u00f3ptica (adem\u00e1s de la practicidad y repetibilidad de la medici\u00f3n en video digital) en un s\u00f3lido sistema. Es una [&hellip;]","og_url":"https:\/\/techmasterdemexico.com\/producto\/hawk-duo-sistema-automatico-de-medicion-optica-y-video\/","og_site_name":"Techmaster de Mexico","article_modified_time":"2021-12-28T21:41:43+00:00","og_image":[{"width":582,"height":582,"url":"https:\/\/techmasterdemexico.com\/wp-content\/uploads\/2021\/07\/Hawk-digital-measuring-microsope-banner-image-582x582px.png","type":"image\/png"}],"twitter_card":"summary_large_image","twitter_misc":{"Est. reading time":"4 minutes"},"schema":{"@context":"https:\/\/schema.org","@graph":[{"@type":"WebPage","@id":"https:\/\/techmasterdemexico.com\/producto\/hawk-duo-sistema-automatico-de-medicion-optica-y-video\/","url":"https:\/\/techmasterdemexico.com\/producto\/hawk-duo-sistema-automatico-de-medicion-optica-y-video\/","name":"Hawk Duo Sistema autom\u00e1tico de medici\u00f3n \u00f3ptica y video - Techmaster de Mexico","isPartOf":{"@id":"https:\/\/techmasterdemexico.com\/#website"},"primaryImageOfPage":{"@id":"https:\/\/techmasterdemexico.com\/producto\/hawk-duo-sistema-automatico-de-medicion-optica-y-video\/#primaryimage"},"image":{"@id":"https:\/\/techmasterdemexico.com\/producto\/hawk-duo-sistema-automatico-de-medicion-optica-y-video\/#primaryimage"},"thumbnailUrl":"https:\/\/techmasterdemexico.com\/wp-content\/uploads\/2021\/07\/Hawk-digital-measuring-microsope-banner-image-582x582px.png","datePublished":"2021-07-07T18:02:38+00:00","dateModified":"2021-12-28T21:41:43+00:00","breadcrumb":{"@id":"https:\/\/techmasterdemexico.com\/producto\/hawk-duo-sistema-automatico-de-medicion-optica-y-video\/#breadcrumb"},"inLanguage":"en-US","potentialAction":[{"@type":"ReadAction","target":["https:\/\/techmasterdemexico.com\/producto\/hawk-duo-sistema-automatico-de-medicion-optica-y-video\/"]}]},{"@type":"ImageObject","inLanguage":"en-US","@id":"https:\/\/techmasterdemexico.com\/producto\/hawk-duo-sistema-automatico-de-medicion-optica-y-video\/#primaryimage","url":"https:\/\/techmasterdemexico.com\/wp-content\/uploads\/2021\/07\/Hawk-digital-measuring-microsope-banner-image-582x582px.png","contentUrl":"https:\/\/techmasterdemexico.com\/wp-content\/uploads\/2021\/07\/Hawk-digital-measuring-microsope-banner-image-582x582px.png","width":582,"height":582},{"@type":"BreadcrumbList","@id":"https:\/\/techmasterdemexico.com\/producto\/hawk-duo-sistema-automatico-de-medicion-optica-y-video\/#breadcrumb","itemListElement":[{"@type":"ListItem","position":1,"name":"Portada","item":"https:\/\/techmasterdemexico.com\/"},{"@type":"ListItem","position":2,"name":"Hawk Duo Sistema autom\u00e1tico de medici\u00f3n \u00f3ptica y video"}]},{"@type":"WebSite","@id":"https:\/\/techmasterdemexico.com\/#website","url":"https:\/\/techmasterdemexico.com\/","name":"Techmaster de Mexico","description":"","potentialAction":[{"@type":"SearchAction","target":{"@type":"EntryPoint","urlTemplate":"https:\/\/techmasterdemexico.com\/?s={search_term_string}"},"query-input":{"@type":"PropertyValueSpecification","valueRequired":true,"valueName":"search_term_string"}}],"inLanguage":"en-US"}]}},"brands":[{"id":83,"name":"Vision Engineering","slug":"vision-engineering"}],"_links":{"self":[{"href":"https:\/\/techmasterdemexico.com\/en\/wp-json\/wp\/v2\/product\/7620","targetHints":{"allow":["GET"]}}],"collection":[{"href":"https:\/\/techmasterdemexico.com\/en\/wp-json\/wp\/v2\/product"}],"about":[{"href":"https:\/\/techmasterdemexico.com\/en\/wp-json\/wp\/v2\/types\/product"}],"wp:featuredmedia":[{"embeddable":true,"href":"https:\/\/techmasterdemexico.com\/en\/wp-json\/wp\/v2\/media\/7622"}],"wp:attachment":[{"href":"https:\/\/techmasterdemexico.com\/en\/wp-json\/wp\/v2\/media?parent=7620"}],"wp:term":[{"taxonomy":"pwb-brand","embeddable":true,"href":"https:\/\/techmasterdemexico.com\/en\/wp-json\/wp\/v2\/pwb-brand?post=7620"},{"taxonomy":"product_brand","embeddable":true,"href":"https:\/\/techmasterdemexico.com\/en\/wp-json\/wp\/v2\/product_brand?post=7620"},{"taxonomy":"product_cat","embeddable":true,"href":"https:\/\/techmasterdemexico.com\/en\/wp-json\/wp\/v2\/product_cat?post=7620"},{"taxonomy":"product_tag","embeddable":true,"href":"https:\/\/techmasterdemexico.com\/en\/wp-json\/wp\/v2\/product_tag?post=7620"}],"curies":[{"name":"wp","href":"https:\/\/api.w.org\/{rel}","templated":true}]}}