{"id":7610,"date":"2021-07-07T17:13:58","date_gmt":"2021-07-07T17:13:58","guid":{"rendered":"http:\/\/techmastermx.ddns.net\/?post_type=product&#038;p=7610"},"modified":"2021-12-28T21:40:39","modified_gmt":"2021-12-28T21:40:39","slug":"deltron-cmm-cnc-para-area-de-fabricacion","status":"publish","type":"product","link":"https:\/\/techmasterdemexico.com\/en\/producto\/deltron-cmm-cnc-para-area-de-fabricacion\/","title":{"rendered":"Deltron CMM CNC para \u00e1rea de fabricaci\u00f3n"},"content":{"rendered":"<p>DELTRON<\/p>\n<p>CMM robusto,preciso, repetible y compacto para el area de fabricaci\u00f3n.<\/p>\n<p>Para aquellos con espacio limitado en el area de fabricaci\u00f3n, Deltron es una robusta y precisa CMM para el taller, combinada con un tama\u00f1o compacto, pero con una construcci\u00f3n sustancial para garantizar la estabilidad.Esta combinaci\u00f3n \u00fanica solo es posible gracias a su dise\u00f1o de mecanismo Delta de \u00faltima generaci\u00f3n que incorpora una construcci\u00f3n de varillas de fibra de carbono y un control de software desarrollado que ofrece altos niveles de precisi\u00f3n y repetibilidad de las mediciones.<\/p>\n<p>Operacion fluida y rapida<\/p>\n<p>Deltron cuenta con rodamientos de recirculaci\u00f3n completamente sellados, que ofrecen cuatro beneficios clave: no hay entrada de suciedad, sin caja de engranajes, sin necesidad de aire comprimido y un funcionamiento suave y r\u00e1pido. Juntos, estos ofrecen una precisi\u00f3n, simplicidad y confiabilidad excepcionales. La resoluci\u00f3n de escala de 0.1 \u03bcm y la precisi\u00f3n volum\u00e9trica de (2.6+0.4L\/100) \u03bcm combinada con brazos de fibra de carbon que ahorran peso y que brindan un alto nivel de confianzan en la medici\u00f3n- velocidad y precisi\u00f3n en las que puede confiar.<\/p>\n<p>Siempre preciso<\/p>\n<p>El mecanismo delta de Deltron, los cojinetes mec\u00e1nicos de precisi\u00f3n y los sensores de temperatura incorporados proporcionan la estabilidad y la exactitud necesarias de un sistema de medici\u00f3n de precisi\u00f3n, incluso cuando la temperatura ambiente no est\u00e1 controlada. Esta configuraci\u00f3n \u00fanica garantiza el mantenimiento de unas mediciones r\u00e1pidas y precisas en todo momento.<\/p>\n<p>Aut\u00f3nomo o integrado<\/p>\n<p>El dise\u00f1o de vanguardia de Deltron combina un espacio compacto con f\u00e1cil accesibilidad y un volumen de medici\u00f3n sorprendentemente grande. Como el sistema no tiene cojinetes de aire y tanto la temperatura de la pieza como la del ambiente se compensan, Deltron puede colocarse exactamente donde se necesita. Se siente como en casa trabajando junto a las m\u00e1quinas-herramienta en el taller.<\/p>\n<p>Util\u00edcelo de forma independiente, con sistemas de manipulaci\u00f3n de materiales, o int\u00e9grelo en l\u00edneas de fabricaci\u00f3n automatizadas para realizar mediciones durante el proceso.<\/p>\n<p>Software intuitivo: usted tiene el control<\/p>\n<p>Una interfaz de usuario potente, pero f\u00e1cil de usar, que aumenta el rendimiento de los componentes y minimiza el per\u00edodo de aprendizaje de los nuevos usuarios.El software ViTouch3D tiene una interfaz familiar, f\u00e1cil de usar e intuitiva, f\u00e1cil de aprender para una amplia serie de operadores adecuado para usuarios ocasionales o profesionales de la inspecci\u00f3n a tiempo completo. Produzca f\u00e1cilmente informes de inspecci\u00f3n, ya sea en forma de representaciones gr\u00e1ficas totalmente dimensionadas o de informes tabulados que pueden exportarse simplemente a Microsoft Excel.<\/p>\n<p>&nbsp;<\/p>\n","protected":false},"excerpt":{"rendered":"<ul>\n<li>Potente ventana gr\u00e1fica interactiva<\/li>\n<li>Reconocimiento autom\u00e1tico de caracter\u00edsticas<\/li>\n<li>Programaci\u00f3n de aprendizaje y repetici\u00f3n<\/li>\n<li>Ejecuci\u00f3n de programas desde cualquier punto<\/li>\n<li>Dibujo de ingenier\u00eda GD&amp;T<\/li>\n<li>Pasa\/ Falla simple<\/li>\n<li>Inspecci\u00f3n de curvas de forma libre<\/li>\n<li>Importaci\u00f3n\/exportaci\u00f3n de datos DXF<\/li>\n<li>Exportaci\u00f3n de STEP e IGES<\/li>\n<li>Sin lenguaje de programaci\u00f3n complejo<\/li>\n<li>Programaci\u00f3n desde CAD y opciones de automatizaci\u00f3n<\/li>\n<li>Actualizaciones de software gratuitas<\/li>\n<\/ul>\n","protected":false},"featured_media":7612,"template":"","meta":{"_acf_changed":false},"pwb-brand":[83],"product_brand":[],"product_cat":[366,52],"product_tag":[],"class_list":{"0":"post-7610","1":"product","2":"type-product","3":"status-publish","4":"has-post-thumbnail","6":"pwb-brand-vision-engineering","7":"product_cat-todos-los-productos","8":"product_cat-vision-engineering","10":"first","11":"instock","12":"taxable","13":"shipping-taxable","14":"product-type-simple"},"acf":[],"yoast_head":"<!-- This site is optimized with the Yoast SEO plugin v27.3 - https:\/\/yoast.com\/product\/yoast-seo-wordpress\/ -->\n<title>Deltron CMM CNC para \u00e1rea de fabricaci\u00f3n - Techmaster de Mexico<\/title>\n<meta name=\"robots\" content=\"index, follow, max-snippet:-1, max-image-preview:large, max-video-preview:-1\" \/>\n<link rel=\"canonical\" href=\"https:\/\/techmasterdemexico.com\/producto\/deltron-cmm-cnc-para-area-de-fabricacion\/\" \/>\n<meta property=\"og:locale\" content=\"en_US\" \/>\n<meta property=\"og:type\" content=\"article\" \/>\n<meta property=\"og:title\" content=\"Deltron CMM CNC para \u00e1rea de fabricaci\u00f3n - Techmaster de Mexico\" \/>\n<meta property=\"og:description\" content=\"Potente ventana gr\u00e1fica interactiva   Reconocimiento autom\u00e1tico de caracter\u00edsticas   Programaci\u00f3n de aprendizaje y repetici\u00f3n   Ejecuci\u00f3n de programas desde cualquier punto   Dibujo de ingenier\u00eda GD&amp;T   Pasa\/ Falla simple   Inspecci\u00f3n de curvas de forma libre   Importaci\u00f3n\/exportaci\u00f3n de datos DXF   Exportaci\u00f3n de STEP e IGES   Sin lenguaje de programaci\u00f3n complejo   Programaci\u00f3n desde CAD y opciones de automatizaci\u00f3n   Actualizaciones de software gratuitas\" \/>\n<meta property=\"og:url\" content=\"https:\/\/techmasterdemexico.com\/producto\/deltron-cmm-cnc-para-area-de-fabricacion\/\" \/>\n<meta property=\"og:site_name\" content=\"Techmaster de Mexico\" \/>\n<meta property=\"article:modified_time\" content=\"2021-12-28T21:40:39+00:00\" \/>\n<meta property=\"og:image\" content=\"https:\/\/techmasterdemexico.com\/wp-content\/uploads\/2021\/07\/Deltron-CMM-callout-box-image-666x550px_v2.png\" \/>\n\t<meta property=\"og:image:width\" content=\"666\" \/>\n\t<meta property=\"og:image:height\" content=\"550\" \/>\n\t<meta property=\"og:image:type\" content=\"image\/png\" \/>\n<meta name=\"twitter:card\" content=\"summary_large_image\" \/>\n<meta name=\"twitter:label1\" content=\"Est. reading time\" \/>\n\t<meta name=\"twitter:data1\" content=\"2 minutes\" \/>\n<script type=\"application\/ld+json\" class=\"yoast-schema-graph\">{\"@context\":\"https:\\\/\\\/schema.org\",\"@graph\":[{\"@type\":\"WebPage\",\"@id\":\"https:\\\/\\\/techmasterdemexico.com\\\/producto\\\/deltron-cmm-cnc-para-area-de-fabricacion\\\/\",\"url\":\"https:\\\/\\\/techmasterdemexico.com\\\/producto\\\/deltron-cmm-cnc-para-area-de-fabricacion\\\/\",\"name\":\"Deltron CMM CNC para \u00e1rea de fabricaci\u00f3n - Techmaster de Mexico\",\"isPartOf\":{\"@id\":\"https:\\\/\\\/techmasterdemexico.com\\\/#website\"},\"primaryImageOfPage\":{\"@id\":\"https:\\\/\\\/techmasterdemexico.com\\\/producto\\\/deltron-cmm-cnc-para-area-de-fabricacion\\\/#primaryimage\"},\"image\":{\"@id\":\"https:\\\/\\\/techmasterdemexico.com\\\/producto\\\/deltron-cmm-cnc-para-area-de-fabricacion\\\/#primaryimage\"},\"thumbnailUrl\":\"https:\\\/\\\/techmasterdemexico.com\\\/wp-content\\\/uploads\\\/2021\\\/07\\\/Deltron-CMM-callout-box-image-666x550px_v2.png\",\"datePublished\":\"2021-07-07T17:13:58+00:00\",\"dateModified\":\"2021-12-28T21:40:39+00:00\",\"breadcrumb\":{\"@id\":\"https:\\\/\\\/techmasterdemexico.com\\\/producto\\\/deltron-cmm-cnc-para-area-de-fabricacion\\\/#breadcrumb\"},\"inLanguage\":\"en-US\",\"potentialAction\":[{\"@type\":\"ReadAction\",\"target\":[\"https:\\\/\\\/techmasterdemexico.com\\\/producto\\\/deltron-cmm-cnc-para-area-de-fabricacion\\\/\"]}]},{\"@type\":\"ImageObject\",\"inLanguage\":\"en-US\",\"@id\":\"https:\\\/\\\/techmasterdemexico.com\\\/producto\\\/deltron-cmm-cnc-para-area-de-fabricacion\\\/#primaryimage\",\"url\":\"https:\\\/\\\/techmasterdemexico.com\\\/wp-content\\\/uploads\\\/2021\\\/07\\\/Deltron-CMM-callout-box-image-666x550px_v2.png\",\"contentUrl\":\"https:\\\/\\\/techmasterdemexico.com\\\/wp-content\\\/uploads\\\/2021\\\/07\\\/Deltron-CMM-callout-box-image-666x550px_v2.png\",\"width\":666,\"height\":550},{\"@type\":\"BreadcrumbList\",\"@id\":\"https:\\\/\\\/techmasterdemexico.com\\\/producto\\\/deltron-cmm-cnc-para-area-de-fabricacion\\\/#breadcrumb\",\"itemListElement\":[{\"@type\":\"ListItem\",\"position\":1,\"name\":\"Portada\",\"item\":\"https:\\\/\\\/techmasterdemexico.com\\\/\"},{\"@type\":\"ListItem\",\"position\":2,\"name\":\"Deltron CMM CNC para \u00e1rea de fabricaci\u00f3n\"}]},{\"@type\":\"WebSite\",\"@id\":\"https:\\\/\\\/techmasterdemexico.com\\\/#website\",\"url\":\"https:\\\/\\\/techmasterdemexico.com\\\/\",\"name\":\"Techmaster de Mexico\",\"description\":\"\",\"potentialAction\":[{\"@type\":\"SearchAction\",\"target\":{\"@type\":\"EntryPoint\",\"urlTemplate\":\"https:\\\/\\\/techmasterdemexico.com\\\/?s={search_term_string}\"},\"query-input\":{\"@type\":\"PropertyValueSpecification\",\"valueRequired\":true,\"valueName\":\"search_term_string\"}}],\"inLanguage\":\"en-US\"}]}<\/script>\n<!-- \/ Yoast SEO plugin. -->","yoast_head_json":{"title":"Deltron CMM CNC para \u00e1rea de fabricaci\u00f3n - Techmaster de Mexico","robots":{"index":"index","follow":"follow","max-snippet":"max-snippet:-1","max-image-preview":"max-image-preview:large","max-video-preview":"max-video-preview:-1"},"canonical":"https:\/\/techmasterdemexico.com\/producto\/deltron-cmm-cnc-para-area-de-fabricacion\/","og_locale":"en_US","og_type":"article","og_title":"Deltron CMM CNC para \u00e1rea de fabricaci\u00f3n - Techmaster de Mexico","og_description":"Potente ventana gr\u00e1fica interactiva   Reconocimiento autom\u00e1tico de caracter\u00edsticas   Programaci\u00f3n de aprendizaje y repetici\u00f3n   Ejecuci\u00f3n de programas desde cualquier punto   Dibujo de ingenier\u00eda GD&amp;T   Pasa\/ Falla simple   Inspecci\u00f3n de curvas de forma libre   Importaci\u00f3n\/exportaci\u00f3n de datos DXF   Exportaci\u00f3n de STEP e IGES   Sin lenguaje de programaci\u00f3n complejo   Programaci\u00f3n desde CAD y opciones de automatizaci\u00f3n   Actualizaciones de software gratuitas","og_url":"https:\/\/techmasterdemexico.com\/producto\/deltron-cmm-cnc-para-area-de-fabricacion\/","og_site_name":"Techmaster de Mexico","article_modified_time":"2021-12-28T21:40:39+00:00","og_image":[{"width":666,"height":550,"url":"https:\/\/techmasterdemexico.com\/wp-content\/uploads\/2021\/07\/Deltron-CMM-callout-box-image-666x550px_v2.png","type":"image\/png"}],"twitter_card":"summary_large_image","twitter_misc":{"Est. reading time":"2 minutes"},"schema":{"@context":"https:\/\/schema.org","@graph":[{"@type":"WebPage","@id":"https:\/\/techmasterdemexico.com\/producto\/deltron-cmm-cnc-para-area-de-fabricacion\/","url":"https:\/\/techmasterdemexico.com\/producto\/deltron-cmm-cnc-para-area-de-fabricacion\/","name":"Deltron CMM CNC para \u00e1rea de fabricaci\u00f3n - Techmaster de Mexico","isPartOf":{"@id":"https:\/\/techmasterdemexico.com\/#website"},"primaryImageOfPage":{"@id":"https:\/\/techmasterdemexico.com\/producto\/deltron-cmm-cnc-para-area-de-fabricacion\/#primaryimage"},"image":{"@id":"https:\/\/techmasterdemexico.com\/producto\/deltron-cmm-cnc-para-area-de-fabricacion\/#primaryimage"},"thumbnailUrl":"https:\/\/techmasterdemexico.com\/wp-content\/uploads\/2021\/07\/Deltron-CMM-callout-box-image-666x550px_v2.png","datePublished":"2021-07-07T17:13:58+00:00","dateModified":"2021-12-28T21:40:39+00:00","breadcrumb":{"@id":"https:\/\/techmasterdemexico.com\/producto\/deltron-cmm-cnc-para-area-de-fabricacion\/#breadcrumb"},"inLanguage":"en-US","potentialAction":[{"@type":"ReadAction","target":["https:\/\/techmasterdemexico.com\/producto\/deltron-cmm-cnc-para-area-de-fabricacion\/"]}]},{"@type":"ImageObject","inLanguage":"en-US","@id":"https:\/\/techmasterdemexico.com\/producto\/deltron-cmm-cnc-para-area-de-fabricacion\/#primaryimage","url":"https:\/\/techmasterdemexico.com\/wp-content\/uploads\/2021\/07\/Deltron-CMM-callout-box-image-666x550px_v2.png","contentUrl":"https:\/\/techmasterdemexico.com\/wp-content\/uploads\/2021\/07\/Deltron-CMM-callout-box-image-666x550px_v2.png","width":666,"height":550},{"@type":"BreadcrumbList","@id":"https:\/\/techmasterdemexico.com\/producto\/deltron-cmm-cnc-para-area-de-fabricacion\/#breadcrumb","itemListElement":[{"@type":"ListItem","position":1,"name":"Portada","item":"https:\/\/techmasterdemexico.com\/"},{"@type":"ListItem","position":2,"name":"Deltron CMM CNC para \u00e1rea de fabricaci\u00f3n"}]},{"@type":"WebSite","@id":"https:\/\/techmasterdemexico.com\/#website","url":"https:\/\/techmasterdemexico.com\/","name":"Techmaster de Mexico","description":"","potentialAction":[{"@type":"SearchAction","target":{"@type":"EntryPoint","urlTemplate":"https:\/\/techmasterdemexico.com\/?s={search_term_string}"},"query-input":{"@type":"PropertyValueSpecification","valueRequired":true,"valueName":"search_term_string"}}],"inLanguage":"en-US"}]}},"brands":[{"id":83,"name":"Vision Engineering","slug":"vision-engineering"}],"_links":{"self":[{"href":"https:\/\/techmasterdemexico.com\/en\/wp-json\/wp\/v2\/product\/7610","targetHints":{"allow":["GET"]}}],"collection":[{"href":"https:\/\/techmasterdemexico.com\/en\/wp-json\/wp\/v2\/product"}],"about":[{"href":"https:\/\/techmasterdemexico.com\/en\/wp-json\/wp\/v2\/types\/product"}],"wp:featuredmedia":[{"embeddable":true,"href":"https:\/\/techmasterdemexico.com\/en\/wp-json\/wp\/v2\/media\/7612"}],"wp:attachment":[{"href":"https:\/\/techmasterdemexico.com\/en\/wp-json\/wp\/v2\/media?parent=7610"}],"wp:term":[{"taxonomy":"pwb-brand","embeddable":true,"href":"https:\/\/techmasterdemexico.com\/en\/wp-json\/wp\/v2\/pwb-brand?post=7610"},{"taxonomy":"product_brand","embeddable":true,"href":"https:\/\/techmasterdemexico.com\/en\/wp-json\/wp\/v2\/product_brand?post=7610"},{"taxonomy":"product_cat","embeddable":true,"href":"https:\/\/techmasterdemexico.com\/en\/wp-json\/wp\/v2\/product_cat?post=7610"},{"taxonomy":"product_tag","embeddable":true,"href":"https:\/\/techmasterdemexico.com\/en\/wp-json\/wp\/v2\/product_tag?post=7610"}],"curies":[{"name":"wp","href":"https:\/\/api.w.org\/{rel}","templated":true}]}}