{"id":7602,"date":"2021-07-07T17:10:34","date_gmt":"2021-07-07T17:10:34","guid":{"rendered":"http:\/\/techmastermx.ddns.net\/?post_type=product&#038;p=7602"},"modified":"2021-12-28T21:40:40","modified_gmt":"2021-12-28T21:40:40","slug":"wave-led-lupa-de-mesa-industrial-led-con-lentes-rectangulares","status":"publish","type":"product","link":"https:\/\/techmasterdemexico.com\/en\/producto\/wave-led-lupa-de-mesa-industrial-led-con-lentes-rectangulares\/","title":{"rendered":"Wave Led Lupa de mesa industrial LED con lentes rectangulares"},"content":{"rendered":"<p>WAVE LED<\/p>\n<p>Lupa de mesa industrial LED con lentes rectangulares<\/p>\n<p>Optimizada para aplicaciones industriales, la lupa de mesa WAVE LED proporciona una iluminaci\u00f3n 3D de alta calidad sin sombra para simplificar cualquier tarea de fabricaci\u00f3n, garant\u00eda de calidad, manipulaci\u00f3n o examen general.<\/p>\n<p>Las lupas de mesa LED de ONDA, UV y ESD incorporan la misma excelencia en el dise\u00f1o adoptado en todos los galardonados microscopios estereosc\u00f3picos de Vision Engineering, proporcionando la m\u00e1xima claridad, flexibilidad y estabilidad.<\/p>\n<p>Aumento sin sombras<\/p>\n<p>LED de ONDA ofrece un aumento sin sombras y visualizaci\u00f3n 3D con iluminaci\u00f3n controlada izquierda y derecha independientemente. La funci\u00f3n 3D es en especial \u00fatil al trabajar con circuitos impresos y objetos similares delicados en inspecci\u00f3n y aplicaciones de reelaboraci\u00f3n.<\/p>\n<p>Posiciones de operaci\u00f3n flexibles<\/p>\n<p>Nuestras lupas est\u00e1n especialmente dise\u00f1adas para maximizar movimiento horizontal y vertical. Proporcionan importante alcance horizontal, y siempre se mantendr\u00e1n en la posici\u00f3n correcta sin desv\u00edos.<\/p>\n<p>Los brazos est\u00e1n perfectamente equilibrados por un sistema de resortes que aseguran un posicionamiento uniforme y f\u00e1cil \u2013 sin perillas, nada para ajustar.<\/p>\n<p>La flexibilidad entre el brazo autoequilibrante y la uni\u00f3n sin fricci\u00f3n entre el cabezal y el brazo hace que el posicionamiento exacto sea f\u00e1cil. El dise\u00f1o del brazo totalmente cerrado es ideal para aplicaciones mec\u00e1nicas, electr\u00f3nicas, circuitos impresos, aplicaciones dentales, de joyer\u00eda y otras aplicaciones de precisi\u00f3n.<\/p>\n<p>Importancia de la calidad de la luz<\/p>\n<p>Una buena iluminaci\u00f3n reduce el riesgo de problemas de salud, aumenta la seguridad y mejora la productividad.<\/p>\n<p>Por lo tanto, la gran importancia que tiene la calidad de la luz de nuestras lupas luminosas, que tienen potentes luminarias con una excelente salida de luz. La calidad y exacto posicionamiento de las fuentes de iluminaci\u00f3n en relaci\u00f3n a la lente permite un aumento pr\u00e1cticamente libre de sombras y una excelente reproducci\u00f3n de color.<\/p>\n<p>Lente de cristal para claridad y confort superior.<\/p>\n<p>La calidad de LED de ONDA comienza con lente de cristal \u00f3ptica de alto desempe\u00f1o, lo que significa claridad superior. La lente de cristal corona cuenta con un \u00edndice refractivo m\u00e1s bajo que las lupas de mesa con lentes de pl\u00e1stico, lo que reduce la p\u00e9rdida de iluminaci\u00f3n en la transmisi\u00f3n a trav\u00e9s de la lente y por lo tanto menor distorsi\u00f3n de la imagen.<\/p>\n<p>Una menor distorsi\u00f3n permite una visi\u00f3n m\u00e1s confortable por per\u00edodos de tiempo m\u00e1s largos.<\/p>\n<p>&nbsp;<\/p>\n","protected":false},"excerpt":{"rendered":"<p>WAVE LED Lupa de mesa industrial LED con lentes rectangulares Optimizada para aplicaciones industriales, la lupa de mesa WAVE LED proporciona una iluminaci\u00f3n 3D de alta calidad sin sombra para simplificar cualquier tarea de fabricaci\u00f3n, garant\u00eda de calidad, manipulaci\u00f3n o examen general. Las lupas de mesa LED de ONDA, UV y ESD incorporan la misma [&hellip;]<\/p>\n","protected":false},"featured_media":7603,"template":"","meta":{"_acf_changed":false},"pwb-brand":[83],"product_brand":[],"product_cat":[366,84,52],"product_tag":[],"class_list":{"0":"post-7602","1":"product","2":"type-product","3":"status-publish","4":"has-post-thumbnail","6":"pwb-brand-vision-engineering","7":"product_cat-todos-los-productos","8":"product_cat-lupas-de-mesa","9":"product_cat-vision-engineering","11":"first","12":"instock","13":"taxable","14":"shipping-taxable","15":"product-type-simple"},"acf":[],"yoast_head":"<!-- This site is optimized with the Yoast SEO plugin v27.4 - https:\/\/yoast.com\/product\/yoast-seo-wordpress\/ -->\n<title>Wave Led Lupa de mesa industrial LED con lentes rectangulares - Techmaster de Mexico<\/title>\n<meta name=\"robots\" content=\"index, follow, max-snippet:-1, max-image-preview:large, max-video-preview:-1\" \/>\n<link rel=\"canonical\" href=\"https:\/\/techmasterdemexico.com\/producto\/wave-led-lupa-de-mesa-industrial-led-con-lentes-rectangulares\/\" \/>\n<meta property=\"og:locale\" content=\"en_US\" \/>\n<meta property=\"og:type\" content=\"article\" \/>\n<meta property=\"og:title\" content=\"Wave Led Lupa de mesa industrial LED con lentes rectangulares - Techmaster de Mexico\" \/>\n<meta property=\"og:description\" content=\"WAVE LED Lupa de mesa industrial LED con lentes rectangulares Optimizada para aplicaciones industriales, la lupa de mesa WAVE LED proporciona una iluminaci\u00f3n 3D de alta calidad sin sombra para simplificar cualquier tarea de fabricaci\u00f3n, garant\u00eda de calidad, manipulaci\u00f3n o examen general. Las lupas de mesa LED de ONDA, UV y ESD incorporan la misma [&hellip;]\" \/>\n<meta property=\"og:url\" content=\"https:\/\/techmasterdemexico.com\/producto\/wave-led-lupa-de-mesa-industrial-led-con-lentes-rectangulares\/\" \/>\n<meta property=\"og:site_name\" content=\"Techmaster de Mexico\" \/>\n<meta property=\"article:modified_time\" content=\"2021-12-28T21:40:40+00:00\" \/>\n<meta property=\"og:image\" content=\"https:\/\/techmasterdemexico.com\/wp-content\/uploads\/2021\/07\/Wave-Bench-Magnifier-ESD-Banner-Image-582x582px.png\" \/>\n\t<meta property=\"og:image:width\" content=\"582\" \/>\n\t<meta property=\"og:image:height\" content=\"582\" \/>\n\t<meta property=\"og:image:type\" content=\"image\/png\" \/>\n<meta name=\"twitter:card\" content=\"summary_large_image\" \/>\n<meta name=\"twitter:label1\" content=\"Est. reading time\" \/>\n\t<meta name=\"twitter:data1\" content=\"2 minutes\" \/>\n<script type=\"application\/ld+json\" class=\"yoast-schema-graph\">{\"@context\":\"https:\\\/\\\/schema.org\",\"@graph\":[{\"@type\":\"WebPage\",\"@id\":\"https:\\\/\\\/techmasterdemexico.com\\\/producto\\\/wave-led-lupa-de-mesa-industrial-led-con-lentes-rectangulares\\\/\",\"url\":\"https:\\\/\\\/techmasterdemexico.com\\\/producto\\\/wave-led-lupa-de-mesa-industrial-led-con-lentes-rectangulares\\\/\",\"name\":\"Wave Led Lupa de mesa industrial LED con lentes rectangulares - Techmaster de Mexico\",\"isPartOf\":{\"@id\":\"https:\\\/\\\/techmasterdemexico.com\\\/#website\"},\"primaryImageOfPage\":{\"@id\":\"https:\\\/\\\/techmasterdemexico.com\\\/producto\\\/wave-led-lupa-de-mesa-industrial-led-con-lentes-rectangulares\\\/#primaryimage\"},\"image\":{\"@id\":\"https:\\\/\\\/techmasterdemexico.com\\\/producto\\\/wave-led-lupa-de-mesa-industrial-led-con-lentes-rectangulares\\\/#primaryimage\"},\"thumbnailUrl\":\"https:\\\/\\\/techmasterdemexico.com\\\/wp-content\\\/uploads\\\/2021\\\/07\\\/Wave-Bench-Magnifier-ESD-Banner-Image-582x582px.png\",\"datePublished\":\"2021-07-07T17:10:34+00:00\",\"dateModified\":\"2021-12-28T21:40:40+00:00\",\"breadcrumb\":{\"@id\":\"https:\\\/\\\/techmasterdemexico.com\\\/producto\\\/wave-led-lupa-de-mesa-industrial-led-con-lentes-rectangulares\\\/#breadcrumb\"},\"inLanguage\":\"en-US\",\"potentialAction\":[{\"@type\":\"ReadAction\",\"target\":[\"https:\\\/\\\/techmasterdemexico.com\\\/producto\\\/wave-led-lupa-de-mesa-industrial-led-con-lentes-rectangulares\\\/\"]}]},{\"@type\":\"ImageObject\",\"inLanguage\":\"en-US\",\"@id\":\"https:\\\/\\\/techmasterdemexico.com\\\/producto\\\/wave-led-lupa-de-mesa-industrial-led-con-lentes-rectangulares\\\/#primaryimage\",\"url\":\"https:\\\/\\\/techmasterdemexico.com\\\/wp-content\\\/uploads\\\/2021\\\/07\\\/Wave-Bench-Magnifier-ESD-Banner-Image-582x582px.png\",\"contentUrl\":\"https:\\\/\\\/techmasterdemexico.com\\\/wp-content\\\/uploads\\\/2021\\\/07\\\/Wave-Bench-Magnifier-ESD-Banner-Image-582x582px.png\",\"width\":582,\"height\":582},{\"@type\":\"BreadcrumbList\",\"@id\":\"https:\\\/\\\/techmasterdemexico.com\\\/producto\\\/wave-led-lupa-de-mesa-industrial-led-con-lentes-rectangulares\\\/#breadcrumb\",\"itemListElement\":[{\"@type\":\"ListItem\",\"position\":1,\"name\":\"Portada\",\"item\":\"https:\\\/\\\/techmasterdemexico.com\\\/\"},{\"@type\":\"ListItem\",\"position\":2,\"name\":\"Wave Led Lupa de mesa industrial LED con lentes rectangulares\"}]},{\"@type\":\"WebSite\",\"@id\":\"https:\\\/\\\/techmasterdemexico.com\\\/#website\",\"url\":\"https:\\\/\\\/techmasterdemexico.com\\\/\",\"name\":\"Techmaster de Mexico\",\"description\":\"\",\"potentialAction\":[{\"@type\":\"SearchAction\",\"target\":{\"@type\":\"EntryPoint\",\"urlTemplate\":\"https:\\\/\\\/techmasterdemexico.com\\\/?s={search_term_string}\"},\"query-input\":{\"@type\":\"PropertyValueSpecification\",\"valueRequired\":true,\"valueName\":\"search_term_string\"}}],\"inLanguage\":\"en-US\"}]}<\/script>\n<!-- \/ Yoast SEO plugin. -->","yoast_head_json":{"title":"Wave Led Lupa de mesa industrial LED con lentes rectangulares - Techmaster de Mexico","robots":{"index":"index","follow":"follow","max-snippet":"max-snippet:-1","max-image-preview":"max-image-preview:large","max-video-preview":"max-video-preview:-1"},"canonical":"https:\/\/techmasterdemexico.com\/producto\/wave-led-lupa-de-mesa-industrial-led-con-lentes-rectangulares\/","og_locale":"en_US","og_type":"article","og_title":"Wave Led Lupa de mesa industrial LED con lentes rectangulares - Techmaster de Mexico","og_description":"WAVE LED Lupa de mesa industrial LED con lentes rectangulares Optimizada para aplicaciones industriales, la lupa de mesa WAVE LED proporciona una iluminaci\u00f3n 3D de alta calidad sin sombra para simplificar cualquier tarea de fabricaci\u00f3n, garant\u00eda de calidad, manipulaci\u00f3n o examen general. Las lupas de mesa LED de ONDA, UV y ESD incorporan la misma [&hellip;]","og_url":"https:\/\/techmasterdemexico.com\/producto\/wave-led-lupa-de-mesa-industrial-led-con-lentes-rectangulares\/","og_site_name":"Techmaster de Mexico","article_modified_time":"2021-12-28T21:40:40+00:00","og_image":[{"width":582,"height":582,"url":"https:\/\/techmasterdemexico.com\/wp-content\/uploads\/2021\/07\/Wave-Bench-Magnifier-ESD-Banner-Image-582x582px.png","type":"image\/png"}],"twitter_card":"summary_large_image","twitter_misc":{"Est. reading time":"2 minutes"},"schema":{"@context":"https:\/\/schema.org","@graph":[{"@type":"WebPage","@id":"https:\/\/techmasterdemexico.com\/producto\/wave-led-lupa-de-mesa-industrial-led-con-lentes-rectangulares\/","url":"https:\/\/techmasterdemexico.com\/producto\/wave-led-lupa-de-mesa-industrial-led-con-lentes-rectangulares\/","name":"Wave Led Lupa de mesa industrial LED con lentes rectangulares - Techmaster de Mexico","isPartOf":{"@id":"https:\/\/techmasterdemexico.com\/#website"},"primaryImageOfPage":{"@id":"https:\/\/techmasterdemexico.com\/producto\/wave-led-lupa-de-mesa-industrial-led-con-lentes-rectangulares\/#primaryimage"},"image":{"@id":"https:\/\/techmasterdemexico.com\/producto\/wave-led-lupa-de-mesa-industrial-led-con-lentes-rectangulares\/#primaryimage"},"thumbnailUrl":"https:\/\/techmasterdemexico.com\/wp-content\/uploads\/2021\/07\/Wave-Bench-Magnifier-ESD-Banner-Image-582x582px.png","datePublished":"2021-07-07T17:10:34+00:00","dateModified":"2021-12-28T21:40:40+00:00","breadcrumb":{"@id":"https:\/\/techmasterdemexico.com\/producto\/wave-led-lupa-de-mesa-industrial-led-con-lentes-rectangulares\/#breadcrumb"},"inLanguage":"en-US","potentialAction":[{"@type":"ReadAction","target":["https:\/\/techmasterdemexico.com\/producto\/wave-led-lupa-de-mesa-industrial-led-con-lentes-rectangulares\/"]}]},{"@type":"ImageObject","inLanguage":"en-US","@id":"https:\/\/techmasterdemexico.com\/producto\/wave-led-lupa-de-mesa-industrial-led-con-lentes-rectangulares\/#primaryimage","url":"https:\/\/techmasterdemexico.com\/wp-content\/uploads\/2021\/07\/Wave-Bench-Magnifier-ESD-Banner-Image-582x582px.png","contentUrl":"https:\/\/techmasterdemexico.com\/wp-content\/uploads\/2021\/07\/Wave-Bench-Magnifier-ESD-Banner-Image-582x582px.png","width":582,"height":582},{"@type":"BreadcrumbList","@id":"https:\/\/techmasterdemexico.com\/producto\/wave-led-lupa-de-mesa-industrial-led-con-lentes-rectangulares\/#breadcrumb","itemListElement":[{"@type":"ListItem","position":1,"name":"Portada","item":"https:\/\/techmasterdemexico.com\/"},{"@type":"ListItem","position":2,"name":"Wave Led Lupa de mesa industrial LED con lentes rectangulares"}]},{"@type":"WebSite","@id":"https:\/\/techmasterdemexico.com\/#website","url":"https:\/\/techmasterdemexico.com\/","name":"Techmaster de Mexico","description":"","potentialAction":[{"@type":"SearchAction","target":{"@type":"EntryPoint","urlTemplate":"https:\/\/techmasterdemexico.com\/?s={search_term_string}"},"query-input":{"@type":"PropertyValueSpecification","valueRequired":true,"valueName":"search_term_string"}}],"inLanguage":"en-US"}]}},"brands":[{"id":83,"name":"Vision Engineering","slug":"vision-engineering"}],"_links":{"self":[{"href":"https:\/\/techmasterdemexico.com\/en\/wp-json\/wp\/v2\/product\/7602","targetHints":{"allow":["GET"]}}],"collection":[{"href":"https:\/\/techmasterdemexico.com\/en\/wp-json\/wp\/v2\/product"}],"about":[{"href":"https:\/\/techmasterdemexico.com\/en\/wp-json\/wp\/v2\/types\/product"}],"wp:featuredmedia":[{"embeddable":true,"href":"https:\/\/techmasterdemexico.com\/en\/wp-json\/wp\/v2\/media\/7603"}],"wp:attachment":[{"href":"https:\/\/techmasterdemexico.com\/en\/wp-json\/wp\/v2\/media?parent=7602"}],"wp:term":[{"taxonomy":"pwb-brand","embeddable":true,"href":"https:\/\/techmasterdemexico.com\/en\/wp-json\/wp\/v2\/pwb-brand?post=7602"},{"taxonomy":"product_brand","embeddable":true,"href":"https:\/\/techmasterdemexico.com\/en\/wp-json\/wp\/v2\/product_brand?post=7602"},{"taxonomy":"product_cat","embeddable":true,"href":"https:\/\/techmasterdemexico.com\/en\/wp-json\/wp\/v2\/product_cat?post=7602"},{"taxonomy":"product_tag","embeddable":true,"href":"https:\/\/techmasterdemexico.com\/en\/wp-json\/wp\/v2\/product_tag?post=7602"}],"curies":[{"name":"wp","href":"https:\/\/api.w.org\/{rel}","templated":true}]}}