{"id":7595,"date":"2021-07-07T17:06:56","date_gmt":"2021-07-07T17:06:56","guid":{"rendered":"http:\/\/techmastermx.ddns.net\/?post_type=product&#038;p=7595"},"modified":"2021-12-28T21:40:40","modified_gmt":"2021-12-28T21:40:40","slug":"lfm-led-g2-lupa-de-mesa-iluminada-liviana","status":"publish","type":"product","link":"https:\/\/techmasterdemexico.com\/en\/producto\/lfm-led-g2-lupa-de-mesa-iluminada-liviana\/","title":{"rendered":"LFM Led G2 Lupa de mesa iluminada liviana"},"content":{"rendered":"<p>LFM LED G2<\/p>\n<p>Lupa de mesa iluminada liviana<\/p>\n<p>LFM LED G2 es una lupa liviana con una construcci\u00f3n totalmente met\u00e1lica, fuente de luz LED (diodo emisor de luz) y brazo flexible balanceado. Es apropiada para aplicaciones profesionales, industriales con una necesidad de un aumento preciso.<\/p>\n<p>LFM LED G2 es una lupa liviana con una construcci\u00f3n totalmente met\u00e1lica, fuente de luz LED (diodo emisor de luz) y brazo flexible balanceado. Es apropiada para aplicaciones profesionales, industriales con una necesidad de un aumento preciso.<\/p>\n<p>Destacados<\/p>\n<ul>\n<li>de 3 o 5 dioptr\u00edas (aumento de 1.75x y 2.25x)<\/li>\n<li>Opci\u00f3n de lentes secundarias para incrementar el aumento a un total de 15 dioptr\u00edas<\/li>\n<li>Lente de cristal de alto desempe\u00f1o para m\u00e1xima claridad, precisi\u00f3n y confort.<\/li>\n<li>Brazos flexibles, autoequilibrantes de alta calidad con abrazadera de extremo<\/li>\n<li>Iluminaci\u00f3n atenuable de 3 pasos de LEDs eficientes<\/li>\n<li>Funci\u00f3n de auto apagado para ahorro de energ\u00eda<\/li>\n<li>Gama de accesorios disponibles y opciones de montaje<\/li>\n<li>5 a\u00f1os de Garant\u00eda como est\u00e1ndar<\/li>\n<\/ul>\n<p>La lente de cristal de \u00f8127 mm est\u00e1 ubicada en el centro del c\u00edrculo de las fuentes de iluminaci\u00f3n LED. Esta es una forma perfecto de iluminar un objecto, virtualmente libre de sombras. LED LFM se suministra con una lente de cristal di\u00f3ptrica de 3 o 5 mm.<\/p>\n<p>Las lupas de mesa LFM LED G2 incorporan a misma excelencia en el dise\u00f1o adoptado en todos los galardonados microscopios estereosc\u00f3picos de Vision Engineering, proporcionando la m\u00e1xima claridad, flexibilidad y estabilidad.<\/p>\n","protected":false},"excerpt":{"rendered":"<p>LFM LED G2 Lupa de mesa iluminada liviana LFM LED G2 es una lupa liviana con una construcci\u00f3n totalmente met\u00e1lica, fuente de luz LED (diodo emisor de luz) y brazo flexible balanceado. Es apropiada para aplicaciones profesionales, industriales con una necesidad de un aumento preciso. LFM LED G2 es una lupa liviana con una construcci\u00f3n [&hellip;]<\/p>\n","protected":false},"featured_media":7596,"template":"","meta":{"_acf_changed":false},"pwb-brand":[83],"product_brand":[],"product_cat":[366,84,52],"product_tag":[],"class_list":{"0":"post-7595","1":"product","2":"type-product","3":"status-publish","4":"has-post-thumbnail","6":"pwb-brand-vision-engineering","7":"product_cat-todos-los-productos","8":"product_cat-lupas-de-mesa","9":"product_cat-vision-engineering","11":"first","12":"instock","13":"taxable","14":"shipping-taxable","15":"product-type-simple"},"acf":[],"yoast_head":"<!-- This site is optimized with the Yoast SEO plugin v27.4 - https:\/\/yoast.com\/product\/yoast-seo-wordpress\/ -->\n<title>LFM Led G2 Lupa de mesa iluminada liviana - Techmaster de Mexico<\/title>\n<meta name=\"robots\" content=\"index, follow, max-snippet:-1, max-image-preview:large, max-video-preview:-1\" \/>\n<link rel=\"canonical\" href=\"https:\/\/techmasterdemexico.com\/producto\/lfm-led-g2-lupa-de-mesa-iluminada-liviana\/\" \/>\n<meta property=\"og:locale\" content=\"en_US\" \/>\n<meta property=\"og:type\" content=\"article\" \/>\n<meta property=\"og:title\" content=\"LFM Led G2 Lupa de mesa iluminada liviana - Techmaster de Mexico\" \/>\n<meta property=\"og:description\" content=\"LFM LED G2 Lupa de mesa iluminada liviana LFM LED G2 es una lupa liviana con una construcci\u00f3n totalmente met\u00e1lica, fuente de luz LED (diodo emisor de luz) y brazo flexible balanceado. Es apropiada para aplicaciones profesionales, industriales con una necesidad de un aumento preciso. LFM LED G2 es una lupa liviana con una construcci\u00f3n [&hellip;]\" \/>\n<meta property=\"og:url\" content=\"https:\/\/techmasterdemexico.com\/producto\/lfm-led-g2-lupa-de-mesa-iluminada-liviana\/\" \/>\n<meta property=\"og:site_name\" content=\"Techmaster de Mexico\" \/>\n<meta property=\"article:modified_time\" content=\"2021-12-28T21:40:40+00:00\" \/>\n<meta property=\"og:image\" content=\"https:\/\/techmasterdemexico.com\/wp-content\/uploads\/2021\/07\/LFM-LED-Bench-Magnifier-Callout-Image-666x550px.png\" \/>\n\t<meta property=\"og:image:width\" content=\"666\" \/>\n\t<meta property=\"og:image:height\" content=\"550\" \/>\n\t<meta property=\"og:image:type\" content=\"image\/png\" \/>\n<meta name=\"twitter:card\" content=\"summary_large_image\" \/>\n<meta name=\"twitter:label1\" content=\"Est. reading time\" \/>\n\t<meta name=\"twitter:data1\" content=\"1 minute\" \/>\n<script type=\"application\/ld+json\" class=\"yoast-schema-graph\">{\"@context\":\"https:\\\/\\\/schema.org\",\"@graph\":[{\"@type\":\"WebPage\",\"@id\":\"https:\\\/\\\/techmasterdemexico.com\\\/producto\\\/lfm-led-g2-lupa-de-mesa-iluminada-liviana\\\/\",\"url\":\"https:\\\/\\\/techmasterdemexico.com\\\/producto\\\/lfm-led-g2-lupa-de-mesa-iluminada-liviana\\\/\",\"name\":\"LFM Led G2 Lupa de mesa iluminada liviana - Techmaster de Mexico\",\"isPartOf\":{\"@id\":\"https:\\\/\\\/techmasterdemexico.com\\\/#website\"},\"primaryImageOfPage\":{\"@id\":\"https:\\\/\\\/techmasterdemexico.com\\\/producto\\\/lfm-led-g2-lupa-de-mesa-iluminada-liviana\\\/#primaryimage\"},\"image\":{\"@id\":\"https:\\\/\\\/techmasterdemexico.com\\\/producto\\\/lfm-led-g2-lupa-de-mesa-iluminada-liviana\\\/#primaryimage\"},\"thumbnailUrl\":\"https:\\\/\\\/techmasterdemexico.com\\\/wp-content\\\/uploads\\\/2021\\\/07\\\/LFM-LED-Bench-Magnifier-Callout-Image-666x550px.png\",\"datePublished\":\"2021-07-07T17:06:56+00:00\",\"dateModified\":\"2021-12-28T21:40:40+00:00\",\"breadcrumb\":{\"@id\":\"https:\\\/\\\/techmasterdemexico.com\\\/producto\\\/lfm-led-g2-lupa-de-mesa-iluminada-liviana\\\/#breadcrumb\"},\"inLanguage\":\"en-US\",\"potentialAction\":[{\"@type\":\"ReadAction\",\"target\":[\"https:\\\/\\\/techmasterdemexico.com\\\/producto\\\/lfm-led-g2-lupa-de-mesa-iluminada-liviana\\\/\"]}]},{\"@type\":\"ImageObject\",\"inLanguage\":\"en-US\",\"@id\":\"https:\\\/\\\/techmasterdemexico.com\\\/producto\\\/lfm-led-g2-lupa-de-mesa-iluminada-liviana\\\/#primaryimage\",\"url\":\"https:\\\/\\\/techmasterdemexico.com\\\/wp-content\\\/uploads\\\/2021\\\/07\\\/LFM-LED-Bench-Magnifier-Callout-Image-666x550px.png\",\"contentUrl\":\"https:\\\/\\\/techmasterdemexico.com\\\/wp-content\\\/uploads\\\/2021\\\/07\\\/LFM-LED-Bench-Magnifier-Callout-Image-666x550px.png\",\"width\":666,\"height\":550},{\"@type\":\"BreadcrumbList\",\"@id\":\"https:\\\/\\\/techmasterdemexico.com\\\/producto\\\/lfm-led-g2-lupa-de-mesa-iluminada-liviana\\\/#breadcrumb\",\"itemListElement\":[{\"@type\":\"ListItem\",\"position\":1,\"name\":\"Portada\",\"item\":\"https:\\\/\\\/techmasterdemexico.com\\\/\"},{\"@type\":\"ListItem\",\"position\":2,\"name\":\"LFM Led G2 Lupa de mesa iluminada liviana\"}]},{\"@type\":\"WebSite\",\"@id\":\"https:\\\/\\\/techmasterdemexico.com\\\/#website\",\"url\":\"https:\\\/\\\/techmasterdemexico.com\\\/\",\"name\":\"Techmaster de Mexico\",\"description\":\"\",\"potentialAction\":[{\"@type\":\"SearchAction\",\"target\":{\"@type\":\"EntryPoint\",\"urlTemplate\":\"https:\\\/\\\/techmasterdemexico.com\\\/?s={search_term_string}\"},\"query-input\":{\"@type\":\"PropertyValueSpecification\",\"valueRequired\":true,\"valueName\":\"search_term_string\"}}],\"inLanguage\":\"en-US\"}]}<\/script>\n<!-- \/ Yoast SEO plugin. -->","yoast_head_json":{"title":"LFM Led G2 Lupa de mesa iluminada liviana - Techmaster de Mexico","robots":{"index":"index","follow":"follow","max-snippet":"max-snippet:-1","max-image-preview":"max-image-preview:large","max-video-preview":"max-video-preview:-1"},"canonical":"https:\/\/techmasterdemexico.com\/producto\/lfm-led-g2-lupa-de-mesa-iluminada-liviana\/","og_locale":"en_US","og_type":"article","og_title":"LFM Led G2 Lupa de mesa iluminada liviana - Techmaster de Mexico","og_description":"LFM LED G2 Lupa de mesa iluminada liviana LFM LED G2 es una lupa liviana con una construcci\u00f3n totalmente met\u00e1lica, fuente de luz LED (diodo emisor de luz) y brazo flexible balanceado. Es apropiada para aplicaciones profesionales, industriales con una necesidad de un aumento preciso. LFM LED G2 es una lupa liviana con una construcci\u00f3n [&hellip;]","og_url":"https:\/\/techmasterdemexico.com\/producto\/lfm-led-g2-lupa-de-mesa-iluminada-liviana\/","og_site_name":"Techmaster de Mexico","article_modified_time":"2021-12-28T21:40:40+00:00","og_image":[{"width":666,"height":550,"url":"https:\/\/techmasterdemexico.com\/wp-content\/uploads\/2021\/07\/LFM-LED-Bench-Magnifier-Callout-Image-666x550px.png","type":"image\/png"}],"twitter_card":"summary_large_image","twitter_misc":{"Est. reading time":"1 minute"},"schema":{"@context":"https:\/\/schema.org","@graph":[{"@type":"WebPage","@id":"https:\/\/techmasterdemexico.com\/producto\/lfm-led-g2-lupa-de-mesa-iluminada-liviana\/","url":"https:\/\/techmasterdemexico.com\/producto\/lfm-led-g2-lupa-de-mesa-iluminada-liviana\/","name":"LFM Led G2 Lupa de mesa iluminada liviana - Techmaster de Mexico","isPartOf":{"@id":"https:\/\/techmasterdemexico.com\/#website"},"primaryImageOfPage":{"@id":"https:\/\/techmasterdemexico.com\/producto\/lfm-led-g2-lupa-de-mesa-iluminada-liviana\/#primaryimage"},"image":{"@id":"https:\/\/techmasterdemexico.com\/producto\/lfm-led-g2-lupa-de-mesa-iluminada-liviana\/#primaryimage"},"thumbnailUrl":"https:\/\/techmasterdemexico.com\/wp-content\/uploads\/2021\/07\/LFM-LED-Bench-Magnifier-Callout-Image-666x550px.png","datePublished":"2021-07-07T17:06:56+00:00","dateModified":"2021-12-28T21:40:40+00:00","breadcrumb":{"@id":"https:\/\/techmasterdemexico.com\/producto\/lfm-led-g2-lupa-de-mesa-iluminada-liviana\/#breadcrumb"},"inLanguage":"en-US","potentialAction":[{"@type":"ReadAction","target":["https:\/\/techmasterdemexico.com\/producto\/lfm-led-g2-lupa-de-mesa-iluminada-liviana\/"]}]},{"@type":"ImageObject","inLanguage":"en-US","@id":"https:\/\/techmasterdemexico.com\/producto\/lfm-led-g2-lupa-de-mesa-iluminada-liviana\/#primaryimage","url":"https:\/\/techmasterdemexico.com\/wp-content\/uploads\/2021\/07\/LFM-LED-Bench-Magnifier-Callout-Image-666x550px.png","contentUrl":"https:\/\/techmasterdemexico.com\/wp-content\/uploads\/2021\/07\/LFM-LED-Bench-Magnifier-Callout-Image-666x550px.png","width":666,"height":550},{"@type":"BreadcrumbList","@id":"https:\/\/techmasterdemexico.com\/producto\/lfm-led-g2-lupa-de-mesa-iluminada-liviana\/#breadcrumb","itemListElement":[{"@type":"ListItem","position":1,"name":"Portada","item":"https:\/\/techmasterdemexico.com\/"},{"@type":"ListItem","position":2,"name":"LFM Led G2 Lupa de mesa iluminada liviana"}]},{"@type":"WebSite","@id":"https:\/\/techmasterdemexico.com\/#website","url":"https:\/\/techmasterdemexico.com\/","name":"Techmaster de Mexico","description":"","potentialAction":[{"@type":"SearchAction","target":{"@type":"EntryPoint","urlTemplate":"https:\/\/techmasterdemexico.com\/?s={search_term_string}"},"query-input":{"@type":"PropertyValueSpecification","valueRequired":true,"valueName":"search_term_string"}}],"inLanguage":"en-US"}]}},"brands":[{"id":83,"name":"Vision Engineering","slug":"vision-engineering"}],"_links":{"self":[{"href":"https:\/\/techmasterdemexico.com\/en\/wp-json\/wp\/v2\/product\/7595","targetHints":{"allow":["GET"]}}],"collection":[{"href":"https:\/\/techmasterdemexico.com\/en\/wp-json\/wp\/v2\/product"}],"about":[{"href":"https:\/\/techmasterdemexico.com\/en\/wp-json\/wp\/v2\/types\/product"}],"wp:featuredmedia":[{"embeddable":true,"href":"https:\/\/techmasterdemexico.com\/en\/wp-json\/wp\/v2\/media\/7596"}],"wp:attachment":[{"href":"https:\/\/techmasterdemexico.com\/en\/wp-json\/wp\/v2\/media?parent=7595"}],"wp:term":[{"taxonomy":"pwb-brand","embeddable":true,"href":"https:\/\/techmasterdemexico.com\/en\/wp-json\/wp\/v2\/pwb-brand?post=7595"},{"taxonomy":"product_brand","embeddable":true,"href":"https:\/\/techmasterdemexico.com\/en\/wp-json\/wp\/v2\/product_brand?post=7595"},{"taxonomy":"product_cat","embeddable":true,"href":"https:\/\/techmasterdemexico.com\/en\/wp-json\/wp\/v2\/product_cat?post=7595"},{"taxonomy":"product_tag","embeddable":true,"href":"https:\/\/techmasterdemexico.com\/en\/wp-json\/wp\/v2\/product_tag?post=7595"}],"curies":[{"name":"wp","href":"https:\/\/api.w.org\/{rel}","templated":true}]}}