{"id":7586,"date":"2021-07-07T17:02:53","date_gmt":"2021-07-07T17:02:53","guid":{"rendered":"http:\/\/techmastermx.ddns.net\/?post_type=product&#038;p=7586"},"modified":"2021-12-28T21:40:41","modified_gmt":"2021-12-28T21:40:41","slug":"kfm-led-lupa-de-mesa-industrial-led-multifuncion","status":"publish","type":"product","link":"https:\/\/techmasterdemexico.com\/en\/producto\/kfm-led-lupa-de-mesa-industrial-led-multifuncion\/","title":{"rendered":"KFM Led Lupa de mesa industrial LED multifunci\u00f3n"},"content":{"rendered":"<p>KFM LED<\/p>\n<p>Lupa de mesa industrial LED multifunci\u00f3n<\/p>\n<p>Los modelos KFM LED y KFM LED ESD tienen una robusta construcci\u00f3n totalmente met\u00e1lica con dise\u00f1o elegante, brazo flexible y excelente salida de luz. Es adecuado para todas las aplicaciones industriales.<\/p>\n<p>La flexibilidad de la uni\u00f3n entre el cabezal de la l\u00e1mpara y el brazo hace que el posicionamiento exacto sea muy f\u00e1cil. La calidad de la iluminaci\u00f3n LED permite un aumento pr\u00e1cticamente libre de sombras y una excelente reproducci\u00f3n de color.<\/p>\n<p>KFM LED ESD est\u00e1 dise\u00f1ado para drenar las cargas est\u00e1ticas, a medida que ocurren, de una manera controlada.<\/p>\n<p>La lupa de mesa con lente redonda KFM LED es ideal para una variedad de tareas de precisi\u00f3n donde se incluyen: reelaboraci\u00f3n de electr\u00f3nica, desbarbado, preparaci\u00f3n de muestras, disecci\u00f3n, montaje y manipulaci\u00f3n.<\/p>\n<p>Un dise\u00f1o flexible y auto-equilibrado y totalmente cerrado con manos libres es ideal para entornos en los que los objetos extra\u00f1os (FOD) son una preocupaci\u00f3n.<\/p>\n<p>Aumento sin sombras<\/p>\n<p>La calidad y exacto posicionamiento de las LEDs en dos m\u00f3dulos semi-circulares permite un aumento pr\u00e1cticamente libre de sombras y una excelente reproducci\u00f3n decolor.<\/p>\n<p>Posiciones de operaci\u00f3n flexibles<\/p>\n<p>Nuestras lupas est\u00e1n especialmente dise\u00f1adas para maximizar movimiento horizontal  y vertical. Proporcionan importante alcance horizontal, y siempre se mantendr\u00e1n en la posici\u00f3n correcta sin desv\u00edos.<\/p>\n<p>Los brazos est\u00e1n perfectamente equilibrados por un sistema de resortes que aseguran un posicionamiento uniforme y f\u00e1cil \u2013 sin perillas, nada para ajustar.<\/p>\n<p>La flexibilidad entre el brazo autoequilibrante y la uni\u00f3n sin fricci\u00f3n entre el cabezal de la l\u00e1mpara y el brazo hace que el posicionamiento exacto sea f\u00e1cil. El dise\u00f1o del brazo totalmente cerrado es ideal para aplicaciones mec\u00e1nicas, electr\u00f3nicas, circuitos impresos, aplicaciones dentales, de joyer\u00eda y otras aplicaciones de precisi\u00f3n.<\/p>\n<p>Importancia de la calidad de la luz<\/p>\n<p>Una buena iluminaci\u00f3n reduce el riesgo de problemas de salud, aumenta la seguridad y mejora la productividad.<\/p>\n<p>Por lo tanto, la gran importancia que tiene la calidad de la luz de nuestras lupas luminosas, que tienen potentes luminarias con una excelente salida de luz. La calidad y exacto posicionamiento de las fuentes de iluminaci\u00f3n en relaci\u00f3n a la lente permite un aumento pr\u00e1cticamente libre de sombras y una excelente reproducci\u00f3n de color.<\/p>\n<p>Lente de cristal para claridad y confort superior.<\/p>\n<p>La calidad de LED KFM comienza con lente de cristal \u00f3ptica de alto desempe\u00f1o, lo que significa claridad superior. La lente de cristal corona cuenta con un \u00edndice refractivo m\u00e1s bajo que las lupas de mesa con lentes de pl\u00e1stico, lo que reduce la p\u00e9rdida de iluminaci\u00f3n en la transmisi\u00f3n a trav\u00e9s de la lente y por lo tanto menor distorsi\u00f3n de la imagen.<\/p>\n<p>Una menor distorsi\u00f3n permite una visi\u00f3n m\u00e1s confortable por per\u00edodos de tiempo m\u00e1s largos.<\/p>\n","protected":false},"excerpt":{"rendered":"<p>KFM LED Lupa de mesa industrial LED multifunci\u00f3n Los modelos KFM LED y KFM LED ESD tienen una robusta construcci\u00f3n totalmente met\u00e1lica con dise\u00f1o elegante, brazo flexible y excelente salida de luz. Es adecuado para todas las aplicaciones industriales. La flexibilidad de la uni\u00f3n entre el cabezal de la l\u00e1mpara y el brazo hace que [&hellip;]<\/p>\n","protected":false},"featured_media":7588,"template":"","meta":{"_acf_changed":false},"pwb-brand":[83],"product_brand":[],"product_cat":[366,84,52],"product_tag":[],"class_list":{"0":"post-7586","1":"product","2":"type-product","3":"status-publish","4":"has-post-thumbnail","6":"pwb-brand-vision-engineering","7":"product_cat-todos-los-productos","8":"product_cat-lupas-de-mesa","9":"product_cat-vision-engineering","11":"first","12":"instock","13":"taxable","14":"shipping-taxable","15":"product-type-simple"},"acf":[],"yoast_head":"<!-- This site is optimized with the Yoast SEO plugin v27.4 - https:\/\/yoast.com\/product\/yoast-seo-wordpress\/ -->\n<title>KFM Led Lupa de mesa industrial LED multifunci\u00f3n - Techmaster de Mexico<\/title>\n<meta name=\"robots\" content=\"index, follow, max-snippet:-1, max-image-preview:large, max-video-preview:-1\" \/>\n<link rel=\"canonical\" href=\"https:\/\/techmasterdemexico.com\/producto\/kfm-led-lupa-de-mesa-industrial-led-multifuncion\/\" \/>\n<meta property=\"og:locale\" content=\"en_US\" \/>\n<meta property=\"og:type\" content=\"article\" \/>\n<meta property=\"og:title\" content=\"KFM Led Lupa de mesa industrial LED multifunci\u00f3n - Techmaster de Mexico\" \/>\n<meta property=\"og:description\" content=\"KFM LED Lupa de mesa industrial LED multifunci\u00f3n Los modelos KFM LED y KFM LED ESD tienen una robusta construcci\u00f3n totalmente met\u00e1lica con dise\u00f1o elegante, brazo flexible y excelente salida de luz. Es adecuado para todas las aplicaciones industriales. La flexibilidad de la uni\u00f3n entre el cabezal de la l\u00e1mpara y el brazo hace que [&hellip;]\" \/>\n<meta property=\"og:url\" content=\"https:\/\/techmasterdemexico.com\/producto\/kfm-led-lupa-de-mesa-industrial-led-multifuncion\/\" \/>\n<meta property=\"og:site_name\" content=\"Techmaster de Mexico\" \/>\n<meta property=\"article:modified_time\" content=\"2021-12-28T21:40:41+00:00\" \/>\n<meta property=\"og:image\" content=\"https:\/\/techmasterdemexico.com\/wp-content\/uploads\/2021\/07\/KFM-LED-Bench-Magnifier-white-Banner-Image-582x582px.png\" \/>\n\t<meta property=\"og:image:width\" content=\"582\" \/>\n\t<meta property=\"og:image:height\" content=\"582\" \/>\n\t<meta property=\"og:image:type\" content=\"image\/png\" \/>\n<meta name=\"twitter:card\" content=\"summary_large_image\" \/>\n<meta name=\"twitter:label1\" content=\"Est. reading time\" \/>\n\t<meta name=\"twitter:data1\" content=\"3 minutes\" \/>\n<script type=\"application\/ld+json\" class=\"yoast-schema-graph\">{\"@context\":\"https:\\\/\\\/schema.org\",\"@graph\":[{\"@type\":\"WebPage\",\"@id\":\"https:\\\/\\\/techmasterdemexico.com\\\/producto\\\/kfm-led-lupa-de-mesa-industrial-led-multifuncion\\\/\",\"url\":\"https:\\\/\\\/techmasterdemexico.com\\\/producto\\\/kfm-led-lupa-de-mesa-industrial-led-multifuncion\\\/\",\"name\":\"KFM Led Lupa de mesa industrial LED multifunci\u00f3n - Techmaster de Mexico\",\"isPartOf\":{\"@id\":\"https:\\\/\\\/techmasterdemexico.com\\\/#website\"},\"primaryImageOfPage\":{\"@id\":\"https:\\\/\\\/techmasterdemexico.com\\\/producto\\\/kfm-led-lupa-de-mesa-industrial-led-multifuncion\\\/#primaryimage\"},\"image\":{\"@id\":\"https:\\\/\\\/techmasterdemexico.com\\\/producto\\\/kfm-led-lupa-de-mesa-industrial-led-multifuncion\\\/#primaryimage\"},\"thumbnailUrl\":\"https:\\\/\\\/techmasterdemexico.com\\\/wp-content\\\/uploads\\\/2021\\\/07\\\/KFM-LED-Bench-Magnifier-white-Banner-Image-582x582px.png\",\"datePublished\":\"2021-07-07T17:02:53+00:00\",\"dateModified\":\"2021-12-28T21:40:41+00:00\",\"breadcrumb\":{\"@id\":\"https:\\\/\\\/techmasterdemexico.com\\\/producto\\\/kfm-led-lupa-de-mesa-industrial-led-multifuncion\\\/#breadcrumb\"},\"inLanguage\":\"en-US\",\"potentialAction\":[{\"@type\":\"ReadAction\",\"target\":[\"https:\\\/\\\/techmasterdemexico.com\\\/producto\\\/kfm-led-lupa-de-mesa-industrial-led-multifuncion\\\/\"]}]},{\"@type\":\"ImageObject\",\"inLanguage\":\"en-US\",\"@id\":\"https:\\\/\\\/techmasterdemexico.com\\\/producto\\\/kfm-led-lupa-de-mesa-industrial-led-multifuncion\\\/#primaryimage\",\"url\":\"https:\\\/\\\/techmasterdemexico.com\\\/wp-content\\\/uploads\\\/2021\\\/07\\\/KFM-LED-Bench-Magnifier-white-Banner-Image-582x582px.png\",\"contentUrl\":\"https:\\\/\\\/techmasterdemexico.com\\\/wp-content\\\/uploads\\\/2021\\\/07\\\/KFM-LED-Bench-Magnifier-white-Banner-Image-582x582px.png\",\"width\":582,\"height\":582},{\"@type\":\"BreadcrumbList\",\"@id\":\"https:\\\/\\\/techmasterdemexico.com\\\/producto\\\/kfm-led-lupa-de-mesa-industrial-led-multifuncion\\\/#breadcrumb\",\"itemListElement\":[{\"@type\":\"ListItem\",\"position\":1,\"name\":\"Portada\",\"item\":\"https:\\\/\\\/techmasterdemexico.com\\\/\"},{\"@type\":\"ListItem\",\"position\":2,\"name\":\"KFM Led Lupa de mesa industrial LED multifunci\u00f3n\"}]},{\"@type\":\"WebSite\",\"@id\":\"https:\\\/\\\/techmasterdemexico.com\\\/#website\",\"url\":\"https:\\\/\\\/techmasterdemexico.com\\\/\",\"name\":\"Techmaster de Mexico\",\"description\":\"\",\"potentialAction\":[{\"@type\":\"SearchAction\",\"target\":{\"@type\":\"EntryPoint\",\"urlTemplate\":\"https:\\\/\\\/techmasterdemexico.com\\\/?s={search_term_string}\"},\"query-input\":{\"@type\":\"PropertyValueSpecification\",\"valueRequired\":true,\"valueName\":\"search_term_string\"}}],\"inLanguage\":\"en-US\"}]}<\/script>\n<!-- \/ Yoast SEO plugin. -->","yoast_head_json":{"title":"KFM Led Lupa de mesa industrial LED multifunci\u00f3n - Techmaster de Mexico","robots":{"index":"index","follow":"follow","max-snippet":"max-snippet:-1","max-image-preview":"max-image-preview:large","max-video-preview":"max-video-preview:-1"},"canonical":"https:\/\/techmasterdemexico.com\/producto\/kfm-led-lupa-de-mesa-industrial-led-multifuncion\/","og_locale":"en_US","og_type":"article","og_title":"KFM Led Lupa de mesa industrial LED multifunci\u00f3n - Techmaster de Mexico","og_description":"KFM LED Lupa de mesa industrial LED multifunci\u00f3n Los modelos KFM LED y KFM LED ESD tienen una robusta construcci\u00f3n totalmente met\u00e1lica con dise\u00f1o elegante, brazo flexible y excelente salida de luz. Es adecuado para todas las aplicaciones industriales. La flexibilidad de la uni\u00f3n entre el cabezal de la l\u00e1mpara y el brazo hace que [&hellip;]","og_url":"https:\/\/techmasterdemexico.com\/producto\/kfm-led-lupa-de-mesa-industrial-led-multifuncion\/","og_site_name":"Techmaster de Mexico","article_modified_time":"2021-12-28T21:40:41+00:00","og_image":[{"width":582,"height":582,"url":"https:\/\/techmasterdemexico.com\/wp-content\/uploads\/2021\/07\/KFM-LED-Bench-Magnifier-white-Banner-Image-582x582px.png","type":"image\/png"}],"twitter_card":"summary_large_image","twitter_misc":{"Est. reading time":"3 minutes"},"schema":{"@context":"https:\/\/schema.org","@graph":[{"@type":"WebPage","@id":"https:\/\/techmasterdemexico.com\/producto\/kfm-led-lupa-de-mesa-industrial-led-multifuncion\/","url":"https:\/\/techmasterdemexico.com\/producto\/kfm-led-lupa-de-mesa-industrial-led-multifuncion\/","name":"KFM Led Lupa de mesa industrial LED multifunci\u00f3n - Techmaster de Mexico","isPartOf":{"@id":"https:\/\/techmasterdemexico.com\/#website"},"primaryImageOfPage":{"@id":"https:\/\/techmasterdemexico.com\/producto\/kfm-led-lupa-de-mesa-industrial-led-multifuncion\/#primaryimage"},"image":{"@id":"https:\/\/techmasterdemexico.com\/producto\/kfm-led-lupa-de-mesa-industrial-led-multifuncion\/#primaryimage"},"thumbnailUrl":"https:\/\/techmasterdemexico.com\/wp-content\/uploads\/2021\/07\/KFM-LED-Bench-Magnifier-white-Banner-Image-582x582px.png","datePublished":"2021-07-07T17:02:53+00:00","dateModified":"2021-12-28T21:40:41+00:00","breadcrumb":{"@id":"https:\/\/techmasterdemexico.com\/producto\/kfm-led-lupa-de-mesa-industrial-led-multifuncion\/#breadcrumb"},"inLanguage":"en-US","potentialAction":[{"@type":"ReadAction","target":["https:\/\/techmasterdemexico.com\/producto\/kfm-led-lupa-de-mesa-industrial-led-multifuncion\/"]}]},{"@type":"ImageObject","inLanguage":"en-US","@id":"https:\/\/techmasterdemexico.com\/producto\/kfm-led-lupa-de-mesa-industrial-led-multifuncion\/#primaryimage","url":"https:\/\/techmasterdemexico.com\/wp-content\/uploads\/2021\/07\/KFM-LED-Bench-Magnifier-white-Banner-Image-582x582px.png","contentUrl":"https:\/\/techmasterdemexico.com\/wp-content\/uploads\/2021\/07\/KFM-LED-Bench-Magnifier-white-Banner-Image-582x582px.png","width":582,"height":582},{"@type":"BreadcrumbList","@id":"https:\/\/techmasterdemexico.com\/producto\/kfm-led-lupa-de-mesa-industrial-led-multifuncion\/#breadcrumb","itemListElement":[{"@type":"ListItem","position":1,"name":"Portada","item":"https:\/\/techmasterdemexico.com\/"},{"@type":"ListItem","position":2,"name":"KFM Led Lupa de mesa industrial LED multifunci\u00f3n"}]},{"@type":"WebSite","@id":"https:\/\/techmasterdemexico.com\/#website","url":"https:\/\/techmasterdemexico.com\/","name":"Techmaster de Mexico","description":"","potentialAction":[{"@type":"SearchAction","target":{"@type":"EntryPoint","urlTemplate":"https:\/\/techmasterdemexico.com\/?s={search_term_string}"},"query-input":{"@type":"PropertyValueSpecification","valueRequired":true,"valueName":"search_term_string"}}],"inLanguage":"en-US"}]}},"brands":[{"id":83,"name":"Vision Engineering","slug":"vision-engineering"}],"_links":{"self":[{"href":"https:\/\/techmasterdemexico.com\/en\/wp-json\/wp\/v2\/product\/7586","targetHints":{"allow":["GET"]}}],"collection":[{"href":"https:\/\/techmasterdemexico.com\/en\/wp-json\/wp\/v2\/product"}],"about":[{"href":"https:\/\/techmasterdemexico.com\/en\/wp-json\/wp\/v2\/types\/product"}],"wp:featuredmedia":[{"embeddable":true,"href":"https:\/\/techmasterdemexico.com\/en\/wp-json\/wp\/v2\/media\/7588"}],"wp:attachment":[{"href":"https:\/\/techmasterdemexico.com\/en\/wp-json\/wp\/v2\/media?parent=7586"}],"wp:term":[{"taxonomy":"pwb-brand","embeddable":true,"href":"https:\/\/techmasterdemexico.com\/en\/wp-json\/wp\/v2\/pwb-brand?post=7586"},{"taxonomy":"product_brand","embeddable":true,"href":"https:\/\/techmasterdemexico.com\/en\/wp-json\/wp\/v2\/product_brand?post=7586"},{"taxonomy":"product_cat","embeddable":true,"href":"https:\/\/techmasterdemexico.com\/en\/wp-json\/wp\/v2\/product_cat?post=7586"},{"taxonomy":"product_tag","embeddable":true,"href":"https:\/\/techmasterdemexico.com\/en\/wp-json\/wp\/v2\/product_tag?post=7586"}],"curies":[{"name":"wp","href":"https:\/\/api.w.org\/{rel}","templated":true}]}}