{"id":7580,"date":"2021-07-07T16:58:41","date_gmt":"2021-07-07T16:58:41","guid":{"rendered":"http:\/\/techmastermx.ddns.net\/?post_type=product&#038;p=7580"},"modified":"2025-12-03T12:06:45","modified_gmt":"2025-12-03T19:06:45","slug":"circus-led-lupa-de-mesa-redonda-de-diametro-grande","status":"publish","type":"product","link":"https:\/\/techmasterdemexico.com\/en\/producto\/circus-led-lupa-de-mesa-redonda-de-diametro-grande\/","title":{"rendered":"Circus Led Lupa de mesa redonda de di\u00e1metro grande"},"content":{"rendered":"<p>CIRCUS LED<\/p>\n<p>Lupa de mesa redonda de di\u00e1metro grande<\/p>\n<p>Circus LED es especialmente dise\u00f1ados para soportar los rigores del uso cotidiano en aplicaciones industriales y de fabricaci\u00f3n donde los objetos extra\u00f1os (FOD) son una preocupaci\u00f3n.<\/p>\n<p>El brazo totalmente cerrado y el brazo interno balanceado por resorte hacen que Circus LED sea ideal para ambientes donde se busca la limpieza e higiene.<\/p>\n<p>Sin perillas, nada para ajustar. Circus LED tienen un cabezal altamente flexible y autoequilibrante que permite posicionarlos vertical, horizontal y lateralmente.<\/p>\n<p>Las lupas de mesa Circus LED incorporan a misma excelencia en el dise\u00f1o adoptado en todos los galardonados microscopios estereosc\u00f3picos de Vision Engineering, proporcionando la m\u00e1xima claridad, flexibilidad y estabilidad.<\/p>\n<p>Aumento sin sombras<\/p>\n<p>Circus LED ofrece aumento sin sombras con luz procedente de ambos lados, as\u00ed como tambi\u00e9n iluminaci\u00f3n de aumento tridimensional desde izquierda o derecha. La funci\u00f3n 3D es en especial \u00fatil al trabajar con circuitos impresos y objetos similares delicados en inspecci\u00f3n y aplicaciones de reelaboraci\u00f3n.<\/p>\n<p>Posiciones de operaci\u00f3n flexibles<\/p>\n<p>Nuestras lupas est\u00e1n especialmente dise\u00f1adas para maximizar movimiento horizontal  y vertical. Proporcionan importante alcance horizontal, y siempre se mantendr\u00e1n en la posici\u00f3n correcta sin desv\u00edos.<\/p>\n<p>Los brazos est\u00e1n perfectamente equilibrados por un sistema de resortes que aseguran un posicionamiento uniforme y f\u00e1cil \u2013 sin perillas, nada para ajustar.<\/p>\n<p>La flexibilidad entre el brazo autoequilibrante y la uni\u00f3n sin fricci\u00f3n entre el cabezal y el brazo hace que el posicionamiento exacto sea f\u00e1cil. El dise\u00f1o del brazo totalmente cerrado es ideal para aplicaciones mec\u00e1nicas, electr\u00f3nicas, circuitos impresos, aplicaciones dentales, de joyer\u00eda y otras aplicaciones de precisi\u00f3n.<\/p>\n<p>Importancia de la calidad de la luz<\/p>\n<p>Una buena iluminaci\u00f3n reduce el riesgo de problemas de salud, aumenta la seguridad y mejora la productividad.<\/p>\n<p>Por lo tanto, la gran importancia que tiene la calidad de la luz de nuestras lupas luminosas, que tienen potentes luminarias con una excelente salida de luz. La calidad y exacto posicionamiento de las fuentes de iluminaci\u00f3n en relaci\u00f3n a la lente permite un aumento pr\u00e1cticamente libre de sombras y una excelente reproducci\u00f3n de color.<\/p>\n<p>Lente de cristal para claridad y confort superior<\/p>\n<p>La calidad de Circus LED comienza con lente de cristal \u00f3ptica de alto desempe\u00f1o, lo que significa claridad superior. La lente de cristal corona cuenta con un \u00edndice refractivo m\u00e1s bajo que las lupas de mesa con lentes de pl\u00e1stico, lo que reduce la p\u00e9rdida de iluminaci\u00f3n en la transmisi\u00f3n a trav\u00e9s de la lente y por lo tanto menor distorsi\u00f3n de la imagen.<\/p>\n<p>Una menor distorsi\u00f3n permite una visi\u00f3n m\u00e1s confortable por per\u00edodos de tiempo m\u00e1s largos.<\/p>\n<p>CIRCUS LED<\/p>\n<p>Lupa de mesa redonda de di\u00e1metro grande<\/p>\n<p>Circus LED es especialmente dise\u00f1ados para soportar los rigores del uso cotidiano en aplicaciones industriales y de fabricaci\u00f3n donde los objetos extra\u00f1os (FOD) son una preocupaci\u00f3n.<\/p>\n<p>El brazo totalmente cerrado y el brazo interno balanceado por resorte hacen que Circus LED sea ideal para ambientes donde se busca la limpieza e higiene.<\/p>\n<p>Sin perillas, nada para ajustar. Circus LED tienen un cabezal altamente flexible y autoequilibrante que permite posicionarlos vertical, horizontal y lateralmente.<\/p>\n<p>Las lupas de mesa Circus LED incorporan a misma excelencia en el dise\u00f1o adoptado en todos los galardonados microscopios estereosc\u00f3picos de Vision Engineering, proporcionando la m\u00e1xima claridad, flexibilidad y estabilidad.<\/p>\n<p>Aumento sin sombras<\/p>\n<p>Circus LED ofrece aumento sin sombras con luz procedente de ambos lados, as\u00ed como tambi\u00e9n iluminaci\u00f3n de aumento tridimensional desde izquierda o derecha. La funci\u00f3n 3D es en especial \u00fatil al trabajar con circuitos impresos y objetos similares delicados en inspecci\u00f3n y aplicaciones de reelaboraci\u00f3n.<\/p>\n<p>Posiciones de operaci\u00f3n flexibles<\/p>\n<p>Nuestras lupas est\u00e1n especialmente dise\u00f1adas para maximizar movimiento horizontal  y vertical. Proporcionan importante alcance horizontal, y siempre se mantendr\u00e1n en la posici\u00f3n correcta sin desv\u00edos.<\/p>\n<p>Los brazos est\u00e1n perfectamente equilibrados por un sistema de resortes que aseguran un posicionamiento uniforme y f\u00e1cil \u2013 sin perillas, nada para ajustar.<\/p>\n<p>La flexibilidad entre el brazo autoequilibrante y la uni\u00f3n sin fricci\u00f3n entre el cabezal y el brazo hace que el posicionamiento exacto sea f\u00e1cil. El dise\u00f1o del brazo totalmente cerrado es ideal para aplicaciones mec\u00e1nicas, electr\u00f3nicas, circuitos impresos, aplicaciones dentales, de joyer\u00eda y otras aplicaciones de precisi\u00f3n.<\/p>\n<p>Importancia de la calidad de la luz<\/p>\n<p>Una buena iluminaci\u00f3n reduce el riesgo de problemas de salud, aumenta la seguridad y mejora la productividad.<\/p>\n<p>Por lo tanto, la gran importancia que tiene la calidad de la luz de nuestras lupas luminosas, que tienen potentes luminarias con una excelente salida de luz. La calidad y exacto posicionamiento de las fuentes de iluminaci\u00f3n en relaci\u00f3n a la lente permite un aumento pr\u00e1cticamente libre de sombras y una excelente reproducci\u00f3n de color.<\/p>\n<p>Lente de cristal para claridad y confort superior<\/p>\n<p>La calidad de Circus LED comienza con lente de cristal \u00f3ptica de alto desempe\u00f1o, lo que significa claridad superior. La lente de cristal corona cuenta con un \u00edndice refractivo m\u00e1s bajo que las lupas de mesa con lentes de pl\u00e1stico, lo que reduce la p\u00e9rdida de iluminaci\u00f3n en la transmisi\u00f3n a trav\u00e9s de la lente y por lo tanto menor distorsi\u00f3n de la imagen.<\/p>\n<p>Una menor distorsi\u00f3n permite una visi\u00f3n m\u00e1s confortable por per\u00edodos de tiempo m\u00e1s largos.<\/p>\n<p><\/p>","protected":false},"excerpt":{"rendered":"<p>CIRCUS LED Lupa de mesa redonda de di\u00e1metro grande Circus LED es especialmente dise\u00f1ados para soportar los rigores del uso cotidiano en aplicaciones industriales y de fabricaci\u00f3n donde los objetos extra\u00f1os (FOD) son una preocupaci\u00f3n. El brazo totalmente cerrado y el brazo interno balanceado por resorte hacen que Circus LED sea ideal para ambientes donde [&hellip;]<\/p>\n","protected":false},"featured_media":7582,"template":"","meta":{"_acf_changed":false},"pwb-brand":[83],"product_brand":[],"product_cat":[366,84,52],"product_tag":[],"class_list":{"0":"post-7580","1":"product","2":"type-product","3":"status-publish","4":"has-post-thumbnail","6":"pwb-brand-vision-engineering","7":"product_cat-todos-los-productos","8":"product_cat-lupas-de-mesa","9":"product_cat-vision-engineering","11":"first","12":"instock","13":"taxable","14":"shipping-taxable","15":"product-type-simple"},"acf":[],"yoast_head":"<!-- This site is optimized with the Yoast SEO plugin v27.4 - https:\/\/yoast.com\/product\/yoast-seo-wordpress\/ -->\n<title>Circus Led Lupa de mesa redonda de di\u00e1metro grande - Techmaster de Mexico<\/title>\n<meta name=\"robots\" content=\"index, follow, max-snippet:-1, max-image-preview:large, max-video-preview:-1\" \/>\n<link rel=\"canonical\" href=\"https:\/\/techmasterdemexico.com\/producto\/circus-led-lupa-de-mesa-redonda-de-diametro-grande\/\" \/>\n<meta property=\"og:locale\" content=\"en_US\" \/>\n<meta property=\"og:type\" content=\"article\" \/>\n<meta property=\"og:title\" content=\"Circus Led Lupa de mesa redonda de di\u00e1metro grande - Techmaster de Mexico\" \/>\n<meta property=\"og:description\" content=\"CIRCUS LED Lupa de mesa redonda de di\u00e1metro grande Circus LED es especialmente dise\u00f1ados para soportar los rigores del uso cotidiano en aplicaciones industriales y de fabricaci\u00f3n donde los objetos extra\u00f1os (FOD) son una preocupaci\u00f3n. El brazo totalmente cerrado y el brazo interno balanceado por resorte hacen que Circus LED sea ideal para ambientes donde [&hellip;]\" \/>\n<meta property=\"og:url\" content=\"https:\/\/techmasterdemexico.com\/producto\/circus-led-lupa-de-mesa-redonda-de-diametro-grande\/\" \/>\n<meta property=\"og:site_name\" content=\"Techmaster de Mexico\" \/>\n<meta property=\"article:modified_time\" content=\"2025-12-03T19:06:45+00:00\" \/>\n<meta property=\"og:image\" content=\"https:\/\/techmasterdemexico.com\/wp-content\/uploads\/2021\/07\/Circus-Bench-Magnifier-Callout-Box-Image-666x550px.png\" \/>\n\t<meta property=\"og:image:width\" content=\"666\" \/>\n\t<meta property=\"og:image:height\" content=\"550\" \/>\n\t<meta property=\"og:image:type\" content=\"image\/png\" \/>\n<meta name=\"twitter:card\" content=\"summary_large_image\" \/>\n<meta name=\"twitter:label1\" content=\"Est. reading time\" \/>\n\t<meta name=\"twitter:data1\" content=\"3 minutes\" \/>\n<script type=\"application\/ld+json\" class=\"yoast-schema-graph\">{\"@context\":\"https:\\\/\\\/schema.org\",\"@graph\":[{\"@type\":\"WebPage\",\"@id\":\"https:\\\/\\\/techmasterdemexico.com\\\/producto\\\/circus-led-lupa-de-mesa-redonda-de-diametro-grande\\\/\",\"url\":\"https:\\\/\\\/techmasterdemexico.com\\\/producto\\\/circus-led-lupa-de-mesa-redonda-de-diametro-grande\\\/\",\"name\":\"Circus Led Lupa de mesa redonda de di\u00e1metro grande - Techmaster de Mexico\",\"isPartOf\":{\"@id\":\"https:\\\/\\\/techmasterdemexico.com\\\/#website\"},\"primaryImageOfPage\":{\"@id\":\"https:\\\/\\\/techmasterdemexico.com\\\/producto\\\/circus-led-lupa-de-mesa-redonda-de-diametro-grande\\\/#primaryimage\"},\"image\":{\"@id\":\"https:\\\/\\\/techmasterdemexico.com\\\/producto\\\/circus-led-lupa-de-mesa-redonda-de-diametro-grande\\\/#primaryimage\"},\"thumbnailUrl\":\"https:\\\/\\\/techmasterdemexico.com\\\/wp-content\\\/uploads\\\/2021\\\/07\\\/Circus-Bench-Magnifier-Callout-Box-Image-666x550px.png\",\"datePublished\":\"2021-07-07T16:58:41+00:00\",\"dateModified\":\"2025-12-03T19:06:45+00:00\",\"breadcrumb\":{\"@id\":\"https:\\\/\\\/techmasterdemexico.com\\\/producto\\\/circus-led-lupa-de-mesa-redonda-de-diametro-grande\\\/#breadcrumb\"},\"inLanguage\":\"en-US\",\"potentialAction\":[{\"@type\":\"ReadAction\",\"target\":[\"https:\\\/\\\/techmasterdemexico.com\\\/producto\\\/circus-led-lupa-de-mesa-redonda-de-diametro-grande\\\/\"]}]},{\"@type\":\"ImageObject\",\"inLanguage\":\"en-US\",\"@id\":\"https:\\\/\\\/techmasterdemexico.com\\\/producto\\\/circus-led-lupa-de-mesa-redonda-de-diametro-grande\\\/#primaryimage\",\"url\":\"https:\\\/\\\/techmasterdemexico.com\\\/wp-content\\\/uploads\\\/2021\\\/07\\\/Circus-Bench-Magnifier-Callout-Box-Image-666x550px.png\",\"contentUrl\":\"https:\\\/\\\/techmasterdemexico.com\\\/wp-content\\\/uploads\\\/2021\\\/07\\\/Circus-Bench-Magnifier-Callout-Box-Image-666x550px.png\",\"width\":666,\"height\":550},{\"@type\":\"BreadcrumbList\",\"@id\":\"https:\\\/\\\/techmasterdemexico.com\\\/producto\\\/circus-led-lupa-de-mesa-redonda-de-diametro-grande\\\/#breadcrumb\",\"itemListElement\":[{\"@type\":\"ListItem\",\"position\":1,\"name\":\"Portada\",\"item\":\"https:\\\/\\\/techmasterdemexico.com\\\/\"},{\"@type\":\"ListItem\",\"position\":2,\"name\":\"Circus Led Lupa de mesa redonda de di\u00e1metro grande\"}]},{\"@type\":\"WebSite\",\"@id\":\"https:\\\/\\\/techmasterdemexico.com\\\/#website\",\"url\":\"https:\\\/\\\/techmasterdemexico.com\\\/\",\"name\":\"Techmaster de Mexico\",\"description\":\"\",\"potentialAction\":[{\"@type\":\"SearchAction\",\"target\":{\"@type\":\"EntryPoint\",\"urlTemplate\":\"https:\\\/\\\/techmasterdemexico.com\\\/?s={search_term_string}\"},\"query-input\":{\"@type\":\"PropertyValueSpecification\",\"valueRequired\":true,\"valueName\":\"search_term_string\"}}],\"inLanguage\":\"en-US\"}]}<\/script>\n<!-- \/ Yoast SEO plugin. -->","yoast_head_json":{"title":"Circus Led Lupa de mesa redonda de di\u00e1metro grande - Techmaster de Mexico","robots":{"index":"index","follow":"follow","max-snippet":"max-snippet:-1","max-image-preview":"max-image-preview:large","max-video-preview":"max-video-preview:-1"},"canonical":"https:\/\/techmasterdemexico.com\/producto\/circus-led-lupa-de-mesa-redonda-de-diametro-grande\/","og_locale":"en_US","og_type":"article","og_title":"Circus Led Lupa de mesa redonda de di\u00e1metro grande - Techmaster de Mexico","og_description":"CIRCUS LED Lupa de mesa redonda de di\u00e1metro grande Circus LED es especialmente dise\u00f1ados para soportar los rigores del uso cotidiano en aplicaciones industriales y de fabricaci\u00f3n donde los objetos extra\u00f1os (FOD) son una preocupaci\u00f3n. El brazo totalmente cerrado y el brazo interno balanceado por resorte hacen que Circus LED sea ideal para ambientes donde [&hellip;]","og_url":"https:\/\/techmasterdemexico.com\/producto\/circus-led-lupa-de-mesa-redonda-de-diametro-grande\/","og_site_name":"Techmaster de Mexico","article_modified_time":"2025-12-03T19:06:45+00:00","og_image":[{"width":666,"height":550,"url":"https:\/\/techmasterdemexico.com\/wp-content\/uploads\/2021\/07\/Circus-Bench-Magnifier-Callout-Box-Image-666x550px.png","type":"image\/png"}],"twitter_card":"summary_large_image","twitter_misc":{"Est. reading time":"3 minutes"},"schema":{"@context":"https:\/\/schema.org","@graph":[{"@type":"WebPage","@id":"https:\/\/techmasterdemexico.com\/producto\/circus-led-lupa-de-mesa-redonda-de-diametro-grande\/","url":"https:\/\/techmasterdemexico.com\/producto\/circus-led-lupa-de-mesa-redonda-de-diametro-grande\/","name":"Circus Led Lupa de mesa redonda de di\u00e1metro grande - Techmaster de Mexico","isPartOf":{"@id":"https:\/\/techmasterdemexico.com\/#website"},"primaryImageOfPage":{"@id":"https:\/\/techmasterdemexico.com\/producto\/circus-led-lupa-de-mesa-redonda-de-diametro-grande\/#primaryimage"},"image":{"@id":"https:\/\/techmasterdemexico.com\/producto\/circus-led-lupa-de-mesa-redonda-de-diametro-grande\/#primaryimage"},"thumbnailUrl":"https:\/\/techmasterdemexico.com\/wp-content\/uploads\/2021\/07\/Circus-Bench-Magnifier-Callout-Box-Image-666x550px.png","datePublished":"2021-07-07T16:58:41+00:00","dateModified":"2025-12-03T19:06:45+00:00","breadcrumb":{"@id":"https:\/\/techmasterdemexico.com\/producto\/circus-led-lupa-de-mesa-redonda-de-diametro-grande\/#breadcrumb"},"inLanguage":"en-US","potentialAction":[{"@type":"ReadAction","target":["https:\/\/techmasterdemexico.com\/producto\/circus-led-lupa-de-mesa-redonda-de-diametro-grande\/"]}]},{"@type":"ImageObject","inLanguage":"en-US","@id":"https:\/\/techmasterdemexico.com\/producto\/circus-led-lupa-de-mesa-redonda-de-diametro-grande\/#primaryimage","url":"https:\/\/techmasterdemexico.com\/wp-content\/uploads\/2021\/07\/Circus-Bench-Magnifier-Callout-Box-Image-666x550px.png","contentUrl":"https:\/\/techmasterdemexico.com\/wp-content\/uploads\/2021\/07\/Circus-Bench-Magnifier-Callout-Box-Image-666x550px.png","width":666,"height":550},{"@type":"BreadcrumbList","@id":"https:\/\/techmasterdemexico.com\/producto\/circus-led-lupa-de-mesa-redonda-de-diametro-grande\/#breadcrumb","itemListElement":[{"@type":"ListItem","position":1,"name":"Portada","item":"https:\/\/techmasterdemexico.com\/"},{"@type":"ListItem","position":2,"name":"Circus Led Lupa de mesa redonda de di\u00e1metro grande"}]},{"@type":"WebSite","@id":"https:\/\/techmasterdemexico.com\/#website","url":"https:\/\/techmasterdemexico.com\/","name":"Techmaster de Mexico","description":"","potentialAction":[{"@type":"SearchAction","target":{"@type":"EntryPoint","urlTemplate":"https:\/\/techmasterdemexico.com\/?s={search_term_string}"},"query-input":{"@type":"PropertyValueSpecification","valueRequired":true,"valueName":"search_term_string"}}],"inLanguage":"en-US"}]}},"brands":[{"id":83,"name":"Vision Engineering","slug":"vision-engineering"}],"_links":{"self":[{"href":"https:\/\/techmasterdemexico.com\/en\/wp-json\/wp\/v2\/product\/7580","targetHints":{"allow":["GET"]}}],"collection":[{"href":"https:\/\/techmasterdemexico.com\/en\/wp-json\/wp\/v2\/product"}],"about":[{"href":"https:\/\/techmasterdemexico.com\/en\/wp-json\/wp\/v2\/types\/product"}],"wp:featuredmedia":[{"embeddable":true,"href":"https:\/\/techmasterdemexico.com\/en\/wp-json\/wp\/v2\/media\/7582"}],"wp:attachment":[{"href":"https:\/\/techmasterdemexico.com\/en\/wp-json\/wp\/v2\/media?parent=7580"}],"wp:term":[{"taxonomy":"pwb-brand","embeddable":true,"href":"https:\/\/techmasterdemexico.com\/en\/wp-json\/wp\/v2\/pwb-brand?post=7580"},{"taxonomy":"product_brand","embeddable":true,"href":"https:\/\/techmasterdemexico.com\/en\/wp-json\/wp\/v2\/product_brand?post=7580"},{"taxonomy":"product_cat","embeddable":true,"href":"https:\/\/techmasterdemexico.com\/en\/wp-json\/wp\/v2\/product_cat?post=7580"},{"taxonomy":"product_tag","embeddable":true,"href":"https:\/\/techmasterdemexico.com\/en\/wp-json\/wp\/v2\/product_tag?post=7580"}],"curies":[{"name":"wp","href":"https:\/\/api.w.org\/{rel}","templated":true}]}}