{"id":7571,"date":"2021-07-07T16:52:45","date_gmt":"2021-07-07T16:52:45","guid":{"rendered":"http:\/\/techmastermx.ddns.net\/?post_type=product&#038;p=7571"},"modified":"2021-12-28T21:40:42","modified_gmt":"2021-12-28T21:40:42","slug":"benchkam-lupa-complemento-vision-luxo","status":"publish","type":"product","link":"https:\/\/techmasterdemexico.com\/en\/producto\/benchkam-lupa-complemento-vision-luxo\/","title":{"rendered":"BenchKam Lupa complemento Vision Luxo"},"content":{"rendered":"<p>BENCHKAM<\/p>\n<p>Captura y comparte im\u00e1genes f\u00e1cilmente<\/p>\n<p>Dise\u00f1ado para clientes que necesitan capturar y compartir im\u00e1genes mientras trabajan con lupas de banco, BenchKam es un accesorio \u00fanico para complementar la popular gama de lupas Vision Luxo.<\/p>\n<p>BenchKam ayuda a satisfacer la creciente necesidad de documentaci\u00f3n e informes. Al respaldar una comunicaci\u00f3n clara con clientes, proveedores, colegas y reguladores, BenchKam ayuda a aumentar la eficiencia y la captura de datos. Los usuarios de las lupas Vision Luxo ahora pueden capturar y compartir im\u00e1genes a todo color en Full HD de forma r\u00e1pida y sencilla.<\/p>\n<p>BenchKam es exclusivo de Vision Engineering y se suma a las caracter\u00edsticas y la calidad sobresalientes de las lupas de banco Vision Luxo. BenchKam es la primera c\u00e1mara con lupa de banco que se comercializa y no est\u00e1 disponible con los sistemas de la competencia.<\/p>\n<p>Captura de im\u00e1genes r\u00e1pida y conveniente<\/p>\n<p>Puede utilizarse para documentar, informar y compartir con clientes, proveedores y colegas. En \u00faltima instancia, ayudando con la gesti\u00f3n de la cadena de suministro multinivel.<\/p>\n<p>Espacio de trabajo claro<\/p>\n<p>Se adapta perfectamente a las lupas Vision Luxo Wave LED y Circus LED; BenchKam se puede dejar c\u00f3modamente en las unidades, por lo que no es necesario almacenar la c\u00e1mara por separado y ocupar un espacio de trabajo valioso.<\/p>\n<p>Entrenamiento<\/p>\n<p>Una herramienta conveniente que se puede utilizar para compartir una transmisi\u00f3n en vivo con colegas y clientes. Al inspeccionar muestras, BenchKam puede agregar nuevas capacidades y abrir puertas para permitir que varias personas vean el tema al mismo tiempo.<\/p>\n<p>BenchKam es ideal para aplicaciones en mec\u00e1nica, electr\u00f3nica, pl\u00e1sticos, dental, joyer\u00eda y otras aplicaciones de precisi\u00f3n.<\/p>\n","protected":false},"excerpt":{"rendered":"<p>BENCHKAM Captura y comparte im\u00e1genes f\u00e1cilmente Dise\u00f1ado para clientes que necesitan capturar y compartir im\u00e1genes mientras trabajan con lupas de banco, BenchKam es un accesorio \u00fanico para complementar la popular gama de lupas Vision Luxo. BenchKam ayuda a satisfacer la creciente necesidad de documentaci\u00f3n e informes. Al respaldar una comunicaci\u00f3n clara con clientes, proveedores, colegas [&hellip;]<\/p>\n","protected":false},"featured_media":7573,"template":"","meta":{"_acf_changed":false},"pwb-brand":[83],"product_brand":[],"product_cat":[366,84,52],"product_tag":[],"class_list":{"0":"post-7571","1":"product","2":"type-product","3":"status-publish","4":"has-post-thumbnail","6":"pwb-brand-vision-engineering","7":"product_cat-todos-los-productos","8":"product_cat-lupas-de-mesa","9":"product_cat-vision-engineering","11":"first","12":"instock","13":"taxable","14":"shipping-taxable","15":"product-type-simple"},"acf":[],"yoast_head":"<!-- This site is optimized with the Yoast SEO plugin v27.4 - https:\/\/yoast.com\/product\/yoast-seo-wordpress\/ -->\n<title>BenchKam Lupa complemento Vision Luxo - Techmaster de Mexico<\/title>\n<meta name=\"robots\" content=\"index, follow, max-snippet:-1, max-image-preview:large, max-video-preview:-1\" \/>\n<link rel=\"canonical\" href=\"https:\/\/techmasterdemexico.com\/producto\/benchkam-lupa-complemento-vision-luxo\/\" \/>\n<meta property=\"og:locale\" content=\"en_US\" \/>\n<meta property=\"og:type\" content=\"article\" \/>\n<meta property=\"og:title\" content=\"BenchKam Lupa complemento Vision Luxo - Techmaster de Mexico\" \/>\n<meta property=\"og:description\" content=\"BENCHKAM Captura y comparte im\u00e1genes f\u00e1cilmente Dise\u00f1ado para clientes que necesitan capturar y compartir im\u00e1genes mientras trabajan con lupas de banco, BenchKam es un accesorio \u00fanico para complementar la popular gama de lupas Vision Luxo. BenchKam ayuda a satisfacer la creciente necesidad de documentaci\u00f3n e informes. Al respaldar una comunicaci\u00f3n clara con clientes, proveedores, colegas [&hellip;]\" \/>\n<meta property=\"og:url\" content=\"https:\/\/techmasterdemexico.com\/producto\/benchkam-lupa-complemento-vision-luxo\/\" \/>\n<meta property=\"og:site_name\" content=\"Techmaster de Mexico\" \/>\n<meta property=\"article:modified_time\" content=\"2021-12-28T21:40:42+00:00\" \/>\n<meta property=\"og:image\" content=\"https:\/\/techmasterdemexico.com\/wp-content\/uploads\/2021\/07\/BenchKam-on-Circus-bench-mag-call-out-box-image-666x550px.png\" \/>\n\t<meta property=\"og:image:width\" content=\"666\" \/>\n\t<meta property=\"og:image:height\" content=\"550\" \/>\n\t<meta property=\"og:image:type\" content=\"image\/png\" \/>\n<meta name=\"twitter:card\" content=\"summary_large_image\" \/>\n<meta name=\"twitter:label1\" content=\"Est. reading time\" \/>\n\t<meta name=\"twitter:data1\" content=\"1 minute\" \/>\n<script type=\"application\/ld+json\" class=\"yoast-schema-graph\">{\"@context\":\"https:\\\/\\\/schema.org\",\"@graph\":[{\"@type\":\"WebPage\",\"@id\":\"https:\\\/\\\/techmasterdemexico.com\\\/producto\\\/benchkam-lupa-complemento-vision-luxo\\\/\",\"url\":\"https:\\\/\\\/techmasterdemexico.com\\\/producto\\\/benchkam-lupa-complemento-vision-luxo\\\/\",\"name\":\"BenchKam Lupa complemento Vision Luxo - Techmaster de Mexico\",\"isPartOf\":{\"@id\":\"https:\\\/\\\/techmasterdemexico.com\\\/#website\"},\"primaryImageOfPage\":{\"@id\":\"https:\\\/\\\/techmasterdemexico.com\\\/producto\\\/benchkam-lupa-complemento-vision-luxo\\\/#primaryimage\"},\"image\":{\"@id\":\"https:\\\/\\\/techmasterdemexico.com\\\/producto\\\/benchkam-lupa-complemento-vision-luxo\\\/#primaryimage\"},\"thumbnailUrl\":\"https:\\\/\\\/techmasterdemexico.com\\\/wp-content\\\/uploads\\\/2021\\\/07\\\/BenchKam-on-Circus-bench-mag-call-out-box-image-666x550px.png\",\"datePublished\":\"2021-07-07T16:52:45+00:00\",\"dateModified\":\"2021-12-28T21:40:42+00:00\",\"breadcrumb\":{\"@id\":\"https:\\\/\\\/techmasterdemexico.com\\\/producto\\\/benchkam-lupa-complemento-vision-luxo\\\/#breadcrumb\"},\"inLanguage\":\"en-US\",\"potentialAction\":[{\"@type\":\"ReadAction\",\"target\":[\"https:\\\/\\\/techmasterdemexico.com\\\/producto\\\/benchkam-lupa-complemento-vision-luxo\\\/\"]}]},{\"@type\":\"ImageObject\",\"inLanguage\":\"en-US\",\"@id\":\"https:\\\/\\\/techmasterdemexico.com\\\/producto\\\/benchkam-lupa-complemento-vision-luxo\\\/#primaryimage\",\"url\":\"https:\\\/\\\/techmasterdemexico.com\\\/wp-content\\\/uploads\\\/2021\\\/07\\\/BenchKam-on-Circus-bench-mag-call-out-box-image-666x550px.png\",\"contentUrl\":\"https:\\\/\\\/techmasterdemexico.com\\\/wp-content\\\/uploads\\\/2021\\\/07\\\/BenchKam-on-Circus-bench-mag-call-out-box-image-666x550px.png\",\"width\":666,\"height\":550},{\"@type\":\"BreadcrumbList\",\"@id\":\"https:\\\/\\\/techmasterdemexico.com\\\/producto\\\/benchkam-lupa-complemento-vision-luxo\\\/#breadcrumb\",\"itemListElement\":[{\"@type\":\"ListItem\",\"position\":1,\"name\":\"Portada\",\"item\":\"https:\\\/\\\/techmasterdemexico.com\\\/\"},{\"@type\":\"ListItem\",\"position\":2,\"name\":\"BenchKam Lupa complemento Vision Luxo\"}]},{\"@type\":\"WebSite\",\"@id\":\"https:\\\/\\\/techmasterdemexico.com\\\/#website\",\"url\":\"https:\\\/\\\/techmasterdemexico.com\\\/\",\"name\":\"Techmaster de Mexico\",\"description\":\"\",\"potentialAction\":[{\"@type\":\"SearchAction\",\"target\":{\"@type\":\"EntryPoint\",\"urlTemplate\":\"https:\\\/\\\/techmasterdemexico.com\\\/?s={search_term_string}\"},\"query-input\":{\"@type\":\"PropertyValueSpecification\",\"valueRequired\":true,\"valueName\":\"search_term_string\"}}],\"inLanguage\":\"en-US\"}]}<\/script>\n<!-- \/ Yoast SEO plugin. -->","yoast_head_json":{"title":"BenchKam Lupa complemento Vision Luxo - Techmaster de Mexico","robots":{"index":"index","follow":"follow","max-snippet":"max-snippet:-1","max-image-preview":"max-image-preview:large","max-video-preview":"max-video-preview:-1"},"canonical":"https:\/\/techmasterdemexico.com\/producto\/benchkam-lupa-complemento-vision-luxo\/","og_locale":"en_US","og_type":"article","og_title":"BenchKam Lupa complemento Vision Luxo - Techmaster de Mexico","og_description":"BENCHKAM Captura y comparte im\u00e1genes f\u00e1cilmente Dise\u00f1ado para clientes que necesitan capturar y compartir im\u00e1genes mientras trabajan con lupas de banco, BenchKam es un accesorio \u00fanico para complementar la popular gama de lupas Vision Luxo. BenchKam ayuda a satisfacer la creciente necesidad de documentaci\u00f3n e informes. Al respaldar una comunicaci\u00f3n clara con clientes, proveedores, colegas [&hellip;]","og_url":"https:\/\/techmasterdemexico.com\/producto\/benchkam-lupa-complemento-vision-luxo\/","og_site_name":"Techmaster de Mexico","article_modified_time":"2021-12-28T21:40:42+00:00","og_image":[{"width":666,"height":550,"url":"https:\/\/techmasterdemexico.com\/wp-content\/uploads\/2021\/07\/BenchKam-on-Circus-bench-mag-call-out-box-image-666x550px.png","type":"image\/png"}],"twitter_card":"summary_large_image","twitter_misc":{"Est. reading time":"1 minute"},"schema":{"@context":"https:\/\/schema.org","@graph":[{"@type":"WebPage","@id":"https:\/\/techmasterdemexico.com\/producto\/benchkam-lupa-complemento-vision-luxo\/","url":"https:\/\/techmasterdemexico.com\/producto\/benchkam-lupa-complemento-vision-luxo\/","name":"BenchKam Lupa complemento Vision Luxo - Techmaster de Mexico","isPartOf":{"@id":"https:\/\/techmasterdemexico.com\/#website"},"primaryImageOfPage":{"@id":"https:\/\/techmasterdemexico.com\/producto\/benchkam-lupa-complemento-vision-luxo\/#primaryimage"},"image":{"@id":"https:\/\/techmasterdemexico.com\/producto\/benchkam-lupa-complemento-vision-luxo\/#primaryimage"},"thumbnailUrl":"https:\/\/techmasterdemexico.com\/wp-content\/uploads\/2021\/07\/BenchKam-on-Circus-bench-mag-call-out-box-image-666x550px.png","datePublished":"2021-07-07T16:52:45+00:00","dateModified":"2021-12-28T21:40:42+00:00","breadcrumb":{"@id":"https:\/\/techmasterdemexico.com\/producto\/benchkam-lupa-complemento-vision-luxo\/#breadcrumb"},"inLanguage":"en-US","potentialAction":[{"@type":"ReadAction","target":["https:\/\/techmasterdemexico.com\/producto\/benchkam-lupa-complemento-vision-luxo\/"]}]},{"@type":"ImageObject","inLanguage":"en-US","@id":"https:\/\/techmasterdemexico.com\/producto\/benchkam-lupa-complemento-vision-luxo\/#primaryimage","url":"https:\/\/techmasterdemexico.com\/wp-content\/uploads\/2021\/07\/BenchKam-on-Circus-bench-mag-call-out-box-image-666x550px.png","contentUrl":"https:\/\/techmasterdemexico.com\/wp-content\/uploads\/2021\/07\/BenchKam-on-Circus-bench-mag-call-out-box-image-666x550px.png","width":666,"height":550},{"@type":"BreadcrumbList","@id":"https:\/\/techmasterdemexico.com\/producto\/benchkam-lupa-complemento-vision-luxo\/#breadcrumb","itemListElement":[{"@type":"ListItem","position":1,"name":"Portada","item":"https:\/\/techmasterdemexico.com\/"},{"@type":"ListItem","position":2,"name":"BenchKam Lupa complemento Vision Luxo"}]},{"@type":"WebSite","@id":"https:\/\/techmasterdemexico.com\/#website","url":"https:\/\/techmasterdemexico.com\/","name":"Techmaster de Mexico","description":"","potentialAction":[{"@type":"SearchAction","target":{"@type":"EntryPoint","urlTemplate":"https:\/\/techmasterdemexico.com\/?s={search_term_string}"},"query-input":{"@type":"PropertyValueSpecification","valueRequired":true,"valueName":"search_term_string"}}],"inLanguage":"en-US"}]}},"brands":[{"id":83,"name":"Vision Engineering","slug":"vision-engineering"}],"_links":{"self":[{"href":"https:\/\/techmasterdemexico.com\/en\/wp-json\/wp\/v2\/product\/7571","targetHints":{"allow":["GET"]}}],"collection":[{"href":"https:\/\/techmasterdemexico.com\/en\/wp-json\/wp\/v2\/product"}],"about":[{"href":"https:\/\/techmasterdemexico.com\/en\/wp-json\/wp\/v2\/types\/product"}],"wp:featuredmedia":[{"embeddable":true,"href":"https:\/\/techmasterdemexico.com\/en\/wp-json\/wp\/v2\/media\/7573"}],"wp:attachment":[{"href":"https:\/\/techmasterdemexico.com\/en\/wp-json\/wp\/v2\/media?parent=7571"}],"wp:term":[{"taxonomy":"pwb-brand","embeddable":true,"href":"https:\/\/techmasterdemexico.com\/en\/wp-json\/wp\/v2\/pwb-brand?post=7571"},{"taxonomy":"product_brand","embeddable":true,"href":"https:\/\/techmasterdemexico.com\/en\/wp-json\/wp\/v2\/product_brand?post=7571"},{"taxonomy":"product_cat","embeddable":true,"href":"https:\/\/techmasterdemexico.com\/en\/wp-json\/wp\/v2\/product_cat?post=7571"},{"taxonomy":"product_tag","embeddable":true,"href":"https:\/\/techmasterdemexico.com\/en\/wp-json\/wp\/v2\/product_tag?post=7571"}],"curies":[{"name":"wp","href":"https:\/\/api.w.org\/{rel}","templated":true}]}}