{"id":7564,"date":"2021-07-07T16:42:57","date_gmt":"2021-07-07T16:42:57","guid":{"rendered":"http:\/\/techmastermx.ddns.net\/?post_type=product&#038;p=7564"},"modified":"2021-12-28T21:40:42","modified_gmt":"2021-12-28T21:40:42","slug":"drv-z1-sistema-de-inspeccion-estereo-y-digital-3d","status":"publish","type":"product","link":"https:\/\/techmasterdemexico.com\/en\/producto\/drv-z1-sistema-de-inspeccion-estereo-y-digital-3d\/","title":{"rendered":"DRV-Z1 Sistema de inspecci\u00f3n est\u00e9reo y digital 3D"},"content":{"rendered":"<p>DRV-Z1<\/p>\n<p>El futuro de la inspecci\u00f3n ha llegado<\/p>\n<p>El incre\u00edble DRV-Z1 (Visor de realidad profunda) es el primer y \u00fanico sistema de inspecci\u00f3n est\u00e9reo y digital del mundo que crea im\u00e1genes en 3D y Full HD que parecen flotar frente a sus ojos. No necesita gafas ni anteojos especiales y ya no hay efectos secundarios inc\u00f3modos. Simplemente si\u00e9ntese c\u00f3modamente y vea im\u00e1genes en 3D y alta definici\u00f3n, con una impresionante percepci\u00f3n de la profundidad, tan f\u00e1cil como en la vida real.<\/p>\n<p>Es un invento destacable que ya est\u00e1 revolucionando la forma en la cual las organizaciones ven, capturan y comparten im\u00e1genes en 3D de las muestras que est\u00e1n estudiando.<\/p>\n<p>Una combinaci\u00f3n potente<\/p>\n<p>El galardonado DRV-Z1, que es ideal para inspecci\u00f3n y fabricaci\u00f3n, combina las funciones de un microscopio estereosc\u00f3pico con la tecnolog\u00eda de medici\u00f3n digital en un solo sistema \u00fanico. Se pueden realizar aumentos de entre 6,1x a 93x (con 2x digitales adicionales) con funciones de zoom, y se puede lograr una medici\u00f3n precisa en pantalla con nuestro potente software de dimensionamiento, como ViPlus y DimensionOne.<\/p>\n<p>Colaboraci\u00f3n en tiempo real a escala global<\/p>\n<p>Se pueden compartir im\u00e1genes en 3D y alta definici\u00f3n a trav\u00e9s de redes con otros sistemas de DRV en tiempo real para lograr una visualizaci\u00f3n remota simult\u00e1nea.  Ahora sus colegas pueden ver todo, desde objetos delicados en entornos estrictamente controlados hasta prototipos nuevos creados a miles de kil\u00f3metros de distancia, sin salir de la oficina. Es f\u00e1cil recordar im\u00e1genes en 3D compartidas y archivadas.<\/p>\n<p>Facilidad de uso asombrosa<\/p>\n<p>La experiencia 3D sin anteojos del DRV-Z1 con percepci\u00f3n real de la profundidad, campo visual extra amplio, resoluci\u00f3n de alta definici\u00f3n y excelente claridad del objeto, hace que sea una gran elecci\u00f3n para realizar inspecciones que, de otro modo, ser\u00edan problem\u00e1ticas con la tecnolog\u00eda convencional.<\/p>\n<p>M\u00e1xima comodidad<\/p>\n<p>El dise\u00f1o ergon\u00f3mico incrementa la comodidad, eficiencia y productividad al permitir mantener una buena postura, lo cual reduce la fatiga.  Los operadores tienen la libertad de mover la cabeza, ver el objeto de forma natural y tener una f\u00e1cil coordinaci\u00f3n entre manos y ojos, la cual es crucial para realizar tareas de inspecci\u00f3n con precisi\u00f3n, como las reelaboraciones, reparaciones y disecciones.  Tampoco hay limitaciones para aquellas personas que usen anteojos recetados o gafas de seguridad.<\/p>\n<p>Facilidad de uso excepcional<\/p>\n<p>El DRV-Z1 requiere una configuraci\u00f3n inicial m\u00ednima y es sorprendentemente f\u00e1cil de usar, con controles familiares que est\u00e1n dise\u00f1ados espec\u00edficamente en pos de la eficiencia y conveniencia.  Se necesita muy poca capacitaci\u00f3n para disfrutar de todos los beneficios para la productividad y el usuario.  Las im\u00e1genes en 2D y 3D se pueden capturar y almacenar en una unidad USB, y el DRV-Z1 tambi\u00e9n puede conectarse con una computadora para compartir archivos de forma local o para acceder a software de dimensionamiento, como ViPlus o DimensionOne.<\/p>\n<p>Vers\u00e1til<\/p>\n<p>La larga distancia de trabajo y el amplio rango del zoom se adaptan a una extensa gama de usos industriales y de ciencias biol\u00f3gicas que requieren una coordinaci\u00f3n precisa entre manos y ojos. Estos incluyes aquellos tipificados como aeroespacial, automotriz, electr\u00f3nica, an\u00e1lisis de materiales, m\u00e9dico, ingenier\u00eda de precisi\u00f3n, creaci\u00f3n de prototipos y m\u00e1s.<\/p>\n<p>Conveniente<\/p>\n<p>\u00bfPor qu\u00e9 viajar cuando puede ver lo mismo en 3D, Full HD y en tiempo real desde la comodidad de su propio lugar de trabajo?  Le ahorra tiempo, le ahorra dinero y es mejor para el planeta.<\/p>\n<p>DRV-Z1 con base corta<\/p>\n<p>La configuraci\u00f3n con base corta e iluminaci\u00f3n desde arriba es apta para posicionarse sobre el \u00e1rea de trabajo.<\/p>\n<p>DRV-Z1 con base larga y luz subplatina<\/p>\n<p>La versi\u00f3n de base larga brinda iluminaci\u00f3n desde arriba y abajo para muestras opacas, transl\u00facidas y perforadas.  La base de perfil bajo mejora la comodidad de trabajo y la conveniencia.<\/p>\n","protected":false},"excerpt":{"rendered":"<p>DRV-Z1 El futuro de la inspecci\u00f3n ha llegado El incre\u00edble DRV-Z1 (Visor de realidad profunda) es el primer y \u00fanico sistema de inspecci\u00f3n est\u00e9reo y digital del mundo que crea im\u00e1genes en 3D y Full HD que parecen flotar frente a sus ojos. No necesita gafas ni anteojos especiales y ya no hay efectos secundarios [&hellip;]<\/p>\n","protected":false},"featured_media":7566,"template":"","meta":{"_acf_changed":false},"pwb-brand":[83],"product_brand":[],"product_cat":[366,70,52],"product_tag":[],"class_list":{"0":"post-7564","1":"product","2":"type-product","3":"status-publish","4":"has-post-thumbnail","6":"pwb-brand-vision-engineering","7":"product_cat-todos-los-productos","8":"product_cat-inspeccion-digital","9":"product_cat-vision-engineering","11":"first","12":"instock","13":"taxable","14":"shipping-taxable","15":"product-type-simple"},"acf":[],"yoast_head":"<!-- This site is optimized with the Yoast SEO plugin v27.4 - https:\/\/yoast.com\/product\/yoast-seo-wordpress\/ -->\n<title>DRV-Z1 Sistema de inspecci\u00f3n est\u00e9reo y digital 3D - Techmaster de Mexico<\/title>\n<meta name=\"robots\" content=\"index, follow, max-snippet:-1, max-image-preview:large, max-video-preview:-1\" \/>\n<link rel=\"canonical\" href=\"https:\/\/techmasterdemexico.com\/producto\/drv-z1-sistema-de-inspeccion-estereo-y-digital-3d\/\" \/>\n<meta property=\"og:locale\" content=\"en_US\" \/>\n<meta property=\"og:type\" content=\"article\" \/>\n<meta property=\"og:title\" content=\"DRV-Z1 Sistema de inspecci\u00f3n est\u00e9reo y digital 3D - Techmaster de Mexico\" \/>\n<meta property=\"og:description\" content=\"DRV-Z1 El futuro de la inspecci\u00f3n ha llegado El incre\u00edble DRV-Z1 (Visor de realidad profunda) es el primer y \u00fanico sistema de inspecci\u00f3n est\u00e9reo y digital del mundo que crea im\u00e1genes en 3D y Full HD que parecen flotar frente a sus ojos. No necesita gafas ni anteojos especiales y ya no hay efectos secundarios [&hellip;]\" \/>\n<meta property=\"og:url\" content=\"https:\/\/techmasterdemexico.com\/producto\/drv-z1-sistema-de-inspeccion-estereo-y-digital-3d\/\" \/>\n<meta property=\"og:site_name\" content=\"Techmaster de Mexico\" \/>\n<meta property=\"article:modified_time\" content=\"2021-12-28T21:40:42+00:00\" \/>\n<meta property=\"og:image\" content=\"https:\/\/techmasterdemexico.com\/wp-content\/uploads\/2021\/07\/DRV-Z1-digital-stereo-system-banner-image-582x582px-5ef703e18efa8.png\" \/>\n\t<meta property=\"og:image:width\" content=\"582\" \/>\n\t<meta property=\"og:image:height\" content=\"582\" \/>\n\t<meta property=\"og:image:type\" content=\"image\/png\" \/>\n<meta name=\"twitter:card\" content=\"summary_large_image\" \/>\n<meta name=\"twitter:label1\" content=\"Est. reading time\" \/>\n\t<meta name=\"twitter:data1\" content=\"3 minutes\" \/>\n<script type=\"application\/ld+json\" class=\"yoast-schema-graph\">{\"@context\":\"https:\\\/\\\/schema.org\",\"@graph\":[{\"@type\":\"WebPage\",\"@id\":\"https:\\\/\\\/techmasterdemexico.com\\\/producto\\\/drv-z1-sistema-de-inspeccion-estereo-y-digital-3d\\\/\",\"url\":\"https:\\\/\\\/techmasterdemexico.com\\\/producto\\\/drv-z1-sistema-de-inspeccion-estereo-y-digital-3d\\\/\",\"name\":\"DRV-Z1 Sistema de inspecci\u00f3n est\u00e9reo y digital 3D - Techmaster de Mexico\",\"isPartOf\":{\"@id\":\"https:\\\/\\\/techmasterdemexico.com\\\/#website\"},\"primaryImageOfPage\":{\"@id\":\"https:\\\/\\\/techmasterdemexico.com\\\/producto\\\/drv-z1-sistema-de-inspeccion-estereo-y-digital-3d\\\/#primaryimage\"},\"image\":{\"@id\":\"https:\\\/\\\/techmasterdemexico.com\\\/producto\\\/drv-z1-sistema-de-inspeccion-estereo-y-digital-3d\\\/#primaryimage\"},\"thumbnailUrl\":\"https:\\\/\\\/techmasterdemexico.com\\\/wp-content\\\/uploads\\\/2021\\\/07\\\/DRV-Z1-digital-stereo-system-banner-image-582x582px-5ef703e18efa8.png\",\"datePublished\":\"2021-07-07T16:42:57+00:00\",\"dateModified\":\"2021-12-28T21:40:42+00:00\",\"breadcrumb\":{\"@id\":\"https:\\\/\\\/techmasterdemexico.com\\\/producto\\\/drv-z1-sistema-de-inspeccion-estereo-y-digital-3d\\\/#breadcrumb\"},\"inLanguage\":\"en-US\",\"potentialAction\":[{\"@type\":\"ReadAction\",\"target\":[\"https:\\\/\\\/techmasterdemexico.com\\\/producto\\\/drv-z1-sistema-de-inspeccion-estereo-y-digital-3d\\\/\"]}]},{\"@type\":\"ImageObject\",\"inLanguage\":\"en-US\",\"@id\":\"https:\\\/\\\/techmasterdemexico.com\\\/producto\\\/drv-z1-sistema-de-inspeccion-estereo-y-digital-3d\\\/#primaryimage\",\"url\":\"https:\\\/\\\/techmasterdemexico.com\\\/wp-content\\\/uploads\\\/2021\\\/07\\\/DRV-Z1-digital-stereo-system-banner-image-582x582px-5ef703e18efa8.png\",\"contentUrl\":\"https:\\\/\\\/techmasterdemexico.com\\\/wp-content\\\/uploads\\\/2021\\\/07\\\/DRV-Z1-digital-stereo-system-banner-image-582x582px-5ef703e18efa8.png\",\"width\":582,\"height\":582},{\"@type\":\"BreadcrumbList\",\"@id\":\"https:\\\/\\\/techmasterdemexico.com\\\/producto\\\/drv-z1-sistema-de-inspeccion-estereo-y-digital-3d\\\/#breadcrumb\",\"itemListElement\":[{\"@type\":\"ListItem\",\"position\":1,\"name\":\"Portada\",\"item\":\"https:\\\/\\\/techmasterdemexico.com\\\/\"},{\"@type\":\"ListItem\",\"position\":2,\"name\":\"DRV-Z1 Sistema de inspecci\u00f3n est\u00e9reo y digital 3D\"}]},{\"@type\":\"WebSite\",\"@id\":\"https:\\\/\\\/techmasterdemexico.com\\\/#website\",\"url\":\"https:\\\/\\\/techmasterdemexico.com\\\/\",\"name\":\"Techmaster de Mexico\",\"description\":\"\",\"potentialAction\":[{\"@type\":\"SearchAction\",\"target\":{\"@type\":\"EntryPoint\",\"urlTemplate\":\"https:\\\/\\\/techmasterdemexico.com\\\/?s={search_term_string}\"},\"query-input\":{\"@type\":\"PropertyValueSpecification\",\"valueRequired\":true,\"valueName\":\"search_term_string\"}}],\"inLanguage\":\"en-US\"}]}<\/script>\n<!-- \/ Yoast SEO plugin. -->","yoast_head_json":{"title":"DRV-Z1 Sistema de inspecci\u00f3n est\u00e9reo y digital 3D - Techmaster de Mexico","robots":{"index":"index","follow":"follow","max-snippet":"max-snippet:-1","max-image-preview":"max-image-preview:large","max-video-preview":"max-video-preview:-1"},"canonical":"https:\/\/techmasterdemexico.com\/producto\/drv-z1-sistema-de-inspeccion-estereo-y-digital-3d\/","og_locale":"en_US","og_type":"article","og_title":"DRV-Z1 Sistema de inspecci\u00f3n est\u00e9reo y digital 3D - Techmaster de Mexico","og_description":"DRV-Z1 El futuro de la inspecci\u00f3n ha llegado El incre\u00edble DRV-Z1 (Visor de realidad profunda) es el primer y \u00fanico sistema de inspecci\u00f3n est\u00e9reo y digital del mundo que crea im\u00e1genes en 3D y Full HD que parecen flotar frente a sus ojos. No necesita gafas ni anteojos especiales y ya no hay efectos secundarios [&hellip;]","og_url":"https:\/\/techmasterdemexico.com\/producto\/drv-z1-sistema-de-inspeccion-estereo-y-digital-3d\/","og_site_name":"Techmaster de Mexico","article_modified_time":"2021-12-28T21:40:42+00:00","og_image":[{"width":582,"height":582,"url":"https:\/\/techmasterdemexico.com\/wp-content\/uploads\/2021\/07\/DRV-Z1-digital-stereo-system-banner-image-582x582px-5ef703e18efa8.png","type":"image\/png"}],"twitter_card":"summary_large_image","twitter_misc":{"Est. reading time":"3 minutes"},"schema":{"@context":"https:\/\/schema.org","@graph":[{"@type":"WebPage","@id":"https:\/\/techmasterdemexico.com\/producto\/drv-z1-sistema-de-inspeccion-estereo-y-digital-3d\/","url":"https:\/\/techmasterdemexico.com\/producto\/drv-z1-sistema-de-inspeccion-estereo-y-digital-3d\/","name":"DRV-Z1 Sistema de inspecci\u00f3n est\u00e9reo y digital 3D - Techmaster de Mexico","isPartOf":{"@id":"https:\/\/techmasterdemexico.com\/#website"},"primaryImageOfPage":{"@id":"https:\/\/techmasterdemexico.com\/producto\/drv-z1-sistema-de-inspeccion-estereo-y-digital-3d\/#primaryimage"},"image":{"@id":"https:\/\/techmasterdemexico.com\/producto\/drv-z1-sistema-de-inspeccion-estereo-y-digital-3d\/#primaryimage"},"thumbnailUrl":"https:\/\/techmasterdemexico.com\/wp-content\/uploads\/2021\/07\/DRV-Z1-digital-stereo-system-banner-image-582x582px-5ef703e18efa8.png","datePublished":"2021-07-07T16:42:57+00:00","dateModified":"2021-12-28T21:40:42+00:00","breadcrumb":{"@id":"https:\/\/techmasterdemexico.com\/producto\/drv-z1-sistema-de-inspeccion-estereo-y-digital-3d\/#breadcrumb"},"inLanguage":"en-US","potentialAction":[{"@type":"ReadAction","target":["https:\/\/techmasterdemexico.com\/producto\/drv-z1-sistema-de-inspeccion-estereo-y-digital-3d\/"]}]},{"@type":"ImageObject","inLanguage":"en-US","@id":"https:\/\/techmasterdemexico.com\/producto\/drv-z1-sistema-de-inspeccion-estereo-y-digital-3d\/#primaryimage","url":"https:\/\/techmasterdemexico.com\/wp-content\/uploads\/2021\/07\/DRV-Z1-digital-stereo-system-banner-image-582x582px-5ef703e18efa8.png","contentUrl":"https:\/\/techmasterdemexico.com\/wp-content\/uploads\/2021\/07\/DRV-Z1-digital-stereo-system-banner-image-582x582px-5ef703e18efa8.png","width":582,"height":582},{"@type":"BreadcrumbList","@id":"https:\/\/techmasterdemexico.com\/producto\/drv-z1-sistema-de-inspeccion-estereo-y-digital-3d\/#breadcrumb","itemListElement":[{"@type":"ListItem","position":1,"name":"Portada","item":"https:\/\/techmasterdemexico.com\/"},{"@type":"ListItem","position":2,"name":"DRV-Z1 Sistema de inspecci\u00f3n est\u00e9reo y digital 3D"}]},{"@type":"WebSite","@id":"https:\/\/techmasterdemexico.com\/#website","url":"https:\/\/techmasterdemexico.com\/","name":"Techmaster de Mexico","description":"","potentialAction":[{"@type":"SearchAction","target":{"@type":"EntryPoint","urlTemplate":"https:\/\/techmasterdemexico.com\/?s={search_term_string}"},"query-input":{"@type":"PropertyValueSpecification","valueRequired":true,"valueName":"search_term_string"}}],"inLanguage":"en-US"}]}},"brands":[{"id":83,"name":"Vision Engineering","slug":"vision-engineering"}],"_links":{"self":[{"href":"https:\/\/techmasterdemexico.com\/en\/wp-json\/wp\/v2\/product\/7564","targetHints":{"allow":["GET"]}}],"collection":[{"href":"https:\/\/techmasterdemexico.com\/en\/wp-json\/wp\/v2\/product"}],"about":[{"href":"https:\/\/techmasterdemexico.com\/en\/wp-json\/wp\/v2\/types\/product"}],"wp:featuredmedia":[{"embeddable":true,"href":"https:\/\/techmasterdemexico.com\/en\/wp-json\/wp\/v2\/media\/7566"}],"wp:attachment":[{"href":"https:\/\/techmasterdemexico.com\/en\/wp-json\/wp\/v2\/media?parent=7564"}],"wp:term":[{"taxonomy":"pwb-brand","embeddable":true,"href":"https:\/\/techmasterdemexico.com\/en\/wp-json\/wp\/v2\/pwb-brand?post=7564"},{"taxonomy":"product_brand","embeddable":true,"href":"https:\/\/techmasterdemexico.com\/en\/wp-json\/wp\/v2\/product_brand?post=7564"},{"taxonomy":"product_cat","embeddable":true,"href":"https:\/\/techmasterdemexico.com\/en\/wp-json\/wp\/v2\/product_cat?post=7564"},{"taxonomy":"product_tag","embeddable":true,"href":"https:\/\/techmasterdemexico.com\/en\/wp-json\/wp\/v2\/product_tag?post=7564"}],"curies":[{"name":"wp","href":"https:\/\/api.w.org\/{rel}","templated":true}]}}