{"id":474,"date":"2020-07-21T18:26:13","date_gmt":"2020-07-22T01:26:13","guid":{"rendered":"http:\/\/localhost\/techmaster-mexico\/producto\/digital-absolute-height-gauge-0-18-450mm-inch-metric\/"},"modified":"2025-06-26T12:49:34","modified_gmt":"2025-06-26T19:49:34","slug":"digital-absolute-height-gauge-0-18-450mm-inch-metric","status":"publish","type":"product","link":"https:\/\/techmasterdemexico.com\/en\/producto\/digital-absolute-height-gauge-0-18-450mm-inch-metric\/","title":{"rendered":"Digital Absolute Height Gauge 0-18\u2033\/450mm, Inch\/Metric"},"content":{"rendered":"<p>Digital ABS Height Gauge<\/p>\n<p>0-18&#8243;\/450mm, Inch\/Metric<\/p>\n<p>This Digimatic height gauge is very precise and reliable, and offers you the following benefits:<\/p>\n<ul>\n<li>Its built-in ABSOLUTE linear encoder means you don\u2018t have to set the reference point at every power-on, improving reliability as over-speed errors cannot occur.<\/li>\n<li>It comes with large and smooth-acting slider hand wheel<\/li>\n<li>A carbide-tipped scriber is provided.<\/li>\n<li>SPC data output.<\/li>\n<\/ul>\n<p><\/p>","protected":false},"excerpt":{"rendered":"<table class=\"product_properties\">\n<tbody>\n<tr class=\"table-row-odd\">\n<td class=\"parameter\">\n<div class=\"product_properties_propertyName\"><span class=\"name\">Intervalo:<\/span><\/div>\n<\/td>\n<td class=\"value\">\n<div class=\"product_properties_propertyValue\">0 &#8211; 18<span class=\"shortName\">\u00a0[Inch]<\/span><\/div>\n<\/td>\n<\/tr>\n<tr class=\"table-row-even\">\n<td class=\"parameter\">\n<div class=\"product_properties_propertyName\"><span class=\"name\">Resoluci\u00f3n:<\/span><\/div>\n<\/td>\n<td class=\"value\">\n<div class=\"product_properties_propertyValue\">0,0005&#8243;\/0,01 mm<\/div>\n<\/td>\n<\/tr>\n<tr class=\"table-row-odd\">\n<td class=\"parameter\">\n<div class=\"product_properties_propertyName\"><span class=\"name\">Peso:<\/span><\/div>\n<\/td>\n<td class=\"value\">\n<div class=\"product_properties_propertyValue\">5.9<span class=\"shortName\">\u00a0kg<\/span><\/div>\n<\/td>\n<\/tr>\n<tr class=\"table-row-even\">\n<td class=\"parameter\">\n<div class=\"product_properties_propertyName\"><span class=\"name\">Maximum Permissible Error J MPE:<\/span><\/div>\n<\/td>\n<td class=\"value\">\n<div class=\"product_properties_propertyValue\">\u00b10,05 mm\/0.002&#8243;<\/div>\n<\/td>\n<\/tr>\n<tr class=\"table-row-odd\">\n<td class=\"parameter\">\n<div class=\"product_properties_propertyName\"><span class=\"name\">Salida de datos:<\/span><\/div>\n<\/td>\n<td class=\"value\">\n<div class=\"product_properties_propertyValue\">Si<\/div>\n<\/td>\n<\/tr>\n<tr class=\"table-row-even\">\n<td class=\"parameter\">\n<div class=\"product_properties_propertyName\"><span class=\"name\">Conmutador mm\/inch:<\/span><\/div>\n<\/td>\n<td class=\"value\">\n<div class=\"product_properties_propertyValue\">Si<\/div>\n<\/td>\n<\/tr>\n<tr class=\"table-row-odd\">\n<td class=\"parameter\">\n<div class=\"product_properties_propertyName\"><span class=\"name\">Fuente de alimentaci\u00f3n:<\/span><\/div>\n<\/td>\n<td class=\"value\">\n<div class=\"product_properties_propertyValue\">1 battery SR-44<\/div>\n<\/td>\n<\/tr>\n<tr class=\"table-row-even\">\n<td class=\"parameter\">\n<div class=\"product_properties_propertyName\"><span class=\"name\">Escala:<\/span><\/div>\n<\/td>\n<td class=\"value\">\n<div class=\"product_properties_propertyValue\">Lector lineal electroest\u00e1tico ABSOLUTE<\/div>\n<\/td>\n<\/tr>\n<tr class=\"table-row-odd\">\n<td class=\"parameter\">\n<div class=\"product_properties_propertyName\"><span class=\"name\">Velocidad m\u00e1x. de respuesta:<\/span><\/div>\n<\/td>\n<td class=\"value\">\n<div class=\"product_properties_propertyValue\">Unlimited<\/div>\n<\/td>\n<\/tr>\n<tr class=\"table-row-even\">\n<td class=\"parameter\">\n<div class=\"product_properties_propertyName\"><span class=\"name\">Duraci\u00f3n bateria:<\/span><\/div>\n<\/td>\n<td class=\"value\">\n<div class=\"product_properties_propertyValue\">approx. 20000 hours<\/div>\n<\/td>\n<\/tr>\n<tr class=\"table-row-odd\">\n<td class=\"parameter\">\n<div class=\"product_properties_propertyName\"><span class=\"name\">Visualizador:<\/span><\/div>\n<\/td>\n<td class=\"value\">\n<div class=\"product_properties_propertyValue\">LCD, Character Height 10 mm<\/div>\n<\/td>\n<\/tr>\n<tr class=\"table-row-even\">\n<td class=\"parameter\">\n<div class=\"product_properties_propertyName\"><span class=\"name\">Entregado:<\/span><\/div>\n<\/td>\n<td class=\"value\">\n<div class=\"product_properties_propertyValue\">Including 1 battery, scriber and scriber clamp<\/div>\n<\/td>\n<\/tr>\n<tr class=\"table-row-odd\">\n<td class=\"parameter\">\n<div class=\"product_properties_propertyName\"><span class=\"name\">ON\/OFF:<\/span><\/div>\n<\/td>\n<td class=\"value\">\n<div class=\"product_properties_propertyValue\">Si<\/div>\n<\/td>\n<\/tr>\n<tr class=\"table-row-even\">\n<td class=\"parameter\">\n<div class=\"product_properties_propertyName\"><span class=\"name\">Selector ZERO\/ABS:<\/span><\/div>\n<\/td>\n<td class=\"value\">\n<div class=\"product_properties_propertyValue\">Si<\/div>\n<\/td>\n<\/tr>\n<tr class=\"table-row-odd\">\n<td class=\"parameter\">\n<div class=\"product_properties_propertyName\"><span class=\"name\">ORIGIN (puesta a cero ABS):<\/span><\/div>\n<\/td>\n<td class=\"value\">\n<div class=\"product_properties_propertyValue\">Si<\/div>\n<\/td>\n<\/tr>\n<tr class=\"table-row-even\">\n<td class=\"parameter\">\n<div class=\"product_properties_propertyName\"><span class=\"name\">DATA (output with cable) \/ HOLD (display value):<\/span><\/div>\n<\/td>\n<td class=\"value\">\n<div class=\"product_properties_propertyValue\">Si<\/div>\n<\/td>\n<\/tr>\n<tr class=\"table-row-odd\">\n<td class=\"parameter\">\n<div class=\"product_properties_propertyName\"><span class=\"name\">Aviso bater\u00eda baja:<\/span><\/div>\n<\/td>\n<td class=\"value\">\n<div class=\"product_properties_propertyValue\">Si<\/div>\n<\/td>\n<\/tr>\n<tr class=\"table-row-even\">\n<td class=\"parameter\">\n<div class=\"product_properties_propertyName\"><span class=\"name\">Digital\/An\u00e1logo:<\/span><\/div>\n<\/td>\n<td class=\"value\">\n<div class=\"product_properties_propertyValue\">Digital<\/div>\n<\/td>\n<\/tr>\n<tr class=\"table-row-odd\">\n<td class=\"parameter\">\n<div class=\"product_properties_propertyName\"><span class=\"name\">pulgadas-m\u00e9trico:<\/span><\/div>\n<\/td>\n<td class=\"value\">\n<div class=\"product_properties_propertyValue\">pulg\/mm<\/div>\n<\/td>\n<\/tr>\n<\/tbody>\n<\/table>\n","protected":false},"featured_media":7455,"template":"","meta":{"_acf_changed":false},"pwb-brand":[39],"product_brand":[],"product_cat":[366,524,331,421,425,38],"product_tag":[],"class_list":{"0":"post-474","1":"product","2":"type-product","3":"status-publish","4":"has-post-thumbnail","6":"pwb-brand-mitutoyo","7":"product_cat-todos-los-productos","8":"product_cat-height-gauges","9":"product_cat-instrumentos-de-medicion-y-gestion-de-datos","10":"product_cat-medidores-de-altura","11":"product_cat-medidores-de-alturas-absolute-digimatic","12":"product_cat-mitutoyo","14":"first","15":"outofstock","16":"taxable","17":"shipping-taxable","18":"product-type-simple"},"acf":[],"yoast_head":"<!-- This site is optimized with the Yoast SEO plugin v27.4 - https:\/\/yoast.com\/product\/yoast-seo-wordpress\/ -->\n<title>Digital Absolute Height Gauge 0-18\u2033\/450mm, Inch\/Metric - Techmaster de Mexico<\/title>\n<meta name=\"robots\" content=\"index, follow, max-snippet:-1, max-image-preview:large, max-video-preview:-1\" \/>\n<link rel=\"canonical\" href=\"https:\/\/techmasterdemexico.com\/producto\/digital-absolute-height-gauge-0-18-450mm-inch-metric\/\" \/>\n<meta property=\"og:locale\" content=\"en_US\" \/>\n<meta property=\"og:type\" content=\"article\" \/>\n<meta property=\"og:title\" content=\"Digital Absolute Height Gauge 0-18\u2033\/450mm, Inch\/Metric - Techmaster de Mexico\" \/>\n<meta property=\"og:description\" content=\"Intervalo:  0 - 18\u00a0[Inch]    Resoluci\u00f3n:  0,0005&quot;\/0,01 mm    Peso:  5.9\u00a0kg    Maximum Permissible Error J MPE:  \u00b10,05 mm\/0.002&quot;    Salida de datos:  Si    Conmutador mm\/inch:  Si    Fuente de alimentaci\u00f3n:  1 battery SR-44    Escala:  Lector lineal electroest\u00e1tico ABSOLUTE    Velocidad m\u00e1x. de respuesta:  Unlimited    Duraci\u00f3n bateria:  approx. 20000 hours    Visualizador:  LCD, Character Height 10 mm    Entregado:  Including 1 battery, scriber and scriber clamp    ON\/OFF:  Si    Selector ZERO\/ABS:  Si    ORIGIN (puesta a cero ABS):  Si    DATA (output with cable) \/ HOLD (display value):  Si    Aviso bater\u00eda baja:  Si    Digital\/An\u00e1logo:  Digital    pulgadas-m\u00e9trico:  pulg\/mm\" \/>\n<meta property=\"og:url\" content=\"https:\/\/techmasterdemexico.com\/producto\/digital-absolute-height-gauge-0-18-450mm-inch-metric\/\" \/>\n<meta property=\"og:site_name\" content=\"Techmaster de Mexico\" \/>\n<meta property=\"article:modified_time\" content=\"2025-06-26T19:49:34+00:00\" \/>\n<meta property=\"og:image\" content=\"https:\/\/techmasterdemexico.com\/wp-content\/uploads\/2020\/07\/img_mitutoyo570-313_1-2.jpg\" \/>\n\t<meta property=\"og:image:width\" content=\"700\" \/>\n\t<meta property=\"og:image:height\" content=\"700\" \/>\n\t<meta property=\"og:image:type\" content=\"image\/jpeg\" \/>\n<meta name=\"twitter:card\" content=\"summary_large_image\" \/>\n<meta name=\"twitter:label1\" content=\"Est. reading time\" \/>\n\t<meta name=\"twitter:data1\" content=\"1 minute\" \/>\n<script type=\"application\/ld+json\" class=\"yoast-schema-graph\">{\"@context\":\"https:\\\/\\\/schema.org\",\"@graph\":[{\"@type\":\"WebPage\",\"@id\":\"https:\\\/\\\/techmasterdemexico.com\\\/producto\\\/digital-absolute-height-gauge-0-18-450mm-inch-metric\\\/\",\"url\":\"https:\\\/\\\/techmasterdemexico.com\\\/producto\\\/digital-absolute-height-gauge-0-18-450mm-inch-metric\\\/\",\"name\":\"Digital Absolute Height Gauge 0-18\u2033\\\/450mm, Inch\\\/Metric - Techmaster de Mexico\",\"isPartOf\":{\"@id\":\"https:\\\/\\\/techmasterdemexico.com\\\/#website\"},\"primaryImageOfPage\":{\"@id\":\"https:\\\/\\\/techmasterdemexico.com\\\/producto\\\/digital-absolute-height-gauge-0-18-450mm-inch-metric\\\/#primaryimage\"},\"image\":{\"@id\":\"https:\\\/\\\/techmasterdemexico.com\\\/producto\\\/digital-absolute-height-gauge-0-18-450mm-inch-metric\\\/#primaryimage\"},\"thumbnailUrl\":\"https:\\\/\\\/techmasterdemexico.com\\\/wp-content\\\/uploads\\\/2020\\\/07\\\/img_mitutoyo570-313_1-2.jpg\",\"datePublished\":\"2020-07-22T01:26:13+00:00\",\"dateModified\":\"2025-06-26T19:49:34+00:00\",\"breadcrumb\":{\"@id\":\"https:\\\/\\\/techmasterdemexico.com\\\/producto\\\/digital-absolute-height-gauge-0-18-450mm-inch-metric\\\/#breadcrumb\"},\"inLanguage\":\"en-US\",\"potentialAction\":[{\"@type\":\"ReadAction\",\"target\":[\"https:\\\/\\\/techmasterdemexico.com\\\/producto\\\/digital-absolute-height-gauge-0-18-450mm-inch-metric\\\/\"]}]},{\"@type\":\"ImageObject\",\"inLanguage\":\"en-US\",\"@id\":\"https:\\\/\\\/techmasterdemexico.com\\\/producto\\\/digital-absolute-height-gauge-0-18-450mm-inch-metric\\\/#primaryimage\",\"url\":\"https:\\\/\\\/techmasterdemexico.com\\\/wp-content\\\/uploads\\\/2020\\\/07\\\/img_mitutoyo570-313_1-2.jpg\",\"contentUrl\":\"https:\\\/\\\/techmasterdemexico.com\\\/wp-content\\\/uploads\\\/2020\\\/07\\\/img_mitutoyo570-313_1-2.jpg\",\"width\":700,\"height\":700},{\"@type\":\"BreadcrumbList\",\"@id\":\"https:\\\/\\\/techmasterdemexico.com\\\/producto\\\/digital-absolute-height-gauge-0-18-450mm-inch-metric\\\/#breadcrumb\",\"itemListElement\":[{\"@type\":\"ListItem\",\"position\":1,\"name\":\"Portada\",\"item\":\"https:\\\/\\\/techmasterdemexico.com\\\/\"},{\"@type\":\"ListItem\",\"position\":2,\"name\":\"Digital Absolute Height Gauge 0-18\u2033\\\/450mm, Inch\\\/Metric\"}]},{\"@type\":\"WebSite\",\"@id\":\"https:\\\/\\\/techmasterdemexico.com\\\/#website\",\"url\":\"https:\\\/\\\/techmasterdemexico.com\\\/\",\"name\":\"Techmaster de Mexico\",\"description\":\"\",\"potentialAction\":[{\"@type\":\"SearchAction\",\"target\":{\"@type\":\"EntryPoint\",\"urlTemplate\":\"https:\\\/\\\/techmasterdemexico.com\\\/?s={search_term_string}\"},\"query-input\":{\"@type\":\"PropertyValueSpecification\",\"valueRequired\":true,\"valueName\":\"search_term_string\"}}],\"inLanguage\":\"en-US\"}]}<\/script>\n<!-- \/ Yoast SEO plugin. -->","yoast_head_json":{"title":"Digital Absolute Height Gauge 0-18\u2033\/450mm, Inch\/Metric - Techmaster de Mexico","robots":{"index":"index","follow":"follow","max-snippet":"max-snippet:-1","max-image-preview":"max-image-preview:large","max-video-preview":"max-video-preview:-1"},"canonical":"https:\/\/techmasterdemexico.com\/producto\/digital-absolute-height-gauge-0-18-450mm-inch-metric\/","og_locale":"en_US","og_type":"article","og_title":"Digital Absolute Height Gauge 0-18\u2033\/450mm, Inch\/Metric - Techmaster de Mexico","og_description":"Intervalo:  0 - 18\u00a0[Inch]    Resoluci\u00f3n:  0,0005\"\/0,01 mm    Peso:  5.9\u00a0kg    Maximum Permissible Error J MPE:  \u00b10,05 mm\/0.002\"    Salida de datos:  Si    Conmutador mm\/inch:  Si    Fuente de alimentaci\u00f3n:  1 battery SR-44    Escala:  Lector lineal electroest\u00e1tico ABSOLUTE    Velocidad m\u00e1x. de respuesta:  Unlimited    Duraci\u00f3n bateria:  approx. 20000 hours    Visualizador:  LCD, Character Height 10 mm    Entregado:  Including 1 battery, scriber and scriber clamp    ON\/OFF:  Si    Selector ZERO\/ABS:  Si    ORIGIN (puesta a cero ABS):  Si    DATA (output with cable) \/ HOLD (display value):  Si    Aviso bater\u00eda baja:  Si    Digital\/An\u00e1logo:  Digital    pulgadas-m\u00e9trico:  pulg\/mm","og_url":"https:\/\/techmasterdemexico.com\/producto\/digital-absolute-height-gauge-0-18-450mm-inch-metric\/","og_site_name":"Techmaster de Mexico","article_modified_time":"2025-06-26T19:49:34+00:00","og_image":[{"width":700,"height":700,"url":"https:\/\/techmasterdemexico.com\/wp-content\/uploads\/2020\/07\/img_mitutoyo570-313_1-2.jpg","type":"image\/jpeg"}],"twitter_card":"summary_large_image","twitter_misc":{"Est. reading time":"1 minute"},"schema":{"@context":"https:\/\/schema.org","@graph":[{"@type":"WebPage","@id":"https:\/\/techmasterdemexico.com\/producto\/digital-absolute-height-gauge-0-18-450mm-inch-metric\/","url":"https:\/\/techmasterdemexico.com\/producto\/digital-absolute-height-gauge-0-18-450mm-inch-metric\/","name":"Digital Absolute Height Gauge 0-18\u2033\/450mm, Inch\/Metric - Techmaster de Mexico","isPartOf":{"@id":"https:\/\/techmasterdemexico.com\/#website"},"primaryImageOfPage":{"@id":"https:\/\/techmasterdemexico.com\/producto\/digital-absolute-height-gauge-0-18-450mm-inch-metric\/#primaryimage"},"image":{"@id":"https:\/\/techmasterdemexico.com\/producto\/digital-absolute-height-gauge-0-18-450mm-inch-metric\/#primaryimage"},"thumbnailUrl":"https:\/\/techmasterdemexico.com\/wp-content\/uploads\/2020\/07\/img_mitutoyo570-313_1-2.jpg","datePublished":"2020-07-22T01:26:13+00:00","dateModified":"2025-06-26T19:49:34+00:00","breadcrumb":{"@id":"https:\/\/techmasterdemexico.com\/producto\/digital-absolute-height-gauge-0-18-450mm-inch-metric\/#breadcrumb"},"inLanguage":"en-US","potentialAction":[{"@type":"ReadAction","target":["https:\/\/techmasterdemexico.com\/producto\/digital-absolute-height-gauge-0-18-450mm-inch-metric\/"]}]},{"@type":"ImageObject","inLanguage":"en-US","@id":"https:\/\/techmasterdemexico.com\/producto\/digital-absolute-height-gauge-0-18-450mm-inch-metric\/#primaryimage","url":"https:\/\/techmasterdemexico.com\/wp-content\/uploads\/2020\/07\/img_mitutoyo570-313_1-2.jpg","contentUrl":"https:\/\/techmasterdemexico.com\/wp-content\/uploads\/2020\/07\/img_mitutoyo570-313_1-2.jpg","width":700,"height":700},{"@type":"BreadcrumbList","@id":"https:\/\/techmasterdemexico.com\/producto\/digital-absolute-height-gauge-0-18-450mm-inch-metric\/#breadcrumb","itemListElement":[{"@type":"ListItem","position":1,"name":"Portada","item":"https:\/\/techmasterdemexico.com\/"},{"@type":"ListItem","position":2,"name":"Digital Absolute Height Gauge 0-18\u2033\/450mm, Inch\/Metric"}]},{"@type":"WebSite","@id":"https:\/\/techmasterdemexico.com\/#website","url":"https:\/\/techmasterdemexico.com\/","name":"Techmaster de Mexico","description":"","potentialAction":[{"@type":"SearchAction","target":{"@type":"EntryPoint","urlTemplate":"https:\/\/techmasterdemexico.com\/?s={search_term_string}"},"query-input":{"@type":"PropertyValueSpecification","valueRequired":true,"valueName":"search_term_string"}}],"inLanguage":"en-US"}]}},"brands":[{"id":39,"name":"Mitutoyo","slug":"mitutoyo"}],"_links":{"self":[{"href":"https:\/\/techmasterdemexico.com\/en\/wp-json\/wp\/v2\/product\/474","targetHints":{"allow":["GET"]}}],"collection":[{"href":"https:\/\/techmasterdemexico.com\/en\/wp-json\/wp\/v2\/product"}],"about":[{"href":"https:\/\/techmasterdemexico.com\/en\/wp-json\/wp\/v2\/types\/product"}],"wp:featuredmedia":[{"embeddable":true,"href":"https:\/\/techmasterdemexico.com\/en\/wp-json\/wp\/v2\/media\/7455"}],"wp:attachment":[{"href":"https:\/\/techmasterdemexico.com\/en\/wp-json\/wp\/v2\/media?parent=474"}],"wp:term":[{"taxonomy":"pwb-brand","embeddable":true,"href":"https:\/\/techmasterdemexico.com\/en\/wp-json\/wp\/v2\/pwb-brand?post=474"},{"taxonomy":"product_brand","embeddable":true,"href":"https:\/\/techmasterdemexico.com\/en\/wp-json\/wp\/v2\/product_brand?post=474"},{"taxonomy":"product_cat","embeddable":true,"href":"https:\/\/techmasterdemexico.com\/en\/wp-json\/wp\/v2\/product_cat?post=474"},{"taxonomy":"product_tag","embeddable":true,"href":"https:\/\/techmasterdemexico.com\/en\/wp-json\/wp\/v2\/product_tag?post=474"}],"curies":[{"name":"wp","href":"https:\/\/api.w.org\/{rel}","templated":true}]}}