{"id":451,"date":"2020-07-21T18:26:06","date_gmt":"2020-07-22T01:26:06","guid":{"rendered":"http:\/\/localhost\/techmaster-mexico\/producto\/medidor-de-humedad-y-temperatura-fluke-971\/"},"modified":"2025-06-26T12:46:53","modified_gmt":"2025-06-26T19:46:53","slug":"medidor-de-humedad-y-temperatura-fluke-971","status":"publish","type":"product","link":"https:\/\/techmasterdemexico.com\/en\/producto\/medidor-de-humedad-y-temperatura-fluke-971\/","title":{"rendered":"Medidor de humedad y temperatura Fluke 971"},"content":{"rendered":"<p>La temperatura y la humedad son dos importantes factores para mantener unos niveles \u00f3ptimos de calidad del aire en interiores. Obtenga r\u00e1pida y c\u00f3modamente lecturas precisas de la humedad y temperatura con el dispositivo Fluke 971. El Fluke 971 es una herramienta de gran valor para el personal de mantenimiento y los t\u00e9cnicos de instalaciones, los contratistas de sistemas de ventilaci\u00f3n, calefacci\u00f3n y aire acondicionado, y los profesionales que eval\u00faan la calidad del aire en interiores. Ligero y c\u00f3modo, el Fluke 971 es perfecto para supervisar zonas problem\u00e1ticas. Con una robusta funda y sensor protegido, el Fluke 971 est\u00e1 dise\u00f1ado para durar mucho tiempo y ofrecer un gran rendimiento.<\/p>\n","protected":false},"excerpt":{"rendered":"<div id=\"keyfeature_content\" data-readmore=\"\" aria-expanded=\"true\">\n<ul>\n<li>Pantalla dual retroiluminada de humedad y temperatura<\/li>\n<li>Medida de punto de roc\u00edo y bulbo h\u00famedo<\/li>\n<li>Capacidad de almacenamiento de 99 registros<\/li>\n<li>Dise\u00f1o ergon\u00f3mico con pinza para el cintur\u00f3n y funda protectora<\/li>\n<li>Sensor de capacidad de respuesta r\u00e1pida<\/li>\n<li>Compacto y liviano. 188\u00a0g (6.6\u00a0onzas)<\/li>\n<li>Rango de temperaturas de -20 a 60\u00a0\u00b0C (-4 a 140\u00a0\u00b0F)<\/li>\n<li>Humedad relativa del 5 al 95\u00a0%<\/li>\n<li>Retenci\u00f3n de datos en pantalla y registro de valores m\u00ednimos, m\u00e1ximos y promedio<\/li>\n<li>Indicador de bater\u00eda baja<\/li>\n<\/ul>\n<\/div>\n","protected":false},"featured_media":7295,"template":"","meta":{"_acf_changed":false},"pwb-brand":[31],"product_brand":[],"product_cat":[366,133,30,542],"product_tag":[],"class_list":{"0":"post-451","1":"product","2":"type-product","3":"status-publish","4":"has-post-thumbnail","6":"pwb-brand-fluke","7":"product_cat-todos-los-productos","8":"product_cat-calidad-del-aire","9":"product_cat-fluke","10":"product_cat-pruebas-de-calidad-del-aire-calidad-del-aire","12":"first","13":"instock","14":"taxable","15":"shipping-taxable","16":"product-type-simple"},"acf":[],"yoast_head":"<!-- This site is optimized with the Yoast SEO plugin v27.4 - https:\/\/yoast.com\/product\/yoast-seo-wordpress\/ -->\n<title>Medidor de humedad y temperatura Fluke 971 - Techmaster de Mexico<\/title>\n<meta name=\"robots\" content=\"index, follow, max-snippet:-1, max-image-preview:large, max-video-preview:-1\" \/>\n<link rel=\"canonical\" href=\"https:\/\/techmasterdemexico.com\/producto\/medidor-de-humedad-y-temperatura-fluke-971\/\" \/>\n<meta property=\"og:locale\" content=\"en_US\" \/>\n<meta property=\"og:type\" content=\"article\" \/>\n<meta property=\"og:title\" content=\"Medidor de humedad y temperatura Fluke 971 - Techmaster de Mexico\" \/>\n<meta property=\"og:description\" content=\"[:es]         Pantalla dual retroiluminada de humedad y temperatura    Medida de punto de roc\u00edo y bulbo h\u00famedo    Capacidad de almacenamiento de 99 registros    Dise\u00f1o ergon\u00f3mico con pinza para el cintur\u00f3n y funda protectora    Sensor de capacidad de respuesta r\u00e1pida    Compacto y liviano. 188\u00a0g (6.6\u00a0onzas)    Rango de temperaturas de -20 a 60\u00a0\u00b0C (-4 a 140\u00a0\u00b0F)    Humedad relativa del 5 al 95\u00a0%    Retenci\u00f3n de datos en pantalla y registro de valores m\u00ednimos, m\u00e1ximos y promedio    Indicador de bater\u00eda baja      [:en]   Pantalla dual retroiluminada de humedad y temperatura  Medida de punto de roc\u00edo y bulbo h\u00famedo  Capacidad de almacenamiento de 99 registros  Dise\u00f1o ergon\u00f3mico con pinza para el cintur\u00f3n y funda protectora  Sensor de capacidad de respuesta r\u00e1pida  Compacto y liviano. 188\u00a0g (6.6\u00a0onzas)  Rango de temperaturas de -20 a 60\u00a0\u00b0C (-4 a 140\u00a0\u00b0F)  Humedad relativa del 5 al 95\u00a0%  Retenci\u00f3n de datos en pantalla y registro de valores m\u00ednimos, m\u00e1ximos y promedio  Indicador de bater\u00eda baja  [:]\" \/>\n<meta property=\"og:url\" content=\"https:\/\/techmasterdemexico.com\/producto\/medidor-de-humedad-y-temperatura-fluke-971\/\" \/>\n<meta property=\"og:site_name\" content=\"Techmaster de Mexico\" \/>\n<meta property=\"article:modified_time\" content=\"2025-06-26T19:46:53+00:00\" \/>\n<meta property=\"og:image\" content=\"https:\/\/techmasterdemexico.com\/wp-content\/uploads\/2020\/07\/f-971-01b-1500x1000.jpg\" \/>\n\t<meta property=\"og:image:width\" content=\"615\" \/>\n\t<meta property=\"og:image:height\" content=\"410\" \/>\n\t<meta property=\"og:image:type\" content=\"image\/jpeg\" \/>\n<meta name=\"twitter:card\" content=\"summary_large_image\" \/>\n<meta name=\"twitter:label1\" content=\"Est. reading time\" \/>\n\t<meta name=\"twitter:data1\" content=\"1 minute\" \/>\n<script type=\"application\/ld+json\" class=\"yoast-schema-graph\">{\"@context\":\"https:\\\/\\\/schema.org\",\"@graph\":[{\"@type\":\"WebPage\",\"@id\":\"https:\\\/\\\/techmasterdemexico.com\\\/producto\\\/medidor-de-humedad-y-temperatura-fluke-971\\\/\",\"url\":\"https:\\\/\\\/techmasterdemexico.com\\\/producto\\\/medidor-de-humedad-y-temperatura-fluke-971\\\/\",\"name\":\"Medidor de humedad y temperatura Fluke 971 - Techmaster de Mexico\",\"isPartOf\":{\"@id\":\"https:\\\/\\\/techmasterdemexico.com\\\/#website\"},\"primaryImageOfPage\":{\"@id\":\"https:\\\/\\\/techmasterdemexico.com\\\/producto\\\/medidor-de-humedad-y-temperatura-fluke-971\\\/#primaryimage\"},\"image\":{\"@id\":\"https:\\\/\\\/techmasterdemexico.com\\\/producto\\\/medidor-de-humedad-y-temperatura-fluke-971\\\/#primaryimage\"},\"thumbnailUrl\":\"https:\\\/\\\/techmasterdemexico.com\\\/wp-content\\\/uploads\\\/2020\\\/07\\\/f-971-01b-1500x1000.jpg\",\"datePublished\":\"2020-07-22T01:26:06+00:00\",\"dateModified\":\"2025-06-26T19:46:53+00:00\",\"breadcrumb\":{\"@id\":\"https:\\\/\\\/techmasterdemexico.com\\\/producto\\\/medidor-de-humedad-y-temperatura-fluke-971\\\/#breadcrumb\"},\"inLanguage\":\"en-US\",\"potentialAction\":[{\"@type\":\"ReadAction\",\"target\":[\"https:\\\/\\\/techmasterdemexico.com\\\/producto\\\/medidor-de-humedad-y-temperatura-fluke-971\\\/\"]}]},{\"@type\":\"ImageObject\",\"inLanguage\":\"en-US\",\"@id\":\"https:\\\/\\\/techmasterdemexico.com\\\/producto\\\/medidor-de-humedad-y-temperatura-fluke-971\\\/#primaryimage\",\"url\":\"https:\\\/\\\/techmasterdemexico.com\\\/wp-content\\\/uploads\\\/2020\\\/07\\\/f-971-01b-1500x1000.jpg\",\"contentUrl\":\"https:\\\/\\\/techmasterdemexico.com\\\/wp-content\\\/uploads\\\/2020\\\/07\\\/f-971-01b-1500x1000.jpg\",\"width\":615,\"height\":410},{\"@type\":\"BreadcrumbList\",\"@id\":\"https:\\\/\\\/techmasterdemexico.com\\\/producto\\\/medidor-de-humedad-y-temperatura-fluke-971\\\/#breadcrumb\",\"itemListElement\":[{\"@type\":\"ListItem\",\"position\":1,\"name\":\"Portada\",\"item\":\"https:\\\/\\\/techmasterdemexico.com\\\/\"},{\"@type\":\"ListItem\",\"position\":2,\"name\":\"Medidor de humedad y temperatura Fluke 971\"}]},{\"@type\":\"WebSite\",\"@id\":\"https:\\\/\\\/techmasterdemexico.com\\\/#website\",\"url\":\"https:\\\/\\\/techmasterdemexico.com\\\/\",\"name\":\"Techmaster de Mexico\",\"description\":\"\",\"potentialAction\":[{\"@type\":\"SearchAction\",\"target\":{\"@type\":\"EntryPoint\",\"urlTemplate\":\"https:\\\/\\\/techmasterdemexico.com\\\/?s={search_term_string}\"},\"query-input\":{\"@type\":\"PropertyValueSpecification\",\"valueRequired\":true,\"valueName\":\"search_term_string\"}}],\"inLanguage\":\"en-US\"}]}<\/script>\n<!-- \/ Yoast SEO plugin. -->","yoast_head_json":{"title":"Medidor de humedad y temperatura Fluke 971 - Techmaster de Mexico","robots":{"index":"index","follow":"follow","max-snippet":"max-snippet:-1","max-image-preview":"max-image-preview:large","max-video-preview":"max-video-preview:-1"},"canonical":"https:\/\/techmasterdemexico.com\/producto\/medidor-de-humedad-y-temperatura-fluke-971\/","og_locale":"en_US","og_type":"article","og_title":"Medidor de humedad y temperatura Fluke 971 - Techmaster de Mexico","og_description":"[:es]         Pantalla dual retroiluminada de humedad y temperatura    Medida de punto de roc\u00edo y bulbo h\u00famedo    Capacidad de almacenamiento de 99 registros    Dise\u00f1o ergon\u00f3mico con pinza para el cintur\u00f3n y funda protectora    Sensor de capacidad de respuesta r\u00e1pida    Compacto y liviano. 188\u00a0g (6.6\u00a0onzas)    Rango de temperaturas de -20 a 60\u00a0\u00b0C (-4 a 140\u00a0\u00b0F)    Humedad relativa del 5 al 95\u00a0%    Retenci\u00f3n de datos en pantalla y registro de valores m\u00ednimos, m\u00e1ximos y promedio    Indicador de bater\u00eda baja      [:en]   Pantalla dual retroiluminada de humedad y temperatura  Medida de punto de roc\u00edo y bulbo h\u00famedo  Capacidad de almacenamiento de 99 registros  Dise\u00f1o ergon\u00f3mico con pinza para el cintur\u00f3n y funda protectora  Sensor de capacidad de respuesta r\u00e1pida  Compacto y liviano. 188\u00a0g (6.6\u00a0onzas)  Rango de temperaturas de -20 a 60\u00a0\u00b0C (-4 a 140\u00a0\u00b0F)  Humedad relativa del 5 al 95\u00a0%  Retenci\u00f3n de datos en pantalla y registro de valores m\u00ednimos, m\u00e1ximos y promedio  Indicador de bater\u00eda baja  [:]","og_url":"https:\/\/techmasterdemexico.com\/producto\/medidor-de-humedad-y-temperatura-fluke-971\/","og_site_name":"Techmaster de Mexico","article_modified_time":"2025-06-26T19:46:53+00:00","og_image":[{"width":615,"height":410,"url":"https:\/\/techmasterdemexico.com\/wp-content\/uploads\/2020\/07\/f-971-01b-1500x1000.jpg","type":"image\/jpeg"}],"twitter_card":"summary_large_image","twitter_misc":{"Est. reading time":"1 minute"},"schema":{"@context":"https:\/\/schema.org","@graph":[{"@type":"WebPage","@id":"https:\/\/techmasterdemexico.com\/producto\/medidor-de-humedad-y-temperatura-fluke-971\/","url":"https:\/\/techmasterdemexico.com\/producto\/medidor-de-humedad-y-temperatura-fluke-971\/","name":"Medidor de humedad y temperatura Fluke 971 - Techmaster de Mexico","isPartOf":{"@id":"https:\/\/techmasterdemexico.com\/#website"},"primaryImageOfPage":{"@id":"https:\/\/techmasterdemexico.com\/producto\/medidor-de-humedad-y-temperatura-fluke-971\/#primaryimage"},"image":{"@id":"https:\/\/techmasterdemexico.com\/producto\/medidor-de-humedad-y-temperatura-fluke-971\/#primaryimage"},"thumbnailUrl":"https:\/\/techmasterdemexico.com\/wp-content\/uploads\/2020\/07\/f-971-01b-1500x1000.jpg","datePublished":"2020-07-22T01:26:06+00:00","dateModified":"2025-06-26T19:46:53+00:00","breadcrumb":{"@id":"https:\/\/techmasterdemexico.com\/producto\/medidor-de-humedad-y-temperatura-fluke-971\/#breadcrumb"},"inLanguage":"en-US","potentialAction":[{"@type":"ReadAction","target":["https:\/\/techmasterdemexico.com\/producto\/medidor-de-humedad-y-temperatura-fluke-971\/"]}]},{"@type":"ImageObject","inLanguage":"en-US","@id":"https:\/\/techmasterdemexico.com\/producto\/medidor-de-humedad-y-temperatura-fluke-971\/#primaryimage","url":"https:\/\/techmasterdemexico.com\/wp-content\/uploads\/2020\/07\/f-971-01b-1500x1000.jpg","contentUrl":"https:\/\/techmasterdemexico.com\/wp-content\/uploads\/2020\/07\/f-971-01b-1500x1000.jpg","width":615,"height":410},{"@type":"BreadcrumbList","@id":"https:\/\/techmasterdemexico.com\/producto\/medidor-de-humedad-y-temperatura-fluke-971\/#breadcrumb","itemListElement":[{"@type":"ListItem","position":1,"name":"Portada","item":"https:\/\/techmasterdemexico.com\/"},{"@type":"ListItem","position":2,"name":"Medidor de humedad y temperatura Fluke 971"}]},{"@type":"WebSite","@id":"https:\/\/techmasterdemexico.com\/#website","url":"https:\/\/techmasterdemexico.com\/","name":"Techmaster de Mexico","description":"","potentialAction":[{"@type":"SearchAction","target":{"@type":"EntryPoint","urlTemplate":"https:\/\/techmasterdemexico.com\/?s={search_term_string}"},"query-input":{"@type":"PropertyValueSpecification","valueRequired":true,"valueName":"search_term_string"}}],"inLanguage":"en-US"}]}},"brands":[{"id":31,"name":"Fluke","slug":"fluke"}],"_links":{"self":[{"href":"https:\/\/techmasterdemexico.com\/en\/wp-json\/wp\/v2\/product\/451","targetHints":{"allow":["GET"]}}],"collection":[{"href":"https:\/\/techmasterdemexico.com\/en\/wp-json\/wp\/v2\/product"}],"about":[{"href":"https:\/\/techmasterdemexico.com\/en\/wp-json\/wp\/v2\/types\/product"}],"wp:featuredmedia":[{"embeddable":true,"href":"https:\/\/techmasterdemexico.com\/en\/wp-json\/wp\/v2\/media\/7295"}],"wp:attachment":[{"href":"https:\/\/techmasterdemexico.com\/en\/wp-json\/wp\/v2\/media?parent=451"}],"wp:term":[{"taxonomy":"pwb-brand","embeddable":true,"href":"https:\/\/techmasterdemexico.com\/en\/wp-json\/wp\/v2\/pwb-brand?post=451"},{"taxonomy":"product_brand","embeddable":true,"href":"https:\/\/techmasterdemexico.com\/en\/wp-json\/wp\/v2\/product_brand?post=451"},{"taxonomy":"product_cat","embeddable":true,"href":"https:\/\/techmasterdemexico.com\/en\/wp-json\/wp\/v2\/product_cat?post=451"},{"taxonomy":"product_tag","embeddable":true,"href":"https:\/\/techmasterdemexico.com\/en\/wp-json\/wp\/v2\/product_tag?post=451"}],"curies":[{"name":"wp","href":"https:\/\/api.w.org\/{rel}","templated":true}]}}