{"id":450,"date":"2020-07-21T18:26:06","date_gmt":"2020-07-22T01:26:06","guid":{"rendered":"http:\/\/localhost\/techmaster-mexico\/producto\/termometro-ir-fluke-62-max-2\/"},"modified":"2025-06-26T12:46:47","modified_gmt":"2025-06-26T19:46:47","slug":"termometro-ir-fluke-62-max-2","status":"publish","type":"product","link":"https:\/\/techmasterdemexico.com\/en\/producto\/termometro-ir-fluke-62-max-2\/","title":{"rendered":"Term\u00f3metro IR Fluke 62 MAX+"},"content":{"rendered":"<p>Term\u00f3metro IR Fluke 62 MAX+<\/p>\n<p>Peque\u00f1os en tama\u00f1o. Grandes en resistencia<\/p>\n<p>Los term\u00f3metros IR Fluke 62 MAX y 62 MAX+ son todo lo que podr\u00eda esperar de los expertos en medici\u00f3n de temperatura de transformadores, motores, bombas, paneles, disyuntores, compresores, conductos, tuber\u00edas de vapor y v\u00e1lvulas en zonas de dif\u00edcil acceso para llevar a cabo reparaciones y labores de mantenimiento. Peque\u00f1o en tama\u00f1o, extremadamente preciso y f\u00e1ciles de usar. Clasificaci\u00f3n IP54 a prueba de polvo y agua. Preciso y lo suficientemente resistente para soportar una ca\u00edda de hasta 3 metros de altura.<\/p>","protected":false},"excerpt":{"rendered":"<p>&nbsp;<\/p>\n<ul>\n<li>El term\u00f3metro Fluke 62 MAX permite medir temperaturas de -30 \u00b0C a 500 \u00b0C (-22 \u00b0F a 932 \u00b0F) y el term\u00f3metro Fluke 62 MAX+ mide temperaturas de -30 \u00b0C a 650 \u00b0C (-22 \u00b0F a 1202 \u00b0F).<\/li>\n<li>Extremadamente precisos: hasta +1.0 \u00b0C o +1.0 % del alcance (Fluke 62 MAX+)La clasificaci\u00f3n IP54 de resistencia al agua y al polvo le permite trabajar bajo cualquier condici\u00f3n climatol\u00f3gica e incluso en las zonas industriales m\u00e1s sucias o polvorientas.<\/li>\n<li>Suficientemente resistentes como para aguantar ca\u00eddas de hasta 3 m. Ya no tendr\u00e1 que preocuparse incluso si tiene que trabajar subido a una escalera.<\/li>\n<li>Peque\u00f1os y ligeros, adem\u00e1s cuentan con una pinza que se adapta perfectamente al cintur\u00f3n y cabe sin problemas en su caja de herramientas.<\/li>\n<li>Hasta una distancia a punto de 12:1 (Fluke 62 MAX+): tecnolog\u00eda l\u00e1ser precisa para realizar mediciones m\u00e1s exactas y repetibles.<\/li>\n<li>Doble l\u00e1ser: el term\u00f3metro 62 MAX+ dispone de dos l\u00e1seres que le ayudan a identificar la zona que desea medir.<\/li>\n<li>Gran pantalla con retroiluminaci\u00f3n: la pantalla de gran tama\u00f1o facilita la lectura de los datos, incluso en zonas oscuras.<\/li>\n<li>Valores Min\/Max\/Avg\/Dif (M\u00edn.\/M\u00e1x.\/Prom.\/Dif.): muestra los valores de temperatura m\u00e1ximos o m\u00ednimos, as\u00ed como la media o la diferencia entre dos medidas.<\/li>\n<li>Alarma: alarma &#8220;Hi&#8221; y &#8220;Lo&#8221; para una visualizaci\u00f3n r\u00e1pida de las medidas que est\u00e1n fuera de los l\u00edmites.<\/li>\n<li>Alimentaci\u00f3n: tanto el 62 MAX como el 62 MAX+ se alimentan con una \u00fanica bater\u00eda AA est\u00e1ndar.<\/li>\n<li>3 a\u00f1os de garant\u00eda<\/li>\n<\/ul>\n<ul>\n<li>El term\u00f3metro Fluke 62 MAX permite medir temperaturas de -30 \u00b0C a 500 \u00b0C (-22 \u00b0F a 932 \u00b0F) y el term\u00f3metro Fluke 62 MAX+ mide temperaturas de -30 \u00b0C a 650 \u00b0C (-22 \u00b0F a 1202 \u00b0F).<\/li>\n<li>Extremadamente precisos: hasta +1.0 \u00b0C o +1.0 % del alcance (Fluke 62 MAX+)La clasificaci\u00f3n IP54 de resistencia al agua y al polvo le permite trabajar bajo cualquier condici\u00f3n climatol\u00f3gica e incluso en las zonas industriales m\u00e1s sucias o polvorientas.<\/li>\n<li>Suficientemente resistentes como para aguantar ca\u00eddas de hasta 3 m. Ya no tendr\u00e1 que preocuparse incluso si tiene que trabajar subido a una escalera.<\/li>\n<li>Peque\u00f1os y ligeros, adem\u00e1s cuentan con una pinza que se adapta perfectamente al cintur\u00f3n y cabe sin problemas en su caja de herramientas.<\/li>\n<li>Hasta una distancia a punto de 12:1 (Fluke 62 MAX+): tecnolog\u00eda l\u00e1ser precisa para realizar mediciones m\u00e1s exactas y repetibles.<\/li>\n<li>Doble l\u00e1ser: el term\u00f3metro 62 MAX+ dispone de dos l\u00e1seres que le ayudan a identificar la zona que desea medir.<\/li>\n<li>Gran pantalla con retroiluminaci\u00f3n: la pantalla de gran tama\u00f1o facilita la lectura de los datos, incluso en zonas oscuras.<\/li>\n<li>Valores Min\/Max\/Avg\/Dif (M\u00edn.\/M\u00e1x.\/Prom.\/Dif.): muestra los valores de temperatura m\u00e1ximos o m\u00ednimos, as\u00ed como la media o la diferencia entre dos medidas.<\/li>\n<li>Alarma: alarma &#8220;Hi&#8221; y &#8220;Lo&#8221; para una visualizaci\u00f3n r\u00e1pida de las medidas que est\u00e1n fuera de los l\u00edmites.<\/li>\n<li>Alimentaci\u00f3n: tanto el 62 MAX como el 62 MAX+ se alimentan con una \u00fanica bater\u00eda AA est\u00e1ndar.<\/li>\n<li>3 a\u00f1os de garant\u00eda<\/li>\n<\/ul>\n","protected":false},"featured_media":20532,"template":"","meta":{"_acf_changed":false},"pwb-brand":[31],"product_brand":[],"product_cat":[366,30,51],"product_tag":[],"class_list":{"0":"post-450","1":"product","2":"type-product","3":"status-publish","4":"has-post-thumbnail","6":"pwb-brand-fluke","7":"product_cat-todos-los-productos","8":"product_cat-fluke","9":"product_cat-termometros-infrarrojos","11":"first","12":"instock","13":"taxable","14":"shipping-taxable","15":"product-type-simple"},"acf":[],"yoast_head":"<!-- This site is optimized with the Yoast SEO plugin v27.4 - https:\/\/yoast.com\/product\/yoast-seo-wordpress\/ -->\n<title>Term\u00f3metro IR Fluke 62 MAX+ - Techmaster de Mexico<\/title>\n<meta name=\"robots\" content=\"index, follow, max-snippet:-1, max-image-preview:large, max-video-preview:-1\" \/>\n<link rel=\"canonical\" href=\"https:\/\/techmasterdemexico.com\/producto\/termometro-ir-fluke-62-max-2\/\" \/>\n<meta property=\"og:locale\" content=\"en_US\" \/>\n<meta property=\"og:type\" content=\"article\" \/>\n<meta property=\"og:title\" content=\"Term\u00f3metro IR Fluke 62 MAX+ - Techmaster de Mexico\" \/>\n<meta property=\"og:description\" content=\"[:es]  El term\u00f3metro Fluke 62 MAX permite medir temperaturas de -30 \u00b0C a 500 \u00b0C (-22 \u00b0F a 932 \u00b0F) y el term\u00f3metro Fluke 62 MAX+ mide temperaturas de -30 \u00b0C a 650 \u00b0C (-22 \u00b0F a 1202 \u00b0F).  Extremadamente precisos: hasta +1.0 \u00b0C o +1.0 % del alcance (Fluke 62 MAX+)La clasificaci\u00f3n IP54 de resistencia al agua y al polvo le permite trabajar bajo cualquier condici\u00f3n climatol\u00f3gica e incluso en las zonas industriales m\u00e1s sucias o polvorientas.  Suficientemente resistentes como para aguantar ca\u00eddas de hasta 3 m. Ya no tendr\u00e1 que preocuparse incluso si tiene que trabajar subido a una escalera.  Peque\u00f1os y ligeros, adem\u00e1s cuentan con una pinza que se adapta perfectamente al cintur\u00f3n y cabe sin problemas en su caja de herramientas.  Hasta una distancia a punto de 12:1 (Fluke 62 MAX+): tecnolog\u00eda l\u00e1ser precisa para realizar mediciones m\u00e1s exactas y repetibles.  Doble l\u00e1ser: el term\u00f3metro 62 MAX+ dispone de dos l\u00e1seres que le ayudan a identificar la zona que desea medir.  Gran pantalla con retroiluminaci\u00f3n: la pantalla de gran tama\u00f1o facilita la lectura de los datos, incluso en zonas oscuras.  Valores Min\/Max\/Avg\/Dif (M\u00edn.\/M\u00e1x.\/Prom.\/Dif.): muestra los valores de temperatura m\u00e1ximos o m\u00ednimos, as\u00ed como la media o la diferencia entre dos medidas.  Alarma: alarma &quot;Hi&quot; y &quot;Lo&quot; para una visualizaci\u00f3n r\u00e1pida de las medidas que est\u00e1n fuera de los l\u00edmites.  Alimentaci\u00f3n: tanto el 62 MAX como el 62 MAX+ se alimentan con una \u00fanica bater\u00eda AA est\u00e1ndar.  3 a\u00f1os de garant\u00eda [:en]&nbsp;   El term\u00f3metro Fluke 62 MAX permite medir temperaturas de -30 \u00b0C a 500 \u00b0C (-22 \u00b0F a 932 \u00b0F) y el term\u00f3metro Fluke 62 MAX+ mide temperaturas de -30 \u00b0C a 650 \u00b0C (-22 \u00b0F a 1202 \u00b0F).  Extremadamente precisos: hasta +1.0 \u00b0C o +1.0 % del alcance (Fluke 62 MAX+)La clasificaci\u00f3n IP54 de resistencia al agua y al polvo le permite trabajar bajo cualquier condici\u00f3n climatol\u00f3gica e incluso en las zonas industriales m\u00e1s sucias o polvorientas.  Suficientemente resistentes como para aguantar ca\u00eddas de hasta 3 m. Ya no tendr\u00e1 que preocuparse incluso si tiene que trabajar subido a una escalera.  Peque\u00f1os y ligeros, adem\u00e1s cuentan con una pinza que se adapta perfectamente al cintur\u00f3n y cabe sin problemas en su caja de herramientas.  Hasta una distancia a punto de 12:1 (Fluke 62 MAX+): tecnolog\u00eda l\u00e1ser precisa para realizar mediciones m\u00e1s exactas y repetibles.  Doble l\u00e1ser: el term\u00f3metro 62 MAX+ dispone de dos l\u00e1seres que le ayudan a identificar la zona que desea medir.  Gran pantalla con retroiluminaci\u00f3n: la pantalla de gran tama\u00f1o facilita la lectura de los datos, incluso en zonas oscuras.  Valores Min\/Max\/Avg\/Dif (M\u00edn.\/M\u00e1x.\/Prom.\/Dif.): muestra los valores de temperatura m\u00e1ximos o m\u00ednimos, as\u00ed como la media o la diferencia entre dos medidas.  Alarma: alarma &quot;Hi&quot; y &quot;Lo&quot; para una visualizaci\u00f3n r\u00e1pida de las medidas que est\u00e1n fuera de los l\u00edmites.  Alimentaci\u00f3n: tanto el 62 MAX como el 62 MAX+ se alimentan con una \u00fanica bater\u00eda AA est\u00e1ndar.  3 a\u00f1os de garant\u00eda    El term\u00f3metro Fluke 62 MAX permite medir temperaturas de -30 \u00b0C a 500 \u00b0C (-22 \u00b0F a 932 \u00b0F) y el term\u00f3metro Fluke 62 MAX+ mide temperaturas de -30 \u00b0C a 650 \u00b0C (-22 \u00b0F a 1202 \u00b0F).  Extremadamente precisos: hasta +1.0 \u00b0C o +1.0 % del alcance (Fluke 62 MAX+)La clasificaci\u00f3n IP54 de resistencia al agua y al polvo le permite trabajar bajo cualquier condici\u00f3n climatol\u00f3gica e incluso en las zonas industriales m\u00e1s sucias o polvorientas.  Suficientemente resistentes como para aguantar ca\u00eddas de hasta 3 m. Ya no tendr\u00e1 que preocuparse incluso si tiene que trabajar subido a una escalera.  Peque\u00f1os y ligeros, adem\u00e1s cuentan con una pinza que se adapta perfectamente al cintur\u00f3n y cabe sin problemas en su caja de herramientas.  Hasta una distancia a punto de 12:1 (Fluke 62 MAX+): tecnolog\u00eda l\u00e1ser precisa para realizar mediciones m\u00e1s exactas y repetibles.  Doble l\u00e1ser: el term\u00f3metro 62 MAX+ dispone de dos l\u00e1seres que le ayudan a identificar la zona que desea medir.  Gran pantalla con retroiluminaci\u00f3n: la pantalla de gran tama\u00f1o facilita la lectura de los datos, incluso en zonas oscuras.  Valores Min\/Max\/Avg\/Dif (M\u00edn.\/M\u00e1x.\/Prom.\/Dif.): muestra los valores de temperatura m\u00e1ximos o m\u00ednimos, as\u00ed como la media o la diferencia entre dos medidas.  Alarma: alarma &quot;Hi&quot; y &quot;Lo&quot; para una visualizaci\u00f3n r\u00e1pida de las medidas que est\u00e1n fuera de los l\u00edmites.  Alimentaci\u00f3n: tanto el 62 MAX como el 62 MAX+ se alimentan con una \u00fanica bater\u00eda AA est\u00e1ndar.  3 a\u00f1os de garant\u00eda [:]\" \/>\n<meta property=\"og:url\" content=\"https:\/\/techmasterdemexico.com\/producto\/termometro-ir-fluke-62-max-2\/\" \/>\n<meta property=\"og:site_name\" content=\"Techmaster de Mexico\" \/>\n<meta property=\"article:modified_time\" content=\"2025-06-26T19:46:47+00:00\" \/>\n<meta property=\"og:image\" content=\"https:\/\/techmasterdemexico.com\/wp-content\/uploads\/Fluke-62MAX.png\" \/>\n\t<meta property=\"og:image:width\" content=\"854\" \/>\n\t<meta property=\"og:image:height\" content=\"854\" \/>\n\t<meta property=\"og:image:type\" content=\"image\/png\" \/>\n<meta name=\"twitter:card\" content=\"summary_large_image\" \/>\n<meta name=\"twitter:label1\" content=\"Est. reading time\" \/>\n\t<meta name=\"twitter:data1\" content=\"1 minute\" \/>\n<script type=\"application\/ld+json\" class=\"yoast-schema-graph\">{\"@context\":\"https:\\\/\\\/schema.org\",\"@graph\":[{\"@type\":\"WebPage\",\"@id\":\"https:\\\/\\\/techmasterdemexico.com\\\/producto\\\/termometro-ir-fluke-62-max-2\\\/\",\"url\":\"https:\\\/\\\/techmasterdemexico.com\\\/producto\\\/termometro-ir-fluke-62-max-2\\\/\",\"name\":\"Term\u00f3metro IR Fluke 62 MAX+ - Techmaster de Mexico\",\"isPartOf\":{\"@id\":\"https:\\\/\\\/techmasterdemexico.com\\\/#website\"},\"primaryImageOfPage\":{\"@id\":\"https:\\\/\\\/techmasterdemexico.com\\\/producto\\\/termometro-ir-fluke-62-max-2\\\/#primaryimage\"},\"image\":{\"@id\":\"https:\\\/\\\/techmasterdemexico.com\\\/producto\\\/termometro-ir-fluke-62-max-2\\\/#primaryimage\"},\"thumbnailUrl\":\"https:\\\/\\\/techmasterdemexico.com\\\/wp-content\\\/uploads\\\/Fluke-62MAX.png\",\"datePublished\":\"2020-07-22T01:26:06+00:00\",\"dateModified\":\"2025-06-26T19:46:47+00:00\",\"breadcrumb\":{\"@id\":\"https:\\\/\\\/techmasterdemexico.com\\\/producto\\\/termometro-ir-fluke-62-max-2\\\/#breadcrumb\"},\"inLanguage\":\"en-US\",\"potentialAction\":[{\"@type\":\"ReadAction\",\"target\":[\"https:\\\/\\\/techmasterdemexico.com\\\/producto\\\/termometro-ir-fluke-62-max-2\\\/\"]}]},{\"@type\":\"ImageObject\",\"inLanguage\":\"en-US\",\"@id\":\"https:\\\/\\\/techmasterdemexico.com\\\/producto\\\/termometro-ir-fluke-62-max-2\\\/#primaryimage\",\"url\":\"https:\\\/\\\/techmasterdemexico.com\\\/wp-content\\\/uploads\\\/Fluke-62MAX.png\",\"contentUrl\":\"https:\\\/\\\/techmasterdemexico.com\\\/wp-content\\\/uploads\\\/Fluke-62MAX.png\",\"width\":854,\"height\":854},{\"@type\":\"BreadcrumbList\",\"@id\":\"https:\\\/\\\/techmasterdemexico.com\\\/producto\\\/termometro-ir-fluke-62-max-2\\\/#breadcrumb\",\"itemListElement\":[{\"@type\":\"ListItem\",\"position\":1,\"name\":\"Portada\",\"item\":\"https:\\\/\\\/techmasterdemexico.com\\\/\"},{\"@type\":\"ListItem\",\"position\":2,\"name\":\"Term\u00f3metro IR Fluke 62 MAX+\"}]},{\"@type\":\"WebSite\",\"@id\":\"https:\\\/\\\/techmasterdemexico.com\\\/#website\",\"url\":\"https:\\\/\\\/techmasterdemexico.com\\\/\",\"name\":\"Techmaster de Mexico\",\"description\":\"\",\"potentialAction\":[{\"@type\":\"SearchAction\",\"target\":{\"@type\":\"EntryPoint\",\"urlTemplate\":\"https:\\\/\\\/techmasterdemexico.com\\\/?s={search_term_string}\"},\"query-input\":{\"@type\":\"PropertyValueSpecification\",\"valueRequired\":true,\"valueName\":\"search_term_string\"}}],\"inLanguage\":\"en-US\"}]}<\/script>\n<!-- \/ Yoast SEO plugin. -->","yoast_head_json":{"title":"Term\u00f3metro IR Fluke 62 MAX+ - Techmaster de Mexico","robots":{"index":"index","follow":"follow","max-snippet":"max-snippet:-1","max-image-preview":"max-image-preview:large","max-video-preview":"max-video-preview:-1"},"canonical":"https:\/\/techmasterdemexico.com\/producto\/termometro-ir-fluke-62-max-2\/","og_locale":"en_US","og_type":"article","og_title":"Term\u00f3metro IR Fluke 62 MAX+ - Techmaster de Mexico","og_description":"[:es]  El term\u00f3metro Fluke 62 MAX permite medir temperaturas de -30 \u00b0C a 500 \u00b0C (-22 \u00b0F a 932 \u00b0F) y el term\u00f3metro Fluke 62 MAX+ mide temperaturas de -30 \u00b0C a 650 \u00b0C (-22 \u00b0F a 1202 \u00b0F).  Extremadamente precisos: hasta +1.0 \u00b0C o +1.0 % del alcance (Fluke 62 MAX+)La clasificaci\u00f3n IP54 de resistencia al agua y al polvo le permite trabajar bajo cualquier condici\u00f3n climatol\u00f3gica e incluso en las zonas industriales m\u00e1s sucias o polvorientas.  Suficientemente resistentes como para aguantar ca\u00eddas de hasta 3 m. Ya no tendr\u00e1 que preocuparse incluso si tiene que trabajar subido a una escalera.  Peque\u00f1os y ligeros, adem\u00e1s cuentan con una pinza que se adapta perfectamente al cintur\u00f3n y cabe sin problemas en su caja de herramientas.  Hasta una distancia a punto de 12:1 (Fluke 62 MAX+): tecnolog\u00eda l\u00e1ser precisa para realizar mediciones m\u00e1s exactas y repetibles.  Doble l\u00e1ser: el term\u00f3metro 62 MAX+ dispone de dos l\u00e1seres que le ayudan a identificar la zona que desea medir.  Gran pantalla con retroiluminaci\u00f3n: la pantalla de gran tama\u00f1o facilita la lectura de los datos, incluso en zonas oscuras.  Valores Min\/Max\/Avg\/Dif (M\u00edn.\/M\u00e1x.\/Prom.\/Dif.): muestra los valores de temperatura m\u00e1ximos o m\u00ednimos, as\u00ed como la media o la diferencia entre dos medidas.  Alarma: alarma \"Hi\" y \"Lo\" para una visualizaci\u00f3n r\u00e1pida de las medidas que est\u00e1n fuera de los l\u00edmites.  Alimentaci\u00f3n: tanto el 62 MAX como el 62 MAX+ se alimentan con una \u00fanica bater\u00eda AA est\u00e1ndar.  3 a\u00f1os de garant\u00eda [:en]&nbsp;   El term\u00f3metro Fluke 62 MAX permite medir temperaturas de -30 \u00b0C a 500 \u00b0C (-22 \u00b0F a 932 \u00b0F) y el term\u00f3metro Fluke 62 MAX+ mide temperaturas de -30 \u00b0C a 650 \u00b0C (-22 \u00b0F a 1202 \u00b0F).  Extremadamente precisos: hasta +1.0 \u00b0C o +1.0 % del alcance (Fluke 62 MAX+)La clasificaci\u00f3n IP54 de resistencia al agua y al polvo le permite trabajar bajo cualquier condici\u00f3n climatol\u00f3gica e incluso en las zonas industriales m\u00e1s sucias o polvorientas.  Suficientemente resistentes como para aguantar ca\u00eddas de hasta 3 m. Ya no tendr\u00e1 que preocuparse incluso si tiene que trabajar subido a una escalera.  Peque\u00f1os y ligeros, adem\u00e1s cuentan con una pinza que se adapta perfectamente al cintur\u00f3n y cabe sin problemas en su caja de herramientas.  Hasta una distancia a punto de 12:1 (Fluke 62 MAX+): tecnolog\u00eda l\u00e1ser precisa para realizar mediciones m\u00e1s exactas y repetibles.  Doble l\u00e1ser: el term\u00f3metro 62 MAX+ dispone de dos l\u00e1seres que le ayudan a identificar la zona que desea medir.  Gran pantalla con retroiluminaci\u00f3n: la pantalla de gran tama\u00f1o facilita la lectura de los datos, incluso en zonas oscuras.  Valores Min\/Max\/Avg\/Dif (M\u00edn.\/M\u00e1x.\/Prom.\/Dif.): muestra los valores de temperatura m\u00e1ximos o m\u00ednimos, as\u00ed como la media o la diferencia entre dos medidas.  Alarma: alarma \"Hi\" y \"Lo\" para una visualizaci\u00f3n r\u00e1pida de las medidas que est\u00e1n fuera de los l\u00edmites.  Alimentaci\u00f3n: tanto el 62 MAX como el 62 MAX+ se alimentan con una \u00fanica bater\u00eda AA est\u00e1ndar.  3 a\u00f1os de garant\u00eda    El term\u00f3metro Fluke 62 MAX permite medir temperaturas de -30 \u00b0C a 500 \u00b0C (-22 \u00b0F a 932 \u00b0F) y el term\u00f3metro Fluke 62 MAX+ mide temperaturas de -30 \u00b0C a 650 \u00b0C (-22 \u00b0F a 1202 \u00b0F).  Extremadamente precisos: hasta +1.0 \u00b0C o +1.0 % del alcance (Fluke 62 MAX+)La clasificaci\u00f3n IP54 de resistencia al agua y al polvo le permite trabajar bajo cualquier condici\u00f3n climatol\u00f3gica e incluso en las zonas industriales m\u00e1s sucias o polvorientas.  Suficientemente resistentes como para aguantar ca\u00eddas de hasta 3 m. Ya no tendr\u00e1 que preocuparse incluso si tiene que trabajar subido a una escalera.  Peque\u00f1os y ligeros, adem\u00e1s cuentan con una pinza que se adapta perfectamente al cintur\u00f3n y cabe sin problemas en su caja de herramientas.  Hasta una distancia a punto de 12:1 (Fluke 62 MAX+): tecnolog\u00eda l\u00e1ser precisa para realizar mediciones m\u00e1s exactas y repetibles.  Doble l\u00e1ser: el term\u00f3metro 62 MAX+ dispone de dos l\u00e1seres que le ayudan a identificar la zona que desea medir.  Gran pantalla con retroiluminaci\u00f3n: la pantalla de gran tama\u00f1o facilita la lectura de los datos, incluso en zonas oscuras.  Valores Min\/Max\/Avg\/Dif (M\u00edn.\/M\u00e1x.\/Prom.\/Dif.): muestra los valores de temperatura m\u00e1ximos o m\u00ednimos, as\u00ed como la media o la diferencia entre dos medidas.  Alarma: alarma \"Hi\" y \"Lo\" para una visualizaci\u00f3n r\u00e1pida de las medidas que est\u00e1n fuera de los l\u00edmites.  Alimentaci\u00f3n: tanto el 62 MAX como el 62 MAX+ se alimentan con una \u00fanica bater\u00eda AA est\u00e1ndar.  3 a\u00f1os de garant\u00eda [:]","og_url":"https:\/\/techmasterdemexico.com\/producto\/termometro-ir-fluke-62-max-2\/","og_site_name":"Techmaster de Mexico","article_modified_time":"2025-06-26T19:46:47+00:00","og_image":[{"width":854,"height":854,"url":"https:\/\/techmasterdemexico.com\/wp-content\/uploads\/Fluke-62MAX.png","type":"image\/png"}],"twitter_card":"summary_large_image","twitter_misc":{"Est. reading time":"1 minute"},"schema":{"@context":"https:\/\/schema.org","@graph":[{"@type":"WebPage","@id":"https:\/\/techmasterdemexico.com\/producto\/termometro-ir-fluke-62-max-2\/","url":"https:\/\/techmasterdemexico.com\/producto\/termometro-ir-fluke-62-max-2\/","name":"Term\u00f3metro IR Fluke 62 MAX+ - Techmaster de Mexico","isPartOf":{"@id":"https:\/\/techmasterdemexico.com\/#website"},"primaryImageOfPage":{"@id":"https:\/\/techmasterdemexico.com\/producto\/termometro-ir-fluke-62-max-2\/#primaryimage"},"image":{"@id":"https:\/\/techmasterdemexico.com\/producto\/termometro-ir-fluke-62-max-2\/#primaryimage"},"thumbnailUrl":"https:\/\/techmasterdemexico.com\/wp-content\/uploads\/Fluke-62MAX.png","datePublished":"2020-07-22T01:26:06+00:00","dateModified":"2025-06-26T19:46:47+00:00","breadcrumb":{"@id":"https:\/\/techmasterdemexico.com\/producto\/termometro-ir-fluke-62-max-2\/#breadcrumb"},"inLanguage":"en-US","potentialAction":[{"@type":"ReadAction","target":["https:\/\/techmasterdemexico.com\/producto\/termometro-ir-fluke-62-max-2\/"]}]},{"@type":"ImageObject","inLanguage":"en-US","@id":"https:\/\/techmasterdemexico.com\/producto\/termometro-ir-fluke-62-max-2\/#primaryimage","url":"https:\/\/techmasterdemexico.com\/wp-content\/uploads\/Fluke-62MAX.png","contentUrl":"https:\/\/techmasterdemexico.com\/wp-content\/uploads\/Fluke-62MAX.png","width":854,"height":854},{"@type":"BreadcrumbList","@id":"https:\/\/techmasterdemexico.com\/producto\/termometro-ir-fluke-62-max-2\/#breadcrumb","itemListElement":[{"@type":"ListItem","position":1,"name":"Portada","item":"https:\/\/techmasterdemexico.com\/"},{"@type":"ListItem","position":2,"name":"Term\u00f3metro IR Fluke 62 MAX+"}]},{"@type":"WebSite","@id":"https:\/\/techmasterdemexico.com\/#website","url":"https:\/\/techmasterdemexico.com\/","name":"Techmaster de Mexico","description":"","potentialAction":[{"@type":"SearchAction","target":{"@type":"EntryPoint","urlTemplate":"https:\/\/techmasterdemexico.com\/?s={search_term_string}"},"query-input":{"@type":"PropertyValueSpecification","valueRequired":true,"valueName":"search_term_string"}}],"inLanguage":"en-US"}]}},"brands":[{"id":31,"name":"Fluke","slug":"fluke"}],"_links":{"self":[{"href":"https:\/\/techmasterdemexico.com\/en\/wp-json\/wp\/v2\/product\/450","targetHints":{"allow":["GET"]}}],"collection":[{"href":"https:\/\/techmasterdemexico.com\/en\/wp-json\/wp\/v2\/product"}],"about":[{"href":"https:\/\/techmasterdemexico.com\/en\/wp-json\/wp\/v2\/types\/product"}],"wp:featuredmedia":[{"embeddable":true,"href":"https:\/\/techmasterdemexico.com\/en\/wp-json\/wp\/v2\/media\/20532"}],"wp:attachment":[{"href":"https:\/\/techmasterdemexico.com\/en\/wp-json\/wp\/v2\/media?parent=450"}],"wp:term":[{"taxonomy":"pwb-brand","embeddable":true,"href":"https:\/\/techmasterdemexico.com\/en\/wp-json\/wp\/v2\/pwb-brand?post=450"},{"taxonomy":"product_brand","embeddable":true,"href":"https:\/\/techmasterdemexico.com\/en\/wp-json\/wp\/v2\/product_brand?post=450"},{"taxonomy":"product_cat","embeddable":true,"href":"https:\/\/techmasterdemexico.com\/en\/wp-json\/wp\/v2\/product_cat?post=450"},{"taxonomy":"product_tag","embeddable":true,"href":"https:\/\/techmasterdemexico.com\/en\/wp-json\/wp\/v2\/product_tag?post=450"}],"curies":[{"name":"wp","href":"https:\/\/api.w.org\/{rel}","templated":true}]}}