{"id":448,"date":"2020-07-21T18:26:06","date_gmt":"2020-07-22T01:26:06","guid":{"rendered":"http:\/\/localhost\/techmaster-mexico\/producto\/termometro-digital-de-doble-entrada-fluke-52-ii\/"},"modified":"2025-06-26T12:46:11","modified_gmt":"2025-06-26T19:46:11","slug":"termometro-digital-de-doble-entrada-fluke-52-ii","status":"publish","type":"product","link":"https:\/\/techmasterdemexico.com\/en\/producto\/termometro-digital-de-doble-entrada-fluke-52-ii\/","title":{"rendered":"Term\u00f3metro digital de doble entrada Fluke 52 II"},"content":{"rendered":"<p>Term\u00f3metro digital de doble entrada Fluke 52 II<\/p>\n<p>Precisi\u00f3n de laboratorio. Est\u00e9 donde est\u00e9<\/p>\n<p>Los term\u00f3metros de contacto de la serie II de Fluke 50 ofrecen una respuesta r\u00e1pida y una precisi\u00f3n de laboratorio (0.05 % + 0.3 \u00b0C). Todo ello, en una herramienta resistente y port\u00e1til. Tome la temperatura de contacto para comprobar motores, equipos de aislamiento, disyuntores, tuber\u00edas, conexiones defectuosas, l\u00edquidos y cables con un est\u00e1ndar industrial de termopar tipo J, K, T, E, N, R y S (sensores de temperatura).<\/p>\n","protected":false},"excerpt":{"rendered":"<h4><\/h4>\n<ul>\n<li>El reloj de tiempo relativo para MIN, MAX y AVG proporciona una referencia de tiempo de las principales eventos.<\/li>\n<li>La funci\u00f3n de desviaci\u00f3n electr\u00f3nica permite compensar los errores de termopares para conseguir la m\u00e1xima precisi\u00f3n global.<\/li>\n<li>Mide termopares tipo J, K, T y E.<\/li>\n<li>Lectura en \u00b0C, \u00b0F o Kelvin (K)<\/li>\n<li>Resistente carcasa impermeable y herm\u00e9tica protegida por una funda a prueba de impactos.<\/li>\n<li>Panel delantero de f\u00e1cil lectura, configuraci\u00f3n y funcionamiento.<\/li>\n<li>El modo de espera permite prolongar la vida \u00fatil de la bater\u00eda; vida \u00fatil en condiciones de funcionamiento normales: 1000 horas.<\/li>\n<li>La puerta del compartimento de bater\u00eda permite el cambio de la misma sin necesidad de romper el sello de calibraci\u00f3n.<\/li>\n<li>El accesorio opcional ToolPak permite colgar el term\u00f3metro de cualquier objeto met\u00e1lico (con el im\u00e1n de tierras raras) o fijarlo a una tuber\u00eda (con las correas de gancho y lazo) para un funcionamiento a manos libres.<\/li>\n<li>3 a\u00f1os de garant\u00eda<\/li>\n<\/ul>\n","protected":false},"featured_media":20528,"template":"","meta":{"_acf_changed":false},"pwb-brand":[31],"product_brand":[],"product_cat":[366,30,51],"product_tag":[],"class_list":{"0":"post-448","1":"product","2":"type-product","3":"status-publish","4":"has-post-thumbnail","6":"pwb-brand-fluke","7":"product_cat-todos-los-productos","8":"product_cat-fluke","9":"product_cat-termometros-infrarrojos","11":"first","12":"instock","13":"taxable","14":"shipping-taxable","15":"product-type-simple"},"acf":[],"yoast_head":"<!-- This site is optimized with the Yoast SEO plugin v27.4 - https:\/\/yoast.com\/product\/yoast-seo-wordpress\/ -->\n<title>Term\u00f3metro digital de doble entrada Fluke 52 II - Techmaster de Mexico<\/title>\n<meta name=\"robots\" content=\"index, follow, max-snippet:-1, max-image-preview:large, max-video-preview:-1\" \/>\n<link rel=\"canonical\" href=\"https:\/\/techmasterdemexico.com\/producto\/termometro-digital-de-doble-entrada-fluke-52-ii\/\" \/>\n<meta property=\"og:locale\" content=\"en_US\" \/>\n<meta property=\"og:type\" content=\"article\" \/>\n<meta property=\"og:title\" content=\"Term\u00f3metro digital de doble entrada Fluke 52 II - Techmaster de Mexico\" \/>\n<meta property=\"og:description\" content=\"[:es]       El reloj de tiempo relativo para MIN, MAX y AVG proporciona una referencia de tiempo de las principales eventos.    La funci\u00f3n de desviaci\u00f3n electr\u00f3nica permite compensar los errores de termopares para conseguir la m\u00e1xima precisi\u00f3n global.    Mide termopares tipo J, K, T y E.    Lectura en \u00b0C, \u00b0F o Kelvin (K)    Resistente carcasa impermeable y herm\u00e9tica protegida por una funda a prueba de impactos.    Panel delantero de f\u00e1cil lectura, configuraci\u00f3n y funcionamiento.    El modo de espera permite prolongar la vida \u00fatil de la bater\u00eda; vida \u00fatil en condiciones de funcionamiento normales: 1000 horas.    La puerta del compartimento de bater\u00eda permite el cambio de la misma sin necesidad de romper el sello de calibraci\u00f3n.    El accesorio opcional ToolPak permite colgar el term\u00f3metro de cualquier objeto met\u00e1lico (con el im\u00e1n de tierras raras) o fijarlo a una tuber\u00eda (con las correas de gancho y lazo) para un funcionamiento a manos libres.    3 a\u00f1os de garant\u00eda   [:en]       El reloj de tiempo relativo para MIN, MAX y AVG proporciona una referencia de tiempo de las principales eventos.    La funci\u00f3n de desviaci\u00f3n electr\u00f3nica permite compensar los errores de termopares para conseguir la m\u00e1xima precisi\u00f3n global.    Mide termopares tipo J, K, T y E.    Lectura en \u00b0C, \u00b0F o Kelvin (K)    Resistente carcasa impermeable y herm\u00e9tica protegida por una funda a prueba de impactos.    Panel delantero de f\u00e1cil lectura, configuraci\u00f3n y funcionamiento.    El modo de espera permite prolongar la vida \u00fatil de la bater\u00eda; vida \u00fatil en condiciones de funcionamiento normales: 1000 horas.    La puerta del compartimento de bater\u00eda permite el cambio de la misma sin necesidad de romper el sello de calibraci\u00f3n.    El accesorio opcional ToolPak permite colgar el term\u00f3metro de cualquier objeto met\u00e1lico (con el im\u00e1n de tierras raras) o fijarlo a una tuber\u00eda (con las correas de gancho y lazo) para un funcionamiento a manos libres.    3 a\u00f1os de garant\u00eda   [:]\" \/>\n<meta property=\"og:url\" content=\"https:\/\/techmasterdemexico.com\/producto\/termometro-digital-de-doble-entrada-fluke-52-ii\/\" \/>\n<meta property=\"og:site_name\" content=\"Techmaster de Mexico\" \/>\n<meta property=\"article:modified_time\" content=\"2025-06-26T19:46:11+00:00\" \/>\n<meta property=\"og:image\" content=\"https:\/\/techmasterdemexico.com\/wp-content\/uploads\/Fluke-52-II.png\" \/>\n\t<meta property=\"og:image:width\" content=\"854\" \/>\n\t<meta property=\"og:image:height\" content=\"854\" \/>\n\t<meta property=\"og:image:type\" content=\"image\/png\" \/>\n<meta name=\"twitter:card\" content=\"summary_large_image\" \/>\n<script type=\"application\/ld+json\" class=\"yoast-schema-graph\">{\"@context\":\"https:\\\/\\\/schema.org\",\"@graph\":[{\"@type\":\"WebPage\",\"@id\":\"https:\\\/\\\/techmasterdemexico.com\\\/producto\\\/termometro-digital-de-doble-entrada-fluke-52-ii\\\/\",\"url\":\"https:\\\/\\\/techmasterdemexico.com\\\/producto\\\/termometro-digital-de-doble-entrada-fluke-52-ii\\\/\",\"name\":\"Term\u00f3metro digital de doble entrada Fluke 52 II - Techmaster de Mexico\",\"isPartOf\":{\"@id\":\"https:\\\/\\\/techmasterdemexico.com\\\/#website\"},\"primaryImageOfPage\":{\"@id\":\"https:\\\/\\\/techmasterdemexico.com\\\/producto\\\/termometro-digital-de-doble-entrada-fluke-52-ii\\\/#primaryimage\"},\"image\":{\"@id\":\"https:\\\/\\\/techmasterdemexico.com\\\/producto\\\/termometro-digital-de-doble-entrada-fluke-52-ii\\\/#primaryimage\"},\"thumbnailUrl\":\"https:\\\/\\\/techmasterdemexico.com\\\/wp-content\\\/uploads\\\/Fluke-52-II.png\",\"datePublished\":\"2020-07-22T01:26:06+00:00\",\"dateModified\":\"2025-06-26T19:46:11+00:00\",\"breadcrumb\":{\"@id\":\"https:\\\/\\\/techmasterdemexico.com\\\/producto\\\/termometro-digital-de-doble-entrada-fluke-52-ii\\\/#breadcrumb\"},\"inLanguage\":\"en-US\",\"potentialAction\":[{\"@type\":\"ReadAction\",\"target\":[\"https:\\\/\\\/techmasterdemexico.com\\\/producto\\\/termometro-digital-de-doble-entrada-fluke-52-ii\\\/\"]}]},{\"@type\":\"ImageObject\",\"inLanguage\":\"en-US\",\"@id\":\"https:\\\/\\\/techmasterdemexico.com\\\/producto\\\/termometro-digital-de-doble-entrada-fluke-52-ii\\\/#primaryimage\",\"url\":\"https:\\\/\\\/techmasterdemexico.com\\\/wp-content\\\/uploads\\\/Fluke-52-II.png\",\"contentUrl\":\"https:\\\/\\\/techmasterdemexico.com\\\/wp-content\\\/uploads\\\/Fluke-52-II.png\",\"width\":854,\"height\":854},{\"@type\":\"BreadcrumbList\",\"@id\":\"https:\\\/\\\/techmasterdemexico.com\\\/producto\\\/termometro-digital-de-doble-entrada-fluke-52-ii\\\/#breadcrumb\",\"itemListElement\":[{\"@type\":\"ListItem\",\"position\":1,\"name\":\"Portada\",\"item\":\"https:\\\/\\\/techmasterdemexico.com\\\/\"},{\"@type\":\"ListItem\",\"position\":2,\"name\":\"Term\u00f3metro digital de doble entrada Fluke 52 II\"}]},{\"@type\":\"WebSite\",\"@id\":\"https:\\\/\\\/techmasterdemexico.com\\\/#website\",\"url\":\"https:\\\/\\\/techmasterdemexico.com\\\/\",\"name\":\"Techmaster de Mexico\",\"description\":\"\",\"potentialAction\":[{\"@type\":\"SearchAction\",\"target\":{\"@type\":\"EntryPoint\",\"urlTemplate\":\"https:\\\/\\\/techmasterdemexico.com\\\/?s={search_term_string}\"},\"query-input\":{\"@type\":\"PropertyValueSpecification\",\"valueRequired\":true,\"valueName\":\"search_term_string\"}}],\"inLanguage\":\"en-US\"}]}<\/script>\n<!-- \/ Yoast SEO plugin. -->","yoast_head_json":{"title":"Term\u00f3metro digital de doble entrada Fluke 52 II - Techmaster de Mexico","robots":{"index":"index","follow":"follow","max-snippet":"max-snippet:-1","max-image-preview":"max-image-preview:large","max-video-preview":"max-video-preview:-1"},"canonical":"https:\/\/techmasterdemexico.com\/producto\/termometro-digital-de-doble-entrada-fluke-52-ii\/","og_locale":"en_US","og_type":"article","og_title":"Term\u00f3metro digital de doble entrada Fluke 52 II - Techmaster de Mexico","og_description":"[:es]       El reloj de tiempo relativo para MIN, MAX y AVG proporciona una referencia de tiempo de las principales eventos.    La funci\u00f3n de desviaci\u00f3n electr\u00f3nica permite compensar los errores de termopares para conseguir la m\u00e1xima precisi\u00f3n global.    Mide termopares tipo J, K, T y E.    Lectura en \u00b0C, \u00b0F o Kelvin (K)    Resistente carcasa impermeable y herm\u00e9tica protegida por una funda a prueba de impactos.    Panel delantero de f\u00e1cil lectura, configuraci\u00f3n y funcionamiento.    El modo de espera permite prolongar la vida \u00fatil de la bater\u00eda; vida \u00fatil en condiciones de funcionamiento normales: 1000 horas.    La puerta del compartimento de bater\u00eda permite el cambio de la misma sin necesidad de romper el sello de calibraci\u00f3n.    El accesorio opcional ToolPak permite colgar el term\u00f3metro de cualquier objeto met\u00e1lico (con el im\u00e1n de tierras raras) o fijarlo a una tuber\u00eda (con las correas de gancho y lazo) para un funcionamiento a manos libres.    3 a\u00f1os de garant\u00eda   [:en]       El reloj de tiempo relativo para MIN, MAX y AVG proporciona una referencia de tiempo de las principales eventos.    La funci\u00f3n de desviaci\u00f3n electr\u00f3nica permite compensar los errores de termopares para conseguir la m\u00e1xima precisi\u00f3n global.    Mide termopares tipo J, K, T y E.    Lectura en \u00b0C, \u00b0F o Kelvin (K)    Resistente carcasa impermeable y herm\u00e9tica protegida por una funda a prueba de impactos.    Panel delantero de f\u00e1cil lectura, configuraci\u00f3n y funcionamiento.    El modo de espera permite prolongar la vida \u00fatil de la bater\u00eda; vida \u00fatil en condiciones de funcionamiento normales: 1000 horas.    La puerta del compartimento de bater\u00eda permite el cambio de la misma sin necesidad de romper el sello de calibraci\u00f3n.    El accesorio opcional ToolPak permite colgar el term\u00f3metro de cualquier objeto met\u00e1lico (con el im\u00e1n de tierras raras) o fijarlo a una tuber\u00eda (con las correas de gancho y lazo) para un funcionamiento a manos libres.    3 a\u00f1os de garant\u00eda   [:]","og_url":"https:\/\/techmasterdemexico.com\/producto\/termometro-digital-de-doble-entrada-fluke-52-ii\/","og_site_name":"Techmaster de Mexico","article_modified_time":"2025-06-26T19:46:11+00:00","og_image":[{"width":854,"height":854,"url":"https:\/\/techmasterdemexico.com\/wp-content\/uploads\/Fluke-52-II.png","type":"image\/png"}],"twitter_card":"summary_large_image","schema":{"@context":"https:\/\/schema.org","@graph":[{"@type":"WebPage","@id":"https:\/\/techmasterdemexico.com\/producto\/termometro-digital-de-doble-entrada-fluke-52-ii\/","url":"https:\/\/techmasterdemexico.com\/producto\/termometro-digital-de-doble-entrada-fluke-52-ii\/","name":"Term\u00f3metro digital de doble entrada Fluke 52 II - Techmaster de Mexico","isPartOf":{"@id":"https:\/\/techmasterdemexico.com\/#website"},"primaryImageOfPage":{"@id":"https:\/\/techmasterdemexico.com\/producto\/termometro-digital-de-doble-entrada-fluke-52-ii\/#primaryimage"},"image":{"@id":"https:\/\/techmasterdemexico.com\/producto\/termometro-digital-de-doble-entrada-fluke-52-ii\/#primaryimage"},"thumbnailUrl":"https:\/\/techmasterdemexico.com\/wp-content\/uploads\/Fluke-52-II.png","datePublished":"2020-07-22T01:26:06+00:00","dateModified":"2025-06-26T19:46:11+00:00","breadcrumb":{"@id":"https:\/\/techmasterdemexico.com\/producto\/termometro-digital-de-doble-entrada-fluke-52-ii\/#breadcrumb"},"inLanguage":"en-US","potentialAction":[{"@type":"ReadAction","target":["https:\/\/techmasterdemexico.com\/producto\/termometro-digital-de-doble-entrada-fluke-52-ii\/"]}]},{"@type":"ImageObject","inLanguage":"en-US","@id":"https:\/\/techmasterdemexico.com\/producto\/termometro-digital-de-doble-entrada-fluke-52-ii\/#primaryimage","url":"https:\/\/techmasterdemexico.com\/wp-content\/uploads\/Fluke-52-II.png","contentUrl":"https:\/\/techmasterdemexico.com\/wp-content\/uploads\/Fluke-52-II.png","width":854,"height":854},{"@type":"BreadcrumbList","@id":"https:\/\/techmasterdemexico.com\/producto\/termometro-digital-de-doble-entrada-fluke-52-ii\/#breadcrumb","itemListElement":[{"@type":"ListItem","position":1,"name":"Portada","item":"https:\/\/techmasterdemexico.com\/"},{"@type":"ListItem","position":2,"name":"Term\u00f3metro digital de doble entrada Fluke 52 II"}]},{"@type":"WebSite","@id":"https:\/\/techmasterdemexico.com\/#website","url":"https:\/\/techmasterdemexico.com\/","name":"Techmaster de Mexico","description":"","potentialAction":[{"@type":"SearchAction","target":{"@type":"EntryPoint","urlTemplate":"https:\/\/techmasterdemexico.com\/?s={search_term_string}"},"query-input":{"@type":"PropertyValueSpecification","valueRequired":true,"valueName":"search_term_string"}}],"inLanguage":"en-US"}]}},"brands":[{"id":31,"name":"Fluke","slug":"fluke"}],"_links":{"self":[{"href":"https:\/\/techmasterdemexico.com\/en\/wp-json\/wp\/v2\/product\/448","targetHints":{"allow":["GET"]}}],"collection":[{"href":"https:\/\/techmasterdemexico.com\/en\/wp-json\/wp\/v2\/product"}],"about":[{"href":"https:\/\/techmasterdemexico.com\/en\/wp-json\/wp\/v2\/types\/product"}],"wp:featuredmedia":[{"embeddable":true,"href":"https:\/\/techmasterdemexico.com\/en\/wp-json\/wp\/v2\/media\/20528"}],"wp:attachment":[{"href":"https:\/\/techmasterdemexico.com\/en\/wp-json\/wp\/v2\/media?parent=448"}],"wp:term":[{"taxonomy":"pwb-brand","embeddable":true,"href":"https:\/\/techmasterdemexico.com\/en\/wp-json\/wp\/v2\/pwb-brand?post=448"},{"taxonomy":"product_brand","embeddable":true,"href":"https:\/\/techmasterdemexico.com\/en\/wp-json\/wp\/v2\/product_brand?post=448"},{"taxonomy":"product_cat","embeddable":true,"href":"https:\/\/techmasterdemexico.com\/en\/wp-json\/wp\/v2\/product_cat?post=448"},{"taxonomy":"product_tag","embeddable":true,"href":"https:\/\/techmasterdemexico.com\/en\/wp-json\/wp\/v2\/product_tag?post=448"}],"curies":[{"name":"wp","href":"https:\/\/api.w.org\/{rel}","templated":true}]}}