{"id":445,"date":"2020-07-21T18:26:05","date_gmt":"2020-07-22T01:26:05","guid":{"rendered":"http:\/\/localhost\/techmaster-mexico\/producto\/fluke-1ac-ii-5pk\/"},"modified":"2025-06-26T12:45:51","modified_gmt":"2025-06-26T19:45:51","slug":"fluke-1ac-ii-5pk","status":"publish","type":"product","link":"https:\/\/techmasterdemexico.com\/en\/producto\/fluke-1ac-ii-5pk\/","title":{"rendered":"Fluke 1AC II 5PK"},"content":{"rendered":"<p>Fluke 1AC II 5PK<\/p>\n<p>The pocket-sized voltage detector<\/p>\n<p>The next generation VoltAlert\u2122 AC non-contact voltage testers from Fluke are easy to use \u2013 just touch the tip to a terminal strip, outlet, or supply cord. When the tip glows red and the unit beeps, you know there&#8217;s voltage present. Electricians, maintenance, service, safety personnel, and homeowners can quickly test for energized circuits in the workplace or at home.<\/p>","protected":false},"excerpt":{"rendered":"<ul>\n<li>Voltbeat\u2122 technology and continuous self-test \u2013 so you always know it&#8217;s working<\/li>\n<li>Upon detection, tip glows and beeper sounds<\/li>\n<li>CAT IV 1000 V for added protection<\/li>\n<li>Expanded range: 90 V AC to 1000 V AC<\/li>\n<li>20 V to 90 V AC control circuit model also available<\/li>\n<li>Two-year warranty<\/li>\n<li>Batteries included<\/li>\n<li>On\/Off Button<\/li>\n<li>Audible\/Silent<\/li>\n<li>5 pack<\/li>\n<\/ul>\n","protected":false},"featured_media":7165,"template":"","meta":{"_acf_changed":false},"pwb-brand":[31],"product_brand":[],"product_cat":[366,78],"product_tag":[],"class_list":{"0":"post-445","1":"product","2":"type-product","3":"status-publish","4":"has-post-thumbnail","6":"pwb-brand-fluke","7":"product_cat-todos-los-productos","8":"product_cat-comprobadores-basicos","10":"first","11":"instock","12":"taxable","13":"shipping-taxable","14":"product-type-simple"},"acf":[],"yoast_head":"<!-- This site is optimized with the Yoast SEO plugin v27.4 - https:\/\/yoast.com\/product\/yoast-seo-wordpress\/ -->\n<title>Fluke 1AC II 5PK - Techmaster de Mexico<\/title>\n<meta name=\"robots\" content=\"index, follow, max-snippet:-1, max-image-preview:large, max-video-preview:-1\" \/>\n<link rel=\"canonical\" href=\"https:\/\/techmasterdemexico.com\/producto\/fluke-1ac-ii-5pk\/\" \/>\n<meta property=\"og:locale\" content=\"en_US\" \/>\n<meta property=\"og:type\" content=\"article\" \/>\n<meta property=\"og:title\" content=\"Fluke 1AC II 5PK - Techmaster de Mexico\" \/>\n<meta property=\"og:description\" content=\"[:es]  Tecnolog\u00eda Voltbeat\u2122 y autocomprobaci\u00f3n continua: para que siempre sepas que est\u00e1 funcionando  Tras la detecci\u00f3n, la punta se ilumina y suena un pitido  CAT IV 1000 V para mayor protecci\u00f3n  Rango ampliado: de 90 V CA a 1000 V CA  Tambi\u00e9n est\u00e1 disponible el modelo de circuito de control de 20 V a 90 V CA  Dos a\u00f1os de garant\u00eda  Pilas incluidas  Bot\u00f3n de encendido\/apagado  Audible\/Silencioso  Paquete de 5 [:en]  Voltbeat\u2122 technology and continuous self-test \u2013 so you always know it&#039;s working  Upon detection, tip glows and beeper sounds  CAT IV 1000 V for added protection  Expanded range: 90 V AC to 1000 V AC  20 V to 90 V AC control circuit model also available  Two-year warranty  Batteries included  On\/Off Button  Audible\/Silent  5 pack [:]\" \/>\n<meta property=\"og:url\" content=\"https:\/\/techmasterdemexico.com\/producto\/fluke-1ac-ii-5pk\/\" \/>\n<meta property=\"og:site_name\" content=\"Techmaster de Mexico\" \/>\n<meta property=\"article:modified_time\" content=\"2025-06-26T19:45:51+00:00\" \/>\n<meta property=\"og:image\" content=\"https:\/\/techmasterdemexico.com\/wp-content\/uploads\/2020\/07\/img_fluke1acII5pk.jpg\" \/>\n\t<meta property=\"og:image:width\" content=\"700\" \/>\n\t<meta property=\"og:image:height\" content=\"700\" \/>\n\t<meta property=\"og:image:type\" content=\"image\/jpeg\" \/>\n<meta name=\"twitter:card\" content=\"summary_large_image\" \/>\n<meta name=\"twitter:label1\" content=\"Est. reading time\" \/>\n\t<meta name=\"twitter:data1\" content=\"1 minute\" \/>\n<script type=\"application\/ld+json\" class=\"yoast-schema-graph\">{\"@context\":\"https:\\\/\\\/schema.org\",\"@graph\":[{\"@type\":\"WebPage\",\"@id\":\"https:\\\/\\\/techmasterdemexico.com\\\/producto\\\/fluke-1ac-ii-5pk\\\/\",\"url\":\"https:\\\/\\\/techmasterdemexico.com\\\/producto\\\/fluke-1ac-ii-5pk\\\/\",\"name\":\"Fluke 1AC II 5PK - Techmaster de Mexico\",\"isPartOf\":{\"@id\":\"https:\\\/\\\/techmasterdemexico.com\\\/#website\"},\"primaryImageOfPage\":{\"@id\":\"https:\\\/\\\/techmasterdemexico.com\\\/producto\\\/fluke-1ac-ii-5pk\\\/#primaryimage\"},\"image\":{\"@id\":\"https:\\\/\\\/techmasterdemexico.com\\\/producto\\\/fluke-1ac-ii-5pk\\\/#primaryimage\"},\"thumbnailUrl\":\"https:\\\/\\\/techmasterdemexico.com\\\/wp-content\\\/uploads\\\/2020\\\/07\\\/img_fluke1acII5pk.jpg\",\"datePublished\":\"2020-07-22T01:26:05+00:00\",\"dateModified\":\"2025-06-26T19:45:51+00:00\",\"breadcrumb\":{\"@id\":\"https:\\\/\\\/techmasterdemexico.com\\\/producto\\\/fluke-1ac-ii-5pk\\\/#breadcrumb\"},\"inLanguage\":\"en-US\",\"potentialAction\":[{\"@type\":\"ReadAction\",\"target\":[\"https:\\\/\\\/techmasterdemexico.com\\\/producto\\\/fluke-1ac-ii-5pk\\\/\"]}]},{\"@type\":\"ImageObject\",\"inLanguage\":\"en-US\",\"@id\":\"https:\\\/\\\/techmasterdemexico.com\\\/producto\\\/fluke-1ac-ii-5pk\\\/#primaryimage\",\"url\":\"https:\\\/\\\/techmasterdemexico.com\\\/wp-content\\\/uploads\\\/2020\\\/07\\\/img_fluke1acII5pk.jpg\",\"contentUrl\":\"https:\\\/\\\/techmasterdemexico.com\\\/wp-content\\\/uploads\\\/2020\\\/07\\\/img_fluke1acII5pk.jpg\",\"width\":700,\"height\":700},{\"@type\":\"BreadcrumbList\",\"@id\":\"https:\\\/\\\/techmasterdemexico.com\\\/producto\\\/fluke-1ac-ii-5pk\\\/#breadcrumb\",\"itemListElement\":[{\"@type\":\"ListItem\",\"position\":1,\"name\":\"Portada\",\"item\":\"https:\\\/\\\/techmasterdemexico.com\\\/\"},{\"@type\":\"ListItem\",\"position\":2,\"name\":\"Fluke 1AC II 5PK\"}]},{\"@type\":\"WebSite\",\"@id\":\"https:\\\/\\\/techmasterdemexico.com\\\/#website\",\"url\":\"https:\\\/\\\/techmasterdemexico.com\\\/\",\"name\":\"Techmaster de Mexico\",\"description\":\"\",\"potentialAction\":[{\"@type\":\"SearchAction\",\"target\":{\"@type\":\"EntryPoint\",\"urlTemplate\":\"https:\\\/\\\/techmasterdemexico.com\\\/?s={search_term_string}\"},\"query-input\":{\"@type\":\"PropertyValueSpecification\",\"valueRequired\":true,\"valueName\":\"search_term_string\"}}],\"inLanguage\":\"en-US\"}]}<\/script>\n<!-- \/ Yoast SEO plugin. -->","yoast_head_json":{"title":"Fluke 1AC II 5PK - Techmaster de Mexico","robots":{"index":"index","follow":"follow","max-snippet":"max-snippet:-1","max-image-preview":"max-image-preview:large","max-video-preview":"max-video-preview:-1"},"canonical":"https:\/\/techmasterdemexico.com\/producto\/fluke-1ac-ii-5pk\/","og_locale":"en_US","og_type":"article","og_title":"Fluke 1AC II 5PK - Techmaster de Mexico","og_description":"[:es]  Tecnolog\u00eda Voltbeat\u2122 y autocomprobaci\u00f3n continua: para que siempre sepas que est\u00e1 funcionando  Tras la detecci\u00f3n, la punta se ilumina y suena un pitido  CAT IV 1000 V para mayor protecci\u00f3n  Rango ampliado: de 90 V CA a 1000 V CA  Tambi\u00e9n est\u00e1 disponible el modelo de circuito de control de 20 V a 90 V CA  Dos a\u00f1os de garant\u00eda  Pilas incluidas  Bot\u00f3n de encendido\/apagado  Audible\/Silencioso  Paquete de 5 [:en]  Voltbeat\u2122 technology and continuous self-test \u2013 so you always know it's working  Upon detection, tip glows and beeper sounds  CAT IV 1000 V for added protection  Expanded range: 90 V AC to 1000 V AC  20 V to 90 V AC control circuit model also available  Two-year warranty  Batteries included  On\/Off Button  Audible\/Silent  5 pack [:]","og_url":"https:\/\/techmasterdemexico.com\/producto\/fluke-1ac-ii-5pk\/","og_site_name":"Techmaster de Mexico","article_modified_time":"2025-06-26T19:45:51+00:00","og_image":[{"width":700,"height":700,"url":"https:\/\/techmasterdemexico.com\/wp-content\/uploads\/2020\/07\/img_fluke1acII5pk.jpg","type":"image\/jpeg"}],"twitter_card":"summary_large_image","twitter_misc":{"Est. reading time":"1 minute"},"schema":{"@context":"https:\/\/schema.org","@graph":[{"@type":"WebPage","@id":"https:\/\/techmasterdemexico.com\/producto\/fluke-1ac-ii-5pk\/","url":"https:\/\/techmasterdemexico.com\/producto\/fluke-1ac-ii-5pk\/","name":"Fluke 1AC II 5PK - Techmaster de Mexico","isPartOf":{"@id":"https:\/\/techmasterdemexico.com\/#website"},"primaryImageOfPage":{"@id":"https:\/\/techmasterdemexico.com\/producto\/fluke-1ac-ii-5pk\/#primaryimage"},"image":{"@id":"https:\/\/techmasterdemexico.com\/producto\/fluke-1ac-ii-5pk\/#primaryimage"},"thumbnailUrl":"https:\/\/techmasterdemexico.com\/wp-content\/uploads\/2020\/07\/img_fluke1acII5pk.jpg","datePublished":"2020-07-22T01:26:05+00:00","dateModified":"2025-06-26T19:45:51+00:00","breadcrumb":{"@id":"https:\/\/techmasterdemexico.com\/producto\/fluke-1ac-ii-5pk\/#breadcrumb"},"inLanguage":"en-US","potentialAction":[{"@type":"ReadAction","target":["https:\/\/techmasterdemexico.com\/producto\/fluke-1ac-ii-5pk\/"]}]},{"@type":"ImageObject","inLanguage":"en-US","@id":"https:\/\/techmasterdemexico.com\/producto\/fluke-1ac-ii-5pk\/#primaryimage","url":"https:\/\/techmasterdemexico.com\/wp-content\/uploads\/2020\/07\/img_fluke1acII5pk.jpg","contentUrl":"https:\/\/techmasterdemexico.com\/wp-content\/uploads\/2020\/07\/img_fluke1acII5pk.jpg","width":700,"height":700},{"@type":"BreadcrumbList","@id":"https:\/\/techmasterdemexico.com\/producto\/fluke-1ac-ii-5pk\/#breadcrumb","itemListElement":[{"@type":"ListItem","position":1,"name":"Portada","item":"https:\/\/techmasterdemexico.com\/"},{"@type":"ListItem","position":2,"name":"Fluke 1AC II 5PK"}]},{"@type":"WebSite","@id":"https:\/\/techmasterdemexico.com\/#website","url":"https:\/\/techmasterdemexico.com\/","name":"Techmaster de Mexico","description":"","potentialAction":[{"@type":"SearchAction","target":{"@type":"EntryPoint","urlTemplate":"https:\/\/techmasterdemexico.com\/?s={search_term_string}"},"query-input":{"@type":"PropertyValueSpecification","valueRequired":true,"valueName":"search_term_string"}}],"inLanguage":"en-US"}]}},"brands":[{"id":31,"name":"Fluke","slug":"fluke"}],"_links":{"self":[{"href":"https:\/\/techmasterdemexico.com\/en\/wp-json\/wp\/v2\/product\/445","targetHints":{"allow":["GET"]}}],"collection":[{"href":"https:\/\/techmasterdemexico.com\/en\/wp-json\/wp\/v2\/product"}],"about":[{"href":"https:\/\/techmasterdemexico.com\/en\/wp-json\/wp\/v2\/types\/product"}],"wp:featuredmedia":[{"embeddable":true,"href":"https:\/\/techmasterdemexico.com\/en\/wp-json\/wp\/v2\/media\/7165"}],"wp:attachment":[{"href":"https:\/\/techmasterdemexico.com\/en\/wp-json\/wp\/v2\/media?parent=445"}],"wp:term":[{"taxonomy":"pwb-brand","embeddable":true,"href":"https:\/\/techmasterdemexico.com\/en\/wp-json\/wp\/v2\/pwb-brand?post=445"},{"taxonomy":"product_brand","embeddable":true,"href":"https:\/\/techmasterdemexico.com\/en\/wp-json\/wp\/v2\/product_brand?post=445"},{"taxonomy":"product_cat","embeddable":true,"href":"https:\/\/techmasterdemexico.com\/en\/wp-json\/wp\/v2\/product_cat?post=445"},{"taxonomy":"product_tag","embeddable":true,"href":"https:\/\/techmasterdemexico.com\/en\/wp-json\/wp\/v2\/product_tag?post=445"}],"curies":[{"name":"wp","href":"https:\/\/api.w.org\/{rel}","templated":true}]}}