{"id":444,"date":"2020-07-21T18:26:05","date_gmt":"2020-07-22T01:26:05","guid":{"rendered":"http:\/\/localhost\/techmaster-mexico\/producto\/multimetro-de-aislamiento-fluke-1587-fc\/"},"modified":"2025-06-26T12:45:46","modified_gmt":"2025-06-26T19:45:46","slug":"multimetro-de-aislamiento-fluke-1587-fc","status":"publish","type":"product","link":"https:\/\/techmasterdemexico.com\/en\/producto\/multimetro-de-aislamiento-fluke-1587-fc\/","title":{"rendered":"Mult\u00edmetro de aislamiento Fluke 1587 FC"},"content":{"rendered":"<p>Mult\u00edmetro de aislamiento Fluke 1587 FC<\/p>\n<p>El mult\u00edmetro digital de aislamiento 2 en 1 de alto rendimiento<\/p>\n<p>Los mult\u00edmetros de aislamiento Fluke 1587 FC combinan un comprobador de aislamiento digital con un completo mult\u00edmetro digital de verdadero valor eficaz en un \u00fanico dispositivo port\u00e1til y compacto que proporciona la m\u00e1xima versatilidad para la soluci\u00f3n de problemas y el mantenimiento preventivo.<\/p>\n<p>El mult\u00edmetro de aislamiento Fluke 1587 FC agrega cuatro nuevas funciones de diagn\u00f3stico mediante la aplicaci\u00f3n de mediciones Fluke Connect\u00ae:<\/p>\n<ul>\n<li>Las pruebas de relaci\u00f3n de PI\/DAR programadas con gr\u00e1ficos TrendIt\u2122 identifican m\u00e1s r\u00e1pidamente los problemas de humedad y aislamiento contaminado<\/li>\n<li>Almacenar la memoria mediante Fluke Connect, lo que elimina la necesidad de escribir los resultados, reduce los errores y guarda los datos para realizar un seguimiento del historial en el tiempo<\/li>\n<li>La compensaci\u00f3n de temperatura a trav\u00e9s de la aplicaci\u00f3n ayuda a establecer una referencia precisa y a realizar comparaciones del historial pertinenteRealizar un seguimiento del historial y de la tendencia de activos, lo que permite identificar la degradaci\u00f3n con el paso del tiempo, adem\u00e1s de hacer posible la toma de decisiones en el campo y en tiempo real con Fluke Connect\u00ae Assets<\/li>\n<\/ul>\n<p><\/p>","protected":false},"excerpt":{"rendered":"<ul>\n<li>Mediciones de PI\/DAR con gr\u00e1ficos TrendIt\u2122<\/li>\n<li>Es posible almacenar la memoria mediante la aplicaci\u00f3n para mediciones Fluke Connect<\/li>\n<li>Compensaci\u00f3n de temperatura mediante la aplicaci\u00f3n para mediciones Fluke Connect<\/li>\n<li>Filtro de paso bajo para accionadores de frecuencia variable (VFD) para realizar mediciones precisas de los accionadores del motor<\/li>\n<li>Voltajes de prueba de aislamiento de 50 V, 100 V, 250 V, 500 V, 1000 V<\/li>\n<li>Prueba de aislamiento: de 0.1 M? a 2 G?<\/li>\n<li>Descarga autom\u00e1tica de voltaje capacitivo<\/li>\n<li>Lectura uniforme del an\u00e1lisis de aislamiento<\/li>\n<li>Frecuencia<\/li>\n<li>Capacidad<\/li>\n<li>Prueba de diodos<\/li>\n<li>Temperatura<\/li>\n<li>M\u00edn.\/m\u00e1x.<\/li>\n<li>Voltaje de CA o CC<\/li>\n<li>Milivoltios de CC<\/li>\n<li>Miliamperios de CA\/CC<\/li>\n<li>Resistencia (0.1 ? a 50 M?)<\/li>\n<li>Continuidad<\/li>\n<li>Tres a\u00f1os de garant\u00eda<\/li>\n<li>Sonda remota, cables de prueba y pinzas de cocodrilo<\/li>\n<li>Termopar tipo K<\/li>\n<li>Robusto estuche r\u00edgido utilitario<\/li>\n<li>Apagado autom\u00e1tico<\/li>\n<\/ul>\n","protected":false},"featured_media":7159,"template":"","meta":{"_acf_changed":false},"pwb-brand":[31],"product_brand":[],"product_cat":[366,81,30],"product_tag":[],"class_list":{"0":"post-444","1":"product","2":"type-product","3":"status-publish","4":"has-post-thumbnail","6":"pwb-brand-fluke","7":"product_cat-todos-los-productos","8":"product_cat-comprobadores-de-aislamiento","9":"product_cat-fluke","11":"first","12":"instock","13":"taxable","14":"shipping-taxable","15":"product-type-simple"},"acf":[],"yoast_head":"<!-- This site is optimized with the Yoast SEO plugin v27.4 - https:\/\/yoast.com\/product\/yoast-seo-wordpress\/ -->\n<title>Mult\u00edmetro de aislamiento Fluke 1587 FC - Techmaster de Mexico<\/title>\n<meta name=\"robots\" content=\"index, follow, max-snippet:-1, max-image-preview:large, max-video-preview:-1\" \/>\n<link rel=\"canonical\" href=\"https:\/\/techmasterdemexico.com\/producto\/multimetro-de-aislamiento-fluke-1587-fc\/\" \/>\n<meta property=\"og:locale\" content=\"en_US\" \/>\n<meta property=\"og:type\" content=\"article\" \/>\n<meta property=\"og:title\" content=\"Mult\u00edmetro de aislamiento Fluke 1587 FC - Techmaster de Mexico\" \/>\n<meta property=\"og:description\" content=\"Mediciones de PI\/DAR con gr\u00e1ficos TrendIt\u2122  Es posible almacenar la memoria mediante la aplicaci\u00f3n para mediciones Fluke Connect  Compensaci\u00f3n de temperatura mediante la aplicaci\u00f3n para mediciones Fluke Connect  Filtro de paso bajo para accionadores de frecuencia variable (VFD) para realizar mediciones precisas de los accionadores del motor  Voltajes de prueba de aislamiento de 50 V, 100 V, 250 V, 500 V, 1000 V  Prueba de aislamiento: de 0.1 M? a 2 G?  Descarga autom\u00e1tica de voltaje capacitivo  Lectura uniforme del an\u00e1lisis de aislamiento  Frecuencia  Capacidad  Prueba de diodos  Temperatura  M\u00edn.\/m\u00e1x.  Voltaje de CA o CC  Milivoltios de CC  Miliamperios de CA\/CC  Resistencia (0.1 ? a 50 M?)  Continuidad  Tres a\u00f1os de garant\u00eda  Sonda remota, cables de prueba y pinzas de cocodrilo  Termopar tipo K  Robusto estuche r\u00edgido utilitario  Apagado autom\u00e1tico\" \/>\n<meta property=\"og:url\" content=\"https:\/\/techmasterdemexico.com\/producto\/multimetro-de-aislamiento-fluke-1587-fc\/\" \/>\n<meta property=\"og:site_name\" content=\"Techmaster de Mexico\" \/>\n<meta property=\"article:modified_time\" content=\"2025-06-26T19:45:46+00:00\" \/>\n<meta property=\"og:image\" content=\"https:\/\/techmasterdemexico.com\/wp-content\/uploads\/2020\/07\/img_fluke1587fc_1.jpg\" \/>\n\t<meta property=\"og:image:width\" content=\"700\" \/>\n\t<meta property=\"og:image:height\" content=\"700\" \/>\n\t<meta property=\"og:image:type\" content=\"image\/jpeg\" \/>\n<meta name=\"twitter:card\" content=\"summary_large_image\" \/>\n<meta name=\"twitter:label1\" content=\"Est. reading time\" \/>\n\t<meta name=\"twitter:data1\" content=\"2 minutes\" \/>\n<script type=\"application\/ld+json\" class=\"yoast-schema-graph\">{\"@context\":\"https:\\\/\\\/schema.org\",\"@graph\":[{\"@type\":\"WebPage\",\"@id\":\"https:\\\/\\\/techmasterdemexico.com\\\/producto\\\/multimetro-de-aislamiento-fluke-1587-fc\\\/\",\"url\":\"https:\\\/\\\/techmasterdemexico.com\\\/producto\\\/multimetro-de-aislamiento-fluke-1587-fc\\\/\",\"name\":\"Mult\u00edmetro de aislamiento Fluke 1587 FC - Techmaster de Mexico\",\"isPartOf\":{\"@id\":\"https:\\\/\\\/techmasterdemexico.com\\\/#website\"},\"primaryImageOfPage\":{\"@id\":\"https:\\\/\\\/techmasterdemexico.com\\\/producto\\\/multimetro-de-aislamiento-fluke-1587-fc\\\/#primaryimage\"},\"image\":{\"@id\":\"https:\\\/\\\/techmasterdemexico.com\\\/producto\\\/multimetro-de-aislamiento-fluke-1587-fc\\\/#primaryimage\"},\"thumbnailUrl\":\"https:\\\/\\\/techmasterdemexico.com\\\/wp-content\\\/uploads\\\/2020\\\/07\\\/img_fluke1587fc_1.jpg\",\"datePublished\":\"2020-07-22T01:26:05+00:00\",\"dateModified\":\"2025-06-26T19:45:46+00:00\",\"breadcrumb\":{\"@id\":\"https:\\\/\\\/techmasterdemexico.com\\\/producto\\\/multimetro-de-aislamiento-fluke-1587-fc\\\/#breadcrumb\"},\"inLanguage\":\"en-US\",\"potentialAction\":[{\"@type\":\"ReadAction\",\"target\":[\"https:\\\/\\\/techmasterdemexico.com\\\/producto\\\/multimetro-de-aislamiento-fluke-1587-fc\\\/\"]}]},{\"@type\":\"ImageObject\",\"inLanguage\":\"en-US\",\"@id\":\"https:\\\/\\\/techmasterdemexico.com\\\/producto\\\/multimetro-de-aislamiento-fluke-1587-fc\\\/#primaryimage\",\"url\":\"https:\\\/\\\/techmasterdemexico.com\\\/wp-content\\\/uploads\\\/2020\\\/07\\\/img_fluke1587fc_1.jpg\",\"contentUrl\":\"https:\\\/\\\/techmasterdemexico.com\\\/wp-content\\\/uploads\\\/2020\\\/07\\\/img_fluke1587fc_1.jpg\",\"width\":700,\"height\":700},{\"@type\":\"BreadcrumbList\",\"@id\":\"https:\\\/\\\/techmasterdemexico.com\\\/producto\\\/multimetro-de-aislamiento-fluke-1587-fc\\\/#breadcrumb\",\"itemListElement\":[{\"@type\":\"ListItem\",\"position\":1,\"name\":\"Portada\",\"item\":\"https:\\\/\\\/techmasterdemexico.com\\\/\"},{\"@type\":\"ListItem\",\"position\":2,\"name\":\"Mult\u00edmetro de aislamiento Fluke 1587 FC\"}]},{\"@type\":\"WebSite\",\"@id\":\"https:\\\/\\\/techmasterdemexico.com\\\/#website\",\"url\":\"https:\\\/\\\/techmasterdemexico.com\\\/\",\"name\":\"Techmaster de Mexico\",\"description\":\"\",\"potentialAction\":[{\"@type\":\"SearchAction\",\"target\":{\"@type\":\"EntryPoint\",\"urlTemplate\":\"https:\\\/\\\/techmasterdemexico.com\\\/?s={search_term_string}\"},\"query-input\":{\"@type\":\"PropertyValueSpecification\",\"valueRequired\":true,\"valueName\":\"search_term_string\"}}],\"inLanguage\":\"en-US\"}]}<\/script>\n<!-- \/ Yoast SEO plugin. -->","yoast_head_json":{"title":"Mult\u00edmetro de aislamiento Fluke 1587 FC - Techmaster de Mexico","robots":{"index":"index","follow":"follow","max-snippet":"max-snippet:-1","max-image-preview":"max-image-preview:large","max-video-preview":"max-video-preview:-1"},"canonical":"https:\/\/techmasterdemexico.com\/producto\/multimetro-de-aislamiento-fluke-1587-fc\/","og_locale":"en_US","og_type":"article","og_title":"Mult\u00edmetro de aislamiento Fluke 1587 FC - Techmaster de Mexico","og_description":"Mediciones de PI\/DAR con gr\u00e1ficos TrendIt\u2122  Es posible almacenar la memoria mediante la aplicaci\u00f3n para mediciones Fluke Connect  Compensaci\u00f3n de temperatura mediante la aplicaci\u00f3n para mediciones Fluke Connect  Filtro de paso bajo para accionadores de frecuencia variable (VFD) para realizar mediciones precisas de los accionadores del motor  Voltajes de prueba de aislamiento de 50 V, 100 V, 250 V, 500 V, 1000 V  Prueba de aislamiento: de 0.1 M? a 2 G?  Descarga autom\u00e1tica de voltaje capacitivo  Lectura uniforme del an\u00e1lisis de aislamiento  Frecuencia  Capacidad  Prueba de diodos  Temperatura  M\u00edn.\/m\u00e1x.  Voltaje de CA o CC  Milivoltios de CC  Miliamperios de CA\/CC  Resistencia (0.1 ? a 50 M?)  Continuidad  Tres a\u00f1os de garant\u00eda  Sonda remota, cables de prueba y pinzas de cocodrilo  Termopar tipo K  Robusto estuche r\u00edgido utilitario  Apagado autom\u00e1tico","og_url":"https:\/\/techmasterdemexico.com\/producto\/multimetro-de-aislamiento-fluke-1587-fc\/","og_site_name":"Techmaster de Mexico","article_modified_time":"2025-06-26T19:45:46+00:00","og_image":[{"width":700,"height":700,"url":"https:\/\/techmasterdemexico.com\/wp-content\/uploads\/2020\/07\/img_fluke1587fc_1.jpg","type":"image\/jpeg"}],"twitter_card":"summary_large_image","twitter_misc":{"Est. reading time":"2 minutes"},"schema":{"@context":"https:\/\/schema.org","@graph":[{"@type":"WebPage","@id":"https:\/\/techmasterdemexico.com\/producto\/multimetro-de-aislamiento-fluke-1587-fc\/","url":"https:\/\/techmasterdemexico.com\/producto\/multimetro-de-aislamiento-fluke-1587-fc\/","name":"Mult\u00edmetro de aislamiento Fluke 1587 FC - Techmaster de Mexico","isPartOf":{"@id":"https:\/\/techmasterdemexico.com\/#website"},"primaryImageOfPage":{"@id":"https:\/\/techmasterdemexico.com\/producto\/multimetro-de-aislamiento-fluke-1587-fc\/#primaryimage"},"image":{"@id":"https:\/\/techmasterdemexico.com\/producto\/multimetro-de-aislamiento-fluke-1587-fc\/#primaryimage"},"thumbnailUrl":"https:\/\/techmasterdemexico.com\/wp-content\/uploads\/2020\/07\/img_fluke1587fc_1.jpg","datePublished":"2020-07-22T01:26:05+00:00","dateModified":"2025-06-26T19:45:46+00:00","breadcrumb":{"@id":"https:\/\/techmasterdemexico.com\/producto\/multimetro-de-aislamiento-fluke-1587-fc\/#breadcrumb"},"inLanguage":"en-US","potentialAction":[{"@type":"ReadAction","target":["https:\/\/techmasterdemexico.com\/producto\/multimetro-de-aislamiento-fluke-1587-fc\/"]}]},{"@type":"ImageObject","inLanguage":"en-US","@id":"https:\/\/techmasterdemexico.com\/producto\/multimetro-de-aislamiento-fluke-1587-fc\/#primaryimage","url":"https:\/\/techmasterdemexico.com\/wp-content\/uploads\/2020\/07\/img_fluke1587fc_1.jpg","contentUrl":"https:\/\/techmasterdemexico.com\/wp-content\/uploads\/2020\/07\/img_fluke1587fc_1.jpg","width":700,"height":700},{"@type":"BreadcrumbList","@id":"https:\/\/techmasterdemexico.com\/producto\/multimetro-de-aislamiento-fluke-1587-fc\/#breadcrumb","itemListElement":[{"@type":"ListItem","position":1,"name":"Portada","item":"https:\/\/techmasterdemexico.com\/"},{"@type":"ListItem","position":2,"name":"Mult\u00edmetro de aislamiento Fluke 1587 FC"}]},{"@type":"WebSite","@id":"https:\/\/techmasterdemexico.com\/#website","url":"https:\/\/techmasterdemexico.com\/","name":"Techmaster de Mexico","description":"","potentialAction":[{"@type":"SearchAction","target":{"@type":"EntryPoint","urlTemplate":"https:\/\/techmasterdemexico.com\/?s={search_term_string}"},"query-input":{"@type":"PropertyValueSpecification","valueRequired":true,"valueName":"search_term_string"}}],"inLanguage":"en-US"}]}},"brands":[{"id":31,"name":"Fluke","slug":"fluke"}],"_links":{"self":[{"href":"https:\/\/techmasterdemexico.com\/en\/wp-json\/wp\/v2\/product\/444","targetHints":{"allow":["GET"]}}],"collection":[{"href":"https:\/\/techmasterdemexico.com\/en\/wp-json\/wp\/v2\/product"}],"about":[{"href":"https:\/\/techmasterdemexico.com\/en\/wp-json\/wp\/v2\/types\/product"}],"wp:featuredmedia":[{"embeddable":true,"href":"https:\/\/techmasterdemexico.com\/en\/wp-json\/wp\/v2\/media\/7159"}],"wp:attachment":[{"href":"https:\/\/techmasterdemexico.com\/en\/wp-json\/wp\/v2\/media?parent=444"}],"wp:term":[{"taxonomy":"pwb-brand","embeddable":true,"href":"https:\/\/techmasterdemexico.com\/en\/wp-json\/wp\/v2\/pwb-brand?post=444"},{"taxonomy":"product_brand","embeddable":true,"href":"https:\/\/techmasterdemexico.com\/en\/wp-json\/wp\/v2\/product_brand?post=444"},{"taxonomy":"product_cat","embeddable":true,"href":"https:\/\/techmasterdemexico.com\/en\/wp-json\/wp\/v2\/product_cat?post=444"},{"taxonomy":"product_tag","embeddable":true,"href":"https:\/\/techmasterdemexico.com\/en\/wp-json\/wp\/v2\/product_tag?post=444"}],"curies":[{"name":"wp","href":"https:\/\/api.w.org\/{rel}","templated":true}]}}