{"id":442,"date":"2020-07-21T18:26:04","date_gmt":"2020-07-22T01:26:04","guid":{"rendered":"http:\/\/localhost\/techmaster-mexico\/producto\/medidor-de-resistencia-de-aislamiento-fluke-1507\/"},"modified":"2025-06-26T12:45:40","modified_gmt":"2025-06-26T19:45:40","slug":"medidor-de-resistencia-de-aislamiento-fluke-1507","status":"publish","type":"product","link":"https:\/\/techmasterdemexico.com\/en\/producto\/medidor-de-resistencia-de-aislamiento-fluke-1507\/","title":{"rendered":"Medidor de resistencia de aislamiento Fluke 1507"},"content":{"rendered":"<p>El Fluke 1507 Medidor de aislamiento es compacto, resistente, confiable y f\u00e1cil de usar. Con sus diversos voltajes de prueba, es ideal para la localizaci\u00f3n de m\u00faltiples tipos de problemas, la puesta en marcha de maquinaria y el mantenimiento preventivo.<\/p>\n<p>Sus funciones especiales y sus accesorios, como la sonda remota, ahorran tiempo y dinero a la hora de llevar a cabo las pruebas.<\/p>\n","protected":false},"excerpt":{"rendered":"<div id=\"keyfeature_content\" data-readmore=\"\" aria-expanded=\"true\">\n<ul>\n<li><strong>Rango de prueba de aislamiento<\/strong>\n<ul>\n<li>0.01 M\u2126 a 10 G\u2126<\/li>\n<\/ul>\n<\/li>\n<li><strong>Voltajes de prueba de aislamiento<\/strong>\n<ul>\n<li>50 V, 100 V, 250 V, 500 V, 1000 V<\/li>\n<\/ul>\n<\/li>\n<li>Ahorre tiempo y dinero con el c\u00e1lculo autom\u00e1tico del \u00edndice de polarizaci\u00f3n y de la relaci\u00f3n de absorci\u00f3n diel\u00e9ctrica<\/li>\n<li>Haga de las medidas repetitivas una tarea sencilla con la funci\u00f3n de comparaci\u00f3n (Pasa\/No pasa) del comprobador 1507<\/li>\n<li>Medidas c\u00f3modas y seguras con la sonda remota<\/li>\n<li>Localizaci\u00f3n de voltaje en el circuito bajo prueba que anula la prueba si se detecta voltaje &gt; 30 V<\/li>\n<li>Descarga autom\u00e1tica de los voltajes capacitivos para ofrecer una protecci\u00f3n adicional al usuario<\/li>\n<li>Voltaje de CA\/CC: de 0.1 V a 600 V<\/li>\n<li>Continuidad de 200 mA<\/li>\n<li>Resistencia: de 0.01\u00a0\u2126 a 20.00\u00a0k\u2126<\/li>\n<li>Ahorre energ\u00eda con el apagado autom\u00e1tico<\/li>\n<li>Su gran pantalla con retroiluminaci\u00f3n permite leer f\u00e1cilmente las medidas<\/li>\n<li>Categor\u00eda de sobrevoltaje CAT IV 600 V que ofrece una mayor protecci\u00f3n al usuario<\/li>\n<li>Sonda remota, cables de prueba, sondas y pinzas de cocodrilo con cada comprobador<\/li>\n<li>Acepta el sistema magn\u00e9tico opcional Fluke TPAK para colgar el instrumento de modo que sus manos puedan realizar otros trabajos<\/li>\n<li>Cuatro bater\u00edas alcalinas AA (NEDA 15 A o IEC LR6) para un m\u00ednimo de 1000 medidas de aislamiento<\/li>\n<li>Un a\u00f1o de garant\u00eda<\/li>\n<\/ul>\n<\/div>\n","protected":false},"featured_media":7309,"template":"","meta":{"_acf_changed":false},"pwb-brand":[31],"product_brand":[],"product_cat":[366,81,30],"product_tag":[],"class_list":{"0":"post-442","1":"product","2":"type-product","3":"status-publish","4":"has-post-thumbnail","6":"pwb-brand-fluke","7":"product_cat-todos-los-productos","8":"product_cat-comprobadores-de-aislamiento","9":"product_cat-fluke","11":"first","12":"instock","13":"taxable","14":"shipping-taxable","15":"product-type-simple"},"acf":[],"yoast_head":"<!-- This site is optimized with the Yoast SEO plugin v27.4 - https:\/\/yoast.com\/product\/yoast-seo-wordpress\/ -->\n<title>Medidor de resistencia de aislamiento Fluke 1507 - Techmaster de Mexico<\/title>\n<meta name=\"robots\" content=\"index, follow, max-snippet:-1, max-image-preview:large, max-video-preview:-1\" \/>\n<link rel=\"canonical\" href=\"https:\/\/techmasterdemexico.com\/producto\/medidor-de-resistencia-de-aislamiento-fluke-1507\/\" \/>\n<meta property=\"og:locale\" content=\"en_US\" \/>\n<meta property=\"og:type\" content=\"article\" \/>\n<meta property=\"og:title\" content=\"Medidor de resistencia de aislamiento Fluke 1507 - Techmaster de Mexico\" \/>\n<meta property=\"og:description\" content=\"Rango de prueba de aislamiento   0.01 M\u2126 a 10 G\u2126    Voltajes de prueba de aislamiento   50 V, 100 V, 250 V, 500 V, 1000 V    Ahorre tiempo y dinero con el c\u00e1lculo autom\u00e1tico del \u00edndice de polarizaci\u00f3n y de la relaci\u00f3n de absorci\u00f3n diel\u00e9ctrica  Haga de las medidas repetitivas una tarea sencilla con la funci\u00f3n de comparaci\u00f3n (Pasa\/No pasa) del comprobador 1507  Medidas c\u00f3modas y seguras con la sonda remota  Localizaci\u00f3n de voltaje en el circuito bajo prueba que anula la prueba si se detecta voltaje &gt; 30 V  Descarga autom\u00e1tica de los voltajes capacitivos para ofrecer una protecci\u00f3n adicional al usuario  Voltaje de CA\/CC: de 0.1 V a 600 V  Continuidad de 200 mA  Resistencia: de 0.01\u00a0\u2126 a 20.00\u00a0k\u2126  Ahorre energ\u00eda con el apagado autom\u00e1tico  Su gran pantalla con retroiluminaci\u00f3n permite leer f\u00e1cilmente las medidas  Categor\u00eda de sobrevoltaje CAT IV 600 V que ofrece una mayor protecci\u00f3n al usuario  Sonda remota, cables de prueba, sondas y pinzas de cocodrilo con cada comprobador  Acepta el sistema magn\u00e9tico opcional Fluke TPAK para colgar el instrumento de modo que sus manos puedan realizar otros trabajos  Cuatro bater\u00edas alcalinas AA (NEDA 15 A o IEC LR6) para un m\u00ednimo de 1000 medidas de aislamiento  Un a\u00f1o de garant\u00eda\" \/>\n<meta property=\"og:url\" content=\"https:\/\/techmasterdemexico.com\/producto\/medidor-de-resistencia-de-aislamiento-fluke-1507\/\" \/>\n<meta property=\"og:site_name\" content=\"Techmaster de Mexico\" \/>\n<meta property=\"article:modified_time\" content=\"2025-06-26T19:45:40+00:00\" \/>\n<meta property=\"og:image\" content=\"https:\/\/techmasterdemexico.com\/wp-content\/uploads\/2020\/07\/f-1507-01c-1500x1000.jpg\" \/>\n\t<meta property=\"og:image:width\" content=\"615\" \/>\n\t<meta property=\"og:image:height\" content=\"410\" \/>\n\t<meta property=\"og:image:type\" content=\"image\/jpeg\" \/>\n<meta name=\"twitter:card\" content=\"summary_large_image\" \/>\n<script type=\"application\/ld+json\" class=\"yoast-schema-graph\">{\"@context\":\"https:\\\/\\\/schema.org\",\"@graph\":[{\"@type\":\"WebPage\",\"@id\":\"https:\\\/\\\/techmasterdemexico.com\\\/producto\\\/medidor-de-resistencia-de-aislamiento-fluke-1507\\\/\",\"url\":\"https:\\\/\\\/techmasterdemexico.com\\\/producto\\\/medidor-de-resistencia-de-aislamiento-fluke-1507\\\/\",\"name\":\"Medidor de resistencia de aislamiento Fluke 1507 - Techmaster de Mexico\",\"isPartOf\":{\"@id\":\"https:\\\/\\\/techmasterdemexico.com\\\/#website\"},\"primaryImageOfPage\":{\"@id\":\"https:\\\/\\\/techmasterdemexico.com\\\/producto\\\/medidor-de-resistencia-de-aislamiento-fluke-1507\\\/#primaryimage\"},\"image\":{\"@id\":\"https:\\\/\\\/techmasterdemexico.com\\\/producto\\\/medidor-de-resistencia-de-aislamiento-fluke-1507\\\/#primaryimage\"},\"thumbnailUrl\":\"https:\\\/\\\/techmasterdemexico.com\\\/wp-content\\\/uploads\\\/2020\\\/07\\\/f-1507-01c-1500x1000.jpg\",\"datePublished\":\"2020-07-22T01:26:04+00:00\",\"dateModified\":\"2025-06-26T19:45:40+00:00\",\"breadcrumb\":{\"@id\":\"https:\\\/\\\/techmasterdemexico.com\\\/producto\\\/medidor-de-resistencia-de-aislamiento-fluke-1507\\\/#breadcrumb\"},\"inLanguage\":\"en-US\",\"potentialAction\":[{\"@type\":\"ReadAction\",\"target\":[\"https:\\\/\\\/techmasterdemexico.com\\\/producto\\\/medidor-de-resistencia-de-aislamiento-fluke-1507\\\/\"]}]},{\"@type\":\"ImageObject\",\"inLanguage\":\"en-US\",\"@id\":\"https:\\\/\\\/techmasterdemexico.com\\\/producto\\\/medidor-de-resistencia-de-aislamiento-fluke-1507\\\/#primaryimage\",\"url\":\"https:\\\/\\\/techmasterdemexico.com\\\/wp-content\\\/uploads\\\/2020\\\/07\\\/f-1507-01c-1500x1000.jpg\",\"contentUrl\":\"https:\\\/\\\/techmasterdemexico.com\\\/wp-content\\\/uploads\\\/2020\\\/07\\\/f-1507-01c-1500x1000.jpg\",\"width\":615,\"height\":410},{\"@type\":\"BreadcrumbList\",\"@id\":\"https:\\\/\\\/techmasterdemexico.com\\\/producto\\\/medidor-de-resistencia-de-aislamiento-fluke-1507\\\/#breadcrumb\",\"itemListElement\":[{\"@type\":\"ListItem\",\"position\":1,\"name\":\"Portada\",\"item\":\"https:\\\/\\\/techmasterdemexico.com\\\/\"},{\"@type\":\"ListItem\",\"position\":2,\"name\":\"Medidor de resistencia de aislamiento Fluke 1507\"}]},{\"@type\":\"WebSite\",\"@id\":\"https:\\\/\\\/techmasterdemexico.com\\\/#website\",\"url\":\"https:\\\/\\\/techmasterdemexico.com\\\/\",\"name\":\"Techmaster de Mexico\",\"description\":\"\",\"potentialAction\":[{\"@type\":\"SearchAction\",\"target\":{\"@type\":\"EntryPoint\",\"urlTemplate\":\"https:\\\/\\\/techmasterdemexico.com\\\/?s={search_term_string}\"},\"query-input\":{\"@type\":\"PropertyValueSpecification\",\"valueRequired\":true,\"valueName\":\"search_term_string\"}}],\"inLanguage\":\"en-US\"}]}<\/script>\n<!-- \/ Yoast SEO plugin. -->","yoast_head_json":{"title":"Medidor de resistencia de aislamiento Fluke 1507 - Techmaster de Mexico","robots":{"index":"index","follow":"follow","max-snippet":"max-snippet:-1","max-image-preview":"max-image-preview:large","max-video-preview":"max-video-preview:-1"},"canonical":"https:\/\/techmasterdemexico.com\/producto\/medidor-de-resistencia-de-aislamiento-fluke-1507\/","og_locale":"en_US","og_type":"article","og_title":"Medidor de resistencia de aislamiento Fluke 1507 - Techmaster de Mexico","og_description":"Rango de prueba de aislamiento   0.01 M\u2126 a 10 G\u2126    Voltajes de prueba de aislamiento   50 V, 100 V, 250 V, 500 V, 1000 V    Ahorre tiempo y dinero con el c\u00e1lculo autom\u00e1tico del \u00edndice de polarizaci\u00f3n y de la relaci\u00f3n de absorci\u00f3n diel\u00e9ctrica  Haga de las medidas repetitivas una tarea sencilla con la funci\u00f3n de comparaci\u00f3n (Pasa\/No pasa) del comprobador 1507  Medidas c\u00f3modas y seguras con la sonda remota  Localizaci\u00f3n de voltaje en el circuito bajo prueba que anula la prueba si se detecta voltaje &gt; 30 V  Descarga autom\u00e1tica de los voltajes capacitivos para ofrecer una protecci\u00f3n adicional al usuario  Voltaje de CA\/CC: de 0.1 V a 600 V  Continuidad de 200 mA  Resistencia: de 0.01\u00a0\u2126 a 20.00\u00a0k\u2126  Ahorre energ\u00eda con el apagado autom\u00e1tico  Su gran pantalla con retroiluminaci\u00f3n permite leer f\u00e1cilmente las medidas  Categor\u00eda de sobrevoltaje CAT IV 600 V que ofrece una mayor protecci\u00f3n al usuario  Sonda remota, cables de prueba, sondas y pinzas de cocodrilo con cada comprobador  Acepta el sistema magn\u00e9tico opcional Fluke TPAK para colgar el instrumento de modo que sus manos puedan realizar otros trabajos  Cuatro bater\u00edas alcalinas AA (NEDA 15 A o IEC LR6) para un m\u00ednimo de 1000 medidas de aislamiento  Un a\u00f1o de garant\u00eda","og_url":"https:\/\/techmasterdemexico.com\/producto\/medidor-de-resistencia-de-aislamiento-fluke-1507\/","og_site_name":"Techmaster de Mexico","article_modified_time":"2025-06-26T19:45:40+00:00","og_image":[{"width":615,"height":410,"url":"https:\/\/techmasterdemexico.com\/wp-content\/uploads\/2020\/07\/f-1507-01c-1500x1000.jpg","type":"image\/jpeg"}],"twitter_card":"summary_large_image","schema":{"@context":"https:\/\/schema.org","@graph":[{"@type":"WebPage","@id":"https:\/\/techmasterdemexico.com\/producto\/medidor-de-resistencia-de-aislamiento-fluke-1507\/","url":"https:\/\/techmasterdemexico.com\/producto\/medidor-de-resistencia-de-aislamiento-fluke-1507\/","name":"Medidor de resistencia de aislamiento Fluke 1507 - Techmaster de Mexico","isPartOf":{"@id":"https:\/\/techmasterdemexico.com\/#website"},"primaryImageOfPage":{"@id":"https:\/\/techmasterdemexico.com\/producto\/medidor-de-resistencia-de-aislamiento-fluke-1507\/#primaryimage"},"image":{"@id":"https:\/\/techmasterdemexico.com\/producto\/medidor-de-resistencia-de-aislamiento-fluke-1507\/#primaryimage"},"thumbnailUrl":"https:\/\/techmasterdemexico.com\/wp-content\/uploads\/2020\/07\/f-1507-01c-1500x1000.jpg","datePublished":"2020-07-22T01:26:04+00:00","dateModified":"2025-06-26T19:45:40+00:00","breadcrumb":{"@id":"https:\/\/techmasterdemexico.com\/producto\/medidor-de-resistencia-de-aislamiento-fluke-1507\/#breadcrumb"},"inLanguage":"en-US","potentialAction":[{"@type":"ReadAction","target":["https:\/\/techmasterdemexico.com\/producto\/medidor-de-resistencia-de-aislamiento-fluke-1507\/"]}]},{"@type":"ImageObject","inLanguage":"en-US","@id":"https:\/\/techmasterdemexico.com\/producto\/medidor-de-resistencia-de-aislamiento-fluke-1507\/#primaryimage","url":"https:\/\/techmasterdemexico.com\/wp-content\/uploads\/2020\/07\/f-1507-01c-1500x1000.jpg","contentUrl":"https:\/\/techmasterdemexico.com\/wp-content\/uploads\/2020\/07\/f-1507-01c-1500x1000.jpg","width":615,"height":410},{"@type":"BreadcrumbList","@id":"https:\/\/techmasterdemexico.com\/producto\/medidor-de-resistencia-de-aislamiento-fluke-1507\/#breadcrumb","itemListElement":[{"@type":"ListItem","position":1,"name":"Portada","item":"https:\/\/techmasterdemexico.com\/"},{"@type":"ListItem","position":2,"name":"Medidor de resistencia de aislamiento Fluke 1507"}]},{"@type":"WebSite","@id":"https:\/\/techmasterdemexico.com\/#website","url":"https:\/\/techmasterdemexico.com\/","name":"Techmaster de Mexico","description":"","potentialAction":[{"@type":"SearchAction","target":{"@type":"EntryPoint","urlTemplate":"https:\/\/techmasterdemexico.com\/?s={search_term_string}"},"query-input":{"@type":"PropertyValueSpecification","valueRequired":true,"valueName":"search_term_string"}}],"inLanguage":"en-US"}]}},"brands":[{"id":31,"name":"Fluke","slug":"fluke"}],"_links":{"self":[{"href":"https:\/\/techmasterdemexico.com\/en\/wp-json\/wp\/v2\/product\/442","targetHints":{"allow":["GET"]}}],"collection":[{"href":"https:\/\/techmasterdemexico.com\/en\/wp-json\/wp\/v2\/product"}],"about":[{"href":"https:\/\/techmasterdemexico.com\/en\/wp-json\/wp\/v2\/types\/product"}],"wp:featuredmedia":[{"embeddable":true,"href":"https:\/\/techmasterdemexico.com\/en\/wp-json\/wp\/v2\/media\/7309"}],"wp:attachment":[{"href":"https:\/\/techmasterdemexico.com\/en\/wp-json\/wp\/v2\/media?parent=442"}],"wp:term":[{"taxonomy":"pwb-brand","embeddable":true,"href":"https:\/\/techmasterdemexico.com\/en\/wp-json\/wp\/v2\/pwb-brand?post=442"},{"taxonomy":"product_brand","embeddable":true,"href":"https:\/\/techmasterdemexico.com\/en\/wp-json\/wp\/v2\/product_brand?post=442"},{"taxonomy":"product_cat","embeddable":true,"href":"https:\/\/techmasterdemexico.com\/en\/wp-json\/wp\/v2\/product_cat?post=442"},{"taxonomy":"product_tag","embeddable":true,"href":"https:\/\/techmasterdemexico.com\/en\/wp-json\/wp\/v2\/product_tag?post=442"}],"curies":[{"name":"wp","href":"https:\/\/api.w.org\/{rel}","templated":true}]}}