{"id":440,"date":"2020-07-21T18:26:04","date_gmt":"2020-07-22T01:26:04","guid":{"rendered":"http:\/\/localhost\/techmaster-mexico\/producto\/pinza-amperimetrica-de-verdadero-valor-eficaz-de-ca-cc-fluke-375-fc\/"},"modified":"2025-06-26T12:45:27","modified_gmt":"2025-06-26T19:45:27","slug":"pinza-amperimetrica-de-verdadero-valor-eficaz-de-ca-cc-fluke-375-fc","status":"publish","type":"product","link":"https:\/\/techmasterdemexico.com\/en\/producto\/pinza-amperimetrica-de-verdadero-valor-eficaz-de-ca-cc-fluke-375-fc\/","title":{"rendered":"Pinza amperim\u00e9trica de verdadero valor eficaz de CA\/CC Fluke 375 FC"},"content":{"rendered":"<p>El producto Fluke 375 FC es parte de la familia de herramientas de prueba inal\u00e1mbricas de Fluke Connect. Ahora usted puede:<\/p>\n<ul>\n<li>Registrar y observar las tendencias de las mediciones para localizar las fallas intermitentes<\/li>\n<li>Transmitir los resultados de manera inal\u00e1mbrica con la aplicaci\u00f3n para mediciones de Fluke Connect\u00ae<\/li>\n<li>Crear y enviar informes desde el terreno<\/li>\n<li>Permanecer seguro y lejos del \u00e1rea del arco el\u00e9ctrico con conectividad Bluetooth a dispositivos Apple y Android<\/li>\n<\/ul>\n<p class=\"small-font\">El modelo Fluke 375 FC es el sustituto directo de la pinza amperim\u00e9trica Fluke 375.<\/p>\n<p><\/p>","protected":false},"excerpt":{"rendered":"<h4 class=\"features-title\">Caracter\u00edsticas principales<\/h4>\n<div id=\"keyfeature_content\" data-readmore=\"\" aria-expanded=\"true\">\n<ul>\n<li>Conecte la pinza amperim\u00e9trica a su tel\u00e9fono inteligente con la aplicaci\u00f3n para mediciones de Fluke Connect<\/li>\n<li>Lea mediciones en el tel\u00e9fono a una distancia segura, con menos equipos de protecci\u00f3n individual (PPE, por sus siglas en ingl\u00e9s) mientras que el medidor se lleva todos los riesgos<\/li>\n<li>Registre los resultados directamente en el tel\u00e9fono y en la nube<\/li>\n<li>Capte los fallos intermitentes mientras realiza otras tareas con las capacidades de registro del modelo Fluke 375 FC<\/li>\n<li>Cree y comparta informes desde el terreno mediante un correo electr\u00f3nico o hable en tiempo real con las videollamadas ShareLive\u2122<\/li>\n<li>Compatible con la sonda de corriente flexible iFlex; util\u00edcela para expandir el rango de medici\u00f3n a 2.500 A de CA; proporciona acceso a grandes conductores ubicados en espacios reducidos<\/li>\n<li>Compatible con la correa magn\u00e9tica para colgar TPAK<\/li>\n<li>Filtro integrado de paso bajo para accionadores de frecuencia variable (VFD, por sus siglas en ingl\u00e9s) para realizar mediciones precisas de los accionadores del motor<\/li>\n<li>Se usa la tecnolog\u00eda de medici\u00f3n de corriente de entrada de propiedad patentada para ignorar el ruido y capturar la corriente de arranque del motor exactamente como la percibe la protecci\u00f3n del circuito<\/li>\n<li>Clasificaci\u00f3n de seguridad CAT IV 600\u00a0V, CAT III 1000\u00a0V<\/li>\n<li>Tres a\u00f1os de garant\u00eda<\/li>\n<li>Estuche de transporte flexible<\/li>\n<\/ul>\n<p><strong>Capacidad de la medici\u00f3n<\/strong><\/p>\n<ul>\n<li>Medici\u00f3n de corriente de CA y CC de 600 A<\/li>\n<li>Mediciones de corriente de 2.500 A CA con la sonda de corriente flexible iFlex (opcional)<\/li>\n<li>Medida de tensi\u00f3n de CA y CC de 1.000\u00a0V<\/li>\n<li>Verdadero valor eficaz de voltaje y corriente para obtener mediciones exactas en se\u00f1ales no lineales<\/li>\n<li>Medici\u00f3n de resistencia hasta 500\u00a0Hz con mordaza y tecnolog\u00eda iFlex<\/li>\n<li>Medici\u00f3n de resistencia hasta 60\u00a0? con detecci\u00f3n de continuidad<\/li>\n<li>Grabaci\u00f3n de entrada m\u00edn., m\u00e1x. y media para capturar las variaciones autom\u00e1ticamente<\/li>\n<li>Rango de medida de 500\u00a0mV CC para la conexi\u00f3n con otros accesorios<\/li>\n<li>Medida de capacitancia de 1.000\u00a0?F<\/li>\n<\/ul>\n<\/div>\n","protected":false},"featured_media":7303,"template":"","meta":{"_acf_changed":false},"pwb-brand":[31],"product_brand":[],"product_cat":[366,30,41],"product_tag":[],"class_list":{"0":"post-440","1":"product","2":"type-product","3":"status-publish","4":"has-post-thumbnail","6":"pwb-brand-fluke","7":"product_cat-todos-los-productos","8":"product_cat-fluke","9":"product_cat-pinzas-amperimetricas","11":"first","12":"instock","13":"taxable","14":"shipping-taxable","15":"product-type-simple"},"acf":[],"yoast_head":"<!-- This site is optimized with the Yoast SEO plugin v27.4 - https:\/\/yoast.com\/product\/yoast-seo-wordpress\/ -->\n<title>Pinza amperim\u00e9trica de verdadero valor eficaz de CA\/CC Fluke 375 FC - Techmaster de Mexico<\/title>\n<meta name=\"robots\" content=\"index, follow, max-snippet:-1, max-image-preview:large, max-video-preview:-1\" \/>\n<link rel=\"canonical\" href=\"https:\/\/techmasterdemexico.com\/producto\/pinza-amperimetrica-de-verdadero-valor-eficaz-de-ca-cc-fluke-375-fc\/\" \/>\n<meta property=\"og:locale\" content=\"en_US\" \/>\n<meta property=\"og:type\" content=\"article\" \/>\n<meta property=\"og:title\" content=\"Pinza amperim\u00e9trica de verdadero valor eficaz de CA\/CC Fluke 375 FC - Techmaster de Mexico\" \/>\n<meta property=\"og:description\" content=\"[:es]   Conecte la pinza amperim\u00e9trica a su tel\u00e9fono inteligente con la aplicaci\u00f3n para mediciones de Fluke Connect  Lea mediciones en el tel\u00e9fono a una distancia segura, con menos equipos de protecci\u00f3n individual (PPE, por sus siglas en ingl\u00e9s) mientras que el medidor se lleva todos los riesgos  Registre los resultados directamente en el tel\u00e9fono y en la nube  Capte los fallos intermitentes mientras realiza otras tareas con las capacidades de registro del modelo Fluke 375 FC  Cree y comparta informes desde el terreno mediante un correo electr\u00f3nico o hable en tiempo real con las videollamadas ShareLive\u2122  Compatible con la sonda de corriente flexible iFlex; util\u00edcela para expandir el rango de medici\u00f3n a 2.500 A de CA; proporciona acceso a grandes conductores ubicados en espacios reducidos  Compatible con la correa magn\u00e9tica para colgar TPAK  Filtro integrado de paso bajo para accionadores de frecuencia variable (VFD, por sus siglas en ingl\u00e9s) para realizar mediciones precisas de los accionadores del motor  Se usa la tecnolog\u00eda de medici\u00f3n de corriente de entrada de propiedad patentada para ignorar el ruido y capturar la corriente de arranque del motor exactamente como la percibe la protecci\u00f3n del circuito  Clasificaci\u00f3n de seguridad CAT IV 600\u00a0V, CAT III 1000\u00a0V  Tres a\u00f1os de garant\u00eda  Estuche de transporte flexible  Capacidad de la medici\u00f3n   Medici\u00f3n de corriente de CA y CC de 600 A  Mediciones de corriente de 2.500 A CA con la sonda de corriente flexible iFlex (opcional)  Medida de tensi\u00f3n de CA y CC de 1.000\u00a0V  Verdadero valor eficaz de voltaje y corriente para obtener mediciones exactas en se\u00f1ales no lineales  Medici\u00f3n de resistencia hasta 500\u00a0Hz con mordaza y tecnolog\u00eda iFlex  Medici\u00f3n de resistencia hasta 60\u00a0? con detecci\u00f3n de continuidad  Grabaci\u00f3n de entrada m\u00edn., m\u00e1x. y media para capturar las variaciones autom\u00e1ticamente  Rango de medida de 500\u00a0mV CC para la conexi\u00f3n con otros accesorios  Medida de capacitancia de 1.000\u00a0?F   &nbsp;[:en]Caracter\u00edsticas principales          Conecte la pinza amperim\u00e9trica a su tel\u00e9fono inteligente con la aplicaci\u00f3n para mediciones de Fluke Connect    Lea mediciones en el tel\u00e9fono a una distancia segura, con menos equipos de protecci\u00f3n individual (PPE, por sus siglas en ingl\u00e9s) mientras que el medidor se lleva todos los riesgos    Registre los resultados directamente en el tel\u00e9fono y en la nube    Capte los fallos intermitentes mientras realiza otras tareas con las capacidades de registro del modelo Fluke 375 FC    Cree y comparta informes desde el terreno mediante un correo electr\u00f3nico o hable en tiempo real con las videollamadas ShareLive\u2122    Compatible con la sonda de corriente flexible iFlex; util\u00edcela para expandir el rango de medici\u00f3n a 2.500 A de CA; proporciona acceso a grandes conductores ubicados en espacios reducidos    Compatible con la correa magn\u00e9tica para colgar TPAK    Filtro integrado de paso bajo para accionadores de frecuencia variable (VFD, por sus siglas en ingl\u00e9s) para realizar mediciones precisas de los accionadores del motor    Se usa la tecnolog\u00eda de medici\u00f3n de corriente de entrada de propiedad patentada para ignorar el ruido y capturar la corriente de arranque del motor exactamente como la percibe la protecci\u00f3n del circuito    Clasificaci\u00f3n de seguridad CAT IV 600\u00a0V, CAT III 1000\u00a0V    Tres a\u00f1os de garant\u00eda    Estuche de transporte flexible      Capacidad de la medici\u00f3n       Medici\u00f3n de corriente de CA y CC de 600 A    Mediciones de corriente de 2.500 A CA con la sonda de corriente flexible iFlex (opcional)    Medida de tensi\u00f3n de CA y CC de 1.000\u00a0V    Verdadero valor eficaz de voltaje y corriente para obtener mediciones exactas en se\u00f1ales no lineales    Medici\u00f3n de resistencia hasta 500\u00a0Hz con mordaza y tecnolog\u00eda iFlex    Medici\u00f3n de resistencia hasta 60\u00a0? con detecci\u00f3n de continuidad    Grabaci\u00f3n de entrada m\u00edn., m\u00e1x. y media para capturar las variaciones autom\u00e1ticamente    Rango de medida de 500\u00a0mV CC para la conexi\u00f3n con otros accesorios    Medida de capacitancia de 1.000\u00a0?F      [:]\" \/>\n<meta property=\"og:url\" content=\"https:\/\/techmasterdemexico.com\/producto\/pinza-amperimetrica-de-verdadero-valor-eficaz-de-ca-cc-fluke-375-fc\/\" \/>\n<meta property=\"og:site_name\" content=\"Techmaster de Mexico\" \/>\n<meta property=\"article:modified_time\" content=\"2025-06-26T19:45:27+00:00\" \/>\n<meta property=\"og:image\" content=\"https:\/\/techmasterdemexico.com\/wp-content\/uploads\/2020\/07\/f-375fc-01a-1500x1000.jpg\" \/>\n\t<meta property=\"og:image:width\" content=\"615\" \/>\n\t<meta property=\"og:image:height\" content=\"410\" \/>\n\t<meta property=\"og:image:type\" content=\"image\/jpeg\" \/>\n<meta name=\"twitter:card\" content=\"summary_large_image\" \/>\n<meta name=\"twitter:label1\" content=\"Est. reading time\" \/>\n\t<meta name=\"twitter:data1\" content=\"1 minute\" \/>\n<script type=\"application\/ld+json\" class=\"yoast-schema-graph\">{\"@context\":\"https:\\\/\\\/schema.org\",\"@graph\":[{\"@type\":\"WebPage\",\"@id\":\"https:\\\/\\\/techmasterdemexico.com\\\/producto\\\/pinza-amperimetrica-de-verdadero-valor-eficaz-de-ca-cc-fluke-375-fc\\\/\",\"url\":\"https:\\\/\\\/techmasterdemexico.com\\\/producto\\\/pinza-amperimetrica-de-verdadero-valor-eficaz-de-ca-cc-fluke-375-fc\\\/\",\"name\":\"Pinza amperim\u00e9trica de verdadero valor eficaz de CA\\\/CC Fluke 375 FC - Techmaster de Mexico\",\"isPartOf\":{\"@id\":\"https:\\\/\\\/techmasterdemexico.com\\\/#website\"},\"primaryImageOfPage\":{\"@id\":\"https:\\\/\\\/techmasterdemexico.com\\\/producto\\\/pinza-amperimetrica-de-verdadero-valor-eficaz-de-ca-cc-fluke-375-fc\\\/#primaryimage\"},\"image\":{\"@id\":\"https:\\\/\\\/techmasterdemexico.com\\\/producto\\\/pinza-amperimetrica-de-verdadero-valor-eficaz-de-ca-cc-fluke-375-fc\\\/#primaryimage\"},\"thumbnailUrl\":\"https:\\\/\\\/techmasterdemexico.com\\\/wp-content\\\/uploads\\\/2020\\\/07\\\/f-375fc-01a-1500x1000.jpg\",\"datePublished\":\"2020-07-22T01:26:04+00:00\",\"dateModified\":\"2025-06-26T19:45:27+00:00\",\"breadcrumb\":{\"@id\":\"https:\\\/\\\/techmasterdemexico.com\\\/producto\\\/pinza-amperimetrica-de-verdadero-valor-eficaz-de-ca-cc-fluke-375-fc\\\/#breadcrumb\"},\"inLanguage\":\"en-US\",\"potentialAction\":[{\"@type\":\"ReadAction\",\"target\":[\"https:\\\/\\\/techmasterdemexico.com\\\/producto\\\/pinza-amperimetrica-de-verdadero-valor-eficaz-de-ca-cc-fluke-375-fc\\\/\"]}]},{\"@type\":\"ImageObject\",\"inLanguage\":\"en-US\",\"@id\":\"https:\\\/\\\/techmasterdemexico.com\\\/producto\\\/pinza-amperimetrica-de-verdadero-valor-eficaz-de-ca-cc-fluke-375-fc\\\/#primaryimage\",\"url\":\"https:\\\/\\\/techmasterdemexico.com\\\/wp-content\\\/uploads\\\/2020\\\/07\\\/f-375fc-01a-1500x1000.jpg\",\"contentUrl\":\"https:\\\/\\\/techmasterdemexico.com\\\/wp-content\\\/uploads\\\/2020\\\/07\\\/f-375fc-01a-1500x1000.jpg\",\"width\":615,\"height\":410},{\"@type\":\"BreadcrumbList\",\"@id\":\"https:\\\/\\\/techmasterdemexico.com\\\/producto\\\/pinza-amperimetrica-de-verdadero-valor-eficaz-de-ca-cc-fluke-375-fc\\\/#breadcrumb\",\"itemListElement\":[{\"@type\":\"ListItem\",\"position\":1,\"name\":\"Portada\",\"item\":\"https:\\\/\\\/techmasterdemexico.com\\\/\"},{\"@type\":\"ListItem\",\"position\":2,\"name\":\"Pinza amperim\u00e9trica de verdadero valor eficaz de CA\\\/CC Fluke 375 FC\"}]},{\"@type\":\"WebSite\",\"@id\":\"https:\\\/\\\/techmasterdemexico.com\\\/#website\",\"url\":\"https:\\\/\\\/techmasterdemexico.com\\\/\",\"name\":\"Techmaster de Mexico\",\"description\":\"\",\"potentialAction\":[{\"@type\":\"SearchAction\",\"target\":{\"@type\":\"EntryPoint\",\"urlTemplate\":\"https:\\\/\\\/techmasterdemexico.com\\\/?s={search_term_string}\"},\"query-input\":{\"@type\":\"PropertyValueSpecification\",\"valueRequired\":true,\"valueName\":\"search_term_string\"}}],\"inLanguage\":\"en-US\"}]}<\/script>\n<!-- \/ Yoast SEO plugin. -->","yoast_head_json":{"title":"Pinza amperim\u00e9trica de verdadero valor eficaz de CA\/CC Fluke 375 FC - Techmaster de Mexico","robots":{"index":"index","follow":"follow","max-snippet":"max-snippet:-1","max-image-preview":"max-image-preview:large","max-video-preview":"max-video-preview:-1"},"canonical":"https:\/\/techmasterdemexico.com\/producto\/pinza-amperimetrica-de-verdadero-valor-eficaz-de-ca-cc-fluke-375-fc\/","og_locale":"en_US","og_type":"article","og_title":"Pinza amperim\u00e9trica de verdadero valor eficaz de CA\/CC Fluke 375 FC - Techmaster de Mexico","og_description":"[:es]   Conecte la pinza amperim\u00e9trica a su tel\u00e9fono inteligente con la aplicaci\u00f3n para mediciones de Fluke Connect  Lea mediciones en el tel\u00e9fono a una distancia segura, con menos equipos de protecci\u00f3n individual (PPE, por sus siglas en ingl\u00e9s) mientras que el medidor se lleva todos los riesgos  Registre los resultados directamente en el tel\u00e9fono y en la nube  Capte los fallos intermitentes mientras realiza otras tareas con las capacidades de registro del modelo Fluke 375 FC  Cree y comparta informes desde el terreno mediante un correo electr\u00f3nico o hable en tiempo real con las videollamadas ShareLive\u2122  Compatible con la sonda de corriente flexible iFlex; util\u00edcela para expandir el rango de medici\u00f3n a 2.500 A de CA; proporciona acceso a grandes conductores ubicados en espacios reducidos  Compatible con la correa magn\u00e9tica para colgar TPAK  Filtro integrado de paso bajo para accionadores de frecuencia variable (VFD, por sus siglas en ingl\u00e9s) para realizar mediciones precisas de los accionadores del motor  Se usa la tecnolog\u00eda de medici\u00f3n de corriente de entrada de propiedad patentada para ignorar el ruido y capturar la corriente de arranque del motor exactamente como la percibe la protecci\u00f3n del circuito  Clasificaci\u00f3n de seguridad CAT IV 600\u00a0V, CAT III 1000\u00a0V  Tres a\u00f1os de garant\u00eda  Estuche de transporte flexible  Capacidad de la medici\u00f3n   Medici\u00f3n de corriente de CA y CC de 600 A  Mediciones de corriente de 2.500 A CA con la sonda de corriente flexible iFlex (opcional)  Medida de tensi\u00f3n de CA y CC de 1.000\u00a0V  Verdadero valor eficaz de voltaje y corriente para obtener mediciones exactas en se\u00f1ales no lineales  Medici\u00f3n de resistencia hasta 500\u00a0Hz con mordaza y tecnolog\u00eda iFlex  Medici\u00f3n de resistencia hasta 60\u00a0? con detecci\u00f3n de continuidad  Grabaci\u00f3n de entrada m\u00edn., m\u00e1x. y media para capturar las variaciones autom\u00e1ticamente  Rango de medida de 500\u00a0mV CC para la conexi\u00f3n con otros accesorios  Medida de capacitancia de 1.000\u00a0?F   &nbsp;[:en]Caracter\u00edsticas principales          Conecte la pinza amperim\u00e9trica a su tel\u00e9fono inteligente con la aplicaci\u00f3n para mediciones de Fluke Connect    Lea mediciones en el tel\u00e9fono a una distancia segura, con menos equipos de protecci\u00f3n individual (PPE, por sus siglas en ingl\u00e9s) mientras que el medidor se lleva todos los riesgos    Registre los resultados directamente en el tel\u00e9fono y en la nube    Capte los fallos intermitentes mientras realiza otras tareas con las capacidades de registro del modelo Fluke 375 FC    Cree y comparta informes desde el terreno mediante un correo electr\u00f3nico o hable en tiempo real con las videollamadas ShareLive\u2122    Compatible con la sonda de corriente flexible iFlex; util\u00edcela para expandir el rango de medici\u00f3n a 2.500 A de CA; proporciona acceso a grandes conductores ubicados en espacios reducidos    Compatible con la correa magn\u00e9tica para colgar TPAK    Filtro integrado de paso bajo para accionadores de frecuencia variable (VFD, por sus siglas en ingl\u00e9s) para realizar mediciones precisas de los accionadores del motor    Se usa la tecnolog\u00eda de medici\u00f3n de corriente de entrada de propiedad patentada para ignorar el ruido y capturar la corriente de arranque del motor exactamente como la percibe la protecci\u00f3n del circuito    Clasificaci\u00f3n de seguridad CAT IV 600\u00a0V, CAT III 1000\u00a0V    Tres a\u00f1os de garant\u00eda    Estuche de transporte flexible      Capacidad de la medici\u00f3n       Medici\u00f3n de corriente de CA y CC de 600 A    Mediciones de corriente de 2.500 A CA con la sonda de corriente flexible iFlex (opcional)    Medida de tensi\u00f3n de CA y CC de 1.000\u00a0V    Verdadero valor eficaz de voltaje y corriente para obtener mediciones exactas en se\u00f1ales no lineales    Medici\u00f3n de resistencia hasta 500\u00a0Hz con mordaza y tecnolog\u00eda iFlex    Medici\u00f3n de resistencia hasta 60\u00a0? con detecci\u00f3n de continuidad    Grabaci\u00f3n de entrada m\u00edn., m\u00e1x. y media para capturar las variaciones autom\u00e1ticamente    Rango de medida de 500\u00a0mV CC para la conexi\u00f3n con otros accesorios    Medida de capacitancia de 1.000\u00a0?F      [:]","og_url":"https:\/\/techmasterdemexico.com\/producto\/pinza-amperimetrica-de-verdadero-valor-eficaz-de-ca-cc-fluke-375-fc\/","og_site_name":"Techmaster de Mexico","article_modified_time":"2025-06-26T19:45:27+00:00","og_image":[{"width":615,"height":410,"url":"https:\/\/techmasterdemexico.com\/wp-content\/uploads\/2020\/07\/f-375fc-01a-1500x1000.jpg","type":"image\/jpeg"}],"twitter_card":"summary_large_image","twitter_misc":{"Est. reading time":"1 minute"},"schema":{"@context":"https:\/\/schema.org","@graph":[{"@type":"WebPage","@id":"https:\/\/techmasterdemexico.com\/producto\/pinza-amperimetrica-de-verdadero-valor-eficaz-de-ca-cc-fluke-375-fc\/","url":"https:\/\/techmasterdemexico.com\/producto\/pinza-amperimetrica-de-verdadero-valor-eficaz-de-ca-cc-fluke-375-fc\/","name":"Pinza amperim\u00e9trica de verdadero valor eficaz de CA\/CC Fluke 375 FC - Techmaster de Mexico","isPartOf":{"@id":"https:\/\/techmasterdemexico.com\/#website"},"primaryImageOfPage":{"@id":"https:\/\/techmasterdemexico.com\/producto\/pinza-amperimetrica-de-verdadero-valor-eficaz-de-ca-cc-fluke-375-fc\/#primaryimage"},"image":{"@id":"https:\/\/techmasterdemexico.com\/producto\/pinza-amperimetrica-de-verdadero-valor-eficaz-de-ca-cc-fluke-375-fc\/#primaryimage"},"thumbnailUrl":"https:\/\/techmasterdemexico.com\/wp-content\/uploads\/2020\/07\/f-375fc-01a-1500x1000.jpg","datePublished":"2020-07-22T01:26:04+00:00","dateModified":"2025-06-26T19:45:27+00:00","breadcrumb":{"@id":"https:\/\/techmasterdemexico.com\/producto\/pinza-amperimetrica-de-verdadero-valor-eficaz-de-ca-cc-fluke-375-fc\/#breadcrumb"},"inLanguage":"en-US","potentialAction":[{"@type":"ReadAction","target":["https:\/\/techmasterdemexico.com\/producto\/pinza-amperimetrica-de-verdadero-valor-eficaz-de-ca-cc-fluke-375-fc\/"]}]},{"@type":"ImageObject","inLanguage":"en-US","@id":"https:\/\/techmasterdemexico.com\/producto\/pinza-amperimetrica-de-verdadero-valor-eficaz-de-ca-cc-fluke-375-fc\/#primaryimage","url":"https:\/\/techmasterdemexico.com\/wp-content\/uploads\/2020\/07\/f-375fc-01a-1500x1000.jpg","contentUrl":"https:\/\/techmasterdemexico.com\/wp-content\/uploads\/2020\/07\/f-375fc-01a-1500x1000.jpg","width":615,"height":410},{"@type":"BreadcrumbList","@id":"https:\/\/techmasterdemexico.com\/producto\/pinza-amperimetrica-de-verdadero-valor-eficaz-de-ca-cc-fluke-375-fc\/#breadcrumb","itemListElement":[{"@type":"ListItem","position":1,"name":"Portada","item":"https:\/\/techmasterdemexico.com\/"},{"@type":"ListItem","position":2,"name":"Pinza amperim\u00e9trica de verdadero valor eficaz de CA\/CC Fluke 375 FC"}]},{"@type":"WebSite","@id":"https:\/\/techmasterdemexico.com\/#website","url":"https:\/\/techmasterdemexico.com\/","name":"Techmaster de Mexico","description":"","potentialAction":[{"@type":"SearchAction","target":{"@type":"EntryPoint","urlTemplate":"https:\/\/techmasterdemexico.com\/?s={search_term_string}"},"query-input":{"@type":"PropertyValueSpecification","valueRequired":true,"valueName":"search_term_string"}}],"inLanguage":"en-US"}]}},"brands":[{"id":31,"name":"Fluke","slug":"fluke"}],"_links":{"self":[{"href":"https:\/\/techmasterdemexico.com\/en\/wp-json\/wp\/v2\/product\/440","targetHints":{"allow":["GET"]}}],"collection":[{"href":"https:\/\/techmasterdemexico.com\/en\/wp-json\/wp\/v2\/product"}],"about":[{"href":"https:\/\/techmasterdemexico.com\/en\/wp-json\/wp\/v2\/types\/product"}],"wp:featuredmedia":[{"embeddable":true,"href":"https:\/\/techmasterdemexico.com\/en\/wp-json\/wp\/v2\/media\/7303"}],"wp:attachment":[{"href":"https:\/\/techmasterdemexico.com\/en\/wp-json\/wp\/v2\/media?parent=440"}],"wp:term":[{"taxonomy":"pwb-brand","embeddable":true,"href":"https:\/\/techmasterdemexico.com\/en\/wp-json\/wp\/v2\/pwb-brand?post=440"},{"taxonomy":"product_brand","embeddable":true,"href":"https:\/\/techmasterdemexico.com\/en\/wp-json\/wp\/v2\/product_brand?post=440"},{"taxonomy":"product_cat","embeddable":true,"href":"https:\/\/techmasterdemexico.com\/en\/wp-json\/wp\/v2\/product_cat?post=440"},{"taxonomy":"product_tag","embeddable":true,"href":"https:\/\/techmasterdemexico.com\/en\/wp-json\/wp\/v2\/product_tag?post=440"}],"curies":[{"name":"wp","href":"https:\/\/api.w.org\/{rel}","templated":true}]}}