{"id":437,"date":"2020-07-21T18:26:03","date_gmt":"2020-07-22T01:26:03","guid":{"rendered":"http:\/\/localhost\/techmaster-mexico\/producto\/fluke-373-pinza-amperimetrica-de-ca-de-verdadero-valor-eficaz\/"},"modified":"2025-06-26T12:45:14","modified_gmt":"2025-06-26T19:45:14","slug":"fluke-373-pinza-amperimetrica-de-ca-de-verdadero-valor-eficaz","status":"publish","type":"product","link":"https:\/\/techmasterdemexico.com\/en\/producto\/fluke-373-pinza-amperimetrica-de-ca-de-verdadero-valor-eficaz\/","title":{"rendered":"Fluke 373 Pinza amperim\u00e9trica de CA de verdadero valor eficaz"},"content":{"rendered":"<p>Fluke 373 Pinza amperim\u00e9trica de CA de verdadero valor eficaz<\/p>\n<p>Est\u00e9 preparado para todo.<\/p>\n<p>La pinza amperim\u00e9trica Fluke 373 ofrece un rendimiento mejorado perfecto para cualquier situaci\u00f3n en la que \u00fanicamente hay que medir la corriente CA. Ofrece medidas de voltaje y corriente de CA de verdadero valor eficaz y medida de resistencia de hasta 6000 \u03a9 con detecci\u00f3n de continuidad. La pinza Fluke 373 le proporciona incluso m\u00e1s de lo que necesita<\/p>\n","protected":false},"excerpt":{"rendered":"<ul>\n<li>Medida de corriente CA de 600 A con mordaza fija.<\/li>\n<li>Medida de tensi\u00f3n de CA y CC de 600 V<\/li>\n<li>El procesamiento de se\u00f1ales avanzado permite su uso en entornos el\u00e9ctricos con ruido a la vez que proporciona lecturas estables.<\/li>\n<li>CAT IV 300 V, CAT III 600 V<\/li>\n<li>Corriente y voltaje de CA con verdadero valor eficaz para obtener mediciones exactas en se\u00f1ales no lineales.<\/li>\n<li>Su gran pantalla, con retroiluminaci\u00f3n y de f\u00e1cil lectura establece autom\u00e1ticamente el rango de medida correcto, para que no sea necesario cambiar de posici\u00f3n el selector mientras se realiza la medida.<\/li>\n<li>Tres a\u00f1os de garant\u00eda<\/li>\n<li>Estuche de transporte flexible<\/li>\n<\/ul>\n","protected":false},"featured_media":7183,"template":"","meta":{"_acf_changed":false},"pwb-brand":[31],"product_brand":[],"product_cat":[366,30,41],"product_tag":[],"class_list":{"0":"post-437","1":"product","2":"type-product","3":"status-publish","4":"has-post-thumbnail","6":"pwb-brand-fluke","7":"product_cat-todos-los-productos","8":"product_cat-fluke","9":"product_cat-pinzas-amperimetricas","11":"first","12":"outofstock","13":"taxable","14":"shipping-taxable","15":"product-type-simple"},"acf":[],"yoast_head":"<!-- This site is optimized with the Yoast SEO plugin v27.4 - https:\/\/yoast.com\/product\/yoast-seo-wordpress\/ -->\n<title>Fluke 373 Pinza amperim\u00e9trica de CA de verdadero valor eficaz - Techmaster de Mexico<\/title>\n<meta name=\"robots\" content=\"index, follow, max-snippet:-1, max-image-preview:large, max-video-preview:-1\" \/>\n<link rel=\"canonical\" href=\"https:\/\/techmasterdemexico.com\/producto\/fluke-373-pinza-amperimetrica-de-ca-de-verdadero-valor-eficaz\/\" \/>\n<meta property=\"og:locale\" content=\"en_US\" \/>\n<meta property=\"og:type\" content=\"article\" \/>\n<meta property=\"og:title\" content=\"Fluke 373 Pinza amperim\u00e9trica de CA de verdadero valor eficaz - Techmaster de Mexico\" \/>\n<meta property=\"og:description\" content=\"Medida de corriente CA de 600 A con mordaza fija.  Medida de tensi\u00f3n de CA y CC de 600 V  El procesamiento de se\u00f1ales avanzado permite su uso en entornos el\u00e9ctricos con ruido a la vez que proporciona lecturas estables.  CAT IV 300 V, CAT III 600 V  Corriente y voltaje de CA con verdadero valor eficaz para obtener mediciones exactas en se\u00f1ales no lineales.  Su gran pantalla, con retroiluminaci\u00f3n y de f\u00e1cil lectura establece autom\u00e1ticamente el rango de medida correcto, para que no sea necesario cambiar de posici\u00f3n el selector mientras se realiza la medida.  Tres a\u00f1os de garant\u00eda  Estuche de transporte flexible\" \/>\n<meta property=\"og:url\" content=\"https:\/\/techmasterdemexico.com\/producto\/fluke-373-pinza-amperimetrica-de-ca-de-verdadero-valor-eficaz\/\" \/>\n<meta property=\"og:site_name\" content=\"Techmaster de Mexico\" \/>\n<meta property=\"article:modified_time\" content=\"2025-06-26T19:45:14+00:00\" \/>\n<meta property=\"og:image\" content=\"https:\/\/techmasterdemexico.com\/wp-content\/uploads\/2020\/07\/img_fluke373-1.jpg\" \/>\n\t<meta property=\"og:image:width\" content=\"700\" \/>\n\t<meta property=\"og:image:height\" content=\"700\" \/>\n\t<meta property=\"og:image:type\" content=\"image\/jpeg\" \/>\n<meta name=\"twitter:card\" content=\"summary_large_image\" \/>\n<script type=\"application\/ld+json\" class=\"yoast-schema-graph\">{\"@context\":\"https:\\\/\\\/schema.org\",\"@graph\":[{\"@type\":\"WebPage\",\"@id\":\"https:\\\/\\\/techmasterdemexico.com\\\/producto\\\/fluke-373-pinza-amperimetrica-de-ca-de-verdadero-valor-eficaz\\\/\",\"url\":\"https:\\\/\\\/techmasterdemexico.com\\\/producto\\\/fluke-373-pinza-amperimetrica-de-ca-de-verdadero-valor-eficaz\\\/\",\"name\":\"Fluke 373 Pinza amperim\u00e9trica de CA de verdadero valor eficaz - Techmaster de Mexico\",\"isPartOf\":{\"@id\":\"https:\\\/\\\/techmasterdemexico.com\\\/#website\"},\"primaryImageOfPage\":{\"@id\":\"https:\\\/\\\/techmasterdemexico.com\\\/producto\\\/fluke-373-pinza-amperimetrica-de-ca-de-verdadero-valor-eficaz\\\/#primaryimage\"},\"image\":{\"@id\":\"https:\\\/\\\/techmasterdemexico.com\\\/producto\\\/fluke-373-pinza-amperimetrica-de-ca-de-verdadero-valor-eficaz\\\/#primaryimage\"},\"thumbnailUrl\":\"https:\\\/\\\/techmasterdemexico.com\\\/wp-content\\\/uploads\\\/2020\\\/07\\\/img_fluke373-1.jpg\",\"datePublished\":\"2020-07-22T01:26:03+00:00\",\"dateModified\":\"2025-06-26T19:45:14+00:00\",\"breadcrumb\":{\"@id\":\"https:\\\/\\\/techmasterdemexico.com\\\/producto\\\/fluke-373-pinza-amperimetrica-de-ca-de-verdadero-valor-eficaz\\\/#breadcrumb\"},\"inLanguage\":\"en-US\",\"potentialAction\":[{\"@type\":\"ReadAction\",\"target\":[\"https:\\\/\\\/techmasterdemexico.com\\\/producto\\\/fluke-373-pinza-amperimetrica-de-ca-de-verdadero-valor-eficaz\\\/\"]}]},{\"@type\":\"ImageObject\",\"inLanguage\":\"en-US\",\"@id\":\"https:\\\/\\\/techmasterdemexico.com\\\/producto\\\/fluke-373-pinza-amperimetrica-de-ca-de-verdadero-valor-eficaz\\\/#primaryimage\",\"url\":\"https:\\\/\\\/techmasterdemexico.com\\\/wp-content\\\/uploads\\\/2020\\\/07\\\/img_fluke373-1.jpg\",\"contentUrl\":\"https:\\\/\\\/techmasterdemexico.com\\\/wp-content\\\/uploads\\\/2020\\\/07\\\/img_fluke373-1.jpg\",\"width\":700,\"height\":700},{\"@type\":\"BreadcrumbList\",\"@id\":\"https:\\\/\\\/techmasterdemexico.com\\\/producto\\\/fluke-373-pinza-amperimetrica-de-ca-de-verdadero-valor-eficaz\\\/#breadcrumb\",\"itemListElement\":[{\"@type\":\"ListItem\",\"position\":1,\"name\":\"Portada\",\"item\":\"https:\\\/\\\/techmasterdemexico.com\\\/\"},{\"@type\":\"ListItem\",\"position\":2,\"name\":\"Fluke 373 Pinza amperim\u00e9trica de CA de verdadero valor eficaz\"}]},{\"@type\":\"WebSite\",\"@id\":\"https:\\\/\\\/techmasterdemexico.com\\\/#website\",\"url\":\"https:\\\/\\\/techmasterdemexico.com\\\/\",\"name\":\"Techmaster de Mexico\",\"description\":\"\",\"potentialAction\":[{\"@type\":\"SearchAction\",\"target\":{\"@type\":\"EntryPoint\",\"urlTemplate\":\"https:\\\/\\\/techmasterdemexico.com\\\/?s={search_term_string}\"},\"query-input\":{\"@type\":\"PropertyValueSpecification\",\"valueRequired\":true,\"valueName\":\"search_term_string\"}}],\"inLanguage\":\"en-US\"}]}<\/script>\n<!-- \/ Yoast SEO plugin. -->","yoast_head_json":{"title":"Fluke 373 Pinza amperim\u00e9trica de CA de verdadero valor eficaz - Techmaster de Mexico","robots":{"index":"index","follow":"follow","max-snippet":"max-snippet:-1","max-image-preview":"max-image-preview:large","max-video-preview":"max-video-preview:-1"},"canonical":"https:\/\/techmasterdemexico.com\/producto\/fluke-373-pinza-amperimetrica-de-ca-de-verdadero-valor-eficaz\/","og_locale":"en_US","og_type":"article","og_title":"Fluke 373 Pinza amperim\u00e9trica de CA de verdadero valor eficaz - Techmaster de Mexico","og_description":"Medida de corriente CA de 600 A con mordaza fija.  Medida de tensi\u00f3n de CA y CC de 600 V  El procesamiento de se\u00f1ales avanzado permite su uso en entornos el\u00e9ctricos con ruido a la vez que proporciona lecturas estables.  CAT IV 300 V, CAT III 600 V  Corriente y voltaje de CA con verdadero valor eficaz para obtener mediciones exactas en se\u00f1ales no lineales.  Su gran pantalla, con retroiluminaci\u00f3n y de f\u00e1cil lectura establece autom\u00e1ticamente el rango de medida correcto, para que no sea necesario cambiar de posici\u00f3n el selector mientras se realiza la medida.  Tres a\u00f1os de garant\u00eda  Estuche de transporte flexible","og_url":"https:\/\/techmasterdemexico.com\/producto\/fluke-373-pinza-amperimetrica-de-ca-de-verdadero-valor-eficaz\/","og_site_name":"Techmaster de Mexico","article_modified_time":"2025-06-26T19:45:14+00:00","og_image":[{"width":700,"height":700,"url":"https:\/\/techmasterdemexico.com\/wp-content\/uploads\/2020\/07\/img_fluke373-1.jpg","type":"image\/jpeg"}],"twitter_card":"summary_large_image","schema":{"@context":"https:\/\/schema.org","@graph":[{"@type":"WebPage","@id":"https:\/\/techmasterdemexico.com\/producto\/fluke-373-pinza-amperimetrica-de-ca-de-verdadero-valor-eficaz\/","url":"https:\/\/techmasterdemexico.com\/producto\/fluke-373-pinza-amperimetrica-de-ca-de-verdadero-valor-eficaz\/","name":"Fluke 373 Pinza amperim\u00e9trica de CA de verdadero valor eficaz - Techmaster de Mexico","isPartOf":{"@id":"https:\/\/techmasterdemexico.com\/#website"},"primaryImageOfPage":{"@id":"https:\/\/techmasterdemexico.com\/producto\/fluke-373-pinza-amperimetrica-de-ca-de-verdadero-valor-eficaz\/#primaryimage"},"image":{"@id":"https:\/\/techmasterdemexico.com\/producto\/fluke-373-pinza-amperimetrica-de-ca-de-verdadero-valor-eficaz\/#primaryimage"},"thumbnailUrl":"https:\/\/techmasterdemexico.com\/wp-content\/uploads\/2020\/07\/img_fluke373-1.jpg","datePublished":"2020-07-22T01:26:03+00:00","dateModified":"2025-06-26T19:45:14+00:00","breadcrumb":{"@id":"https:\/\/techmasterdemexico.com\/producto\/fluke-373-pinza-amperimetrica-de-ca-de-verdadero-valor-eficaz\/#breadcrumb"},"inLanguage":"en-US","potentialAction":[{"@type":"ReadAction","target":["https:\/\/techmasterdemexico.com\/producto\/fluke-373-pinza-amperimetrica-de-ca-de-verdadero-valor-eficaz\/"]}]},{"@type":"ImageObject","inLanguage":"en-US","@id":"https:\/\/techmasterdemexico.com\/producto\/fluke-373-pinza-amperimetrica-de-ca-de-verdadero-valor-eficaz\/#primaryimage","url":"https:\/\/techmasterdemexico.com\/wp-content\/uploads\/2020\/07\/img_fluke373-1.jpg","contentUrl":"https:\/\/techmasterdemexico.com\/wp-content\/uploads\/2020\/07\/img_fluke373-1.jpg","width":700,"height":700},{"@type":"BreadcrumbList","@id":"https:\/\/techmasterdemexico.com\/producto\/fluke-373-pinza-amperimetrica-de-ca-de-verdadero-valor-eficaz\/#breadcrumb","itemListElement":[{"@type":"ListItem","position":1,"name":"Portada","item":"https:\/\/techmasterdemexico.com\/"},{"@type":"ListItem","position":2,"name":"Fluke 373 Pinza amperim\u00e9trica de CA de verdadero valor eficaz"}]},{"@type":"WebSite","@id":"https:\/\/techmasterdemexico.com\/#website","url":"https:\/\/techmasterdemexico.com\/","name":"Techmaster de Mexico","description":"","potentialAction":[{"@type":"SearchAction","target":{"@type":"EntryPoint","urlTemplate":"https:\/\/techmasterdemexico.com\/?s={search_term_string}"},"query-input":{"@type":"PropertyValueSpecification","valueRequired":true,"valueName":"search_term_string"}}],"inLanguage":"en-US"}]}},"brands":[{"id":31,"name":"Fluke","slug":"fluke"}],"_links":{"self":[{"href":"https:\/\/techmasterdemexico.com\/en\/wp-json\/wp\/v2\/product\/437","targetHints":{"allow":["GET"]}}],"collection":[{"href":"https:\/\/techmasterdemexico.com\/en\/wp-json\/wp\/v2\/product"}],"about":[{"href":"https:\/\/techmasterdemexico.com\/en\/wp-json\/wp\/v2\/types\/product"}],"wp:featuredmedia":[{"embeddable":true,"href":"https:\/\/techmasterdemexico.com\/en\/wp-json\/wp\/v2\/media\/7183"}],"wp:attachment":[{"href":"https:\/\/techmasterdemexico.com\/en\/wp-json\/wp\/v2\/media?parent=437"}],"wp:term":[{"taxonomy":"pwb-brand","embeddable":true,"href":"https:\/\/techmasterdemexico.com\/en\/wp-json\/wp\/v2\/pwb-brand?post=437"},{"taxonomy":"product_brand","embeddable":true,"href":"https:\/\/techmasterdemexico.com\/en\/wp-json\/wp\/v2\/product_brand?post=437"},{"taxonomy":"product_cat","embeddable":true,"href":"https:\/\/techmasterdemexico.com\/en\/wp-json\/wp\/v2\/product_cat?post=437"},{"taxonomy":"product_tag","embeddable":true,"href":"https:\/\/techmasterdemexico.com\/en\/wp-json\/wp\/v2\/product_tag?post=437"}],"curies":[{"name":"wp","href":"https:\/\/api.w.org\/{rel}","templated":true}]}}