{"id":434,"date":"2020-07-21T18:26:02","date_gmt":"2020-07-22T01:26:02","guid":{"rendered":"http:\/\/localhost\/techmaster-mexico\/producto\/pinza-amperimetrica-de-verdadero-valor-eficaz-fluke-323\/"},"modified":"2025-06-26T12:44:45","modified_gmt":"2025-06-26T19:44:45","slug":"pinza-amperimetrica-de-verdadero-valor-eficaz-fluke-323","status":"publish","type":"product","link":"https:\/\/techmasterdemexico.com\/en\/producto\/pinza-amperimetrica-de-verdadero-valor-eficaz-fluke-323\/","title":{"rendered":"Pinza amperim\u00e9trica de verdadero valor eficaz Fluke 323"},"content":{"rendered":"<p>Resistencia Fluke. Confiabilidad Fluke. Precisi\u00f3n Fluke.<\/p>\n<p>Las medidas de verdadero valor eficaz y la ergonom\u00eda optimizada hacen de las pinzas amperim\u00e9tricas de la serie 320 las mejores herramientas de resoluci\u00f3n general de problemas para los electricistas comerciales y residenciales. El modelo Fluke 323 resulta especialmente id\u00f3neo para realizar mediciones de corriente de hasta 400 A en espacios reducidos.<\/p>\n","protected":false},"excerpt":{"rendered":"<ul>\n<li>Medida de corriente CA de 400 A<\/li>\n<li>Medida de tensi\u00f3n de CA y CC de 600 V<\/li>\n<li>Voltaje y corriente de CA con verdadero valor eficaz para obtener mediciones exactas en se\u00f1ales no lineales<\/li>\n<li>Medida de resistencia de hasta 4 k \u03a9 con detecci\u00f3n de continuidad<\/li>\n<li>Dise\u00f1o delgado y ergon\u00f3mico<\/li>\n<li>Clasificaci\u00f3n de seguridad CAT IV 300V\/CAT III 600 V<\/li>\n<li>Bot\u00f3n de retenci\u00f3n<\/li>\n<li>Garant\u00eda de dos a\u00f1os.<\/li>\n<li>Estuche de transporte flexible<\/li>\n<\/ul>\n","protected":false},"featured_media":7244,"template":"","meta":{"_acf_changed":false},"pwb-brand":[31],"product_brand":[],"product_cat":[366,30,41],"product_tag":[],"class_list":{"0":"post-434","1":"product","2":"type-product","3":"status-publish","4":"has-post-thumbnail","6":"pwb-brand-fluke","7":"product_cat-todos-los-productos","8":"product_cat-fluke","9":"product_cat-pinzas-amperimetricas","11":"first","12":"instock","13":"taxable","14":"shipping-taxable","15":"product-type-simple"},"acf":[],"yoast_head":"<!-- This site is optimized with the Yoast SEO plugin v27.4 - https:\/\/yoast.com\/product\/yoast-seo-wordpress\/ -->\n<title>Pinza amperim\u00e9trica de verdadero valor eficaz Fluke 323 - Techmaster de Mexico<\/title>\n<meta name=\"robots\" content=\"index, follow, max-snippet:-1, max-image-preview:large, max-video-preview:-1\" \/>\n<link rel=\"canonical\" href=\"https:\/\/techmasterdemexico.com\/en\/producto\/pinza-amperimetrica-de-verdadero-valor-eficaz-fluke-323\/\" \/>\n<meta property=\"og:locale\" content=\"en_US\" \/>\n<meta property=\"og:type\" content=\"article\" \/>\n<meta property=\"og:title\" content=\"Pinza amperim\u00e9trica de verdadero valor eficaz Fluke 323 - Techmaster de Mexico\" \/>\n<meta property=\"og:description\" content=\"Medida de corriente CA de 400 A  Medida de tensi\u00f3n de CA y CC de 600 V  Voltaje y corriente de CA con verdadero valor eficaz para obtener mediciones exactas en se\u00f1ales no lineales  Medida de resistencia de hasta 4 k \u03a9 con detecci\u00f3n de continuidad  Dise\u00f1o delgado y ergon\u00f3mico  Clasificaci\u00f3n de seguridad CAT IV 300V\/CAT III 600 V  Bot\u00f3n de retenci\u00f3n  Garant\u00eda de dos a\u00f1os.  Estuche de transporte flexible\" \/>\n<meta property=\"og:url\" content=\"https:\/\/techmasterdemexico.com\/en\/producto\/pinza-amperimetrica-de-verdadero-valor-eficaz-fluke-323\/\" \/>\n<meta property=\"og:site_name\" content=\"Techmaster de Mexico\" \/>\n<meta property=\"article:modified_time\" content=\"2025-06-26T19:44:45+00:00\" \/>\n<meta property=\"og:image\" content=\"https:\/\/techmasterdemexico.com\/wp-content\/uploads\/2020\/07\/img_fluke323_1.jpg\" \/>\n\t<meta property=\"og:image:width\" content=\"700\" \/>\n\t<meta property=\"og:image:height\" content=\"700\" \/>\n\t<meta property=\"og:image:type\" content=\"image\/jpeg\" \/>\n<meta name=\"twitter:card\" content=\"summary_large_image\" \/>\n<script type=\"application\/ld+json\" class=\"yoast-schema-graph\">{\"@context\":\"https:\\\/\\\/schema.org\",\"@graph\":[{\"@type\":\"WebPage\",\"@id\":\"https:\\\/\\\/techmasterdemexico.com\\\/en\\\/producto\\\/pinza-amperimetrica-de-verdadero-valor-eficaz-fluke-323\\\/\",\"url\":\"https:\\\/\\\/techmasterdemexico.com\\\/en\\\/producto\\\/pinza-amperimetrica-de-verdadero-valor-eficaz-fluke-323\\\/\",\"name\":\"Pinza amperim\u00e9trica de verdadero valor eficaz Fluke 323 - Techmaster de Mexico\",\"isPartOf\":{\"@id\":\"https:\\\/\\\/techmasterdemexico.com\\\/#website\"},\"primaryImageOfPage\":{\"@id\":\"https:\\\/\\\/techmasterdemexico.com\\\/en\\\/producto\\\/pinza-amperimetrica-de-verdadero-valor-eficaz-fluke-323\\\/#primaryimage\"},\"image\":{\"@id\":\"https:\\\/\\\/techmasterdemexico.com\\\/en\\\/producto\\\/pinza-amperimetrica-de-verdadero-valor-eficaz-fluke-323\\\/#primaryimage\"},\"thumbnailUrl\":\"https:\\\/\\\/techmasterdemexico.com\\\/wp-content\\\/uploads\\\/2020\\\/07\\\/img_fluke323_1.jpg\",\"datePublished\":\"2020-07-22T01:26:02+00:00\",\"dateModified\":\"2025-06-26T19:44:45+00:00\",\"breadcrumb\":{\"@id\":\"https:\\\/\\\/techmasterdemexico.com\\\/en\\\/producto\\\/pinza-amperimetrica-de-verdadero-valor-eficaz-fluke-323\\\/#breadcrumb\"},\"inLanguage\":\"en-US\",\"potentialAction\":[{\"@type\":\"ReadAction\",\"target\":[\"https:\\\/\\\/techmasterdemexico.com\\\/en\\\/producto\\\/pinza-amperimetrica-de-verdadero-valor-eficaz-fluke-323\\\/\"]}]},{\"@type\":\"ImageObject\",\"inLanguage\":\"en-US\",\"@id\":\"https:\\\/\\\/techmasterdemexico.com\\\/en\\\/producto\\\/pinza-amperimetrica-de-verdadero-valor-eficaz-fluke-323\\\/#primaryimage\",\"url\":\"https:\\\/\\\/techmasterdemexico.com\\\/wp-content\\\/uploads\\\/2020\\\/07\\\/img_fluke323_1.jpg\",\"contentUrl\":\"https:\\\/\\\/techmasterdemexico.com\\\/wp-content\\\/uploads\\\/2020\\\/07\\\/img_fluke323_1.jpg\",\"width\":700,\"height\":700},{\"@type\":\"BreadcrumbList\",\"@id\":\"https:\\\/\\\/techmasterdemexico.com\\\/en\\\/producto\\\/pinza-amperimetrica-de-verdadero-valor-eficaz-fluke-323\\\/#breadcrumb\",\"itemListElement\":[{\"@type\":\"ListItem\",\"position\":1,\"name\":\"Portada\",\"item\":\"https:\\\/\\\/techmasterdemexico.com\\\/\"},{\"@type\":\"ListItem\",\"position\":2,\"name\":\"Pinza amperim\u00e9trica de verdadero valor eficaz Fluke 323\"}]},{\"@type\":\"WebSite\",\"@id\":\"https:\\\/\\\/techmasterdemexico.com\\\/#website\",\"url\":\"https:\\\/\\\/techmasterdemexico.com\\\/\",\"name\":\"Techmaster de Mexico\",\"description\":\"\",\"potentialAction\":[{\"@type\":\"SearchAction\",\"target\":{\"@type\":\"EntryPoint\",\"urlTemplate\":\"https:\\\/\\\/techmasterdemexico.com\\\/?s={search_term_string}\"},\"query-input\":{\"@type\":\"PropertyValueSpecification\",\"valueRequired\":true,\"valueName\":\"search_term_string\"}}],\"inLanguage\":\"en-US\"}]}<\/script>\n<!-- \/ Yoast SEO plugin. -->","yoast_head_json":{"title":"Pinza amperim\u00e9trica de verdadero valor eficaz Fluke 323 - Techmaster de Mexico","robots":{"index":"index","follow":"follow","max-snippet":"max-snippet:-1","max-image-preview":"max-image-preview:large","max-video-preview":"max-video-preview:-1"},"canonical":"https:\/\/techmasterdemexico.com\/en\/producto\/pinza-amperimetrica-de-verdadero-valor-eficaz-fluke-323\/","og_locale":"en_US","og_type":"article","og_title":"Pinza amperim\u00e9trica de verdadero valor eficaz Fluke 323 - Techmaster de Mexico","og_description":"Medida de corriente CA de 400 A  Medida de tensi\u00f3n de CA y CC de 600 V  Voltaje y corriente de CA con verdadero valor eficaz para obtener mediciones exactas en se\u00f1ales no lineales  Medida de resistencia de hasta 4 k \u03a9 con detecci\u00f3n de continuidad  Dise\u00f1o delgado y ergon\u00f3mico  Clasificaci\u00f3n de seguridad CAT IV 300V\/CAT III 600 V  Bot\u00f3n de retenci\u00f3n  Garant\u00eda de dos a\u00f1os.  Estuche de transporte flexible","og_url":"https:\/\/techmasterdemexico.com\/en\/producto\/pinza-amperimetrica-de-verdadero-valor-eficaz-fluke-323\/","og_site_name":"Techmaster de Mexico","article_modified_time":"2025-06-26T19:44:45+00:00","og_image":[{"width":700,"height":700,"url":"https:\/\/techmasterdemexico.com\/wp-content\/uploads\/2020\/07\/img_fluke323_1.jpg","type":"image\/jpeg"}],"twitter_card":"summary_large_image","schema":{"@context":"https:\/\/schema.org","@graph":[{"@type":"WebPage","@id":"https:\/\/techmasterdemexico.com\/en\/producto\/pinza-amperimetrica-de-verdadero-valor-eficaz-fluke-323\/","url":"https:\/\/techmasterdemexico.com\/en\/producto\/pinza-amperimetrica-de-verdadero-valor-eficaz-fluke-323\/","name":"Pinza amperim\u00e9trica de verdadero valor eficaz Fluke 323 - Techmaster de Mexico","isPartOf":{"@id":"https:\/\/techmasterdemexico.com\/#website"},"primaryImageOfPage":{"@id":"https:\/\/techmasterdemexico.com\/en\/producto\/pinza-amperimetrica-de-verdadero-valor-eficaz-fluke-323\/#primaryimage"},"image":{"@id":"https:\/\/techmasterdemexico.com\/en\/producto\/pinza-amperimetrica-de-verdadero-valor-eficaz-fluke-323\/#primaryimage"},"thumbnailUrl":"https:\/\/techmasterdemexico.com\/wp-content\/uploads\/2020\/07\/img_fluke323_1.jpg","datePublished":"2020-07-22T01:26:02+00:00","dateModified":"2025-06-26T19:44:45+00:00","breadcrumb":{"@id":"https:\/\/techmasterdemexico.com\/en\/producto\/pinza-amperimetrica-de-verdadero-valor-eficaz-fluke-323\/#breadcrumb"},"inLanguage":"en-US","potentialAction":[{"@type":"ReadAction","target":["https:\/\/techmasterdemexico.com\/en\/producto\/pinza-amperimetrica-de-verdadero-valor-eficaz-fluke-323\/"]}]},{"@type":"ImageObject","inLanguage":"en-US","@id":"https:\/\/techmasterdemexico.com\/en\/producto\/pinza-amperimetrica-de-verdadero-valor-eficaz-fluke-323\/#primaryimage","url":"https:\/\/techmasterdemexico.com\/wp-content\/uploads\/2020\/07\/img_fluke323_1.jpg","contentUrl":"https:\/\/techmasterdemexico.com\/wp-content\/uploads\/2020\/07\/img_fluke323_1.jpg","width":700,"height":700},{"@type":"BreadcrumbList","@id":"https:\/\/techmasterdemexico.com\/en\/producto\/pinza-amperimetrica-de-verdadero-valor-eficaz-fluke-323\/#breadcrumb","itemListElement":[{"@type":"ListItem","position":1,"name":"Portada","item":"https:\/\/techmasterdemexico.com\/"},{"@type":"ListItem","position":2,"name":"Pinza amperim\u00e9trica de verdadero valor eficaz Fluke 323"}]},{"@type":"WebSite","@id":"https:\/\/techmasterdemexico.com\/#website","url":"https:\/\/techmasterdemexico.com\/","name":"Techmaster de Mexico","description":"","potentialAction":[{"@type":"SearchAction","target":{"@type":"EntryPoint","urlTemplate":"https:\/\/techmasterdemexico.com\/?s={search_term_string}"},"query-input":{"@type":"PropertyValueSpecification","valueRequired":true,"valueName":"search_term_string"}}],"inLanguage":"en-US"}]}},"brands":[{"id":31,"name":"Fluke","slug":"fluke"}],"_links":{"self":[{"href":"https:\/\/techmasterdemexico.com\/en\/wp-json\/wp\/v2\/product\/434","targetHints":{"allow":["GET"]}}],"collection":[{"href":"https:\/\/techmasterdemexico.com\/en\/wp-json\/wp\/v2\/product"}],"about":[{"href":"https:\/\/techmasterdemexico.com\/en\/wp-json\/wp\/v2\/types\/product"}],"wp:featuredmedia":[{"embeddable":true,"href":"https:\/\/techmasterdemexico.com\/en\/wp-json\/wp\/v2\/media\/7244"}],"wp:attachment":[{"href":"https:\/\/techmasterdemexico.com\/en\/wp-json\/wp\/v2\/media?parent=434"}],"wp:term":[{"taxonomy":"pwb-brand","embeddable":true,"href":"https:\/\/techmasterdemexico.com\/en\/wp-json\/wp\/v2\/pwb-brand?post=434"},{"taxonomy":"product_brand","embeddable":true,"href":"https:\/\/techmasterdemexico.com\/en\/wp-json\/wp\/v2\/product_brand?post=434"},{"taxonomy":"product_cat","embeddable":true,"href":"https:\/\/techmasterdemexico.com\/en\/wp-json\/wp\/v2\/product_cat?post=434"},{"taxonomy":"product_tag","embeddable":true,"href":"https:\/\/techmasterdemexico.com\/en\/wp-json\/wp\/v2\/product_tag?post=434"}],"curies":[{"name":"wp","href":"https:\/\/api.w.org\/{rel}","templated":true}]}}