{"id":433,"date":"2020-07-21T18:26:02","date_gmt":"2020-07-22T01:26:02","guid":{"rendered":"http:\/\/localhost\/techmaster-mexico\/producto\/multimetro-industrial-fluke-87v\/"},"modified":"2025-06-26T12:44:37","modified_gmt":"2025-06-26T19:44:37","slug":"multimetro-industrial-fluke-87v","status":"publish","type":"product","link":"https:\/\/techmasterdemexico.com\/en\/producto\/multimetro-industrial-fluke-87v\/","title":{"rendered":"Mult\u00edmetro industrial Fluke 87V"},"content":{"rendered":"<p>&#8221;Construido tan resistente como un ladrillo; el medidor m\u00e1s confiable con el que he trabajado en los \u00faltimos 30 a\u00f1os tanto en el \u00e1mbito profesional (instalaciones de radares, etc.) como en el privado (radio a nivel de aficionado, etc.) para la soluci\u00f3n de problemas de dispositivos el\u00e9ctricos y electr\u00f3nicos&#8230;&#8221;<\/p>\n<p>\u2013 Martin de Hamburgo, Alemania.<\/p>\n<p>Dise\u00f1ado para identificar problemas de se\u00f1al compleja con rapidez<\/p>\n<p>Cuando la productividad es un factor de primer orden y necesita solucionar los problemas con rapidez, el modelo Fluke 87V proporciona la precisi\u00f3n y las capacidades de resoluci\u00f3n de problemas que necesita. Dise\u00f1ado espec\u00edficamente para gestionar se\u00f1ales complejas, el mult\u00edmetro industrial 87V permite ganar productividad acabando con las conjeturas en la soluci\u00f3n de problemas de los sistemas motores incluso en ubicaciones ruidosas, de mucha energ\u00eda y altitud.<\/p>","protected":false},"excerpt":{"rendered":"<ul>\n<li>Su innovadora tecnolog\u00eda, que permite realizar medidas precisas de voltaje y frecuencia en variadores de velocidad y otros equipos con gran cantidad de ruido el\u00e9ctrico<\/li>\n<li>Term\u00f3metro integrado que permite realizar medidas de temperatura sin necesidad de instrumentos adicionales.<\/li>\n<li>Correa con im\u00e1n (opcional) que facilita la medida y su visualizaci\u00f3n en pantalla mientras se tienen las manos libres para realizar otras tareas.<\/li>\n<li>Pantalla de gran tama\u00f1o con retroiluminaci\u00f3n en dos niveles que hace la lectura de los mult\u00edmetros 87V mucho m\u00e1s f\u00e1cil que en modelos m\u00e1s antiguos.<\/li>\n<li>Valor eficaz verdadero de voltaje y corriente de CA para obtener mediciones exactas en el caso de se\u00f1ales no lineales.<\/li>\n<li>Filtro seleccionable para medidas precisas de frecuencia y voltaje en variadores de velocidad<\/li>\n<li>Precisi\u00f3n de CC del 0.05 %<\/li>\n<li>6000 recuentos, 3-3\/4 d\u00edgitos<\/li>\n<li>Resoluci\u00f3n de 4-1\/2 d\u00edgitos para obtener medidas precisas (20 000 recuentos)<\/li>\n<li>Mediciones de hasta 1000 V CA y CC<\/li>\n<li>Medida de hasta 10 A; 20 A por un m\u00e1ximo de 30 segundos<\/li>\n<li>Term\u00f3metro integrado que evita la necesidad de llevar una herramienta m\u00e1s (sonda de temperatura incluida)<\/li>\n<li>Frecuencia hasta 200 kHz y ciclo de trabajo (en %)<\/li>\n<li>Prueba de resistencia, continuidad y diodos<\/li>\n<li>Rango de capacidad de 10 000 \u00b5F en motores y componentes<\/li>\n<li>Registro de valores m\u00ednimos, m\u00e1ximos y promedio con alarma para captura autom\u00e1tica de variaciones<\/li>\n<li>Captura de picos para registrar transitorios tan r\u00e1pidos como 250 \u00b5s<\/li>\n<li>Modo relativo para compensaci\u00f3n de errores debidos a las puntas de prueba<\/li>\n<li>Selecci\u00f3n autom\u00e1tica y manual de rango<\/li>\n<li>Touch Hold para congelar autom\u00e1ticamente las medidas en pantalla<\/li>\n<li>D\u00edgitos de gran tama\u00f1o y pantalla con retroalimentaci\u00f3n en dos niveles de luz blanca<\/li>\n<li>Barra gr\u00e1fica anal\u00f3gica para visualizaci\u00f3n de cambios r\u00e1pidos en la medida o medidas inestables<\/li>\n<li>Alarma sonora de entrada incorrecta que advierte en caso de conexi\u00f3n err\u00f3nea de las clavijas de entrada<\/li>\n<li>Modo de apagado autom\u00e1tico seleccionable mejorado para alargar la vida \u00fatil de las bater\u00edas<\/li>\n<li>Tapa de acceso al compartimento de las bater\u00edas que permite cambiarlas sin romper el sello de calibraci\u00f3n<\/li>\n<li>Dise\u00f1o &#8220;cl\u00e1sico&#8221; con nueva funda extra\u00edble y compartimento trasero para portar puntas y cables de prueba<\/li>\n<li>Garant\u00eda de por vida<\/li>\n<\/ul>\n","protected":false},"featured_media":7238,"template":"","meta":{"_acf_changed":false},"pwb-brand":[31],"product_brand":[],"product_cat":[366,30,138],"product_tag":[],"class_list":{"0":"post-433","1":"product","2":"type-product","3":"status-publish","4":"has-post-thumbnail","6":"pwb-brand-fluke","7":"product_cat-todos-los-productos","8":"product_cat-fluke","9":"product_cat-multimetros-digitales-fluke","11":"first","12":"instock","13":"taxable","14":"shipping-taxable","15":"product-type-simple"},"acf":[],"yoast_head":"<!-- This site is optimized with the Yoast SEO plugin v27.4 - https:\/\/yoast.com\/product\/yoast-seo-wordpress\/ -->\n<title>Mult\u00edmetro industrial Fluke 87V - Techmaster de Mexico<\/title>\n<meta name=\"robots\" content=\"index, follow, max-snippet:-1, max-image-preview:large, max-video-preview:-1\" \/>\n<link rel=\"canonical\" href=\"https:\/\/techmasterdemexico.com\/producto\/multimetro-industrial-fluke-87v\/\" \/>\n<meta property=\"og:locale\" content=\"en_US\" \/>\n<meta property=\"og:type\" content=\"article\" \/>\n<meta property=\"og:title\" content=\"Mult\u00edmetro industrial Fluke 87V - Techmaster de Mexico\" \/>\n<meta property=\"og:description\" content=\"[:es]  Su innovadora tecnolog\u00eda, que permite realizar medidas precisas de voltaje y frecuencia en variadores de velocidad y otros equipos con gran cantidad de ruido el\u00e9ctrico  Term\u00f3metro integrado que permite realizar medidas de temperatura sin necesidad de instrumentos adicionales.  Correa con im\u00e1n (opcional) que facilita la medida y su visualizaci\u00f3n en pantalla mientras se tienen las manos libres para realizar otras tareas.  Pantalla de gran tama\u00f1o con retroiluminaci\u00f3n en dos niveles que hace la lectura de los mult\u00edmetros 87V mucho m\u00e1s f\u00e1cil que en modelos m\u00e1s antiguos.  Valor eficaz verdadero de voltaje y corriente de CA para obtener mediciones exactas en el caso de se\u00f1ales no lineales.  Filtro seleccionable para medidas precisas de frecuencia y voltaje en variadores de velocidad  Precisi\u00f3n de CC del 0.05 %  6000 recuentos, 3-3\/4 d\u00edgitos  Resoluci\u00f3n de 4-1\/2 d\u00edgitos para obtener medidas precisas (20 000 recuentos)  Mediciones de hasta 1000 V CA y CC  Medida de hasta 10 A; 20 A por un m\u00e1ximo de 30 segundos  Term\u00f3metro integrado que evita la necesidad de llevar una herramienta m\u00e1s (sonda de temperatura incluida)  Frecuencia hasta 200 kHz y ciclo de trabajo (en %)  Prueba de resistencia, continuidad y diodos  Rango de capacidad de 10 000 \u00b5F en motores y componentes  Registro de valores m\u00ednimos, m\u00e1ximos y promedio con alarma para captura autom\u00e1tica de variaciones  Captura de picos para registrar transitorios tan r\u00e1pidos como 250 \u00b5s  Modo relativo para compensaci\u00f3n de errores debidos a las puntas de prueba  Selecci\u00f3n autom\u00e1tica y manual de rango  Touch Hold para congelar autom\u00e1ticamente las medidas en pantalla  D\u00edgitos de gran tama\u00f1o y pantalla con retroalimentaci\u00f3n en dos niveles de luz blanca  Barra gr\u00e1fica anal\u00f3gica para visualizaci\u00f3n de cambios r\u00e1pidos en la medida o medidas inestables  Alarma sonora de entrada incorrecta que advierte en caso de conexi\u00f3n err\u00f3nea de las clavijas de entrada  Modo de apagado autom\u00e1tico seleccionable mejorado para alargar la vida \u00fatil de las bater\u00edas  Tapa de acceso al compartimento de las bater\u00edas que permite cambiarlas sin romper el sello de calibraci\u00f3n  Dise\u00f1o &quot;cl\u00e1sico&quot; con nueva funda extra\u00edble y compartimento trasero para portar puntas y cables de prueba  Garant\u00eda de por vida [:en]      Su innovadora tecnolog\u00eda, que permite realizar medidas precisas de voltaje y frecuencia en variadores de velocidad y otros equipos con gran cantidad de ruido el\u00e9ctrico    Term\u00f3metro integrado que permite realizar medidas de temperatura sin necesidad de instrumentos adicionales.    Correa con im\u00e1n (opcional) que facilita la medida y su visualizaci\u00f3n en pantalla mientras se tienen las manos libres para realizar otras tareas.    Pantalla de gran tama\u00f1o con retroiluminaci\u00f3n en dos niveles que hace la lectura de los mult\u00edmetros 87V mucho m\u00e1s f\u00e1cil que en modelos m\u00e1s antiguos.    Valor eficaz verdadero de voltaje y corriente de CA para obtener mediciones exactas en el caso de se\u00f1ales no lineales.    Filtro seleccionable para medidas precisas de frecuencia y voltaje en variadores de velocidad    Precisi\u00f3n de CC del 0.05 %    6000 recuentos, 3-3\/4 d\u00edgitos    Resoluci\u00f3n de 4-1\/2 d\u00edgitos para obtener medidas precisas (20 000 recuentos)    Mediciones de hasta 1000 V CA y CC    Medida de hasta 10 A; 20 A por un m\u00e1ximo de 30 segundos    Term\u00f3metro integrado que evita la necesidad de llevar una herramienta m\u00e1s (sonda de temperatura incluida)    Frecuencia hasta 200 kHz y ciclo de trabajo (en %)    Prueba de resistencia, continuidad y diodos    Rango de capacidad de 10 000 \u00b5F en motores y componentes    Registro de valores m\u00ednimos, m\u00e1ximos y promedio con alarma para captura autom\u00e1tica de variaciones    Captura de picos para registrar transitorios tan r\u00e1pidos como 250 \u00b5s    Modo relativo para compensaci\u00f3n de errores debidos a las puntas de prueba    Selecci\u00f3n autom\u00e1tica y manual de rango    Touch Hold para congelar autom\u00e1ticamente las medidas en pantalla    D\u00edgitos de gran tama\u00f1o y pantalla con retroalimentaci\u00f3n en dos niveles de luz blanca    Barra gr\u00e1fica anal\u00f3gica para visualizaci\u00f3n de cambios r\u00e1pidos en la medida o medidas inestables    Alarma sonora de entrada incorrecta que advierte en caso de conexi\u00f3n err\u00f3nea de las clavijas de entrada    Modo de apagado autom\u00e1tico seleccionable mejorado para alargar la vida \u00fatil de las bater\u00edas    Tapa de acceso al compartimento de las bater\u00edas que permite cambiarlas sin romper el sello de calibraci\u00f3n    Dise\u00f1o &quot;cl\u00e1sico&quot; con nueva funda extra\u00edble y compartimento trasero para portar puntas y cables de prueba    Garant\u00eda de por vida   [:]\" \/>\n<meta property=\"og:url\" content=\"https:\/\/techmasterdemexico.com\/producto\/multimetro-industrial-fluke-87v\/\" \/>\n<meta property=\"og:site_name\" content=\"Techmaster de Mexico\" \/>\n<meta property=\"article:modified_time\" content=\"2025-06-26T19:44:37+00:00\" \/>\n<meta property=\"og:image\" content=\"https:\/\/techmasterdemexico.com\/wp-content\/uploads\/2020\/07\/img_fluke87v_1.jpg\" \/>\n\t<meta property=\"og:image:width\" content=\"700\" \/>\n\t<meta property=\"og:image:height\" content=\"700\" \/>\n\t<meta property=\"og:image:type\" content=\"image\/jpeg\" \/>\n<meta name=\"twitter:card\" content=\"summary_large_image\" \/>\n<meta name=\"twitter:label1\" content=\"Est. reading time\" \/>\n\t<meta name=\"twitter:data1\" content=\"1 minute\" \/>\n<script type=\"application\/ld+json\" class=\"yoast-schema-graph\">{\"@context\":\"https:\\\/\\\/schema.org\",\"@graph\":[{\"@type\":\"WebPage\",\"@id\":\"https:\\\/\\\/techmasterdemexico.com\\\/producto\\\/multimetro-industrial-fluke-87v\\\/\",\"url\":\"https:\\\/\\\/techmasterdemexico.com\\\/producto\\\/multimetro-industrial-fluke-87v\\\/\",\"name\":\"Mult\u00edmetro industrial Fluke 87V - Techmaster de Mexico\",\"isPartOf\":{\"@id\":\"https:\\\/\\\/techmasterdemexico.com\\\/#website\"},\"primaryImageOfPage\":{\"@id\":\"https:\\\/\\\/techmasterdemexico.com\\\/producto\\\/multimetro-industrial-fluke-87v\\\/#primaryimage\"},\"image\":{\"@id\":\"https:\\\/\\\/techmasterdemexico.com\\\/producto\\\/multimetro-industrial-fluke-87v\\\/#primaryimage\"},\"thumbnailUrl\":\"https:\\\/\\\/techmasterdemexico.com\\\/wp-content\\\/uploads\\\/2020\\\/07\\\/img_fluke87v_1.jpg\",\"datePublished\":\"2020-07-22T01:26:02+00:00\",\"dateModified\":\"2025-06-26T19:44:37+00:00\",\"breadcrumb\":{\"@id\":\"https:\\\/\\\/techmasterdemexico.com\\\/producto\\\/multimetro-industrial-fluke-87v\\\/#breadcrumb\"},\"inLanguage\":\"en-US\",\"potentialAction\":[{\"@type\":\"ReadAction\",\"target\":[\"https:\\\/\\\/techmasterdemexico.com\\\/producto\\\/multimetro-industrial-fluke-87v\\\/\"]}]},{\"@type\":\"ImageObject\",\"inLanguage\":\"en-US\",\"@id\":\"https:\\\/\\\/techmasterdemexico.com\\\/producto\\\/multimetro-industrial-fluke-87v\\\/#primaryimage\",\"url\":\"https:\\\/\\\/techmasterdemexico.com\\\/wp-content\\\/uploads\\\/2020\\\/07\\\/img_fluke87v_1.jpg\",\"contentUrl\":\"https:\\\/\\\/techmasterdemexico.com\\\/wp-content\\\/uploads\\\/2020\\\/07\\\/img_fluke87v_1.jpg\",\"width\":700,\"height\":700},{\"@type\":\"BreadcrumbList\",\"@id\":\"https:\\\/\\\/techmasterdemexico.com\\\/producto\\\/multimetro-industrial-fluke-87v\\\/#breadcrumb\",\"itemListElement\":[{\"@type\":\"ListItem\",\"position\":1,\"name\":\"Portada\",\"item\":\"https:\\\/\\\/techmasterdemexico.com\\\/\"},{\"@type\":\"ListItem\",\"position\":2,\"name\":\"Mult\u00edmetro industrial Fluke 87V\"}]},{\"@type\":\"WebSite\",\"@id\":\"https:\\\/\\\/techmasterdemexico.com\\\/#website\",\"url\":\"https:\\\/\\\/techmasterdemexico.com\\\/\",\"name\":\"Techmaster de Mexico\",\"description\":\"\",\"potentialAction\":[{\"@type\":\"SearchAction\",\"target\":{\"@type\":\"EntryPoint\",\"urlTemplate\":\"https:\\\/\\\/techmasterdemexico.com\\\/?s={search_term_string}\"},\"query-input\":{\"@type\":\"PropertyValueSpecification\",\"valueRequired\":true,\"valueName\":\"search_term_string\"}}],\"inLanguage\":\"en-US\"}]}<\/script>\n<!-- \/ Yoast SEO plugin. -->","yoast_head_json":{"title":"Mult\u00edmetro industrial Fluke 87V - Techmaster de Mexico","robots":{"index":"index","follow":"follow","max-snippet":"max-snippet:-1","max-image-preview":"max-image-preview:large","max-video-preview":"max-video-preview:-1"},"canonical":"https:\/\/techmasterdemexico.com\/producto\/multimetro-industrial-fluke-87v\/","og_locale":"en_US","og_type":"article","og_title":"Mult\u00edmetro industrial Fluke 87V - Techmaster de Mexico","og_description":"[:es]  Su innovadora tecnolog\u00eda, que permite realizar medidas precisas de voltaje y frecuencia en variadores de velocidad y otros equipos con gran cantidad de ruido el\u00e9ctrico  Term\u00f3metro integrado que permite realizar medidas de temperatura sin necesidad de instrumentos adicionales.  Correa con im\u00e1n (opcional) que facilita la medida y su visualizaci\u00f3n en pantalla mientras se tienen las manos libres para realizar otras tareas.  Pantalla de gran tama\u00f1o con retroiluminaci\u00f3n en dos niveles que hace la lectura de los mult\u00edmetros 87V mucho m\u00e1s f\u00e1cil que en modelos m\u00e1s antiguos.  Valor eficaz verdadero de voltaje y corriente de CA para obtener mediciones exactas en el caso de se\u00f1ales no lineales.  Filtro seleccionable para medidas precisas de frecuencia y voltaje en variadores de velocidad  Precisi\u00f3n de CC del 0.05 %  6000 recuentos, 3-3\/4 d\u00edgitos  Resoluci\u00f3n de 4-1\/2 d\u00edgitos para obtener medidas precisas (20 000 recuentos)  Mediciones de hasta 1000 V CA y CC  Medida de hasta 10 A; 20 A por un m\u00e1ximo de 30 segundos  Term\u00f3metro integrado que evita la necesidad de llevar una herramienta m\u00e1s (sonda de temperatura incluida)  Frecuencia hasta 200 kHz y ciclo de trabajo (en %)  Prueba de resistencia, continuidad y diodos  Rango de capacidad de 10 000 \u00b5F en motores y componentes  Registro de valores m\u00ednimos, m\u00e1ximos y promedio con alarma para captura autom\u00e1tica de variaciones  Captura de picos para registrar transitorios tan r\u00e1pidos como 250 \u00b5s  Modo relativo para compensaci\u00f3n de errores debidos a las puntas de prueba  Selecci\u00f3n autom\u00e1tica y manual de rango  Touch Hold para congelar autom\u00e1ticamente las medidas en pantalla  D\u00edgitos de gran tama\u00f1o y pantalla con retroalimentaci\u00f3n en dos niveles de luz blanca  Barra gr\u00e1fica anal\u00f3gica para visualizaci\u00f3n de cambios r\u00e1pidos en la medida o medidas inestables  Alarma sonora de entrada incorrecta que advierte en caso de conexi\u00f3n err\u00f3nea de las clavijas de entrada  Modo de apagado autom\u00e1tico seleccionable mejorado para alargar la vida \u00fatil de las bater\u00edas  Tapa de acceso al compartimento de las bater\u00edas que permite cambiarlas sin romper el sello de calibraci\u00f3n  Dise\u00f1o \"cl\u00e1sico\" con nueva funda extra\u00edble y compartimento trasero para portar puntas y cables de prueba  Garant\u00eda de por vida [:en]      Su innovadora tecnolog\u00eda, que permite realizar medidas precisas de voltaje y frecuencia en variadores de velocidad y otros equipos con gran cantidad de ruido el\u00e9ctrico    Term\u00f3metro integrado que permite realizar medidas de temperatura sin necesidad de instrumentos adicionales.    Correa con im\u00e1n (opcional) que facilita la medida y su visualizaci\u00f3n en pantalla mientras se tienen las manos libres para realizar otras tareas.    Pantalla de gran tama\u00f1o con retroiluminaci\u00f3n en dos niveles que hace la lectura de los mult\u00edmetros 87V mucho m\u00e1s f\u00e1cil que en modelos m\u00e1s antiguos.    Valor eficaz verdadero de voltaje y corriente de CA para obtener mediciones exactas en el caso de se\u00f1ales no lineales.    Filtro seleccionable para medidas precisas de frecuencia y voltaje en variadores de velocidad    Precisi\u00f3n de CC del 0.05 %    6000 recuentos, 3-3\/4 d\u00edgitos    Resoluci\u00f3n de 4-1\/2 d\u00edgitos para obtener medidas precisas (20 000 recuentos)    Mediciones de hasta 1000 V CA y CC    Medida de hasta 10 A; 20 A por un m\u00e1ximo de 30 segundos    Term\u00f3metro integrado que evita la necesidad de llevar una herramienta m\u00e1s (sonda de temperatura incluida)    Frecuencia hasta 200 kHz y ciclo de trabajo (en %)    Prueba de resistencia, continuidad y diodos    Rango de capacidad de 10 000 \u00b5F en motores y componentes    Registro de valores m\u00ednimos, m\u00e1ximos y promedio con alarma para captura autom\u00e1tica de variaciones    Captura de picos para registrar transitorios tan r\u00e1pidos como 250 \u00b5s    Modo relativo para compensaci\u00f3n de errores debidos a las puntas de prueba    Selecci\u00f3n autom\u00e1tica y manual de rango    Touch Hold para congelar autom\u00e1ticamente las medidas en pantalla    D\u00edgitos de gran tama\u00f1o y pantalla con retroalimentaci\u00f3n en dos niveles de luz blanca    Barra gr\u00e1fica anal\u00f3gica para visualizaci\u00f3n de cambios r\u00e1pidos en la medida o medidas inestables    Alarma sonora de entrada incorrecta que advierte en caso de conexi\u00f3n err\u00f3nea de las clavijas de entrada    Modo de apagado autom\u00e1tico seleccionable mejorado para alargar la vida \u00fatil de las bater\u00edas    Tapa de acceso al compartimento de las bater\u00edas que permite cambiarlas sin romper el sello de calibraci\u00f3n    Dise\u00f1o \"cl\u00e1sico\" con nueva funda extra\u00edble y compartimento trasero para portar puntas y cables de prueba    Garant\u00eda de por vida   [:]","og_url":"https:\/\/techmasterdemexico.com\/producto\/multimetro-industrial-fluke-87v\/","og_site_name":"Techmaster de Mexico","article_modified_time":"2025-06-26T19:44:37+00:00","og_image":[{"width":700,"height":700,"url":"https:\/\/techmasterdemexico.com\/wp-content\/uploads\/2020\/07\/img_fluke87v_1.jpg","type":"image\/jpeg"}],"twitter_card":"summary_large_image","twitter_misc":{"Est. reading time":"1 minute"},"schema":{"@context":"https:\/\/schema.org","@graph":[{"@type":"WebPage","@id":"https:\/\/techmasterdemexico.com\/producto\/multimetro-industrial-fluke-87v\/","url":"https:\/\/techmasterdemexico.com\/producto\/multimetro-industrial-fluke-87v\/","name":"Mult\u00edmetro industrial Fluke 87V - Techmaster de Mexico","isPartOf":{"@id":"https:\/\/techmasterdemexico.com\/#website"},"primaryImageOfPage":{"@id":"https:\/\/techmasterdemexico.com\/producto\/multimetro-industrial-fluke-87v\/#primaryimage"},"image":{"@id":"https:\/\/techmasterdemexico.com\/producto\/multimetro-industrial-fluke-87v\/#primaryimage"},"thumbnailUrl":"https:\/\/techmasterdemexico.com\/wp-content\/uploads\/2020\/07\/img_fluke87v_1.jpg","datePublished":"2020-07-22T01:26:02+00:00","dateModified":"2025-06-26T19:44:37+00:00","breadcrumb":{"@id":"https:\/\/techmasterdemexico.com\/producto\/multimetro-industrial-fluke-87v\/#breadcrumb"},"inLanguage":"en-US","potentialAction":[{"@type":"ReadAction","target":["https:\/\/techmasterdemexico.com\/producto\/multimetro-industrial-fluke-87v\/"]}]},{"@type":"ImageObject","inLanguage":"en-US","@id":"https:\/\/techmasterdemexico.com\/producto\/multimetro-industrial-fluke-87v\/#primaryimage","url":"https:\/\/techmasterdemexico.com\/wp-content\/uploads\/2020\/07\/img_fluke87v_1.jpg","contentUrl":"https:\/\/techmasterdemexico.com\/wp-content\/uploads\/2020\/07\/img_fluke87v_1.jpg","width":700,"height":700},{"@type":"BreadcrumbList","@id":"https:\/\/techmasterdemexico.com\/producto\/multimetro-industrial-fluke-87v\/#breadcrumb","itemListElement":[{"@type":"ListItem","position":1,"name":"Portada","item":"https:\/\/techmasterdemexico.com\/"},{"@type":"ListItem","position":2,"name":"Mult\u00edmetro industrial Fluke 87V"}]},{"@type":"WebSite","@id":"https:\/\/techmasterdemexico.com\/#website","url":"https:\/\/techmasterdemexico.com\/","name":"Techmaster de Mexico","description":"","potentialAction":[{"@type":"SearchAction","target":{"@type":"EntryPoint","urlTemplate":"https:\/\/techmasterdemexico.com\/?s={search_term_string}"},"query-input":{"@type":"PropertyValueSpecification","valueRequired":true,"valueName":"search_term_string"}}],"inLanguage":"en-US"}]}},"brands":[{"id":31,"name":"Fluke","slug":"fluke"}],"_links":{"self":[{"href":"https:\/\/techmasterdemexico.com\/en\/wp-json\/wp\/v2\/product\/433","targetHints":{"allow":["GET"]}}],"collection":[{"href":"https:\/\/techmasterdemexico.com\/en\/wp-json\/wp\/v2\/product"}],"about":[{"href":"https:\/\/techmasterdemexico.com\/en\/wp-json\/wp\/v2\/types\/product"}],"wp:featuredmedia":[{"embeddable":true,"href":"https:\/\/techmasterdemexico.com\/en\/wp-json\/wp\/v2\/media\/7238"}],"wp:attachment":[{"href":"https:\/\/techmasterdemexico.com\/en\/wp-json\/wp\/v2\/media?parent=433"}],"wp:term":[{"taxonomy":"pwb-brand","embeddable":true,"href":"https:\/\/techmasterdemexico.com\/en\/wp-json\/wp\/v2\/pwb-brand?post=433"},{"taxonomy":"product_brand","embeddable":true,"href":"https:\/\/techmasterdemexico.com\/en\/wp-json\/wp\/v2\/product_brand?post=433"},{"taxonomy":"product_cat","embeddable":true,"href":"https:\/\/techmasterdemexico.com\/en\/wp-json\/wp\/v2\/product_cat?post=433"},{"taxonomy":"product_tag","embeddable":true,"href":"https:\/\/techmasterdemexico.com\/en\/wp-json\/wp\/v2\/product_tag?post=433"}],"curies":[{"name":"wp","href":"https:\/\/api.w.org\/{rel}","templated":true}]}}