{"id":432,"date":"2020-07-21T18:26:02","date_gmt":"2020-07-22T01:26:02","guid":{"rendered":"http:\/\/localhost\/techmaster-mexico\/producto\/multimetro-digital-fluke-179-de-valor-eficaz-verdadero\/"},"modified":"2025-06-26T12:44:31","modified_gmt":"2025-06-26T19:44:31","slug":"multimetro-digital-fluke-179-de-valor-eficaz-verdadero","status":"publish","type":"product","link":"https:\/\/techmasterdemexico.com\/en\/producto\/multimetro-digital-fluke-179-de-valor-eficaz-verdadero\/","title":{"rendered":"Mult\u00edmetro digital Fluke 179 de valor eficaz verdadero"},"content":{"rendered":"<p>Mult\u00edmetro digital Fluke 179 de valor eficaz verdadero<\/p>\n<p>Gracias a su precisi\u00f3n, confiabilidad y facilidad de uso, el mult\u00edmetro inal\u00e1mbrico de valor eficaz verdadero Fluke 179 es la soluci\u00f3n perfecta para los t\u00e9cnicos profesionales de todo el mundo. Adem\u00e1s de incluir todas las funciones necesarias para solucionar problemas y reparar muchas aver\u00edas de los sistemas el\u00e9ctricos y electr\u00f3nicos, el Fluke 179 tambi\u00e9n ofrece una pantalla digital con gr\u00e1fico de barras anal\u00f3gico y mediciones de temperatura integradas.<\/p>\n<p>Funciona cuando y donde lo necesita<\/p>\n<p>Puede confiar en el Fluke 179 para realizar cualquier trabajo en los lugares ca\u00f3ticos, ruidosos, y de alta energ\u00eda y altura en que trabaja. El Fluke 179, respaldado por una garant\u00eda de por vida, ha superado pruebas independientes para su uso seguro en entornos CAT IV 600 V\/ CAT III 1000 V.<\/p>\n<p>Fluke 179: solo una de las herramientas de confianza Fluke<\/p>\n<p>Fluke fabrica las herramientas de m\u00e1s confianza del mundo, no solo el Fluke 179. Si trabaja con un equipo HVAC, necesita un medidor peque\u00f1o para espacios peque\u00f1os o trabaja en el mundo de los instaladores y reparadores el\u00e9ctricos, descubra toda la familia de mult\u00edmetros digitales Fluke.<\/p>\n","protected":false},"excerpt":{"rendered":"<ul>\n<li>Selecci\u00f3n manual y autom\u00e1tica de rangos<\/li>\n<li>Retenci\u00f3n de valores en pantalla y autoretenci\u00f3n<\/li>\n<li>Medida de frecuencia y capacidad<\/li>\n<li>Medida de resistencia, continuidad y diodos<\/li>\n<li>Medida de temperatura (179)<\/li>\n<li>Registro de m\u00ednimos, m\u00e1ximos y promedio<\/li>\n<li>Calibraci\u00f3n a carcasa cerrada a trav\u00e9s del panel frontal<\/li>\n<li>Carcasa ergon\u00f3mica con funda protectora integrada<\/li>\n<\/ul>\n<p>Homologaci\u00f3n de seguridad<\/p>\n<p>Todas las entradas disponen de protecci\u00f3n seg\u00fan IEN61010-1 de CAT IV 600 V\/CAT III 1000 V. CSA y T\u00dcV<\/p>\n","protected":false},"featured_media":21032,"template":"","meta":{"_acf_changed":false},"pwb-brand":[31],"product_brand":[],"product_cat":[366,30,138],"product_tag":[],"class_list":{"0":"post-432","1":"product","2":"type-product","3":"status-publish","4":"has-post-thumbnail","6":"pwb-brand-fluke","7":"product_cat-todos-los-productos","8":"product_cat-fluke","9":"product_cat-multimetros-digitales-fluke","11":"first","12":"instock","13":"taxable","14":"shipping-taxable","15":"product-type-simple"},"acf":[],"yoast_head":"<!-- This site is optimized with the Yoast SEO plugin v27.4 - https:\/\/yoast.com\/product\/yoast-seo-wordpress\/ -->\n<title>Mult\u00edmetro digital Fluke 179 de valor eficaz verdadero - Techmaster de Mexico<\/title>\n<meta name=\"robots\" content=\"index, follow, max-snippet:-1, max-image-preview:large, max-video-preview:-1\" \/>\n<link rel=\"canonical\" href=\"https:\/\/techmasterdemexico.com\/producto\/multimetro-digital-fluke-179-de-valor-eficaz-verdadero\/\" \/>\n<meta property=\"og:locale\" content=\"en_US\" \/>\n<meta property=\"og:type\" content=\"article\" \/>\n<meta property=\"og:title\" content=\"Mult\u00edmetro digital Fluke 179 de valor eficaz verdadero - Techmaster de Mexico\" \/>\n<meta property=\"og:description\" content=\"Selecci\u00f3n manual y autom\u00e1tica de rangos  Retenci\u00f3n de valores en pantalla y autoretenci\u00f3n  Medida de frecuencia y capacidad  Medida de resistencia, continuidad y diodos  Medida de temperatura (179)  Registro de m\u00ednimos, m\u00e1ximos y promedio  Calibraci\u00f3n a carcasa cerrada a trav\u00e9s del panel frontal  Carcasa ergon\u00f3mica con funda protectora integrada  Homologaci\u00f3n de seguridad  Todas las entradas disponen de protecci\u00f3n seg\u00fan IEN61010-1 de CAT IV 600 V\/CAT III 1000 V. CSA y T\u00dcV\" \/>\n<meta property=\"og:url\" content=\"https:\/\/techmasterdemexico.com\/producto\/multimetro-digital-fluke-179-de-valor-eficaz-verdadero\/\" \/>\n<meta property=\"og:site_name\" content=\"Techmaster de Mexico\" \/>\n<meta property=\"article:modified_time\" content=\"2025-06-26T19:44:31+00:00\" \/>\n<meta property=\"og:image\" content=\"https:\/\/techmasterdemexico.com\/wp-content\/uploads\/Fluke-179.png\" \/>\n\t<meta property=\"og:image:width\" content=\"1000\" \/>\n\t<meta property=\"og:image:height\" content=\"1000\" \/>\n\t<meta property=\"og:image:type\" content=\"image\/png\" \/>\n<meta name=\"twitter:card\" content=\"summary_large_image\" \/>\n<meta name=\"twitter:label1\" content=\"Est. reading time\" \/>\n\t<meta name=\"twitter:data1\" content=\"2 minutes\" \/>\n<script type=\"application\/ld+json\" class=\"yoast-schema-graph\">{\"@context\":\"https:\\\/\\\/schema.org\",\"@graph\":[{\"@type\":\"WebPage\",\"@id\":\"https:\\\/\\\/techmasterdemexico.com\\\/producto\\\/multimetro-digital-fluke-179-de-valor-eficaz-verdadero\\\/\",\"url\":\"https:\\\/\\\/techmasterdemexico.com\\\/producto\\\/multimetro-digital-fluke-179-de-valor-eficaz-verdadero\\\/\",\"name\":\"Mult\u00edmetro digital Fluke 179 de valor eficaz verdadero - Techmaster de Mexico\",\"isPartOf\":{\"@id\":\"https:\\\/\\\/techmasterdemexico.com\\\/#website\"},\"primaryImageOfPage\":{\"@id\":\"https:\\\/\\\/techmasterdemexico.com\\\/producto\\\/multimetro-digital-fluke-179-de-valor-eficaz-verdadero\\\/#primaryimage\"},\"image\":{\"@id\":\"https:\\\/\\\/techmasterdemexico.com\\\/producto\\\/multimetro-digital-fluke-179-de-valor-eficaz-verdadero\\\/#primaryimage\"},\"thumbnailUrl\":\"https:\\\/\\\/techmasterdemexico.com\\\/wp-content\\\/uploads\\\/Fluke-179.png\",\"datePublished\":\"2020-07-22T01:26:02+00:00\",\"dateModified\":\"2025-06-26T19:44:31+00:00\",\"breadcrumb\":{\"@id\":\"https:\\\/\\\/techmasterdemexico.com\\\/producto\\\/multimetro-digital-fluke-179-de-valor-eficaz-verdadero\\\/#breadcrumb\"},\"inLanguage\":\"en-US\",\"potentialAction\":[{\"@type\":\"ReadAction\",\"target\":[\"https:\\\/\\\/techmasterdemexico.com\\\/producto\\\/multimetro-digital-fluke-179-de-valor-eficaz-verdadero\\\/\"]}]},{\"@type\":\"ImageObject\",\"inLanguage\":\"en-US\",\"@id\":\"https:\\\/\\\/techmasterdemexico.com\\\/producto\\\/multimetro-digital-fluke-179-de-valor-eficaz-verdadero\\\/#primaryimage\",\"url\":\"https:\\\/\\\/techmasterdemexico.com\\\/wp-content\\\/uploads\\\/Fluke-179.png\",\"contentUrl\":\"https:\\\/\\\/techmasterdemexico.com\\\/wp-content\\\/uploads\\\/Fluke-179.png\",\"width\":1000,\"height\":1000},{\"@type\":\"BreadcrumbList\",\"@id\":\"https:\\\/\\\/techmasterdemexico.com\\\/producto\\\/multimetro-digital-fluke-179-de-valor-eficaz-verdadero\\\/#breadcrumb\",\"itemListElement\":[{\"@type\":\"ListItem\",\"position\":1,\"name\":\"Portada\",\"item\":\"https:\\\/\\\/techmasterdemexico.com\\\/\"},{\"@type\":\"ListItem\",\"position\":2,\"name\":\"Mult\u00edmetro digital Fluke 179 de valor eficaz verdadero\"}]},{\"@type\":\"WebSite\",\"@id\":\"https:\\\/\\\/techmasterdemexico.com\\\/#website\",\"url\":\"https:\\\/\\\/techmasterdemexico.com\\\/\",\"name\":\"Techmaster de Mexico\",\"description\":\"\",\"potentialAction\":[{\"@type\":\"SearchAction\",\"target\":{\"@type\":\"EntryPoint\",\"urlTemplate\":\"https:\\\/\\\/techmasterdemexico.com\\\/?s={search_term_string}\"},\"query-input\":{\"@type\":\"PropertyValueSpecification\",\"valueRequired\":true,\"valueName\":\"search_term_string\"}}],\"inLanguage\":\"en-US\"}]}<\/script>\n<!-- \/ Yoast SEO plugin. -->","yoast_head_json":{"title":"Mult\u00edmetro digital Fluke 179 de valor eficaz verdadero - Techmaster de Mexico","robots":{"index":"index","follow":"follow","max-snippet":"max-snippet:-1","max-image-preview":"max-image-preview:large","max-video-preview":"max-video-preview:-1"},"canonical":"https:\/\/techmasterdemexico.com\/producto\/multimetro-digital-fluke-179-de-valor-eficaz-verdadero\/","og_locale":"en_US","og_type":"article","og_title":"Mult\u00edmetro digital Fluke 179 de valor eficaz verdadero - Techmaster de Mexico","og_description":"Selecci\u00f3n manual y autom\u00e1tica de rangos  Retenci\u00f3n de valores en pantalla y autoretenci\u00f3n  Medida de frecuencia y capacidad  Medida de resistencia, continuidad y diodos  Medida de temperatura (179)  Registro de m\u00ednimos, m\u00e1ximos y promedio  Calibraci\u00f3n a carcasa cerrada a trav\u00e9s del panel frontal  Carcasa ergon\u00f3mica con funda protectora integrada  Homologaci\u00f3n de seguridad  Todas las entradas disponen de protecci\u00f3n seg\u00fan IEN61010-1 de CAT IV 600 V\/CAT III 1000 V. CSA y T\u00dcV","og_url":"https:\/\/techmasterdemexico.com\/producto\/multimetro-digital-fluke-179-de-valor-eficaz-verdadero\/","og_site_name":"Techmaster de Mexico","article_modified_time":"2025-06-26T19:44:31+00:00","og_image":[{"width":1000,"height":1000,"url":"https:\/\/techmasterdemexico.com\/wp-content\/uploads\/Fluke-179.png","type":"image\/png"}],"twitter_card":"summary_large_image","twitter_misc":{"Est. reading time":"2 minutes"},"schema":{"@context":"https:\/\/schema.org","@graph":[{"@type":"WebPage","@id":"https:\/\/techmasterdemexico.com\/producto\/multimetro-digital-fluke-179-de-valor-eficaz-verdadero\/","url":"https:\/\/techmasterdemexico.com\/producto\/multimetro-digital-fluke-179-de-valor-eficaz-verdadero\/","name":"Mult\u00edmetro digital Fluke 179 de valor eficaz verdadero - Techmaster de Mexico","isPartOf":{"@id":"https:\/\/techmasterdemexico.com\/#website"},"primaryImageOfPage":{"@id":"https:\/\/techmasterdemexico.com\/producto\/multimetro-digital-fluke-179-de-valor-eficaz-verdadero\/#primaryimage"},"image":{"@id":"https:\/\/techmasterdemexico.com\/producto\/multimetro-digital-fluke-179-de-valor-eficaz-verdadero\/#primaryimage"},"thumbnailUrl":"https:\/\/techmasterdemexico.com\/wp-content\/uploads\/Fluke-179.png","datePublished":"2020-07-22T01:26:02+00:00","dateModified":"2025-06-26T19:44:31+00:00","breadcrumb":{"@id":"https:\/\/techmasterdemexico.com\/producto\/multimetro-digital-fluke-179-de-valor-eficaz-verdadero\/#breadcrumb"},"inLanguage":"en-US","potentialAction":[{"@type":"ReadAction","target":["https:\/\/techmasterdemexico.com\/producto\/multimetro-digital-fluke-179-de-valor-eficaz-verdadero\/"]}]},{"@type":"ImageObject","inLanguage":"en-US","@id":"https:\/\/techmasterdemexico.com\/producto\/multimetro-digital-fluke-179-de-valor-eficaz-verdadero\/#primaryimage","url":"https:\/\/techmasterdemexico.com\/wp-content\/uploads\/Fluke-179.png","contentUrl":"https:\/\/techmasterdemexico.com\/wp-content\/uploads\/Fluke-179.png","width":1000,"height":1000},{"@type":"BreadcrumbList","@id":"https:\/\/techmasterdemexico.com\/producto\/multimetro-digital-fluke-179-de-valor-eficaz-verdadero\/#breadcrumb","itemListElement":[{"@type":"ListItem","position":1,"name":"Portada","item":"https:\/\/techmasterdemexico.com\/"},{"@type":"ListItem","position":2,"name":"Mult\u00edmetro digital Fluke 179 de valor eficaz verdadero"}]},{"@type":"WebSite","@id":"https:\/\/techmasterdemexico.com\/#website","url":"https:\/\/techmasterdemexico.com\/","name":"Techmaster de Mexico","description":"","potentialAction":[{"@type":"SearchAction","target":{"@type":"EntryPoint","urlTemplate":"https:\/\/techmasterdemexico.com\/?s={search_term_string}"},"query-input":{"@type":"PropertyValueSpecification","valueRequired":true,"valueName":"search_term_string"}}],"inLanguage":"en-US"}]}},"brands":[{"id":31,"name":"Fluke","slug":"fluke"}],"_links":{"self":[{"href":"https:\/\/techmasterdemexico.com\/en\/wp-json\/wp\/v2\/product\/432","targetHints":{"allow":["GET"]}}],"collection":[{"href":"https:\/\/techmasterdemexico.com\/en\/wp-json\/wp\/v2\/product"}],"about":[{"href":"https:\/\/techmasterdemexico.com\/en\/wp-json\/wp\/v2\/types\/product"}],"wp:featuredmedia":[{"embeddable":true,"href":"https:\/\/techmasterdemexico.com\/en\/wp-json\/wp\/v2\/media\/21032"}],"wp:attachment":[{"href":"https:\/\/techmasterdemexico.com\/en\/wp-json\/wp\/v2\/media?parent=432"}],"wp:term":[{"taxonomy":"pwb-brand","embeddable":true,"href":"https:\/\/techmasterdemexico.com\/en\/wp-json\/wp\/v2\/pwb-brand?post=432"},{"taxonomy":"product_brand","embeddable":true,"href":"https:\/\/techmasterdemexico.com\/en\/wp-json\/wp\/v2\/product_brand?post=432"},{"taxonomy":"product_cat","embeddable":true,"href":"https:\/\/techmasterdemexico.com\/en\/wp-json\/wp\/v2\/product_cat?post=432"},{"taxonomy":"product_tag","embeddable":true,"href":"https:\/\/techmasterdemexico.com\/en\/wp-json\/wp\/v2\/product_tag?post=432"}],"curies":[{"name":"wp","href":"https:\/\/api.w.org\/{rel}","templated":true}]}}