{"id":431,"date":"2020-07-21T18:26:02","date_gmt":"2020-07-22T01:26:02","guid":{"rendered":"http:\/\/localhost\/techmaster-mexico\/producto\/multimetro-digital-para-electricistas-fluke-117-con-detector-de-voltaje-sin-contacto\/"},"modified":"2025-06-26T12:44:23","modified_gmt":"2025-06-26T19:44:23","slug":"multimetro-digital-para-electricistas-fluke-117-con-detector-de-voltaje-sin-contacto","status":"publish","type":"product","link":"https:\/\/techmasterdemexico.com\/en\/producto\/multimetro-digital-para-electricistas-fluke-117-con-detector-de-voltaje-sin-contacto\/","title":{"rendered":"Mult\u00edmetro digital para electricistas Fluke 117 con detector de voltaje sin contacto"},"content":{"rendered":"<p>El mult\u00edmetro para electricistas Fluke 117, con su detecci\u00f3n de voltaje sin contacto integrada y la funci\u00f3n AutoV\/LoZ evita las lecturas falsas producidas por voltaje fantasma, es el medidor perfecto para los electricistas. De hecho, usuarios de todo el mundo han afirmado que el 117 es una inversi\u00f3n en precisi\u00f3n. El Fluke 117 proporciona lecturas de m\u00edn.\/m\u00e1x.\/promedio, mediciones de frecuencia y capacitancia. El Fluke 117, con su dise\u00f1o f\u00e1cil de usar, le ahorrar\u00e1 tiempo y le permitir\u00e1 cambiar de un trabajo a otro con facilidad.<\/p>\n<p>Dise\u00f1ado y probado con la seguridad en el trabajo en mente<\/p>\n<p>&nbsp;<\/p>","protected":false},"excerpt":{"rendered":"<ul>\n<li>Tecnolog\u00eda VoltAlert\u2122 para detecci\u00f3n de voltaje sin contacto<\/li>\n<li>Funci\u00f3n AutoVolt para selecci\u00f3n autom\u00e1tica del voltaje CA\/CC<\/li>\n<li>Baja impedancia de entrada: ayuda a evitar las lecturas falsas producidas por voltaje fantasma<\/li>\n<li>Gran pantalla con retroiluminaci\u00f3n para trabajar en lugares poco iluminados<\/li>\n<li>Valor eficaz verdadero para mediciones precisas en cargas no lineales<\/li>\n<li>Mide 10 A (sobrecarga de 20 A durante 30 segundos)<\/li>\n<li>Resistencia, continuidad, frecuencia y capacidad<\/li>\n<li>Proporciona Min \/ Max \/ Average para registrar las fluctuaciones de la se\u00f1al<\/li>\n<li>Dise\u00f1o ergon\u00f3mico y compacto para su usaci\u00f3n con una sola mano<\/li>\n<li>Compatible con la opci\u00f3n de correa con im\u00e1n (ToolPak\u2122) para poder trabajar c\u00f3modamente con ambas manos<\/li>\n<li>Clasificaci\u00f3n de seguridad CAT III 600 V<\/li>\n<\/ul>\n","protected":false},"featured_media":21031,"template":"","meta":{"_acf_changed":false},"pwb-brand":[31],"product_brand":[],"product_cat":[366,30,138],"product_tag":[],"class_list":{"0":"post-431","1":"product","2":"type-product","3":"status-publish","4":"has-post-thumbnail","6":"pwb-brand-fluke","7":"product_cat-todos-los-productos","8":"product_cat-fluke","9":"product_cat-multimetros-digitales-fluke","11":"first","12":"instock","13":"taxable","14":"shipping-taxable","15":"product-type-simple"},"acf":[],"yoast_head":"<!-- This site is optimized with the Yoast SEO plugin v27.4 - https:\/\/yoast.com\/product\/yoast-seo-wordpress\/ -->\n<title>Mult\u00edmetro digital para electricistas Fluke 117 con detector de voltaje sin contacto - Techmaster de Mexico<\/title>\n<meta name=\"robots\" content=\"index, follow, max-snippet:-1, max-image-preview:large, max-video-preview:-1\" \/>\n<link rel=\"canonical\" href=\"https:\/\/techmasterdemexico.com\/producto\/multimetro-digital-para-electricistas-fluke-117-con-detector-de-voltaje-sin-contacto\/\" \/>\n<meta property=\"og:locale\" content=\"en_US\" \/>\n<meta property=\"og:type\" content=\"article\" \/>\n<meta property=\"og:title\" content=\"Mult\u00edmetro digital para electricistas Fluke 117 con detector de voltaje sin contacto - Techmaster de Mexico\" \/>\n<meta property=\"og:description\" content=\"[:es]  Tecnolog\u00eda VoltAlert\u2122 para detecci\u00f3n de voltaje sin contacto  Funci\u00f3n AutoVolt para selecci\u00f3n autom\u00e1tica del voltaje CA\/CC  Baja impedancia de entrada: ayuda a evitar las lecturas falsas producidas por voltaje fantasma  Gran pantalla con retroiluminaci\u00f3n para trabajar en lugares poco iluminados  Valor eficaz verdadero para mediciones precisas en cargas no lineales  Mide 10 A (sobrecarga de 20 A durante 30 segundos)  Resistencia, continuidad, frecuencia y capacidad  Proporciona Min \/ Max \/ Average para registrar las fluctuaciones de la se\u00f1al  Dise\u00f1o ergon\u00f3mico y compacto para su usaci\u00f3n con una sola mano  Compatible con la opci\u00f3n de correa con im\u00e1n (ToolPak\u2122) para poder trabajar c\u00f3modamente con ambas manos  Clasificaci\u00f3n de seguridad CAT III 600 V [:en]      Tecnolog\u00eda VoltAlert\u2122 para detecci\u00f3n de voltaje sin contacto    Funci\u00f3n AutoVolt para selecci\u00f3n autom\u00e1tica del voltaje CA\/CC    Baja impedancia de entrada: ayuda a evitar las lecturas falsas producidas por voltaje fantasma    Gran pantalla con retroiluminaci\u00f3n para trabajar en lugares poco iluminados    Valor eficaz verdadero para mediciones precisas en cargas no lineales    Mide 10 A (sobrecarga de 20 A durante 30 segundos)    Resistencia, continuidad, frecuencia y capacidad    Proporciona Min \/ Max \/ Average para registrar las fluctuaciones de la se\u00f1al    Dise\u00f1o ergon\u00f3mico y compacto para su usaci\u00f3n con una sola mano    Compatible con la opci\u00f3n de correa con im\u00e1n (ToolPak\u2122) para poder trabajar c\u00f3modamente con ambas manos    Clasificaci\u00f3n de seguridad CAT III 600 V   [:]\" \/>\n<meta property=\"og:url\" content=\"https:\/\/techmasterdemexico.com\/producto\/multimetro-digital-para-electricistas-fluke-117-con-detector-de-voltaje-sin-contacto\/\" \/>\n<meta property=\"og:site_name\" content=\"Techmaster de Mexico\" \/>\n<meta property=\"article:modified_time\" content=\"2025-06-26T19:44:23+00:00\" \/>\n<meta property=\"og:image\" content=\"https:\/\/techmasterdemexico.com\/wp-content\/uploads\/Fluke-117.png\" \/>\n\t<meta property=\"og:image:width\" content=\"1000\" \/>\n\t<meta property=\"og:image:height\" content=\"1000\" \/>\n\t<meta property=\"og:image:type\" content=\"image\/png\" \/>\n<meta name=\"twitter:card\" content=\"summary_large_image\" \/>\n<meta name=\"twitter:label1\" content=\"Est. reading time\" \/>\n\t<meta name=\"twitter:data1\" content=\"2 minutes\" \/>\n<script type=\"application\/ld+json\" class=\"yoast-schema-graph\">{\"@context\":\"https:\\\/\\\/schema.org\",\"@graph\":[{\"@type\":\"WebPage\",\"@id\":\"https:\\\/\\\/techmasterdemexico.com\\\/producto\\\/multimetro-digital-para-electricistas-fluke-117-con-detector-de-voltaje-sin-contacto\\\/\",\"url\":\"https:\\\/\\\/techmasterdemexico.com\\\/producto\\\/multimetro-digital-para-electricistas-fluke-117-con-detector-de-voltaje-sin-contacto\\\/\",\"name\":\"Mult\u00edmetro digital para electricistas Fluke 117 con detector de voltaje sin contacto - Techmaster de Mexico\",\"isPartOf\":{\"@id\":\"https:\\\/\\\/techmasterdemexico.com\\\/#website\"},\"primaryImageOfPage\":{\"@id\":\"https:\\\/\\\/techmasterdemexico.com\\\/producto\\\/multimetro-digital-para-electricistas-fluke-117-con-detector-de-voltaje-sin-contacto\\\/#primaryimage\"},\"image\":{\"@id\":\"https:\\\/\\\/techmasterdemexico.com\\\/producto\\\/multimetro-digital-para-electricistas-fluke-117-con-detector-de-voltaje-sin-contacto\\\/#primaryimage\"},\"thumbnailUrl\":\"https:\\\/\\\/techmasterdemexico.com\\\/wp-content\\\/uploads\\\/Fluke-117.png\",\"datePublished\":\"2020-07-22T01:26:02+00:00\",\"dateModified\":\"2025-06-26T19:44:23+00:00\",\"breadcrumb\":{\"@id\":\"https:\\\/\\\/techmasterdemexico.com\\\/producto\\\/multimetro-digital-para-electricistas-fluke-117-con-detector-de-voltaje-sin-contacto\\\/#breadcrumb\"},\"inLanguage\":\"en-US\",\"potentialAction\":[{\"@type\":\"ReadAction\",\"target\":[\"https:\\\/\\\/techmasterdemexico.com\\\/producto\\\/multimetro-digital-para-electricistas-fluke-117-con-detector-de-voltaje-sin-contacto\\\/\"]}]},{\"@type\":\"ImageObject\",\"inLanguage\":\"en-US\",\"@id\":\"https:\\\/\\\/techmasterdemexico.com\\\/producto\\\/multimetro-digital-para-electricistas-fluke-117-con-detector-de-voltaje-sin-contacto\\\/#primaryimage\",\"url\":\"https:\\\/\\\/techmasterdemexico.com\\\/wp-content\\\/uploads\\\/Fluke-117.png\",\"contentUrl\":\"https:\\\/\\\/techmasterdemexico.com\\\/wp-content\\\/uploads\\\/Fluke-117.png\",\"width\":1000,\"height\":1000},{\"@type\":\"BreadcrumbList\",\"@id\":\"https:\\\/\\\/techmasterdemexico.com\\\/producto\\\/multimetro-digital-para-electricistas-fluke-117-con-detector-de-voltaje-sin-contacto\\\/#breadcrumb\",\"itemListElement\":[{\"@type\":\"ListItem\",\"position\":1,\"name\":\"Portada\",\"item\":\"https:\\\/\\\/techmasterdemexico.com\\\/\"},{\"@type\":\"ListItem\",\"position\":2,\"name\":\"Mult\u00edmetro digital para electricistas Fluke 117 con detector de voltaje sin contacto\"}]},{\"@type\":\"WebSite\",\"@id\":\"https:\\\/\\\/techmasterdemexico.com\\\/#website\",\"url\":\"https:\\\/\\\/techmasterdemexico.com\\\/\",\"name\":\"Techmaster de Mexico\",\"description\":\"\",\"potentialAction\":[{\"@type\":\"SearchAction\",\"target\":{\"@type\":\"EntryPoint\",\"urlTemplate\":\"https:\\\/\\\/techmasterdemexico.com\\\/?s={search_term_string}\"},\"query-input\":{\"@type\":\"PropertyValueSpecification\",\"valueRequired\":true,\"valueName\":\"search_term_string\"}}],\"inLanguage\":\"en-US\"}]}<\/script>\n<!-- \/ Yoast SEO plugin. -->","yoast_head_json":{"title":"Mult\u00edmetro digital para electricistas Fluke 117 con detector de voltaje sin contacto - Techmaster de Mexico","robots":{"index":"index","follow":"follow","max-snippet":"max-snippet:-1","max-image-preview":"max-image-preview:large","max-video-preview":"max-video-preview:-1"},"canonical":"https:\/\/techmasterdemexico.com\/producto\/multimetro-digital-para-electricistas-fluke-117-con-detector-de-voltaje-sin-contacto\/","og_locale":"en_US","og_type":"article","og_title":"Mult\u00edmetro digital para electricistas Fluke 117 con detector de voltaje sin contacto - Techmaster de Mexico","og_description":"[:es]  Tecnolog\u00eda VoltAlert\u2122 para detecci\u00f3n de voltaje sin contacto  Funci\u00f3n AutoVolt para selecci\u00f3n autom\u00e1tica del voltaje CA\/CC  Baja impedancia de entrada: ayuda a evitar las lecturas falsas producidas por voltaje fantasma  Gran pantalla con retroiluminaci\u00f3n para trabajar en lugares poco iluminados  Valor eficaz verdadero para mediciones precisas en cargas no lineales  Mide 10 A (sobrecarga de 20 A durante 30 segundos)  Resistencia, continuidad, frecuencia y capacidad  Proporciona Min \/ Max \/ Average para registrar las fluctuaciones de la se\u00f1al  Dise\u00f1o ergon\u00f3mico y compacto para su usaci\u00f3n con una sola mano  Compatible con la opci\u00f3n de correa con im\u00e1n (ToolPak\u2122) para poder trabajar c\u00f3modamente con ambas manos  Clasificaci\u00f3n de seguridad CAT III 600 V [:en]      Tecnolog\u00eda VoltAlert\u2122 para detecci\u00f3n de voltaje sin contacto    Funci\u00f3n AutoVolt para selecci\u00f3n autom\u00e1tica del voltaje CA\/CC    Baja impedancia de entrada: ayuda a evitar las lecturas falsas producidas por voltaje fantasma    Gran pantalla con retroiluminaci\u00f3n para trabajar en lugares poco iluminados    Valor eficaz verdadero para mediciones precisas en cargas no lineales    Mide 10 A (sobrecarga de 20 A durante 30 segundos)    Resistencia, continuidad, frecuencia y capacidad    Proporciona Min \/ Max \/ Average para registrar las fluctuaciones de la se\u00f1al    Dise\u00f1o ergon\u00f3mico y compacto para su usaci\u00f3n con una sola mano    Compatible con la opci\u00f3n de correa con im\u00e1n (ToolPak\u2122) para poder trabajar c\u00f3modamente con ambas manos    Clasificaci\u00f3n de seguridad CAT III 600 V   [:]","og_url":"https:\/\/techmasterdemexico.com\/producto\/multimetro-digital-para-electricistas-fluke-117-con-detector-de-voltaje-sin-contacto\/","og_site_name":"Techmaster de Mexico","article_modified_time":"2025-06-26T19:44:23+00:00","og_image":[{"width":1000,"height":1000,"url":"https:\/\/techmasterdemexico.com\/wp-content\/uploads\/Fluke-117.png","type":"image\/png"}],"twitter_card":"summary_large_image","twitter_misc":{"Est. reading time":"2 minutes"},"schema":{"@context":"https:\/\/schema.org","@graph":[{"@type":"WebPage","@id":"https:\/\/techmasterdemexico.com\/producto\/multimetro-digital-para-electricistas-fluke-117-con-detector-de-voltaje-sin-contacto\/","url":"https:\/\/techmasterdemexico.com\/producto\/multimetro-digital-para-electricistas-fluke-117-con-detector-de-voltaje-sin-contacto\/","name":"Mult\u00edmetro digital para electricistas Fluke 117 con detector de voltaje sin contacto - Techmaster de Mexico","isPartOf":{"@id":"https:\/\/techmasterdemexico.com\/#website"},"primaryImageOfPage":{"@id":"https:\/\/techmasterdemexico.com\/producto\/multimetro-digital-para-electricistas-fluke-117-con-detector-de-voltaje-sin-contacto\/#primaryimage"},"image":{"@id":"https:\/\/techmasterdemexico.com\/producto\/multimetro-digital-para-electricistas-fluke-117-con-detector-de-voltaje-sin-contacto\/#primaryimage"},"thumbnailUrl":"https:\/\/techmasterdemexico.com\/wp-content\/uploads\/Fluke-117.png","datePublished":"2020-07-22T01:26:02+00:00","dateModified":"2025-06-26T19:44:23+00:00","breadcrumb":{"@id":"https:\/\/techmasterdemexico.com\/producto\/multimetro-digital-para-electricistas-fluke-117-con-detector-de-voltaje-sin-contacto\/#breadcrumb"},"inLanguage":"en-US","potentialAction":[{"@type":"ReadAction","target":["https:\/\/techmasterdemexico.com\/producto\/multimetro-digital-para-electricistas-fluke-117-con-detector-de-voltaje-sin-contacto\/"]}]},{"@type":"ImageObject","inLanguage":"en-US","@id":"https:\/\/techmasterdemexico.com\/producto\/multimetro-digital-para-electricistas-fluke-117-con-detector-de-voltaje-sin-contacto\/#primaryimage","url":"https:\/\/techmasterdemexico.com\/wp-content\/uploads\/Fluke-117.png","contentUrl":"https:\/\/techmasterdemexico.com\/wp-content\/uploads\/Fluke-117.png","width":1000,"height":1000},{"@type":"BreadcrumbList","@id":"https:\/\/techmasterdemexico.com\/producto\/multimetro-digital-para-electricistas-fluke-117-con-detector-de-voltaje-sin-contacto\/#breadcrumb","itemListElement":[{"@type":"ListItem","position":1,"name":"Portada","item":"https:\/\/techmasterdemexico.com\/"},{"@type":"ListItem","position":2,"name":"Mult\u00edmetro digital para electricistas Fluke 117 con detector de voltaje sin contacto"}]},{"@type":"WebSite","@id":"https:\/\/techmasterdemexico.com\/#website","url":"https:\/\/techmasterdemexico.com\/","name":"Techmaster de Mexico","description":"","potentialAction":[{"@type":"SearchAction","target":{"@type":"EntryPoint","urlTemplate":"https:\/\/techmasterdemexico.com\/?s={search_term_string}"},"query-input":{"@type":"PropertyValueSpecification","valueRequired":true,"valueName":"search_term_string"}}],"inLanguage":"en-US"}]}},"brands":[{"id":31,"name":"Fluke","slug":"fluke"}],"_links":{"self":[{"href":"https:\/\/techmasterdemexico.com\/en\/wp-json\/wp\/v2\/product\/431","targetHints":{"allow":["GET"]}}],"collection":[{"href":"https:\/\/techmasterdemexico.com\/en\/wp-json\/wp\/v2\/product"}],"about":[{"href":"https:\/\/techmasterdemexico.com\/en\/wp-json\/wp\/v2\/types\/product"}],"wp:featuredmedia":[{"embeddable":true,"href":"https:\/\/techmasterdemexico.com\/en\/wp-json\/wp\/v2\/media\/21031"}],"wp:attachment":[{"href":"https:\/\/techmasterdemexico.com\/en\/wp-json\/wp\/v2\/media?parent=431"}],"wp:term":[{"taxonomy":"pwb-brand","embeddable":true,"href":"https:\/\/techmasterdemexico.com\/en\/wp-json\/wp\/v2\/pwb-brand?post=431"},{"taxonomy":"product_brand","embeddable":true,"href":"https:\/\/techmasterdemexico.com\/en\/wp-json\/wp\/v2\/product_brand?post=431"},{"taxonomy":"product_cat","embeddable":true,"href":"https:\/\/techmasterdemexico.com\/en\/wp-json\/wp\/v2\/product_cat?post=431"},{"taxonomy":"product_tag","embeddable":true,"href":"https:\/\/techmasterdemexico.com\/en\/wp-json\/wp\/v2\/product_tag?post=431"}],"curies":[{"name":"wp","href":"https:\/\/api.w.org\/{rel}","templated":true}]}}