{"id":430,"date":"2020-07-21T18:26:02","date_gmt":"2020-07-22T01:26:02","guid":{"rendered":"http:\/\/localhost\/techmaster-mexico\/producto\/multimetro-digital-fluke-116\/"},"modified":"2025-06-26T12:43:13","modified_gmt":"2025-06-26T19:43:13","slug":"multimetro-digital-fluke-116","status":"publish","type":"product","link":"https:\/\/techmasterdemexico.com\/en\/producto\/multimetro-digital-fluke-116\/","title":{"rendered":"Mult\u00edmetro digital Fluke 116"},"content":{"rendered":"<p>Mult\u00edmetro digital Fluke 116<\/p>\n<p>Todo lo necesario en un medidor de HVAC<\/p>\n<p>El mult\u00edmetro digital Fluke 116, puede realizar mediciones de temperatura y microamperios, y tiene todo lo necesario para solucionar de forma r\u00e1pida cualquier problema en sistemas HVAC y en todo tipo de sensores de llama. El Fluke 116 mide resistencia, continuidad, frecuencia y capacitancia. Los mult\u00edmetros Fluke 116 han superado pruebas independientes de uso seguro en entornos de CAT III 600 V.<\/p>","protected":false},"excerpt":{"rendered":"<ul>\n<li>Term\u00f3metro integrado para aplicaciones de calefacci\u00f3n, ventilaci\u00f3n y aire acondicionado<\/li>\n<li>Medida de microamperios para la comprobaci\u00f3n de los sensores de llama<\/li>\n<li>Baja impedancia de entrada: ayuda a evitar las lecturas falsas producidas por voltaje fantasma<\/li>\n<li>Gran pantalla con retroiluminaci\u00f3n para trabajar en lugares poco iluminados<\/li>\n<li>Resistencia, continuidad, frecuencia y capacidad<\/li>\n<li>Proporciona Min \/ Max \/ Average para registrar las fluctuaciones de la se\u00f1al<\/li>\n<li>Dise\u00f1o ergon\u00f3mico y compacto para su usaci\u00f3n con una sola mano<\/li>\n<li>Compatible con correa con im\u00e1n opcional (ToolPak\u2122)<\/li>\n<li>Clasificaci\u00f3n de seguridad CAT III 600 V<\/li>\n<\/ul>\n","protected":false},"featured_media":7191,"template":"","meta":{"_acf_changed":false},"pwb-brand":[31],"product_brand":[],"product_cat":[366,30,138],"product_tag":[],"class_list":{"0":"post-430","1":"product","2":"type-product","3":"status-publish","4":"has-post-thumbnail","6":"pwb-brand-fluke","7":"product_cat-todos-los-productos","8":"product_cat-fluke","9":"product_cat-multimetros-digitales-fluke","11":"first","12":"instock","13":"taxable","14":"shipping-taxable","15":"product-type-simple"},"acf":[],"yoast_head":"<!-- This site is optimized with the Yoast SEO plugin v27.4 - https:\/\/yoast.com\/product\/yoast-seo-wordpress\/ -->\n<title>Mult\u00edmetro digital Fluke 116 - Techmaster de Mexico<\/title>\n<meta name=\"robots\" content=\"index, follow, max-snippet:-1, max-image-preview:large, max-video-preview:-1\" \/>\n<link rel=\"canonical\" href=\"https:\/\/techmasterdemexico.com\/en\/producto\/multimetro-digital-fluke-116\/\" \/>\n<meta property=\"og:locale\" content=\"en_US\" \/>\n<meta property=\"og:type\" content=\"article\" \/>\n<meta property=\"og:title\" content=\"Mult\u00edmetro digital Fluke 116 - Techmaster de Mexico\" \/>\n<meta property=\"og:description\" content=\"[:es]  Term\u00f3metro integrado para aplicaciones de calefacci\u00f3n, ventilaci\u00f3n y aire acondicionado  Medida de microamperios para la comprobaci\u00f3n de los sensores de llama  Baja impedancia de entrada: ayuda a evitar las lecturas falsas producidas por voltaje fantasma  Gran pantalla con retroiluminaci\u00f3n para trabajar en lugares poco iluminados  Resistencia, continuidad, frecuencia y capacidad  Proporciona Min \/ Max \/ Average para registrar las fluctuaciones de la se\u00f1al  Dise\u00f1o ergon\u00f3mico y compacto para su usaci\u00f3n con una sola mano  Compatible con correa con im\u00e1n opcional (ToolPak\u2122)  Clasificaci\u00f3n de seguridad CAT III 600 V [:en]      Term\u00f3metro integrado para aplicaciones de calefacci\u00f3n, ventilaci\u00f3n y aire acondicionado    Medida de microamperios para la comprobaci\u00f3n de los sensores de llama    Baja impedancia de entrada: ayuda a evitar las lecturas falsas producidas por voltaje fantasma    Gran pantalla con retroiluminaci\u00f3n para trabajar en lugares poco iluminados    Resistencia, continuidad, frecuencia y capacidad    Proporciona Min \/ Max \/ Average para registrar las fluctuaciones de la se\u00f1al    Dise\u00f1o ergon\u00f3mico y compacto para su usaci\u00f3n con una sola mano    Compatible con correa con im\u00e1n opcional (ToolPak\u2122)    Clasificaci\u00f3n de seguridad CAT III 600 V   [:]\" \/>\n<meta property=\"og:url\" content=\"https:\/\/techmasterdemexico.com\/en\/producto\/multimetro-digital-fluke-116\/\" \/>\n<meta property=\"og:site_name\" content=\"Techmaster de Mexico\" \/>\n<meta property=\"article:modified_time\" content=\"2025-06-26T19:43:13+00:00\" \/>\n<meta property=\"og:image\" content=\"https:\/\/techmasterdemexico.com\/wp-content\/uploads\/2020\/07\/img_fluke116_1.jpg\" \/>\n\t<meta property=\"og:image:width\" content=\"700\" \/>\n\t<meta property=\"og:image:height\" content=\"700\" \/>\n\t<meta property=\"og:image:type\" content=\"image\/jpeg\" \/>\n<meta name=\"twitter:card\" content=\"summary_large_image\" \/>\n<meta name=\"twitter:label1\" content=\"Est. reading time\" \/>\n\t<meta name=\"twitter:data1\" content=\"1 minute\" \/>\n<script type=\"application\/ld+json\" class=\"yoast-schema-graph\">{\"@context\":\"https:\\\/\\\/schema.org\",\"@graph\":[{\"@type\":\"WebPage\",\"@id\":\"https:\\\/\\\/techmasterdemexico.com\\\/en\\\/producto\\\/multimetro-digital-fluke-116\\\/\",\"url\":\"https:\\\/\\\/techmasterdemexico.com\\\/en\\\/producto\\\/multimetro-digital-fluke-116\\\/\",\"name\":\"Mult\u00edmetro digital Fluke 116 - Techmaster de Mexico\",\"isPartOf\":{\"@id\":\"https:\\\/\\\/techmasterdemexico.com\\\/#website\"},\"primaryImageOfPage\":{\"@id\":\"https:\\\/\\\/techmasterdemexico.com\\\/en\\\/producto\\\/multimetro-digital-fluke-116\\\/#primaryimage\"},\"image\":{\"@id\":\"https:\\\/\\\/techmasterdemexico.com\\\/en\\\/producto\\\/multimetro-digital-fluke-116\\\/#primaryimage\"},\"thumbnailUrl\":\"https:\\\/\\\/techmasterdemexico.com\\\/wp-content\\\/uploads\\\/2020\\\/07\\\/img_fluke116_1.jpg\",\"datePublished\":\"2020-07-22T01:26:02+00:00\",\"dateModified\":\"2025-06-26T19:43:13+00:00\",\"breadcrumb\":{\"@id\":\"https:\\\/\\\/techmasterdemexico.com\\\/en\\\/producto\\\/multimetro-digital-fluke-116\\\/#breadcrumb\"},\"inLanguage\":\"en-US\",\"potentialAction\":[{\"@type\":\"ReadAction\",\"target\":[\"https:\\\/\\\/techmasterdemexico.com\\\/en\\\/producto\\\/multimetro-digital-fluke-116\\\/\"]}]},{\"@type\":\"ImageObject\",\"inLanguage\":\"en-US\",\"@id\":\"https:\\\/\\\/techmasterdemexico.com\\\/en\\\/producto\\\/multimetro-digital-fluke-116\\\/#primaryimage\",\"url\":\"https:\\\/\\\/techmasterdemexico.com\\\/wp-content\\\/uploads\\\/2020\\\/07\\\/img_fluke116_1.jpg\",\"contentUrl\":\"https:\\\/\\\/techmasterdemexico.com\\\/wp-content\\\/uploads\\\/2020\\\/07\\\/img_fluke116_1.jpg\",\"width\":700,\"height\":700},{\"@type\":\"BreadcrumbList\",\"@id\":\"https:\\\/\\\/techmasterdemexico.com\\\/en\\\/producto\\\/multimetro-digital-fluke-116\\\/#breadcrumb\",\"itemListElement\":[{\"@type\":\"ListItem\",\"position\":1,\"name\":\"Portada\",\"item\":\"https:\\\/\\\/techmasterdemexico.com\\\/\"},{\"@type\":\"ListItem\",\"position\":2,\"name\":\"Mult\u00edmetro digital Fluke 116\"}]},{\"@type\":\"WebSite\",\"@id\":\"https:\\\/\\\/techmasterdemexico.com\\\/#website\",\"url\":\"https:\\\/\\\/techmasterdemexico.com\\\/\",\"name\":\"Techmaster de Mexico\",\"description\":\"\",\"potentialAction\":[{\"@type\":\"SearchAction\",\"target\":{\"@type\":\"EntryPoint\",\"urlTemplate\":\"https:\\\/\\\/techmasterdemexico.com\\\/?s={search_term_string}\"},\"query-input\":{\"@type\":\"PropertyValueSpecification\",\"valueRequired\":true,\"valueName\":\"search_term_string\"}}],\"inLanguage\":\"en-US\"}]}<\/script>\n<!-- \/ Yoast SEO plugin. -->","yoast_head_json":{"title":"Mult\u00edmetro digital Fluke 116 - Techmaster de Mexico","robots":{"index":"index","follow":"follow","max-snippet":"max-snippet:-1","max-image-preview":"max-image-preview:large","max-video-preview":"max-video-preview:-1"},"canonical":"https:\/\/techmasterdemexico.com\/en\/producto\/multimetro-digital-fluke-116\/","og_locale":"en_US","og_type":"article","og_title":"Mult\u00edmetro digital Fluke 116 - Techmaster de Mexico","og_description":"[:es]  Term\u00f3metro integrado para aplicaciones de calefacci\u00f3n, ventilaci\u00f3n y aire acondicionado  Medida de microamperios para la comprobaci\u00f3n de los sensores de llama  Baja impedancia de entrada: ayuda a evitar las lecturas falsas producidas por voltaje fantasma  Gran pantalla con retroiluminaci\u00f3n para trabajar en lugares poco iluminados  Resistencia, continuidad, frecuencia y capacidad  Proporciona Min \/ Max \/ Average para registrar las fluctuaciones de la se\u00f1al  Dise\u00f1o ergon\u00f3mico y compacto para su usaci\u00f3n con una sola mano  Compatible con correa con im\u00e1n opcional (ToolPak\u2122)  Clasificaci\u00f3n de seguridad CAT III 600 V [:en]      Term\u00f3metro integrado para aplicaciones de calefacci\u00f3n, ventilaci\u00f3n y aire acondicionado    Medida de microamperios para la comprobaci\u00f3n de los sensores de llama    Baja impedancia de entrada: ayuda a evitar las lecturas falsas producidas por voltaje fantasma    Gran pantalla con retroiluminaci\u00f3n para trabajar en lugares poco iluminados    Resistencia, continuidad, frecuencia y capacidad    Proporciona Min \/ Max \/ Average para registrar las fluctuaciones de la se\u00f1al    Dise\u00f1o ergon\u00f3mico y compacto para su usaci\u00f3n con una sola mano    Compatible con correa con im\u00e1n opcional (ToolPak\u2122)    Clasificaci\u00f3n de seguridad CAT III 600 V   [:]","og_url":"https:\/\/techmasterdemexico.com\/en\/producto\/multimetro-digital-fluke-116\/","og_site_name":"Techmaster de Mexico","article_modified_time":"2025-06-26T19:43:13+00:00","og_image":[{"width":700,"height":700,"url":"https:\/\/techmasterdemexico.com\/wp-content\/uploads\/2020\/07\/img_fluke116_1.jpg","type":"image\/jpeg"}],"twitter_card":"summary_large_image","twitter_misc":{"Est. reading time":"1 minute"},"schema":{"@context":"https:\/\/schema.org","@graph":[{"@type":"WebPage","@id":"https:\/\/techmasterdemexico.com\/en\/producto\/multimetro-digital-fluke-116\/","url":"https:\/\/techmasterdemexico.com\/en\/producto\/multimetro-digital-fluke-116\/","name":"Mult\u00edmetro digital Fluke 116 - Techmaster de Mexico","isPartOf":{"@id":"https:\/\/techmasterdemexico.com\/#website"},"primaryImageOfPage":{"@id":"https:\/\/techmasterdemexico.com\/en\/producto\/multimetro-digital-fluke-116\/#primaryimage"},"image":{"@id":"https:\/\/techmasterdemexico.com\/en\/producto\/multimetro-digital-fluke-116\/#primaryimage"},"thumbnailUrl":"https:\/\/techmasterdemexico.com\/wp-content\/uploads\/2020\/07\/img_fluke116_1.jpg","datePublished":"2020-07-22T01:26:02+00:00","dateModified":"2025-06-26T19:43:13+00:00","breadcrumb":{"@id":"https:\/\/techmasterdemexico.com\/en\/producto\/multimetro-digital-fluke-116\/#breadcrumb"},"inLanguage":"en-US","potentialAction":[{"@type":"ReadAction","target":["https:\/\/techmasterdemexico.com\/en\/producto\/multimetro-digital-fluke-116\/"]}]},{"@type":"ImageObject","inLanguage":"en-US","@id":"https:\/\/techmasterdemexico.com\/en\/producto\/multimetro-digital-fluke-116\/#primaryimage","url":"https:\/\/techmasterdemexico.com\/wp-content\/uploads\/2020\/07\/img_fluke116_1.jpg","contentUrl":"https:\/\/techmasterdemexico.com\/wp-content\/uploads\/2020\/07\/img_fluke116_1.jpg","width":700,"height":700},{"@type":"BreadcrumbList","@id":"https:\/\/techmasterdemexico.com\/en\/producto\/multimetro-digital-fluke-116\/#breadcrumb","itemListElement":[{"@type":"ListItem","position":1,"name":"Portada","item":"https:\/\/techmasterdemexico.com\/"},{"@type":"ListItem","position":2,"name":"Mult\u00edmetro digital Fluke 116"}]},{"@type":"WebSite","@id":"https:\/\/techmasterdemexico.com\/#website","url":"https:\/\/techmasterdemexico.com\/","name":"Techmaster de Mexico","description":"","potentialAction":[{"@type":"SearchAction","target":{"@type":"EntryPoint","urlTemplate":"https:\/\/techmasterdemexico.com\/?s={search_term_string}"},"query-input":{"@type":"PropertyValueSpecification","valueRequired":true,"valueName":"search_term_string"}}],"inLanguage":"en-US"}]}},"brands":[{"id":31,"name":"Fluke","slug":"fluke"}],"_links":{"self":[{"href":"https:\/\/techmasterdemexico.com\/en\/wp-json\/wp\/v2\/product\/430","targetHints":{"allow":["GET"]}}],"collection":[{"href":"https:\/\/techmasterdemexico.com\/en\/wp-json\/wp\/v2\/product"}],"about":[{"href":"https:\/\/techmasterdemexico.com\/en\/wp-json\/wp\/v2\/types\/product"}],"wp:featuredmedia":[{"embeddable":true,"href":"https:\/\/techmasterdemexico.com\/en\/wp-json\/wp\/v2\/media\/7191"}],"wp:attachment":[{"href":"https:\/\/techmasterdemexico.com\/en\/wp-json\/wp\/v2\/media?parent=430"}],"wp:term":[{"taxonomy":"pwb-brand","embeddable":true,"href":"https:\/\/techmasterdemexico.com\/en\/wp-json\/wp\/v2\/pwb-brand?post=430"},{"taxonomy":"product_brand","embeddable":true,"href":"https:\/\/techmasterdemexico.com\/en\/wp-json\/wp\/v2\/product_brand?post=430"},{"taxonomy":"product_cat","embeddable":true,"href":"https:\/\/techmasterdemexico.com\/en\/wp-json\/wp\/v2\/product_cat?post=430"},{"taxonomy":"product_tag","embeddable":true,"href":"https:\/\/techmasterdemexico.com\/en\/wp-json\/wp\/v2\/product_tag?post=430"}],"curies":[{"name":"wp","href":"https:\/\/api.w.org\/{rel}","templated":true}]}}