{"id":428,"date":"2020-07-21T18:26:01","date_gmt":"2020-07-22T01:26:01","guid":{"rendered":"http:\/\/localhost\/techmaster-mexico\/producto\/multimetro-digital-fluke-114\/"},"modified":"2025-06-26T12:42:40","modified_gmt":"2025-06-26T19:42:40","slug":"multimetro-digital-fluke-114","status":"publish","type":"product","link":"https:\/\/techmasterdemexico.com\/en\/producto\/multimetro-digital-fluke-114\/","title":{"rendered":"Mult\u00edmetro digital Fluke 114"},"content":{"rendered":"<p>Dise\u00f1ado para manejarse f\u00e1cilmente con una sola mano, el mult\u00edmetro digital de valor eficaz verdadero Fluke 114 es la herramienta de resoluci\u00f3n de problemas perfecta para las pruebas de funcionamiento. La funci\u00f3n AutoVolt cambia de forma autom\u00e1tica a la medici\u00f3n de voltaje CA o CC, seg\u00fan cu\u00e1l sea la que est\u00e9 presente. La funci\u00f3n LoZ ayuda a identificar el denominado &#8220;voltaje fantasma&#8221; y a evitar lecturas falsas.<\/p>\n<p>El Fluke 114 realiza lecturas de voltaje y corriente de valor eficaz verdadero con una resoluci\u00f3n de 6.000 recuentos, y mide frecuencia, continuidad y resistencia. El sistema de retroiluminaci\u00f3n de pantalla blanca resulta muy \u00fatil para trabajar en lugares poco iluminados. Gracias a su puerta de acceso trasera, f\u00e1cil de abrir, resulta muy c\u00f3modo cambiar la bater\u00eda.<\/p>\n<p>Los mult\u00edmetros Fluke 114 han superado pruebas independientes de uso seguro en entornos de CAT III 600 V.<\/p>","protected":false},"excerpt":{"rendered":"<ul>\n<li>Funci\u00f3n AutoVolt para selecci\u00f3n autom\u00e1tica del voltaje CA\/CC<\/li>\n<li>La funci\u00f3n de impedancia de entrada baja ayuda a evitar lecturas falsas producidas por voltaje fantasma<\/li>\n<li>Trabajo en lugares poco iluminados con la pantalla de gran tama\u00f1o con retroiluminaci\u00f3n<\/li>\n<li>Resistencia y continuidad<\/li>\n<li>Registro de las fluctuaciones de la se\u00f1al mediante la funci\u00f3n m\u00edn.\/m\u00e1x.\/promedio<\/li>\n<li>Funda integral con soportes para puntas que permiten un f\u00e1cil almacenamiento<\/li>\n<li>Selecci\u00f3n de rangos autom\u00e1tica y manual<\/li>\n<li>Clasificaci\u00f3n de seguridad CAT III 600 V<\/li>\n<li>La correa magn\u00e9tica opcional TPAK permite que al usuario la operaci\u00f3n con manos libres<\/li>\n<\/ul>\n","protected":false},"featured_media":1222,"template":"","meta":{"_acf_changed":false},"pwb-brand":[31],"product_brand":[],"product_cat":[366,30,138],"product_tag":[],"class_list":{"0":"post-428","1":"product","2":"type-product","3":"status-publish","4":"has-post-thumbnail","6":"pwb-brand-fluke","7":"product_cat-todos-los-productos","8":"product_cat-fluke","9":"product_cat-multimetros-digitales-fluke","11":"first","12":"instock","13":"taxable","14":"shipping-taxable","15":"product-type-simple"},"acf":[],"yoast_head":"<!-- This site is optimized with the Yoast SEO plugin v27.4 - https:\/\/yoast.com\/product\/yoast-seo-wordpress\/ -->\n<title>Mult\u00edmetro digital Fluke 114 - Techmaster de Mexico<\/title>\n<meta name=\"robots\" content=\"index, follow, max-snippet:-1, max-image-preview:large, max-video-preview:-1\" \/>\n<link rel=\"canonical\" href=\"https:\/\/techmasterdemexico.com\/producto\/multimetro-digital-fluke-114\/\" \/>\n<meta property=\"og:locale\" content=\"en_US\" \/>\n<meta property=\"og:type\" content=\"article\" \/>\n<meta property=\"og:title\" content=\"Mult\u00edmetro digital Fluke 114 - Techmaster de Mexico\" \/>\n<meta property=\"og:description\" content=\"[:es]  Funci\u00f3n AutoVolt para selecci\u00f3n autom\u00e1tica del voltaje CA\/CC  La funci\u00f3n de impedancia de entrada baja ayuda a evitar lecturas falsas producidas por voltaje fantasma  Trabajo en lugares poco iluminados con la pantalla de gran tama\u00f1o con retroiluminaci\u00f3n  Resistencia y continuidad  Registro de las fluctuaciones de la se\u00f1al mediante la funci\u00f3n m\u00edn.\/m\u00e1x.\/promedio  Funda integral con soportes para puntas que permiten un f\u00e1cil almacenamiento  Selecci\u00f3n de rangos autom\u00e1tica y manual  Clasificaci\u00f3n de seguridad CAT III 600 V  La correa magn\u00e9tica opcional TPAK permite que al usuario la operaci\u00f3n con manos libres [:en]      Funci\u00f3n AutoVolt para selecci\u00f3n autom\u00e1tica del voltaje CA\/CC    La funci\u00f3n de impedancia de entrada baja ayuda a evitar lecturas falsas producidas por voltaje fantasma    Trabajo en lugares poco iluminados con la pantalla de gran tama\u00f1o con retroiluminaci\u00f3n    Resistencia y continuidad    Registro de las fluctuaciones de la se\u00f1al mediante la funci\u00f3n m\u00edn.\/m\u00e1x.\/promedio    Funda integral con soportes para puntas que permiten un f\u00e1cil almacenamiento    Selecci\u00f3n de rangos autom\u00e1tica y manual    Clasificaci\u00f3n de seguridad CAT III 600 V    La correa magn\u00e9tica opcional TPAK permite que al usuario la operaci\u00f3n con manos libres   [:]\" \/>\n<meta property=\"og:url\" content=\"https:\/\/techmasterdemexico.com\/producto\/multimetro-digital-fluke-114\/\" \/>\n<meta property=\"og:site_name\" content=\"Techmaster de Mexico\" \/>\n<meta property=\"article:modified_time\" content=\"2025-06-26T19:42:40+00:00\" \/>\n<meta property=\"og:image\" content=\"https:\/\/techmasterdemexico.com\/wp-content\/uploads\/2020\/07\/114_2.jpg\" \/>\n\t<meta property=\"og:image:width\" content=\"615\" \/>\n\t<meta property=\"og:image:height\" content=\"410\" \/>\n\t<meta property=\"og:image:type\" content=\"image\/jpeg\" \/>\n<meta name=\"twitter:card\" content=\"summary_large_image\" \/>\n<meta name=\"twitter:label1\" content=\"Est. reading time\" \/>\n\t<meta name=\"twitter:data1\" content=\"2 minutes\" \/>\n<script type=\"application\/ld+json\" class=\"yoast-schema-graph\">{\"@context\":\"https:\\\/\\\/schema.org\",\"@graph\":[{\"@type\":\"WebPage\",\"@id\":\"https:\\\/\\\/techmasterdemexico.com\\\/producto\\\/multimetro-digital-fluke-114\\\/\",\"url\":\"https:\\\/\\\/techmasterdemexico.com\\\/producto\\\/multimetro-digital-fluke-114\\\/\",\"name\":\"Mult\u00edmetro digital Fluke 114 - Techmaster de Mexico\",\"isPartOf\":{\"@id\":\"https:\\\/\\\/techmasterdemexico.com\\\/#website\"},\"primaryImageOfPage\":{\"@id\":\"https:\\\/\\\/techmasterdemexico.com\\\/producto\\\/multimetro-digital-fluke-114\\\/#primaryimage\"},\"image\":{\"@id\":\"https:\\\/\\\/techmasterdemexico.com\\\/producto\\\/multimetro-digital-fluke-114\\\/#primaryimage\"},\"thumbnailUrl\":\"https:\\\/\\\/techmasterdemexico.com\\\/wp-content\\\/uploads\\\/2020\\\/07\\\/114_2.jpg\",\"datePublished\":\"2020-07-22T01:26:01+00:00\",\"dateModified\":\"2025-06-26T19:42:40+00:00\",\"breadcrumb\":{\"@id\":\"https:\\\/\\\/techmasterdemexico.com\\\/producto\\\/multimetro-digital-fluke-114\\\/#breadcrumb\"},\"inLanguage\":\"en-US\",\"potentialAction\":[{\"@type\":\"ReadAction\",\"target\":[\"https:\\\/\\\/techmasterdemexico.com\\\/producto\\\/multimetro-digital-fluke-114\\\/\"]}]},{\"@type\":\"ImageObject\",\"inLanguage\":\"en-US\",\"@id\":\"https:\\\/\\\/techmasterdemexico.com\\\/producto\\\/multimetro-digital-fluke-114\\\/#primaryimage\",\"url\":\"https:\\\/\\\/techmasterdemexico.com\\\/wp-content\\\/uploads\\\/2020\\\/07\\\/114_2.jpg\",\"contentUrl\":\"https:\\\/\\\/techmasterdemexico.com\\\/wp-content\\\/uploads\\\/2020\\\/07\\\/114_2.jpg\",\"width\":615,\"height\":410},{\"@type\":\"BreadcrumbList\",\"@id\":\"https:\\\/\\\/techmasterdemexico.com\\\/producto\\\/multimetro-digital-fluke-114\\\/#breadcrumb\",\"itemListElement\":[{\"@type\":\"ListItem\",\"position\":1,\"name\":\"Portada\",\"item\":\"https:\\\/\\\/techmasterdemexico.com\\\/\"},{\"@type\":\"ListItem\",\"position\":2,\"name\":\"Mult\u00edmetro digital Fluke 114\"}]},{\"@type\":\"WebSite\",\"@id\":\"https:\\\/\\\/techmasterdemexico.com\\\/#website\",\"url\":\"https:\\\/\\\/techmasterdemexico.com\\\/\",\"name\":\"Techmaster de Mexico\",\"description\":\"\",\"potentialAction\":[{\"@type\":\"SearchAction\",\"target\":{\"@type\":\"EntryPoint\",\"urlTemplate\":\"https:\\\/\\\/techmasterdemexico.com\\\/?s={search_term_string}\"},\"query-input\":{\"@type\":\"PropertyValueSpecification\",\"valueRequired\":true,\"valueName\":\"search_term_string\"}}],\"inLanguage\":\"en-US\"}]}<\/script>\n<!-- \/ Yoast SEO plugin. -->","yoast_head_json":{"title":"Mult\u00edmetro digital Fluke 114 - Techmaster de Mexico","robots":{"index":"index","follow":"follow","max-snippet":"max-snippet:-1","max-image-preview":"max-image-preview:large","max-video-preview":"max-video-preview:-1"},"canonical":"https:\/\/techmasterdemexico.com\/producto\/multimetro-digital-fluke-114\/","og_locale":"en_US","og_type":"article","og_title":"Mult\u00edmetro digital Fluke 114 - Techmaster de Mexico","og_description":"[:es]  Funci\u00f3n AutoVolt para selecci\u00f3n autom\u00e1tica del voltaje CA\/CC  La funci\u00f3n de impedancia de entrada baja ayuda a evitar lecturas falsas producidas por voltaje fantasma  Trabajo en lugares poco iluminados con la pantalla de gran tama\u00f1o con retroiluminaci\u00f3n  Resistencia y continuidad  Registro de las fluctuaciones de la se\u00f1al mediante la funci\u00f3n m\u00edn.\/m\u00e1x.\/promedio  Funda integral con soportes para puntas que permiten un f\u00e1cil almacenamiento  Selecci\u00f3n de rangos autom\u00e1tica y manual  Clasificaci\u00f3n de seguridad CAT III 600 V  La correa magn\u00e9tica opcional TPAK permite que al usuario la operaci\u00f3n con manos libres [:en]      Funci\u00f3n AutoVolt para selecci\u00f3n autom\u00e1tica del voltaje CA\/CC    La funci\u00f3n de impedancia de entrada baja ayuda a evitar lecturas falsas producidas por voltaje fantasma    Trabajo en lugares poco iluminados con la pantalla de gran tama\u00f1o con retroiluminaci\u00f3n    Resistencia y continuidad    Registro de las fluctuaciones de la se\u00f1al mediante la funci\u00f3n m\u00edn.\/m\u00e1x.\/promedio    Funda integral con soportes para puntas que permiten un f\u00e1cil almacenamiento    Selecci\u00f3n de rangos autom\u00e1tica y manual    Clasificaci\u00f3n de seguridad CAT III 600 V    La correa magn\u00e9tica opcional TPAK permite que al usuario la operaci\u00f3n con manos libres   [:]","og_url":"https:\/\/techmasterdemexico.com\/producto\/multimetro-digital-fluke-114\/","og_site_name":"Techmaster de Mexico","article_modified_time":"2025-06-26T19:42:40+00:00","og_image":[{"width":615,"height":410,"url":"https:\/\/techmasterdemexico.com\/wp-content\/uploads\/2020\/07\/114_2.jpg","type":"image\/jpeg"}],"twitter_card":"summary_large_image","twitter_misc":{"Est. reading time":"2 minutes"},"schema":{"@context":"https:\/\/schema.org","@graph":[{"@type":"WebPage","@id":"https:\/\/techmasterdemexico.com\/producto\/multimetro-digital-fluke-114\/","url":"https:\/\/techmasterdemexico.com\/producto\/multimetro-digital-fluke-114\/","name":"Mult\u00edmetro digital Fluke 114 - Techmaster de Mexico","isPartOf":{"@id":"https:\/\/techmasterdemexico.com\/#website"},"primaryImageOfPage":{"@id":"https:\/\/techmasterdemexico.com\/producto\/multimetro-digital-fluke-114\/#primaryimage"},"image":{"@id":"https:\/\/techmasterdemexico.com\/producto\/multimetro-digital-fluke-114\/#primaryimage"},"thumbnailUrl":"https:\/\/techmasterdemexico.com\/wp-content\/uploads\/2020\/07\/114_2.jpg","datePublished":"2020-07-22T01:26:01+00:00","dateModified":"2025-06-26T19:42:40+00:00","breadcrumb":{"@id":"https:\/\/techmasterdemexico.com\/producto\/multimetro-digital-fluke-114\/#breadcrumb"},"inLanguage":"en-US","potentialAction":[{"@type":"ReadAction","target":["https:\/\/techmasterdemexico.com\/producto\/multimetro-digital-fluke-114\/"]}]},{"@type":"ImageObject","inLanguage":"en-US","@id":"https:\/\/techmasterdemexico.com\/producto\/multimetro-digital-fluke-114\/#primaryimage","url":"https:\/\/techmasterdemexico.com\/wp-content\/uploads\/2020\/07\/114_2.jpg","contentUrl":"https:\/\/techmasterdemexico.com\/wp-content\/uploads\/2020\/07\/114_2.jpg","width":615,"height":410},{"@type":"BreadcrumbList","@id":"https:\/\/techmasterdemexico.com\/producto\/multimetro-digital-fluke-114\/#breadcrumb","itemListElement":[{"@type":"ListItem","position":1,"name":"Portada","item":"https:\/\/techmasterdemexico.com\/"},{"@type":"ListItem","position":2,"name":"Mult\u00edmetro digital Fluke 114"}]},{"@type":"WebSite","@id":"https:\/\/techmasterdemexico.com\/#website","url":"https:\/\/techmasterdemexico.com\/","name":"Techmaster de Mexico","description":"","potentialAction":[{"@type":"SearchAction","target":{"@type":"EntryPoint","urlTemplate":"https:\/\/techmasterdemexico.com\/?s={search_term_string}"},"query-input":{"@type":"PropertyValueSpecification","valueRequired":true,"valueName":"search_term_string"}}],"inLanguage":"en-US"}]}},"brands":[{"id":31,"name":"Fluke","slug":"fluke"}],"_links":{"self":[{"href":"https:\/\/techmasterdemexico.com\/en\/wp-json\/wp\/v2\/product\/428","targetHints":{"allow":["GET"]}}],"collection":[{"href":"https:\/\/techmasterdemexico.com\/en\/wp-json\/wp\/v2\/product"}],"about":[{"href":"https:\/\/techmasterdemexico.com\/en\/wp-json\/wp\/v2\/types\/product"}],"wp:featuredmedia":[{"embeddable":true,"href":"https:\/\/techmasterdemexico.com\/en\/wp-json\/wp\/v2\/media\/1222"}],"wp:attachment":[{"href":"https:\/\/techmasterdemexico.com\/en\/wp-json\/wp\/v2\/media?parent=428"}],"wp:term":[{"taxonomy":"pwb-brand","embeddable":true,"href":"https:\/\/techmasterdemexico.com\/en\/wp-json\/wp\/v2\/pwb-brand?post=428"},{"taxonomy":"product_brand","embeddable":true,"href":"https:\/\/techmasterdemexico.com\/en\/wp-json\/wp\/v2\/product_brand?post=428"},{"taxonomy":"product_cat","embeddable":true,"href":"https:\/\/techmasterdemexico.com\/en\/wp-json\/wp\/v2\/product_cat?post=428"},{"taxonomy":"product_tag","embeddable":true,"href":"https:\/\/techmasterdemexico.com\/en\/wp-json\/wp\/v2\/product_tag?post=428"}],"curies":[{"name":"wp","href":"https:\/\/api.w.org\/{rel}","templated":true}]}}