{"id":35772,"date":"2026-04-22T10:58:41","date_gmt":"2026-04-22T17:58:41","guid":{"rendered":"https:\/\/techmasterdemexico.com\/?post_type=product&#038;p=35772"},"modified":"2026-04-22T11:01:41","modified_gmt":"2026-04-22T18:01:41","slug":"analizadores-de-potencia-portatiles-fluke-norma-serie-6000","status":"publish","type":"product","link":"https:\/\/techmasterdemexico.com\/en\/producto\/analizadores-de-potencia-portatiles-fluke-norma-serie-6000\/","title":{"rendered":"Analizadores de potencia port\u00e1tiles Fluke Norma Serie 6000"},"content":{"rendered":"<p>El Fluke Norma 6000 Series es un analizador de potencia port\u00e1til de alta precisi\u00f3n dise\u00f1ado para realizar mediciones el\u00e9ctricas avanzadas tanto en laboratorio como en campo. Su dise\u00f1o compacto y operaci\u00f3n con bater\u00eda permiten evaluar sistemas directamente en condiciones reales de trabajo, facilitando diagn\u00f3sticos m\u00e1s precisos en aplicaciones como motores, inversores y sistemas de conversi\u00f3n de energ\u00eda.<\/p>\n","protected":false},"excerpt":{"rendered":"<ul>\n<li>Precisi\u00f3n de medici\u00f3n del 0.1 % con amplio ancho de banda de hasta 500 kHz<\/li>\n<li>Dise\u00f1o port\u00e1til (3.5 kg) con autonom\u00eda de hasta 10 horas<\/li>\n<li>Modelos de 3 y 4 canales para mediciones trif\u00e1sicas y DC simult\u00e1neas<\/li>\n<li>Capacidad de medici\u00f3n el\u00e9ctrica y mec\u00e1nica (torque y velocidad en versiones +)<\/li>\n<li>An\u00e1lisis directo en campo sin necesidad de detener procesos<\/li>\n<li>Visualizaci\u00f3n en pantalla de formas de onda, arm\u00f3nicos y tendencias<\/li>\n<li>Interfaces de comunicaci\u00f3n USB y RS485 para integraci\u00f3n y control remoto<\/li>\n<li>Registro continuo de datos con memoria interna de 32 GB<\/li>\n<li>Canales aislados para mayor seguridad y flexibilidad<\/li>\n<\/ul>\n","protected":false},"featured_media":35774,"template":"","meta":{"_acf_changed":false},"pwb-brand":[31],"product_brand":[],"product_cat":[366,188,132,30],"product_tag":[],"class_list":{"0":"post-35772","1":"product","2":"type-product","3":"status-publish","4":"has-post-thumbnail","6":"pwb-brand-fluke","7":"product_cat-todos-los-productos","8":"product_cat-analizadores-de-potencia-de-precision","9":"product_cat-calidad-electrica","10":"product_cat-fluke","12":"first","13":"instock","14":"taxable","15":"shipping-taxable","16":"product-type-simple"},"acf":[],"yoast_head":"<!-- This site is optimized with the Yoast SEO plugin v27.4 - https:\/\/yoast.com\/product\/yoast-seo-wordpress\/ -->\n<title>Analizadores de potencia port\u00e1tiles Fluke Norma Serie 6000 - Techmaster de Mexico<\/title>\n<meta name=\"robots\" content=\"index, follow, max-snippet:-1, max-image-preview:large, max-video-preview:-1\" \/>\n<link rel=\"canonical\" href=\"https:\/\/techmasterdemexico.com\/producto\/analizadores-de-potencia-portatiles-fluke-norma-serie-6000\/\" \/>\n<meta property=\"og:locale\" content=\"en_US\" \/>\n<meta property=\"og:type\" content=\"article\" \/>\n<meta property=\"og:title\" content=\"Analizadores de potencia port\u00e1tiles Fluke Norma Serie 6000 - Techmaster de Mexico\" \/>\n<meta property=\"og:description\" content=\"Precisi\u00f3n de medici\u00f3n del 0.1 % con amplio ancho de banda de hasta 500 kHz  Dise\u00f1o port\u00e1til (3.5 kg) con autonom\u00eda de hasta 10 horas  Modelos de 3 y 4 canales para mediciones trif\u00e1sicas y DC simult\u00e1neas  Capacidad de medici\u00f3n el\u00e9ctrica y mec\u00e1nica (torque y velocidad en versiones +)  An\u00e1lisis directo en campo sin necesidad de detener procesos  Visualizaci\u00f3n en pantalla de formas de onda, arm\u00f3nicos y tendencias  Interfaces de comunicaci\u00f3n USB y RS485 para integraci\u00f3n y control remoto  Registro continuo de datos con memoria interna de 32 GB  Canales aislados para mayor seguridad y flexibilidad\" \/>\n<meta property=\"og:url\" content=\"https:\/\/techmasterdemexico.com\/producto\/analizadores-de-potencia-portatiles-fluke-norma-serie-6000\/\" \/>\n<meta property=\"og:site_name\" content=\"Techmaster de Mexico\" \/>\n<meta property=\"article:modified_time\" content=\"2026-04-22T18:01:41+00:00\" \/>\n<meta property=\"og:image\" content=\"https:\/\/techmasterdemexico.com\/wp-content\/uploads\/Fluke-Norma-6000.png\" \/>\n\t<meta property=\"og:image:width\" content=\"1000\" \/>\n\t<meta property=\"og:image:height\" content=\"1000\" \/>\n\t<meta property=\"og:image:type\" content=\"image\/png\" \/>\n<meta name=\"twitter:card\" content=\"summary_large_image\" \/>\n<meta name=\"twitter:label1\" content=\"Est. reading time\" \/>\n\t<meta name=\"twitter:data1\" content=\"1 minute\" \/>\n<script type=\"application\/ld+json\" class=\"yoast-schema-graph\">{\"@context\":\"https:\\\/\\\/schema.org\",\"@graph\":[{\"@type\":\"WebPage\",\"@id\":\"https:\\\/\\\/techmasterdemexico.com\\\/producto\\\/analizadores-de-potencia-portatiles-fluke-norma-serie-6000\\\/\",\"url\":\"https:\\\/\\\/techmasterdemexico.com\\\/producto\\\/analizadores-de-potencia-portatiles-fluke-norma-serie-6000\\\/\",\"name\":\"Analizadores de potencia port\u00e1tiles Fluke Norma Serie 6000 - Techmaster de Mexico\",\"isPartOf\":{\"@id\":\"https:\\\/\\\/techmasterdemexico.com\\\/#website\"},\"primaryImageOfPage\":{\"@id\":\"https:\\\/\\\/techmasterdemexico.com\\\/producto\\\/analizadores-de-potencia-portatiles-fluke-norma-serie-6000\\\/#primaryimage\"},\"image\":{\"@id\":\"https:\\\/\\\/techmasterdemexico.com\\\/producto\\\/analizadores-de-potencia-portatiles-fluke-norma-serie-6000\\\/#primaryimage\"},\"thumbnailUrl\":\"https:\\\/\\\/techmasterdemexico.com\\\/wp-content\\\/uploads\\\/Fluke-Norma-6000.png\",\"datePublished\":\"2026-04-22T17:58:41+00:00\",\"dateModified\":\"2026-04-22T18:01:41+00:00\",\"breadcrumb\":{\"@id\":\"https:\\\/\\\/techmasterdemexico.com\\\/producto\\\/analizadores-de-potencia-portatiles-fluke-norma-serie-6000\\\/#breadcrumb\"},\"inLanguage\":\"en-US\",\"potentialAction\":[{\"@type\":\"ReadAction\",\"target\":[\"https:\\\/\\\/techmasterdemexico.com\\\/producto\\\/analizadores-de-potencia-portatiles-fluke-norma-serie-6000\\\/\"]}]},{\"@type\":\"ImageObject\",\"inLanguage\":\"en-US\",\"@id\":\"https:\\\/\\\/techmasterdemexico.com\\\/producto\\\/analizadores-de-potencia-portatiles-fluke-norma-serie-6000\\\/#primaryimage\",\"url\":\"https:\\\/\\\/techmasterdemexico.com\\\/wp-content\\\/uploads\\\/Fluke-Norma-6000.png\",\"contentUrl\":\"https:\\\/\\\/techmasterdemexico.com\\\/wp-content\\\/uploads\\\/Fluke-Norma-6000.png\",\"width\":1000,\"height\":1000},{\"@type\":\"BreadcrumbList\",\"@id\":\"https:\\\/\\\/techmasterdemexico.com\\\/producto\\\/analizadores-de-potencia-portatiles-fluke-norma-serie-6000\\\/#breadcrumb\",\"itemListElement\":[{\"@type\":\"ListItem\",\"position\":1,\"name\":\"Portada\",\"item\":\"https:\\\/\\\/techmasterdemexico.com\\\/\"},{\"@type\":\"ListItem\",\"position\":2,\"name\":\"Analizadores de potencia port\u00e1tiles Fluke Norma Serie 6000\"}]},{\"@type\":\"WebSite\",\"@id\":\"https:\\\/\\\/techmasterdemexico.com\\\/#website\",\"url\":\"https:\\\/\\\/techmasterdemexico.com\\\/\",\"name\":\"Techmaster de Mexico\",\"description\":\"\",\"potentialAction\":[{\"@type\":\"SearchAction\",\"target\":{\"@type\":\"EntryPoint\",\"urlTemplate\":\"https:\\\/\\\/techmasterdemexico.com\\\/?s={search_term_string}\"},\"query-input\":{\"@type\":\"PropertyValueSpecification\",\"valueRequired\":true,\"valueName\":\"search_term_string\"}}],\"inLanguage\":\"en-US\"}]}<\/script>\n<!-- \/ Yoast SEO plugin. -->","yoast_head_json":{"title":"Analizadores de potencia port\u00e1tiles Fluke Norma Serie 6000 - Techmaster de Mexico","robots":{"index":"index","follow":"follow","max-snippet":"max-snippet:-1","max-image-preview":"max-image-preview:large","max-video-preview":"max-video-preview:-1"},"canonical":"https:\/\/techmasterdemexico.com\/producto\/analizadores-de-potencia-portatiles-fluke-norma-serie-6000\/","og_locale":"en_US","og_type":"article","og_title":"Analizadores de potencia port\u00e1tiles Fluke Norma Serie 6000 - Techmaster de Mexico","og_description":"Precisi\u00f3n de medici\u00f3n del 0.1 % con amplio ancho de banda de hasta 500 kHz  Dise\u00f1o port\u00e1til (3.5 kg) con autonom\u00eda de hasta 10 horas  Modelos de 3 y 4 canales para mediciones trif\u00e1sicas y DC simult\u00e1neas  Capacidad de medici\u00f3n el\u00e9ctrica y mec\u00e1nica (torque y velocidad en versiones +)  An\u00e1lisis directo en campo sin necesidad de detener procesos  Visualizaci\u00f3n en pantalla de formas de onda, arm\u00f3nicos y tendencias  Interfaces de comunicaci\u00f3n USB y RS485 para integraci\u00f3n y control remoto  Registro continuo de datos con memoria interna de 32 GB  Canales aislados para mayor seguridad y flexibilidad","og_url":"https:\/\/techmasterdemexico.com\/producto\/analizadores-de-potencia-portatiles-fluke-norma-serie-6000\/","og_site_name":"Techmaster de Mexico","article_modified_time":"2026-04-22T18:01:41+00:00","og_image":[{"width":1000,"height":1000,"url":"https:\/\/techmasterdemexico.com\/wp-content\/uploads\/Fluke-Norma-6000.png","type":"image\/png"}],"twitter_card":"summary_large_image","twitter_misc":{"Est. reading time":"1 minute"},"schema":{"@context":"https:\/\/schema.org","@graph":[{"@type":"WebPage","@id":"https:\/\/techmasterdemexico.com\/producto\/analizadores-de-potencia-portatiles-fluke-norma-serie-6000\/","url":"https:\/\/techmasterdemexico.com\/producto\/analizadores-de-potencia-portatiles-fluke-norma-serie-6000\/","name":"Analizadores de potencia port\u00e1tiles Fluke Norma Serie 6000 - Techmaster de Mexico","isPartOf":{"@id":"https:\/\/techmasterdemexico.com\/#website"},"primaryImageOfPage":{"@id":"https:\/\/techmasterdemexico.com\/producto\/analizadores-de-potencia-portatiles-fluke-norma-serie-6000\/#primaryimage"},"image":{"@id":"https:\/\/techmasterdemexico.com\/producto\/analizadores-de-potencia-portatiles-fluke-norma-serie-6000\/#primaryimage"},"thumbnailUrl":"https:\/\/techmasterdemexico.com\/wp-content\/uploads\/Fluke-Norma-6000.png","datePublished":"2026-04-22T17:58:41+00:00","dateModified":"2026-04-22T18:01:41+00:00","breadcrumb":{"@id":"https:\/\/techmasterdemexico.com\/producto\/analizadores-de-potencia-portatiles-fluke-norma-serie-6000\/#breadcrumb"},"inLanguage":"en-US","potentialAction":[{"@type":"ReadAction","target":["https:\/\/techmasterdemexico.com\/producto\/analizadores-de-potencia-portatiles-fluke-norma-serie-6000\/"]}]},{"@type":"ImageObject","inLanguage":"en-US","@id":"https:\/\/techmasterdemexico.com\/producto\/analizadores-de-potencia-portatiles-fluke-norma-serie-6000\/#primaryimage","url":"https:\/\/techmasterdemexico.com\/wp-content\/uploads\/Fluke-Norma-6000.png","contentUrl":"https:\/\/techmasterdemexico.com\/wp-content\/uploads\/Fluke-Norma-6000.png","width":1000,"height":1000},{"@type":"BreadcrumbList","@id":"https:\/\/techmasterdemexico.com\/producto\/analizadores-de-potencia-portatiles-fluke-norma-serie-6000\/#breadcrumb","itemListElement":[{"@type":"ListItem","position":1,"name":"Portada","item":"https:\/\/techmasterdemexico.com\/"},{"@type":"ListItem","position":2,"name":"Analizadores de potencia port\u00e1tiles Fluke Norma Serie 6000"}]},{"@type":"WebSite","@id":"https:\/\/techmasterdemexico.com\/#website","url":"https:\/\/techmasterdemexico.com\/","name":"Techmaster de Mexico","description":"","potentialAction":[{"@type":"SearchAction","target":{"@type":"EntryPoint","urlTemplate":"https:\/\/techmasterdemexico.com\/?s={search_term_string}"},"query-input":{"@type":"PropertyValueSpecification","valueRequired":true,"valueName":"search_term_string"}}],"inLanguage":"en-US"}]}},"brands":[{"id":31,"name":"Fluke","slug":"fluke"}],"_links":{"self":[{"href":"https:\/\/techmasterdemexico.com\/en\/wp-json\/wp\/v2\/product\/35772","targetHints":{"allow":["GET"]}}],"collection":[{"href":"https:\/\/techmasterdemexico.com\/en\/wp-json\/wp\/v2\/product"}],"about":[{"href":"https:\/\/techmasterdemexico.com\/en\/wp-json\/wp\/v2\/types\/product"}],"wp:featuredmedia":[{"embeddable":true,"href":"https:\/\/techmasterdemexico.com\/en\/wp-json\/wp\/v2\/media\/35774"}],"wp:attachment":[{"href":"https:\/\/techmasterdemexico.com\/en\/wp-json\/wp\/v2\/media?parent=35772"}],"wp:term":[{"taxonomy":"pwb-brand","embeddable":true,"href":"https:\/\/techmasterdemexico.com\/en\/wp-json\/wp\/v2\/pwb-brand?post=35772"},{"taxonomy":"product_brand","embeddable":true,"href":"https:\/\/techmasterdemexico.com\/en\/wp-json\/wp\/v2\/product_brand?post=35772"},{"taxonomy":"product_cat","embeddable":true,"href":"https:\/\/techmasterdemexico.com\/en\/wp-json\/wp\/v2\/product_cat?post=35772"},{"taxonomy":"product_tag","embeddable":true,"href":"https:\/\/techmasterdemexico.com\/en\/wp-json\/wp\/v2\/product_tag?post=35772"}],"curies":[{"name":"wp","href":"https:\/\/api.w.org\/{rel}","templated":true}]}}