{"id":35298,"date":"2026-03-10T12:18:20","date_gmt":"2026-03-10T19:18:20","guid":{"rendered":"https:\/\/techmasterdemexico.com\/?post_type=product&#038;p=35298"},"modified":"2026-03-10T12:18:21","modified_gmt":"2026-03-10T19:18:21","slug":"kit-de-puntas-de-comprobacion","status":"publish","type":"product","link":"https:\/\/techmasterdemexico.com\/en\/producto\/kit-de-puntas-de-comprobacion\/","title":{"rendered":"Kit de puntas de comprobaci\u00f3n"},"content":{"rendered":"<p>El kit de puntas de comprobaci\u00f3n de lujo para aplicaciones electr\u00f3nicas Fluke TL81A es ideal para comprobar equipos electr\u00f3nicos. Permite comprobaciones vers\u00e1tiles gracias a las sondas de comprobaci\u00f3n modulares, las pinzas de cocodrilo y de comprobaci\u00f3n, y otros accesorios incluidos; adem\u00e1s de poder conectarse directamente a las puntas de comprobaci\u00f3n SureGrip\u2122. El kit consta de un estuche de nailon con cuatro secciones que incluye 11 elementos.<br \/>\n<\/p>","protected":false},"excerpt":{"rendered":"<ul>\n<li>Punta de comprobaci\u00f3n de 1 metro con un conector tipo banana de \u00e1ngulo recto con cobertura de seguridad en un extremo y una sonda de comprobaci\u00f3n de acero inoxidable en el otro, y es capaz de soportar hasta 10 A. Las puntas aisladas con silicona son m\u00e1s flexibles ante temperaturas fr\u00edas y m\u00e1s resistentes ante temperaturas altas<\/li>\n<li>Pinza de cocodrilo aislada que soporta hasta 5 A<\/li>\n<li>Extensor de punta de sonda aislada que soporta hasta 3 A<\/li>\n<li>Sonda de comprobaci\u00f3n modular con conector tipo banana en el mango que soporta hasta 10 A<\/li>\n<li>Punta de comprobaci\u00f3n modular con pinza de gancho y conector tipo banana que soporta hasta 5 A<\/li>\n<li>Punta de comprobaci\u00f3n modular con pinza de sujeci\u00f3n y conector tipo banana que soporta hasta 5 A<\/li>\n<li>Pinza de cocodrilo modular con conector tipo banana que soporta hasta 5 A<\/li>\n<li>Adaptador de punta de sonda IC de tipo deslizante (soporta hasta 3 A) y acopladores de punta de comprobaci\u00f3n<\/li>\n<li>Terminal de horquilla sin aislamiento con conector tipo banana que soporta hasta 10 A<\/li>\n<li>CAT III 300V<\/li>\n<li>Compatible con mult\u00edmetros Fluke y de otros fabricantes que aceptan conectores tipo banana de di\u00e1metro est\u00e1ndar, con recubrimiento de seguridad<\/li>\n<li>Aprobaci\u00f3n de CSA<\/li>\n<li>Un a\u00f1o de garant\u00eda<\/li>\n<\/ul>\n","protected":false},"featured_media":35299,"template":"","meta":{"_acf_changed":false},"pwb-brand":[31],"product_brand":[],"product_cat":[366,118,30],"product_tag":[],"class_list":{"0":"post-35298","1":"product","2":"type-product","3":"status-publish","4":"has-post-thumbnail","6":"pwb-brand-fluke","7":"product_cat-todos-los-productos","8":"product_cat-accesorios-fluke","9":"product_cat-fluke","11":"first","12":"instock","13":"taxable","14":"shipping-taxable","15":"product-type-simple"},"acf":[],"yoast_head":"<!-- This site is optimized with the Yoast SEO plugin v27.4 - https:\/\/yoast.com\/product\/yoast-seo-wordpress\/ -->\n<title>Kit de puntas de comprobaci\u00f3n - Techmaster de Mexico<\/title>\n<meta name=\"robots\" content=\"index, follow, max-snippet:-1, max-image-preview:large, max-video-preview:-1\" \/>\n<link rel=\"canonical\" href=\"https:\/\/techmasterdemexico.com\/producto\/kit-de-puntas-de-comprobacion\/\" \/>\n<meta property=\"og:locale\" content=\"en_US\" \/>\n<meta property=\"og:type\" content=\"article\" \/>\n<meta property=\"og:title\" content=\"Kit de puntas de comprobaci\u00f3n - Techmaster de Mexico\" \/>\n<meta property=\"og:description\" content=\"Punta de comprobaci\u00f3n de 1 metro con un conector tipo banana de \u00e1ngulo recto con cobertura de seguridad en un extremo y una sonda de comprobaci\u00f3n de acero inoxidable en el otro, y es capaz de soportar hasta 10 A. Las puntas aisladas con silicona son m\u00e1s flexibles ante temperaturas fr\u00edas y m\u00e1s resistentes ante temperaturas altas  Pinza de cocodrilo aislada que soporta hasta 5 A  Extensor de punta de sonda aislada que soporta hasta 3 A  Sonda de comprobaci\u00f3n modular con conector tipo banana en el mango que soporta hasta 10 A  Punta de comprobaci\u00f3n modular con pinza de gancho y conector tipo banana que soporta hasta 5 A  Punta de comprobaci\u00f3n modular con pinza de sujeci\u00f3n y conector tipo banana que soporta hasta 5 A  Pinza de cocodrilo modular con conector tipo banana que soporta hasta 5 A  Adaptador de punta de sonda IC de tipo deslizante (soporta hasta 3 A) y acopladores de punta de comprobaci\u00f3n  Terminal de horquilla sin aislamiento con conector tipo banana que soporta hasta 10 A  CAT III 300V  Compatible con mult\u00edmetros Fluke y de otros fabricantes que aceptan conectores tipo banana de di\u00e1metro est\u00e1ndar, con recubrimiento de seguridad  Aprobaci\u00f3n de CSA  Un a\u00f1o de garant\u00eda\" \/>\n<meta property=\"og:url\" content=\"https:\/\/techmasterdemexico.com\/producto\/kit-de-puntas-de-comprobacion\/\" \/>\n<meta property=\"og:site_name\" content=\"Techmaster de Mexico\" \/>\n<meta property=\"article:modified_time\" content=\"2026-03-10T19:18:21+00:00\" \/>\n<meta property=\"og:image\" content=\"https:\/\/techmasterdemexico.com\/wp-content\/uploads\/FLUKE-TL81A.jpg\" \/>\n\t<meta property=\"og:image:width\" content=\"1200\" \/>\n\t<meta property=\"og:image:height\" content=\"1200\" \/>\n\t<meta property=\"og:image:type\" content=\"image\/jpeg\" \/>\n<meta name=\"twitter:card\" content=\"summary_large_image\" \/>\n<meta name=\"twitter:label1\" content=\"Est. reading time\" \/>\n\t<meta name=\"twitter:data1\" content=\"2 minutes\" \/>\n<script type=\"application\/ld+json\" class=\"yoast-schema-graph\">{\"@context\":\"https:\\\/\\\/schema.org\",\"@graph\":[{\"@type\":\"WebPage\",\"@id\":\"https:\\\/\\\/techmasterdemexico.com\\\/producto\\\/kit-de-puntas-de-comprobacion\\\/\",\"url\":\"https:\\\/\\\/techmasterdemexico.com\\\/producto\\\/kit-de-puntas-de-comprobacion\\\/\",\"name\":\"Kit de puntas de comprobaci\u00f3n - Techmaster de Mexico\",\"isPartOf\":{\"@id\":\"https:\\\/\\\/techmasterdemexico.com\\\/#website\"},\"primaryImageOfPage\":{\"@id\":\"https:\\\/\\\/techmasterdemexico.com\\\/producto\\\/kit-de-puntas-de-comprobacion\\\/#primaryimage\"},\"image\":{\"@id\":\"https:\\\/\\\/techmasterdemexico.com\\\/producto\\\/kit-de-puntas-de-comprobacion\\\/#primaryimage\"},\"thumbnailUrl\":\"https:\\\/\\\/techmasterdemexico.com\\\/wp-content\\\/uploads\\\/FLUKE-TL81A.jpg\",\"datePublished\":\"2026-03-10T19:18:20+00:00\",\"dateModified\":\"2026-03-10T19:18:21+00:00\",\"breadcrumb\":{\"@id\":\"https:\\\/\\\/techmasterdemexico.com\\\/producto\\\/kit-de-puntas-de-comprobacion\\\/#breadcrumb\"},\"inLanguage\":\"en-US\",\"potentialAction\":[{\"@type\":\"ReadAction\",\"target\":[\"https:\\\/\\\/techmasterdemexico.com\\\/producto\\\/kit-de-puntas-de-comprobacion\\\/\"]}]},{\"@type\":\"ImageObject\",\"inLanguage\":\"en-US\",\"@id\":\"https:\\\/\\\/techmasterdemexico.com\\\/producto\\\/kit-de-puntas-de-comprobacion\\\/#primaryimage\",\"url\":\"https:\\\/\\\/techmasterdemexico.com\\\/wp-content\\\/uploads\\\/FLUKE-TL81A.jpg\",\"contentUrl\":\"https:\\\/\\\/techmasterdemexico.com\\\/wp-content\\\/uploads\\\/FLUKE-TL81A.jpg\",\"width\":1200,\"height\":1200},{\"@type\":\"BreadcrumbList\",\"@id\":\"https:\\\/\\\/techmasterdemexico.com\\\/producto\\\/kit-de-puntas-de-comprobacion\\\/#breadcrumb\",\"itemListElement\":[{\"@type\":\"ListItem\",\"position\":1,\"name\":\"Portada\",\"item\":\"https:\\\/\\\/techmasterdemexico.com\\\/\"},{\"@type\":\"ListItem\",\"position\":2,\"name\":\"Kit de puntas de comprobaci\u00f3n\"}]},{\"@type\":\"WebSite\",\"@id\":\"https:\\\/\\\/techmasterdemexico.com\\\/#website\",\"url\":\"https:\\\/\\\/techmasterdemexico.com\\\/\",\"name\":\"Techmaster de Mexico\",\"description\":\"\",\"potentialAction\":[{\"@type\":\"SearchAction\",\"target\":{\"@type\":\"EntryPoint\",\"urlTemplate\":\"https:\\\/\\\/techmasterdemexico.com\\\/?s={search_term_string}\"},\"query-input\":{\"@type\":\"PropertyValueSpecification\",\"valueRequired\":true,\"valueName\":\"search_term_string\"}}],\"inLanguage\":\"en-US\"}]}<\/script>\n<!-- \/ Yoast SEO plugin. -->","yoast_head_json":{"title":"Kit de puntas de comprobaci\u00f3n - Techmaster de Mexico","robots":{"index":"index","follow":"follow","max-snippet":"max-snippet:-1","max-image-preview":"max-image-preview:large","max-video-preview":"max-video-preview:-1"},"canonical":"https:\/\/techmasterdemexico.com\/producto\/kit-de-puntas-de-comprobacion\/","og_locale":"en_US","og_type":"article","og_title":"Kit de puntas de comprobaci\u00f3n - Techmaster de Mexico","og_description":"Punta de comprobaci\u00f3n de 1 metro con un conector tipo banana de \u00e1ngulo recto con cobertura de seguridad en un extremo y una sonda de comprobaci\u00f3n de acero inoxidable en el otro, y es capaz de soportar hasta 10 A. Las puntas aisladas con silicona son m\u00e1s flexibles ante temperaturas fr\u00edas y m\u00e1s resistentes ante temperaturas altas  Pinza de cocodrilo aislada que soporta hasta 5 A  Extensor de punta de sonda aislada que soporta hasta 3 A  Sonda de comprobaci\u00f3n modular con conector tipo banana en el mango que soporta hasta 10 A  Punta de comprobaci\u00f3n modular con pinza de gancho y conector tipo banana que soporta hasta 5 A  Punta de comprobaci\u00f3n modular con pinza de sujeci\u00f3n y conector tipo banana que soporta hasta 5 A  Pinza de cocodrilo modular con conector tipo banana que soporta hasta 5 A  Adaptador de punta de sonda IC de tipo deslizante (soporta hasta 3 A) y acopladores de punta de comprobaci\u00f3n  Terminal de horquilla sin aislamiento con conector tipo banana que soporta hasta 10 A  CAT III 300V  Compatible con mult\u00edmetros Fluke y de otros fabricantes que aceptan conectores tipo banana de di\u00e1metro est\u00e1ndar, con recubrimiento de seguridad  Aprobaci\u00f3n de CSA  Un a\u00f1o de garant\u00eda","og_url":"https:\/\/techmasterdemexico.com\/producto\/kit-de-puntas-de-comprobacion\/","og_site_name":"Techmaster de Mexico","article_modified_time":"2026-03-10T19:18:21+00:00","og_image":[{"width":1200,"height":1200,"url":"https:\/\/techmasterdemexico.com\/wp-content\/uploads\/FLUKE-TL81A.jpg","type":"image\/jpeg"}],"twitter_card":"summary_large_image","twitter_misc":{"Est. reading time":"2 minutes"},"schema":{"@context":"https:\/\/schema.org","@graph":[{"@type":"WebPage","@id":"https:\/\/techmasterdemexico.com\/producto\/kit-de-puntas-de-comprobacion\/","url":"https:\/\/techmasterdemexico.com\/producto\/kit-de-puntas-de-comprobacion\/","name":"Kit de puntas de comprobaci\u00f3n - Techmaster de Mexico","isPartOf":{"@id":"https:\/\/techmasterdemexico.com\/#website"},"primaryImageOfPage":{"@id":"https:\/\/techmasterdemexico.com\/producto\/kit-de-puntas-de-comprobacion\/#primaryimage"},"image":{"@id":"https:\/\/techmasterdemexico.com\/producto\/kit-de-puntas-de-comprobacion\/#primaryimage"},"thumbnailUrl":"https:\/\/techmasterdemexico.com\/wp-content\/uploads\/FLUKE-TL81A.jpg","datePublished":"2026-03-10T19:18:20+00:00","dateModified":"2026-03-10T19:18:21+00:00","breadcrumb":{"@id":"https:\/\/techmasterdemexico.com\/producto\/kit-de-puntas-de-comprobacion\/#breadcrumb"},"inLanguage":"en-US","potentialAction":[{"@type":"ReadAction","target":["https:\/\/techmasterdemexico.com\/producto\/kit-de-puntas-de-comprobacion\/"]}]},{"@type":"ImageObject","inLanguage":"en-US","@id":"https:\/\/techmasterdemexico.com\/producto\/kit-de-puntas-de-comprobacion\/#primaryimage","url":"https:\/\/techmasterdemexico.com\/wp-content\/uploads\/FLUKE-TL81A.jpg","contentUrl":"https:\/\/techmasterdemexico.com\/wp-content\/uploads\/FLUKE-TL81A.jpg","width":1200,"height":1200},{"@type":"BreadcrumbList","@id":"https:\/\/techmasterdemexico.com\/producto\/kit-de-puntas-de-comprobacion\/#breadcrumb","itemListElement":[{"@type":"ListItem","position":1,"name":"Portada","item":"https:\/\/techmasterdemexico.com\/"},{"@type":"ListItem","position":2,"name":"Kit de puntas de comprobaci\u00f3n"}]},{"@type":"WebSite","@id":"https:\/\/techmasterdemexico.com\/#website","url":"https:\/\/techmasterdemexico.com\/","name":"Techmaster de Mexico","description":"","potentialAction":[{"@type":"SearchAction","target":{"@type":"EntryPoint","urlTemplate":"https:\/\/techmasterdemexico.com\/?s={search_term_string}"},"query-input":{"@type":"PropertyValueSpecification","valueRequired":true,"valueName":"search_term_string"}}],"inLanguage":"en-US"}]}},"brands":[{"id":31,"name":"Fluke","slug":"fluke"}],"_links":{"self":[{"href":"https:\/\/techmasterdemexico.com\/en\/wp-json\/wp\/v2\/product\/35298","targetHints":{"allow":["GET"]}}],"collection":[{"href":"https:\/\/techmasterdemexico.com\/en\/wp-json\/wp\/v2\/product"}],"about":[{"href":"https:\/\/techmasterdemexico.com\/en\/wp-json\/wp\/v2\/types\/product"}],"wp:featuredmedia":[{"embeddable":true,"href":"https:\/\/techmasterdemexico.com\/en\/wp-json\/wp\/v2\/media\/35299"}],"wp:attachment":[{"href":"https:\/\/techmasterdemexico.com\/en\/wp-json\/wp\/v2\/media?parent=35298"}],"wp:term":[{"taxonomy":"pwb-brand","embeddable":true,"href":"https:\/\/techmasterdemexico.com\/en\/wp-json\/wp\/v2\/pwb-brand?post=35298"},{"taxonomy":"product_brand","embeddable":true,"href":"https:\/\/techmasterdemexico.com\/en\/wp-json\/wp\/v2\/product_brand?post=35298"},{"taxonomy":"product_cat","embeddable":true,"href":"https:\/\/techmasterdemexico.com\/en\/wp-json\/wp\/v2\/product_cat?post=35298"},{"taxonomy":"product_tag","embeddable":true,"href":"https:\/\/techmasterdemexico.com\/en\/wp-json\/wp\/v2\/product_tag?post=35298"}],"curies":[{"name":"wp","href":"https:\/\/api.w.org\/{rel}","templated":true}]}}