{"id":35295,"date":"2026-03-10T12:04:51","date_gmt":"2026-03-10T19:04:51","guid":{"rendered":"https:\/\/techmasterdemexico.com\/?post_type=product&#038;p=35295"},"modified":"2026-03-10T12:04:51","modified_gmt":"2026-03-10T19:04:51","slug":"comprobadores-de-instalaciones-multifuncion-de-la-serie-1670-de-fluke","status":"publish","type":"product","link":"https:\/\/techmasterdemexico.com\/en\/producto\/comprobadores-de-instalaciones-multifuncion-de-la-serie-1670-de-fluke\/","title":{"rendered":"Comprobadores de instalaciones multifunci\u00f3n de la serie 1670 de Fluke"},"content":{"rendered":"<p>Los comprobadores de instalaciones multifunci\u00f3n Fluke de la serie 1670 revolucionar\u00e1n su forma de trabajar. Con un dise\u00f1o ergon\u00f3mico, una impecable interfaz de usuario, funciones de gesti\u00f3n de datos integradas, conectividad inal\u00e1mbrica (1673 FC y 1674 FC) y un completo software para generaci\u00f3n de informes, la serie 1670 establece una nueva referencia como soluci\u00f3n integrada para comprobaci\u00f3n de instalaciones.<\/p>","protected":false},"excerpt":{"rendered":"<ul>\n<li>Interfaz de usuario bidireccional sencilla sin complejos men\u00fas de varios niveles<\/li>\n<li>Configuraci\u00f3n sencilla a trav\u00e9s de una pantalla t\u00e1ctil a todo color, un dispositivo inteligente o un PC<\/li>\n<li>Pruebas r\u00e1pidas y precisas gracias a la comprobaci\u00f3n autom\u00e1tica y la validaci\u00f3n autom\u00e1tica de mediciones<\/li>\n<li>Sin complicadas introducciones de datos gracias a la compatibilidad con Fluke Connect<\/li>\n<li>Vista previa de los resultados y generaci\u00f3n de certificados in situ con Fluke TruTest\u2122\ufe0f<\/li>\n<\/ul>\n","protected":false},"featured_media":35296,"template":"","meta":{"_acf_changed":false},"pwb-brand":[31],"product_brand":[],"product_cat":[366,81,30],"product_tag":[],"class_list":{"0":"post-35295","1":"product","2":"type-product","3":"status-publish","4":"has-post-thumbnail","6":"pwb-brand-fluke","7":"product_cat-todos-los-productos","8":"product_cat-comprobadores-de-aislamiento","9":"product_cat-fluke","11":"first","12":"instock","13":"taxable","14":"shipping-taxable","15":"product-type-simple"},"acf":[],"yoast_head":"<!-- This site is optimized with the Yoast SEO plugin v27.4 - https:\/\/yoast.com\/product\/yoast-seo-wordpress\/ -->\n<title>Comprobadores de instalaciones multifunci\u00f3n de la serie 1670 de Fluke - Techmaster de Mexico<\/title>\n<meta name=\"robots\" content=\"index, follow, max-snippet:-1, max-image-preview:large, max-video-preview:-1\" \/>\n<link rel=\"canonical\" href=\"https:\/\/techmasterdemexico.com\/producto\/comprobadores-de-instalaciones-multifuncion-de-la-serie-1670-de-fluke\/\" \/>\n<meta property=\"og:locale\" content=\"en_US\" \/>\n<meta property=\"og:type\" content=\"article\" \/>\n<meta property=\"og:title\" content=\"Comprobadores de instalaciones multifunci\u00f3n de la serie 1670 de Fluke - Techmaster de Mexico\" \/>\n<meta property=\"og:description\" content=\"Interfaz de usuario bidireccional sencilla sin complejos men\u00fas de varios niveles  Configuraci\u00f3n sencilla a trav\u00e9s de una pantalla t\u00e1ctil a todo color, un dispositivo inteligente o un PC  Pruebas r\u00e1pidas y precisas gracias a la comprobaci\u00f3n autom\u00e1tica y la validaci\u00f3n autom\u00e1tica de mediciones  Sin complicadas introducciones de datos gracias a la compatibilidad con Fluke Connect  Vista previa de los resultados y generaci\u00f3n de certificados in situ con Fluke TruTest\u2122\ufe0f\" \/>\n<meta property=\"og:url\" content=\"https:\/\/techmasterdemexico.com\/producto\/comprobadores-de-instalaciones-multifuncion-de-la-serie-1670-de-fluke\/\" \/>\n<meta property=\"og:site_name\" content=\"Techmaster de Mexico\" \/>\n<meta property=\"og:image\" content=\"https:\/\/techmasterdemexico.com\/wp-content\/uploads\/Fluke-Serie-1670.jpg\" \/>\n\t<meta property=\"og:image:width\" content=\"1500\" \/>\n\t<meta property=\"og:image:height\" content=\"1562\" \/>\n\t<meta property=\"og:image:type\" content=\"image\/jpeg\" \/>\n<meta name=\"twitter:card\" content=\"summary_large_image\" \/>\n<meta name=\"twitter:label1\" content=\"Est. reading time\" \/>\n\t<meta name=\"twitter:data1\" content=\"2 minutes\" \/>\n<script type=\"application\/ld+json\" class=\"yoast-schema-graph\">{\"@context\":\"https:\\\/\\\/schema.org\",\"@graph\":[{\"@type\":\"WebPage\",\"@id\":\"https:\\\/\\\/techmasterdemexico.com\\\/producto\\\/comprobadores-de-instalaciones-multifuncion-de-la-serie-1670-de-fluke\\\/\",\"url\":\"https:\\\/\\\/techmasterdemexico.com\\\/producto\\\/comprobadores-de-instalaciones-multifuncion-de-la-serie-1670-de-fluke\\\/\",\"name\":\"Comprobadores de instalaciones multifunci\u00f3n de la serie 1670 de Fluke - Techmaster de Mexico\",\"isPartOf\":{\"@id\":\"https:\\\/\\\/techmasterdemexico.com\\\/#website\"},\"primaryImageOfPage\":{\"@id\":\"https:\\\/\\\/techmasterdemexico.com\\\/producto\\\/comprobadores-de-instalaciones-multifuncion-de-la-serie-1670-de-fluke\\\/#primaryimage\"},\"image\":{\"@id\":\"https:\\\/\\\/techmasterdemexico.com\\\/producto\\\/comprobadores-de-instalaciones-multifuncion-de-la-serie-1670-de-fluke\\\/#primaryimage\"},\"thumbnailUrl\":\"https:\\\/\\\/techmasterdemexico.com\\\/wp-content\\\/uploads\\\/Fluke-Serie-1670.jpg\",\"datePublished\":\"2026-03-10T19:04:51+00:00\",\"breadcrumb\":{\"@id\":\"https:\\\/\\\/techmasterdemexico.com\\\/producto\\\/comprobadores-de-instalaciones-multifuncion-de-la-serie-1670-de-fluke\\\/#breadcrumb\"},\"inLanguage\":\"en-US\",\"potentialAction\":[{\"@type\":\"ReadAction\",\"target\":[\"https:\\\/\\\/techmasterdemexico.com\\\/producto\\\/comprobadores-de-instalaciones-multifuncion-de-la-serie-1670-de-fluke\\\/\"]}]},{\"@type\":\"ImageObject\",\"inLanguage\":\"en-US\",\"@id\":\"https:\\\/\\\/techmasterdemexico.com\\\/producto\\\/comprobadores-de-instalaciones-multifuncion-de-la-serie-1670-de-fluke\\\/#primaryimage\",\"url\":\"https:\\\/\\\/techmasterdemexico.com\\\/wp-content\\\/uploads\\\/Fluke-Serie-1670.jpg\",\"contentUrl\":\"https:\\\/\\\/techmasterdemexico.com\\\/wp-content\\\/uploads\\\/Fluke-Serie-1670.jpg\",\"width\":1500,\"height\":1562},{\"@type\":\"BreadcrumbList\",\"@id\":\"https:\\\/\\\/techmasterdemexico.com\\\/producto\\\/comprobadores-de-instalaciones-multifuncion-de-la-serie-1670-de-fluke\\\/#breadcrumb\",\"itemListElement\":[{\"@type\":\"ListItem\",\"position\":1,\"name\":\"Portada\",\"item\":\"https:\\\/\\\/techmasterdemexico.com\\\/\"},{\"@type\":\"ListItem\",\"position\":2,\"name\":\"Comprobadores de instalaciones multifunci\u00f3n de la serie 1670 de Fluke\"}]},{\"@type\":\"WebSite\",\"@id\":\"https:\\\/\\\/techmasterdemexico.com\\\/#website\",\"url\":\"https:\\\/\\\/techmasterdemexico.com\\\/\",\"name\":\"Techmaster de Mexico\",\"description\":\"\",\"potentialAction\":[{\"@type\":\"SearchAction\",\"target\":{\"@type\":\"EntryPoint\",\"urlTemplate\":\"https:\\\/\\\/techmasterdemexico.com\\\/?s={search_term_string}\"},\"query-input\":{\"@type\":\"PropertyValueSpecification\",\"valueRequired\":true,\"valueName\":\"search_term_string\"}}],\"inLanguage\":\"en-US\"}]}<\/script>\n<!-- \/ Yoast SEO plugin. -->","yoast_head_json":{"title":"Comprobadores de instalaciones multifunci\u00f3n de la serie 1670 de Fluke - Techmaster de Mexico","robots":{"index":"index","follow":"follow","max-snippet":"max-snippet:-1","max-image-preview":"max-image-preview:large","max-video-preview":"max-video-preview:-1"},"canonical":"https:\/\/techmasterdemexico.com\/producto\/comprobadores-de-instalaciones-multifuncion-de-la-serie-1670-de-fluke\/","og_locale":"en_US","og_type":"article","og_title":"Comprobadores de instalaciones multifunci\u00f3n de la serie 1670 de Fluke - Techmaster de Mexico","og_description":"Interfaz de usuario bidireccional sencilla sin complejos men\u00fas de varios niveles  Configuraci\u00f3n sencilla a trav\u00e9s de una pantalla t\u00e1ctil a todo color, un dispositivo inteligente o un PC  Pruebas r\u00e1pidas y precisas gracias a la comprobaci\u00f3n autom\u00e1tica y la validaci\u00f3n autom\u00e1tica de mediciones  Sin complicadas introducciones de datos gracias a la compatibilidad con Fluke Connect  Vista previa de los resultados y generaci\u00f3n de certificados in situ con Fluke TruTest\u2122\ufe0f","og_url":"https:\/\/techmasterdemexico.com\/producto\/comprobadores-de-instalaciones-multifuncion-de-la-serie-1670-de-fluke\/","og_site_name":"Techmaster de Mexico","og_image":[{"width":1500,"height":1562,"url":"https:\/\/techmasterdemexico.com\/wp-content\/uploads\/Fluke-Serie-1670.jpg","type":"image\/jpeg"}],"twitter_card":"summary_large_image","twitter_misc":{"Est. reading time":"2 minutes"},"schema":{"@context":"https:\/\/schema.org","@graph":[{"@type":"WebPage","@id":"https:\/\/techmasterdemexico.com\/producto\/comprobadores-de-instalaciones-multifuncion-de-la-serie-1670-de-fluke\/","url":"https:\/\/techmasterdemexico.com\/producto\/comprobadores-de-instalaciones-multifuncion-de-la-serie-1670-de-fluke\/","name":"Comprobadores de instalaciones multifunci\u00f3n de la serie 1670 de Fluke - Techmaster de Mexico","isPartOf":{"@id":"https:\/\/techmasterdemexico.com\/#website"},"primaryImageOfPage":{"@id":"https:\/\/techmasterdemexico.com\/producto\/comprobadores-de-instalaciones-multifuncion-de-la-serie-1670-de-fluke\/#primaryimage"},"image":{"@id":"https:\/\/techmasterdemexico.com\/producto\/comprobadores-de-instalaciones-multifuncion-de-la-serie-1670-de-fluke\/#primaryimage"},"thumbnailUrl":"https:\/\/techmasterdemexico.com\/wp-content\/uploads\/Fluke-Serie-1670.jpg","datePublished":"2026-03-10T19:04:51+00:00","breadcrumb":{"@id":"https:\/\/techmasterdemexico.com\/producto\/comprobadores-de-instalaciones-multifuncion-de-la-serie-1670-de-fluke\/#breadcrumb"},"inLanguage":"en-US","potentialAction":[{"@type":"ReadAction","target":["https:\/\/techmasterdemexico.com\/producto\/comprobadores-de-instalaciones-multifuncion-de-la-serie-1670-de-fluke\/"]}]},{"@type":"ImageObject","inLanguage":"en-US","@id":"https:\/\/techmasterdemexico.com\/producto\/comprobadores-de-instalaciones-multifuncion-de-la-serie-1670-de-fluke\/#primaryimage","url":"https:\/\/techmasterdemexico.com\/wp-content\/uploads\/Fluke-Serie-1670.jpg","contentUrl":"https:\/\/techmasterdemexico.com\/wp-content\/uploads\/Fluke-Serie-1670.jpg","width":1500,"height":1562},{"@type":"BreadcrumbList","@id":"https:\/\/techmasterdemexico.com\/producto\/comprobadores-de-instalaciones-multifuncion-de-la-serie-1670-de-fluke\/#breadcrumb","itemListElement":[{"@type":"ListItem","position":1,"name":"Portada","item":"https:\/\/techmasterdemexico.com\/"},{"@type":"ListItem","position":2,"name":"Comprobadores de instalaciones multifunci\u00f3n de la serie 1670 de Fluke"}]},{"@type":"WebSite","@id":"https:\/\/techmasterdemexico.com\/#website","url":"https:\/\/techmasterdemexico.com\/","name":"Techmaster de Mexico","description":"","potentialAction":[{"@type":"SearchAction","target":{"@type":"EntryPoint","urlTemplate":"https:\/\/techmasterdemexico.com\/?s={search_term_string}"},"query-input":{"@type":"PropertyValueSpecification","valueRequired":true,"valueName":"search_term_string"}}],"inLanguage":"en-US"}]}},"brands":[{"id":31,"name":"Fluke","slug":"fluke"}],"_links":{"self":[{"href":"https:\/\/techmasterdemexico.com\/en\/wp-json\/wp\/v2\/product\/35295","targetHints":{"allow":["GET"]}}],"collection":[{"href":"https:\/\/techmasterdemexico.com\/en\/wp-json\/wp\/v2\/product"}],"about":[{"href":"https:\/\/techmasterdemexico.com\/en\/wp-json\/wp\/v2\/types\/product"}],"wp:featuredmedia":[{"embeddable":true,"href":"https:\/\/techmasterdemexico.com\/en\/wp-json\/wp\/v2\/media\/35296"}],"wp:attachment":[{"href":"https:\/\/techmasterdemexico.com\/en\/wp-json\/wp\/v2\/media?parent=35295"}],"wp:term":[{"taxonomy":"pwb-brand","embeddable":true,"href":"https:\/\/techmasterdemexico.com\/en\/wp-json\/wp\/v2\/pwb-brand?post=35295"},{"taxonomy":"product_brand","embeddable":true,"href":"https:\/\/techmasterdemexico.com\/en\/wp-json\/wp\/v2\/product_brand?post=35295"},{"taxonomy":"product_cat","embeddable":true,"href":"https:\/\/techmasterdemexico.com\/en\/wp-json\/wp\/v2\/product_cat?post=35295"},{"taxonomy":"product_tag","embeddable":true,"href":"https:\/\/techmasterdemexico.com\/en\/wp-json\/wp\/v2\/product_tag?post=35295"}],"curies":[{"name":"wp","href":"https:\/\/api.w.org\/{rel}","templated":true}]}}