{"id":35290,"date":"2026-03-10T11:53:34","date_gmt":"2026-03-10T18:53:34","guid":{"rendered":"https:\/\/techmasterdemexico.com\/?post_type=product&#038;p=35290"},"modified":"2026-03-10T11:53:34","modified_gmt":"2026-03-10T18:53:34","slug":"fluke-gfl-1500-solar-ground-fault-locator","status":"publish","type":"product","link":"https:\/\/techmasterdemexico.com\/en\/producto\/fluke-gfl-1500-solar-ground-fault-locator\/","title":{"rendered":"Fluke GFL-1500 Solar Ground Fault Locator"},"content":{"rendered":"<p>El Fluke GFL-1500 Solar Ground Fault Locator es una herramienta de diagn\u00f3stico dise\u00f1ada para ayudar a los t\u00e9cnicos a localizar r\u00e1pidamente fallas de tierra activas en sistemas fotovoltaicos (PV).<\/p>\n<p>Funciona generando una se\u00f1al rastreable dentro del arreglo solar, lo que permite seguirla de forma r\u00e1pida e intuitiva mediante detecci\u00f3n sin contacto hasta llegar al punto exacto de la falla.<\/p>\n<p>Este enfoque innovador elimina la frustraci\u00f3n de los m\u00e9todos tradicionales de diagn\u00f3stico, que suelen ser lentos y basados en prueba y error, y adem\u00e1s reduce la exposici\u00f3n innecesaria a riesgos el\u00e9ctricos durante las tareas de mantenimiento.<br \/>\n<\/p>","protected":false},"excerpt":{"rendered":"<ul>\n<li>Identifique y localice fallas de tierra activas en sistemas fotovoltaicos (PV).<\/li>\n<li>Reduzca el tiempo de diagn\u00f3stico con una se\u00f1al rastreable f\u00e1cil de seguir.<\/li>\n<li>Disminuya la exposici\u00f3n a riesgos mediante rastreo sin contacto.<\/li>\n<li>Funciones de an\u00e1lisis, rastreo de fallas, circuito abierto y mapeo.<\/li>\n<li>Transmisor y receptor con clasificaci\u00f3n de seguridad CAT III 1500 V DC \/ CAT IV 600 V.<\/li>\n<\/ul>\n","protected":false},"featured_media":35291,"template":"","meta":{"_acf_changed":false},"pwb-brand":[31],"product_brand":[],"product_cat":[366,30,702],"product_tag":[],"class_list":{"0":"post-35290","1":"product","2":"type-product","3":"status-publish","4":"has-post-thumbnail","6":"pwb-brand-fluke","7":"product_cat-todos-los-productos","8":"product_cat-fluke","9":"product_cat-localizadores-de-cables","11":"first","12":"instock","13":"taxable","14":"shipping-taxable","15":"product-type-simple"},"acf":[],"yoast_head":"<!-- This site is optimized with the Yoast SEO plugin v27.4 - https:\/\/yoast.com\/product\/yoast-seo-wordpress\/ -->\n<title>Fluke GFL-1500 Solar Ground Fault Locator - Techmaster de Mexico<\/title>\n<meta name=\"robots\" content=\"index, follow, max-snippet:-1, max-image-preview:large, max-video-preview:-1\" \/>\n<link rel=\"canonical\" href=\"https:\/\/techmasterdemexico.com\/producto\/fluke-gfl-1500-solar-ground-fault-locator\/\" \/>\n<meta property=\"og:locale\" content=\"en_US\" \/>\n<meta property=\"og:type\" content=\"article\" \/>\n<meta property=\"og:title\" content=\"Fluke GFL-1500 Solar Ground Fault Locator - Techmaster de Mexico\" \/>\n<meta property=\"og:description\" content=\"Identifique y localice fallas de tierra activas en sistemas fotovoltaicos (PV).  Reduzca el tiempo de diagn\u00f3stico con una se\u00f1al rastreable f\u00e1cil de seguir.  Disminuya la exposici\u00f3n a riesgos mediante rastreo sin contacto.  Funciones de an\u00e1lisis, rastreo de fallas, circuito abierto y mapeo.  Transmisor y receptor con clasificaci\u00f3n de seguridad CAT III 1500 V DC \/ CAT IV 600 V.\" \/>\n<meta property=\"og:url\" content=\"https:\/\/techmasterdemexico.com\/producto\/fluke-gfl-1500-solar-ground-fault-locator\/\" \/>\n<meta property=\"og:site_name\" content=\"Techmaster de Mexico\" \/>\n<meta property=\"og:image\" content=\"https:\/\/techmasterdemexico.com\/wp-content\/uploads\/Fluke-GFL-1500.jpg\" \/>\n\t<meta property=\"og:image:width\" content=\"1280\" \/>\n\t<meta property=\"og:image:height\" content=\"1117\" \/>\n\t<meta property=\"og:image:type\" content=\"image\/jpeg\" \/>\n<meta name=\"twitter:card\" content=\"summary_large_image\" \/>\n<meta name=\"twitter:label1\" content=\"Est. reading time\" \/>\n\t<meta name=\"twitter:data1\" content=\"3 minutes\" \/>\n<script type=\"application\/ld+json\" class=\"yoast-schema-graph\">{\"@context\":\"https:\\\/\\\/schema.org\",\"@graph\":[{\"@type\":\"WebPage\",\"@id\":\"https:\\\/\\\/techmasterdemexico.com\\\/producto\\\/fluke-gfl-1500-solar-ground-fault-locator\\\/\",\"url\":\"https:\\\/\\\/techmasterdemexico.com\\\/producto\\\/fluke-gfl-1500-solar-ground-fault-locator\\\/\",\"name\":\"Fluke GFL-1500 Solar Ground Fault Locator - Techmaster de Mexico\",\"isPartOf\":{\"@id\":\"https:\\\/\\\/techmasterdemexico.com\\\/#website\"},\"primaryImageOfPage\":{\"@id\":\"https:\\\/\\\/techmasterdemexico.com\\\/producto\\\/fluke-gfl-1500-solar-ground-fault-locator\\\/#primaryimage\"},\"image\":{\"@id\":\"https:\\\/\\\/techmasterdemexico.com\\\/producto\\\/fluke-gfl-1500-solar-ground-fault-locator\\\/#primaryimage\"},\"thumbnailUrl\":\"https:\\\/\\\/techmasterdemexico.com\\\/wp-content\\\/uploads\\\/Fluke-GFL-1500.jpg\",\"datePublished\":\"2026-03-10T18:53:34+00:00\",\"breadcrumb\":{\"@id\":\"https:\\\/\\\/techmasterdemexico.com\\\/producto\\\/fluke-gfl-1500-solar-ground-fault-locator\\\/#breadcrumb\"},\"inLanguage\":\"en-US\",\"potentialAction\":[{\"@type\":\"ReadAction\",\"target\":[\"https:\\\/\\\/techmasterdemexico.com\\\/producto\\\/fluke-gfl-1500-solar-ground-fault-locator\\\/\"]}]},{\"@type\":\"ImageObject\",\"inLanguage\":\"en-US\",\"@id\":\"https:\\\/\\\/techmasterdemexico.com\\\/producto\\\/fluke-gfl-1500-solar-ground-fault-locator\\\/#primaryimage\",\"url\":\"https:\\\/\\\/techmasterdemexico.com\\\/wp-content\\\/uploads\\\/Fluke-GFL-1500.jpg\",\"contentUrl\":\"https:\\\/\\\/techmasterdemexico.com\\\/wp-content\\\/uploads\\\/Fluke-GFL-1500.jpg\",\"width\":1280,\"height\":1117},{\"@type\":\"BreadcrumbList\",\"@id\":\"https:\\\/\\\/techmasterdemexico.com\\\/producto\\\/fluke-gfl-1500-solar-ground-fault-locator\\\/#breadcrumb\",\"itemListElement\":[{\"@type\":\"ListItem\",\"position\":1,\"name\":\"Portada\",\"item\":\"https:\\\/\\\/techmasterdemexico.com\\\/\"},{\"@type\":\"ListItem\",\"position\":2,\"name\":\"Fluke GFL-1500 Solar Ground Fault Locator\"}]},{\"@type\":\"WebSite\",\"@id\":\"https:\\\/\\\/techmasterdemexico.com\\\/#website\",\"url\":\"https:\\\/\\\/techmasterdemexico.com\\\/\",\"name\":\"Techmaster de Mexico\",\"description\":\"\",\"potentialAction\":[{\"@type\":\"SearchAction\",\"target\":{\"@type\":\"EntryPoint\",\"urlTemplate\":\"https:\\\/\\\/techmasterdemexico.com\\\/?s={search_term_string}\"},\"query-input\":{\"@type\":\"PropertyValueSpecification\",\"valueRequired\":true,\"valueName\":\"search_term_string\"}}],\"inLanguage\":\"en-US\"}]}<\/script>\n<!-- \/ Yoast SEO plugin. -->","yoast_head_json":{"title":"Fluke GFL-1500 Solar Ground Fault Locator - Techmaster de Mexico","robots":{"index":"index","follow":"follow","max-snippet":"max-snippet:-1","max-image-preview":"max-image-preview:large","max-video-preview":"max-video-preview:-1"},"canonical":"https:\/\/techmasterdemexico.com\/producto\/fluke-gfl-1500-solar-ground-fault-locator\/","og_locale":"en_US","og_type":"article","og_title":"Fluke GFL-1500 Solar Ground Fault Locator - Techmaster de Mexico","og_description":"Identifique y localice fallas de tierra activas en sistemas fotovoltaicos (PV).  Reduzca el tiempo de diagn\u00f3stico con una se\u00f1al rastreable f\u00e1cil de seguir.  Disminuya la exposici\u00f3n a riesgos mediante rastreo sin contacto.  Funciones de an\u00e1lisis, rastreo de fallas, circuito abierto y mapeo.  Transmisor y receptor con clasificaci\u00f3n de seguridad CAT III 1500 V DC \/ CAT IV 600 V.","og_url":"https:\/\/techmasterdemexico.com\/producto\/fluke-gfl-1500-solar-ground-fault-locator\/","og_site_name":"Techmaster de Mexico","og_image":[{"width":1280,"height":1117,"url":"https:\/\/techmasterdemexico.com\/wp-content\/uploads\/Fluke-GFL-1500.jpg","type":"image\/jpeg"}],"twitter_card":"summary_large_image","twitter_misc":{"Est. reading time":"3 minutes"},"schema":{"@context":"https:\/\/schema.org","@graph":[{"@type":"WebPage","@id":"https:\/\/techmasterdemexico.com\/producto\/fluke-gfl-1500-solar-ground-fault-locator\/","url":"https:\/\/techmasterdemexico.com\/producto\/fluke-gfl-1500-solar-ground-fault-locator\/","name":"Fluke GFL-1500 Solar Ground Fault Locator - Techmaster de Mexico","isPartOf":{"@id":"https:\/\/techmasterdemexico.com\/#website"},"primaryImageOfPage":{"@id":"https:\/\/techmasterdemexico.com\/producto\/fluke-gfl-1500-solar-ground-fault-locator\/#primaryimage"},"image":{"@id":"https:\/\/techmasterdemexico.com\/producto\/fluke-gfl-1500-solar-ground-fault-locator\/#primaryimage"},"thumbnailUrl":"https:\/\/techmasterdemexico.com\/wp-content\/uploads\/Fluke-GFL-1500.jpg","datePublished":"2026-03-10T18:53:34+00:00","breadcrumb":{"@id":"https:\/\/techmasterdemexico.com\/producto\/fluke-gfl-1500-solar-ground-fault-locator\/#breadcrumb"},"inLanguage":"en-US","potentialAction":[{"@type":"ReadAction","target":["https:\/\/techmasterdemexico.com\/producto\/fluke-gfl-1500-solar-ground-fault-locator\/"]}]},{"@type":"ImageObject","inLanguage":"en-US","@id":"https:\/\/techmasterdemexico.com\/producto\/fluke-gfl-1500-solar-ground-fault-locator\/#primaryimage","url":"https:\/\/techmasterdemexico.com\/wp-content\/uploads\/Fluke-GFL-1500.jpg","contentUrl":"https:\/\/techmasterdemexico.com\/wp-content\/uploads\/Fluke-GFL-1500.jpg","width":1280,"height":1117},{"@type":"BreadcrumbList","@id":"https:\/\/techmasterdemexico.com\/producto\/fluke-gfl-1500-solar-ground-fault-locator\/#breadcrumb","itemListElement":[{"@type":"ListItem","position":1,"name":"Portada","item":"https:\/\/techmasterdemexico.com\/"},{"@type":"ListItem","position":2,"name":"Fluke GFL-1500 Solar Ground Fault Locator"}]},{"@type":"WebSite","@id":"https:\/\/techmasterdemexico.com\/#website","url":"https:\/\/techmasterdemexico.com\/","name":"Techmaster de Mexico","description":"","potentialAction":[{"@type":"SearchAction","target":{"@type":"EntryPoint","urlTemplate":"https:\/\/techmasterdemexico.com\/?s={search_term_string}"},"query-input":{"@type":"PropertyValueSpecification","valueRequired":true,"valueName":"search_term_string"}}],"inLanguage":"en-US"}]}},"brands":[{"id":31,"name":"Fluke","slug":"fluke"}],"_links":{"self":[{"href":"https:\/\/techmasterdemexico.com\/en\/wp-json\/wp\/v2\/product\/35290","targetHints":{"allow":["GET"]}}],"collection":[{"href":"https:\/\/techmasterdemexico.com\/en\/wp-json\/wp\/v2\/product"}],"about":[{"href":"https:\/\/techmasterdemexico.com\/en\/wp-json\/wp\/v2\/types\/product"}],"wp:featuredmedia":[{"embeddable":true,"href":"https:\/\/techmasterdemexico.com\/en\/wp-json\/wp\/v2\/media\/35291"}],"wp:attachment":[{"href":"https:\/\/techmasterdemexico.com\/en\/wp-json\/wp\/v2\/media?parent=35290"}],"wp:term":[{"taxonomy":"pwb-brand","embeddable":true,"href":"https:\/\/techmasterdemexico.com\/en\/wp-json\/wp\/v2\/pwb-brand?post=35290"},{"taxonomy":"product_brand","embeddable":true,"href":"https:\/\/techmasterdemexico.com\/en\/wp-json\/wp\/v2\/product_brand?post=35290"},{"taxonomy":"product_cat","embeddable":true,"href":"https:\/\/techmasterdemexico.com\/en\/wp-json\/wp\/v2\/product_cat?post=35290"},{"taxonomy":"product_tag","embeddable":true,"href":"https:\/\/techmasterdemexico.com\/en\/wp-json\/wp\/v2\/product_tag?post=35290"}],"curies":[{"name":"wp","href":"https:\/\/api.w.org\/{rel}","templated":true}]}}