{"id":35287,"date":"2026-03-10T11:45:02","date_gmt":"2026-03-10T18:45:02","guid":{"rendered":"https:\/\/techmasterdemexico.com\/?post_type=product&#038;p=35287"},"modified":"2026-03-10T11:45:03","modified_gmt":"2026-03-10T18:45:03","slug":"fluke-80bk-a-integrated-dmm-temperature-probe","status":"publish","type":"product","link":"https:\/\/techmasterdemexico.com\/en\/producto\/fluke-80bk-a-integrated-dmm-temperature-probe\/","title":{"rendered":"Fluke 80BK-A Integrated DMM Temperature Probe"},"content":{"rendered":"<p>La Fluke 80BK-A es una sonda de temperatura con termopar tipo K dise\u00f1ada para utilizarse con mult\u00edmetros digitales que cuentan con funci\u00f3n de medici\u00f3n de temperatura. Su construcci\u00f3n integrada y conector tipo banana blindado permite conectarla directamente al mult\u00edmetro, facilitando mediciones r\u00e1pidas y confiables en aplicaciones industriales, mantenimiento el\u00e9ctrico, HVAC y pruebas electr\u00f3nicas.<\/p>\n<p>Esta sonda permite medir temperatura en superficies o ambientes mediante el principio del termopar tipo K, donde dos metales diferentes generan una peque\u00f1a diferencia de voltaje proporcional a la temperatura medida.<\/p>\n<p>&nbsp;<\/p>\n<p><\/p>","protected":false},"excerpt":{"rendered":"<p>La Fluke 80BK-A es una sonda de temperatura con termopar tipo K dise\u00f1ada para utilizarse con mult\u00edmetros digitales que cuentan con funci\u00f3n de medici\u00f3n de temperatura. Su construcci\u00f3n integrada y conector tipo banana blindado permite conectarla directamente al mult\u00edmetro, facilitando mediciones r\u00e1pidas y confiables en aplicaciones industriales, mantenimiento el\u00e9ctrico, HVAC y pruebas electr\u00f3nicas. Esta sonda [&hellip;]<\/p>\n","protected":false},"featured_media":35289,"template":"","meta":{"_acf_changed":false},"pwb-brand":[31],"product_brand":[],"product_cat":[366,118,30],"product_tag":[],"class_list":{"0":"post-35287","1":"product","2":"type-product","3":"status-publish","4":"has-post-thumbnail","6":"pwb-brand-fluke","7":"product_cat-todos-los-productos","8":"product_cat-accesorios-fluke","9":"product_cat-fluke","11":"first","12":"instock","13":"taxable","14":"shipping-taxable","15":"product-type-simple"},"acf":[],"yoast_head":"<!-- This site is optimized with the Yoast SEO plugin v27.4 - https:\/\/yoast.com\/product\/yoast-seo-wordpress\/ -->\n<title>Fluke 80BK-A Integrated DMM Temperature Probe - Techmaster de Mexico<\/title>\n<meta name=\"robots\" content=\"index, follow, max-snippet:-1, max-image-preview:large, max-video-preview:-1\" \/>\n<link rel=\"canonical\" href=\"https:\/\/techmasterdemexico.com\/producto\/fluke-80bk-a-integrated-dmm-temperature-probe\/\" \/>\n<meta property=\"og:locale\" content=\"en_US\" \/>\n<meta property=\"og:type\" content=\"article\" \/>\n<meta property=\"og:title\" content=\"Fluke 80BK-A Integrated DMM Temperature Probe - Techmaster de Mexico\" \/>\n<meta property=\"og:description\" content=\"La Fluke 80BK-A es una sonda de temperatura con termopar tipo K dise\u00f1ada para utilizarse con mult\u00edmetros digitales que cuentan con funci\u00f3n de medici\u00f3n de temperatura. Su construcci\u00f3n integrada y conector tipo banana blindado permite conectarla directamente al mult\u00edmetro, facilitando mediciones r\u00e1pidas y confiables en aplicaciones industriales, mantenimiento el\u00e9ctrico, HVAC y pruebas electr\u00f3nicas. Esta sonda [&hellip;]\" \/>\n<meta property=\"og:url\" content=\"https:\/\/techmasterdemexico.com\/producto\/fluke-80bk-a-integrated-dmm-temperature-probe\/\" \/>\n<meta property=\"og:site_name\" content=\"Techmaster de Mexico\" \/>\n<meta property=\"article:modified_time\" content=\"2026-03-10T18:45:03+00:00\" \/>\n<meta property=\"og:image\" content=\"https:\/\/techmasterdemexico.com\/wp-content\/uploads\/fluke-80bk-a.jpg\" \/>\n\t<meta property=\"og:image:width\" content=\"1600\" \/>\n\t<meta property=\"og:image:height\" content=\"1600\" \/>\n\t<meta property=\"og:image:type\" content=\"image\/jpeg\" \/>\n<meta name=\"twitter:card\" content=\"summary_large_image\" \/>\n<meta name=\"twitter:label1\" content=\"Est. reading time\" \/>\n\t<meta name=\"twitter:data1\" content=\"1 minute\" \/>\n<script type=\"application\/ld+json\" class=\"yoast-schema-graph\">{\"@context\":\"https:\\\/\\\/schema.org\",\"@graph\":[{\"@type\":\"WebPage\",\"@id\":\"https:\\\/\\\/techmasterdemexico.com\\\/producto\\\/fluke-80bk-a-integrated-dmm-temperature-probe\\\/\",\"url\":\"https:\\\/\\\/techmasterdemexico.com\\\/producto\\\/fluke-80bk-a-integrated-dmm-temperature-probe\\\/\",\"name\":\"Fluke 80BK-A Integrated DMM Temperature Probe - Techmaster de Mexico\",\"isPartOf\":{\"@id\":\"https:\\\/\\\/techmasterdemexico.com\\\/#website\"},\"primaryImageOfPage\":{\"@id\":\"https:\\\/\\\/techmasterdemexico.com\\\/producto\\\/fluke-80bk-a-integrated-dmm-temperature-probe\\\/#primaryimage\"},\"image\":{\"@id\":\"https:\\\/\\\/techmasterdemexico.com\\\/producto\\\/fluke-80bk-a-integrated-dmm-temperature-probe\\\/#primaryimage\"},\"thumbnailUrl\":\"https:\\\/\\\/techmasterdemexico.com\\\/wp-content\\\/uploads\\\/fluke-80bk-a.jpg\",\"datePublished\":\"2026-03-10T18:45:02+00:00\",\"dateModified\":\"2026-03-10T18:45:03+00:00\",\"breadcrumb\":{\"@id\":\"https:\\\/\\\/techmasterdemexico.com\\\/producto\\\/fluke-80bk-a-integrated-dmm-temperature-probe\\\/#breadcrumb\"},\"inLanguage\":\"en-US\",\"potentialAction\":[{\"@type\":\"ReadAction\",\"target\":[\"https:\\\/\\\/techmasterdemexico.com\\\/producto\\\/fluke-80bk-a-integrated-dmm-temperature-probe\\\/\"]}]},{\"@type\":\"ImageObject\",\"inLanguage\":\"en-US\",\"@id\":\"https:\\\/\\\/techmasterdemexico.com\\\/producto\\\/fluke-80bk-a-integrated-dmm-temperature-probe\\\/#primaryimage\",\"url\":\"https:\\\/\\\/techmasterdemexico.com\\\/wp-content\\\/uploads\\\/fluke-80bk-a.jpg\",\"contentUrl\":\"https:\\\/\\\/techmasterdemexico.com\\\/wp-content\\\/uploads\\\/fluke-80bk-a.jpg\",\"width\":1600,\"height\":1600,\"caption\":\"Version 1.0.0\"},{\"@type\":\"BreadcrumbList\",\"@id\":\"https:\\\/\\\/techmasterdemexico.com\\\/producto\\\/fluke-80bk-a-integrated-dmm-temperature-probe\\\/#breadcrumb\",\"itemListElement\":[{\"@type\":\"ListItem\",\"position\":1,\"name\":\"Portada\",\"item\":\"https:\\\/\\\/techmasterdemexico.com\\\/\"},{\"@type\":\"ListItem\",\"position\":2,\"name\":\"Fluke 80BK-A Integrated DMM Temperature Probe\"}]},{\"@type\":\"WebSite\",\"@id\":\"https:\\\/\\\/techmasterdemexico.com\\\/#website\",\"url\":\"https:\\\/\\\/techmasterdemexico.com\\\/\",\"name\":\"Techmaster de Mexico\",\"description\":\"\",\"potentialAction\":[{\"@type\":\"SearchAction\",\"target\":{\"@type\":\"EntryPoint\",\"urlTemplate\":\"https:\\\/\\\/techmasterdemexico.com\\\/?s={search_term_string}\"},\"query-input\":{\"@type\":\"PropertyValueSpecification\",\"valueRequired\":true,\"valueName\":\"search_term_string\"}}],\"inLanguage\":\"en-US\"}]}<\/script>\n<!-- \/ Yoast SEO plugin. -->","yoast_head_json":{"title":"Fluke 80BK-A Integrated DMM Temperature Probe - Techmaster de Mexico","robots":{"index":"index","follow":"follow","max-snippet":"max-snippet:-1","max-image-preview":"max-image-preview:large","max-video-preview":"max-video-preview:-1"},"canonical":"https:\/\/techmasterdemexico.com\/producto\/fluke-80bk-a-integrated-dmm-temperature-probe\/","og_locale":"en_US","og_type":"article","og_title":"Fluke 80BK-A Integrated DMM Temperature Probe - Techmaster de Mexico","og_description":"La Fluke 80BK-A es una sonda de temperatura con termopar tipo K dise\u00f1ada para utilizarse con mult\u00edmetros digitales que cuentan con funci\u00f3n de medici\u00f3n de temperatura. Su construcci\u00f3n integrada y conector tipo banana blindado permite conectarla directamente al mult\u00edmetro, facilitando mediciones r\u00e1pidas y confiables en aplicaciones industriales, mantenimiento el\u00e9ctrico, HVAC y pruebas electr\u00f3nicas. Esta sonda [&hellip;]","og_url":"https:\/\/techmasterdemexico.com\/producto\/fluke-80bk-a-integrated-dmm-temperature-probe\/","og_site_name":"Techmaster de Mexico","article_modified_time":"2026-03-10T18:45:03+00:00","og_image":[{"width":1600,"height":1600,"url":"https:\/\/techmasterdemexico.com\/wp-content\/uploads\/fluke-80bk-a.jpg","type":"image\/jpeg"}],"twitter_card":"summary_large_image","twitter_misc":{"Est. reading time":"1 minute"},"schema":{"@context":"https:\/\/schema.org","@graph":[{"@type":"WebPage","@id":"https:\/\/techmasterdemexico.com\/producto\/fluke-80bk-a-integrated-dmm-temperature-probe\/","url":"https:\/\/techmasterdemexico.com\/producto\/fluke-80bk-a-integrated-dmm-temperature-probe\/","name":"Fluke 80BK-A Integrated DMM Temperature Probe - Techmaster de Mexico","isPartOf":{"@id":"https:\/\/techmasterdemexico.com\/#website"},"primaryImageOfPage":{"@id":"https:\/\/techmasterdemexico.com\/producto\/fluke-80bk-a-integrated-dmm-temperature-probe\/#primaryimage"},"image":{"@id":"https:\/\/techmasterdemexico.com\/producto\/fluke-80bk-a-integrated-dmm-temperature-probe\/#primaryimage"},"thumbnailUrl":"https:\/\/techmasterdemexico.com\/wp-content\/uploads\/fluke-80bk-a.jpg","datePublished":"2026-03-10T18:45:02+00:00","dateModified":"2026-03-10T18:45:03+00:00","breadcrumb":{"@id":"https:\/\/techmasterdemexico.com\/producto\/fluke-80bk-a-integrated-dmm-temperature-probe\/#breadcrumb"},"inLanguage":"en-US","potentialAction":[{"@type":"ReadAction","target":["https:\/\/techmasterdemexico.com\/producto\/fluke-80bk-a-integrated-dmm-temperature-probe\/"]}]},{"@type":"ImageObject","inLanguage":"en-US","@id":"https:\/\/techmasterdemexico.com\/producto\/fluke-80bk-a-integrated-dmm-temperature-probe\/#primaryimage","url":"https:\/\/techmasterdemexico.com\/wp-content\/uploads\/fluke-80bk-a.jpg","contentUrl":"https:\/\/techmasterdemexico.com\/wp-content\/uploads\/fluke-80bk-a.jpg","width":1600,"height":1600,"caption":"Version 1.0.0"},{"@type":"BreadcrumbList","@id":"https:\/\/techmasterdemexico.com\/producto\/fluke-80bk-a-integrated-dmm-temperature-probe\/#breadcrumb","itemListElement":[{"@type":"ListItem","position":1,"name":"Portada","item":"https:\/\/techmasterdemexico.com\/"},{"@type":"ListItem","position":2,"name":"Fluke 80BK-A Integrated DMM Temperature Probe"}]},{"@type":"WebSite","@id":"https:\/\/techmasterdemexico.com\/#website","url":"https:\/\/techmasterdemexico.com\/","name":"Techmaster de Mexico","description":"","potentialAction":[{"@type":"SearchAction","target":{"@type":"EntryPoint","urlTemplate":"https:\/\/techmasterdemexico.com\/?s={search_term_string}"},"query-input":{"@type":"PropertyValueSpecification","valueRequired":true,"valueName":"search_term_string"}}],"inLanguage":"en-US"}]}},"brands":[{"id":31,"name":"Fluke","slug":"fluke"}],"_links":{"self":[{"href":"https:\/\/techmasterdemexico.com\/en\/wp-json\/wp\/v2\/product\/35287","targetHints":{"allow":["GET"]}}],"collection":[{"href":"https:\/\/techmasterdemexico.com\/en\/wp-json\/wp\/v2\/product"}],"about":[{"href":"https:\/\/techmasterdemexico.com\/en\/wp-json\/wp\/v2\/types\/product"}],"wp:featuredmedia":[{"embeddable":true,"href":"https:\/\/techmasterdemexico.com\/en\/wp-json\/wp\/v2\/media\/35289"}],"wp:attachment":[{"href":"https:\/\/techmasterdemexico.com\/en\/wp-json\/wp\/v2\/media?parent=35287"}],"wp:term":[{"taxonomy":"pwb-brand","embeddable":true,"href":"https:\/\/techmasterdemexico.com\/en\/wp-json\/wp\/v2\/pwb-brand?post=35287"},{"taxonomy":"product_brand","embeddable":true,"href":"https:\/\/techmasterdemexico.com\/en\/wp-json\/wp\/v2\/product_brand?post=35287"},{"taxonomy":"product_cat","embeddable":true,"href":"https:\/\/techmasterdemexico.com\/en\/wp-json\/wp\/v2\/product_cat?post=35287"},{"taxonomy":"product_tag","embeddable":true,"href":"https:\/\/techmasterdemexico.com\/en\/wp-json\/wp\/v2\/product_tag?post=35287"}],"curies":[{"name":"wp","href":"https:\/\/api.w.org\/{rel}","templated":true}]}}