{"id":35187,"date":"2026-03-02T14:15:42","date_gmt":"2026-03-02T21:15:42","guid":{"rendered":"https:\/\/techmasterdemexico.com\/?post_type=product&#038;p=35187"},"modified":"2026-03-09T13:20:48","modified_gmt":"2026-03-09T20:20:48","slug":"datapaq-stenterpaq","status":"publish","type":"product","link":"https:\/\/techmasterdemexico.com\/en\/producto\/datapaq-stenterpaq\/","title":{"rendered":"Datapaq\u00ae StenterPaq"},"content":{"rendered":"<p>Dise\u00f1ado para satisfacer las necesidades espec\u00edficas de la industria textil, StenterPaq es un sistema especializado de perfil t\u00e9rmico que se utiliza en una amplia gama de materiales, desde telas lisas hasta alfombras pesadas y de pelo largo<br \/>\nRegistrador de datos Datapaq DP5<\/p>\n<p>El registrador de datos Datapaq DP5, combinado con protecci\u00f3n t\u00e9rmica y software anal\u00edtico, le ayuda a garantizar que su proceso se mantenga dentro de las tolerancias especificadas. El registrador de datos DP5660 cuenta con seis canales que le permiten registrar la temperatura del producto en hasta seis ubicaciones.<\/p>\n","protected":false},"excerpt":{"rendered":"<ul>\n<li>Rango de medici\u00f3n de temperatura: -200 a 1370 \u00b0C (-328 a 2498 \u00b0F)<\/li>\n<li>Paquete de bater\u00eda NiMH reemplazable por el usuario<\/li>\n<li>Frecuencia de muestreo tan baja como 0,05 segundos<\/li>\n<li>50.000 lecturas por canal<\/li>\n<li>Alta precisi\u00f3n +\/- 0,5 \u00b0C (0,9 \u00b0F)<\/li>\n<li>Botones de inicio\/parada f\u00e1ciles de usar<\/li>\n<\/ul>\n","protected":false},"featured_media":35188,"template":"","meta":{"_acf_changed":false},"pwb-brand":[31],"product_brand":[],"product_cat":[366,697,30],"product_tag":[],"class_list":{"0":"post-35187","1":"product","2":"type-product","3":"status-publish","4":"has-post-thumbnail","6":"pwb-brand-fluke","7":"product_cat-todos-los-productos","8":"product_cat-datapaq","9":"product_cat-fluke","11":"first","12":"instock","13":"taxable","14":"shipping-taxable","15":"product-type-simple"},"acf":[],"yoast_head":"<!-- This site is optimized with the Yoast SEO plugin v27.3 - https:\/\/yoast.com\/product\/yoast-seo-wordpress\/ -->\n<title>Datapaq\u00ae StenterPaq - Techmaster de Mexico<\/title>\n<meta name=\"robots\" content=\"index, follow, max-snippet:-1, max-image-preview:large, max-video-preview:-1\" \/>\n<link rel=\"canonical\" href=\"https:\/\/techmasterdemexico.com\/producto\/datapaq-stenterpaq\/\" \/>\n<meta property=\"og:locale\" content=\"en_US\" \/>\n<meta property=\"og:type\" content=\"article\" \/>\n<meta property=\"og:title\" content=\"Datapaq\u00ae StenterPaq - Techmaster de Mexico\" \/>\n<meta property=\"og:description\" content=\"Rango de medici\u00f3n de temperatura: -200 a 1370 \u00b0C (-328 a 2498 \u00b0F)  Paquete de bater\u00eda NiMH reemplazable por el usuario  Frecuencia de muestreo tan baja como 0,05 segundos  50.000 lecturas por canal  Alta precisi\u00f3n +\/- 0,5 \u00b0C (0,9 \u00b0F)  Botones de inicio\/parada f\u00e1ciles de usar\" \/>\n<meta property=\"og:url\" content=\"https:\/\/techmasterdemexico.com\/producto\/datapaq-stenterpaq\/\" \/>\n<meta property=\"og:site_name\" content=\"Techmaster de Mexico\" \/>\n<meta property=\"article:modified_time\" content=\"2026-03-09T20:20:48+00:00\" \/>\n<meta property=\"og:image\" content=\"https:\/\/techmasterdemexico.com\/wp-content\/uploads\/StenterPaq\u00ae.png\" \/>\n\t<meta property=\"og:image:width\" content=\"1000\" \/>\n\t<meta property=\"og:image:height\" content=\"1000\" \/>\n\t<meta property=\"og:image:type\" content=\"image\/png\" \/>\n<meta name=\"twitter:card\" content=\"summary_large_image\" \/>\n<meta name=\"twitter:label1\" content=\"Est. reading time\" \/>\n\t<meta name=\"twitter:data1\" content=\"1 minute\" \/>\n<script type=\"application\/ld+json\" class=\"yoast-schema-graph\">{\"@context\":\"https:\\\/\\\/schema.org\",\"@graph\":[{\"@type\":\"WebPage\",\"@id\":\"https:\\\/\\\/techmasterdemexico.com\\\/producto\\\/datapaq-stenterpaq\\\/\",\"url\":\"https:\\\/\\\/techmasterdemexico.com\\\/producto\\\/datapaq-stenterpaq\\\/\",\"name\":\"Datapaq\u00ae StenterPaq - Techmaster de Mexico\",\"isPartOf\":{\"@id\":\"https:\\\/\\\/techmasterdemexico.com\\\/#website\"},\"primaryImageOfPage\":{\"@id\":\"https:\\\/\\\/techmasterdemexico.com\\\/producto\\\/datapaq-stenterpaq\\\/#primaryimage\"},\"image\":{\"@id\":\"https:\\\/\\\/techmasterdemexico.com\\\/producto\\\/datapaq-stenterpaq\\\/#primaryimage\"},\"thumbnailUrl\":\"https:\\\/\\\/techmasterdemexico.com\\\/wp-content\\\/uploads\\\/StenterPaq\u00ae.png\",\"datePublished\":\"2026-03-02T21:15:42+00:00\",\"dateModified\":\"2026-03-09T20:20:48+00:00\",\"breadcrumb\":{\"@id\":\"https:\\\/\\\/techmasterdemexico.com\\\/producto\\\/datapaq-stenterpaq\\\/#breadcrumb\"},\"inLanguage\":\"en-US\",\"potentialAction\":[{\"@type\":\"ReadAction\",\"target\":[\"https:\\\/\\\/techmasterdemexico.com\\\/producto\\\/datapaq-stenterpaq\\\/\"]}]},{\"@type\":\"ImageObject\",\"inLanguage\":\"en-US\",\"@id\":\"https:\\\/\\\/techmasterdemexico.com\\\/producto\\\/datapaq-stenterpaq\\\/#primaryimage\",\"url\":\"https:\\\/\\\/techmasterdemexico.com\\\/wp-content\\\/uploads\\\/StenterPaq\u00ae.png\",\"contentUrl\":\"https:\\\/\\\/techmasterdemexico.com\\\/wp-content\\\/uploads\\\/StenterPaq\u00ae.png\",\"width\":1000,\"height\":1000},{\"@type\":\"BreadcrumbList\",\"@id\":\"https:\\\/\\\/techmasterdemexico.com\\\/producto\\\/datapaq-stenterpaq\\\/#breadcrumb\",\"itemListElement\":[{\"@type\":\"ListItem\",\"position\":1,\"name\":\"Portada\",\"item\":\"https:\\\/\\\/techmasterdemexico.com\\\/\"},{\"@type\":\"ListItem\",\"position\":2,\"name\":\"Datapaq\u00ae StenterPaq\"}]},{\"@type\":\"WebSite\",\"@id\":\"https:\\\/\\\/techmasterdemexico.com\\\/#website\",\"url\":\"https:\\\/\\\/techmasterdemexico.com\\\/\",\"name\":\"Techmaster de Mexico\",\"description\":\"\",\"potentialAction\":[{\"@type\":\"SearchAction\",\"target\":{\"@type\":\"EntryPoint\",\"urlTemplate\":\"https:\\\/\\\/techmasterdemexico.com\\\/?s={search_term_string}\"},\"query-input\":{\"@type\":\"PropertyValueSpecification\",\"valueRequired\":true,\"valueName\":\"search_term_string\"}}],\"inLanguage\":\"en-US\"}]}<\/script>\n<!-- \/ Yoast SEO plugin. -->","yoast_head_json":{"title":"Datapaq\u00ae StenterPaq - Techmaster de Mexico","robots":{"index":"index","follow":"follow","max-snippet":"max-snippet:-1","max-image-preview":"max-image-preview:large","max-video-preview":"max-video-preview:-1"},"canonical":"https:\/\/techmasterdemexico.com\/producto\/datapaq-stenterpaq\/","og_locale":"en_US","og_type":"article","og_title":"Datapaq\u00ae StenterPaq - Techmaster de Mexico","og_description":"Rango de medici\u00f3n de temperatura: -200 a 1370 \u00b0C (-328 a 2498 \u00b0F)  Paquete de bater\u00eda NiMH reemplazable por el usuario  Frecuencia de muestreo tan baja como 0,05 segundos  50.000 lecturas por canal  Alta precisi\u00f3n +\/- 0,5 \u00b0C (0,9 \u00b0F)  Botones de inicio\/parada f\u00e1ciles de usar","og_url":"https:\/\/techmasterdemexico.com\/producto\/datapaq-stenterpaq\/","og_site_name":"Techmaster de Mexico","article_modified_time":"2026-03-09T20:20:48+00:00","og_image":[{"width":1000,"height":1000,"url":"https:\/\/techmasterdemexico.com\/wp-content\/uploads\/StenterPaq\u00ae.png","type":"image\/png"}],"twitter_card":"summary_large_image","twitter_misc":{"Est. reading time":"1 minute"},"schema":{"@context":"https:\/\/schema.org","@graph":[{"@type":"WebPage","@id":"https:\/\/techmasterdemexico.com\/producto\/datapaq-stenterpaq\/","url":"https:\/\/techmasterdemexico.com\/producto\/datapaq-stenterpaq\/","name":"Datapaq\u00ae StenterPaq - Techmaster de Mexico","isPartOf":{"@id":"https:\/\/techmasterdemexico.com\/#website"},"primaryImageOfPage":{"@id":"https:\/\/techmasterdemexico.com\/producto\/datapaq-stenterpaq\/#primaryimage"},"image":{"@id":"https:\/\/techmasterdemexico.com\/producto\/datapaq-stenterpaq\/#primaryimage"},"thumbnailUrl":"https:\/\/techmasterdemexico.com\/wp-content\/uploads\/StenterPaq\u00ae.png","datePublished":"2026-03-02T21:15:42+00:00","dateModified":"2026-03-09T20:20:48+00:00","breadcrumb":{"@id":"https:\/\/techmasterdemexico.com\/producto\/datapaq-stenterpaq\/#breadcrumb"},"inLanguage":"en-US","potentialAction":[{"@type":"ReadAction","target":["https:\/\/techmasterdemexico.com\/producto\/datapaq-stenterpaq\/"]}]},{"@type":"ImageObject","inLanguage":"en-US","@id":"https:\/\/techmasterdemexico.com\/producto\/datapaq-stenterpaq\/#primaryimage","url":"https:\/\/techmasterdemexico.com\/wp-content\/uploads\/StenterPaq\u00ae.png","contentUrl":"https:\/\/techmasterdemexico.com\/wp-content\/uploads\/StenterPaq\u00ae.png","width":1000,"height":1000},{"@type":"BreadcrumbList","@id":"https:\/\/techmasterdemexico.com\/producto\/datapaq-stenterpaq\/#breadcrumb","itemListElement":[{"@type":"ListItem","position":1,"name":"Portada","item":"https:\/\/techmasterdemexico.com\/"},{"@type":"ListItem","position":2,"name":"Datapaq\u00ae StenterPaq"}]},{"@type":"WebSite","@id":"https:\/\/techmasterdemexico.com\/#website","url":"https:\/\/techmasterdemexico.com\/","name":"Techmaster de Mexico","description":"","potentialAction":[{"@type":"SearchAction","target":{"@type":"EntryPoint","urlTemplate":"https:\/\/techmasterdemexico.com\/?s={search_term_string}"},"query-input":{"@type":"PropertyValueSpecification","valueRequired":true,"valueName":"search_term_string"}}],"inLanguage":"en-US"}]}},"brands":[{"id":31,"name":"Fluke","slug":"fluke"}],"_links":{"self":[{"href":"https:\/\/techmasterdemexico.com\/en\/wp-json\/wp\/v2\/product\/35187","targetHints":{"allow":["GET"]}}],"collection":[{"href":"https:\/\/techmasterdemexico.com\/en\/wp-json\/wp\/v2\/product"}],"about":[{"href":"https:\/\/techmasterdemexico.com\/en\/wp-json\/wp\/v2\/types\/product"}],"wp:featuredmedia":[{"embeddable":true,"href":"https:\/\/techmasterdemexico.com\/en\/wp-json\/wp\/v2\/media\/35188"}],"wp:attachment":[{"href":"https:\/\/techmasterdemexico.com\/en\/wp-json\/wp\/v2\/media?parent=35187"}],"wp:term":[{"taxonomy":"pwb-brand","embeddable":true,"href":"https:\/\/techmasterdemexico.com\/en\/wp-json\/wp\/v2\/pwb-brand?post=35187"},{"taxonomy":"product_brand","embeddable":true,"href":"https:\/\/techmasterdemexico.com\/en\/wp-json\/wp\/v2\/product_brand?post=35187"},{"taxonomy":"product_cat","embeddable":true,"href":"https:\/\/techmasterdemexico.com\/en\/wp-json\/wp\/v2\/product_cat?post=35187"},{"taxonomy":"product_tag","embeddable":true,"href":"https:\/\/techmasterdemexico.com\/en\/wp-json\/wp\/v2\/product_tag?post=35187"}],"curies":[{"name":"wp","href":"https:\/\/api.w.org\/{rel}","templated":true}]}}