{"id":35175,"date":"2026-03-02T14:06:06","date_gmt":"2026-03-02T21:06:06","guid":{"rendered":"https:\/\/techmasterdemexico.com\/?post_type=product&#038;p=35175"},"modified":"2026-03-09T13:21:16","modified_gmt":"2026-03-09T20:21:16","slug":"datapaq-dp5-reflow-tracker","status":"publish","type":"product","link":"https:\/\/techmasterdemexico.com\/en\/producto\/datapaq-dp5-reflow-tracker\/","title":{"rendered":"Datapaq\u00ae DP5 Reflow Tracker"},"content":{"rendered":"<p>El sistema de perfilado de temperatura Datapaq\u00ae Reflow Tracker\u00ae se compone de termopares, registradores de datos, barreras t\u00e9rmicas protectoras y software Insight espec\u00edficamente dise\u00f1ados para ayudarle a optimizar la calidad del proceso y del producto<br \/>\nRegistrador de datos Datapaq DP5<\/p>\n<p>El Datapaq DP5 es un registrador de datos de temperatura robusto y fiable que utiliza la \u00faltima tecnolog\u00eda electr\u00f3nica para garantizar un equilibrio \u00f3ptimo entre tama\u00f1o y rendimiento. Est\u00e1 alojado en una carcasa de aluminio macizo mecanizado para garantizar la mayor vida \u00fatil y el menor coste de propiedad<\/p>\n","protected":false},"excerpt":{"rendered":"<ul>\n<li>Rango de temperatura: -100 \u00b0C a 1370 \u00b0C (-385 \u00b0F a 2498 \u00b0F) (termopares tipo K)<\/li>\n<li>Paquete de bater\u00eda NiMH reemplazable por el usuario<\/li>\n<li>Tama\u00f1o excepcionalmente delgado: menos de 60 mm (2,5\u201d) de ancho y baja altura: menos de 12 mm (0,5\u201d)<\/li>\n<li>Frecuencia de muestreo tan baja como 0,05 segundos<\/li>\n<li>50000 lecturas por canal en formatos de 6 y 12 canales<\/li>\n<li>Alta precisi\u00f3n +\/- 0,5 \u00b0C (0,9 \u00b0F)<\/li>\n<li>Botones de inicio\/parada f\u00e1ciles de usar<\/li>\n<li>Comunicaci\u00f3n mediante USB ultrarr\u00e1pido<\/li>\n<li>Recarga de bater\u00eda desde cualquier toma de corriente USB<\/li>\n<\/ul>\n","protected":false},"featured_media":35177,"template":"","meta":{"_acf_changed":false},"pwb-brand":[31],"product_brand":[],"product_cat":[366,697,30],"product_tag":[],"class_list":{"0":"post-35175","1":"product","2":"type-product","3":"status-publish","4":"has-post-thumbnail","6":"pwb-brand-fluke","7":"product_cat-todos-los-productos","8":"product_cat-datapaq","9":"product_cat-fluke","11":"first","12":"instock","13":"taxable","14":"shipping-taxable","15":"product-type-simple"},"acf":[],"yoast_head":"<!-- This site is optimized with the Yoast SEO plugin v27.4 - https:\/\/yoast.com\/product\/yoast-seo-wordpress\/ -->\n<title>Datapaq\u00ae DP5 Reflow Tracker - Techmaster de Mexico<\/title>\n<meta name=\"robots\" content=\"index, follow, max-snippet:-1, max-image-preview:large, max-video-preview:-1\" \/>\n<link rel=\"canonical\" href=\"https:\/\/techmasterdemexico.com\/producto\/datapaq-dp5-reflow-tracker\/\" \/>\n<meta property=\"og:locale\" content=\"en_US\" \/>\n<meta property=\"og:type\" content=\"article\" \/>\n<meta property=\"og:title\" content=\"Datapaq\u00ae DP5 Reflow Tracker - Techmaster de Mexico\" \/>\n<meta property=\"og:description\" content=\"Rango de temperatura: -100 \u00b0C a 1370 \u00b0C (-385 \u00b0F a 2498 \u00b0F) (termopares tipo K)  Paquete de bater\u00eda NiMH reemplazable por el usuario  Tama\u00f1o excepcionalmente delgado: menos de 60 mm (2,5\u201d) de ancho y baja altura: menos de 12 mm (0,5\u201d)  Frecuencia de muestreo tan baja como 0,05 segundos  50000 lecturas por canal en formatos de 6 y 12 canales  Alta precisi\u00f3n +\/- 0,5 \u00b0C (0,9 \u00b0F)  Botones de inicio\/parada f\u00e1ciles de usar  Comunicaci\u00f3n mediante USB ultrarr\u00e1pido  Recarga de bater\u00eda desde cualquier toma de corriente USB\" \/>\n<meta property=\"og:url\" content=\"https:\/\/techmasterdemexico.com\/producto\/datapaq-dp5-reflow-tracker\/\" \/>\n<meta property=\"og:site_name\" content=\"Techmaster de Mexico\" \/>\n<meta property=\"article:modified_time\" content=\"2026-03-09T20:21:16+00:00\" \/>\n<meta property=\"og:image\" content=\"https:\/\/techmasterdemexico.com\/wp-content\/uploads\/Reflow-Tracker.png\" \/>\n\t<meta property=\"og:image:width\" content=\"1000\" \/>\n\t<meta property=\"og:image:height\" content=\"1000\" \/>\n\t<meta property=\"og:image:type\" content=\"image\/png\" \/>\n<meta name=\"twitter:card\" content=\"summary_large_image\" \/>\n<meta name=\"twitter:label1\" content=\"Est. reading time\" \/>\n\t<meta name=\"twitter:data1\" content=\"1 minute\" \/>\n<script type=\"application\/ld+json\" class=\"yoast-schema-graph\">{\"@context\":\"https:\\\/\\\/schema.org\",\"@graph\":[{\"@type\":\"WebPage\",\"@id\":\"https:\\\/\\\/techmasterdemexico.com\\\/producto\\\/datapaq-dp5-reflow-tracker\\\/\",\"url\":\"https:\\\/\\\/techmasterdemexico.com\\\/producto\\\/datapaq-dp5-reflow-tracker\\\/\",\"name\":\"Datapaq\u00ae DP5 Reflow Tracker - Techmaster de Mexico\",\"isPartOf\":{\"@id\":\"https:\\\/\\\/techmasterdemexico.com\\\/#website\"},\"primaryImageOfPage\":{\"@id\":\"https:\\\/\\\/techmasterdemexico.com\\\/producto\\\/datapaq-dp5-reflow-tracker\\\/#primaryimage\"},\"image\":{\"@id\":\"https:\\\/\\\/techmasterdemexico.com\\\/producto\\\/datapaq-dp5-reflow-tracker\\\/#primaryimage\"},\"thumbnailUrl\":\"https:\\\/\\\/techmasterdemexico.com\\\/wp-content\\\/uploads\\\/Reflow-Tracker.png\",\"datePublished\":\"2026-03-02T21:06:06+00:00\",\"dateModified\":\"2026-03-09T20:21:16+00:00\",\"breadcrumb\":{\"@id\":\"https:\\\/\\\/techmasterdemexico.com\\\/producto\\\/datapaq-dp5-reflow-tracker\\\/#breadcrumb\"},\"inLanguage\":\"en-US\",\"potentialAction\":[{\"@type\":\"ReadAction\",\"target\":[\"https:\\\/\\\/techmasterdemexico.com\\\/producto\\\/datapaq-dp5-reflow-tracker\\\/\"]}]},{\"@type\":\"ImageObject\",\"inLanguage\":\"en-US\",\"@id\":\"https:\\\/\\\/techmasterdemexico.com\\\/producto\\\/datapaq-dp5-reflow-tracker\\\/#primaryimage\",\"url\":\"https:\\\/\\\/techmasterdemexico.com\\\/wp-content\\\/uploads\\\/Reflow-Tracker.png\",\"contentUrl\":\"https:\\\/\\\/techmasterdemexico.com\\\/wp-content\\\/uploads\\\/Reflow-Tracker.png\",\"width\":1000,\"height\":1000},{\"@type\":\"BreadcrumbList\",\"@id\":\"https:\\\/\\\/techmasterdemexico.com\\\/producto\\\/datapaq-dp5-reflow-tracker\\\/#breadcrumb\",\"itemListElement\":[{\"@type\":\"ListItem\",\"position\":1,\"name\":\"Portada\",\"item\":\"https:\\\/\\\/techmasterdemexico.com\\\/\"},{\"@type\":\"ListItem\",\"position\":2,\"name\":\"Datapaq\u00ae DP5 Reflow Tracker\"}]},{\"@type\":\"WebSite\",\"@id\":\"https:\\\/\\\/techmasterdemexico.com\\\/#website\",\"url\":\"https:\\\/\\\/techmasterdemexico.com\\\/\",\"name\":\"Techmaster de Mexico\",\"description\":\"\",\"potentialAction\":[{\"@type\":\"SearchAction\",\"target\":{\"@type\":\"EntryPoint\",\"urlTemplate\":\"https:\\\/\\\/techmasterdemexico.com\\\/?s={search_term_string}\"},\"query-input\":{\"@type\":\"PropertyValueSpecification\",\"valueRequired\":true,\"valueName\":\"search_term_string\"}}],\"inLanguage\":\"en-US\"}]}<\/script>\n<!-- \/ Yoast SEO plugin. -->","yoast_head_json":{"title":"Datapaq\u00ae DP5 Reflow Tracker - Techmaster de Mexico","robots":{"index":"index","follow":"follow","max-snippet":"max-snippet:-1","max-image-preview":"max-image-preview:large","max-video-preview":"max-video-preview:-1"},"canonical":"https:\/\/techmasterdemexico.com\/producto\/datapaq-dp5-reflow-tracker\/","og_locale":"en_US","og_type":"article","og_title":"Datapaq\u00ae DP5 Reflow Tracker - Techmaster de Mexico","og_description":"Rango de temperatura: -100 \u00b0C a 1370 \u00b0C (-385 \u00b0F a 2498 \u00b0F) (termopares tipo K)  Paquete de bater\u00eda NiMH reemplazable por el usuario  Tama\u00f1o excepcionalmente delgado: menos de 60 mm (2,5\u201d) de ancho y baja altura: menos de 12 mm (0,5\u201d)  Frecuencia de muestreo tan baja como 0,05 segundos  50000 lecturas por canal en formatos de 6 y 12 canales  Alta precisi\u00f3n +\/- 0,5 \u00b0C (0,9 \u00b0F)  Botones de inicio\/parada f\u00e1ciles de usar  Comunicaci\u00f3n mediante USB ultrarr\u00e1pido  Recarga de bater\u00eda desde cualquier toma de corriente USB","og_url":"https:\/\/techmasterdemexico.com\/producto\/datapaq-dp5-reflow-tracker\/","og_site_name":"Techmaster de Mexico","article_modified_time":"2026-03-09T20:21:16+00:00","og_image":[{"width":1000,"height":1000,"url":"https:\/\/techmasterdemexico.com\/wp-content\/uploads\/Reflow-Tracker.png","type":"image\/png"}],"twitter_card":"summary_large_image","twitter_misc":{"Est. reading time":"1 minute"},"schema":{"@context":"https:\/\/schema.org","@graph":[{"@type":"WebPage","@id":"https:\/\/techmasterdemexico.com\/producto\/datapaq-dp5-reflow-tracker\/","url":"https:\/\/techmasterdemexico.com\/producto\/datapaq-dp5-reflow-tracker\/","name":"Datapaq\u00ae DP5 Reflow Tracker - Techmaster de Mexico","isPartOf":{"@id":"https:\/\/techmasterdemexico.com\/#website"},"primaryImageOfPage":{"@id":"https:\/\/techmasterdemexico.com\/producto\/datapaq-dp5-reflow-tracker\/#primaryimage"},"image":{"@id":"https:\/\/techmasterdemexico.com\/producto\/datapaq-dp5-reflow-tracker\/#primaryimage"},"thumbnailUrl":"https:\/\/techmasterdemexico.com\/wp-content\/uploads\/Reflow-Tracker.png","datePublished":"2026-03-02T21:06:06+00:00","dateModified":"2026-03-09T20:21:16+00:00","breadcrumb":{"@id":"https:\/\/techmasterdemexico.com\/producto\/datapaq-dp5-reflow-tracker\/#breadcrumb"},"inLanguage":"en-US","potentialAction":[{"@type":"ReadAction","target":["https:\/\/techmasterdemexico.com\/producto\/datapaq-dp5-reflow-tracker\/"]}]},{"@type":"ImageObject","inLanguage":"en-US","@id":"https:\/\/techmasterdemexico.com\/producto\/datapaq-dp5-reflow-tracker\/#primaryimage","url":"https:\/\/techmasterdemexico.com\/wp-content\/uploads\/Reflow-Tracker.png","contentUrl":"https:\/\/techmasterdemexico.com\/wp-content\/uploads\/Reflow-Tracker.png","width":1000,"height":1000},{"@type":"BreadcrumbList","@id":"https:\/\/techmasterdemexico.com\/producto\/datapaq-dp5-reflow-tracker\/#breadcrumb","itemListElement":[{"@type":"ListItem","position":1,"name":"Portada","item":"https:\/\/techmasterdemexico.com\/"},{"@type":"ListItem","position":2,"name":"Datapaq\u00ae DP5 Reflow Tracker"}]},{"@type":"WebSite","@id":"https:\/\/techmasterdemexico.com\/#website","url":"https:\/\/techmasterdemexico.com\/","name":"Techmaster de Mexico","description":"","potentialAction":[{"@type":"SearchAction","target":{"@type":"EntryPoint","urlTemplate":"https:\/\/techmasterdemexico.com\/?s={search_term_string}"},"query-input":{"@type":"PropertyValueSpecification","valueRequired":true,"valueName":"search_term_string"}}],"inLanguage":"en-US"}]}},"brands":[{"id":31,"name":"Fluke","slug":"fluke"}],"_links":{"self":[{"href":"https:\/\/techmasterdemexico.com\/en\/wp-json\/wp\/v2\/product\/35175","targetHints":{"allow":["GET"]}}],"collection":[{"href":"https:\/\/techmasterdemexico.com\/en\/wp-json\/wp\/v2\/product"}],"about":[{"href":"https:\/\/techmasterdemexico.com\/en\/wp-json\/wp\/v2\/types\/product"}],"wp:featuredmedia":[{"embeddable":true,"href":"https:\/\/techmasterdemexico.com\/en\/wp-json\/wp\/v2\/media\/35177"}],"wp:attachment":[{"href":"https:\/\/techmasterdemexico.com\/en\/wp-json\/wp\/v2\/media?parent=35175"}],"wp:term":[{"taxonomy":"pwb-brand","embeddable":true,"href":"https:\/\/techmasterdemexico.com\/en\/wp-json\/wp\/v2\/pwb-brand?post=35175"},{"taxonomy":"product_brand","embeddable":true,"href":"https:\/\/techmasterdemexico.com\/en\/wp-json\/wp\/v2\/product_brand?post=35175"},{"taxonomy":"product_cat","embeddable":true,"href":"https:\/\/techmasterdemexico.com\/en\/wp-json\/wp\/v2\/product_cat?post=35175"},{"taxonomy":"product_tag","embeddable":true,"href":"https:\/\/techmasterdemexico.com\/en\/wp-json\/wp\/v2\/product_tag?post=35175"}],"curies":[{"name":"wp","href":"https:\/\/api.w.org\/{rel}","templated":true}]}}