{"id":35170,"date":"2026-03-02T14:02:09","date_gmt":"2026-03-02T21:02:09","guid":{"rendered":"https:\/\/techmasterdemexico.com\/?post_type=product&#038;p=35170"},"modified":"2026-03-09T13:21:28","modified_gmt":"2026-03-09T20:21:28","slug":"oven-tracker-xl2-data-loggers","status":"publish","type":"product","link":"https:\/\/techmasterdemexico.com\/en\/producto\/oven-tracker-xl2-data-loggers\/","title":{"rendered":"Oven Tracker\u00ae XL2 Data Loggers"},"content":{"rendered":"<p>Dise\u00f1ado pensando en el cliente, el sistema XL2 Oven Tracker cuenta con un registrador de datos \u00fanico de dos partes. SmartPaq le permite preprogramar el MemoryPaq con los criterios de aprobaci\u00f3n\/rechazo de su proceso, seg\u00fan el valor de Datapaq, el tiempo a la temperatura o la temperatura m\u00e1xima.<\/p>\n<p>El registrador de datos inteligente XL2 indicar\u00e1 si su proceso est\u00e1 fuera de control inmediatamente despu\u00e9s de salir del horno. Al salir del horno, retire la barrera t\u00e9rmica protectora y revise el indicador del MemoryPaq. Un LED verde indica un proceso exitoso, mientras que uno rojo indica un problema. Se pueden tomar medidas correctivas para corregir cualquier problema del proceso.<\/p>\n","protected":false},"excerpt":{"rendered":"<ul>\n<li>Rango de medici\u00f3n de temperatura: -200 \u00b0C a 1370 \u00b0C (-328 \u00b0F a 2498 \u00b0F) (termopares tipo K)<br \/>\nSimplemente &#8216;plug &amp; go&#8217;, detecci\u00f3n autom\u00e1tica por software y configuraci\u00f3n autom\u00e1tica de TI<\/li>\n<li>Descarga USB desde MemoryPaq<\/li>\n<li>Intervalo de muestreo: 0,5 s a 50 min<\/li>\n<li>Capacidad de memoria: 4 MB<\/li>\n<li>Hasta 16 ubicaciones de medici\u00f3n<\/li>\n<li>Archivo de historial de servicio y datos de calibraci\u00f3n a bordo<\/li>\n<\/ul>\n","protected":false},"featured_media":35172,"template":"","meta":{"_acf_changed":false},"pwb-brand":[31],"product_brand":[],"product_cat":[366,697,30],"product_tag":[],"class_list":{"0":"post-35170","1":"product","2":"type-product","3":"status-publish","4":"has-post-thumbnail","6":"pwb-brand-fluke","7":"product_cat-todos-los-productos","8":"product_cat-datapaq","9":"product_cat-fluke","11":"first","12":"instock","13":"taxable","14":"shipping-taxable","15":"product-type-simple"},"acf":[],"yoast_head":"<!-- This site is optimized with the Yoast SEO plugin v27.3 - https:\/\/yoast.com\/product\/yoast-seo-wordpress\/ -->\n<title>Oven Tracker\u00ae XL2 Data Loggers - Techmaster de Mexico<\/title>\n<meta name=\"robots\" content=\"index, follow, max-snippet:-1, max-image-preview:large, max-video-preview:-1\" \/>\n<link rel=\"canonical\" href=\"https:\/\/techmasterdemexico.com\/producto\/oven-tracker-xl2-data-loggers\/\" \/>\n<meta property=\"og:locale\" content=\"en_US\" \/>\n<meta property=\"og:type\" content=\"article\" \/>\n<meta property=\"og:title\" content=\"Oven Tracker\u00ae XL2 Data Loggers - Techmaster de Mexico\" \/>\n<meta property=\"og:description\" content=\"Rango de medici\u00f3n de temperatura: -200 \u00b0C a 1370 \u00b0C (-328 \u00b0F a 2498 \u00b0F) (termopares tipo K) Simplemente &#039;plug &amp; go&#039;, detecci\u00f3n autom\u00e1tica por software y configuraci\u00f3n autom\u00e1tica de TI  Descarga USB desde MemoryPaq  Intervalo de muestreo: 0,5 s a 50 min  Capacidad de memoria: 4 MB  Hasta 16 ubicaciones de medici\u00f3n  Archivo de historial de servicio y datos de calibraci\u00f3n a bordo\" \/>\n<meta property=\"og:url\" content=\"https:\/\/techmasterdemexico.com\/producto\/oven-tracker-xl2-data-loggers\/\" \/>\n<meta property=\"og:site_name\" content=\"Techmaster de Mexico\" \/>\n<meta property=\"article:modified_time\" content=\"2026-03-09T20:21:28+00:00\" \/>\n<meta property=\"og:image\" content=\"https:\/\/techmasterdemexico.com\/wp-content\/uploads\/Oven-Tracker\u00ae-XL2.png\" \/>\n\t<meta property=\"og:image:width\" content=\"1000\" \/>\n\t<meta property=\"og:image:height\" content=\"1000\" \/>\n\t<meta property=\"og:image:type\" content=\"image\/png\" \/>\n<meta name=\"twitter:card\" content=\"summary_large_image\" \/>\n<meta name=\"twitter:label1\" content=\"Est. reading time\" \/>\n\t<meta name=\"twitter:data1\" content=\"1 minute\" \/>\n<script type=\"application\/ld+json\" class=\"yoast-schema-graph\">{\"@context\":\"https:\\\/\\\/schema.org\",\"@graph\":[{\"@type\":\"WebPage\",\"@id\":\"https:\\\/\\\/techmasterdemexico.com\\\/producto\\\/oven-tracker-xl2-data-loggers\\\/\",\"url\":\"https:\\\/\\\/techmasterdemexico.com\\\/producto\\\/oven-tracker-xl2-data-loggers\\\/\",\"name\":\"Oven Tracker\u00ae XL2 Data Loggers - Techmaster de Mexico\",\"isPartOf\":{\"@id\":\"https:\\\/\\\/techmasterdemexico.com\\\/#website\"},\"primaryImageOfPage\":{\"@id\":\"https:\\\/\\\/techmasterdemexico.com\\\/producto\\\/oven-tracker-xl2-data-loggers\\\/#primaryimage\"},\"image\":{\"@id\":\"https:\\\/\\\/techmasterdemexico.com\\\/producto\\\/oven-tracker-xl2-data-loggers\\\/#primaryimage\"},\"thumbnailUrl\":\"https:\\\/\\\/techmasterdemexico.com\\\/wp-content\\\/uploads\\\/Oven-Tracker\u00ae-XL2.png\",\"datePublished\":\"2026-03-02T21:02:09+00:00\",\"dateModified\":\"2026-03-09T20:21:28+00:00\",\"breadcrumb\":{\"@id\":\"https:\\\/\\\/techmasterdemexico.com\\\/producto\\\/oven-tracker-xl2-data-loggers\\\/#breadcrumb\"},\"inLanguage\":\"en-US\",\"potentialAction\":[{\"@type\":\"ReadAction\",\"target\":[\"https:\\\/\\\/techmasterdemexico.com\\\/producto\\\/oven-tracker-xl2-data-loggers\\\/\"]}]},{\"@type\":\"ImageObject\",\"inLanguage\":\"en-US\",\"@id\":\"https:\\\/\\\/techmasterdemexico.com\\\/producto\\\/oven-tracker-xl2-data-loggers\\\/#primaryimage\",\"url\":\"https:\\\/\\\/techmasterdemexico.com\\\/wp-content\\\/uploads\\\/Oven-Tracker\u00ae-XL2.png\",\"contentUrl\":\"https:\\\/\\\/techmasterdemexico.com\\\/wp-content\\\/uploads\\\/Oven-Tracker\u00ae-XL2.png\",\"width\":1000,\"height\":1000},{\"@type\":\"BreadcrumbList\",\"@id\":\"https:\\\/\\\/techmasterdemexico.com\\\/producto\\\/oven-tracker-xl2-data-loggers\\\/#breadcrumb\",\"itemListElement\":[{\"@type\":\"ListItem\",\"position\":1,\"name\":\"Portada\",\"item\":\"https:\\\/\\\/techmasterdemexico.com\\\/\"},{\"@type\":\"ListItem\",\"position\":2,\"name\":\"Oven Tracker\u00ae XL2 Data Loggers\"}]},{\"@type\":\"WebSite\",\"@id\":\"https:\\\/\\\/techmasterdemexico.com\\\/#website\",\"url\":\"https:\\\/\\\/techmasterdemexico.com\\\/\",\"name\":\"Techmaster de Mexico\",\"description\":\"\",\"potentialAction\":[{\"@type\":\"SearchAction\",\"target\":{\"@type\":\"EntryPoint\",\"urlTemplate\":\"https:\\\/\\\/techmasterdemexico.com\\\/?s={search_term_string}\"},\"query-input\":{\"@type\":\"PropertyValueSpecification\",\"valueRequired\":true,\"valueName\":\"search_term_string\"}}],\"inLanguage\":\"en-US\"}]}<\/script>\n<!-- \/ Yoast SEO plugin. -->","yoast_head_json":{"title":"Oven Tracker\u00ae XL2 Data Loggers - Techmaster de Mexico","robots":{"index":"index","follow":"follow","max-snippet":"max-snippet:-1","max-image-preview":"max-image-preview:large","max-video-preview":"max-video-preview:-1"},"canonical":"https:\/\/techmasterdemexico.com\/producto\/oven-tracker-xl2-data-loggers\/","og_locale":"en_US","og_type":"article","og_title":"Oven Tracker\u00ae XL2 Data Loggers - Techmaster de Mexico","og_description":"Rango de medici\u00f3n de temperatura: -200 \u00b0C a 1370 \u00b0C (-328 \u00b0F a 2498 \u00b0F) (termopares tipo K) Simplemente 'plug &amp; go', detecci\u00f3n autom\u00e1tica por software y configuraci\u00f3n autom\u00e1tica de TI  Descarga USB desde MemoryPaq  Intervalo de muestreo: 0,5 s a 50 min  Capacidad de memoria: 4 MB  Hasta 16 ubicaciones de medici\u00f3n  Archivo de historial de servicio y datos de calibraci\u00f3n a bordo","og_url":"https:\/\/techmasterdemexico.com\/producto\/oven-tracker-xl2-data-loggers\/","og_site_name":"Techmaster de Mexico","article_modified_time":"2026-03-09T20:21:28+00:00","og_image":[{"width":1000,"height":1000,"url":"https:\/\/techmasterdemexico.com\/wp-content\/uploads\/Oven-Tracker\u00ae-XL2.png","type":"image\/png"}],"twitter_card":"summary_large_image","twitter_misc":{"Est. reading time":"1 minute"},"schema":{"@context":"https:\/\/schema.org","@graph":[{"@type":"WebPage","@id":"https:\/\/techmasterdemexico.com\/producto\/oven-tracker-xl2-data-loggers\/","url":"https:\/\/techmasterdemexico.com\/producto\/oven-tracker-xl2-data-loggers\/","name":"Oven Tracker\u00ae XL2 Data Loggers - Techmaster de Mexico","isPartOf":{"@id":"https:\/\/techmasterdemexico.com\/#website"},"primaryImageOfPage":{"@id":"https:\/\/techmasterdemexico.com\/producto\/oven-tracker-xl2-data-loggers\/#primaryimage"},"image":{"@id":"https:\/\/techmasterdemexico.com\/producto\/oven-tracker-xl2-data-loggers\/#primaryimage"},"thumbnailUrl":"https:\/\/techmasterdemexico.com\/wp-content\/uploads\/Oven-Tracker\u00ae-XL2.png","datePublished":"2026-03-02T21:02:09+00:00","dateModified":"2026-03-09T20:21:28+00:00","breadcrumb":{"@id":"https:\/\/techmasterdemexico.com\/producto\/oven-tracker-xl2-data-loggers\/#breadcrumb"},"inLanguage":"en-US","potentialAction":[{"@type":"ReadAction","target":["https:\/\/techmasterdemexico.com\/producto\/oven-tracker-xl2-data-loggers\/"]}]},{"@type":"ImageObject","inLanguage":"en-US","@id":"https:\/\/techmasterdemexico.com\/producto\/oven-tracker-xl2-data-loggers\/#primaryimage","url":"https:\/\/techmasterdemexico.com\/wp-content\/uploads\/Oven-Tracker\u00ae-XL2.png","contentUrl":"https:\/\/techmasterdemexico.com\/wp-content\/uploads\/Oven-Tracker\u00ae-XL2.png","width":1000,"height":1000},{"@type":"BreadcrumbList","@id":"https:\/\/techmasterdemexico.com\/producto\/oven-tracker-xl2-data-loggers\/#breadcrumb","itemListElement":[{"@type":"ListItem","position":1,"name":"Portada","item":"https:\/\/techmasterdemexico.com\/"},{"@type":"ListItem","position":2,"name":"Oven Tracker\u00ae XL2 Data Loggers"}]},{"@type":"WebSite","@id":"https:\/\/techmasterdemexico.com\/#website","url":"https:\/\/techmasterdemexico.com\/","name":"Techmaster de Mexico","description":"","potentialAction":[{"@type":"SearchAction","target":{"@type":"EntryPoint","urlTemplate":"https:\/\/techmasterdemexico.com\/?s={search_term_string}"},"query-input":{"@type":"PropertyValueSpecification","valueRequired":true,"valueName":"search_term_string"}}],"inLanguage":"en-US"}]}},"brands":[{"id":31,"name":"Fluke","slug":"fluke"}],"_links":{"self":[{"href":"https:\/\/techmasterdemexico.com\/en\/wp-json\/wp\/v2\/product\/35170","targetHints":{"allow":["GET"]}}],"collection":[{"href":"https:\/\/techmasterdemexico.com\/en\/wp-json\/wp\/v2\/product"}],"about":[{"href":"https:\/\/techmasterdemexico.com\/en\/wp-json\/wp\/v2\/types\/product"}],"wp:featuredmedia":[{"embeddable":true,"href":"https:\/\/techmasterdemexico.com\/en\/wp-json\/wp\/v2\/media\/35172"}],"wp:attachment":[{"href":"https:\/\/techmasterdemexico.com\/en\/wp-json\/wp\/v2\/media?parent=35170"}],"wp:term":[{"taxonomy":"pwb-brand","embeddable":true,"href":"https:\/\/techmasterdemexico.com\/en\/wp-json\/wp\/v2\/pwb-brand?post=35170"},{"taxonomy":"product_brand","embeddable":true,"href":"https:\/\/techmasterdemexico.com\/en\/wp-json\/wp\/v2\/product_brand?post=35170"},{"taxonomy":"product_cat","embeddable":true,"href":"https:\/\/techmasterdemexico.com\/en\/wp-json\/wp\/v2\/product_cat?post=35170"},{"taxonomy":"product_tag","embeddable":true,"href":"https:\/\/techmasterdemexico.com\/en\/wp-json\/wp\/v2\/product_tag?post=35170"}],"curies":[{"name":"wp","href":"https:\/\/api.w.org\/{rel}","templated":true}]}}