{"id":35161,"date":"2026-03-02T13:55:58","date_gmt":"2026-03-02T20:55:58","guid":{"rendered":"https:\/\/techmasterdemexico.com\/?post_type=product&#038;p=35161"},"modified":"2026-03-09T13:21:47","modified_gmt":"2026-03-09T20:21:47","slug":"datapaq-food-tracker-system","status":"publish","type":"product","link":"https:\/\/techmasterdemexico.com\/en\/producto\/datapaq-food-tracker-system\/","title":{"rendered":"Datapaq Food Tracker\u00ae System"},"content":{"rendered":"<p>Los sistemas de perfilado de temperatura Datapaq Food Tracker constan de un registrador de datos, una barrera t\u00e9rmica protectora y el software Insight. Con un sistema Datapaq, puede garantizar la calidad y seguridad de sus carnes, aves, productos de panader\u00eda y comidas preparadas.<\/p>\n<p>Los sistemas Datapaq, dise\u00f1ados para soportar los entornos m\u00e1s exigentes, se desplazan por el horno o congelador con el producto alimenticio, registrando su temperatura de forma completa. Puede monitorear la temperatura del producto durante todo el ciclo de cocci\u00f3n\/congelaci\u00f3n, tanto en hornos est\u00e1ticos como con cinta transportadora, as\u00ed como en cocedores de vapor, freidoras y congeladores r\u00e1pidos.<\/p>\n","protected":false},"excerpt":{"rendered":"<ul>\n<li>An\u00e1lisis de procesos: Calcule autom\u00e1ticamente todos los puntos cr\u00edticos de control del proceso para satisfacer sus requisitos de HACCP.<\/li>\n<li>C\u00e1lculos e informes de letalidad: emplee c\u00e1lculos de letalidad precisos para el riesgo de microorganismos en su proceso y producto en particular (valor Fo), garantizando que sus alimentos sean de la m\u00e1s alta calidad.<\/li>\n<li>Optimizaci\u00f3n de procesos y detecci\u00f3n de fallas: localice r\u00e1pidamente la posici\u00f3n exacta de los puntos calientes o fr\u00edos en el horno, minimizando la p\u00e9rdida de producci\u00f3n.<\/li>\n<li>Informes: Genere informes de perfiles certificados y trazables para satisfacer todas sus necesidades de documentaci\u00f3n de validaci\u00f3n HACCP.<\/li>\n<li>Monitoreo: Observe en su PC el momento exacto en que su producto alcanza la temperatura de cocci\u00f3n segura requerida.<\/li>\n<\/ul>\n","protected":false},"featured_media":35162,"template":"","meta":{"_acf_changed":false},"pwb-brand":[31],"product_brand":[],"product_cat":[366,697,30],"product_tag":[],"class_list":{"0":"post-35161","1":"product","2":"type-product","3":"status-publish","4":"has-post-thumbnail","6":"pwb-brand-fluke","7":"product_cat-todos-los-productos","8":"product_cat-datapaq","9":"product_cat-fluke","11":"first","12":"instock","13":"taxable","14":"shipping-taxable","15":"product-type-simple"},"acf":[],"yoast_head":"<!-- This site is optimized with the Yoast SEO plugin v27.3 - https:\/\/yoast.com\/product\/yoast-seo-wordpress\/ -->\n<title>Datapaq Food Tracker\u00ae System - Techmaster de Mexico<\/title>\n<meta name=\"robots\" content=\"index, follow, max-snippet:-1, max-image-preview:large, max-video-preview:-1\" \/>\n<link rel=\"canonical\" href=\"https:\/\/techmasterdemexico.com\/producto\/datapaq-food-tracker-system\/\" \/>\n<meta property=\"og:locale\" content=\"en_US\" \/>\n<meta property=\"og:type\" content=\"article\" \/>\n<meta property=\"og:title\" content=\"Datapaq Food Tracker\u00ae System - Techmaster de Mexico\" \/>\n<meta property=\"og:description\" content=\"An\u00e1lisis de procesos: Calcule autom\u00e1ticamente todos los puntos cr\u00edticos de control del proceso para satisfacer sus requisitos de HACCP.  C\u00e1lculos e informes de letalidad: emplee c\u00e1lculos de letalidad precisos para el riesgo de microorganismos en su proceso y producto en particular (valor Fo), garantizando que sus alimentos sean de la m\u00e1s alta calidad.  Optimizaci\u00f3n de procesos y detecci\u00f3n de fallas: localice r\u00e1pidamente la posici\u00f3n exacta de los puntos calientes o fr\u00edos en el horno, minimizando la p\u00e9rdida de producci\u00f3n.  Informes: Genere informes de perfiles certificados y trazables para satisfacer todas sus necesidades de documentaci\u00f3n de validaci\u00f3n HACCP.  Monitoreo: Observe en su PC el momento exacto en que su producto alcanza la temperatura de cocci\u00f3n segura requerida.\" \/>\n<meta property=\"og:url\" content=\"https:\/\/techmasterdemexico.com\/producto\/datapaq-food-tracker-system\/\" \/>\n<meta property=\"og:site_name\" content=\"Techmaster de Mexico\" \/>\n<meta property=\"article:modified_time\" content=\"2026-03-09T20:21:47+00:00\" \/>\n<meta property=\"og:image\" content=\"https:\/\/techmasterdemexico.com\/wp-content\/uploads\/Food-Tracker\u00ae.png\" \/>\n\t<meta property=\"og:image:width\" content=\"1000\" \/>\n\t<meta property=\"og:image:height\" content=\"1000\" \/>\n\t<meta property=\"og:image:type\" content=\"image\/png\" \/>\n<meta name=\"twitter:card\" content=\"summary_large_image\" \/>\n<meta name=\"twitter:label1\" content=\"Est. reading time\" \/>\n\t<meta name=\"twitter:data1\" content=\"1 minute\" \/>\n<script type=\"application\/ld+json\" class=\"yoast-schema-graph\">{\"@context\":\"https:\\\/\\\/schema.org\",\"@graph\":[{\"@type\":\"WebPage\",\"@id\":\"https:\\\/\\\/techmasterdemexico.com\\\/producto\\\/datapaq-food-tracker-system\\\/\",\"url\":\"https:\\\/\\\/techmasterdemexico.com\\\/producto\\\/datapaq-food-tracker-system\\\/\",\"name\":\"Datapaq Food Tracker\u00ae System - Techmaster de Mexico\",\"isPartOf\":{\"@id\":\"https:\\\/\\\/techmasterdemexico.com\\\/#website\"},\"primaryImageOfPage\":{\"@id\":\"https:\\\/\\\/techmasterdemexico.com\\\/producto\\\/datapaq-food-tracker-system\\\/#primaryimage\"},\"image\":{\"@id\":\"https:\\\/\\\/techmasterdemexico.com\\\/producto\\\/datapaq-food-tracker-system\\\/#primaryimage\"},\"thumbnailUrl\":\"https:\\\/\\\/techmasterdemexico.com\\\/wp-content\\\/uploads\\\/Food-Tracker\u00ae.png\",\"datePublished\":\"2026-03-02T20:55:58+00:00\",\"dateModified\":\"2026-03-09T20:21:47+00:00\",\"breadcrumb\":{\"@id\":\"https:\\\/\\\/techmasterdemexico.com\\\/producto\\\/datapaq-food-tracker-system\\\/#breadcrumb\"},\"inLanguage\":\"en-US\",\"potentialAction\":[{\"@type\":\"ReadAction\",\"target\":[\"https:\\\/\\\/techmasterdemexico.com\\\/producto\\\/datapaq-food-tracker-system\\\/\"]}]},{\"@type\":\"ImageObject\",\"inLanguage\":\"en-US\",\"@id\":\"https:\\\/\\\/techmasterdemexico.com\\\/producto\\\/datapaq-food-tracker-system\\\/#primaryimage\",\"url\":\"https:\\\/\\\/techmasterdemexico.com\\\/wp-content\\\/uploads\\\/Food-Tracker\u00ae.png\",\"contentUrl\":\"https:\\\/\\\/techmasterdemexico.com\\\/wp-content\\\/uploads\\\/Food-Tracker\u00ae.png\",\"width\":1000,\"height\":1000},{\"@type\":\"BreadcrumbList\",\"@id\":\"https:\\\/\\\/techmasterdemexico.com\\\/producto\\\/datapaq-food-tracker-system\\\/#breadcrumb\",\"itemListElement\":[{\"@type\":\"ListItem\",\"position\":1,\"name\":\"Portada\",\"item\":\"https:\\\/\\\/techmasterdemexico.com\\\/\"},{\"@type\":\"ListItem\",\"position\":2,\"name\":\"Datapaq Food Tracker\u00ae System\"}]},{\"@type\":\"WebSite\",\"@id\":\"https:\\\/\\\/techmasterdemexico.com\\\/#website\",\"url\":\"https:\\\/\\\/techmasterdemexico.com\\\/\",\"name\":\"Techmaster de Mexico\",\"description\":\"\",\"potentialAction\":[{\"@type\":\"SearchAction\",\"target\":{\"@type\":\"EntryPoint\",\"urlTemplate\":\"https:\\\/\\\/techmasterdemexico.com\\\/?s={search_term_string}\"},\"query-input\":{\"@type\":\"PropertyValueSpecification\",\"valueRequired\":true,\"valueName\":\"search_term_string\"}}],\"inLanguage\":\"en-US\"}]}<\/script>\n<!-- \/ Yoast SEO plugin. -->","yoast_head_json":{"title":"Datapaq Food Tracker\u00ae System - Techmaster de Mexico","robots":{"index":"index","follow":"follow","max-snippet":"max-snippet:-1","max-image-preview":"max-image-preview:large","max-video-preview":"max-video-preview:-1"},"canonical":"https:\/\/techmasterdemexico.com\/producto\/datapaq-food-tracker-system\/","og_locale":"en_US","og_type":"article","og_title":"Datapaq Food Tracker\u00ae System - Techmaster de Mexico","og_description":"An\u00e1lisis de procesos: Calcule autom\u00e1ticamente todos los puntos cr\u00edticos de control del proceso para satisfacer sus requisitos de HACCP.  C\u00e1lculos e informes de letalidad: emplee c\u00e1lculos de letalidad precisos para el riesgo de microorganismos en su proceso y producto en particular (valor Fo), garantizando que sus alimentos sean de la m\u00e1s alta calidad.  Optimizaci\u00f3n de procesos y detecci\u00f3n de fallas: localice r\u00e1pidamente la posici\u00f3n exacta de los puntos calientes o fr\u00edos en el horno, minimizando la p\u00e9rdida de producci\u00f3n.  Informes: Genere informes de perfiles certificados y trazables para satisfacer todas sus necesidades de documentaci\u00f3n de validaci\u00f3n HACCP.  Monitoreo: Observe en su PC el momento exacto en que su producto alcanza la temperatura de cocci\u00f3n segura requerida.","og_url":"https:\/\/techmasterdemexico.com\/producto\/datapaq-food-tracker-system\/","og_site_name":"Techmaster de Mexico","article_modified_time":"2026-03-09T20:21:47+00:00","og_image":[{"width":1000,"height":1000,"url":"https:\/\/techmasterdemexico.com\/wp-content\/uploads\/Food-Tracker\u00ae.png","type":"image\/png"}],"twitter_card":"summary_large_image","twitter_misc":{"Est. reading time":"1 minute"},"schema":{"@context":"https:\/\/schema.org","@graph":[{"@type":"WebPage","@id":"https:\/\/techmasterdemexico.com\/producto\/datapaq-food-tracker-system\/","url":"https:\/\/techmasterdemexico.com\/producto\/datapaq-food-tracker-system\/","name":"Datapaq Food Tracker\u00ae System - Techmaster de Mexico","isPartOf":{"@id":"https:\/\/techmasterdemexico.com\/#website"},"primaryImageOfPage":{"@id":"https:\/\/techmasterdemexico.com\/producto\/datapaq-food-tracker-system\/#primaryimage"},"image":{"@id":"https:\/\/techmasterdemexico.com\/producto\/datapaq-food-tracker-system\/#primaryimage"},"thumbnailUrl":"https:\/\/techmasterdemexico.com\/wp-content\/uploads\/Food-Tracker\u00ae.png","datePublished":"2026-03-02T20:55:58+00:00","dateModified":"2026-03-09T20:21:47+00:00","breadcrumb":{"@id":"https:\/\/techmasterdemexico.com\/producto\/datapaq-food-tracker-system\/#breadcrumb"},"inLanguage":"en-US","potentialAction":[{"@type":"ReadAction","target":["https:\/\/techmasterdemexico.com\/producto\/datapaq-food-tracker-system\/"]}]},{"@type":"ImageObject","inLanguage":"en-US","@id":"https:\/\/techmasterdemexico.com\/producto\/datapaq-food-tracker-system\/#primaryimage","url":"https:\/\/techmasterdemexico.com\/wp-content\/uploads\/Food-Tracker\u00ae.png","contentUrl":"https:\/\/techmasterdemexico.com\/wp-content\/uploads\/Food-Tracker\u00ae.png","width":1000,"height":1000},{"@type":"BreadcrumbList","@id":"https:\/\/techmasterdemexico.com\/producto\/datapaq-food-tracker-system\/#breadcrumb","itemListElement":[{"@type":"ListItem","position":1,"name":"Portada","item":"https:\/\/techmasterdemexico.com\/"},{"@type":"ListItem","position":2,"name":"Datapaq Food Tracker\u00ae System"}]},{"@type":"WebSite","@id":"https:\/\/techmasterdemexico.com\/#website","url":"https:\/\/techmasterdemexico.com\/","name":"Techmaster de Mexico","description":"","potentialAction":[{"@type":"SearchAction","target":{"@type":"EntryPoint","urlTemplate":"https:\/\/techmasterdemexico.com\/?s={search_term_string}"},"query-input":{"@type":"PropertyValueSpecification","valueRequired":true,"valueName":"search_term_string"}}],"inLanguage":"en-US"}]}},"brands":[{"id":31,"name":"Fluke","slug":"fluke"}],"_links":{"self":[{"href":"https:\/\/techmasterdemexico.com\/en\/wp-json\/wp\/v2\/product\/35161","targetHints":{"allow":["GET"]}}],"collection":[{"href":"https:\/\/techmasterdemexico.com\/en\/wp-json\/wp\/v2\/product"}],"about":[{"href":"https:\/\/techmasterdemexico.com\/en\/wp-json\/wp\/v2\/types\/product"}],"wp:featuredmedia":[{"embeddable":true,"href":"https:\/\/techmasterdemexico.com\/en\/wp-json\/wp\/v2\/media\/35162"}],"wp:attachment":[{"href":"https:\/\/techmasterdemexico.com\/en\/wp-json\/wp\/v2\/media?parent=35161"}],"wp:term":[{"taxonomy":"pwb-brand","embeddable":true,"href":"https:\/\/techmasterdemexico.com\/en\/wp-json\/wp\/v2\/pwb-brand?post=35161"},{"taxonomy":"product_brand","embeddable":true,"href":"https:\/\/techmasterdemexico.com\/en\/wp-json\/wp\/v2\/product_brand?post=35161"},{"taxonomy":"product_cat","embeddable":true,"href":"https:\/\/techmasterdemexico.com\/en\/wp-json\/wp\/v2\/product_cat?post=35161"},{"taxonomy":"product_tag","embeddable":true,"href":"https:\/\/techmasterdemexico.com\/en\/wp-json\/wp\/v2\/product_tag?post=35161"}],"curies":[{"name":"wp","href":"https:\/\/api.w.org\/{rel}","templated":true}]}}