{"id":35152,"date":"2026-03-02T13:48:08","date_gmt":"2026-03-02T20:48:08","guid":{"rendered":"https:\/\/techmasterdemexico.com\/?post_type=product&#038;p=35152"},"modified":"2026-03-09T13:22:02","modified_gmt":"2026-03-09T20:22:02","slug":"datapaq-oven-tracker-tp6","status":"publish","type":"product","link":"https:\/\/techmasterdemexico.com\/en\/producto\/datapaq-oven-tracker-tp6\/","title":{"rendered":"Datapaq Oven Tracker TP6"},"content":{"rendered":"<p>El sistema de perfilado de temperatura Datapaq Oven Tracker recopila y analiza informaci\u00f3n de temperatura para supervisar y mejorar su proceso de deposici\u00f3n f\u00edsica de vapor (PVD). El sistema Datapaq Oven Tracker soporta las condiciones hostiles de los hornos de vac\u00edo, manteniendo un entorno limpio durante el proceso.<br \/>\nRegistrador de datos Datapaq TP6<\/p>\n<p>El Datapaq TP6 es la soluci\u00f3n perfecta para las aplicaciones de perfilado de alta temperatura m\u00e1s exigentes. Este sistema se instala directamente en el horno y mide la superficie con hasta 10 termopares conectados al producto.<\/p>\n","protected":false},"excerpt":{"rendered":"<ul>\n<li>Resistente al agua (clasificaci\u00f3n IP67)<\/li>\n<li>Comunicaci\u00f3n v\u00eda USB o Bluetooth<\/li>\n<li>Opciones de bater\u00edas alcalinas, NiMH y de litio<\/li>\n<li>Compatible con la aplicaci\u00f3n Datapaq Insight para dispositivos m\u00f3viles<\/li>\n<\/ul>\n","protected":false},"featured_media":35153,"template":"","meta":{"_acf_changed":false},"pwb-brand":[31],"product_brand":[],"product_cat":[366,697,30],"product_tag":[],"class_list":{"0":"post-35152","1":"product","2":"type-product","3":"status-publish","4":"has-post-thumbnail","6":"pwb-brand-fluke","7":"product_cat-todos-los-productos","8":"product_cat-datapaq","9":"product_cat-fluke","11":"first","12":"instock","13":"taxable","14":"shipping-taxable","15":"product-type-simple"},"acf":[],"yoast_head":"<!-- This site is optimized with the Yoast SEO plugin v27.3 - https:\/\/yoast.com\/product\/yoast-seo-wordpress\/ -->\n<title>Datapaq Oven Tracker TP6 - Techmaster de Mexico<\/title>\n<meta name=\"robots\" content=\"index, follow, max-snippet:-1, max-image-preview:large, max-video-preview:-1\" \/>\n<link rel=\"canonical\" href=\"https:\/\/techmasterdemexico.com\/producto\/datapaq-oven-tracker-tp6\/\" \/>\n<meta property=\"og:locale\" content=\"en_US\" \/>\n<meta property=\"og:type\" content=\"article\" \/>\n<meta property=\"og:title\" content=\"Datapaq Oven Tracker TP6 - Techmaster de Mexico\" \/>\n<meta property=\"og:description\" content=\"Resistente al agua (clasificaci\u00f3n IP67)  Comunicaci\u00f3n v\u00eda USB o Bluetooth  Opciones de bater\u00edas alcalinas, NiMH y de litio  Compatible con la aplicaci\u00f3n Datapaq Insight para dispositivos m\u00f3viles\" \/>\n<meta property=\"og:url\" content=\"https:\/\/techmasterdemexico.com\/producto\/datapaq-oven-tracker-tp6\/\" \/>\n<meta property=\"og:site_name\" content=\"Techmaster de Mexico\" \/>\n<meta property=\"article:modified_time\" content=\"2026-03-09T20:22:02+00:00\" \/>\n<meta property=\"og:image\" content=\"https:\/\/techmasterdemexico.com\/wp-content\/uploads\/Datapaq-TP6.png\" \/>\n\t<meta property=\"og:image:width\" content=\"1000\" \/>\n\t<meta property=\"og:image:height\" content=\"1000\" \/>\n\t<meta property=\"og:image:type\" content=\"image\/png\" \/>\n<meta name=\"twitter:card\" content=\"summary_large_image\" \/>\n<meta name=\"twitter:label1\" content=\"Est. reading time\" \/>\n\t<meta name=\"twitter:data1\" content=\"1 minute\" \/>\n<script type=\"application\/ld+json\" class=\"yoast-schema-graph\">{\"@context\":\"https:\\\/\\\/schema.org\",\"@graph\":[{\"@type\":\"WebPage\",\"@id\":\"https:\\\/\\\/techmasterdemexico.com\\\/producto\\\/datapaq-oven-tracker-tp6\\\/\",\"url\":\"https:\\\/\\\/techmasterdemexico.com\\\/producto\\\/datapaq-oven-tracker-tp6\\\/\",\"name\":\"Datapaq Oven Tracker TP6 - Techmaster de Mexico\",\"isPartOf\":{\"@id\":\"https:\\\/\\\/techmasterdemexico.com\\\/#website\"},\"primaryImageOfPage\":{\"@id\":\"https:\\\/\\\/techmasterdemexico.com\\\/producto\\\/datapaq-oven-tracker-tp6\\\/#primaryimage\"},\"image\":{\"@id\":\"https:\\\/\\\/techmasterdemexico.com\\\/producto\\\/datapaq-oven-tracker-tp6\\\/#primaryimage\"},\"thumbnailUrl\":\"https:\\\/\\\/techmasterdemexico.com\\\/wp-content\\\/uploads\\\/Datapaq-TP6.png\",\"datePublished\":\"2026-03-02T20:48:08+00:00\",\"dateModified\":\"2026-03-09T20:22:02+00:00\",\"breadcrumb\":{\"@id\":\"https:\\\/\\\/techmasterdemexico.com\\\/producto\\\/datapaq-oven-tracker-tp6\\\/#breadcrumb\"},\"inLanguage\":\"en-US\",\"potentialAction\":[{\"@type\":\"ReadAction\",\"target\":[\"https:\\\/\\\/techmasterdemexico.com\\\/producto\\\/datapaq-oven-tracker-tp6\\\/\"]}]},{\"@type\":\"ImageObject\",\"inLanguage\":\"en-US\",\"@id\":\"https:\\\/\\\/techmasterdemexico.com\\\/producto\\\/datapaq-oven-tracker-tp6\\\/#primaryimage\",\"url\":\"https:\\\/\\\/techmasterdemexico.com\\\/wp-content\\\/uploads\\\/Datapaq-TP6.png\",\"contentUrl\":\"https:\\\/\\\/techmasterdemexico.com\\\/wp-content\\\/uploads\\\/Datapaq-TP6.png\",\"width\":1000,\"height\":1000},{\"@type\":\"BreadcrumbList\",\"@id\":\"https:\\\/\\\/techmasterdemexico.com\\\/producto\\\/datapaq-oven-tracker-tp6\\\/#breadcrumb\",\"itemListElement\":[{\"@type\":\"ListItem\",\"position\":1,\"name\":\"Portada\",\"item\":\"https:\\\/\\\/techmasterdemexico.com\\\/\"},{\"@type\":\"ListItem\",\"position\":2,\"name\":\"Datapaq Oven Tracker TP6\"}]},{\"@type\":\"WebSite\",\"@id\":\"https:\\\/\\\/techmasterdemexico.com\\\/#website\",\"url\":\"https:\\\/\\\/techmasterdemexico.com\\\/\",\"name\":\"Techmaster de Mexico\",\"description\":\"\",\"potentialAction\":[{\"@type\":\"SearchAction\",\"target\":{\"@type\":\"EntryPoint\",\"urlTemplate\":\"https:\\\/\\\/techmasterdemexico.com\\\/?s={search_term_string}\"},\"query-input\":{\"@type\":\"PropertyValueSpecification\",\"valueRequired\":true,\"valueName\":\"search_term_string\"}}],\"inLanguage\":\"en-US\"}]}<\/script>\n<!-- \/ Yoast SEO plugin. -->","yoast_head_json":{"title":"Datapaq Oven Tracker TP6 - Techmaster de Mexico","robots":{"index":"index","follow":"follow","max-snippet":"max-snippet:-1","max-image-preview":"max-image-preview:large","max-video-preview":"max-video-preview:-1"},"canonical":"https:\/\/techmasterdemexico.com\/producto\/datapaq-oven-tracker-tp6\/","og_locale":"en_US","og_type":"article","og_title":"Datapaq Oven Tracker TP6 - Techmaster de Mexico","og_description":"Resistente al agua (clasificaci\u00f3n IP67)  Comunicaci\u00f3n v\u00eda USB o Bluetooth  Opciones de bater\u00edas alcalinas, NiMH y de litio  Compatible con la aplicaci\u00f3n Datapaq Insight para dispositivos m\u00f3viles","og_url":"https:\/\/techmasterdemexico.com\/producto\/datapaq-oven-tracker-tp6\/","og_site_name":"Techmaster de Mexico","article_modified_time":"2026-03-09T20:22:02+00:00","og_image":[{"width":1000,"height":1000,"url":"https:\/\/techmasterdemexico.com\/wp-content\/uploads\/Datapaq-TP6.png","type":"image\/png"}],"twitter_card":"summary_large_image","twitter_misc":{"Est. reading time":"1 minute"},"schema":{"@context":"https:\/\/schema.org","@graph":[{"@type":"WebPage","@id":"https:\/\/techmasterdemexico.com\/producto\/datapaq-oven-tracker-tp6\/","url":"https:\/\/techmasterdemexico.com\/producto\/datapaq-oven-tracker-tp6\/","name":"Datapaq Oven Tracker TP6 - Techmaster de Mexico","isPartOf":{"@id":"https:\/\/techmasterdemexico.com\/#website"},"primaryImageOfPage":{"@id":"https:\/\/techmasterdemexico.com\/producto\/datapaq-oven-tracker-tp6\/#primaryimage"},"image":{"@id":"https:\/\/techmasterdemexico.com\/producto\/datapaq-oven-tracker-tp6\/#primaryimage"},"thumbnailUrl":"https:\/\/techmasterdemexico.com\/wp-content\/uploads\/Datapaq-TP6.png","datePublished":"2026-03-02T20:48:08+00:00","dateModified":"2026-03-09T20:22:02+00:00","breadcrumb":{"@id":"https:\/\/techmasterdemexico.com\/producto\/datapaq-oven-tracker-tp6\/#breadcrumb"},"inLanguage":"en-US","potentialAction":[{"@type":"ReadAction","target":["https:\/\/techmasterdemexico.com\/producto\/datapaq-oven-tracker-tp6\/"]}]},{"@type":"ImageObject","inLanguage":"en-US","@id":"https:\/\/techmasterdemexico.com\/producto\/datapaq-oven-tracker-tp6\/#primaryimage","url":"https:\/\/techmasterdemexico.com\/wp-content\/uploads\/Datapaq-TP6.png","contentUrl":"https:\/\/techmasterdemexico.com\/wp-content\/uploads\/Datapaq-TP6.png","width":1000,"height":1000},{"@type":"BreadcrumbList","@id":"https:\/\/techmasterdemexico.com\/producto\/datapaq-oven-tracker-tp6\/#breadcrumb","itemListElement":[{"@type":"ListItem","position":1,"name":"Portada","item":"https:\/\/techmasterdemexico.com\/"},{"@type":"ListItem","position":2,"name":"Datapaq Oven Tracker TP6"}]},{"@type":"WebSite","@id":"https:\/\/techmasterdemexico.com\/#website","url":"https:\/\/techmasterdemexico.com\/","name":"Techmaster de Mexico","description":"","potentialAction":[{"@type":"SearchAction","target":{"@type":"EntryPoint","urlTemplate":"https:\/\/techmasterdemexico.com\/?s={search_term_string}"},"query-input":{"@type":"PropertyValueSpecification","valueRequired":true,"valueName":"search_term_string"}}],"inLanguage":"en-US"}]}},"brands":[{"id":31,"name":"Fluke","slug":"fluke"}],"_links":{"self":[{"href":"https:\/\/techmasterdemexico.com\/en\/wp-json\/wp\/v2\/product\/35152","targetHints":{"allow":["GET"]}}],"collection":[{"href":"https:\/\/techmasterdemexico.com\/en\/wp-json\/wp\/v2\/product"}],"about":[{"href":"https:\/\/techmasterdemexico.com\/en\/wp-json\/wp\/v2\/types\/product"}],"wp:featuredmedia":[{"embeddable":true,"href":"https:\/\/techmasterdemexico.com\/en\/wp-json\/wp\/v2\/media\/35153"}],"wp:attachment":[{"href":"https:\/\/techmasterdemexico.com\/en\/wp-json\/wp\/v2\/media?parent=35152"}],"wp:term":[{"taxonomy":"pwb-brand","embeddable":true,"href":"https:\/\/techmasterdemexico.com\/en\/wp-json\/wp\/v2\/pwb-brand?post=35152"},{"taxonomy":"product_brand","embeddable":true,"href":"https:\/\/techmasterdemexico.com\/en\/wp-json\/wp\/v2\/product_brand?post=35152"},{"taxonomy":"product_cat","embeddable":true,"href":"https:\/\/techmasterdemexico.com\/en\/wp-json\/wp\/v2\/product_cat?post=35152"},{"taxonomy":"product_tag","embeddable":true,"href":"https:\/\/techmasterdemexico.com\/en\/wp-json\/wp\/v2\/product_tag?post=35152"}],"curies":[{"name":"wp","href":"https:\/\/api.w.org\/{rel}","templated":true}]}}