{"id":35147,"date":"2026-03-02T13:45:20","date_gmt":"2026-03-02T20:45:20","guid":{"rendered":"https:\/\/techmasterdemexico.com\/?post_type=product&#038;p=35147"},"modified":"2026-03-09T13:22:10","modified_gmt":"2026-03-09T20:22:10","slug":"kiln-tracker","status":"publish","type":"product","link":"https:\/\/techmasterdemexico.com\/en\/producto\/kiln-tracker\/","title":{"rendered":"Kiln Tracker\u00ae"},"content":{"rendered":"<p>El Datapaq Kiln Tracker de Fluke Process Instruments incluye el registrador de datos Datapaq TP6, opci\u00f3n de barrera t\u00e9rmica para hornos de t\u00fanel u hornos de rodillos, termopares y nuestro intuitivo software Datapaq Insight\u2122 para crear una soluci\u00f3n completa.<\/p>\n<p>Disponemos de barreras dise\u00f1adas espec\u00edficamente para baldosas de suelo, techo y pared, arcilla pesada, sanitarios y vajilla. Estas barreras son lo suficientemente peque\u00f1as como para caber debajo de la vagoneta del horno y tienen la capacidad t\u00e9rmica suficiente para soportar altas temperaturas durante todo el proceso.<br \/>\nRegistrador de datos<\/p>\n<p>El Datapaq TP6 es la soluci\u00f3n perfecta para las aplicaciones de perfilado de alta temperatura m\u00e1s exigentes, con una carcasa de acero inoxidable mecanizado de grado 316 y clasificaci\u00f3n IP67. Al combinarlo con el software Datapaq Insight\u2122, puede visualizar la informaci\u00f3n del registrador de datos en tiempo real mediante el sistema de radiofrecuencia (RF) opcional o conexiones USB\/Bluetooth est\u00e1ndar.<\/p>\n","protected":false},"excerpt":{"rendered":"<ul>\n<li>Disponible en configuraciones de 10 y 20 canales y dos estilos de carcasa.<\/li>\n<li>Resistente al agua (clasificaci\u00f3n IP67).<\/li>\n<li>Comunicaci\u00f3n v\u00eda USB o Bluetooth<\/li>\n<li>Telemetr\u00eda en tiempo real v\u00eda USB, telemetr\u00eda RF y Bluetooth.<\/li>\n<li>Opciones de bater\u00eda alcalina, NiMH y de litio.<\/li>\n<li>Compatible con la aplicaci\u00f3n Datapaq Insight\u2122 para dispositivos m\u00f3viles.<\/li>\n<\/ul>\n","protected":false},"featured_media":35148,"template":"","meta":{"_acf_changed":false},"pwb-brand":[31],"product_brand":[],"product_cat":[366,697,30],"product_tag":[],"class_list":{"0":"post-35147","1":"product","2":"type-product","3":"status-publish","4":"has-post-thumbnail","6":"pwb-brand-fluke","7":"product_cat-todos-los-productos","8":"product_cat-datapaq","9":"product_cat-fluke","11":"first","12":"instock","13":"taxable","14":"shipping-taxable","15":"product-type-simple"},"acf":[],"yoast_head":"<!-- This site is optimized with the Yoast SEO plugin v27.3 - https:\/\/yoast.com\/product\/yoast-seo-wordpress\/ -->\n<title>Kiln Tracker\u00ae - Techmaster de Mexico<\/title>\n<meta name=\"robots\" content=\"index, follow, max-snippet:-1, max-image-preview:large, max-video-preview:-1\" \/>\n<link rel=\"canonical\" href=\"https:\/\/techmasterdemexico.com\/producto\/kiln-tracker\/\" \/>\n<meta property=\"og:locale\" content=\"en_US\" \/>\n<meta property=\"og:type\" content=\"article\" \/>\n<meta property=\"og:title\" content=\"Kiln Tracker\u00ae - Techmaster de Mexico\" \/>\n<meta property=\"og:description\" content=\"Disponible en configuraciones de 10 y 20 canales y dos estilos de carcasa.  Resistente al agua (clasificaci\u00f3n IP67).  Comunicaci\u00f3n v\u00eda USB o Bluetooth  Telemetr\u00eda en tiempo real v\u00eda USB, telemetr\u00eda RF y Bluetooth.  Opciones de bater\u00eda alcalina, NiMH y de litio.  Compatible con la aplicaci\u00f3n Datapaq Insight\u2122 para dispositivos m\u00f3viles.\" \/>\n<meta property=\"og:url\" content=\"https:\/\/techmasterdemexico.com\/producto\/kiln-tracker\/\" \/>\n<meta property=\"og:site_name\" content=\"Techmaster de Mexico\" \/>\n<meta property=\"article:modified_time\" content=\"2026-03-09T20:22:10+00:00\" \/>\n<meta property=\"og:image\" content=\"https:\/\/techmasterdemexico.com\/wp-content\/uploads\/Datapaq-Kiln-Tracker.png\" \/>\n\t<meta property=\"og:image:width\" content=\"1000\" \/>\n\t<meta property=\"og:image:height\" content=\"1000\" \/>\n\t<meta property=\"og:image:type\" content=\"image\/png\" \/>\n<meta name=\"twitter:card\" content=\"summary_large_image\" \/>\n<meta name=\"twitter:label1\" content=\"Est. reading time\" \/>\n\t<meta name=\"twitter:data1\" content=\"1 minute\" \/>\n<script type=\"application\/ld+json\" class=\"yoast-schema-graph\">{\"@context\":\"https:\\\/\\\/schema.org\",\"@graph\":[{\"@type\":\"WebPage\",\"@id\":\"https:\\\/\\\/techmasterdemexico.com\\\/producto\\\/kiln-tracker\\\/\",\"url\":\"https:\\\/\\\/techmasterdemexico.com\\\/producto\\\/kiln-tracker\\\/\",\"name\":\"Kiln Tracker\u00ae - Techmaster de Mexico\",\"isPartOf\":{\"@id\":\"https:\\\/\\\/techmasterdemexico.com\\\/#website\"},\"primaryImageOfPage\":{\"@id\":\"https:\\\/\\\/techmasterdemexico.com\\\/producto\\\/kiln-tracker\\\/#primaryimage\"},\"image\":{\"@id\":\"https:\\\/\\\/techmasterdemexico.com\\\/producto\\\/kiln-tracker\\\/#primaryimage\"},\"thumbnailUrl\":\"https:\\\/\\\/techmasterdemexico.com\\\/wp-content\\\/uploads\\\/Datapaq-Kiln-Tracker.png\",\"datePublished\":\"2026-03-02T20:45:20+00:00\",\"dateModified\":\"2026-03-09T20:22:10+00:00\",\"breadcrumb\":{\"@id\":\"https:\\\/\\\/techmasterdemexico.com\\\/producto\\\/kiln-tracker\\\/#breadcrumb\"},\"inLanguage\":\"en-US\",\"potentialAction\":[{\"@type\":\"ReadAction\",\"target\":[\"https:\\\/\\\/techmasterdemexico.com\\\/producto\\\/kiln-tracker\\\/\"]}]},{\"@type\":\"ImageObject\",\"inLanguage\":\"en-US\",\"@id\":\"https:\\\/\\\/techmasterdemexico.com\\\/producto\\\/kiln-tracker\\\/#primaryimage\",\"url\":\"https:\\\/\\\/techmasterdemexico.com\\\/wp-content\\\/uploads\\\/Datapaq-Kiln-Tracker.png\",\"contentUrl\":\"https:\\\/\\\/techmasterdemexico.com\\\/wp-content\\\/uploads\\\/Datapaq-Kiln-Tracker.png\",\"width\":1000,\"height\":1000},{\"@type\":\"BreadcrumbList\",\"@id\":\"https:\\\/\\\/techmasterdemexico.com\\\/producto\\\/kiln-tracker\\\/#breadcrumb\",\"itemListElement\":[{\"@type\":\"ListItem\",\"position\":1,\"name\":\"Portada\",\"item\":\"https:\\\/\\\/techmasterdemexico.com\\\/\"},{\"@type\":\"ListItem\",\"position\":2,\"name\":\"Kiln Tracker\u00ae\"}]},{\"@type\":\"WebSite\",\"@id\":\"https:\\\/\\\/techmasterdemexico.com\\\/#website\",\"url\":\"https:\\\/\\\/techmasterdemexico.com\\\/\",\"name\":\"Techmaster de Mexico\",\"description\":\"\",\"potentialAction\":[{\"@type\":\"SearchAction\",\"target\":{\"@type\":\"EntryPoint\",\"urlTemplate\":\"https:\\\/\\\/techmasterdemexico.com\\\/?s={search_term_string}\"},\"query-input\":{\"@type\":\"PropertyValueSpecification\",\"valueRequired\":true,\"valueName\":\"search_term_string\"}}],\"inLanguage\":\"en-US\"}]}<\/script>\n<!-- \/ Yoast SEO plugin. -->","yoast_head_json":{"title":"Kiln Tracker\u00ae - Techmaster de Mexico","robots":{"index":"index","follow":"follow","max-snippet":"max-snippet:-1","max-image-preview":"max-image-preview:large","max-video-preview":"max-video-preview:-1"},"canonical":"https:\/\/techmasterdemexico.com\/producto\/kiln-tracker\/","og_locale":"en_US","og_type":"article","og_title":"Kiln Tracker\u00ae - Techmaster de Mexico","og_description":"Disponible en configuraciones de 10 y 20 canales y dos estilos de carcasa.  Resistente al agua (clasificaci\u00f3n IP67).  Comunicaci\u00f3n v\u00eda USB o Bluetooth  Telemetr\u00eda en tiempo real v\u00eda USB, telemetr\u00eda RF y Bluetooth.  Opciones de bater\u00eda alcalina, NiMH y de litio.  Compatible con la aplicaci\u00f3n Datapaq Insight\u2122 para dispositivos m\u00f3viles.","og_url":"https:\/\/techmasterdemexico.com\/producto\/kiln-tracker\/","og_site_name":"Techmaster de Mexico","article_modified_time":"2026-03-09T20:22:10+00:00","og_image":[{"width":1000,"height":1000,"url":"https:\/\/techmasterdemexico.com\/wp-content\/uploads\/Datapaq-Kiln-Tracker.png","type":"image\/png"}],"twitter_card":"summary_large_image","twitter_misc":{"Est. reading time":"1 minute"},"schema":{"@context":"https:\/\/schema.org","@graph":[{"@type":"WebPage","@id":"https:\/\/techmasterdemexico.com\/producto\/kiln-tracker\/","url":"https:\/\/techmasterdemexico.com\/producto\/kiln-tracker\/","name":"Kiln Tracker\u00ae - Techmaster de Mexico","isPartOf":{"@id":"https:\/\/techmasterdemexico.com\/#website"},"primaryImageOfPage":{"@id":"https:\/\/techmasterdemexico.com\/producto\/kiln-tracker\/#primaryimage"},"image":{"@id":"https:\/\/techmasterdemexico.com\/producto\/kiln-tracker\/#primaryimage"},"thumbnailUrl":"https:\/\/techmasterdemexico.com\/wp-content\/uploads\/Datapaq-Kiln-Tracker.png","datePublished":"2026-03-02T20:45:20+00:00","dateModified":"2026-03-09T20:22:10+00:00","breadcrumb":{"@id":"https:\/\/techmasterdemexico.com\/producto\/kiln-tracker\/#breadcrumb"},"inLanguage":"en-US","potentialAction":[{"@type":"ReadAction","target":["https:\/\/techmasterdemexico.com\/producto\/kiln-tracker\/"]}]},{"@type":"ImageObject","inLanguage":"en-US","@id":"https:\/\/techmasterdemexico.com\/producto\/kiln-tracker\/#primaryimage","url":"https:\/\/techmasterdemexico.com\/wp-content\/uploads\/Datapaq-Kiln-Tracker.png","contentUrl":"https:\/\/techmasterdemexico.com\/wp-content\/uploads\/Datapaq-Kiln-Tracker.png","width":1000,"height":1000},{"@type":"BreadcrumbList","@id":"https:\/\/techmasterdemexico.com\/producto\/kiln-tracker\/#breadcrumb","itemListElement":[{"@type":"ListItem","position":1,"name":"Portada","item":"https:\/\/techmasterdemexico.com\/"},{"@type":"ListItem","position":2,"name":"Kiln Tracker\u00ae"}]},{"@type":"WebSite","@id":"https:\/\/techmasterdemexico.com\/#website","url":"https:\/\/techmasterdemexico.com\/","name":"Techmaster de Mexico","description":"","potentialAction":[{"@type":"SearchAction","target":{"@type":"EntryPoint","urlTemplate":"https:\/\/techmasterdemexico.com\/?s={search_term_string}"},"query-input":{"@type":"PropertyValueSpecification","valueRequired":true,"valueName":"search_term_string"}}],"inLanguage":"en-US"}]}},"brands":[{"id":31,"name":"Fluke","slug":"fluke"}],"_links":{"self":[{"href":"https:\/\/techmasterdemexico.com\/en\/wp-json\/wp\/v2\/product\/35147","targetHints":{"allow":["GET"]}}],"collection":[{"href":"https:\/\/techmasterdemexico.com\/en\/wp-json\/wp\/v2\/product"}],"about":[{"href":"https:\/\/techmasterdemexico.com\/en\/wp-json\/wp\/v2\/types\/product"}],"wp:featuredmedia":[{"embeddable":true,"href":"https:\/\/techmasterdemexico.com\/en\/wp-json\/wp\/v2\/media\/35148"}],"wp:attachment":[{"href":"https:\/\/techmasterdemexico.com\/en\/wp-json\/wp\/v2\/media?parent=35147"}],"wp:term":[{"taxonomy":"pwb-brand","embeddable":true,"href":"https:\/\/techmasterdemexico.com\/en\/wp-json\/wp\/v2\/pwb-brand?post=35147"},{"taxonomy":"product_brand","embeddable":true,"href":"https:\/\/techmasterdemexico.com\/en\/wp-json\/wp\/v2\/product_brand?post=35147"},{"taxonomy":"product_cat","embeddable":true,"href":"https:\/\/techmasterdemexico.com\/en\/wp-json\/wp\/v2\/product_cat?post=35147"},{"taxonomy":"product_tag","embeddable":true,"href":"https:\/\/techmasterdemexico.com\/en\/wp-json\/wp\/v2\/product_tag?post=35147"}],"curies":[{"name":"wp","href":"https:\/\/api.w.org\/{rel}","templated":true}]}}