{"id":34853,"date":"2026-01-22T13:30:46","date_gmt":"2026-01-22T20:30:46","guid":{"rendered":"https:\/\/techmasterdemexico.com\/?post_type=product&#038;p=34853"},"modified":"2026-01-22T13:30:47","modified_gmt":"2026-01-22T20:30:47","slug":"termometro-visual-de-infrarrojos-fluke-vt08","status":"publish","type":"product","link":"https:\/\/techmasterdemexico.com\/en\/producto\/termometro-visual-de-infrarrojos-fluke-vt08\/","title":{"rendered":"Term\u00f3metro visual de infrarrojos Fluke VT08"},"content":{"rendered":"<p>La serie VT est\u00e1 fabricada con la legendaria resistencia y calidad propias de Fluke. Con un dise\u00f1o compacto y un funcionamiento mejorado, permite visualizar la medida de temperatura para obtener una imagen t\u00e9rmica por infrarrojos clara y precisa<\/p>\n","protected":false},"excerpt":{"rendered":"<ul>\n<li>Resoluci\u00f3n de 120 x 90 para obtener informaci\u00f3n m\u00e1s detallada<\/li>\n<li>Rango de temperaturas amplio de \u201320 \u00b0C a 400 \u00b0C<\/li>\n<li>Combina una imagen visual con una superposici\u00f3n de im\u00e1genes t\u00e9rmicas de infrarrojos en tiempo real para distinguir claramente el objetivo medido<\/li>\n<li>Grado de protecci\u00f3n IP65 contra el polvo y el agua; prueba de ca\u00edda de 2 m; adecuado para entornos de trabajo industriales muy exigentes<\/li>\n<li>Localiza r\u00e1pidamente el objetivo medido con el puntero l\u00e1ser integrado<\/li>\n<li>Tiempo de carga de 2 horas; 5 horas de duraci\u00f3n de la bater\u00eda<\/li>\n<li>Interfaz de men\u00fa de un solo nivel; Open-and-View (abrir y ver)<\/li>\n<\/ul>\n","protected":false},"featured_media":34854,"template":"","meta":{"_acf_changed":false},"pwb-brand":[31],"product_brand":[],"product_cat":[366,30,51],"product_tag":[],"class_list":{"0":"post-34853","1":"product","2":"type-product","3":"status-publish","4":"has-post-thumbnail","6":"pwb-brand-fluke","7":"product_cat-todos-los-productos","8":"product_cat-fluke","9":"product_cat-termometros-infrarrojos","11":"first","12":"instock","13":"taxable","14":"shipping-taxable","15":"product-type-simple"},"acf":[],"yoast_head":"<!-- This site is optimized with the Yoast SEO plugin v27.3 - https:\/\/yoast.com\/product\/yoast-seo-wordpress\/ -->\n<title>Term\u00f3metro visual de infrarrojos Fluke VT08 - Techmaster de Mexico<\/title>\n<meta name=\"robots\" content=\"index, follow, max-snippet:-1, max-image-preview:large, max-video-preview:-1\" \/>\n<link rel=\"canonical\" href=\"https:\/\/techmasterdemexico.com\/producto\/termometro-visual-de-infrarrojos-fluke-vt08\/\" \/>\n<meta property=\"og:locale\" content=\"en_US\" \/>\n<meta property=\"og:type\" content=\"article\" \/>\n<meta property=\"og:title\" content=\"Term\u00f3metro visual de infrarrojos Fluke VT08 - Techmaster de Mexico\" \/>\n<meta property=\"og:description\" content=\"Resoluci\u00f3n de 120 x 90 para obtener informaci\u00f3n m\u00e1s detallada  Rango de temperaturas amplio de \u201320 \u00b0C a 400 \u00b0C  Combina una imagen visual con una superposici\u00f3n de im\u00e1genes t\u00e9rmicas de infrarrojos en tiempo real para distinguir claramente el objetivo medido  Grado de protecci\u00f3n IP65 contra el polvo y el agua; prueba de ca\u00edda de 2 m; adecuado para entornos de trabajo industriales muy exigentes  Localiza r\u00e1pidamente el objetivo medido con el puntero l\u00e1ser integrado  Tiempo de carga de 2 horas; 5 horas de duraci\u00f3n de la bater\u00eda  Interfaz de men\u00fa de un solo nivel; Open-and-View (abrir y ver)\" \/>\n<meta property=\"og:url\" content=\"https:\/\/techmasterdemexico.com\/producto\/termometro-visual-de-infrarrojos-fluke-vt08\/\" \/>\n<meta property=\"og:site_name\" content=\"Techmaster de Mexico\" \/>\n<meta property=\"article:modified_time\" content=\"2026-01-22T20:30:47+00:00\" \/>\n<meta property=\"og:image\" content=\"https:\/\/techmasterdemexico.com\/wp-content\/uploads\/F-vt08_01a_h.png\" \/>\n\t<meta property=\"og:image:width\" content=\"1000\" \/>\n\t<meta property=\"og:image:height\" content=\"1000\" \/>\n\t<meta property=\"og:image:type\" content=\"image\/png\" \/>\n<meta name=\"twitter:card\" content=\"summary_large_image\" \/>\n<meta name=\"twitter:label1\" content=\"Est. reading time\" \/>\n\t<meta name=\"twitter:data1\" content=\"1 minute\" \/>\n<script type=\"application\/ld+json\" class=\"yoast-schema-graph\">{\"@context\":\"https:\\\/\\\/schema.org\",\"@graph\":[{\"@type\":\"WebPage\",\"@id\":\"https:\\\/\\\/techmasterdemexico.com\\\/producto\\\/termometro-visual-de-infrarrojos-fluke-vt08\\\/\",\"url\":\"https:\\\/\\\/techmasterdemexico.com\\\/producto\\\/termometro-visual-de-infrarrojos-fluke-vt08\\\/\",\"name\":\"Term\u00f3metro visual de infrarrojos Fluke VT08 - Techmaster de Mexico\",\"isPartOf\":{\"@id\":\"https:\\\/\\\/techmasterdemexico.com\\\/#website\"},\"primaryImageOfPage\":{\"@id\":\"https:\\\/\\\/techmasterdemexico.com\\\/producto\\\/termometro-visual-de-infrarrojos-fluke-vt08\\\/#primaryimage\"},\"image\":{\"@id\":\"https:\\\/\\\/techmasterdemexico.com\\\/producto\\\/termometro-visual-de-infrarrojos-fluke-vt08\\\/#primaryimage\"},\"thumbnailUrl\":\"https:\\\/\\\/techmasterdemexico.com\\\/wp-content\\\/uploads\\\/F-vt08_01a_h.png\",\"datePublished\":\"2026-01-22T20:30:46+00:00\",\"dateModified\":\"2026-01-22T20:30:47+00:00\",\"breadcrumb\":{\"@id\":\"https:\\\/\\\/techmasterdemexico.com\\\/producto\\\/termometro-visual-de-infrarrojos-fluke-vt08\\\/#breadcrumb\"},\"inLanguage\":\"en-US\",\"potentialAction\":[{\"@type\":\"ReadAction\",\"target\":[\"https:\\\/\\\/techmasterdemexico.com\\\/producto\\\/termometro-visual-de-infrarrojos-fluke-vt08\\\/\"]}]},{\"@type\":\"ImageObject\",\"inLanguage\":\"en-US\",\"@id\":\"https:\\\/\\\/techmasterdemexico.com\\\/producto\\\/termometro-visual-de-infrarrojos-fluke-vt08\\\/#primaryimage\",\"url\":\"https:\\\/\\\/techmasterdemexico.com\\\/wp-content\\\/uploads\\\/F-vt08_01a_h.png\",\"contentUrl\":\"https:\\\/\\\/techmasterdemexico.com\\\/wp-content\\\/uploads\\\/F-vt08_01a_h.png\",\"width\":1000,\"height\":1000},{\"@type\":\"BreadcrumbList\",\"@id\":\"https:\\\/\\\/techmasterdemexico.com\\\/producto\\\/termometro-visual-de-infrarrojos-fluke-vt08\\\/#breadcrumb\",\"itemListElement\":[{\"@type\":\"ListItem\",\"position\":1,\"name\":\"Portada\",\"item\":\"https:\\\/\\\/techmasterdemexico.com\\\/\"},{\"@type\":\"ListItem\",\"position\":2,\"name\":\"Term\u00f3metro visual de infrarrojos Fluke VT08\"}]},{\"@type\":\"WebSite\",\"@id\":\"https:\\\/\\\/techmasterdemexico.com\\\/#website\",\"url\":\"https:\\\/\\\/techmasterdemexico.com\\\/\",\"name\":\"Techmaster de Mexico\",\"description\":\"\",\"potentialAction\":[{\"@type\":\"SearchAction\",\"target\":{\"@type\":\"EntryPoint\",\"urlTemplate\":\"https:\\\/\\\/techmasterdemexico.com\\\/?s={search_term_string}\"},\"query-input\":{\"@type\":\"PropertyValueSpecification\",\"valueRequired\":true,\"valueName\":\"search_term_string\"}}],\"inLanguage\":\"en-US\"}]}<\/script>\n<!-- \/ Yoast SEO plugin. -->","yoast_head_json":{"title":"Term\u00f3metro visual de infrarrojos Fluke VT08 - Techmaster de Mexico","robots":{"index":"index","follow":"follow","max-snippet":"max-snippet:-1","max-image-preview":"max-image-preview:large","max-video-preview":"max-video-preview:-1"},"canonical":"https:\/\/techmasterdemexico.com\/producto\/termometro-visual-de-infrarrojos-fluke-vt08\/","og_locale":"en_US","og_type":"article","og_title":"Term\u00f3metro visual de infrarrojos Fluke VT08 - Techmaster de Mexico","og_description":"Resoluci\u00f3n de 120 x 90 para obtener informaci\u00f3n m\u00e1s detallada  Rango de temperaturas amplio de \u201320 \u00b0C a 400 \u00b0C  Combina una imagen visual con una superposici\u00f3n de im\u00e1genes t\u00e9rmicas de infrarrojos en tiempo real para distinguir claramente el objetivo medido  Grado de protecci\u00f3n IP65 contra el polvo y el agua; prueba de ca\u00edda de 2 m; adecuado para entornos de trabajo industriales muy exigentes  Localiza r\u00e1pidamente el objetivo medido con el puntero l\u00e1ser integrado  Tiempo de carga de 2 horas; 5 horas de duraci\u00f3n de la bater\u00eda  Interfaz de men\u00fa de un solo nivel; Open-and-View (abrir y ver)","og_url":"https:\/\/techmasterdemexico.com\/producto\/termometro-visual-de-infrarrojos-fluke-vt08\/","og_site_name":"Techmaster de Mexico","article_modified_time":"2026-01-22T20:30:47+00:00","og_image":[{"width":1000,"height":1000,"url":"https:\/\/techmasterdemexico.com\/wp-content\/uploads\/F-vt08_01a_h.png","type":"image\/png"}],"twitter_card":"summary_large_image","twitter_misc":{"Est. reading time":"1 minute"},"schema":{"@context":"https:\/\/schema.org","@graph":[{"@type":"WebPage","@id":"https:\/\/techmasterdemexico.com\/producto\/termometro-visual-de-infrarrojos-fluke-vt08\/","url":"https:\/\/techmasterdemexico.com\/producto\/termometro-visual-de-infrarrojos-fluke-vt08\/","name":"Term\u00f3metro visual de infrarrojos Fluke VT08 - Techmaster de Mexico","isPartOf":{"@id":"https:\/\/techmasterdemexico.com\/#website"},"primaryImageOfPage":{"@id":"https:\/\/techmasterdemexico.com\/producto\/termometro-visual-de-infrarrojos-fluke-vt08\/#primaryimage"},"image":{"@id":"https:\/\/techmasterdemexico.com\/producto\/termometro-visual-de-infrarrojos-fluke-vt08\/#primaryimage"},"thumbnailUrl":"https:\/\/techmasterdemexico.com\/wp-content\/uploads\/F-vt08_01a_h.png","datePublished":"2026-01-22T20:30:46+00:00","dateModified":"2026-01-22T20:30:47+00:00","breadcrumb":{"@id":"https:\/\/techmasterdemexico.com\/producto\/termometro-visual-de-infrarrojos-fluke-vt08\/#breadcrumb"},"inLanguage":"en-US","potentialAction":[{"@type":"ReadAction","target":["https:\/\/techmasterdemexico.com\/producto\/termometro-visual-de-infrarrojos-fluke-vt08\/"]}]},{"@type":"ImageObject","inLanguage":"en-US","@id":"https:\/\/techmasterdemexico.com\/producto\/termometro-visual-de-infrarrojos-fluke-vt08\/#primaryimage","url":"https:\/\/techmasterdemexico.com\/wp-content\/uploads\/F-vt08_01a_h.png","contentUrl":"https:\/\/techmasterdemexico.com\/wp-content\/uploads\/F-vt08_01a_h.png","width":1000,"height":1000},{"@type":"BreadcrumbList","@id":"https:\/\/techmasterdemexico.com\/producto\/termometro-visual-de-infrarrojos-fluke-vt08\/#breadcrumb","itemListElement":[{"@type":"ListItem","position":1,"name":"Portada","item":"https:\/\/techmasterdemexico.com\/"},{"@type":"ListItem","position":2,"name":"Term\u00f3metro visual de infrarrojos Fluke VT08"}]},{"@type":"WebSite","@id":"https:\/\/techmasterdemexico.com\/#website","url":"https:\/\/techmasterdemexico.com\/","name":"Techmaster de Mexico","description":"","potentialAction":[{"@type":"SearchAction","target":{"@type":"EntryPoint","urlTemplate":"https:\/\/techmasterdemexico.com\/?s={search_term_string}"},"query-input":{"@type":"PropertyValueSpecification","valueRequired":true,"valueName":"search_term_string"}}],"inLanguage":"en-US"}]}},"brands":[{"id":31,"name":"Fluke","slug":"fluke"}],"_links":{"self":[{"href":"https:\/\/techmasterdemexico.com\/en\/wp-json\/wp\/v2\/product\/34853","targetHints":{"allow":["GET"]}}],"collection":[{"href":"https:\/\/techmasterdemexico.com\/en\/wp-json\/wp\/v2\/product"}],"about":[{"href":"https:\/\/techmasterdemexico.com\/en\/wp-json\/wp\/v2\/types\/product"}],"wp:featuredmedia":[{"embeddable":true,"href":"https:\/\/techmasterdemexico.com\/en\/wp-json\/wp\/v2\/media\/34854"}],"wp:attachment":[{"href":"https:\/\/techmasterdemexico.com\/en\/wp-json\/wp\/v2\/media?parent=34853"}],"wp:term":[{"taxonomy":"pwb-brand","embeddable":true,"href":"https:\/\/techmasterdemexico.com\/en\/wp-json\/wp\/v2\/pwb-brand?post=34853"},{"taxonomy":"product_brand","embeddable":true,"href":"https:\/\/techmasterdemexico.com\/en\/wp-json\/wp\/v2\/product_brand?post=34853"},{"taxonomy":"product_cat","embeddable":true,"href":"https:\/\/techmasterdemexico.com\/en\/wp-json\/wp\/v2\/product_cat?post=34853"},{"taxonomy":"product_tag","embeddable":true,"href":"https:\/\/techmasterdemexico.com\/en\/wp-json\/wp\/v2\/product_tag?post=34853"}],"curies":[{"name":"wp","href":"https:\/\/api.w.org\/{rel}","templated":true}]}}