{"id":24354,"date":"2025-11-24T23:29:01","date_gmt":"2025-11-25T06:29:01","guid":{"rendered":"https:\/\/techmasterdemexico.com\/?post_type=product&#038;p=24354"},"modified":"2025-11-24T23:29:02","modified_gmt":"2025-11-25T06:29:02","slug":"registrador-de-temperatura-y-humedad-diligence-ev-con-pantalla-lcd","status":"publish","type":"product","link":"https:\/\/techmasterdemexico.com\/en\/producto\/registrador-de-temperatura-y-humedad-diligence-ev-con-pantalla-lcd\/","title":{"rendered":"Registrador de temperatura y humedad Diligence EV con pantalla LCD"},"content":{"rendered":"<p>El registrador de datos de temperatura y humedad (N2013) registra tanto la temperatura como la humedad y es ideal para aplicaciones en el sector salud y la gesti\u00f3n de edificios.<\/p>\n<p>Muchos productos deben almacenarse dentro de rangos espec\u00edficos de temperatura y humedad, y el N2013 le permite registrar ambos. Especialmente relevante en un entorno sanitario, los datos generados por el N2013 tambi\u00e9n son ideales para una variedad de otros requisitos de operaci\u00f3n de edificios, como los sistemas de calefacci\u00f3n y enfriamiento.<\/p>\n<p>Dise\u00f1ado para ser un instrumento pr\u00e1ctico y confiable, el N2013 cuenta con una garant\u00eda de dos a\u00f1os, una vida \u00fatil de bater\u00eda de hasta 5 a\u00f1os y un sellado conforme a los est\u00e1ndares IP67.<\/p>\n<p>Para uso general en HACCP y otros sistemas de calidad, nuestro software EVSW est\u00e1 disponible como descarga gratuita. Para otras funciones, como el cumplimiento con 21CFR parte 11, actualice su software a EVSW Pro.<\/p>\n","protected":false},"excerpt":{"rendered":"<ul>\n<li>Carcasa resistente y moldeada, a prueba de polvo y agua conforme a las normas IP67<\/li>\n<li>Gran capacidad de memoria de hasta 16,000 lecturas<\/li>\n<li>Exactitud del instrumento de \u00b10.5\u00b0C + 0.3% de la lectura a +20\u00b0C<\/li>\n<li>Capacidad para registrar en m\u00faltiples periodos<\/li>\n<li>Software Evolution basado en Windows\u2122 para descarga y an\u00e1lisis r\u00e1pido de datos<\/li>\n<li>Indicadores LED para registrar actividad y condiciones de alarma de temperatura o humedad<\/li>\n<li>Pantalla LCD en modelos seleccionados para verificar instant\u00e1neamente las lecturas actuales y alarmas<\/li>\n<li>Aviso audible adicional para condiciones de alarma de temperatura y humedad<\/li>\n<li>Control de funciones principales mediante un solo bot\u00f3n<\/li>\n<li>Capacidad para desplazarse en la pantalla LCD entre las lecturas de todos los sensores en uso<\/li>\n<li>Amplia gama de sondas de temperatura Comark disponibles<\/li>\n<\/ul>\n","protected":false},"featured_media":24356,"template":"","meta":{"_acf_changed":false},"pwb-brand":[527],"product_brand":[],"product_cat":[366,528,536,535],"product_tag":[],"class_list":{"0":"post-24354","1":"product","2":"type-product","3":"status-publish","4":"has-post-thumbnail","6":"pwb-brand-comark","7":"product_cat-todos-los-productos","8":"product_cat-comark","9":"product_cat-medidor-de-humedad-y-de-temperatura","10":"product_cat-medidores-de-humedad","12":"first","13":"instock","14":"taxable","15":"shipping-taxable","16":"product-type-simple"},"acf":[],"yoast_head":"<!-- This site is optimized with the Yoast SEO plugin v27.5 - https:\/\/yoast.com\/product\/yoast-seo-wordpress\/ -->\n<title>Registrador de temperatura y humedad Diligence EV con pantalla LCD - Techmaster de Mexico<\/title>\n<meta name=\"robots\" content=\"index, follow, max-snippet:-1, max-image-preview:large, max-video-preview:-1\" \/>\n<link rel=\"canonical\" href=\"https:\/\/techmasterdemexico.com\/producto\/registrador-de-temperatura-y-humedad-diligence-ev-con-pantalla-lcd\/\" \/>\n<meta property=\"og:locale\" content=\"en_US\" \/>\n<meta property=\"og:type\" content=\"article\" \/>\n<meta property=\"og:title\" content=\"Registrador de temperatura y humedad Diligence EV con pantalla LCD - Techmaster de Mexico\" \/>\n<meta property=\"og:description\" content=\"Carcasa resistente y moldeada, a prueba de polvo y agua conforme a las normas IP67  Gran capacidad de memoria de hasta 16,000 lecturas  Exactitud del instrumento de \u00b10.5\u00b0C + 0.3% de la lectura a +20\u00b0C  Capacidad para registrar en m\u00faltiples periodos  Software Evolution basado en Windows\u2122 para descarga y an\u00e1lisis r\u00e1pido de datos  Indicadores LED para registrar actividad y condiciones de alarma de temperatura o humedad  Pantalla LCD en modelos seleccionados para verificar instant\u00e1neamente las lecturas actuales y alarmas  Aviso audible adicional para condiciones de alarma de temperatura y humedad  Control de funciones principales mediante un solo bot\u00f3n  Capacidad para desplazarse en la pantalla LCD entre las lecturas de todos los sensores en uso  Amplia gama de sondas de temperatura Comark disponibles\" \/>\n<meta property=\"og:url\" content=\"https:\/\/techmasterdemexico.com\/producto\/registrador-de-temperatura-y-humedad-diligence-ev-con-pantalla-lcd\/\" \/>\n<meta property=\"og:site_name\" content=\"Techmaster de Mexico\" \/>\n<meta property=\"article:modified_time\" content=\"2025-11-25T06:29:02+00:00\" \/>\n<meta property=\"og:image\" content=\"https:\/\/techmasterdemexico.com\/wp-content\/uploads\/N2013.png\" \/>\n\t<meta property=\"og:image:width\" content=\"1000\" \/>\n\t<meta property=\"og:image:height\" content=\"1000\" \/>\n\t<meta property=\"og:image:type\" content=\"image\/png\" \/>\n<meta name=\"twitter:card\" content=\"summary_large_image\" \/>\n<meta name=\"twitter:label1\" content=\"Est. reading time\" \/>\n\t<meta name=\"twitter:data1\" content=\"1 minute\" \/>\n<script type=\"application\/ld+json\" class=\"yoast-schema-graph\">{\"@context\":\"https:\\\/\\\/schema.org\",\"@graph\":[{\"@type\":\"WebPage\",\"@id\":\"https:\\\/\\\/techmasterdemexico.com\\\/producto\\\/registrador-de-temperatura-y-humedad-diligence-ev-con-pantalla-lcd\\\/\",\"url\":\"https:\\\/\\\/techmasterdemexico.com\\\/producto\\\/registrador-de-temperatura-y-humedad-diligence-ev-con-pantalla-lcd\\\/\",\"name\":\"Registrador de temperatura y humedad Diligence EV con pantalla LCD - Techmaster de Mexico\",\"isPartOf\":{\"@id\":\"https:\\\/\\\/techmasterdemexico.com\\\/#website\"},\"primaryImageOfPage\":{\"@id\":\"https:\\\/\\\/techmasterdemexico.com\\\/producto\\\/registrador-de-temperatura-y-humedad-diligence-ev-con-pantalla-lcd\\\/#primaryimage\"},\"image\":{\"@id\":\"https:\\\/\\\/techmasterdemexico.com\\\/producto\\\/registrador-de-temperatura-y-humedad-diligence-ev-con-pantalla-lcd\\\/#primaryimage\"},\"thumbnailUrl\":\"https:\\\/\\\/techmasterdemexico.com\\\/wp-content\\\/uploads\\\/N2013.png\",\"datePublished\":\"2025-11-25T06:29:01+00:00\",\"dateModified\":\"2025-11-25T06:29:02+00:00\",\"breadcrumb\":{\"@id\":\"https:\\\/\\\/techmasterdemexico.com\\\/producto\\\/registrador-de-temperatura-y-humedad-diligence-ev-con-pantalla-lcd\\\/#breadcrumb\"},\"inLanguage\":\"en-US\",\"potentialAction\":[{\"@type\":\"ReadAction\",\"target\":[\"https:\\\/\\\/techmasterdemexico.com\\\/producto\\\/registrador-de-temperatura-y-humedad-diligence-ev-con-pantalla-lcd\\\/\"]}]},{\"@type\":\"ImageObject\",\"inLanguage\":\"en-US\",\"@id\":\"https:\\\/\\\/techmasterdemexico.com\\\/producto\\\/registrador-de-temperatura-y-humedad-diligence-ev-con-pantalla-lcd\\\/#primaryimage\",\"url\":\"https:\\\/\\\/techmasterdemexico.com\\\/wp-content\\\/uploads\\\/N2013.png\",\"contentUrl\":\"https:\\\/\\\/techmasterdemexico.com\\\/wp-content\\\/uploads\\\/N2013.png\",\"width\":1000,\"height\":1000},{\"@type\":\"BreadcrumbList\",\"@id\":\"https:\\\/\\\/techmasterdemexico.com\\\/producto\\\/registrador-de-temperatura-y-humedad-diligence-ev-con-pantalla-lcd\\\/#breadcrumb\",\"itemListElement\":[{\"@type\":\"ListItem\",\"position\":1,\"name\":\"Portada\",\"item\":\"https:\\\/\\\/techmasterdemexico.com\\\/\"},{\"@type\":\"ListItem\",\"position\":2,\"name\":\"Registrador de temperatura y humedad Diligence EV con pantalla LCD\"}]},{\"@type\":\"WebSite\",\"@id\":\"https:\\\/\\\/techmasterdemexico.com\\\/#website\",\"url\":\"https:\\\/\\\/techmasterdemexico.com\\\/\",\"name\":\"Techmaster de Mexico\",\"description\":\"\",\"potentialAction\":[{\"@type\":\"SearchAction\",\"target\":{\"@type\":\"EntryPoint\",\"urlTemplate\":\"https:\\\/\\\/techmasterdemexico.com\\\/?s={search_term_string}\"},\"query-input\":{\"@type\":\"PropertyValueSpecification\",\"valueRequired\":true,\"valueName\":\"search_term_string\"}}],\"inLanguage\":\"en-US\"}]}<\/script>\n<!-- \/ Yoast SEO plugin. -->","yoast_head_json":{"title":"Registrador de temperatura y humedad Diligence EV con pantalla LCD - Techmaster de Mexico","robots":{"index":"index","follow":"follow","max-snippet":"max-snippet:-1","max-image-preview":"max-image-preview:large","max-video-preview":"max-video-preview:-1"},"canonical":"https:\/\/techmasterdemexico.com\/producto\/registrador-de-temperatura-y-humedad-diligence-ev-con-pantalla-lcd\/","og_locale":"en_US","og_type":"article","og_title":"Registrador de temperatura y humedad Diligence EV con pantalla LCD - Techmaster de Mexico","og_description":"Carcasa resistente y moldeada, a prueba de polvo y agua conforme a las normas IP67  Gran capacidad de memoria de hasta 16,000 lecturas  Exactitud del instrumento de \u00b10.5\u00b0C + 0.3% de la lectura a +20\u00b0C  Capacidad para registrar en m\u00faltiples periodos  Software Evolution basado en Windows\u2122 para descarga y an\u00e1lisis r\u00e1pido de datos  Indicadores LED para registrar actividad y condiciones de alarma de temperatura o humedad  Pantalla LCD en modelos seleccionados para verificar instant\u00e1neamente las lecturas actuales y alarmas  Aviso audible adicional para condiciones de alarma de temperatura y humedad  Control de funciones principales mediante un solo bot\u00f3n  Capacidad para desplazarse en la pantalla LCD entre las lecturas de todos los sensores en uso  Amplia gama de sondas de temperatura Comark disponibles","og_url":"https:\/\/techmasterdemexico.com\/producto\/registrador-de-temperatura-y-humedad-diligence-ev-con-pantalla-lcd\/","og_site_name":"Techmaster de Mexico","article_modified_time":"2025-11-25T06:29:02+00:00","og_image":[{"width":1000,"height":1000,"url":"https:\/\/techmasterdemexico.com\/wp-content\/uploads\/N2013.png","type":"image\/png"}],"twitter_card":"summary_large_image","twitter_misc":{"Est. reading time":"1 minute"},"schema":{"@context":"https:\/\/schema.org","@graph":[{"@type":"WebPage","@id":"https:\/\/techmasterdemexico.com\/producto\/registrador-de-temperatura-y-humedad-diligence-ev-con-pantalla-lcd\/","url":"https:\/\/techmasterdemexico.com\/producto\/registrador-de-temperatura-y-humedad-diligence-ev-con-pantalla-lcd\/","name":"Registrador de temperatura y humedad Diligence EV con pantalla LCD - Techmaster de Mexico","isPartOf":{"@id":"https:\/\/techmasterdemexico.com\/#website"},"primaryImageOfPage":{"@id":"https:\/\/techmasterdemexico.com\/producto\/registrador-de-temperatura-y-humedad-diligence-ev-con-pantalla-lcd\/#primaryimage"},"image":{"@id":"https:\/\/techmasterdemexico.com\/producto\/registrador-de-temperatura-y-humedad-diligence-ev-con-pantalla-lcd\/#primaryimage"},"thumbnailUrl":"https:\/\/techmasterdemexico.com\/wp-content\/uploads\/N2013.png","datePublished":"2025-11-25T06:29:01+00:00","dateModified":"2025-11-25T06:29:02+00:00","breadcrumb":{"@id":"https:\/\/techmasterdemexico.com\/producto\/registrador-de-temperatura-y-humedad-diligence-ev-con-pantalla-lcd\/#breadcrumb"},"inLanguage":"en-US","potentialAction":[{"@type":"ReadAction","target":["https:\/\/techmasterdemexico.com\/producto\/registrador-de-temperatura-y-humedad-diligence-ev-con-pantalla-lcd\/"]}]},{"@type":"ImageObject","inLanguage":"en-US","@id":"https:\/\/techmasterdemexico.com\/producto\/registrador-de-temperatura-y-humedad-diligence-ev-con-pantalla-lcd\/#primaryimage","url":"https:\/\/techmasterdemexico.com\/wp-content\/uploads\/N2013.png","contentUrl":"https:\/\/techmasterdemexico.com\/wp-content\/uploads\/N2013.png","width":1000,"height":1000},{"@type":"BreadcrumbList","@id":"https:\/\/techmasterdemexico.com\/producto\/registrador-de-temperatura-y-humedad-diligence-ev-con-pantalla-lcd\/#breadcrumb","itemListElement":[{"@type":"ListItem","position":1,"name":"Portada","item":"https:\/\/techmasterdemexico.com\/"},{"@type":"ListItem","position":2,"name":"Registrador de temperatura y humedad Diligence EV con pantalla LCD"}]},{"@type":"WebSite","@id":"https:\/\/techmasterdemexico.com\/#website","url":"https:\/\/techmasterdemexico.com\/","name":"Techmaster de Mexico","description":"","potentialAction":[{"@type":"SearchAction","target":{"@type":"EntryPoint","urlTemplate":"https:\/\/techmasterdemexico.com\/?s={search_term_string}"},"query-input":{"@type":"PropertyValueSpecification","valueRequired":true,"valueName":"search_term_string"}}],"inLanguage":"en-US"}]}},"brands":[{"id":527,"name":"Comark","slug":"comark"}],"_links":{"self":[{"href":"https:\/\/techmasterdemexico.com\/en\/wp-json\/wp\/v2\/product\/24354","targetHints":{"allow":["GET"]}}],"collection":[{"href":"https:\/\/techmasterdemexico.com\/en\/wp-json\/wp\/v2\/product"}],"about":[{"href":"https:\/\/techmasterdemexico.com\/en\/wp-json\/wp\/v2\/types\/product"}],"wp:featuredmedia":[{"embeddable":true,"href":"https:\/\/techmasterdemexico.com\/en\/wp-json\/wp\/v2\/media\/24356"}],"wp:attachment":[{"href":"https:\/\/techmasterdemexico.com\/en\/wp-json\/wp\/v2\/media?parent=24354"}],"wp:term":[{"taxonomy":"pwb-brand","embeddable":true,"href":"https:\/\/techmasterdemexico.com\/en\/wp-json\/wp\/v2\/pwb-brand?post=24354"},{"taxonomy":"product_brand","embeddable":true,"href":"https:\/\/techmasterdemexico.com\/en\/wp-json\/wp\/v2\/product_brand?post=24354"},{"taxonomy":"product_cat","embeddable":true,"href":"https:\/\/techmasterdemexico.com\/en\/wp-json\/wp\/v2\/product_cat?post=24354"},{"taxonomy":"product_tag","embeddable":true,"href":"https:\/\/techmasterdemexico.com\/en\/wp-json\/wp\/v2\/product_tag?post=24354"}],"curies":[{"name":"wp","href":"https:\/\/api.w.org\/{rel}","templated":true}]}}