{"id":24328,"date":"2025-11-19T12:03:33","date_gmt":"2025-11-19T19:03:33","guid":{"rendered":"https:\/\/techmasterdemexico.com\/?post_type=product&#038;p=24328"},"modified":"2025-11-19T12:03:34","modified_gmt":"2025-11-19T19:03:34","slug":"comprobador-de-cables-lan-kew-8550","status":"publish","type":"product","link":"https:\/\/techmasterdemexico.com\/en\/producto\/comprobador-de-cables-lan-kew-8550\/","title":{"rendered":"Comprobador de cables LAN Kew 8550"},"content":{"rendered":"<p>\u00a1El trabajo de verificaci\u00f3n de cables necesario para la construcci\u00f3n de redes puede ser simple y f\u00e1cil de entender!<\/p>\n<p>Funci\u00f3n Wiremap para revisar el cableado con solo presionar un bot\u00f3n.<\/p>\n<p>Funci\u00f3n para detectar cableado incorrecto, incluyendo Split pair.<\/p>\n<p>Puede medir la longitud del cable.<\/p>\n<p>La luz de fondo se enciende autom\u00e1ticamente al encenderse.<\/p>\n<p>Puede rastrear hasta 8 cables usando unidades remotas opcionales.<\/p>\n<p>* KEW 8550 no permite realizar pruebas de verificaci\u00f3n PoE, velocidad de cable ni certificaci\u00f3n de cables.*<\/p>\n","protected":false},"excerpt":{"rendered":"<ul>\n<li>Conector medible: RJ45<\/li>\n<li>Cable medible: Cable par trenzado (STP apantallado \/ UTP no apantallado)<\/li>\n<li>Categor\u00edas de cable medibles: CAT5, CAT5e, CAT6, CAT6A<\/li>\n<li>Funci\u00f3n Wiremap (rango de prueba \u2264100\u202fm): abiertos, cortos, cruzados, invertidos, transpuestos, pares divididos, apantallados\/no apantallados<\/li>\n<li>Medici\u00f3n de longitud de cable: 0.1 a 255\u202fm<\/li>\n<li>Precisi\u00f3n: \u00b110\u202f% \u00b11\u202fm<\/li>\n<li>Rango de operaci\u00f3n: 0 a 40\u202f\u2103, humedad relativa \u226480\u202f% (sin condensaci\u00f3n)<\/li>\n<li>Rango de almacenamiento: -10 a 60\u202f\u2103, humedad relativa \u226470\u202f% (sin condensaci\u00f3n)<\/li>\n<li>Norma aplicable: IEC 61326-1 (EMC)<\/li>\n<li>Fuente de alimentaci\u00f3n: 6 pilas R03 \/ LR03 (AAA) 1.5\u202fV<\/li>\n<li>Dimensiones:<\/li>\n<li>Unidad de visualizaci\u00f3n: 156\u202f\u00d7\u202f73\u202f\u00d7\u202f35\u202fmm<\/li>\n<li>Unidad remota: 72\u202f\u00d7\u202f23\u202f\u00d7\u202f24\u202fmm<\/li>\n<li>Peso:<\/li>\n<li>Unidad de visualizaci\u00f3n: aprox. 245\u202fg (con bater\u00edas)<\/li>\n<li>Unidad remota: aprox. 25\u202fg<\/li>\n<li>Accesorios incluidos:<\/li>\n<li>8551-1 (Unidad remota ID.1)<\/li>\n<li>9201 (Estuche de transporte)<\/li>\n<li>2 cables LAN<\/li>\n<li>Bater\u00edas<\/li>\n<li>Manual de instrucciones<\/li>\n<li>Accesorios opcionales:<\/li>\n<li>8551-25 (Unidades remotas ID.2 a ID.5)<\/li>\n<li>8551-68 (Unidades remotas ID.6 a ID.8)<\/li>\n<\/ul>\n","protected":false},"featured_media":24329,"template":"","meta":{"_acf_changed":false},"pwb-brand":[624],"product_brand":[],"product_cat":[366,694,620],"product_tag":[],"class_list":{"0":"post-24328","1":"product","2":"type-product","3":"status-publish","4":"has-post-thumbnail","6":"pwb-brand-kyoritsu","7":"product_cat-todos-los-productos","8":"product_cat-comprobadores-de-cable-lan","9":"product_cat-kyoritsu","11":"first","12":"instock","13":"taxable","14":"shipping-taxable","15":"product-type-simple"},"acf":[],"yoast_head":"<!-- This site is optimized with the Yoast SEO plugin v27.4 - https:\/\/yoast.com\/product\/yoast-seo-wordpress\/ -->\n<title>Comprobador de cables LAN Kew 8550 - Techmaster de Mexico<\/title>\n<meta name=\"robots\" content=\"index, follow, max-snippet:-1, max-image-preview:large, max-video-preview:-1\" \/>\n<link rel=\"canonical\" href=\"https:\/\/techmasterdemexico.com\/producto\/comprobador-de-cables-lan-kew-8550\/\" \/>\n<meta property=\"og:locale\" content=\"en_US\" \/>\n<meta property=\"og:type\" content=\"article\" \/>\n<meta property=\"og:title\" content=\"Comprobador de cables LAN Kew 8550 - Techmaster de Mexico\" \/>\n<meta property=\"og:description\" content=\"Conector medible: RJ45  Cable medible: Cable par trenzado (STP apantallado \/ UTP no apantallado)  Categor\u00edas de cable medibles: CAT5, CAT5e, CAT6, CAT6A  Funci\u00f3n Wiremap (rango de prueba \u2264100\u202fm): abiertos, cortos, cruzados, invertidos, transpuestos, pares divididos, apantallados\/no apantallados  Medici\u00f3n de longitud de cable: 0.1 a 255\u202fm  Precisi\u00f3n: \u00b110\u202f% \u00b11\u202fm  Rango de operaci\u00f3n: 0 a 40\u202f\u2103, humedad relativa \u226480\u202f% (sin condensaci\u00f3n)  Rango de almacenamiento: -10 a 60\u202f\u2103, humedad relativa \u226470\u202f% (sin condensaci\u00f3n)  Norma aplicable: IEC 61326-1 (EMC)  Fuente de alimentaci\u00f3n: 6 pilas R03 \/ LR03 (AAA) 1.5\u202fV  Dimensiones:  Unidad de visualizaci\u00f3n: 156\u202f\u00d7\u202f73\u202f\u00d7\u202f35\u202fmm  Unidad remota: 72\u202f\u00d7\u202f23\u202f\u00d7\u202f24\u202fmm  Peso:  Unidad de visualizaci\u00f3n: aprox. 245\u202fg (con bater\u00edas)  Unidad remota: aprox. 25\u202fg  Accesorios incluidos:  8551-1 (Unidad remota ID.1)  9201 (Estuche de transporte)  2 cables LAN  Bater\u00edas  Manual de instrucciones  Accesorios opcionales:  8551-25 (Unidades remotas ID.2 a ID.5)  8551-68 (Unidades remotas ID.6 a ID.8)\" \/>\n<meta property=\"og:url\" content=\"https:\/\/techmasterdemexico.com\/producto\/comprobador-de-cables-lan-kew-8550\/\" \/>\n<meta property=\"og:site_name\" content=\"Techmaster de Mexico\" \/>\n<meta property=\"article:modified_time\" content=\"2025-11-19T19:03:34+00:00\" \/>\n<meta property=\"og:image\" content=\"https:\/\/techmasterdemexico.com\/wp-content\/uploads\/KEW-8550.png\" \/>\n\t<meta property=\"og:image:width\" content=\"1000\" \/>\n\t<meta property=\"og:image:height\" content=\"1000\" \/>\n\t<meta property=\"og:image:type\" content=\"image\/png\" \/>\n<meta name=\"twitter:card\" content=\"summary_large_image\" \/>\n<meta name=\"twitter:label1\" content=\"Est. reading time\" \/>\n\t<meta name=\"twitter:data1\" content=\"1 minute\" \/>\n<script type=\"application\/ld+json\" class=\"yoast-schema-graph\">{\"@context\":\"https:\\\/\\\/schema.org\",\"@graph\":[{\"@type\":\"WebPage\",\"@id\":\"https:\\\/\\\/techmasterdemexico.com\\\/producto\\\/comprobador-de-cables-lan-kew-8550\\\/\",\"url\":\"https:\\\/\\\/techmasterdemexico.com\\\/producto\\\/comprobador-de-cables-lan-kew-8550\\\/\",\"name\":\"Comprobador de cables LAN Kew 8550 - Techmaster de Mexico\",\"isPartOf\":{\"@id\":\"https:\\\/\\\/techmasterdemexico.com\\\/#website\"},\"primaryImageOfPage\":{\"@id\":\"https:\\\/\\\/techmasterdemexico.com\\\/producto\\\/comprobador-de-cables-lan-kew-8550\\\/#primaryimage\"},\"image\":{\"@id\":\"https:\\\/\\\/techmasterdemexico.com\\\/producto\\\/comprobador-de-cables-lan-kew-8550\\\/#primaryimage\"},\"thumbnailUrl\":\"https:\\\/\\\/techmasterdemexico.com\\\/wp-content\\\/uploads\\\/KEW-8550.png\",\"datePublished\":\"2025-11-19T19:03:33+00:00\",\"dateModified\":\"2025-11-19T19:03:34+00:00\",\"breadcrumb\":{\"@id\":\"https:\\\/\\\/techmasterdemexico.com\\\/producto\\\/comprobador-de-cables-lan-kew-8550\\\/#breadcrumb\"},\"inLanguage\":\"en-US\",\"potentialAction\":[{\"@type\":\"ReadAction\",\"target\":[\"https:\\\/\\\/techmasterdemexico.com\\\/producto\\\/comprobador-de-cables-lan-kew-8550\\\/\"]}]},{\"@type\":\"ImageObject\",\"inLanguage\":\"en-US\",\"@id\":\"https:\\\/\\\/techmasterdemexico.com\\\/producto\\\/comprobador-de-cables-lan-kew-8550\\\/#primaryimage\",\"url\":\"https:\\\/\\\/techmasterdemexico.com\\\/wp-content\\\/uploads\\\/KEW-8550.png\",\"contentUrl\":\"https:\\\/\\\/techmasterdemexico.com\\\/wp-content\\\/uploads\\\/KEW-8550.png\",\"width\":1000,\"height\":1000},{\"@type\":\"BreadcrumbList\",\"@id\":\"https:\\\/\\\/techmasterdemexico.com\\\/producto\\\/comprobador-de-cables-lan-kew-8550\\\/#breadcrumb\",\"itemListElement\":[{\"@type\":\"ListItem\",\"position\":1,\"name\":\"Portada\",\"item\":\"https:\\\/\\\/techmasterdemexico.com\\\/\"},{\"@type\":\"ListItem\",\"position\":2,\"name\":\"Comprobador de cables LAN Kew 8550\"}]},{\"@type\":\"WebSite\",\"@id\":\"https:\\\/\\\/techmasterdemexico.com\\\/#website\",\"url\":\"https:\\\/\\\/techmasterdemexico.com\\\/\",\"name\":\"Techmaster de Mexico\",\"description\":\"\",\"potentialAction\":[{\"@type\":\"SearchAction\",\"target\":{\"@type\":\"EntryPoint\",\"urlTemplate\":\"https:\\\/\\\/techmasterdemexico.com\\\/?s={search_term_string}\"},\"query-input\":{\"@type\":\"PropertyValueSpecification\",\"valueRequired\":true,\"valueName\":\"search_term_string\"}}],\"inLanguage\":\"en-US\"}]}<\/script>\n<!-- \/ Yoast SEO plugin. -->","yoast_head_json":{"title":"Comprobador de cables LAN Kew 8550 - Techmaster de Mexico","robots":{"index":"index","follow":"follow","max-snippet":"max-snippet:-1","max-image-preview":"max-image-preview:large","max-video-preview":"max-video-preview:-1"},"canonical":"https:\/\/techmasterdemexico.com\/producto\/comprobador-de-cables-lan-kew-8550\/","og_locale":"en_US","og_type":"article","og_title":"Comprobador de cables LAN Kew 8550 - Techmaster de Mexico","og_description":"Conector medible: RJ45  Cable medible: Cable par trenzado (STP apantallado \/ UTP no apantallado)  Categor\u00edas de cable medibles: CAT5, CAT5e, CAT6, CAT6A  Funci\u00f3n Wiremap (rango de prueba \u2264100\u202fm): abiertos, cortos, cruzados, invertidos, transpuestos, pares divididos, apantallados\/no apantallados  Medici\u00f3n de longitud de cable: 0.1 a 255\u202fm  Precisi\u00f3n: \u00b110\u202f% \u00b11\u202fm  Rango de operaci\u00f3n: 0 a 40\u202f\u2103, humedad relativa \u226480\u202f% (sin condensaci\u00f3n)  Rango de almacenamiento: -10 a 60\u202f\u2103, humedad relativa \u226470\u202f% (sin condensaci\u00f3n)  Norma aplicable: IEC 61326-1 (EMC)  Fuente de alimentaci\u00f3n: 6 pilas R03 \/ LR03 (AAA) 1.5\u202fV  Dimensiones:  Unidad de visualizaci\u00f3n: 156\u202f\u00d7\u202f73\u202f\u00d7\u202f35\u202fmm  Unidad remota: 72\u202f\u00d7\u202f23\u202f\u00d7\u202f24\u202fmm  Peso:  Unidad de visualizaci\u00f3n: aprox. 245\u202fg (con bater\u00edas)  Unidad remota: aprox. 25\u202fg  Accesorios incluidos:  8551-1 (Unidad remota ID.1)  9201 (Estuche de transporte)  2 cables LAN  Bater\u00edas  Manual de instrucciones  Accesorios opcionales:  8551-25 (Unidades remotas ID.2 a ID.5)  8551-68 (Unidades remotas ID.6 a ID.8)","og_url":"https:\/\/techmasterdemexico.com\/producto\/comprobador-de-cables-lan-kew-8550\/","og_site_name":"Techmaster de Mexico","article_modified_time":"2025-11-19T19:03:34+00:00","og_image":[{"width":1000,"height":1000,"url":"https:\/\/techmasterdemexico.com\/wp-content\/uploads\/KEW-8550.png","type":"image\/png"}],"twitter_card":"summary_large_image","twitter_misc":{"Est. reading time":"1 minute"},"schema":{"@context":"https:\/\/schema.org","@graph":[{"@type":"WebPage","@id":"https:\/\/techmasterdemexico.com\/producto\/comprobador-de-cables-lan-kew-8550\/","url":"https:\/\/techmasterdemexico.com\/producto\/comprobador-de-cables-lan-kew-8550\/","name":"Comprobador de cables LAN Kew 8550 - Techmaster de Mexico","isPartOf":{"@id":"https:\/\/techmasterdemexico.com\/#website"},"primaryImageOfPage":{"@id":"https:\/\/techmasterdemexico.com\/producto\/comprobador-de-cables-lan-kew-8550\/#primaryimage"},"image":{"@id":"https:\/\/techmasterdemexico.com\/producto\/comprobador-de-cables-lan-kew-8550\/#primaryimage"},"thumbnailUrl":"https:\/\/techmasterdemexico.com\/wp-content\/uploads\/KEW-8550.png","datePublished":"2025-11-19T19:03:33+00:00","dateModified":"2025-11-19T19:03:34+00:00","breadcrumb":{"@id":"https:\/\/techmasterdemexico.com\/producto\/comprobador-de-cables-lan-kew-8550\/#breadcrumb"},"inLanguage":"en-US","potentialAction":[{"@type":"ReadAction","target":["https:\/\/techmasterdemexico.com\/producto\/comprobador-de-cables-lan-kew-8550\/"]}]},{"@type":"ImageObject","inLanguage":"en-US","@id":"https:\/\/techmasterdemexico.com\/producto\/comprobador-de-cables-lan-kew-8550\/#primaryimage","url":"https:\/\/techmasterdemexico.com\/wp-content\/uploads\/KEW-8550.png","contentUrl":"https:\/\/techmasterdemexico.com\/wp-content\/uploads\/KEW-8550.png","width":1000,"height":1000},{"@type":"BreadcrumbList","@id":"https:\/\/techmasterdemexico.com\/producto\/comprobador-de-cables-lan-kew-8550\/#breadcrumb","itemListElement":[{"@type":"ListItem","position":1,"name":"Portada","item":"https:\/\/techmasterdemexico.com\/"},{"@type":"ListItem","position":2,"name":"Comprobador de cables LAN Kew 8550"}]},{"@type":"WebSite","@id":"https:\/\/techmasterdemexico.com\/#website","url":"https:\/\/techmasterdemexico.com\/","name":"Techmaster de Mexico","description":"","potentialAction":[{"@type":"SearchAction","target":{"@type":"EntryPoint","urlTemplate":"https:\/\/techmasterdemexico.com\/?s={search_term_string}"},"query-input":{"@type":"PropertyValueSpecification","valueRequired":true,"valueName":"search_term_string"}}],"inLanguage":"en-US"}]}},"brands":[{"id":624,"name":"Kyoritsu","slug":"kyoritsu"}],"_links":{"self":[{"href":"https:\/\/techmasterdemexico.com\/en\/wp-json\/wp\/v2\/product\/24328","targetHints":{"allow":["GET"]}}],"collection":[{"href":"https:\/\/techmasterdemexico.com\/en\/wp-json\/wp\/v2\/product"}],"about":[{"href":"https:\/\/techmasterdemexico.com\/en\/wp-json\/wp\/v2\/types\/product"}],"wp:featuredmedia":[{"embeddable":true,"href":"https:\/\/techmasterdemexico.com\/en\/wp-json\/wp\/v2\/media\/24329"}],"wp:attachment":[{"href":"https:\/\/techmasterdemexico.com\/en\/wp-json\/wp\/v2\/media?parent=24328"}],"wp:term":[{"taxonomy":"pwb-brand","embeddable":true,"href":"https:\/\/techmasterdemexico.com\/en\/wp-json\/wp\/v2\/pwb-brand?post=24328"},{"taxonomy":"product_brand","embeddable":true,"href":"https:\/\/techmasterdemexico.com\/en\/wp-json\/wp\/v2\/product_brand?post=24328"},{"taxonomy":"product_cat","embeddable":true,"href":"https:\/\/techmasterdemexico.com\/en\/wp-json\/wp\/v2\/product_cat?post=24328"},{"taxonomy":"product_tag","embeddable":true,"href":"https:\/\/techmasterdemexico.com\/en\/wp-json\/wp\/v2\/product_tag?post=24328"}],"curies":[{"name":"wp","href":"https:\/\/api.w.org\/{rel}","templated":true}]}}