{"id":24268,"date":"2025-11-12T14:40:12","date_gmt":"2025-11-12T21:40:12","guid":{"rendered":"https:\/\/techmasterdemexico.com\/?post_type=product&#038;p=24268"},"modified":"2025-11-12T14:40:12","modified_gmt":"2025-11-12T21:40:12","slug":"sonda-de-superficie-tipo-k-fluke-80pk-3a","status":"publish","type":"product","link":"https:\/\/techmasterdemexico.com\/en\/producto\/sonda-de-superficie-tipo-k-fluke-80pk-3a\/","title":{"rendered":"Sonda de superficie (tipo K) Fluke 80PK-3A"},"content":{"rendered":"<p>Las sondas de temperatura Fluke ampl\u00edan las funciones de los term\u00f3metros de esta marca. La sonda de superficie con termopar tipo K 80PK-3A est\u00e1 dise\u00f1ada para medir la temperatura de superficies planas o ligeramente convexas, con una uni\u00f3n expuesta para permitir el contacto directo con la superficie que se mide. La sonda se puede usar con cualquier instrumento de medici\u00f3n de temperatura que est\u00e9 dise\u00f1ado para aceptar termopares tipo K y tenga una entrada para conectores en miniatura.<\/p>\n","protected":false},"excerpt":{"rendered":"<ul>\n<li>Rango de medici\u00f3n: de 0 a 260 \u00b0C<\/li>\n<li>Un a\u00f1o de garant\u00eda<\/li>\n<\/ul>\n","protected":false},"featured_media":24270,"template":"","meta":{"_acf_changed":false},"pwb-brand":[31],"product_brand":[],"product_cat":[366,118,30,127],"product_tag":[],"class_list":{"0":"post-24268","1":"product","2":"type-product","3":"status-publish","4":"has-post-thumbnail","6":"pwb-brand-fluke","7":"product_cat-todos-los-productos","8":"product_cat-accesorios-fluke","9":"product_cat-fluke","10":"product_cat-sondas","12":"first","13":"instock","14":"taxable","15":"shipping-taxable","16":"product-type-simple"},"acf":[],"yoast_head":"<!-- This site is optimized with the Yoast SEO plugin v27.4 - https:\/\/yoast.com\/product\/yoast-seo-wordpress\/ -->\n<title>Sonda de superficie (tipo K) Fluke 80PK-3A - Techmaster de Mexico<\/title>\n<meta name=\"robots\" content=\"index, follow, max-snippet:-1, max-image-preview:large, max-video-preview:-1\" \/>\n<link rel=\"canonical\" href=\"https:\/\/techmasterdemexico.com\/producto\/sonda-de-superficie-tipo-k-fluke-80pk-3a\/\" \/>\n<meta property=\"og:locale\" content=\"en_US\" \/>\n<meta property=\"og:type\" content=\"article\" \/>\n<meta property=\"og:title\" content=\"Sonda de superficie (tipo K) Fluke 80PK-3A - Techmaster de Mexico\" \/>\n<meta property=\"og:description\" content=\"Rango de medici\u00f3n: de 0 a 260 \u00b0C  Un a\u00f1o de garant\u00eda\" \/>\n<meta property=\"og:url\" content=\"https:\/\/techmasterdemexico.com\/producto\/sonda-de-superficie-tipo-k-fluke-80pk-3a\/\" \/>\n<meta property=\"og:site_name\" content=\"Techmaster de Mexico\" \/>\n<meta property=\"og:image\" content=\"https:\/\/techmasterdemexico.com\/wp-content\/uploads\/80PK-3A-Sonda-de-superficie-tipo-K.png\" \/>\n\t<meta property=\"og:image:width\" content=\"1121\" \/>\n\t<meta property=\"og:image:height\" content=\"1500\" \/>\n\t<meta property=\"og:image:type\" content=\"image\/png\" \/>\n<meta name=\"twitter:card\" content=\"summary_large_image\" \/>\n<meta name=\"twitter:label1\" content=\"Est. reading time\" \/>\n\t<meta name=\"twitter:data1\" content=\"1 minute\" \/>\n<script type=\"application\/ld+json\" class=\"yoast-schema-graph\">{\"@context\":\"https:\\\/\\\/schema.org\",\"@graph\":[{\"@type\":\"WebPage\",\"@id\":\"https:\\\/\\\/techmasterdemexico.com\\\/producto\\\/sonda-de-superficie-tipo-k-fluke-80pk-3a\\\/\",\"url\":\"https:\\\/\\\/techmasterdemexico.com\\\/producto\\\/sonda-de-superficie-tipo-k-fluke-80pk-3a\\\/\",\"name\":\"Sonda de superficie (tipo K) Fluke 80PK-3A - Techmaster de Mexico\",\"isPartOf\":{\"@id\":\"https:\\\/\\\/techmasterdemexico.com\\\/#website\"},\"primaryImageOfPage\":{\"@id\":\"https:\\\/\\\/techmasterdemexico.com\\\/producto\\\/sonda-de-superficie-tipo-k-fluke-80pk-3a\\\/#primaryimage\"},\"image\":{\"@id\":\"https:\\\/\\\/techmasterdemexico.com\\\/producto\\\/sonda-de-superficie-tipo-k-fluke-80pk-3a\\\/#primaryimage\"},\"thumbnailUrl\":\"https:\\\/\\\/techmasterdemexico.com\\\/wp-content\\\/uploads\\\/80PK-3A-Sonda-de-superficie-tipo-K.png\",\"datePublished\":\"2025-11-12T21:40:12+00:00\",\"breadcrumb\":{\"@id\":\"https:\\\/\\\/techmasterdemexico.com\\\/producto\\\/sonda-de-superficie-tipo-k-fluke-80pk-3a\\\/#breadcrumb\"},\"inLanguage\":\"en-US\",\"potentialAction\":[{\"@type\":\"ReadAction\",\"target\":[\"https:\\\/\\\/techmasterdemexico.com\\\/producto\\\/sonda-de-superficie-tipo-k-fluke-80pk-3a\\\/\"]}]},{\"@type\":\"ImageObject\",\"inLanguage\":\"en-US\",\"@id\":\"https:\\\/\\\/techmasterdemexico.com\\\/producto\\\/sonda-de-superficie-tipo-k-fluke-80pk-3a\\\/#primaryimage\",\"url\":\"https:\\\/\\\/techmasterdemexico.com\\\/wp-content\\\/uploads\\\/80PK-3A-Sonda-de-superficie-tipo-K.png\",\"contentUrl\":\"https:\\\/\\\/techmasterdemexico.com\\\/wp-content\\\/uploads\\\/80PK-3A-Sonda-de-superficie-tipo-K.png\",\"width\":1121,\"height\":1500},{\"@type\":\"BreadcrumbList\",\"@id\":\"https:\\\/\\\/techmasterdemexico.com\\\/producto\\\/sonda-de-superficie-tipo-k-fluke-80pk-3a\\\/#breadcrumb\",\"itemListElement\":[{\"@type\":\"ListItem\",\"position\":1,\"name\":\"Portada\",\"item\":\"https:\\\/\\\/techmasterdemexico.com\\\/\"},{\"@type\":\"ListItem\",\"position\":2,\"name\":\"Sonda de superficie (tipo K) Fluke 80PK-3A\"}]},{\"@type\":\"WebSite\",\"@id\":\"https:\\\/\\\/techmasterdemexico.com\\\/#website\",\"url\":\"https:\\\/\\\/techmasterdemexico.com\\\/\",\"name\":\"Techmaster de Mexico\",\"description\":\"\",\"potentialAction\":[{\"@type\":\"SearchAction\",\"target\":{\"@type\":\"EntryPoint\",\"urlTemplate\":\"https:\\\/\\\/techmasterdemexico.com\\\/?s={search_term_string}\"},\"query-input\":{\"@type\":\"PropertyValueSpecification\",\"valueRequired\":true,\"valueName\":\"search_term_string\"}}],\"inLanguage\":\"en-US\"}]}<\/script>\n<!-- \/ Yoast SEO plugin. -->","yoast_head_json":{"title":"Sonda de superficie (tipo K) Fluke 80PK-3A - Techmaster de Mexico","robots":{"index":"index","follow":"follow","max-snippet":"max-snippet:-1","max-image-preview":"max-image-preview:large","max-video-preview":"max-video-preview:-1"},"canonical":"https:\/\/techmasterdemexico.com\/producto\/sonda-de-superficie-tipo-k-fluke-80pk-3a\/","og_locale":"en_US","og_type":"article","og_title":"Sonda de superficie (tipo K) Fluke 80PK-3A - Techmaster de Mexico","og_description":"Rango de medici\u00f3n: de 0 a 260 \u00b0C  Un a\u00f1o de garant\u00eda","og_url":"https:\/\/techmasterdemexico.com\/producto\/sonda-de-superficie-tipo-k-fluke-80pk-3a\/","og_site_name":"Techmaster de Mexico","og_image":[{"width":1121,"height":1500,"url":"https:\/\/techmasterdemexico.com\/wp-content\/uploads\/80PK-3A-Sonda-de-superficie-tipo-K.png","type":"image\/png"}],"twitter_card":"summary_large_image","twitter_misc":{"Est. reading time":"1 minute"},"schema":{"@context":"https:\/\/schema.org","@graph":[{"@type":"WebPage","@id":"https:\/\/techmasterdemexico.com\/producto\/sonda-de-superficie-tipo-k-fluke-80pk-3a\/","url":"https:\/\/techmasterdemexico.com\/producto\/sonda-de-superficie-tipo-k-fluke-80pk-3a\/","name":"Sonda de superficie (tipo K) Fluke 80PK-3A - Techmaster de Mexico","isPartOf":{"@id":"https:\/\/techmasterdemexico.com\/#website"},"primaryImageOfPage":{"@id":"https:\/\/techmasterdemexico.com\/producto\/sonda-de-superficie-tipo-k-fluke-80pk-3a\/#primaryimage"},"image":{"@id":"https:\/\/techmasterdemexico.com\/producto\/sonda-de-superficie-tipo-k-fluke-80pk-3a\/#primaryimage"},"thumbnailUrl":"https:\/\/techmasterdemexico.com\/wp-content\/uploads\/80PK-3A-Sonda-de-superficie-tipo-K.png","datePublished":"2025-11-12T21:40:12+00:00","breadcrumb":{"@id":"https:\/\/techmasterdemexico.com\/producto\/sonda-de-superficie-tipo-k-fluke-80pk-3a\/#breadcrumb"},"inLanguage":"en-US","potentialAction":[{"@type":"ReadAction","target":["https:\/\/techmasterdemexico.com\/producto\/sonda-de-superficie-tipo-k-fluke-80pk-3a\/"]}]},{"@type":"ImageObject","inLanguage":"en-US","@id":"https:\/\/techmasterdemexico.com\/producto\/sonda-de-superficie-tipo-k-fluke-80pk-3a\/#primaryimage","url":"https:\/\/techmasterdemexico.com\/wp-content\/uploads\/80PK-3A-Sonda-de-superficie-tipo-K.png","contentUrl":"https:\/\/techmasterdemexico.com\/wp-content\/uploads\/80PK-3A-Sonda-de-superficie-tipo-K.png","width":1121,"height":1500},{"@type":"BreadcrumbList","@id":"https:\/\/techmasterdemexico.com\/producto\/sonda-de-superficie-tipo-k-fluke-80pk-3a\/#breadcrumb","itemListElement":[{"@type":"ListItem","position":1,"name":"Portada","item":"https:\/\/techmasterdemexico.com\/"},{"@type":"ListItem","position":2,"name":"Sonda de superficie (tipo K) Fluke 80PK-3A"}]},{"@type":"WebSite","@id":"https:\/\/techmasterdemexico.com\/#website","url":"https:\/\/techmasterdemexico.com\/","name":"Techmaster de Mexico","description":"","potentialAction":[{"@type":"SearchAction","target":{"@type":"EntryPoint","urlTemplate":"https:\/\/techmasterdemexico.com\/?s={search_term_string}"},"query-input":{"@type":"PropertyValueSpecification","valueRequired":true,"valueName":"search_term_string"}}],"inLanguage":"en-US"}]}},"brands":[{"id":31,"name":"Fluke","slug":"fluke"}],"_links":{"self":[{"href":"https:\/\/techmasterdemexico.com\/en\/wp-json\/wp\/v2\/product\/24268","targetHints":{"allow":["GET"]}}],"collection":[{"href":"https:\/\/techmasterdemexico.com\/en\/wp-json\/wp\/v2\/product"}],"about":[{"href":"https:\/\/techmasterdemexico.com\/en\/wp-json\/wp\/v2\/types\/product"}],"wp:featuredmedia":[{"embeddable":true,"href":"https:\/\/techmasterdemexico.com\/en\/wp-json\/wp\/v2\/media\/24270"}],"wp:attachment":[{"href":"https:\/\/techmasterdemexico.com\/en\/wp-json\/wp\/v2\/media?parent=24268"}],"wp:term":[{"taxonomy":"pwb-brand","embeddable":true,"href":"https:\/\/techmasterdemexico.com\/en\/wp-json\/wp\/v2\/pwb-brand?post=24268"},{"taxonomy":"product_brand","embeddable":true,"href":"https:\/\/techmasterdemexico.com\/en\/wp-json\/wp\/v2\/product_brand?post=24268"},{"taxonomy":"product_cat","embeddable":true,"href":"https:\/\/techmasterdemexico.com\/en\/wp-json\/wp\/v2\/product_cat?post=24268"},{"taxonomy":"product_tag","embeddable":true,"href":"https:\/\/techmasterdemexico.com\/en\/wp-json\/wp\/v2\/product_tag?post=24268"}],"curies":[{"name":"wp","href":"https:\/\/api.w.org\/{rel}","templated":true}]}}