{"id":24265,"date":"2025-11-12T14:37:04","date_gmt":"2025-11-12T21:37:04","guid":{"rendered":"https:\/\/techmasterdemexico.com\/?post_type=product&#038;p=24265"},"modified":"2025-11-12T14:37:04","modified_gmt":"2025-11-12T21:37:04","slug":"estuche-rigido-fluke-c37xt","status":"publish","type":"product","link":"https:\/\/techmasterdemexico.com\/en\/producto\/estuche-rigido-fluke-c37xt\/","title":{"rendered":"Estuche r\u00edgido Fluke C37XT"},"content":{"rendered":"<p>El estuche r\u00edgido Fluke C37XT para protecci\u00f3n en espuma EVA est\u00e1 dise\u00f1ado para transportar la mayor\u00eda de los mult\u00edmetros e instrumentos de tama\u00f1o similar. El estuche est\u00e1 fabricado con espuma EVA 600D de alta calidad y dise\u00f1ado para contener instrumentos y accesorios. El estuche dispone en su interior de un divisor con bisagras y correas ajustables para mantener los instrumentos en su lugar. En el lado opuesto del divisor dispone de correas y bolsillos adicionales con espacio para varios accesorios, como un iFlex y cables de prueba.<\/p>\n<p>\u00bfQu\u00e9 productos se adaptan al estuche<\/p>\n<ul>\n<li>Mult\u00edmetro para aplicaciones industriales de respuesta promedio Fluke 83V<\/li>\n<li>Mult\u00edmetro industrial Fluke 87V<\/li>\n<li>Mult\u00edmetro para automoci\u00f3n Fluke 88V Deluxe<\/li>\n<li>Comprobador el\u00e9ctrico Fluke T+<\/li>\n<li>Comprobador el\u00e9ctrico Fluke T+Pro<\/li>\n<li>Comprobadores de tensi\u00f3n y continuidad de dos polos de Fluke<\/li>\n<li>Mult\u00edmetro inal\u00e1mbrico Fluke 3000 FC<\/li>\n<li>Mult\u00edmetro termogr\u00e1fico de verdadero valor eficaz Fluke 279 FC<\/li>\n<li>Comprobador de aislamiento Fluke 1507<\/li>\n<li>Mult\u00edmetro de aislamiento Fluke 1577<\/li>\n<li>Mult\u00edmetro de aislamiento Fluke 1587 FC<\/li>\n<li>Mult\u00edmetro digital resistente Fluke 27 II<\/li>\n<li>Mult\u00edmetro digital resistente Fluke 28 II<\/li>\n<li>Mult\u00edmetro digital Fluke 77 IV<\/li>\n<li>Calibrador de termopar Fluke 714B<\/li>\n<li>Calibrador VmA Fluke 715<\/li>\n<li>Calibrador de temperatura Fluke 724<\/li>\n<li>Fluke 787B ProcessMeter\u2122<\/li>\n<li>Fluke 789 ProcessMeter\u2122<\/li>\n<\/ul>\n","protected":false},"excerpt":{"rendered":"<ul>\n<li>Estuche resistente de espuma EVA de 315 x 174 mm para proteger sus instrumentos y accesorios<\/li>\n<li>Divisor con bisagras y correas ajustables para mantener los instrumentos en su lugar<\/li>\n<li>Bolsillos adicionales con espacio para incluir la mayor\u00eda de accesorios<\/li>\n<li>Mango de transporte y cremalleras para una mayor comodidad<\/li>\n<li>Un a\u00f1o de garant\u00eda<\/li>\n<\/ul>\n","protected":false},"featured_media":24266,"template":"","meta":{"_acf_changed":false},"pwb-brand":[31],"product_brand":[],"product_cat":[366,118,124,30],"product_tag":[],"class_list":{"0":"post-24265","1":"product","2":"type-product","3":"status-publish","4":"has-post-thumbnail","6":"pwb-brand-fluke","7":"product_cat-todos-los-productos","8":"product_cat-accesorios-fluke","9":"product_cat-estuches-y-fundas","10":"product_cat-fluke","12":"first","13":"instock","14":"taxable","15":"shipping-taxable","16":"product-type-simple"},"acf":[],"yoast_head":"<!-- This site is optimized with the Yoast SEO plugin v27.5 - https:\/\/yoast.com\/product\/yoast-seo-wordpress\/ -->\n<title>Estuche r\u00edgido Fluke C37XT - Techmaster de Mexico<\/title>\n<meta name=\"robots\" content=\"index, follow, max-snippet:-1, max-image-preview:large, max-video-preview:-1\" \/>\n<link rel=\"canonical\" href=\"https:\/\/techmasterdemexico.com\/producto\/estuche-rigido-fluke-c37xt\/\" \/>\n<meta property=\"og:locale\" content=\"en_US\" \/>\n<meta property=\"og:type\" content=\"article\" \/>\n<meta property=\"og:title\" content=\"Estuche r\u00edgido Fluke C37XT - Techmaster de Mexico\" \/>\n<meta property=\"og:description\" content=\"Estuche resistente de espuma EVA de 315 x 174 mm para proteger sus instrumentos y accesorios  Divisor con bisagras y correas ajustables para mantener los instrumentos en su lugar  Bolsillos adicionales con espacio para incluir la mayor\u00eda de accesorios  Mango de transporte y cremalleras para una mayor comodidad  Un a\u00f1o de garant\u00eda\" \/>\n<meta property=\"og:url\" content=\"https:\/\/techmasterdemexico.com\/producto\/estuche-rigido-fluke-c37xt\/\" \/>\n<meta property=\"og:site_name\" content=\"Techmaster de Mexico\" \/>\n<meta property=\"og:image\" content=\"https:\/\/techmasterdemexico.com\/wp-content\/uploads\/Estuche-ri\u0301gido-de-espuma-EVA-Fluke-C37XT-para-proteccio\u0301n-de-instrumentos.png\" \/>\n\t<meta property=\"og:image:width\" content=\"920\" \/>\n\t<meta property=\"og:image:height\" content=\"920\" \/>\n\t<meta property=\"og:image:type\" content=\"image\/png\" \/>\n<meta name=\"twitter:card\" content=\"summary_large_image\" \/>\n<meta name=\"twitter:label1\" content=\"Est. reading time\" \/>\n\t<meta name=\"twitter:data1\" content=\"2 minutes\" \/>\n<script type=\"application\/ld+json\" class=\"yoast-schema-graph\">{\"@context\":\"https:\\\/\\\/schema.org\",\"@graph\":[{\"@type\":\"WebPage\",\"@id\":\"https:\\\/\\\/techmasterdemexico.com\\\/producto\\\/estuche-rigido-fluke-c37xt\\\/\",\"url\":\"https:\\\/\\\/techmasterdemexico.com\\\/producto\\\/estuche-rigido-fluke-c37xt\\\/\",\"name\":\"Estuche r\u00edgido Fluke C37XT - Techmaster de Mexico\",\"isPartOf\":{\"@id\":\"https:\\\/\\\/techmasterdemexico.com\\\/#website\"},\"primaryImageOfPage\":{\"@id\":\"https:\\\/\\\/techmasterdemexico.com\\\/producto\\\/estuche-rigido-fluke-c37xt\\\/#primaryimage\"},\"image\":{\"@id\":\"https:\\\/\\\/techmasterdemexico.com\\\/producto\\\/estuche-rigido-fluke-c37xt\\\/#primaryimage\"},\"thumbnailUrl\":\"https:\\\/\\\/techmasterdemexico.com\\\/wp-content\\\/uploads\\\/Estuche-ri\u0301gido-de-espuma-EVA-Fluke-C37XT-para-proteccio\u0301n-de-instrumentos.png\",\"datePublished\":\"2025-11-12T21:37:04+00:00\",\"breadcrumb\":{\"@id\":\"https:\\\/\\\/techmasterdemexico.com\\\/producto\\\/estuche-rigido-fluke-c37xt\\\/#breadcrumb\"},\"inLanguage\":\"en-US\",\"potentialAction\":[{\"@type\":\"ReadAction\",\"target\":[\"https:\\\/\\\/techmasterdemexico.com\\\/producto\\\/estuche-rigido-fluke-c37xt\\\/\"]}]},{\"@type\":\"ImageObject\",\"inLanguage\":\"en-US\",\"@id\":\"https:\\\/\\\/techmasterdemexico.com\\\/producto\\\/estuche-rigido-fluke-c37xt\\\/#primaryimage\",\"url\":\"https:\\\/\\\/techmasterdemexico.com\\\/wp-content\\\/uploads\\\/Estuche-ri\u0301gido-de-espuma-EVA-Fluke-C37XT-para-proteccio\u0301n-de-instrumentos.png\",\"contentUrl\":\"https:\\\/\\\/techmasterdemexico.com\\\/wp-content\\\/uploads\\\/Estuche-ri\u0301gido-de-espuma-EVA-Fluke-C37XT-para-proteccio\u0301n-de-instrumentos.png\",\"width\":920,\"height\":920},{\"@type\":\"BreadcrumbList\",\"@id\":\"https:\\\/\\\/techmasterdemexico.com\\\/producto\\\/estuche-rigido-fluke-c37xt\\\/#breadcrumb\",\"itemListElement\":[{\"@type\":\"ListItem\",\"position\":1,\"name\":\"Portada\",\"item\":\"https:\\\/\\\/techmasterdemexico.com\\\/\"},{\"@type\":\"ListItem\",\"position\":2,\"name\":\"Estuche r\u00edgido Fluke C37XT\"}]},{\"@type\":\"WebSite\",\"@id\":\"https:\\\/\\\/techmasterdemexico.com\\\/#website\",\"url\":\"https:\\\/\\\/techmasterdemexico.com\\\/\",\"name\":\"Techmaster de Mexico\",\"description\":\"\",\"potentialAction\":[{\"@type\":\"SearchAction\",\"target\":{\"@type\":\"EntryPoint\",\"urlTemplate\":\"https:\\\/\\\/techmasterdemexico.com\\\/?s={search_term_string}\"},\"query-input\":{\"@type\":\"PropertyValueSpecification\",\"valueRequired\":true,\"valueName\":\"search_term_string\"}}],\"inLanguage\":\"en-US\"}]}<\/script>\n<!-- \/ Yoast SEO plugin. -->","yoast_head_json":{"title":"Estuche r\u00edgido Fluke C37XT - Techmaster de Mexico","robots":{"index":"index","follow":"follow","max-snippet":"max-snippet:-1","max-image-preview":"max-image-preview:large","max-video-preview":"max-video-preview:-1"},"canonical":"https:\/\/techmasterdemexico.com\/producto\/estuche-rigido-fluke-c37xt\/","og_locale":"en_US","og_type":"article","og_title":"Estuche r\u00edgido Fluke C37XT - Techmaster de Mexico","og_description":"Estuche resistente de espuma EVA de 315 x 174 mm para proteger sus instrumentos y accesorios  Divisor con bisagras y correas ajustables para mantener los instrumentos en su lugar  Bolsillos adicionales con espacio para incluir la mayor\u00eda de accesorios  Mango de transporte y cremalleras para una mayor comodidad  Un a\u00f1o de garant\u00eda","og_url":"https:\/\/techmasterdemexico.com\/producto\/estuche-rigido-fluke-c37xt\/","og_site_name":"Techmaster de Mexico","og_image":[{"width":920,"height":920,"url":"https:\/\/techmasterdemexico.com\/wp-content\/uploads\/Estuche-ri\u0301gido-de-espuma-EVA-Fluke-C37XT-para-proteccio\u0301n-de-instrumentos.png","type":"image\/png"}],"twitter_card":"summary_large_image","twitter_misc":{"Est. reading time":"2 minutes"},"schema":{"@context":"https:\/\/schema.org","@graph":[{"@type":"WebPage","@id":"https:\/\/techmasterdemexico.com\/producto\/estuche-rigido-fluke-c37xt\/","url":"https:\/\/techmasterdemexico.com\/producto\/estuche-rigido-fluke-c37xt\/","name":"Estuche r\u00edgido Fluke C37XT - Techmaster de Mexico","isPartOf":{"@id":"https:\/\/techmasterdemexico.com\/#website"},"primaryImageOfPage":{"@id":"https:\/\/techmasterdemexico.com\/producto\/estuche-rigido-fluke-c37xt\/#primaryimage"},"image":{"@id":"https:\/\/techmasterdemexico.com\/producto\/estuche-rigido-fluke-c37xt\/#primaryimage"},"thumbnailUrl":"https:\/\/techmasterdemexico.com\/wp-content\/uploads\/Estuche-ri\u0301gido-de-espuma-EVA-Fluke-C37XT-para-proteccio\u0301n-de-instrumentos.png","datePublished":"2025-11-12T21:37:04+00:00","breadcrumb":{"@id":"https:\/\/techmasterdemexico.com\/producto\/estuche-rigido-fluke-c37xt\/#breadcrumb"},"inLanguage":"en-US","potentialAction":[{"@type":"ReadAction","target":["https:\/\/techmasterdemexico.com\/producto\/estuche-rigido-fluke-c37xt\/"]}]},{"@type":"ImageObject","inLanguage":"en-US","@id":"https:\/\/techmasterdemexico.com\/producto\/estuche-rigido-fluke-c37xt\/#primaryimage","url":"https:\/\/techmasterdemexico.com\/wp-content\/uploads\/Estuche-ri\u0301gido-de-espuma-EVA-Fluke-C37XT-para-proteccio\u0301n-de-instrumentos.png","contentUrl":"https:\/\/techmasterdemexico.com\/wp-content\/uploads\/Estuche-ri\u0301gido-de-espuma-EVA-Fluke-C37XT-para-proteccio\u0301n-de-instrumentos.png","width":920,"height":920},{"@type":"BreadcrumbList","@id":"https:\/\/techmasterdemexico.com\/producto\/estuche-rigido-fluke-c37xt\/#breadcrumb","itemListElement":[{"@type":"ListItem","position":1,"name":"Portada","item":"https:\/\/techmasterdemexico.com\/"},{"@type":"ListItem","position":2,"name":"Estuche r\u00edgido Fluke C37XT"}]},{"@type":"WebSite","@id":"https:\/\/techmasterdemexico.com\/#website","url":"https:\/\/techmasterdemexico.com\/","name":"Techmaster de Mexico","description":"","potentialAction":[{"@type":"SearchAction","target":{"@type":"EntryPoint","urlTemplate":"https:\/\/techmasterdemexico.com\/?s={search_term_string}"},"query-input":{"@type":"PropertyValueSpecification","valueRequired":true,"valueName":"search_term_string"}}],"inLanguage":"en-US"}]}},"brands":[{"id":31,"name":"Fluke","slug":"fluke"}],"_links":{"self":[{"href":"https:\/\/techmasterdemexico.com\/en\/wp-json\/wp\/v2\/product\/24265","targetHints":{"allow":["GET"]}}],"collection":[{"href":"https:\/\/techmasterdemexico.com\/en\/wp-json\/wp\/v2\/product"}],"about":[{"href":"https:\/\/techmasterdemexico.com\/en\/wp-json\/wp\/v2\/types\/product"}],"wp:featuredmedia":[{"embeddable":true,"href":"https:\/\/techmasterdemexico.com\/en\/wp-json\/wp\/v2\/media\/24266"}],"wp:attachment":[{"href":"https:\/\/techmasterdemexico.com\/en\/wp-json\/wp\/v2\/media?parent=24265"}],"wp:term":[{"taxonomy":"pwb-brand","embeddable":true,"href":"https:\/\/techmasterdemexico.com\/en\/wp-json\/wp\/v2\/pwb-brand?post=24265"},{"taxonomy":"product_brand","embeddable":true,"href":"https:\/\/techmasterdemexico.com\/en\/wp-json\/wp\/v2\/product_brand?post=24265"},{"taxonomy":"product_cat","embeddable":true,"href":"https:\/\/techmasterdemexico.com\/en\/wp-json\/wp\/v2\/product_cat?post=24265"},{"taxonomy":"product_tag","embeddable":true,"href":"https:\/\/techmasterdemexico.com\/en\/wp-json\/wp\/v2\/product_tag?post=24265"}],"curies":[{"name":"wp","href":"https:\/\/api.w.org\/{rel}","templated":true}]}}